{"id":12639,"date":"2025-03-20T09:28:44","date_gmt":"2025-03-20T12:28:44","guid":{"rendered":"https:\/\/deputadotaveirajr.com.br\/index.php\/outono-deve-ter-chuva-dentro-da-normalidade-no-rn-aponta-meteorologista\/"},"modified":"2025-03-20T09:28:44","modified_gmt":"2025-03-20T12:28:44","slug":"outono-deve-ter-chuva-dentro-da-normalidade-no-rn-aponta-meteorologista","status":"publish","type":"page","link":"https:\/\/deputadotaveirajr.com.br\/index.php\/outono-deve-ter-chuva-dentro-da-normalidade-no-rn-aponta-meteorologista\/","title":{"rendered":"Outono deve ter chuva dentro da normalidade no RN, aponta meteorologista"},"content":{"rendered":"<p><img decoding=\"async\" src=\"https:\/\/s2-g1.glbimg.com\/JaTAfNmL1x0Np2Vm9qeynxx_tUA=\/i.s3.glbimg.com\/v1\/AUTH_59edd422c0c84a879bd37670ae4f538a\/internal_photos\/bs\/2025\/r\/h\/wFEGGTToa90e6TmTahGA\/outono-ii.jpg\" \/><br \/>     Esta\u00e7\u00e3o come\u00e7ou \u00e0s 6h01 desta quinta-feira (20) e se prolonga at\u00e9 \u00e0s 23h42 de 20 de junho. Outono come\u00e7a com tend\u00eancia de ter mais dias quentes do que frios<br \/>\n\ud83c\udf41 O outono come\u00e7ou \u00e0s 6h01 desta quinta-feira (20) e deve ser de chuvas dentro da normalidade no Rio Grande do Norte. A transi\u00e7\u00e3o entre o ver\u00e3o e o inverno vai se estender at\u00e9 \u00e0s 23h42 de 20 de junho.<br \/>\nDe acordo com o meteorologista Gilmar Bristot, o outono no RN ser\u00e1 com condi\u00e7\u00f5es normais de chuvas.<br \/>\n&#8220;Ser\u00e1 uma esta\u00e7\u00e3o com chuvas, que \u00e9 normal chover aqui no litoral nos meses de mar\u00e7o, abril, maio e junho, e em junho come\u00e7o e inverno. Ent\u00e3o o litoral ter\u00e1 chuvas, pelo menos, at\u00e9 meados de julho e in\u00edcio de agosto&#8221;, explicou.<br \/>\n\ud83d\udcf3Participe do canal do g1 RN no WhatsApp<br \/>\nDe acordo com o Climatempo, para a costa leste do Nordeste, o outono marca o per\u00edodo mais chuvoso do ano. Epis\u00f3dios de chuva forte e volumosa s\u00e3o muito comuns nas capitais: Salvador, Aracaju, Macei\u00f3, Recife, Jo\u00e3o Pessoa e Natal.<br \/>\nPara o Rio Grande do Norte, a previs\u00e3o \u00e9 de que a temperatura no outono fique dentro a um pouco acima da m\u00e9dia.<br \/>\n\u2600\ufe0f\u2744\ufe0f O que define o hor\u00e1rio de mudan\u00e7a das esta\u00e7\u00f5es<br \/>\n\u00c9 a astronomia, e n\u00e3o a meteorologia, que determina a hora exata da transi\u00e7\u00e3o entre as esta\u00e7\u00f5es do ano. A defini\u00e7\u00e3o tem a ver com movimento de transla\u00e7\u00e3o da Terra ao redor do Sol. \u00c0s 6h01, aconteceu o equin\u00f3cio (momento em que os raios de sol incidem igualmente nos dois hemisf\u00e9rios).<br \/>\nA palavra usada para definir o fen\u00f4meno tem origem no latim &#8220;aequinoctium&#8221;. O termo teria surgido a partir da jun\u00e7\u00e3o das palavras equus (igual) e nox (noite), significando literalmente &#8220;noites iguais&#8221;.<br \/>\n\ud83c\udf0e O equin\u00f3cio \u00e9 um fen\u00f4meno astron\u00f4mico acontece duas vezes ao ano;<br \/>\n\u2600\ufe0fEle marca a posi\u00e7\u00e3o do Sol em rela\u00e7\u00e3o \u00e0 Terra e sinaliza o in\u00edcio do outono e da primavera.<br \/>\n\ud83c\udf07 Em um equin\u00f3cio, o dia e a noite t\u00eam a mesma dura\u00e7\u00e3o, tanto no Hemisf\u00e9rio Sul quanto no Hemisf\u00e9rio Norte.<br \/>\nE o solst\u00edcio?<br \/>\nAl\u00e9m dos equin\u00f3cios, existe um outro fen\u00f4meno astron\u00f4mico que acontece no in\u00edcio do ver\u00e3o e do inverno, o solst\u00edcio \u2014 que tamb\u00e9m vem do latim e significa &#8220;sol parado&#8221;.<br \/>\nO solst\u00edcio de ver\u00e3o marca dia mais longo do ano, que \u00e9 sempre o primeiro dia da esta\u00e7\u00e3o. J\u00e1 o solst\u00edcio de inverno marca o dia mais curto do ano e, consequentemente, a noite mais longa, tamb\u00e9m na chegada da esta\u00e7\u00e3o.<br \/>\nOutono<br \/>\nOmar Freitas\/Ag\u00eancia RBS<\/p>","protected":false},"excerpt":{"rendered":"<p>Esta\u00e7\u00e3o come\u00e7ou \u00e0s 6h01 desta quinta-feira (20) e se prolonga at\u00e9 \u00e0s 23h42 de 20 de junho. Outono come\u00e7a com tend\u00eancia de ter mais dias quentes do que frios \ud83c\udf41 &#8230;<\/p>\n","protected":false},"author":0,"featured_media":12640,"parent":0,"menu_order":0,"comment_status":"closed","ping_status":"closed","template":"","meta":{"footnotes":""},"class_list":["post-12639","page","type-page","status-publish","has-post-thumbnail","hentry"],"yoast_head":"<!-- This site is optimized with the Yoast SEO plugin v27.1.1 - https:\/\/yoast.com\/product\/yoast-seo-wordpress\/ -->\n<title>Outono deve ter chuva dentro da normalidade no RN, aponta meteorologista - Taveira Jr<\/title>\n<meta name=\"robots\" content=\"index, follow, max-snippet:-1, max-image-preview:large, max-video-preview:-1\" \/>\n<link rel=\"canonical\" href=\"https:\/\/deputadotaveirajr.com.br\/index.php\/outono-deve-ter-chuva-dentro-da-normalidade-no-rn-aponta-meteorologista\/\" \/>\n<meta property=\"og:locale\" content=\"pt_BR\" \/>\n<meta property=\"og:type\" content=\"article\" \/>\n<meta property=\"og:title\" content=\"Outono deve ter chuva dentro da normalidade no RN, aponta meteorologista - Taveira Jr\" \/>\n<meta property=\"og:description\" content=\"Esta\u00e7\u00e3o come\u00e7ou \u00e0s 6h01 desta quinta-feira (20) e se prolonga at\u00e9 \u00e0s 23h42 de 20 de junho. Outono come\u00e7a com tend\u00eancia de ter mais dias quentes do que frios \ud83c\udf41 ...\" \/>\n<meta property=\"og:url\" content=\"https:\/\/deputadotaveirajr.com.br\/index.php\/outono-deve-ter-chuva-dentro-da-normalidade-no-rn-aponta-meteorologista\/\" \/>\n<meta property=\"og:site_name\" content=\"Taveira Jr\" \/>\n<meta property=\"og:image\" content=\"https:\/\/s2-g1.glbimg.com\/JaTAfNmL1x0Np2Vm9qeynxx_tUA=\/i.s3.glbimg.com\/v1\/AUTH_59edd422c0c84a879bd37670ae4f538a\/internal_photos\/bs\/2025\/r\/h\/wFEGGTToa90e6TmTahGA\/outono-ii.jpg\" \/>\n<meta name=\"twitter:card\" content=\"summary_large_image\" \/>\n<meta name=\"twitter:label1\" content=\"Est. tempo de leitura\" \/>\n\t<meta name=\"twitter:data1\" content=\"2 minutos\" \/>\n<script type=\"application\/ld+json\" class=\"yoast-schema-graph\">{\"@context\":\"https:\/\/schema.org\",\"@graph\":[{\"@type\":\"WebPage\",\"@id\":\"https:\/\/deputadotaveirajr.com.br\/index.php\/outono-deve-ter-chuva-dentro-da-normalidade-no-rn-aponta-meteorologista\/\",\"url\":\"https:\/\/deputadotaveirajr.com.br\/index.php\/outono-deve-ter-chuva-dentro-da-normalidade-no-rn-aponta-meteorologista\/\",\"name\":\"Outono deve ter chuva dentro da normalidade no RN, aponta meteorologista - Taveira Jr\",\"isPartOf\":{\"@id\":\"https:\/\/deputadotaveirajr.com.br\/#website\"},\"primaryImageOfPage\":{\"@id\":\"https:\/\/deputadotaveirajr.com.br\/index.php\/outono-deve-ter-chuva-dentro-da-normalidade-no-rn-aponta-meteorologista\/#primaryimage\"},\"image\":{\"@id\":\"https:\/\/deputadotaveirajr.com.br\/index.php\/outono-deve-ter-chuva-dentro-da-normalidade-no-rn-aponta-meteorologista\/#primaryimage\"},\"thumbnailUrl\":\"https:\/\/deputadotaveirajr.com.br\/wp-content\/uploads\/2025\/03\/outono-ii-kjBjlh.jpeg\",\"datePublished\":\"2025-03-20T12:28:44+00:00\",\"breadcrumb\":{\"@id\":\"https:\/\/deputadotaveirajr.com.br\/index.php\/outono-deve-ter-chuva-dentro-da-normalidade-no-rn-aponta-meteorologista\/#breadcrumb\"},\"inLanguage\":\"pt-BR\",\"potentialAction\":[{\"@type\":\"ReadAction\",\"target\":[\"https:\/\/deputadotaveirajr.com.br\/index.php\/outono-deve-ter-chuva-dentro-da-normalidade-no-rn-aponta-meteorologista\/\"]}]},{\"@type\":\"ImageObject\",\"inLanguage\":\"pt-BR\",\"@id\":\"https:\/\/deputadotaveirajr.com.br\/index.php\/outono-deve-ter-chuva-dentro-da-normalidade-no-rn-aponta-meteorologista\/#primaryimage\",\"url\":\"https:\/\/deputadotaveirajr.com.br\/wp-content\/uploads\/2025\/03\/outono-ii-kjBjlh.jpeg\",\"contentUrl\":\"https:\/\/deputadotaveirajr.com.br\/wp-content\/uploads\/2025\/03\/outono-ii-kjBjlh.jpeg\",\"width\":610,\"height\":406},{\"@type\":\"BreadcrumbList\",\"@id\":\"https:\/\/deputadotaveirajr.com.br\/index.php\/outono-deve-ter-chuva-dentro-da-normalidade-no-rn-aponta-meteorologista\/#breadcrumb\",\"itemListElement\":[{\"@type\":\"ListItem\",\"position\":1,\"name\":\"In\u00edcio\",\"item\":\"https:\/\/deputadotaveirajr.com.br\/\"},{\"@type\":\"ListItem\",\"position\":2,\"name\":\"Outono deve ter chuva dentro da normalidade no RN, aponta meteorologista\"}]},{\"@type\":\"WebSite\",\"@id\":\"https:\/\/deputadotaveirajr.com.br\/#website\",\"url\":\"https:\/\/deputadotaveirajr.com.br\/\",\"name\":\"Taveira Jr\",\"description\":\"Deputado Estadual\",\"publisher\":{\"@id\":\"https:\/\/deputadotaveirajr.com.br\/#organization\"},\"potentialAction\":[{\"@type\":\"SearchAction\",\"target\":{\"@type\":\"EntryPoint\",\"urlTemplate\":\"https:\/\/deputadotaveirajr.com.br\/?s={search_term_string}\"},\"query-input\":{\"@type\":\"PropertyValueSpecification\",\"valueRequired\":true,\"valueName\":\"search_term_string\"}}],\"inLanguage\":\"pt-BR\"},{\"@type\":\"Organization\",\"@id\":\"https:\/\/deputadotaveirajr.com.br\/#organization\",\"name\":\"Taveira Jr\",\"url\":\"https:\/\/deputadotaveirajr.com.br\/\",\"logo\":{\"@type\":\"ImageObject\",\"inLanguage\":\"pt-BR\",\"@id\":\"https:\/\/deputadotaveirajr.com.br\/#\/schema\/logo\/image\/\",\"url\":\"https:\/\/deputadotaveirajr.com.br\/wp-content\/uploads\/2026\/01\/logolow2a.png\",\"contentUrl\":\"https:\/\/deputadotaveirajr.com.br\/wp-content\/uploads\/2026\/01\/logolow2a.png\",\"width\":290,\"height\":80,\"caption\":\"Taveira Jr\"},\"image\":{\"@id\":\"https:\/\/deputadotaveirajr.com.br\/#\/schema\/logo\/image\/\"}}]}<\/script>\n<!-- \/ Yoast SEO plugin. -->","yoast_head_json":{"title":"Outono deve ter chuva dentro da normalidade no RN, aponta meteorologista - Taveira Jr","robots":{"index":"index","follow":"follow","max-snippet":"max-snippet:-1","max-image-preview":"max-image-preview:large","max-video-preview":"max-video-preview:-1"},"canonical":"https:\/\/deputadotaveirajr.com.br\/index.php\/outono-deve-ter-chuva-dentro-da-normalidade-no-rn-aponta-meteorologista\/","og_locale":"pt_BR","og_type":"article","og_title":"Outono deve ter chuva dentro da normalidade no RN, aponta meteorologista - Taveira Jr","og_description":"Esta\u00e7\u00e3o come\u00e7ou \u00e0s 6h01 desta quinta-feira (20) e se prolonga at\u00e9 \u00e0s 23h42 de 20 de junho. Outono come\u00e7a com tend\u00eancia de ter mais dias quentes do que frios \ud83c\udf41 ...","og_url":"https:\/\/deputadotaveirajr.com.br\/index.php\/outono-deve-ter-chuva-dentro-da-normalidade-no-rn-aponta-meteorologista\/","og_site_name":"Taveira Jr","og_image":[{"url":"https:\/\/s2-g1.glbimg.com\/JaTAfNmL1x0Np2Vm9qeynxx_tUA=\/i.s3.glbimg.com\/v1\/AUTH_59edd422c0c84a879bd37670ae4f538a\/internal_photos\/bs\/2025\/r\/h\/wFEGGTToa90e6TmTahGA\/outono-ii.jpg","type":"","width":"","height":""}],"twitter_card":"summary_large_image","twitter_misc":{"Est. tempo de leitura":"2 minutos"},"schema":{"@context":"https:\/\/schema.org","@graph":[{"@type":"WebPage","@id":"https:\/\/deputadotaveirajr.com.br\/index.php\/outono-deve-ter-chuva-dentro-da-normalidade-no-rn-aponta-meteorologista\/","url":"https:\/\/deputadotaveirajr.com.br\/index.php\/outono-deve-ter-chuva-dentro-da-normalidade-no-rn-aponta-meteorologista\/","name":"Outono deve ter chuva dentro da normalidade no RN, aponta meteorologista - Taveira Jr","isPartOf":{"@id":"https:\/\/deputadotaveirajr.com.br\/#website"},"primaryImageOfPage":{"@id":"https:\/\/deputadotaveirajr.com.br\/index.php\/outono-deve-ter-chuva-dentro-da-normalidade-no-rn-aponta-meteorologista\/#primaryimage"},"image":{"@id":"https:\/\/deputadotaveirajr.com.br\/index.php\/outono-deve-ter-chuva-dentro-da-normalidade-no-rn-aponta-meteorologista\/#primaryimage"},"thumbnailUrl":"https:\/\/deputadotaveirajr.com.br\/wp-content\/uploads\/2025\/03\/outono-ii-kjBjlh.jpeg","datePublished":"2025-03-20T12:28:44+00:00","breadcrumb":{"@id":"https:\/\/deputadotaveirajr.com.br\/index.php\/outono-deve-ter-chuva-dentro-da-normalidade-no-rn-aponta-meteorologista\/#breadcrumb"},"inLanguage":"pt-BR","potentialAction":[{"@type":"ReadAction","target":["https:\/\/deputadotaveirajr.com.br\/index.php\/outono-deve-ter-chuva-dentro-da-normalidade-no-rn-aponta-meteorologista\/"]}]},{"@type":"ImageObject","inLanguage":"pt-BR","@id":"https:\/\/deputadotaveirajr.com.br\/index.php\/outono-deve-ter-chuva-dentro-da-normalidade-no-rn-aponta-meteorologista\/#primaryimage","url":"https:\/\/deputadotaveirajr.com.br\/wp-content\/uploads\/2025\/03\/outono-ii-kjBjlh.jpeg","contentUrl":"https:\/\/deputadotaveirajr.com.br\/wp-content\/uploads\/2025\/03\/outono-ii-kjBjlh.jpeg","width":610,"height":406},{"@type":"BreadcrumbList","@id":"https:\/\/deputadotaveirajr.com.br\/index.php\/outono-deve-ter-chuva-dentro-da-normalidade-no-rn-aponta-meteorologista\/#breadcrumb","itemListElement":[{"@type":"ListItem","position":1,"name":"In\u00edcio","item":"https:\/\/deputadotaveirajr.com.br\/"},{"@type":"ListItem","position":2,"name":"Outono deve ter chuva dentro da normalidade no RN, aponta meteorologista"}]},{"@type":"WebSite","@id":"https:\/\/deputadotaveirajr.com.br\/#website","url":"https:\/\/deputadotaveirajr.com.br\/","name":"Taveira Jr","description":"Deputado Estadual","publisher":{"@id":"https:\/\/deputadotaveirajr.com.br\/#organization"},"potentialAction":[{"@type":"SearchAction","target":{"@type":"EntryPoint","urlTemplate":"https:\/\/deputadotaveirajr.com.br\/?s={search_term_string}"},"query-input":{"@type":"PropertyValueSpecification","valueRequired":true,"valueName":"search_term_string"}}],"inLanguage":"pt-BR"},{"@type":"Organization","@id":"https:\/\/deputadotaveirajr.com.br\/#organization","name":"Taveira Jr","url":"https:\/\/deputadotaveirajr.com.br\/","logo":{"@type":"ImageObject","inLanguage":"pt-BR","@id":"https:\/\/deputadotaveirajr.com.br\/#\/schema\/logo\/image\/","url":"https:\/\/deputadotaveirajr.com.br\/wp-content\/uploads\/2026\/01\/logolow2a.png","contentUrl":"https:\/\/deputadotaveirajr.com.br\/wp-content\/uploads\/2026\/01\/logolow2a.png","width":290,"height":80,"caption":"Taveira Jr"},"image":{"@id":"https:\/\/deputadotaveirajr.com.br\/#\/schema\/logo\/image\/"}}]}},"_links":{"self":[{"href":"https:\/\/deputadotaveirajr.com.br\/index.php\/wp-json\/wp\/v2\/pages\/12639","targetHints":{"allow":["GET"]}}],"collection":[{"href":"https:\/\/deputadotaveirajr.com.br\/index.php\/wp-json\/wp\/v2\/pages"}],"about":[{"href":"https:\/\/deputadotaveirajr.com.br\/index.php\/wp-json\/wp\/v2\/types\/page"}],"replies":[{"embeddable":true,"href":"https:\/\/deputadotaveirajr.com.br\/index.php\/wp-json\/wp\/v2\/comments?post=12639"}],"version-history":[{"count":0,"href":"https:\/\/deputadotaveirajr.com.br\/index.php\/wp-json\/wp\/v2\/pages\/12639\/revisions"}],"wp:featuredmedia":[{"embeddable":true,"href":"https:\/\/deputadotaveirajr.com.br\/index.php\/wp-json\/wp\/v2\/media\/12640"}],"wp:attachment":[{"href":"https:\/\/deputadotaveirajr.com.br\/index.php\/wp-json\/wp\/v2\/media?parent=12639"}],"curies":[{"name":"wp","href":"https:\/\/api.w.org\/{rel}","templated":true}]}}