{"id":12641,"date":"2025-03-20T08:35:43","date_gmt":"2025-03-20T11:35:43","guid":{"rendered":"https:\/\/deputadotaveirajr.com.br\/index.php\/protesto-interdita-rodovia-entre-monte-alegre-e-lagoa-salgada\/"},"modified":"2025-03-20T08:35:43","modified_gmt":"2025-03-20T11:35:43","slug":"protesto-interdita-rodovia-entre-monte-alegre-e-lagoa-salgada","status":"publish","type":"page","link":"https:\/\/deputadotaveirajr.com.br\/index.php\/protesto-interdita-rodovia-entre-monte-alegre-e-lagoa-salgada\/","title":{"rendered":"Protesto interdita rodovia entre Monte Alegre e Lagoa Salgada"},"content":{"rendered":"<p><img decoding=\"async\" src=\"https:\/\/s2-g1.glbimg.com\/gYU_yIF1hosi81Q7SnDONDlDBFU=\/i.s3.glbimg.com\/v1\/AUTH_59edd422c0c84a879bd37670ae4f538a\/internal_photos\/bs\/2025\/A\/0\/TAYZMaRvW65G2Br0BguA\/whatsapp-image-2025-03-20-at-08.42.24-1-.jpeg\" \/><br \/>     Motoristas fecharam a RN-002 para chamar aten\u00e7\u00e3o para as m\u00e1s condi\u00e7\u00f5es da via. Protesto fecha rodovia entre Monte Alegre e Lagoa Salgada<br \/>\nUm protesto interditou a RN-002 entre os munic\u00edpios de Monte Alegre e Lagoa Salgada no in\u00edcio da manh\u00e3 desta quinta-feira (20). A via foi liberada por volta das 9h.<br \/>\nMotoristas queimaram pneus e interditaram a via para chamar a aten\u00e7\u00e3o para as m\u00e1s condi\u00e7\u00f5es da estrada. Eles reclamam que a via est\u00e1 com o asfalto deteriorado e completamente esburacada.<br \/>\nRN-002 est\u00e1 tomada por buracos em v\u00e1rios trechos<br \/>\nVinicius Marinho\/Inter TV Cabugi<br \/>\n\ud83d\udcf3Participe do canal do g1 RN no WhatsApp<br \/>\n&#8220;N\u00e3o tem condi\u00e7\u00e3o de a gente transitar. Infelizmente as autoridades est\u00e3o deixando a desejar. Est\u00e1 um absurdo. Os carros est\u00e3o se quebrando, a gente n\u00e3o tem condi\u00e7\u00e3o de transitar. Ent\u00e3o esse protesto \u00e9 uma forma que o pessoal achou de chamar a aten\u00e7\u00e3o das autoridades. Na verdade, isso \u00e9 um pedido de miseric\u00f3rdia, porque a gente est\u00e1 sem condi\u00e7\u00e3o de trabalhar, de prestar servi\u00e7o pra popula\u00e7\u00e3o&#8221;, disse o motorista de \u00f4nibus Carlos Lima.<br \/>\nA RN-002 \u00e9 de responsabilidade do Governo do Estado. Em nota, o Departamento de  Estradas de Rodagens (DER\/RN) informou que a &#8220;rodovia est\u00e1 em processo de manuten\u00e7\u00e3o, mas foi interrompido em fun\u00e7\u00e3o das chuvas na regi\u00e3o&#8221;.<br \/>\nProtesto fecha rodovia entre Monte Alegre e Lagoa Salgada<br \/>\nVinicius Marinho\/Inter TV Cabugi<br \/>\nProtesto fecha rodovia entre Monte Alegre e Lagoa Salgada<br \/>\nVinicius Marinho\/Inter TV Cabugi<br \/>\nRN-002 est\u00e1 tomada por buracos em v\u00e1rios trechos<\/p>","protected":false},"excerpt":{"rendered":"<p>Motoristas fecharam a RN-002 para chamar aten\u00e7\u00e3o para as m\u00e1s condi\u00e7\u00f5es da via. Protesto fecha rodovia entre Monte Alegre e Lagoa Salgada Um protesto interditou a RN-002 entre os munic\u00edpios &#8230;<\/p>\n","protected":false},"author":0,"featured_media":12642,"parent":0,"menu_order":0,"comment_status":"closed","ping_status":"closed","template":"","meta":{"footnotes":""},"class_list":["post-12641","page","type-page","status-publish","has-post-thumbnail","hentry"],"yoast_head":"<!-- This site is optimized with the Yoast SEO plugin v27.1.1 - https:\/\/yoast.com\/product\/yoast-seo-wordpress\/ -->\n<title>Protesto interdita rodovia entre Monte Alegre e Lagoa Salgada - Taveira Jr<\/title>\n<meta name=\"robots\" content=\"index, follow, max-snippet:-1, max-image-preview:large, max-video-preview:-1\" \/>\n<link rel=\"canonical\" href=\"https:\/\/deputadotaveirajr.com.br\/index.php\/protesto-interdita-rodovia-entre-monte-alegre-e-lagoa-salgada\/\" \/>\n<meta property=\"og:locale\" content=\"pt_BR\" \/>\n<meta property=\"og:type\" content=\"article\" \/>\n<meta property=\"og:title\" content=\"Protesto interdita rodovia entre Monte Alegre e Lagoa Salgada - Taveira Jr\" \/>\n<meta property=\"og:description\" content=\"Motoristas fecharam a RN-002 para chamar aten\u00e7\u00e3o para as m\u00e1s condi\u00e7\u00f5es da via. Protesto fecha rodovia entre Monte Alegre e Lagoa Salgada Um protesto interditou a RN-002 entre os munic\u00edpios ...\" \/>\n<meta property=\"og:url\" content=\"https:\/\/deputadotaveirajr.com.br\/index.php\/protesto-interdita-rodovia-entre-monte-alegre-e-lagoa-salgada\/\" \/>\n<meta property=\"og:site_name\" content=\"Taveira Jr\" \/>\n<meta property=\"og:image\" content=\"https:\/\/s2-g1.glbimg.com\/gYU_yIF1hosi81Q7SnDONDlDBFU=\/i.s3.glbimg.com\/v1\/AUTH_59edd422c0c84a879bd37670ae4f538a\/internal_photos\/bs\/2025\/A\/0\/TAYZMaRvW65G2Br0BguA\/whatsapp-image-2025-03-20-at-08.42.24-1-.jpeg\" \/>\n<meta name=\"twitter:card\" content=\"summary_large_image\" \/>\n<meta name=\"twitter:label1\" content=\"Est. tempo de leitura\" \/>\n\t<meta name=\"twitter:data1\" content=\"1 minuto\" \/>\n<script type=\"application\/ld+json\" class=\"yoast-schema-graph\">{\"@context\":\"https:\/\/schema.org\",\"@graph\":[{\"@type\":\"WebPage\",\"@id\":\"https:\/\/deputadotaveirajr.com.br\/index.php\/protesto-interdita-rodovia-entre-monte-alegre-e-lagoa-salgada\/\",\"url\":\"https:\/\/deputadotaveirajr.com.br\/index.php\/protesto-interdita-rodovia-entre-monte-alegre-e-lagoa-salgada\/\",\"name\":\"Protesto interdita rodovia entre Monte Alegre e Lagoa Salgada - Taveira Jr\",\"isPartOf\":{\"@id\":\"https:\/\/deputadotaveirajr.com.br\/#website\"},\"primaryImageOfPage\":{\"@id\":\"https:\/\/deputadotaveirajr.com.br\/index.php\/protesto-interdita-rodovia-entre-monte-alegre-e-lagoa-salgada\/#primaryimage\"},\"image\":{\"@id\":\"https:\/\/deputadotaveirajr.com.br\/index.php\/protesto-interdita-rodovia-entre-monte-alegre-e-lagoa-salgada\/#primaryimage\"},\"thumbnailUrl\":\"https:\/\/deputadotaveirajr.com.br\/wp-content\/uploads\/2025\/03\/whatsapp-image-2025-03-20-at-08.42.24-1-pQ5lGh.jpeg\",\"datePublished\":\"2025-03-20T11:35:43+00:00\",\"breadcrumb\":{\"@id\":\"https:\/\/deputadotaveirajr.com.br\/index.php\/protesto-interdita-rodovia-entre-monte-alegre-e-lagoa-salgada\/#breadcrumb\"},\"inLanguage\":\"pt-BR\",\"potentialAction\":[{\"@type\":\"ReadAction\",\"target\":[\"https:\/\/deputadotaveirajr.com.br\/index.php\/protesto-interdita-rodovia-entre-monte-alegre-e-lagoa-salgada\/\"]}]},{\"@type\":\"ImageObject\",\"inLanguage\":\"pt-BR\",\"@id\":\"https:\/\/deputadotaveirajr.com.br\/index.php\/protesto-interdita-rodovia-entre-monte-alegre-e-lagoa-salgada\/#primaryimage\",\"url\":\"https:\/\/deputadotaveirajr.com.br\/wp-content\/uploads\/2025\/03\/whatsapp-image-2025-03-20-at-08.42.24-1-pQ5lGh.jpeg\",\"contentUrl\":\"https:\/\/deputadotaveirajr.com.br\/wp-content\/uploads\/2025\/03\/whatsapp-image-2025-03-20-at-08.42.24-1-pQ5lGh.jpeg\",\"width\":1600,\"height\":900},{\"@type\":\"BreadcrumbList\",\"@id\":\"https:\/\/deputadotaveirajr.com.br\/index.php\/protesto-interdita-rodovia-entre-monte-alegre-e-lagoa-salgada\/#breadcrumb\",\"itemListElement\":[{\"@type\":\"ListItem\",\"position\":1,\"name\":\"In\u00edcio\",\"item\":\"https:\/\/deputadotaveirajr.com.br\/\"},{\"@type\":\"ListItem\",\"position\":2,\"name\":\"Protesto interdita rodovia entre Monte Alegre e Lagoa Salgada\"}]},{\"@type\":\"WebSite\",\"@id\":\"https:\/\/deputadotaveirajr.com.br\/#website\",\"url\":\"https:\/\/deputadotaveirajr.com.br\/\",\"name\":\"Taveira Jr\",\"description\":\"Deputado Estadual\",\"publisher\":{\"@id\":\"https:\/\/deputadotaveirajr.com.br\/#organization\"},\"potentialAction\":[{\"@type\":\"SearchAction\",\"target\":{\"@type\":\"EntryPoint\",\"urlTemplate\":\"https:\/\/deputadotaveirajr.com.br\/?s={search_term_string}\"},\"query-input\":{\"@type\":\"PropertyValueSpecification\",\"valueRequired\":true,\"valueName\":\"search_term_string\"}}],\"inLanguage\":\"pt-BR\"},{\"@type\":\"Organization\",\"@id\":\"https:\/\/deputadotaveirajr.com.br\/#organization\",\"name\":\"Taveira Jr\",\"url\":\"https:\/\/deputadotaveirajr.com.br\/\",\"logo\":{\"@type\":\"ImageObject\",\"inLanguage\":\"pt-BR\",\"@id\":\"https:\/\/deputadotaveirajr.com.br\/#\/schema\/logo\/image\/\",\"url\":\"https:\/\/deputadotaveirajr.com.br\/wp-content\/uploads\/2026\/01\/logolow2a.png\",\"contentUrl\":\"https:\/\/deputadotaveirajr.com.br\/wp-content\/uploads\/2026\/01\/logolow2a.png\",\"width\":290,\"height\":80,\"caption\":\"Taveira Jr\"},\"image\":{\"@id\":\"https:\/\/deputadotaveirajr.com.br\/#\/schema\/logo\/image\/\"}}]}<\/script>\n<!-- \/ Yoast SEO plugin. -->","yoast_head_json":{"title":"Protesto interdita rodovia entre Monte Alegre e Lagoa Salgada - Taveira Jr","robots":{"index":"index","follow":"follow","max-snippet":"max-snippet:-1","max-image-preview":"max-image-preview:large","max-video-preview":"max-video-preview:-1"},"canonical":"https:\/\/deputadotaveirajr.com.br\/index.php\/protesto-interdita-rodovia-entre-monte-alegre-e-lagoa-salgada\/","og_locale":"pt_BR","og_type":"article","og_title":"Protesto interdita rodovia entre Monte Alegre e Lagoa Salgada - Taveira Jr","og_description":"Motoristas fecharam a RN-002 para chamar aten\u00e7\u00e3o para as m\u00e1s condi\u00e7\u00f5es da via. Protesto fecha rodovia entre Monte Alegre e Lagoa Salgada Um protesto interditou a RN-002 entre os munic\u00edpios ...","og_url":"https:\/\/deputadotaveirajr.com.br\/index.php\/protesto-interdita-rodovia-entre-monte-alegre-e-lagoa-salgada\/","og_site_name":"Taveira Jr","og_image":[{"url":"https:\/\/s2-g1.glbimg.com\/gYU_yIF1hosi81Q7SnDONDlDBFU=\/i.s3.glbimg.com\/v1\/AUTH_59edd422c0c84a879bd37670ae4f538a\/internal_photos\/bs\/2025\/A\/0\/TAYZMaRvW65G2Br0BguA\/whatsapp-image-2025-03-20-at-08.42.24-1-.jpeg","type":"","width":"","height":""}],"twitter_card":"summary_large_image","twitter_misc":{"Est. tempo de leitura":"1 minuto"},"schema":{"@context":"https:\/\/schema.org","@graph":[{"@type":"WebPage","@id":"https:\/\/deputadotaveirajr.com.br\/index.php\/protesto-interdita-rodovia-entre-monte-alegre-e-lagoa-salgada\/","url":"https:\/\/deputadotaveirajr.com.br\/index.php\/protesto-interdita-rodovia-entre-monte-alegre-e-lagoa-salgada\/","name":"Protesto interdita rodovia entre Monte Alegre e Lagoa Salgada - Taveira Jr","isPartOf":{"@id":"https:\/\/deputadotaveirajr.com.br\/#website"},"primaryImageOfPage":{"@id":"https:\/\/deputadotaveirajr.com.br\/index.php\/protesto-interdita-rodovia-entre-monte-alegre-e-lagoa-salgada\/#primaryimage"},"image":{"@id":"https:\/\/deputadotaveirajr.com.br\/index.php\/protesto-interdita-rodovia-entre-monte-alegre-e-lagoa-salgada\/#primaryimage"},"thumbnailUrl":"https:\/\/deputadotaveirajr.com.br\/wp-content\/uploads\/2025\/03\/whatsapp-image-2025-03-20-at-08.42.24-1-pQ5lGh.jpeg","datePublished":"2025-03-20T11:35:43+00:00","breadcrumb":{"@id":"https:\/\/deputadotaveirajr.com.br\/index.php\/protesto-interdita-rodovia-entre-monte-alegre-e-lagoa-salgada\/#breadcrumb"},"inLanguage":"pt-BR","potentialAction":[{"@type":"ReadAction","target":["https:\/\/deputadotaveirajr.com.br\/index.php\/protesto-interdita-rodovia-entre-monte-alegre-e-lagoa-salgada\/"]}]},{"@type":"ImageObject","inLanguage":"pt-BR","@id":"https:\/\/deputadotaveirajr.com.br\/index.php\/protesto-interdita-rodovia-entre-monte-alegre-e-lagoa-salgada\/#primaryimage","url":"https:\/\/deputadotaveirajr.com.br\/wp-content\/uploads\/2025\/03\/whatsapp-image-2025-03-20-at-08.42.24-1-pQ5lGh.jpeg","contentUrl":"https:\/\/deputadotaveirajr.com.br\/wp-content\/uploads\/2025\/03\/whatsapp-image-2025-03-20-at-08.42.24-1-pQ5lGh.jpeg","width":1600,"height":900},{"@type":"BreadcrumbList","@id":"https:\/\/deputadotaveirajr.com.br\/index.php\/protesto-interdita-rodovia-entre-monte-alegre-e-lagoa-salgada\/#breadcrumb","itemListElement":[{"@type":"ListItem","position":1,"name":"In\u00edcio","item":"https:\/\/deputadotaveirajr.com.br\/"},{"@type":"ListItem","position":2,"name":"Protesto interdita rodovia entre Monte Alegre e Lagoa Salgada"}]},{"@type":"WebSite","@id":"https:\/\/deputadotaveirajr.com.br\/#website","url":"https:\/\/deputadotaveirajr.com.br\/","name":"Taveira Jr","description":"Deputado Estadual","publisher":{"@id":"https:\/\/deputadotaveirajr.com.br\/#organization"},"potentialAction":[{"@type":"SearchAction","target":{"@type":"EntryPoint","urlTemplate":"https:\/\/deputadotaveirajr.com.br\/?s={search_term_string}"},"query-input":{"@type":"PropertyValueSpecification","valueRequired":true,"valueName":"search_term_string"}}],"inLanguage":"pt-BR"},{"@type":"Organization","@id":"https:\/\/deputadotaveirajr.com.br\/#organization","name":"Taveira Jr","url":"https:\/\/deputadotaveirajr.com.br\/","logo":{"@type":"ImageObject","inLanguage":"pt-BR","@id":"https:\/\/deputadotaveirajr.com.br\/#\/schema\/logo\/image\/","url":"https:\/\/deputadotaveirajr.com.br\/wp-content\/uploads\/2026\/01\/logolow2a.png","contentUrl":"https:\/\/deputadotaveirajr.com.br\/wp-content\/uploads\/2026\/01\/logolow2a.png","width":290,"height":80,"caption":"Taveira Jr"},"image":{"@id":"https:\/\/deputadotaveirajr.com.br\/#\/schema\/logo\/image\/"}}]}},"_links":{"self":[{"href":"https:\/\/deputadotaveirajr.com.br\/index.php\/wp-json\/wp\/v2\/pages\/12641","targetHints":{"allow":["GET"]}}],"collection":[{"href":"https:\/\/deputadotaveirajr.com.br\/index.php\/wp-json\/wp\/v2\/pages"}],"about":[{"href":"https:\/\/deputadotaveirajr.com.br\/index.php\/wp-json\/wp\/v2\/types\/page"}],"replies":[{"embeddable":true,"href":"https:\/\/deputadotaveirajr.com.br\/index.php\/wp-json\/wp\/v2\/comments?post=12641"}],"version-history":[{"count":0,"href":"https:\/\/deputadotaveirajr.com.br\/index.php\/wp-json\/wp\/v2\/pages\/12641\/revisions"}],"wp:featuredmedia":[{"embeddable":true,"href":"https:\/\/deputadotaveirajr.com.br\/index.php\/wp-json\/wp\/v2\/media\/12642"}],"wp:attachment":[{"href":"https:\/\/deputadotaveirajr.com.br\/index.php\/wp-json\/wp\/v2\/media?parent=12641"}],"curies":[{"name":"wp","href":"https:\/\/api.w.org\/{rel}","templated":true}]}}