{"id":12649,"date":"2025-03-23T12:28:13","date_gmt":"2025-03-23T15:28:13","guid":{"rendered":"https:\/\/deputadotaveirajr.com.br\/index.php\/em-dois-anos-cai-o-numero-de-beneficiarios-do-bolsa-familia-no-rn\/"},"modified":"2025-03-23T12:28:13","modified_gmt":"2025-03-23T15:28:13","slug":"em-dois-anos-cai-o-numero-de-beneficiarios-do-bolsa-familia-no-rn","status":"publish","type":"page","link":"https:\/\/deputadotaveirajr.com.br\/index.php\/em-dois-anos-cai-o-numero-de-beneficiarios-do-bolsa-familia-no-rn\/","title":{"rendered":"Em dois anos, cai o n\u00famero de benefici\u00e1rios do Bolsa Fam\u00edlia no RN"},"content":{"rendered":"<p><img decoding=\"async\" src=\"https:\/\/s2-g1.glbimg.com\/PO0iKlR8KpT1zOOYPg35i2nBfHQ=\/i.s3.glbimg.com\/v1\/AUTH_59edd422c0c84a879bd37670ae4f538a\/internal_photos\/bs\/2024\/X\/p\/m9WC1JRNGCSTELVKKrBA\/fta20240801129.jpg\" \/><br \/>     N\u00famero de fam\u00edlias cadastradas no programa caiu cerca de 2,6% no estado. Em contrapartida, n\u00famero de empregados com carteira assinada aumentou no per\u00edodo. Bolsa Fam\u00edlia<br \/>\nLuis Lima Jr\/FotoArena\/Estad\u00e3o Conte\u00fado<br \/>\nEm dois anos, o n\u00famero de benefici\u00e1rios do Programa Bolsa Fam\u00edlia no Rio Grande do Norte caiu cerca de 2,6%. Por outro lado, o n\u00famero de pessoas empregadas com carteira assinada cresceu 11,6% no estado.<br \/>\nOs dados consultados pelo g1 RN s\u00e3o da Secretaria Nacional de Renda de Cidadania e do Cadastro Geral de Empregados e Desempregados (Caged), do governo federal.<br \/>\n\ud83d\udcf3Participe do canal do g1 RN no WhatsApp<br \/>\nSegundo o painel de monitoramento do programa Bolsa Fam\u00edlia, em mar\u00e7o de 2023 o estado contava com 511.164 fam\u00edlias no programa, que recebiam, em m\u00e9dia, R$ 660,28 mensais.<br \/>\nEm mar\u00e7o deste ano, o n\u00famero de fam\u00edlias beneficiadas foi de 497.791. O valor m\u00e9dio pago \u00e0s fam\u00edlias \u00e9 de R$ 659,18.<br \/>\nAntes de reduzir, o n\u00famero de potiguares no programa cresceu em 2023, chegando a 515.115 fam\u00edlias em setembro daquele ano. Desde ent\u00e3o o n\u00famero passou a cair, com leves varia\u00e7\u00f5es de alta.<br \/>\nO estado come\u00e7ou janeiro de 2025 com 495.077 fam\u00edlias benefici\u00e1rias, o menor n\u00famero na s\u00e9rie desde 2023.<br \/>\nNo mesmo per\u00edodo, no mesmo per\u00edodo o n\u00famero de pessoas contratadas com carteira assinada aumentou no Rio Grande do Norte.<br \/>\nSegundo o \u00faltimo levantamento do Cadastro Geral de Empregados e Desempregados (Caged), o estado tinha um &#8220;estoque&#8221; de 535.417 empregos com carteira assinada em janeiro de 2025, enquanto que em mar\u00e7o de 2023, o n\u00famero de pessoas contratadas no estado era de 479.474.<br \/>\nEm dezembro de 2023, o estado tinha mais benefici\u00e1rios do Bolsa Fam\u00edlia que pessoas contratadas com carteira assinada.<br \/>\nO n\u00famero de empregados, no entanto, n\u00e3o leva em conta os servidores p\u00fablicos, empres\u00e1rios e aut\u00f4nomos, por exemplo.<br \/>\nAl\u00e9m do aumento do emprego, o governo federal anunciou que cancelou 4,1 milh\u00f5es de benef\u00edcios, em todo o pa\u00eds, por fraudes ou irregularidades no Bolsa Fam\u00edlia e Cad\u00danico, entre 2023 e 2024.<br \/>\nGoverno corta R$ 7,7 bilh\u00f5es do Bolsa Fam\u00edlia e amplia Aux\u00edlio-G\u00e1s<\/p>","protected":false},"excerpt":{"rendered":"<p>N\u00famero de fam\u00edlias cadastradas no programa caiu cerca de 2,6% no estado. Em contrapartida, n\u00famero de empregados com carteira assinada aumentou no per\u00edodo. Bolsa Fam\u00edlia Luis Lima Jr\/FotoArena\/Estad\u00e3o Conte\u00fado Em &#8230;<\/p>\n","protected":false},"author":0,"featured_media":12650,"parent":0,"menu_order":0,"comment_status":"closed","ping_status":"closed","template":"","meta":{"footnotes":""},"class_list":["post-12649","page","type-page","status-publish","has-post-thumbnail","hentry"],"yoast_head":"<!-- This site is optimized with the Yoast SEO plugin v27.1.1 - https:\/\/yoast.com\/product\/yoast-seo-wordpress\/ -->\n<title>Em dois anos, cai o n\u00famero de benefici\u00e1rios do Bolsa Fam\u00edlia no RN - Taveira Jr<\/title>\n<meta name=\"robots\" content=\"index, follow, max-snippet:-1, max-image-preview:large, max-video-preview:-1\" \/>\n<link rel=\"canonical\" href=\"https:\/\/deputadotaveirajr.com.br\/index.php\/em-dois-anos-cai-o-numero-de-beneficiarios-do-bolsa-familia-no-rn\/\" \/>\n<meta property=\"og:locale\" content=\"pt_BR\" \/>\n<meta property=\"og:type\" content=\"article\" \/>\n<meta property=\"og:title\" content=\"Em dois anos, cai o n\u00famero de benefici\u00e1rios do Bolsa Fam\u00edlia no RN - Taveira Jr\" \/>\n<meta property=\"og:description\" content=\"N\u00famero de fam\u00edlias cadastradas no programa caiu cerca de 2,6% no estado. Em contrapartida, n\u00famero de empregados com carteira assinada aumentou no per\u00edodo. Bolsa Fam\u00edlia Luis Lima Jr\/FotoArena\/Estad\u00e3o Conte\u00fado Em ...\" \/>\n<meta property=\"og:url\" content=\"https:\/\/deputadotaveirajr.com.br\/index.php\/em-dois-anos-cai-o-numero-de-beneficiarios-do-bolsa-familia-no-rn\/\" \/>\n<meta property=\"og:site_name\" content=\"Taveira Jr\" \/>\n<meta property=\"og:image\" content=\"https:\/\/s2-g1.glbimg.com\/PO0iKlR8KpT1zOOYPg35i2nBfHQ=\/i.s3.glbimg.com\/v1\/AUTH_59edd422c0c84a879bd37670ae4f538a\/internal_photos\/bs\/2024\/X\/p\/m9WC1JRNGCSTELVKKrBA\/fta20240801129.jpg\" \/>\n<meta name=\"twitter:card\" content=\"summary_large_image\" \/>\n<meta name=\"twitter:label1\" content=\"Est. tempo de leitura\" \/>\n\t<meta name=\"twitter:data1\" content=\"2 minutos\" \/>\n<script type=\"application\/ld+json\" class=\"yoast-schema-graph\">{\"@context\":\"https:\/\/schema.org\",\"@graph\":[{\"@type\":\"WebPage\",\"@id\":\"https:\/\/deputadotaveirajr.com.br\/index.php\/em-dois-anos-cai-o-numero-de-beneficiarios-do-bolsa-familia-no-rn\/\",\"url\":\"https:\/\/deputadotaveirajr.com.br\/index.php\/em-dois-anos-cai-o-numero-de-beneficiarios-do-bolsa-familia-no-rn\/\",\"name\":\"Em dois anos, cai o n\u00famero de benefici\u00e1rios do Bolsa Fam\u00edlia no RN - Taveira Jr\",\"isPartOf\":{\"@id\":\"https:\/\/deputadotaveirajr.com.br\/#website\"},\"primaryImageOfPage\":{\"@id\":\"https:\/\/deputadotaveirajr.com.br\/index.php\/em-dois-anos-cai-o-numero-de-beneficiarios-do-bolsa-familia-no-rn\/#primaryimage\"},\"image\":{\"@id\":\"https:\/\/deputadotaveirajr.com.br\/index.php\/em-dois-anos-cai-o-numero-de-beneficiarios-do-bolsa-familia-no-rn\/#primaryimage\"},\"thumbnailUrl\":\"https:\/\/deputadotaveirajr.com.br\/wp-content\/uploads\/2025\/03\/fta20240801129-Q7WAzO-scaled.jpeg\",\"datePublished\":\"2025-03-23T15:28:13+00:00\",\"breadcrumb\":{\"@id\":\"https:\/\/deputadotaveirajr.com.br\/index.php\/em-dois-anos-cai-o-numero-de-beneficiarios-do-bolsa-familia-no-rn\/#breadcrumb\"},\"inLanguage\":\"pt-BR\",\"potentialAction\":[{\"@type\":\"ReadAction\",\"target\":[\"https:\/\/deputadotaveirajr.com.br\/index.php\/em-dois-anos-cai-o-numero-de-beneficiarios-do-bolsa-familia-no-rn\/\"]}]},{\"@type\":\"ImageObject\",\"inLanguage\":\"pt-BR\",\"@id\":\"https:\/\/deputadotaveirajr.com.br\/index.php\/em-dois-anos-cai-o-numero-de-beneficiarios-do-bolsa-familia-no-rn\/#primaryimage\",\"url\":\"https:\/\/deputadotaveirajr.com.br\/wp-content\/uploads\/2025\/03\/fta20240801129-Q7WAzO-scaled.jpeg\",\"contentUrl\":\"https:\/\/deputadotaveirajr.com.br\/wp-content\/uploads\/2025\/03\/fta20240801129-Q7WAzO-scaled.jpeg\",\"width\":2560,\"height\":1707},{\"@type\":\"BreadcrumbList\",\"@id\":\"https:\/\/deputadotaveirajr.com.br\/index.php\/em-dois-anos-cai-o-numero-de-beneficiarios-do-bolsa-familia-no-rn\/#breadcrumb\",\"itemListElement\":[{\"@type\":\"ListItem\",\"position\":1,\"name\":\"In\u00edcio\",\"item\":\"https:\/\/deputadotaveirajr.com.br\/\"},{\"@type\":\"ListItem\",\"position\":2,\"name\":\"Em dois anos, cai o n\u00famero de benefici\u00e1rios do Bolsa Fam\u00edlia no RN\"}]},{\"@type\":\"WebSite\",\"@id\":\"https:\/\/deputadotaveirajr.com.br\/#website\",\"url\":\"https:\/\/deputadotaveirajr.com.br\/\",\"name\":\"Taveira Jr\",\"description\":\"Deputado Estadual\",\"publisher\":{\"@id\":\"https:\/\/deputadotaveirajr.com.br\/#organization\"},\"potentialAction\":[{\"@type\":\"SearchAction\",\"target\":{\"@type\":\"EntryPoint\",\"urlTemplate\":\"https:\/\/deputadotaveirajr.com.br\/?s={search_term_string}\"},\"query-input\":{\"@type\":\"PropertyValueSpecification\",\"valueRequired\":true,\"valueName\":\"search_term_string\"}}],\"inLanguage\":\"pt-BR\"},{\"@type\":\"Organization\",\"@id\":\"https:\/\/deputadotaveirajr.com.br\/#organization\",\"name\":\"Taveira Jr\",\"url\":\"https:\/\/deputadotaveirajr.com.br\/\",\"logo\":{\"@type\":\"ImageObject\",\"inLanguage\":\"pt-BR\",\"@id\":\"https:\/\/deputadotaveirajr.com.br\/#\/schema\/logo\/image\/\",\"url\":\"https:\/\/deputadotaveirajr.com.br\/wp-content\/uploads\/2026\/01\/logolow2a.png\",\"contentUrl\":\"https:\/\/deputadotaveirajr.com.br\/wp-content\/uploads\/2026\/01\/logolow2a.png\",\"width\":290,\"height\":80,\"caption\":\"Taveira Jr\"},\"image\":{\"@id\":\"https:\/\/deputadotaveirajr.com.br\/#\/schema\/logo\/image\/\"}}]}<\/script>\n<!-- \/ Yoast SEO plugin. -->","yoast_head_json":{"title":"Em dois anos, cai o n\u00famero de benefici\u00e1rios do Bolsa Fam\u00edlia no RN - Taveira Jr","robots":{"index":"index","follow":"follow","max-snippet":"max-snippet:-1","max-image-preview":"max-image-preview:large","max-video-preview":"max-video-preview:-1"},"canonical":"https:\/\/deputadotaveirajr.com.br\/index.php\/em-dois-anos-cai-o-numero-de-beneficiarios-do-bolsa-familia-no-rn\/","og_locale":"pt_BR","og_type":"article","og_title":"Em dois anos, cai o n\u00famero de benefici\u00e1rios do Bolsa Fam\u00edlia no RN - Taveira Jr","og_description":"N\u00famero de fam\u00edlias cadastradas no programa caiu cerca de 2,6% no estado. Em contrapartida, n\u00famero de empregados com carteira assinada aumentou no per\u00edodo. Bolsa Fam\u00edlia Luis Lima Jr\/FotoArena\/Estad\u00e3o Conte\u00fado Em ...","og_url":"https:\/\/deputadotaveirajr.com.br\/index.php\/em-dois-anos-cai-o-numero-de-beneficiarios-do-bolsa-familia-no-rn\/","og_site_name":"Taveira Jr","og_image":[{"url":"https:\/\/s2-g1.glbimg.com\/PO0iKlR8KpT1zOOYPg35i2nBfHQ=\/i.s3.glbimg.com\/v1\/AUTH_59edd422c0c84a879bd37670ae4f538a\/internal_photos\/bs\/2024\/X\/p\/m9WC1JRNGCSTELVKKrBA\/fta20240801129.jpg","type":"","width":"","height":""}],"twitter_card":"summary_large_image","twitter_misc":{"Est. tempo de leitura":"2 minutos"},"schema":{"@context":"https:\/\/schema.org","@graph":[{"@type":"WebPage","@id":"https:\/\/deputadotaveirajr.com.br\/index.php\/em-dois-anos-cai-o-numero-de-beneficiarios-do-bolsa-familia-no-rn\/","url":"https:\/\/deputadotaveirajr.com.br\/index.php\/em-dois-anos-cai-o-numero-de-beneficiarios-do-bolsa-familia-no-rn\/","name":"Em dois anos, cai o n\u00famero de benefici\u00e1rios do Bolsa Fam\u00edlia no RN - Taveira Jr","isPartOf":{"@id":"https:\/\/deputadotaveirajr.com.br\/#website"},"primaryImageOfPage":{"@id":"https:\/\/deputadotaveirajr.com.br\/index.php\/em-dois-anos-cai-o-numero-de-beneficiarios-do-bolsa-familia-no-rn\/#primaryimage"},"image":{"@id":"https:\/\/deputadotaveirajr.com.br\/index.php\/em-dois-anos-cai-o-numero-de-beneficiarios-do-bolsa-familia-no-rn\/#primaryimage"},"thumbnailUrl":"https:\/\/deputadotaveirajr.com.br\/wp-content\/uploads\/2025\/03\/fta20240801129-Q7WAzO-scaled.jpeg","datePublished":"2025-03-23T15:28:13+00:00","breadcrumb":{"@id":"https:\/\/deputadotaveirajr.com.br\/index.php\/em-dois-anos-cai-o-numero-de-beneficiarios-do-bolsa-familia-no-rn\/#breadcrumb"},"inLanguage":"pt-BR","potentialAction":[{"@type":"ReadAction","target":["https:\/\/deputadotaveirajr.com.br\/index.php\/em-dois-anos-cai-o-numero-de-beneficiarios-do-bolsa-familia-no-rn\/"]}]},{"@type":"ImageObject","inLanguage":"pt-BR","@id":"https:\/\/deputadotaveirajr.com.br\/index.php\/em-dois-anos-cai-o-numero-de-beneficiarios-do-bolsa-familia-no-rn\/#primaryimage","url":"https:\/\/deputadotaveirajr.com.br\/wp-content\/uploads\/2025\/03\/fta20240801129-Q7WAzO-scaled.jpeg","contentUrl":"https:\/\/deputadotaveirajr.com.br\/wp-content\/uploads\/2025\/03\/fta20240801129-Q7WAzO-scaled.jpeg","width":2560,"height":1707},{"@type":"BreadcrumbList","@id":"https:\/\/deputadotaveirajr.com.br\/index.php\/em-dois-anos-cai-o-numero-de-beneficiarios-do-bolsa-familia-no-rn\/#breadcrumb","itemListElement":[{"@type":"ListItem","position":1,"name":"In\u00edcio","item":"https:\/\/deputadotaveirajr.com.br\/"},{"@type":"ListItem","position":2,"name":"Em dois anos, cai o n\u00famero de benefici\u00e1rios do Bolsa Fam\u00edlia no RN"}]},{"@type":"WebSite","@id":"https:\/\/deputadotaveirajr.com.br\/#website","url":"https:\/\/deputadotaveirajr.com.br\/","name":"Taveira Jr","description":"Deputado Estadual","publisher":{"@id":"https:\/\/deputadotaveirajr.com.br\/#organization"},"potentialAction":[{"@type":"SearchAction","target":{"@type":"EntryPoint","urlTemplate":"https:\/\/deputadotaveirajr.com.br\/?s={search_term_string}"},"query-input":{"@type":"PropertyValueSpecification","valueRequired":true,"valueName":"search_term_string"}}],"inLanguage":"pt-BR"},{"@type":"Organization","@id":"https:\/\/deputadotaveirajr.com.br\/#organization","name":"Taveira Jr","url":"https:\/\/deputadotaveirajr.com.br\/","logo":{"@type":"ImageObject","inLanguage":"pt-BR","@id":"https:\/\/deputadotaveirajr.com.br\/#\/schema\/logo\/image\/","url":"https:\/\/deputadotaveirajr.com.br\/wp-content\/uploads\/2026\/01\/logolow2a.png","contentUrl":"https:\/\/deputadotaveirajr.com.br\/wp-content\/uploads\/2026\/01\/logolow2a.png","width":290,"height":80,"caption":"Taveira Jr"},"image":{"@id":"https:\/\/deputadotaveirajr.com.br\/#\/schema\/logo\/image\/"}}]}},"_links":{"self":[{"href":"https:\/\/deputadotaveirajr.com.br\/index.php\/wp-json\/wp\/v2\/pages\/12649","targetHints":{"allow":["GET"]}}],"collection":[{"href":"https:\/\/deputadotaveirajr.com.br\/index.php\/wp-json\/wp\/v2\/pages"}],"about":[{"href":"https:\/\/deputadotaveirajr.com.br\/index.php\/wp-json\/wp\/v2\/types\/page"}],"replies":[{"embeddable":true,"href":"https:\/\/deputadotaveirajr.com.br\/index.php\/wp-json\/wp\/v2\/comments?post=12649"}],"version-history":[{"count":0,"href":"https:\/\/deputadotaveirajr.com.br\/index.php\/wp-json\/wp\/v2\/pages\/12649\/revisions"}],"wp:featuredmedia":[{"embeddable":true,"href":"https:\/\/deputadotaveirajr.com.br\/index.php\/wp-json\/wp\/v2\/media\/12650"}],"wp:attachment":[{"href":"https:\/\/deputadotaveirajr.com.br\/index.php\/wp-json\/wp\/v2\/media?parent=12649"}],"curies":[{"name":"wp","href":"https:\/\/api.w.org\/{rel}","templated":true}]}}