{"id":12651,"date":"2025-03-23T09:46:29","date_gmt":"2025-03-23T12:46:29","guid":{"rendered":"https:\/\/deputadotaveirajr.com.br\/index.php\/terminal-pesqueiro-de-natal-sera-leiloado-pelo-governo-federal-conheca-historia-da-estrutura-que-nunca-funcionou\/"},"modified":"2025-03-23T09:46:29","modified_gmt":"2025-03-23T12:46:29","slug":"terminal-pesqueiro-de-natal-sera-leiloado-pelo-governo-federal-conheca-historia-da-estrutura-que-nunca-funcionou","status":"publish","type":"page","link":"https:\/\/deputadotaveirajr.com.br\/index.php\/terminal-pesqueiro-de-natal-sera-leiloado-pelo-governo-federal-conheca-historia-da-estrutura-que-nunca-funcionou\/","title":{"rendered":"Terminal Pesqueiro de Natal ser\u00e1 leiloado pelo governo federal; conhe\u00e7a hist\u00f3ria da estrutura que nunca funcionou"},"content":{"rendered":"<p><img decoding=\"async\" src=\"https:\/\/s2-g1.glbimg.com\/apT9Yy7FxVYEfS603QyPVM1vS6A=\/i.s3.glbimg.com\/v1\/AUTH_59edd422c0c84a879bd37670ae4f538a\/internal_photos\/bs\/2021\/h\/s\/gPIIeARgCnKxRbwCtibg\/terminal-pesqueiro-do-rn.jpg\" \/><br \/>     Equipamento come\u00e7ou a ser constru\u00eddo em 2009 e nunca foi conclu\u00eddo. \u00daltimo leil\u00e3o, em 2004, foi suspenso por falta de garantias na \u00fanica proposta apresentada.  Terminal Pesqueiro de Natal RN Ribeira Rio Potengi Rio Grande do Norte<br \/>\nDivulga\u00e7\u00e3o\/Governo do RN<br \/>\nO Minist\u00e9rio da Pesca e Aquicultura (MPA) lan\u00e7ou na \u00faltima sexta-feira (21) um edital para a concess\u00e3o do Terminal Pesqueiro P\u00fablico de Natal e tamb\u00e9m de outras cidades, como Aracaju (SE), Cananeia (SP), e Santos (SP).<br \/>\nA previs\u00e3o \u00e9 de que o contrato tenha validade de 20 anos, per\u00edodo em que a empresa concession\u00e1ria dever\u00e1 modernizar a infraestrutura pesqueira e poder\u00e1 explorar tamb\u00e9m outras atividades.<br \/>\n\ud83d\udcf3Participe do canal do g1 RN no WhatsApp<br \/>\nO Edital N\u00ba 1\/2025 foi publicado e apresenta as regras para a concess\u00e3o. O processo ser\u00e1 feito por meio de licita\u00e7\u00e3o na modalidade de leil\u00e3o, em que ser\u00e1 selecionado aquele que apresentar a melhor oferta.<br \/>\nO valor estimado para o terminal do RN \u00e9 de R$ 185,2 milh\u00f5es &#8211; o mais alto entre os equipamentos ofertados no edital.<br \/>\nOs interessados dever\u00e3o apresentar os lances, presencialmente, na sede da Bolsa de Valores de S\u00e3o Paulo (B3), no dia 24 de junho.<br \/>\nHist\u00f3rico<br \/>\nO Terminal Pesqueiro de Natal \u00e9 localizado na Ribeira, ao lado do Porto de Natal, no estu\u00e1rio do Rio Potengi. A estrutura ocupa um terreno de 13.500 metros quadrados, com \u00e1rea constru\u00edda de 4.800 m\u00b2.<br \/>\nO terminal come\u00e7ou a ser constru\u00eddo em 2009, mas teve a obra interrompida quando estava com 95% executada em 2010 e n\u00e3o entrou em opera\u00e7\u00e3o.<br \/>\nAp\u00f3s um impasse judicial, o governo do estado pagou uma d\u00edvida de R$ 1 milh\u00e3o (inicialmente) com a construtora e o terminal voltou para a gest\u00e3o do governo federal.<br \/>\nO terminal foi inclu\u00eddo no Programa Nacional de Desestatiza\u00e7\u00e3o (DSN) do governo federal em 2021.<br \/>\nSegundo o governo federal, as obras civis est\u00e3o praticamente conclu\u00eddas, mas o acesso ao terminal, n\u00e3o. Al\u00e9m disso, nenhum equipamento de manipula\u00e7\u00e3o, processamento ou refrigera\u00e7\u00e3o foi adquirido.<br \/>\nO projeto original inclui, entre outras coisas, um cais de atraca\u00e7\u00e3o de embarca\u00e7\u00f5es com 8,74m de largura e comprimento aproximado de 305m; galp\u00e3o para limpeza, processamento e frigor\u00edfico; pr\u00e9dio administrativo; instala\u00e7\u00f5es frigor\u00edficas com f\u00e1brica de gelo em escama com capacidade de 60 toneladas\/dia; silo para estocagem de gelo com capacidade de 180 toneladas; al\u00e9m de \u00e1reas para \u00f3rg\u00e3os fiscalizadores.<br \/>\nEm mar\u00e7o de 2024, o governo federal incluiu o terminal de Natal no edital de um leil\u00e3o. Por\u00e9m, em junho, a sess\u00e3o foi suspensa por falta de garantia na \u00fanica proposta apresentada.<br \/>\nPesca sustent\u00e1vel do atum<br \/>\nMudan\u00e7as nos novos editais<br \/>\nSegundo o governo federal, para atender \u00e0s demandas dos concession\u00e1rios, houve uma flexibiliza\u00e7\u00e3o das exig\u00eancias dos novos editais. A principal mudan\u00e7a \u00e9 que n\u00e3o \u00e9 mais necess\u00e1rio a integraliza\u00e7\u00e3o imediata de 10% do valor do contrato.<br \/>\nOs novos editais tamb\u00e9m trazem mais flexibilidade na explora\u00e7\u00e3o econ\u00f4mica dos terminais. O concession\u00e1rio poder\u00e1 expandir o neg\u00f3cio de outras formas, como abrir um restaurante ou fazer divulga\u00e7\u00e3o de publicidade, por exemplo. Em outros terminais, j\u00e1 h\u00e1 iniciativas de feiras e outros eventos.<br \/>\nVeja os v\u00eddeos mais assistidos no g1 RN<\/p>","protected":false},"excerpt":{"rendered":"<p>Equipamento come\u00e7ou a ser constru\u00eddo em 2009 e nunca foi conclu\u00eddo. \u00daltimo leil\u00e3o, em 2004, foi suspenso por falta de garantias na \u00fanica proposta apresentada. Terminal Pesqueiro de Natal RN &#8230;<\/p>\n","protected":false},"author":0,"featured_media":12652,"parent":0,"menu_order":0,"comment_status":"closed","ping_status":"closed","template":"","meta":{"footnotes":""},"class_list":["post-12651","page","type-page","status-publish","has-post-thumbnail","hentry"],"yoast_head":"<!-- This site is optimized with the Yoast SEO plugin v27.1.1 - https:\/\/yoast.com\/product\/yoast-seo-wordpress\/ -->\n<title>Terminal Pesqueiro de Natal ser\u00e1 leiloado pelo governo federal; conhe\u00e7a hist\u00f3ria da estrutura que nunca funcionou - Taveira Jr<\/title>\n<meta name=\"robots\" content=\"index, follow, max-snippet:-1, max-image-preview:large, max-video-preview:-1\" \/>\n<link rel=\"canonical\" href=\"https:\/\/deputadotaveirajr.com.br\/index.php\/terminal-pesqueiro-de-natal-sera-leiloado-pelo-governo-federal-conheca-historia-da-estrutura-que-nunca-funcionou\/\" \/>\n<meta property=\"og:locale\" content=\"pt_BR\" \/>\n<meta property=\"og:type\" content=\"article\" \/>\n<meta property=\"og:title\" content=\"Terminal Pesqueiro de Natal ser\u00e1 leiloado pelo governo federal; conhe\u00e7a hist\u00f3ria da estrutura que nunca funcionou - Taveira Jr\" \/>\n<meta property=\"og:description\" content=\"Equipamento come\u00e7ou a ser constru\u00eddo em 2009 e nunca foi conclu\u00eddo. \u00daltimo leil\u00e3o, em 2004, foi suspenso por falta de garantias na \u00fanica proposta apresentada. Terminal Pesqueiro de Natal RN ...\" \/>\n<meta property=\"og:url\" content=\"https:\/\/deputadotaveirajr.com.br\/index.php\/terminal-pesqueiro-de-natal-sera-leiloado-pelo-governo-federal-conheca-historia-da-estrutura-que-nunca-funcionou\/\" \/>\n<meta property=\"og:site_name\" content=\"Taveira Jr\" \/>\n<meta property=\"og:image\" content=\"https:\/\/s2-g1.glbimg.com\/apT9Yy7FxVYEfS603QyPVM1vS6A=\/i.s3.glbimg.com\/v1\/AUTH_59edd422c0c84a879bd37670ae4f538a\/internal_photos\/bs\/2021\/h\/s\/gPIIeARgCnKxRbwCtibg\/terminal-pesqueiro-do-rn.jpg\" \/>\n<meta name=\"twitter:card\" content=\"summary_large_image\" \/>\n<meta name=\"twitter:label1\" content=\"Est. tempo de leitura\" \/>\n\t<meta name=\"twitter:data1\" content=\"3 minutos\" \/>\n<script type=\"application\/ld+json\" class=\"yoast-schema-graph\">{\"@context\":\"https:\/\/schema.org\",\"@graph\":[{\"@type\":\"WebPage\",\"@id\":\"https:\/\/deputadotaveirajr.com.br\/index.php\/terminal-pesqueiro-de-natal-sera-leiloado-pelo-governo-federal-conheca-historia-da-estrutura-que-nunca-funcionou\/\",\"url\":\"https:\/\/deputadotaveirajr.com.br\/index.php\/terminal-pesqueiro-de-natal-sera-leiloado-pelo-governo-federal-conheca-historia-da-estrutura-que-nunca-funcionou\/\",\"name\":\"Terminal Pesqueiro de Natal ser\u00e1 leiloado pelo governo federal; conhe\u00e7a hist\u00f3ria da estrutura que nunca funcionou - Taveira Jr\",\"isPartOf\":{\"@id\":\"https:\/\/deputadotaveirajr.com.br\/#website\"},\"primaryImageOfPage\":{\"@id\":\"https:\/\/deputadotaveirajr.com.br\/index.php\/terminal-pesqueiro-de-natal-sera-leiloado-pelo-governo-federal-conheca-historia-da-estrutura-que-nunca-funcionou\/#primaryimage\"},\"image\":{\"@id\":\"https:\/\/deputadotaveirajr.com.br\/index.php\/terminal-pesqueiro-de-natal-sera-leiloado-pelo-governo-federal-conheca-historia-da-estrutura-que-nunca-funcionou\/#primaryimage\"},\"thumbnailUrl\":\"https:\/\/deputadotaveirajr.com.br\/wp-content\/uploads\/2025\/03\/terminal-pesqueiro-do-rn-4eOW70.jpeg\",\"datePublished\":\"2025-03-23T12:46:29+00:00\",\"breadcrumb\":{\"@id\":\"https:\/\/deputadotaveirajr.com.br\/index.php\/terminal-pesqueiro-de-natal-sera-leiloado-pelo-governo-federal-conheca-historia-da-estrutura-que-nunca-funcionou\/#breadcrumb\"},\"inLanguage\":\"pt-BR\",\"potentialAction\":[{\"@type\":\"ReadAction\",\"target\":[\"https:\/\/deputadotaveirajr.com.br\/index.php\/terminal-pesqueiro-de-natal-sera-leiloado-pelo-governo-federal-conheca-historia-da-estrutura-que-nunca-funcionou\/\"]}]},{\"@type\":\"ImageObject\",\"inLanguage\":\"pt-BR\",\"@id\":\"https:\/\/deputadotaveirajr.com.br\/index.php\/terminal-pesqueiro-de-natal-sera-leiloado-pelo-governo-federal-conheca-historia-da-estrutura-que-nunca-funcionou\/#primaryimage\",\"url\":\"https:\/\/deputadotaveirajr.com.br\/wp-content\/uploads\/2025\/03\/terminal-pesqueiro-do-rn-4eOW70.jpeg\",\"contentUrl\":\"https:\/\/deputadotaveirajr.com.br\/wp-content\/uploads\/2025\/03\/terminal-pesqueiro-do-rn-4eOW70.jpeg\",\"width\":1200,\"height\":797},{\"@type\":\"BreadcrumbList\",\"@id\":\"https:\/\/deputadotaveirajr.com.br\/index.php\/terminal-pesqueiro-de-natal-sera-leiloado-pelo-governo-federal-conheca-historia-da-estrutura-que-nunca-funcionou\/#breadcrumb\",\"itemListElement\":[{\"@type\":\"ListItem\",\"position\":1,\"name\":\"In\u00edcio\",\"item\":\"https:\/\/deputadotaveirajr.com.br\/\"},{\"@type\":\"ListItem\",\"position\":2,\"name\":\"Terminal Pesqueiro de Natal ser\u00e1 leiloado pelo governo federal; conhe\u00e7a hist\u00f3ria da estrutura que nunca funcionou\"}]},{\"@type\":\"WebSite\",\"@id\":\"https:\/\/deputadotaveirajr.com.br\/#website\",\"url\":\"https:\/\/deputadotaveirajr.com.br\/\",\"name\":\"Taveira Jr\",\"description\":\"Deputado Estadual\",\"publisher\":{\"@id\":\"https:\/\/deputadotaveirajr.com.br\/#organization\"},\"potentialAction\":[{\"@type\":\"SearchAction\",\"target\":{\"@type\":\"EntryPoint\",\"urlTemplate\":\"https:\/\/deputadotaveirajr.com.br\/?s={search_term_string}\"},\"query-input\":{\"@type\":\"PropertyValueSpecification\",\"valueRequired\":true,\"valueName\":\"search_term_string\"}}],\"inLanguage\":\"pt-BR\"},{\"@type\":\"Organization\",\"@id\":\"https:\/\/deputadotaveirajr.com.br\/#organization\",\"name\":\"Taveira Jr\",\"url\":\"https:\/\/deputadotaveirajr.com.br\/\",\"logo\":{\"@type\":\"ImageObject\",\"inLanguage\":\"pt-BR\",\"@id\":\"https:\/\/deputadotaveirajr.com.br\/#\/schema\/logo\/image\/\",\"url\":\"https:\/\/deputadotaveirajr.com.br\/wp-content\/uploads\/2026\/01\/logolow2a.png\",\"contentUrl\":\"https:\/\/deputadotaveirajr.com.br\/wp-content\/uploads\/2026\/01\/logolow2a.png\",\"width\":290,\"height\":80,\"caption\":\"Taveira Jr\"},\"image\":{\"@id\":\"https:\/\/deputadotaveirajr.com.br\/#\/schema\/logo\/image\/\"}}]}<\/script>\n<!-- \/ Yoast SEO plugin. -->","yoast_head_json":{"title":"Terminal Pesqueiro de Natal ser\u00e1 leiloado pelo governo federal; conhe\u00e7a hist\u00f3ria da estrutura que nunca funcionou - Taveira Jr","robots":{"index":"index","follow":"follow","max-snippet":"max-snippet:-1","max-image-preview":"max-image-preview:large","max-video-preview":"max-video-preview:-1"},"canonical":"https:\/\/deputadotaveirajr.com.br\/index.php\/terminal-pesqueiro-de-natal-sera-leiloado-pelo-governo-federal-conheca-historia-da-estrutura-que-nunca-funcionou\/","og_locale":"pt_BR","og_type":"article","og_title":"Terminal Pesqueiro de Natal ser\u00e1 leiloado pelo governo federal; conhe\u00e7a hist\u00f3ria da estrutura que nunca funcionou - Taveira Jr","og_description":"Equipamento come\u00e7ou a ser constru\u00eddo em 2009 e nunca foi conclu\u00eddo. \u00daltimo leil\u00e3o, em 2004, foi suspenso por falta de garantias na \u00fanica proposta apresentada. Terminal Pesqueiro de Natal RN ...","og_url":"https:\/\/deputadotaveirajr.com.br\/index.php\/terminal-pesqueiro-de-natal-sera-leiloado-pelo-governo-federal-conheca-historia-da-estrutura-que-nunca-funcionou\/","og_site_name":"Taveira Jr","og_image":[{"url":"https:\/\/s2-g1.glbimg.com\/apT9Yy7FxVYEfS603QyPVM1vS6A=\/i.s3.glbimg.com\/v1\/AUTH_59edd422c0c84a879bd37670ae4f538a\/internal_photos\/bs\/2021\/h\/s\/gPIIeARgCnKxRbwCtibg\/terminal-pesqueiro-do-rn.jpg","type":"","width":"","height":""}],"twitter_card":"summary_large_image","twitter_misc":{"Est. tempo de leitura":"3 minutos"},"schema":{"@context":"https:\/\/schema.org","@graph":[{"@type":"WebPage","@id":"https:\/\/deputadotaveirajr.com.br\/index.php\/terminal-pesqueiro-de-natal-sera-leiloado-pelo-governo-federal-conheca-historia-da-estrutura-que-nunca-funcionou\/","url":"https:\/\/deputadotaveirajr.com.br\/index.php\/terminal-pesqueiro-de-natal-sera-leiloado-pelo-governo-federal-conheca-historia-da-estrutura-que-nunca-funcionou\/","name":"Terminal Pesqueiro de Natal ser\u00e1 leiloado pelo governo federal; conhe\u00e7a hist\u00f3ria da estrutura que nunca funcionou - Taveira Jr","isPartOf":{"@id":"https:\/\/deputadotaveirajr.com.br\/#website"},"primaryImageOfPage":{"@id":"https:\/\/deputadotaveirajr.com.br\/index.php\/terminal-pesqueiro-de-natal-sera-leiloado-pelo-governo-federal-conheca-historia-da-estrutura-que-nunca-funcionou\/#primaryimage"},"image":{"@id":"https:\/\/deputadotaveirajr.com.br\/index.php\/terminal-pesqueiro-de-natal-sera-leiloado-pelo-governo-federal-conheca-historia-da-estrutura-que-nunca-funcionou\/#primaryimage"},"thumbnailUrl":"https:\/\/deputadotaveirajr.com.br\/wp-content\/uploads\/2025\/03\/terminal-pesqueiro-do-rn-4eOW70.jpeg","datePublished":"2025-03-23T12:46:29+00:00","breadcrumb":{"@id":"https:\/\/deputadotaveirajr.com.br\/index.php\/terminal-pesqueiro-de-natal-sera-leiloado-pelo-governo-federal-conheca-historia-da-estrutura-que-nunca-funcionou\/#breadcrumb"},"inLanguage":"pt-BR","potentialAction":[{"@type":"ReadAction","target":["https:\/\/deputadotaveirajr.com.br\/index.php\/terminal-pesqueiro-de-natal-sera-leiloado-pelo-governo-federal-conheca-historia-da-estrutura-que-nunca-funcionou\/"]}]},{"@type":"ImageObject","inLanguage":"pt-BR","@id":"https:\/\/deputadotaveirajr.com.br\/index.php\/terminal-pesqueiro-de-natal-sera-leiloado-pelo-governo-federal-conheca-historia-da-estrutura-que-nunca-funcionou\/#primaryimage","url":"https:\/\/deputadotaveirajr.com.br\/wp-content\/uploads\/2025\/03\/terminal-pesqueiro-do-rn-4eOW70.jpeg","contentUrl":"https:\/\/deputadotaveirajr.com.br\/wp-content\/uploads\/2025\/03\/terminal-pesqueiro-do-rn-4eOW70.jpeg","width":1200,"height":797},{"@type":"BreadcrumbList","@id":"https:\/\/deputadotaveirajr.com.br\/index.php\/terminal-pesqueiro-de-natal-sera-leiloado-pelo-governo-federal-conheca-historia-da-estrutura-que-nunca-funcionou\/#breadcrumb","itemListElement":[{"@type":"ListItem","position":1,"name":"In\u00edcio","item":"https:\/\/deputadotaveirajr.com.br\/"},{"@type":"ListItem","position":2,"name":"Terminal Pesqueiro de Natal ser\u00e1 leiloado pelo governo federal; conhe\u00e7a hist\u00f3ria da estrutura que nunca funcionou"}]},{"@type":"WebSite","@id":"https:\/\/deputadotaveirajr.com.br\/#website","url":"https:\/\/deputadotaveirajr.com.br\/","name":"Taveira Jr","description":"Deputado Estadual","publisher":{"@id":"https:\/\/deputadotaveirajr.com.br\/#organization"},"potentialAction":[{"@type":"SearchAction","target":{"@type":"EntryPoint","urlTemplate":"https:\/\/deputadotaveirajr.com.br\/?s={search_term_string}"},"query-input":{"@type":"PropertyValueSpecification","valueRequired":true,"valueName":"search_term_string"}}],"inLanguage":"pt-BR"},{"@type":"Organization","@id":"https:\/\/deputadotaveirajr.com.br\/#organization","name":"Taveira Jr","url":"https:\/\/deputadotaveirajr.com.br\/","logo":{"@type":"ImageObject","inLanguage":"pt-BR","@id":"https:\/\/deputadotaveirajr.com.br\/#\/schema\/logo\/image\/","url":"https:\/\/deputadotaveirajr.com.br\/wp-content\/uploads\/2026\/01\/logolow2a.png","contentUrl":"https:\/\/deputadotaveirajr.com.br\/wp-content\/uploads\/2026\/01\/logolow2a.png","width":290,"height":80,"caption":"Taveira Jr"},"image":{"@id":"https:\/\/deputadotaveirajr.com.br\/#\/schema\/logo\/image\/"}}]}},"_links":{"self":[{"href":"https:\/\/deputadotaveirajr.com.br\/index.php\/wp-json\/wp\/v2\/pages\/12651","targetHints":{"allow":["GET"]}}],"collection":[{"href":"https:\/\/deputadotaveirajr.com.br\/index.php\/wp-json\/wp\/v2\/pages"}],"about":[{"href":"https:\/\/deputadotaveirajr.com.br\/index.php\/wp-json\/wp\/v2\/types\/page"}],"replies":[{"embeddable":true,"href":"https:\/\/deputadotaveirajr.com.br\/index.php\/wp-json\/wp\/v2\/comments?post=12651"}],"version-history":[{"count":0,"href":"https:\/\/deputadotaveirajr.com.br\/index.php\/wp-json\/wp\/v2\/pages\/12651\/revisions"}],"wp:featuredmedia":[{"embeddable":true,"href":"https:\/\/deputadotaveirajr.com.br\/index.php\/wp-json\/wp\/v2\/media\/12652"}],"wp:attachment":[{"href":"https:\/\/deputadotaveirajr.com.br\/index.php\/wp-json\/wp\/v2\/media?parent=12651"}],"curies":[{"name":"wp","href":"https:\/\/api.w.org\/{rel}","templated":true}]}}