{"id":12657,"date":"2025-03-22T13:07:20","date_gmt":"2025-03-22T16:07:20","guid":{"rendered":"https:\/\/deputadotaveirajr.com.br\/index.php\/menino-de-5-anos-e-baleado-durante-briga-entre-faccoes-criminosas-em-natal-diz-pm\/"},"modified":"2025-03-22T13:07:20","modified_gmt":"2025-03-22T16:07:20","slug":"menino-de-5-anos-e-baleado-durante-briga-entre-faccoes-criminosas-em-natal-diz-pm","status":"publish","type":"page","link":"https:\/\/deputadotaveirajr.com.br\/index.php\/menino-de-5-anos-e-baleado-durante-briga-entre-faccoes-criminosas-em-natal-diz-pm\/","title":{"rendered":"Menino de 5 anos \u00e9 baleado durante briga entre fac\u00e7\u00f5es criminosas em Natal, diz PM"},"content":{"rendered":"<p><img decoding=\"async\" src=\"https:\/\/s2-g1.glbimg.com\/rt3_1Flj0HebSow_2R2HscF5pLc=\/i.s3.glbimg.com\/v1\/AUTH_59edd422c0c84a879bd37670ae4f538a\/internal_photos\/bs\/2022\/F\/x\/KGoFBBQwWInCCnAN5mjg\/whatsapp-image-2022-12-27-at-07.37.06.jpeg\" \/><br \/>     Crian\u00e7a recebeu alta na manh\u00e3 deste s\u00e1bado (22) do Hospital Monsenhor Walfredo Gurgel e n\u00e3o precisou passar por nenhum procedimento cir\u00fargico, segundo a unidade de sa\u00fade. Entrada do Pronto-Socorro Cl\u00f3vis Sarinho, no Hospital Walfredo Gurgel, em Natal.<br \/>\nFrancielly Medeiros\/Inter TV Cabugi<br \/>\nUm menino de 5 anos de idade foi baleado na noite desta sexta-feira (21) no ombro esquerdo durante um tiroteio no bairro Felipe Camar\u00e3o, na Zona Oeste de Natal. Segundo a Pol\u00edcia Militar, os tiros aconteceram durante uma briga entre fac\u00e7\u00f5es criminosas.<br \/>\nA crian\u00e7a ficou internada no Hospital Monsenhor Walfredo Gurgel e recebeu alta na manh\u00e3 deste s\u00e1bado (22). Segundo o setor de Servi\u00e7o Social da unidade de sa\u00fade, o menino n\u00e3o precisou passar por nenhum procedimento cir\u00fargico.<br \/>\n\ud83d\udcf3Participe do canal do g1 RN no WhatsApp<br \/>\nDe acordo com a Pol\u00edcia Militar, os criminosos armados entraram na casa em que estava a crian\u00e7a e discutiram com o padrasto dele que, segundo a PM, seria o alvo do crime. Nesse momento, o menino teria sido atingido pelo disparo.  O padrasto dele tamb\u00e9m foi baleado &#8211; o estado de sa\u00fade dele \u00e9 desconhecido.<br \/>\nA crian\u00e7a foi socorrida e levada em um ve\u00edculo particular para a Unidade de Pronto-Atendimento (UPA) de Cidade da Esperan\u00e7a, tamb\u00e9m na Zona Oeste da cidade, e em seguida encaminhada pelo Servi\u00e7o de Atendimento M\u00f3vel de Urg\u00eancia (Samu) para o Hospital Walfredo Gurgel.<br \/>\nSegundo a equipe do Walfredo Gurgel, o menino teve uma les\u00e3o no ombro esquerdo, provocada por um ferimento de arma de fogo, e foi atendido no setor de pediatria do pronto-socorro Cl\u00f3vis Sarinho, mas n\u00e3o precisou de nenhuma cirurgia.<br \/>\nComo o menino foi alvo de disparos, o hospital elaborou um relat\u00f3rio para o Conselho Tutelar.  A Pol\u00edcia Militar tamb\u00e9m esteve no hospital na noite de sexta em busca de informa\u00e7\u00f5es sobre os atiradores.<br \/>\nV\u00eddeos mais assistidos do g1 RN<\/p>","protected":false},"excerpt":{"rendered":"<p>Crian\u00e7a recebeu alta na manh\u00e3 deste s\u00e1bado (22) do Hospital Monsenhor Walfredo Gurgel e n\u00e3o precisou passar por nenhum procedimento cir\u00fargico, segundo a unidade de sa\u00fade. Entrada do Pronto-Socorro Cl\u00f3vis &#8230;<\/p>\n","protected":false},"author":0,"featured_media":12658,"parent":0,"menu_order":0,"comment_status":"closed","ping_status":"closed","template":"","meta":{"footnotes":""},"class_list":["post-12657","page","type-page","status-publish","has-post-thumbnail","hentry"],"yoast_head":"<!-- This site is optimized with the Yoast SEO plugin v27.1.1 - https:\/\/yoast.com\/product\/yoast-seo-wordpress\/ -->\n<title>Menino de 5 anos \u00e9 baleado durante briga entre fac\u00e7\u00f5es criminosas em Natal, diz PM - Taveira Jr<\/title>\n<meta name=\"robots\" content=\"index, follow, max-snippet:-1, max-image-preview:large, max-video-preview:-1\" \/>\n<link rel=\"canonical\" href=\"https:\/\/deputadotaveirajr.com.br\/index.php\/menino-de-5-anos-e-baleado-durante-briga-entre-faccoes-criminosas-em-natal-diz-pm\/\" \/>\n<meta property=\"og:locale\" content=\"pt_BR\" \/>\n<meta property=\"og:type\" content=\"article\" \/>\n<meta property=\"og:title\" content=\"Menino de 5 anos \u00e9 baleado durante briga entre fac\u00e7\u00f5es criminosas em Natal, diz PM - Taveira Jr\" \/>\n<meta property=\"og:description\" content=\"Crian\u00e7a recebeu alta na manh\u00e3 deste s\u00e1bado (22) do Hospital Monsenhor Walfredo Gurgel e n\u00e3o precisou passar por nenhum procedimento cir\u00fargico, segundo a unidade de sa\u00fade. Entrada do Pronto-Socorro Cl\u00f3vis ...\" \/>\n<meta property=\"og:url\" content=\"https:\/\/deputadotaveirajr.com.br\/index.php\/menino-de-5-anos-e-baleado-durante-briga-entre-faccoes-criminosas-em-natal-diz-pm\/\" \/>\n<meta property=\"og:site_name\" content=\"Taveira Jr\" \/>\n<meta property=\"og:image\" content=\"https:\/\/s2-g1.glbimg.com\/rt3_1Flj0HebSow_2R2HscF5pLc=\/i.s3.glbimg.com\/v1\/AUTH_59edd422c0c84a879bd37670ae4f538a\/internal_photos\/bs\/2022\/F\/x\/KGoFBBQwWInCCnAN5mjg\/whatsapp-image-2022-12-27-at-07.37.06.jpeg\" \/>\n<meta name=\"twitter:card\" content=\"summary_large_image\" \/>\n<meta name=\"twitter:label1\" content=\"Est. tempo de leitura\" \/>\n\t<meta name=\"twitter:data1\" content=\"2 minutos\" \/>\n<script type=\"application\/ld+json\" class=\"yoast-schema-graph\">{\"@context\":\"https:\/\/schema.org\",\"@graph\":[{\"@type\":\"WebPage\",\"@id\":\"https:\/\/deputadotaveirajr.com.br\/index.php\/menino-de-5-anos-e-baleado-durante-briga-entre-faccoes-criminosas-em-natal-diz-pm\/\",\"url\":\"https:\/\/deputadotaveirajr.com.br\/index.php\/menino-de-5-anos-e-baleado-durante-briga-entre-faccoes-criminosas-em-natal-diz-pm\/\",\"name\":\"Menino de 5 anos \u00e9 baleado durante briga entre fac\u00e7\u00f5es criminosas em Natal, diz PM - Taveira Jr\",\"isPartOf\":{\"@id\":\"https:\/\/deputadotaveirajr.com.br\/#website\"},\"primaryImageOfPage\":{\"@id\":\"https:\/\/deputadotaveirajr.com.br\/index.php\/menino-de-5-anos-e-baleado-durante-briga-entre-faccoes-criminosas-em-natal-diz-pm\/#primaryimage\"},\"image\":{\"@id\":\"https:\/\/deputadotaveirajr.com.br\/index.php\/menino-de-5-anos-e-baleado-durante-briga-entre-faccoes-criminosas-em-natal-diz-pm\/#primaryimage\"},\"thumbnailUrl\":\"https:\/\/deputadotaveirajr.com.br\/wp-content\/uploads\/2025\/03\/whatsapp-image-2022-12-27-at-07.37.06-vkmyyh.jpeg\",\"datePublished\":\"2025-03-22T16:07:20+00:00\",\"breadcrumb\":{\"@id\":\"https:\/\/deputadotaveirajr.com.br\/index.php\/menino-de-5-anos-e-baleado-durante-briga-entre-faccoes-criminosas-em-natal-diz-pm\/#breadcrumb\"},\"inLanguage\":\"pt-BR\",\"potentialAction\":[{\"@type\":\"ReadAction\",\"target\":[\"https:\/\/deputadotaveirajr.com.br\/index.php\/menino-de-5-anos-e-baleado-durante-briga-entre-faccoes-criminosas-em-natal-diz-pm\/\"]}]},{\"@type\":\"ImageObject\",\"inLanguage\":\"pt-BR\",\"@id\":\"https:\/\/deputadotaveirajr.com.br\/index.php\/menino-de-5-anos-e-baleado-durante-briga-entre-faccoes-criminosas-em-natal-diz-pm\/#primaryimage\",\"url\":\"https:\/\/deputadotaveirajr.com.br\/wp-content\/uploads\/2025\/03\/whatsapp-image-2022-12-27-at-07.37.06-vkmyyh.jpeg\",\"contentUrl\":\"https:\/\/deputadotaveirajr.com.br\/wp-content\/uploads\/2025\/03\/whatsapp-image-2022-12-27-at-07.37.06-vkmyyh.jpeg\",\"width\":1600,\"height\":900},{\"@type\":\"BreadcrumbList\",\"@id\":\"https:\/\/deputadotaveirajr.com.br\/index.php\/menino-de-5-anos-e-baleado-durante-briga-entre-faccoes-criminosas-em-natal-diz-pm\/#breadcrumb\",\"itemListElement\":[{\"@type\":\"ListItem\",\"position\":1,\"name\":\"In\u00edcio\",\"item\":\"https:\/\/deputadotaveirajr.com.br\/\"},{\"@type\":\"ListItem\",\"position\":2,\"name\":\"Menino de 5 anos \u00e9 baleado durante briga entre fac\u00e7\u00f5es criminosas em Natal, diz PM\"}]},{\"@type\":\"WebSite\",\"@id\":\"https:\/\/deputadotaveirajr.com.br\/#website\",\"url\":\"https:\/\/deputadotaveirajr.com.br\/\",\"name\":\"Taveira Jr\",\"description\":\"Deputado Estadual\",\"publisher\":{\"@id\":\"https:\/\/deputadotaveirajr.com.br\/#organization\"},\"potentialAction\":[{\"@type\":\"SearchAction\",\"target\":{\"@type\":\"EntryPoint\",\"urlTemplate\":\"https:\/\/deputadotaveirajr.com.br\/?s={search_term_string}\"},\"query-input\":{\"@type\":\"PropertyValueSpecification\",\"valueRequired\":true,\"valueName\":\"search_term_string\"}}],\"inLanguage\":\"pt-BR\"},{\"@type\":\"Organization\",\"@id\":\"https:\/\/deputadotaveirajr.com.br\/#organization\",\"name\":\"Taveira Jr\",\"url\":\"https:\/\/deputadotaveirajr.com.br\/\",\"logo\":{\"@type\":\"ImageObject\",\"inLanguage\":\"pt-BR\",\"@id\":\"https:\/\/deputadotaveirajr.com.br\/#\/schema\/logo\/image\/\",\"url\":\"https:\/\/deputadotaveirajr.com.br\/wp-content\/uploads\/2026\/01\/logolow2a.png\",\"contentUrl\":\"https:\/\/deputadotaveirajr.com.br\/wp-content\/uploads\/2026\/01\/logolow2a.png\",\"width\":290,\"height\":80,\"caption\":\"Taveira Jr\"},\"image\":{\"@id\":\"https:\/\/deputadotaveirajr.com.br\/#\/schema\/logo\/image\/\"}}]}<\/script>\n<!-- \/ Yoast SEO plugin. -->","yoast_head_json":{"title":"Menino de 5 anos \u00e9 baleado durante briga entre fac\u00e7\u00f5es criminosas em Natal, diz PM - Taveira Jr","robots":{"index":"index","follow":"follow","max-snippet":"max-snippet:-1","max-image-preview":"max-image-preview:large","max-video-preview":"max-video-preview:-1"},"canonical":"https:\/\/deputadotaveirajr.com.br\/index.php\/menino-de-5-anos-e-baleado-durante-briga-entre-faccoes-criminosas-em-natal-diz-pm\/","og_locale":"pt_BR","og_type":"article","og_title":"Menino de 5 anos \u00e9 baleado durante briga entre fac\u00e7\u00f5es criminosas em Natal, diz PM - Taveira Jr","og_description":"Crian\u00e7a recebeu alta na manh\u00e3 deste s\u00e1bado (22) do Hospital Monsenhor Walfredo Gurgel e n\u00e3o precisou passar por nenhum procedimento cir\u00fargico, segundo a unidade de sa\u00fade. Entrada do Pronto-Socorro Cl\u00f3vis ...","og_url":"https:\/\/deputadotaveirajr.com.br\/index.php\/menino-de-5-anos-e-baleado-durante-briga-entre-faccoes-criminosas-em-natal-diz-pm\/","og_site_name":"Taveira Jr","og_image":[{"url":"https:\/\/s2-g1.glbimg.com\/rt3_1Flj0HebSow_2R2HscF5pLc=\/i.s3.glbimg.com\/v1\/AUTH_59edd422c0c84a879bd37670ae4f538a\/internal_photos\/bs\/2022\/F\/x\/KGoFBBQwWInCCnAN5mjg\/whatsapp-image-2022-12-27-at-07.37.06.jpeg","type":"","width":"","height":""}],"twitter_card":"summary_large_image","twitter_misc":{"Est. tempo de leitura":"2 minutos"},"schema":{"@context":"https:\/\/schema.org","@graph":[{"@type":"WebPage","@id":"https:\/\/deputadotaveirajr.com.br\/index.php\/menino-de-5-anos-e-baleado-durante-briga-entre-faccoes-criminosas-em-natal-diz-pm\/","url":"https:\/\/deputadotaveirajr.com.br\/index.php\/menino-de-5-anos-e-baleado-durante-briga-entre-faccoes-criminosas-em-natal-diz-pm\/","name":"Menino de 5 anos \u00e9 baleado durante briga entre fac\u00e7\u00f5es criminosas em Natal, diz PM - Taveira Jr","isPartOf":{"@id":"https:\/\/deputadotaveirajr.com.br\/#website"},"primaryImageOfPage":{"@id":"https:\/\/deputadotaveirajr.com.br\/index.php\/menino-de-5-anos-e-baleado-durante-briga-entre-faccoes-criminosas-em-natal-diz-pm\/#primaryimage"},"image":{"@id":"https:\/\/deputadotaveirajr.com.br\/index.php\/menino-de-5-anos-e-baleado-durante-briga-entre-faccoes-criminosas-em-natal-diz-pm\/#primaryimage"},"thumbnailUrl":"https:\/\/deputadotaveirajr.com.br\/wp-content\/uploads\/2025\/03\/whatsapp-image-2022-12-27-at-07.37.06-vkmyyh.jpeg","datePublished":"2025-03-22T16:07:20+00:00","breadcrumb":{"@id":"https:\/\/deputadotaveirajr.com.br\/index.php\/menino-de-5-anos-e-baleado-durante-briga-entre-faccoes-criminosas-em-natal-diz-pm\/#breadcrumb"},"inLanguage":"pt-BR","potentialAction":[{"@type":"ReadAction","target":["https:\/\/deputadotaveirajr.com.br\/index.php\/menino-de-5-anos-e-baleado-durante-briga-entre-faccoes-criminosas-em-natal-diz-pm\/"]}]},{"@type":"ImageObject","inLanguage":"pt-BR","@id":"https:\/\/deputadotaveirajr.com.br\/index.php\/menino-de-5-anos-e-baleado-durante-briga-entre-faccoes-criminosas-em-natal-diz-pm\/#primaryimage","url":"https:\/\/deputadotaveirajr.com.br\/wp-content\/uploads\/2025\/03\/whatsapp-image-2022-12-27-at-07.37.06-vkmyyh.jpeg","contentUrl":"https:\/\/deputadotaveirajr.com.br\/wp-content\/uploads\/2025\/03\/whatsapp-image-2022-12-27-at-07.37.06-vkmyyh.jpeg","width":1600,"height":900},{"@type":"BreadcrumbList","@id":"https:\/\/deputadotaveirajr.com.br\/index.php\/menino-de-5-anos-e-baleado-durante-briga-entre-faccoes-criminosas-em-natal-diz-pm\/#breadcrumb","itemListElement":[{"@type":"ListItem","position":1,"name":"In\u00edcio","item":"https:\/\/deputadotaveirajr.com.br\/"},{"@type":"ListItem","position":2,"name":"Menino de 5 anos \u00e9 baleado durante briga entre fac\u00e7\u00f5es criminosas em Natal, diz PM"}]},{"@type":"WebSite","@id":"https:\/\/deputadotaveirajr.com.br\/#website","url":"https:\/\/deputadotaveirajr.com.br\/","name":"Taveira Jr","description":"Deputado Estadual","publisher":{"@id":"https:\/\/deputadotaveirajr.com.br\/#organization"},"potentialAction":[{"@type":"SearchAction","target":{"@type":"EntryPoint","urlTemplate":"https:\/\/deputadotaveirajr.com.br\/?s={search_term_string}"},"query-input":{"@type":"PropertyValueSpecification","valueRequired":true,"valueName":"search_term_string"}}],"inLanguage":"pt-BR"},{"@type":"Organization","@id":"https:\/\/deputadotaveirajr.com.br\/#organization","name":"Taveira Jr","url":"https:\/\/deputadotaveirajr.com.br\/","logo":{"@type":"ImageObject","inLanguage":"pt-BR","@id":"https:\/\/deputadotaveirajr.com.br\/#\/schema\/logo\/image\/","url":"https:\/\/deputadotaveirajr.com.br\/wp-content\/uploads\/2026\/01\/logolow2a.png","contentUrl":"https:\/\/deputadotaveirajr.com.br\/wp-content\/uploads\/2026\/01\/logolow2a.png","width":290,"height":80,"caption":"Taveira Jr"},"image":{"@id":"https:\/\/deputadotaveirajr.com.br\/#\/schema\/logo\/image\/"}}]}},"_links":{"self":[{"href":"https:\/\/deputadotaveirajr.com.br\/index.php\/wp-json\/wp\/v2\/pages\/12657","targetHints":{"allow":["GET"]}}],"collection":[{"href":"https:\/\/deputadotaveirajr.com.br\/index.php\/wp-json\/wp\/v2\/pages"}],"about":[{"href":"https:\/\/deputadotaveirajr.com.br\/index.php\/wp-json\/wp\/v2\/types\/page"}],"replies":[{"embeddable":true,"href":"https:\/\/deputadotaveirajr.com.br\/index.php\/wp-json\/wp\/v2\/comments?post=12657"}],"version-history":[{"count":0,"href":"https:\/\/deputadotaveirajr.com.br\/index.php\/wp-json\/wp\/v2\/pages\/12657\/revisions"}],"wp:featuredmedia":[{"embeddable":true,"href":"https:\/\/deputadotaveirajr.com.br\/index.php\/wp-json\/wp\/v2\/media\/12658"}],"wp:attachment":[{"href":"https:\/\/deputadotaveirajr.com.br\/index.php\/wp-json\/wp\/v2\/media?parent=12657"}],"curies":[{"name":"wp","href":"https:\/\/api.w.org\/{rel}","templated":true}]}}