{"id":12662,"date":"2025-03-27T00:01:18","date_gmt":"2025-03-27T03:01:18","guid":{"rendered":"https:\/\/deputadotaveirajr.com.br\/index.php\/unp-completa-44-anos-e-reafirma-sua-lideranca-no-ensino-superior-do-rn\/"},"modified":"2025-03-27T00:01:18","modified_gmt":"2025-03-27T03:01:18","slug":"unp-completa-44-anos-e-reafirma-sua-lideranca-no-ensino-superior-do-rn","status":"publish","type":"page","link":"https:\/\/deputadotaveirajr.com.br\/index.php\/unp-completa-44-anos-e-reafirma-sua-lideranca-no-ensino-superior-do-rn\/","title":{"rendered":"UnP completa 44 anos e reafirma sua lideran\u00e7a no Ensino Superior do RN"},"content":{"rendered":"<p><img decoding=\"async\" src=\"https:\/\/s2-g1.glbimg.com\/twa8AHGwjCZv3X-U6WcNNYqNfTA=\/i.s3.glbimg.com\/v1\/AUTH_59edd422c0c84a879bd37670ae4f538a\/internal_photos\/bs\/2025\/9\/p\/1AJVe6SXSuKKuB9Qf37w\/materia-publicitaria-foto-01.jpg\" \/><br \/>     Universidade Potiguar investe em infraestrutura, tecnologia e novos cursos para transformar a educa\u00e7\u00e3o no estado. Unidade UnP Salgado Filho<br \/>\nUnP\/Arquivos Marketing<br \/>\nPrestes a completar 44 anos de trajet\u00f3ria no pr\u00f3ximo m\u00eas de mar\u00e7o, a Universidade Potiguar (UnP), integrante do maior e mais inovador ecossistema de qualidade do Brasil: o Ecossistema \u00c2nima, reafirma sua posi\u00e7\u00e3o como l\u00edder em inova\u00e7\u00e3o no Ensino Superior Privado do Rio Grande do Norte.<br \/>\nA Institui\u00e7\u00e3o tem sido pioneira na introdu\u00e7\u00e3o de pr\u00e1ticas educacionais e tecnologias que est\u00e3o transformando o cen\u00e1rio acad\u00eamico potiguar.<br \/>\n\u201cA UnP se destaca pela capacidade de unir tradi\u00e7\u00e3o e modernidade. Nosso compromisso com a educa\u00e7\u00e3o de excel\u00eancia nos impulsiona a investir constantemente na moderniza\u00e7\u00e3o de estruturas, na capacita\u00e7\u00e3o de nossos educadores e na amplia\u00e7\u00e3o do portf\u00f3lio de cursos\u201d, afirma a diretora adjunta, B\u00e1rbara Azevedo.<br \/>\nLaborat\u00f3rio Morfofuncional 02 &#8211; Unidade UnP Salgado Filho<br \/>\nUnP\/Arquivos Marketing<br \/>\nA UnP est\u00e1 presente em Natal, Caic\u00f3, Mossor\u00f3 e Pau dos Ferros, com uma atua\u00e7\u00e3o consolidada que inclui nota 5, conceito m\u00e1ximo atribu\u00eddo pelo Minist\u00e9rio da Educa\u00e7\u00e3o (MEC). Em 2024, foi destaque mais uma vez no Guia da Faculdade, conquistando 289 estrelas nos cursos avaliados na modalidade presencial, al\u00e9m de cursos EAD.<br \/>\nO dado demonstra um crescimento de 50,52% em rela\u00e7\u00e3o a 2023, quando foram alcan\u00e7adas 192 estrelas.<br \/>\n\u201cEsses resultados refletem o trabalho dedicado de toda a nossa equipe e nosso compromisso com o desenvolvimento da educa\u00e7\u00e3o no estado\u201d, ressalta B\u00e1rbara.<br \/>\nA Institui\u00e7\u00e3o oferece mais de 100 cursos em diferentes modalidades \u2013 presencial, semipresencial e \u00e0 dist\u00e2ncia \u2013, al\u00e9m de um portal de carreiras com oportunidades exclusivas para seus alunos.<br \/>\n\u201cAcreditamos que a educa\u00e7\u00e3o deve acompanhar as demandas do mercado de trabalho e da sociedade. Por isso, seguimos investindo em infraestrutura de padr\u00e3o internacional e em tecnologias de ponta, como \u00f3culos 3D e mesas anat\u00f4micas\u201d, acrescenta.<br \/>\nEnfermaria Simulada &#8211; Unidade UnP Salgado Filho<br \/>\nUnP\/Arquivos Marketing<br \/>\nRecentemente, a Universidade Potiguar (UnP) promoveu importantes avan\u00e7os em sua estrutura acad\u00eamica e de servi\u00e7os. Em Natal, a Unidade Salgado Filho foi revitalizada, e o campus Mossor\u00f3 ampliou sua oferta com o lan\u00e7amento do curso de Odontologia, que inicia neste semestre 2025.1.<br \/>\nAl\u00e9m disso, a Institui\u00e7\u00e3o inaugurou o Centro M\u00e9dico Veterin\u00e1rio (CMV), vinculado ao curso de Medicina Veterin\u00e1ria. J\u00e1 na Unidade Zona Norte da capital, a UnP deu um passo significativo ao implantar a Cl\u00ednica-Escola de Fisioterapia, expandindo os servi\u00e7os de sa\u00fade para atender \u00e0 popula\u00e7\u00e3o da regi\u00e3o.<br \/>\nNo Serid\u00f3, em Caic\u00f3, a UnP avan\u00e7a no processo de credenciamento junto ao Minist\u00e9rio da Educa\u00e7\u00e3o (MEC) para transformar o local em um campus fora de sede, com a oferta de cursos presenciais, al\u00e9m de sua atua\u00e7\u00e3o como Polo de Ensino a Dist\u00e2ncia.<br \/>\nO credenciamento, que segue etapas rigorosas de avalia\u00e7\u00e3o acad\u00eamica, administrativa e estrutural, incluiu uma visita in loco de especialistas no final de 2023. O resultado foi um reconhecimento de excel\u00eancia, com a atribui\u00e7\u00e3o do conceito m\u00e1ximo, nota 5.<br \/>\n\u201cEssas iniciativas demonstram o compromisso da Institui\u00e7\u00e3o em atender \u00e0s necessidades emergentes da sociedade potiguar. Al\u00e9m disso, sua abordagem educacional prioriza o desenvolvimento de habilidades complementares, como intelig\u00eancia emocional e compet\u00eancias de comunica\u00e7\u00e3o, essenciais para o sucesso dos alunos\u201d, comenta a diretora adjunta.<br \/>\nUnidade UnP Salgado Filho<br \/>\nUnP\/Arquivos Marketing<br \/>\nO modelo de aprendizagem integrada permite que os estudantes vivenciem a realidade social e profissional desde o in\u00edcio da forma\u00e7\u00e3o. Mais de 1.400 empresas s\u00e3o conveniadas para proporcionar est\u00e1gios e empregos, enquanto mais de 500 mil atendimentos de sa\u00fade e servi\u00e7os jur\u00eddicos foram realizados em benef\u00edcio da comunidade.<br \/>\n\u201cNosso papel vai al\u00e9m de formar profissionais qualificados; queremos impactar positivamente a sociedade. Investir em educa\u00e7\u00e3o \u00e9 investir no futuro do nosso estado e do pa\u00eds. A lideran\u00e7a da UnP no Ensino Superior do RN \u00e9 resultado de uma hist\u00f3ria de dedica\u00e7\u00e3o e compromisso com a excel\u00eancia acad\u00eamica, preparando alunos para os desafios de um mundo cada vez mais complexo e interconectado\u201d, comemora B\u00e1rbara Azevedo.<\/p>","protected":false},"excerpt":{"rendered":"<p>Universidade Potiguar investe em infraestrutura, tecnologia e novos cursos para transformar a educa\u00e7\u00e3o no estado. Unidade UnP Salgado Filho UnP\/Arquivos Marketing Prestes a completar 44 anos de trajet\u00f3ria no pr\u00f3ximo &#8230;<\/p>\n","protected":false},"author":0,"featured_media":12663,"parent":0,"menu_order":0,"comment_status":"closed","ping_status":"closed","template":"","meta":{"footnotes":""},"class_list":["post-12662","page","type-page","status-publish","has-post-thumbnail","hentry"],"yoast_head":"<!-- This site is optimized with the Yoast SEO plugin v27.1.1 - https:\/\/yoast.com\/product\/yoast-seo-wordpress\/ -->\n<title>UnP completa 44 anos e reafirma sua lideran\u00e7a no Ensino Superior do RN - Taveira Jr<\/title>\n<meta name=\"robots\" content=\"index, follow, max-snippet:-1, max-image-preview:large, max-video-preview:-1\" \/>\n<link rel=\"canonical\" href=\"https:\/\/deputadotaveirajr.com.br\/index.php\/unp-completa-44-anos-e-reafirma-sua-lideranca-no-ensino-superior-do-rn\/\" \/>\n<meta property=\"og:locale\" content=\"pt_BR\" \/>\n<meta property=\"og:type\" content=\"article\" \/>\n<meta property=\"og:title\" content=\"UnP completa 44 anos e reafirma sua lideran\u00e7a no Ensino Superior do RN - Taveira Jr\" \/>\n<meta property=\"og:description\" content=\"Universidade Potiguar investe em infraestrutura, tecnologia e novos cursos para transformar a educa\u00e7\u00e3o no estado. Unidade UnP Salgado Filho UnP\/Arquivos Marketing Prestes a completar 44 anos de trajet\u00f3ria no pr\u00f3ximo ...\" \/>\n<meta property=\"og:url\" content=\"https:\/\/deputadotaveirajr.com.br\/index.php\/unp-completa-44-anos-e-reafirma-sua-lideranca-no-ensino-superior-do-rn\/\" \/>\n<meta property=\"og:site_name\" content=\"Taveira Jr\" \/>\n<meta property=\"og:image\" content=\"https:\/\/s2-g1.glbimg.com\/twa8AHGwjCZv3X-U6WcNNYqNfTA=\/i.s3.glbimg.com\/v1\/AUTH_59edd422c0c84a879bd37670ae4f538a\/internal_photos\/bs\/2025\/9\/p\/1AJVe6SXSuKKuB9Qf37w\/materia-publicitaria-foto-01.jpg\" \/>\n<meta name=\"twitter:card\" content=\"summary_large_image\" \/>\n<meta name=\"twitter:label1\" content=\"Est. tempo de leitura\" \/>\n\t<meta name=\"twitter:data1\" content=\"4 minutos\" \/>\n<script type=\"application\/ld+json\" class=\"yoast-schema-graph\">{\"@context\":\"https:\/\/schema.org\",\"@graph\":[{\"@type\":\"WebPage\",\"@id\":\"https:\/\/deputadotaveirajr.com.br\/index.php\/unp-completa-44-anos-e-reafirma-sua-lideranca-no-ensino-superior-do-rn\/\",\"url\":\"https:\/\/deputadotaveirajr.com.br\/index.php\/unp-completa-44-anos-e-reafirma-sua-lideranca-no-ensino-superior-do-rn\/\",\"name\":\"UnP completa 44 anos e reafirma sua lideran\u00e7a no Ensino Superior do RN - Taveira Jr\",\"isPartOf\":{\"@id\":\"https:\/\/deputadotaveirajr.com.br\/#website\"},\"primaryImageOfPage\":{\"@id\":\"https:\/\/deputadotaveirajr.com.br\/index.php\/unp-completa-44-anos-e-reafirma-sua-lideranca-no-ensino-superior-do-rn\/#primaryimage\"},\"image\":{\"@id\":\"https:\/\/deputadotaveirajr.com.br\/index.php\/unp-completa-44-anos-e-reafirma-sua-lideranca-no-ensino-superior-do-rn\/#primaryimage\"},\"thumbnailUrl\":\"https:\/\/deputadotaveirajr.com.br\/wp-content\/uploads\/2025\/03\/materia-publicitaria-foto-01-RbBsLY.jpeg\",\"datePublished\":\"2025-03-27T03:01:18+00:00\",\"breadcrumb\":{\"@id\":\"https:\/\/deputadotaveirajr.com.br\/index.php\/unp-completa-44-anos-e-reafirma-sua-lideranca-no-ensino-superior-do-rn\/#breadcrumb\"},\"inLanguage\":\"pt-BR\",\"potentialAction\":[{\"@type\":\"ReadAction\",\"target\":[\"https:\/\/deputadotaveirajr.com.br\/index.php\/unp-completa-44-anos-e-reafirma-sua-lideranca-no-ensino-superior-do-rn\/\"]}]},{\"@type\":\"ImageObject\",\"inLanguage\":\"pt-BR\",\"@id\":\"https:\/\/deputadotaveirajr.com.br\/index.php\/unp-completa-44-anos-e-reafirma-sua-lideranca-no-ensino-superior-do-rn\/#primaryimage\",\"url\":\"https:\/\/deputadotaveirajr.com.br\/wp-content\/uploads\/2025\/03\/materia-publicitaria-foto-01-RbBsLY.jpeg\",\"contentUrl\":\"https:\/\/deputadotaveirajr.com.br\/wp-content\/uploads\/2025\/03\/materia-publicitaria-foto-01-RbBsLY.jpeg\",\"width\":1200,\"height\":750},{\"@type\":\"BreadcrumbList\",\"@id\":\"https:\/\/deputadotaveirajr.com.br\/index.php\/unp-completa-44-anos-e-reafirma-sua-lideranca-no-ensino-superior-do-rn\/#breadcrumb\",\"itemListElement\":[{\"@type\":\"ListItem\",\"position\":1,\"name\":\"In\u00edcio\",\"item\":\"https:\/\/deputadotaveirajr.com.br\/\"},{\"@type\":\"ListItem\",\"position\":2,\"name\":\"UnP completa 44 anos e reafirma sua lideran\u00e7a no Ensino Superior do RN\"}]},{\"@type\":\"WebSite\",\"@id\":\"https:\/\/deputadotaveirajr.com.br\/#website\",\"url\":\"https:\/\/deputadotaveirajr.com.br\/\",\"name\":\"Taveira Jr\",\"description\":\"Deputado Estadual\",\"publisher\":{\"@id\":\"https:\/\/deputadotaveirajr.com.br\/#organization\"},\"potentialAction\":[{\"@type\":\"SearchAction\",\"target\":{\"@type\":\"EntryPoint\",\"urlTemplate\":\"https:\/\/deputadotaveirajr.com.br\/?s={search_term_string}\"},\"query-input\":{\"@type\":\"PropertyValueSpecification\",\"valueRequired\":true,\"valueName\":\"search_term_string\"}}],\"inLanguage\":\"pt-BR\"},{\"@type\":\"Organization\",\"@id\":\"https:\/\/deputadotaveirajr.com.br\/#organization\",\"name\":\"Taveira Jr\",\"url\":\"https:\/\/deputadotaveirajr.com.br\/\",\"logo\":{\"@type\":\"ImageObject\",\"inLanguage\":\"pt-BR\",\"@id\":\"https:\/\/deputadotaveirajr.com.br\/#\/schema\/logo\/image\/\",\"url\":\"https:\/\/deputadotaveirajr.com.br\/wp-content\/uploads\/2026\/01\/logolow2a.png\",\"contentUrl\":\"https:\/\/deputadotaveirajr.com.br\/wp-content\/uploads\/2026\/01\/logolow2a.png\",\"width\":290,\"height\":80,\"caption\":\"Taveira Jr\"},\"image\":{\"@id\":\"https:\/\/deputadotaveirajr.com.br\/#\/schema\/logo\/image\/\"}}]}<\/script>\n<!-- \/ Yoast SEO plugin. -->","yoast_head_json":{"title":"UnP completa 44 anos e reafirma sua lideran\u00e7a no Ensino Superior do RN - Taveira Jr","robots":{"index":"index","follow":"follow","max-snippet":"max-snippet:-1","max-image-preview":"max-image-preview:large","max-video-preview":"max-video-preview:-1"},"canonical":"https:\/\/deputadotaveirajr.com.br\/index.php\/unp-completa-44-anos-e-reafirma-sua-lideranca-no-ensino-superior-do-rn\/","og_locale":"pt_BR","og_type":"article","og_title":"UnP completa 44 anos e reafirma sua lideran\u00e7a no Ensino Superior do RN - Taveira Jr","og_description":"Universidade Potiguar investe em infraestrutura, tecnologia e novos cursos para transformar a educa\u00e7\u00e3o no estado. Unidade UnP Salgado Filho UnP\/Arquivos Marketing Prestes a completar 44 anos de trajet\u00f3ria no pr\u00f3ximo ...","og_url":"https:\/\/deputadotaveirajr.com.br\/index.php\/unp-completa-44-anos-e-reafirma-sua-lideranca-no-ensino-superior-do-rn\/","og_site_name":"Taveira Jr","og_image":[{"url":"https:\/\/s2-g1.glbimg.com\/twa8AHGwjCZv3X-U6WcNNYqNfTA=\/i.s3.glbimg.com\/v1\/AUTH_59edd422c0c84a879bd37670ae4f538a\/internal_photos\/bs\/2025\/9\/p\/1AJVe6SXSuKKuB9Qf37w\/materia-publicitaria-foto-01.jpg","type":"","width":"","height":""}],"twitter_card":"summary_large_image","twitter_misc":{"Est. tempo de leitura":"4 minutos"},"schema":{"@context":"https:\/\/schema.org","@graph":[{"@type":"WebPage","@id":"https:\/\/deputadotaveirajr.com.br\/index.php\/unp-completa-44-anos-e-reafirma-sua-lideranca-no-ensino-superior-do-rn\/","url":"https:\/\/deputadotaveirajr.com.br\/index.php\/unp-completa-44-anos-e-reafirma-sua-lideranca-no-ensino-superior-do-rn\/","name":"UnP completa 44 anos e reafirma sua lideran\u00e7a no Ensino Superior do RN - Taveira Jr","isPartOf":{"@id":"https:\/\/deputadotaveirajr.com.br\/#website"},"primaryImageOfPage":{"@id":"https:\/\/deputadotaveirajr.com.br\/index.php\/unp-completa-44-anos-e-reafirma-sua-lideranca-no-ensino-superior-do-rn\/#primaryimage"},"image":{"@id":"https:\/\/deputadotaveirajr.com.br\/index.php\/unp-completa-44-anos-e-reafirma-sua-lideranca-no-ensino-superior-do-rn\/#primaryimage"},"thumbnailUrl":"https:\/\/deputadotaveirajr.com.br\/wp-content\/uploads\/2025\/03\/materia-publicitaria-foto-01-RbBsLY.jpeg","datePublished":"2025-03-27T03:01:18+00:00","breadcrumb":{"@id":"https:\/\/deputadotaveirajr.com.br\/index.php\/unp-completa-44-anos-e-reafirma-sua-lideranca-no-ensino-superior-do-rn\/#breadcrumb"},"inLanguage":"pt-BR","potentialAction":[{"@type":"ReadAction","target":["https:\/\/deputadotaveirajr.com.br\/index.php\/unp-completa-44-anos-e-reafirma-sua-lideranca-no-ensino-superior-do-rn\/"]}]},{"@type":"ImageObject","inLanguage":"pt-BR","@id":"https:\/\/deputadotaveirajr.com.br\/index.php\/unp-completa-44-anos-e-reafirma-sua-lideranca-no-ensino-superior-do-rn\/#primaryimage","url":"https:\/\/deputadotaveirajr.com.br\/wp-content\/uploads\/2025\/03\/materia-publicitaria-foto-01-RbBsLY.jpeg","contentUrl":"https:\/\/deputadotaveirajr.com.br\/wp-content\/uploads\/2025\/03\/materia-publicitaria-foto-01-RbBsLY.jpeg","width":1200,"height":750},{"@type":"BreadcrumbList","@id":"https:\/\/deputadotaveirajr.com.br\/index.php\/unp-completa-44-anos-e-reafirma-sua-lideranca-no-ensino-superior-do-rn\/#breadcrumb","itemListElement":[{"@type":"ListItem","position":1,"name":"In\u00edcio","item":"https:\/\/deputadotaveirajr.com.br\/"},{"@type":"ListItem","position":2,"name":"UnP completa 44 anos e reafirma sua lideran\u00e7a no Ensino Superior do RN"}]},{"@type":"WebSite","@id":"https:\/\/deputadotaveirajr.com.br\/#website","url":"https:\/\/deputadotaveirajr.com.br\/","name":"Taveira Jr","description":"Deputado Estadual","publisher":{"@id":"https:\/\/deputadotaveirajr.com.br\/#organization"},"potentialAction":[{"@type":"SearchAction","target":{"@type":"EntryPoint","urlTemplate":"https:\/\/deputadotaveirajr.com.br\/?s={search_term_string}"},"query-input":{"@type":"PropertyValueSpecification","valueRequired":true,"valueName":"search_term_string"}}],"inLanguage":"pt-BR"},{"@type":"Organization","@id":"https:\/\/deputadotaveirajr.com.br\/#organization","name":"Taveira Jr","url":"https:\/\/deputadotaveirajr.com.br\/","logo":{"@type":"ImageObject","inLanguage":"pt-BR","@id":"https:\/\/deputadotaveirajr.com.br\/#\/schema\/logo\/image\/","url":"https:\/\/deputadotaveirajr.com.br\/wp-content\/uploads\/2026\/01\/logolow2a.png","contentUrl":"https:\/\/deputadotaveirajr.com.br\/wp-content\/uploads\/2026\/01\/logolow2a.png","width":290,"height":80,"caption":"Taveira Jr"},"image":{"@id":"https:\/\/deputadotaveirajr.com.br\/#\/schema\/logo\/image\/"}}]}},"_links":{"self":[{"href":"https:\/\/deputadotaveirajr.com.br\/index.php\/wp-json\/wp\/v2\/pages\/12662","targetHints":{"allow":["GET"]}}],"collection":[{"href":"https:\/\/deputadotaveirajr.com.br\/index.php\/wp-json\/wp\/v2\/pages"}],"about":[{"href":"https:\/\/deputadotaveirajr.com.br\/index.php\/wp-json\/wp\/v2\/types\/page"}],"replies":[{"embeddable":true,"href":"https:\/\/deputadotaveirajr.com.br\/index.php\/wp-json\/wp\/v2\/comments?post=12662"}],"version-history":[{"count":0,"href":"https:\/\/deputadotaveirajr.com.br\/index.php\/wp-json\/wp\/v2\/pages\/12662\/revisions"}],"wp:featuredmedia":[{"embeddable":true,"href":"https:\/\/deputadotaveirajr.com.br\/index.php\/wp-json\/wp\/v2\/media\/12663"}],"wp:attachment":[{"href":"https:\/\/deputadotaveirajr.com.br\/index.php\/wp-json\/wp\/v2\/media?parent=12662"}],"curies":[{"name":"wp","href":"https:\/\/api.w.org\/{rel}","templated":true}]}}