{"id":12666,"date":"2025-03-26T18:45:19","date_gmt":"2025-03-26T21:45:19","guid":{"rendered":"https:\/\/deputadotaveirajr.com.br\/index.php\/serasa-diz-que-855-mil-potiguares-tem-dividas-e-nao-sabem-saiba-como-consultar\/"},"modified":"2025-03-26T18:45:19","modified_gmt":"2025-03-26T21:45:19","slug":"serasa-diz-que-855-mil-potiguares-tem-dividas-e-nao-sabem-saiba-como-consultar","status":"publish","type":"page","link":"https:\/\/deputadotaveirajr.com.br\/index.php\/serasa-diz-que-855-mil-potiguares-tem-dividas-e-nao-sabem-saiba-como-consultar\/","title":{"rendered":"Serasa diz que 855 mil potiguares t\u00eam d\u00edvidas e n\u00e3o sabem; saiba como consultar"},"content":{"rendered":"<p><img decoding=\"async\" src=\"https:\/\/s2-g1.glbimg.com\/Lww7uAxJNX_XBE5Y_S_0Iu3nGnk=\/i.s3.glbimg.com\/v1\/AUTH_59edd422c0c84a879bd37670ae4f538a\/internal_photos\/bs\/2024\/B\/8\/Ls0gnxQAOHLXcsWInZoA\/whatsapp-image-2024-11-04-at-17.19.44.jpeg\" \/><br \/>     Desse total de envidividados, segundo o Serasa, 331.407 deles j\u00e1 haviam sido negativados. Feir\u00e3o Limpa Nome possibilita negociar d\u00edvidas at\u00e9 31 de mar\u00e7o.  Mais de 855 mil potiguares est\u00e3o com d\u00edvidas em aberto<br \/>\nMais de 855 mil potiguares apresentavam d\u00edvidas at\u00e9 este m\u00eas de mar\u00e7o e sequer sabiam disso. Foi o que apontou um levantamento divulgado na \u00faltima segunda-feira (26) pelo Serasa. O n\u00famero representa cerca de 24% da popula\u00e7\u00e3o de todo o Rio Grande do Norte, que \u00e9 de 3,4 milh\u00f5es de pessoas.<br \/>\nDesse total de envidividados, segundo o Serasa, 331.407 deles j\u00e1 haviam sido negativados &#8211; quando o credor solicitar a inclus\u00e3o do nome e do CPF nos bir\u00f4s de cr\u00e9dito, como o Serasa. Saiba mais abaixo como descobrir se h\u00e1 d\u00edvidas no seu nome.<br \/>\n\ud83d\udcf3Participe do canal do g1 RN no WhatsApp<br \/>\n&#8220;Essas pessoas n\u00e3o t\u00eam o costume de monitorar o seu CPF, o seu CNPJ, podem estar at\u00e9 com o seu cadastro destatualizado, ou at\u00e9, de uma maneira bem ampla, n\u00e3o tem um conhecimento financeiro&#8221;, explicou a especialista do Serasa, Monica Seabra.<br \/>\n\u201cO controle da situa\u00e7\u00e3o do nome acaba ficando em segundo plano, levando a descobertas tardias, quando a d\u00edvida j\u00e1 foi negativada\u201d, alerta Aline Maciel, especialista da Serasa.<br \/>\nPara livrar negociar as d\u00edvidas, o Serasa tem promovido at\u00e9 o fim deste m\u00eas de mar\u00e7o o  Feir\u00e3o Limpa Nome em todo o pa\u00eds, com a possibilidade de pagamento via Pix e baixa imediata da negativa\u00e7\u00e3o.<br \/>\nDesde o in\u00edcio do Feir\u00e3o Limpa Nome, em 24 de fevereiro, os Correios informaram que registraram mais de 2,5 mil atendimentos nas unidades do Rio Grande do Norte e cerca de 100 mil em todo o pa\u00eds.<br \/>\nA iniciativa oferece descontos de at\u00e9 99%, parcelamento flex\u00edveis de at\u00e9 72x e ainda a possibilidade de limpar o nome e elevar a pontua\u00e7\u00e3o de cr\u00e9dito (Serasa Score) na hora.<br \/>\n&#8216;Comprar e pagar \u00e0 vista&#8217;<br \/>\nO comerciante Ronaldo Medeiros, que trabalha no bairro Alecrim, um dos maiores centros comerciais de Natal h\u00e1 40 anos, contou que prefere pagar tudo na hora que compra e que sequer usa cart\u00e3o de cr\u00e9dito.<br \/>\n&#8220;Cart\u00e3o de cr\u00e9dito, se voc\u00ea parcelar, a\u00ed \u00e9 que fica pior ainda. Voc\u00ea tem que comprar pra pagar logo \u00e0 vista&#8221;, disse.<br \/>\nDe acordo com dados da Serasa, empresa de an\u00e1lises e informa\u00e7\u00f5es para decis\u00f5es de cr\u00e9dito, sete em cada dez brasileiros j\u00e1 se endividaram. Em todo o Brasil, assim como no Rio Grande do Norte, as despesas com cart\u00e3o de cr\u00e9dito aparecem como as maiores causadoras de d\u00edvidas.<br \/>\nA aut\u00f4noma Vanessa Silvino e o motorista por aplicativo Ayrton Rafael esperam a chegada da filha Lorena, prevista para nascer em dois meses. Em meio \u00e0s compras para o enxoval da beb\u00ea, o casal diz que tem pago as d\u00edvidas anteriores para poder assim assumir novas compras.<br \/>\n &#8220;Todo m\u00eas pagando e comprando novamente&#8221;, disse Ayrton. &#8220;Falta pouca coisa&#8221;, completou Vanessa.<br \/>\nFeir\u00e3o Serasa Limpa Nome com descontos de at\u00e9 99% come\u00e7a nesta segunda-feira (4).<br \/>\nCarla Monteiro\/g1<br \/>\nH\u00e1 d\u00edvidas no seu nome? Saiba como descobrir<br \/>\nVoc\u00ea pode verificar se possui d\u00edvidas nos seguintes canais:<br \/>\nSite: \u202fhttp:\/\/www.serasalimpanome.com.br\u202f<br \/>\nApp: Serasa no Google Play e App Store \u202f\u202f\u202f<br \/>\nWhatsApp: (11) 99575-2096\u202f<br \/>\n10 mil ag\u00eancias dos Correios de todo o Brasil: h\u00e1 isen\u00e7\u00e3o de taxas para negocia\u00e7\u00e3o de d\u00edvidas at\u00e9 o dia 31\/03.<br \/>\nComo negociar d\u00edvidas no Feir\u00e3o?<br \/>\nVeja o passo a passo:\u202f<br \/>\nBaixe o app da Serasa<br \/>\nFa\u00e7a o download do aplicativo da Serasa no celular (dispon\u00edvel para Android e iOS), digite o seu CPF e preencha um breve cadastro. Ao acessar a plataforma, todas as informa\u00e7\u00f5es financeiras do consumidor j\u00e1 aparecer\u00e3o na tela, como a exist\u00eancia de poss\u00edveis d\u00edvidas e a pontua\u00e7\u00e3o do Serasa Score.<br \/>\nEscolha a oferta<br \/>\nAp\u00f3s selecionar a op\u00e7\u00e3o \u201cVer ofertas\u201d, \u00e9 poss\u00edvel verificar as condi\u00e7\u00f5es oferecidas para pagamento com o desconto do Serasa Limpa Nome j\u00e1 aplicado. Basta clicar em uma das d\u00edvidas dispon\u00edveis e ser\u00e3o apresentadas as op\u00e7\u00f5es para renegociar cada d\u00e9bito.\u202f\u202fPara fazer um acordo, clique no campo \u201cNegociar\u201d de cada uma das ofertas\u201d.<br \/>\nRevise e finalize o acordo<br \/>\nEscolha a op\u00e7\u00e3o que desejar e a forma de pagamento de sua prefer\u00eancia. Caso seja boleto, voc\u00ea pode copiar o c\u00f3digo, baixar ou solicitar o envio via WhatsApp. Se optar pela op\u00e7\u00e3o do Pix, selecione o dia para vencimento e a quantidade de parcelas desejada. Depois, confirme as informa\u00e7\u00f5es, revisando todas as condi\u00e7\u00f5es apresentadas, e clique em \u201cConcluir acordo\u201d.\u202f\u202f<br \/>\nFa\u00e7a o pagamento do acordo<br \/>\nAo fechar seu acordo, voc\u00ea deve realizar o pagamento de acordo com as condi\u00e7\u00f5es definidas na etapa anterior. Para pagar com o Pix, clique em \u201cCopiar chave Pix\u201d e cole no aplicativo da institui\u00e7\u00e3o banc\u00e1ria para prosseguir.\u202f\u202f\u202f<br \/>\nV\u00eddeos mais assistidos do g1 RN<\/p>","protected":false},"excerpt":{"rendered":"<p>Desse total de envidividados, segundo o Serasa, 331.407 deles j\u00e1 haviam sido negativados. Feir\u00e3o Limpa Nome possibilita negociar d\u00edvidas at\u00e9 31 de mar\u00e7o. Mais de 855 mil potiguares est\u00e3o com &#8230;<\/p>\n","protected":false},"author":0,"featured_media":12667,"parent":0,"menu_order":0,"comment_status":"closed","ping_status":"closed","template":"","meta":{"footnotes":""},"class_list":["post-12666","page","type-page","status-publish","has-post-thumbnail","hentry"],"yoast_head":"<!-- This site is optimized with the Yoast SEO plugin v27.1.1 - https:\/\/yoast.com\/product\/yoast-seo-wordpress\/ -->\n<title>Serasa diz que 855 mil potiguares t\u00eam d\u00edvidas e n\u00e3o sabem; saiba como consultar - Taveira Jr<\/title>\n<meta name=\"robots\" content=\"index, follow, max-snippet:-1, max-image-preview:large, max-video-preview:-1\" \/>\n<link rel=\"canonical\" href=\"https:\/\/deputadotaveirajr.com.br\/index.php\/serasa-diz-que-855-mil-potiguares-tem-dividas-e-nao-sabem-saiba-como-consultar\/\" \/>\n<meta property=\"og:locale\" content=\"pt_BR\" \/>\n<meta property=\"og:type\" content=\"article\" \/>\n<meta property=\"og:title\" content=\"Serasa diz que 855 mil potiguares t\u00eam d\u00edvidas e n\u00e3o sabem; saiba como consultar - Taveira Jr\" \/>\n<meta property=\"og:description\" content=\"Desse total de envidividados, segundo o Serasa, 331.407 deles j\u00e1 haviam sido negativados. Feir\u00e3o Limpa Nome possibilita negociar d\u00edvidas at\u00e9 31 de mar\u00e7o. Mais de 855 mil potiguares est\u00e3o com ...\" \/>\n<meta property=\"og:url\" content=\"https:\/\/deputadotaveirajr.com.br\/index.php\/serasa-diz-que-855-mil-potiguares-tem-dividas-e-nao-sabem-saiba-como-consultar\/\" \/>\n<meta property=\"og:site_name\" content=\"Taveira Jr\" \/>\n<meta property=\"og:image\" content=\"https:\/\/s2-g1.glbimg.com\/Lww7uAxJNX_XBE5Y_S_0Iu3nGnk=\/i.s3.glbimg.com\/v1\/AUTH_59edd422c0c84a879bd37670ae4f538a\/internal_photos\/bs\/2024\/B\/8\/Ls0gnxQAOHLXcsWInZoA\/whatsapp-image-2024-11-04-at-17.19.44.jpeg\" \/>\n<meta name=\"twitter:card\" content=\"summary_large_image\" \/>\n<meta name=\"twitter:label1\" content=\"Est. tempo de leitura\" \/>\n\t<meta name=\"twitter:data1\" content=\"4 minutos\" \/>\n<script type=\"application\/ld+json\" class=\"yoast-schema-graph\">{\"@context\":\"https:\/\/schema.org\",\"@graph\":[{\"@type\":\"WebPage\",\"@id\":\"https:\/\/deputadotaveirajr.com.br\/index.php\/serasa-diz-que-855-mil-potiguares-tem-dividas-e-nao-sabem-saiba-como-consultar\/\",\"url\":\"https:\/\/deputadotaveirajr.com.br\/index.php\/serasa-diz-que-855-mil-potiguares-tem-dividas-e-nao-sabem-saiba-como-consultar\/\",\"name\":\"Serasa diz que 855 mil potiguares t\u00eam d\u00edvidas e n\u00e3o sabem; saiba como consultar - Taveira Jr\",\"isPartOf\":{\"@id\":\"https:\/\/deputadotaveirajr.com.br\/#website\"},\"primaryImageOfPage\":{\"@id\":\"https:\/\/deputadotaveirajr.com.br\/index.php\/serasa-diz-que-855-mil-potiguares-tem-dividas-e-nao-sabem-saiba-como-consultar\/#primaryimage\"},\"image\":{\"@id\":\"https:\/\/deputadotaveirajr.com.br\/index.php\/serasa-diz-que-855-mil-potiguares-tem-dividas-e-nao-sabem-saiba-como-consultar\/#primaryimage\"},\"thumbnailUrl\":\"https:\/\/deputadotaveirajr.com.br\/wp-content\/uploads\/2025\/03\/whatsapp-image-2024-11-04-at-17.19.44-H7o25V.jpeg\",\"datePublished\":\"2025-03-26T21:45:19+00:00\",\"breadcrumb\":{\"@id\":\"https:\/\/deputadotaveirajr.com.br\/index.php\/serasa-diz-que-855-mil-potiguares-tem-dividas-e-nao-sabem-saiba-como-consultar\/#breadcrumb\"},\"inLanguage\":\"pt-BR\",\"potentialAction\":[{\"@type\":\"ReadAction\",\"target\":[\"https:\/\/deputadotaveirajr.com.br\/index.php\/serasa-diz-que-855-mil-potiguares-tem-dividas-e-nao-sabem-saiba-como-consultar\/\"]}]},{\"@type\":\"ImageObject\",\"inLanguage\":\"pt-BR\",\"@id\":\"https:\/\/deputadotaveirajr.com.br\/index.php\/serasa-diz-que-855-mil-potiguares-tem-dividas-e-nao-sabem-saiba-como-consultar\/#primaryimage\",\"url\":\"https:\/\/deputadotaveirajr.com.br\/wp-content\/uploads\/2025\/03\/whatsapp-image-2024-11-04-at-17.19.44-H7o25V.jpeg\",\"contentUrl\":\"https:\/\/deputadotaveirajr.com.br\/wp-content\/uploads\/2025\/03\/whatsapp-image-2024-11-04-at-17.19.44-H7o25V.jpeg\",\"width\":1280,\"height\":960},{\"@type\":\"BreadcrumbList\",\"@id\":\"https:\/\/deputadotaveirajr.com.br\/index.php\/serasa-diz-que-855-mil-potiguares-tem-dividas-e-nao-sabem-saiba-como-consultar\/#breadcrumb\",\"itemListElement\":[{\"@type\":\"ListItem\",\"position\":1,\"name\":\"In\u00edcio\",\"item\":\"https:\/\/deputadotaveirajr.com.br\/\"},{\"@type\":\"ListItem\",\"position\":2,\"name\":\"Serasa diz que 855 mil potiguares t\u00eam d\u00edvidas e n\u00e3o sabem; saiba como consultar\"}]},{\"@type\":\"WebSite\",\"@id\":\"https:\/\/deputadotaveirajr.com.br\/#website\",\"url\":\"https:\/\/deputadotaveirajr.com.br\/\",\"name\":\"Taveira Jr\",\"description\":\"Deputado Estadual\",\"publisher\":{\"@id\":\"https:\/\/deputadotaveirajr.com.br\/#organization\"},\"potentialAction\":[{\"@type\":\"SearchAction\",\"target\":{\"@type\":\"EntryPoint\",\"urlTemplate\":\"https:\/\/deputadotaveirajr.com.br\/?s={search_term_string}\"},\"query-input\":{\"@type\":\"PropertyValueSpecification\",\"valueRequired\":true,\"valueName\":\"search_term_string\"}}],\"inLanguage\":\"pt-BR\"},{\"@type\":\"Organization\",\"@id\":\"https:\/\/deputadotaveirajr.com.br\/#organization\",\"name\":\"Taveira Jr\",\"url\":\"https:\/\/deputadotaveirajr.com.br\/\",\"logo\":{\"@type\":\"ImageObject\",\"inLanguage\":\"pt-BR\",\"@id\":\"https:\/\/deputadotaveirajr.com.br\/#\/schema\/logo\/image\/\",\"url\":\"https:\/\/deputadotaveirajr.com.br\/wp-content\/uploads\/2026\/01\/logolow2a.png\",\"contentUrl\":\"https:\/\/deputadotaveirajr.com.br\/wp-content\/uploads\/2026\/01\/logolow2a.png\",\"width\":290,\"height\":80,\"caption\":\"Taveira Jr\"},\"image\":{\"@id\":\"https:\/\/deputadotaveirajr.com.br\/#\/schema\/logo\/image\/\"}}]}<\/script>\n<!-- \/ Yoast SEO plugin. -->","yoast_head_json":{"title":"Serasa diz que 855 mil potiguares t\u00eam d\u00edvidas e n\u00e3o sabem; saiba como consultar - Taveira Jr","robots":{"index":"index","follow":"follow","max-snippet":"max-snippet:-1","max-image-preview":"max-image-preview:large","max-video-preview":"max-video-preview:-1"},"canonical":"https:\/\/deputadotaveirajr.com.br\/index.php\/serasa-diz-que-855-mil-potiguares-tem-dividas-e-nao-sabem-saiba-como-consultar\/","og_locale":"pt_BR","og_type":"article","og_title":"Serasa diz que 855 mil potiguares t\u00eam d\u00edvidas e n\u00e3o sabem; saiba como consultar - Taveira Jr","og_description":"Desse total de envidividados, segundo o Serasa, 331.407 deles j\u00e1 haviam sido negativados. Feir\u00e3o Limpa Nome possibilita negociar d\u00edvidas at\u00e9 31 de mar\u00e7o. Mais de 855 mil potiguares est\u00e3o com ...","og_url":"https:\/\/deputadotaveirajr.com.br\/index.php\/serasa-diz-que-855-mil-potiguares-tem-dividas-e-nao-sabem-saiba-como-consultar\/","og_site_name":"Taveira Jr","og_image":[{"url":"https:\/\/s2-g1.glbimg.com\/Lww7uAxJNX_XBE5Y_S_0Iu3nGnk=\/i.s3.glbimg.com\/v1\/AUTH_59edd422c0c84a879bd37670ae4f538a\/internal_photos\/bs\/2024\/B\/8\/Ls0gnxQAOHLXcsWInZoA\/whatsapp-image-2024-11-04-at-17.19.44.jpeg","type":"","width":"","height":""}],"twitter_card":"summary_large_image","twitter_misc":{"Est. tempo de leitura":"4 minutos"},"schema":{"@context":"https:\/\/schema.org","@graph":[{"@type":"WebPage","@id":"https:\/\/deputadotaveirajr.com.br\/index.php\/serasa-diz-que-855-mil-potiguares-tem-dividas-e-nao-sabem-saiba-como-consultar\/","url":"https:\/\/deputadotaveirajr.com.br\/index.php\/serasa-diz-que-855-mil-potiguares-tem-dividas-e-nao-sabem-saiba-como-consultar\/","name":"Serasa diz que 855 mil potiguares t\u00eam d\u00edvidas e n\u00e3o sabem; saiba como consultar - Taveira Jr","isPartOf":{"@id":"https:\/\/deputadotaveirajr.com.br\/#website"},"primaryImageOfPage":{"@id":"https:\/\/deputadotaveirajr.com.br\/index.php\/serasa-diz-que-855-mil-potiguares-tem-dividas-e-nao-sabem-saiba-como-consultar\/#primaryimage"},"image":{"@id":"https:\/\/deputadotaveirajr.com.br\/index.php\/serasa-diz-que-855-mil-potiguares-tem-dividas-e-nao-sabem-saiba-como-consultar\/#primaryimage"},"thumbnailUrl":"https:\/\/deputadotaveirajr.com.br\/wp-content\/uploads\/2025\/03\/whatsapp-image-2024-11-04-at-17.19.44-H7o25V.jpeg","datePublished":"2025-03-26T21:45:19+00:00","breadcrumb":{"@id":"https:\/\/deputadotaveirajr.com.br\/index.php\/serasa-diz-que-855-mil-potiguares-tem-dividas-e-nao-sabem-saiba-como-consultar\/#breadcrumb"},"inLanguage":"pt-BR","potentialAction":[{"@type":"ReadAction","target":["https:\/\/deputadotaveirajr.com.br\/index.php\/serasa-diz-que-855-mil-potiguares-tem-dividas-e-nao-sabem-saiba-como-consultar\/"]}]},{"@type":"ImageObject","inLanguage":"pt-BR","@id":"https:\/\/deputadotaveirajr.com.br\/index.php\/serasa-diz-que-855-mil-potiguares-tem-dividas-e-nao-sabem-saiba-como-consultar\/#primaryimage","url":"https:\/\/deputadotaveirajr.com.br\/wp-content\/uploads\/2025\/03\/whatsapp-image-2024-11-04-at-17.19.44-H7o25V.jpeg","contentUrl":"https:\/\/deputadotaveirajr.com.br\/wp-content\/uploads\/2025\/03\/whatsapp-image-2024-11-04-at-17.19.44-H7o25V.jpeg","width":1280,"height":960},{"@type":"BreadcrumbList","@id":"https:\/\/deputadotaveirajr.com.br\/index.php\/serasa-diz-que-855-mil-potiguares-tem-dividas-e-nao-sabem-saiba-como-consultar\/#breadcrumb","itemListElement":[{"@type":"ListItem","position":1,"name":"In\u00edcio","item":"https:\/\/deputadotaveirajr.com.br\/"},{"@type":"ListItem","position":2,"name":"Serasa diz que 855 mil potiguares t\u00eam d\u00edvidas e n\u00e3o sabem; saiba como consultar"}]},{"@type":"WebSite","@id":"https:\/\/deputadotaveirajr.com.br\/#website","url":"https:\/\/deputadotaveirajr.com.br\/","name":"Taveira Jr","description":"Deputado Estadual","publisher":{"@id":"https:\/\/deputadotaveirajr.com.br\/#organization"},"potentialAction":[{"@type":"SearchAction","target":{"@type":"EntryPoint","urlTemplate":"https:\/\/deputadotaveirajr.com.br\/?s={search_term_string}"},"query-input":{"@type":"PropertyValueSpecification","valueRequired":true,"valueName":"search_term_string"}}],"inLanguage":"pt-BR"},{"@type":"Organization","@id":"https:\/\/deputadotaveirajr.com.br\/#organization","name":"Taveira Jr","url":"https:\/\/deputadotaveirajr.com.br\/","logo":{"@type":"ImageObject","inLanguage":"pt-BR","@id":"https:\/\/deputadotaveirajr.com.br\/#\/schema\/logo\/image\/","url":"https:\/\/deputadotaveirajr.com.br\/wp-content\/uploads\/2026\/01\/logolow2a.png","contentUrl":"https:\/\/deputadotaveirajr.com.br\/wp-content\/uploads\/2026\/01\/logolow2a.png","width":290,"height":80,"caption":"Taveira Jr"},"image":{"@id":"https:\/\/deputadotaveirajr.com.br\/#\/schema\/logo\/image\/"}}]}},"_links":{"self":[{"href":"https:\/\/deputadotaveirajr.com.br\/index.php\/wp-json\/wp\/v2\/pages\/12666","targetHints":{"allow":["GET"]}}],"collection":[{"href":"https:\/\/deputadotaveirajr.com.br\/index.php\/wp-json\/wp\/v2\/pages"}],"about":[{"href":"https:\/\/deputadotaveirajr.com.br\/index.php\/wp-json\/wp\/v2\/types\/page"}],"replies":[{"embeddable":true,"href":"https:\/\/deputadotaveirajr.com.br\/index.php\/wp-json\/wp\/v2\/comments?post=12666"}],"version-history":[{"count":0,"href":"https:\/\/deputadotaveirajr.com.br\/index.php\/wp-json\/wp\/v2\/pages\/12666\/revisions"}],"wp:featuredmedia":[{"embeddable":true,"href":"https:\/\/deputadotaveirajr.com.br\/index.php\/wp-json\/wp\/v2\/media\/12667"}],"wp:attachment":[{"href":"https:\/\/deputadotaveirajr.com.br\/index.php\/wp-json\/wp\/v2\/media?parent=12666"}],"curies":[{"name":"wp","href":"https:\/\/api.w.org\/{rel}","templated":true}]}}