{"id":12672,"date":"2025-03-27T06:00:59","date_gmt":"2025-03-27T09:00:59","guid":{"rendered":"https:\/\/deputadotaveirajr.com.br\/index.php\/inter-tv-costa-branca-comemora-10-anos-com-jornal-especial-em-mossoro\/"},"modified":"2025-03-27T06:00:59","modified_gmt":"2025-03-27T09:00:59","slug":"inter-tv-costa-branca-comemora-10-anos-com-jornal-especial-em-mossoro","status":"publish","type":"page","link":"https:\/\/deputadotaveirajr.com.br\/index.php\/inter-tv-costa-branca-comemora-10-anos-com-jornal-especial-em-mossoro\/","title":{"rendered":"Inter TV Costa Branca comemora 10 anos com jornal especial em Mossor\u00f3"},"content":{"rendered":"<p><img decoding=\"async\" src=\"https:\/\/s2-g1.glbimg.com\/WyHyMzVN9gzEWI4cSq5n_51_Ru8=\/i.s3.glbimg.com\/v1\/AUTH_59edd422c0c84a879bd37670ae4f538a\/internal_photos\/bs\/2025\/K\/N\/FuSnDORI2xuTJUYAJV2Q\/whatsapp-image-2025-03-26-at-09.12.46-2-.jpeg\" \/><br \/>     Para comemorar a anivers\u00e1rio, edi\u00e7\u00e3o especial do RN 1 ser\u00e1 apresentada no s\u00e1bado (29) diretamente da segunda maior cidade do RN. Inter TV Costa Branca<br \/>\nIara N\u00f3brega\/Inter TV Costa Branca<br \/>\nA Inter TV Costa Branca,  integrante do grupo Inter TV e afiliada da TV Globo em Mossor\u00f3, a segunda maior cidade do Rio Grande do Norte, comemora 10 anos de hist\u00f3ria nesta quinta-feira (27).<br \/>\nPara comemorar a data, uma edi\u00e7\u00e3o especial do RN 1 ser\u00e1 apresentada no s\u00e1bado (29) diretamente de Mossor\u00f3, reunindo a\u00e7\u00f5es sociais na cidade (veja mais abaixo detalhes das a\u00e7\u00f5es sociais).<br \/>\n\ud83d\udcf3Participe do canal do g1 RN no WhatsApp<br \/>\nDurante esta semana os jornais da Inter TV RN mostraram reportagens especiais que contam a hist\u00f3ria de Mossor\u00f3 &#8211; onde fica a sede da afiliada -, da funda\u00e7\u00e3o da Inter TV Costa Branca e daqueles que fizeram a hist\u00f3ria da empresa (veja v\u00eddeos mais abaixo).<br \/>\nAntes da cria\u00e7\u00e3o da afiliada, Mossor\u00f3 j\u00e1 tinha uma sucursal da ent\u00e3o TV Cabugi, que come\u00e7ou a funcionar em outubro de 1990 no pr\u00e9dio da R\u00e1dio Difusora.<br \/>\nA Inter TV Costa Branca \u00e9 respons\u00e1vel pela cobertura de 123 cidades do Rio Grande do Norte, enquanto a Inter TV Cabugi cobre 44 munic\u00edpios, incluindo a capital Natal.<br \/>\nServi\u00e7os oferecidos em comemora\u00e7\u00e3o ao anivers\u00e1rio da Inter TV Costa Branca:<br \/>\n\ud83d\udccd S\u00e1bado (29) | \ud83d\udd57 9h \u00e0s 14h<br \/>\nDefensoria P\u00fablica &#8211; Servi\u00e7o de Orienta\u00e7\u00e3o Jur\u00eddica &#8211; para 20 pessoas &#8211; Audit\u00f3rio Esta\u00e7\u00e3o das Artes<br \/>\nCosern &#8211; Atendimento comercial &#8211; para 60 pessoas &#8211; Van &#8211; \u00c1rea externa da Esta\u00e7\u00e3o das Artes<br \/>\nCosern &#8211; Sess\u00f5es educativas &#8211; para 100 pessoas &#8211; Unidade M\u00f3vel Educativa &#8211; \u00c1rea externa da Esta\u00e7\u00e3o das Artes<br \/>\nSesc &#8211; Escov\u00f3dromo &#8211; para 200 pessoas &#8211; Unidade M\u00f3vel e Tenda 4&#215;4 &#8211; na \u00c1rea externa da Esta\u00e7\u00e3o das Artes<br \/>\nSecretaria de Desenvolvimento Econ\u00f4mico &#8211; Painel Emprego &#8211; para 50 pessoas &#8211; Audit\u00f3rio da Esta\u00e7\u00e3o das Artes<br \/>\nSecretaria de Sa\u00fade de Mossor\u00f3 &#8211; Vacina\u00e7\u00e3o| Aferi\u00e7\u00e3o de press\u00e3o | Verifica\u00e7\u00e3o de glicemia | Testes r\u00e1pidos: HIV, S\u00edfilis, Hepatite B e C  &#8211; para 100 pessoas &#8211; \u00c1rea externa da Esta\u00e7\u00e3o das Artes<br \/>\nVeja reportagens especiais<br \/>\nInter TV Costa Branca completa 10 anos<br \/>\nInter TV Costa Branca completa 10 anos<br \/>\nInter TV Costa Branca: a histo\u0301ria antes da afiliada<br \/>\nInter TV Costa Branca: a histo\u0301ria antes da afiliada<br \/>\nConhe\u00e7a os profissionais que formaram a Inter TV Costa Branca<br \/>\nConhe\u00e7a os profissionais que formaram a Inter TV Costa Branca<br \/>\nV\u00eddeos mais assistidos do g1 RN<\/p>","protected":false},"excerpt":{"rendered":"<p>Para comemorar a anivers\u00e1rio, edi\u00e7\u00e3o especial do RN 1 ser\u00e1 apresentada no s\u00e1bado (29) diretamente da segunda maior cidade do RN. Inter TV Costa Branca Iara N\u00f3brega\/Inter TV Costa Branca &#8230;<\/p>\n","protected":false},"author":0,"featured_media":12673,"parent":0,"menu_order":0,"comment_status":"closed","ping_status":"closed","template":"","meta":{"footnotes":""},"class_list":["post-12672","page","type-page","status-publish","has-post-thumbnail","hentry"],"yoast_head":"<!-- This site is optimized with the Yoast SEO plugin v27.1.1 - https:\/\/yoast.com\/product\/yoast-seo-wordpress\/ -->\n<title>Inter TV Costa Branca comemora 10 anos com jornal especial em Mossor\u00f3 - Taveira Jr<\/title>\n<meta name=\"robots\" content=\"index, follow, max-snippet:-1, max-image-preview:large, max-video-preview:-1\" \/>\n<link rel=\"canonical\" href=\"https:\/\/deputadotaveirajr.com.br\/index.php\/inter-tv-costa-branca-comemora-10-anos-com-jornal-especial-em-mossoro\/\" \/>\n<meta property=\"og:locale\" content=\"pt_BR\" \/>\n<meta property=\"og:type\" content=\"article\" \/>\n<meta property=\"og:title\" content=\"Inter TV Costa Branca comemora 10 anos com jornal especial em Mossor\u00f3 - Taveira Jr\" \/>\n<meta property=\"og:description\" content=\"Para comemorar a anivers\u00e1rio, edi\u00e7\u00e3o especial do RN 1 ser\u00e1 apresentada no s\u00e1bado (29) diretamente da segunda maior cidade do RN. Inter TV Costa Branca Iara N\u00f3brega\/Inter TV Costa Branca ...\" \/>\n<meta property=\"og:url\" content=\"https:\/\/deputadotaveirajr.com.br\/index.php\/inter-tv-costa-branca-comemora-10-anos-com-jornal-especial-em-mossoro\/\" \/>\n<meta property=\"og:site_name\" content=\"Taveira Jr\" \/>\n<meta property=\"og:image\" content=\"https:\/\/s2-g1.glbimg.com\/WyHyMzVN9gzEWI4cSq5n_51_Ru8=\/i.s3.glbimg.com\/v1\/AUTH_59edd422c0c84a879bd37670ae4f538a\/internal_photos\/bs\/2025\/K\/N\/FuSnDORI2xuTJUYAJV2Q\/whatsapp-image-2025-03-26-at-09.12.46-2-.jpeg\" \/>\n<meta name=\"twitter:card\" content=\"summary_large_image\" \/>\n<meta name=\"twitter:label1\" content=\"Est. tempo de leitura\" \/>\n\t<meta name=\"twitter:data1\" content=\"2 minutos\" \/>\n<script type=\"application\/ld+json\" class=\"yoast-schema-graph\">{\"@context\":\"https:\/\/schema.org\",\"@graph\":[{\"@type\":\"WebPage\",\"@id\":\"https:\/\/deputadotaveirajr.com.br\/index.php\/inter-tv-costa-branca-comemora-10-anos-com-jornal-especial-em-mossoro\/\",\"url\":\"https:\/\/deputadotaveirajr.com.br\/index.php\/inter-tv-costa-branca-comemora-10-anos-com-jornal-especial-em-mossoro\/\",\"name\":\"Inter TV Costa Branca comemora 10 anos com jornal especial em Mossor\u00f3 - Taveira Jr\",\"isPartOf\":{\"@id\":\"https:\/\/deputadotaveirajr.com.br\/#website\"},\"primaryImageOfPage\":{\"@id\":\"https:\/\/deputadotaveirajr.com.br\/index.php\/inter-tv-costa-branca-comemora-10-anos-com-jornal-especial-em-mossoro\/#primaryimage\"},\"image\":{\"@id\":\"https:\/\/deputadotaveirajr.com.br\/index.php\/inter-tv-costa-branca-comemora-10-anos-com-jornal-especial-em-mossoro\/#primaryimage\"},\"thumbnailUrl\":\"https:\/\/deputadotaveirajr.com.br\/wp-content\/uploads\/2025\/03\/whatsapp-image-2025-03-26-at-09.12.46-2-xsEoAA.jpeg\",\"datePublished\":\"2025-03-27T09:00:59+00:00\",\"breadcrumb\":{\"@id\":\"https:\/\/deputadotaveirajr.com.br\/index.php\/inter-tv-costa-branca-comemora-10-anos-com-jornal-especial-em-mossoro\/#breadcrumb\"},\"inLanguage\":\"pt-BR\",\"potentialAction\":[{\"@type\":\"ReadAction\",\"target\":[\"https:\/\/deputadotaveirajr.com.br\/index.php\/inter-tv-costa-branca-comemora-10-anos-com-jornal-especial-em-mossoro\/\"]}]},{\"@type\":\"ImageObject\",\"inLanguage\":\"pt-BR\",\"@id\":\"https:\/\/deputadotaveirajr.com.br\/index.php\/inter-tv-costa-branca-comemora-10-anos-com-jornal-especial-em-mossoro\/#primaryimage\",\"url\":\"https:\/\/deputadotaveirajr.com.br\/wp-content\/uploads\/2025\/03\/whatsapp-image-2025-03-26-at-09.12.46-2-xsEoAA.jpeg\",\"contentUrl\":\"https:\/\/deputadotaveirajr.com.br\/wp-content\/uploads\/2025\/03\/whatsapp-image-2025-03-26-at-09.12.46-2-xsEoAA.jpeg\",\"width\":1600,\"height\":1200},{\"@type\":\"BreadcrumbList\",\"@id\":\"https:\/\/deputadotaveirajr.com.br\/index.php\/inter-tv-costa-branca-comemora-10-anos-com-jornal-especial-em-mossoro\/#breadcrumb\",\"itemListElement\":[{\"@type\":\"ListItem\",\"position\":1,\"name\":\"In\u00edcio\",\"item\":\"https:\/\/deputadotaveirajr.com.br\/\"},{\"@type\":\"ListItem\",\"position\":2,\"name\":\"Inter TV Costa Branca comemora 10 anos com jornal especial em Mossor\u00f3\"}]},{\"@type\":\"WebSite\",\"@id\":\"https:\/\/deputadotaveirajr.com.br\/#website\",\"url\":\"https:\/\/deputadotaveirajr.com.br\/\",\"name\":\"Taveira Jr\",\"description\":\"Deputado Estadual\",\"publisher\":{\"@id\":\"https:\/\/deputadotaveirajr.com.br\/#organization\"},\"potentialAction\":[{\"@type\":\"SearchAction\",\"target\":{\"@type\":\"EntryPoint\",\"urlTemplate\":\"https:\/\/deputadotaveirajr.com.br\/?s={search_term_string}\"},\"query-input\":{\"@type\":\"PropertyValueSpecification\",\"valueRequired\":true,\"valueName\":\"search_term_string\"}}],\"inLanguage\":\"pt-BR\"},{\"@type\":\"Organization\",\"@id\":\"https:\/\/deputadotaveirajr.com.br\/#organization\",\"name\":\"Taveira Jr\",\"url\":\"https:\/\/deputadotaveirajr.com.br\/\",\"logo\":{\"@type\":\"ImageObject\",\"inLanguage\":\"pt-BR\",\"@id\":\"https:\/\/deputadotaveirajr.com.br\/#\/schema\/logo\/image\/\",\"url\":\"https:\/\/deputadotaveirajr.com.br\/wp-content\/uploads\/2026\/01\/logolow2a.png\",\"contentUrl\":\"https:\/\/deputadotaveirajr.com.br\/wp-content\/uploads\/2026\/01\/logolow2a.png\",\"width\":290,\"height\":80,\"caption\":\"Taveira Jr\"},\"image\":{\"@id\":\"https:\/\/deputadotaveirajr.com.br\/#\/schema\/logo\/image\/\"}}]}<\/script>\n<!-- \/ Yoast SEO plugin. -->","yoast_head_json":{"title":"Inter TV Costa Branca comemora 10 anos com jornal especial em Mossor\u00f3 - Taveira Jr","robots":{"index":"index","follow":"follow","max-snippet":"max-snippet:-1","max-image-preview":"max-image-preview:large","max-video-preview":"max-video-preview:-1"},"canonical":"https:\/\/deputadotaveirajr.com.br\/index.php\/inter-tv-costa-branca-comemora-10-anos-com-jornal-especial-em-mossoro\/","og_locale":"pt_BR","og_type":"article","og_title":"Inter TV Costa Branca comemora 10 anos com jornal especial em Mossor\u00f3 - Taveira Jr","og_description":"Para comemorar a anivers\u00e1rio, edi\u00e7\u00e3o especial do RN 1 ser\u00e1 apresentada no s\u00e1bado (29) diretamente da segunda maior cidade do RN. Inter TV Costa Branca Iara N\u00f3brega\/Inter TV Costa Branca ...","og_url":"https:\/\/deputadotaveirajr.com.br\/index.php\/inter-tv-costa-branca-comemora-10-anos-com-jornal-especial-em-mossoro\/","og_site_name":"Taveira Jr","og_image":[{"url":"https:\/\/s2-g1.glbimg.com\/WyHyMzVN9gzEWI4cSq5n_51_Ru8=\/i.s3.glbimg.com\/v1\/AUTH_59edd422c0c84a879bd37670ae4f538a\/internal_photos\/bs\/2025\/K\/N\/FuSnDORI2xuTJUYAJV2Q\/whatsapp-image-2025-03-26-at-09.12.46-2-.jpeg","type":"","width":"","height":""}],"twitter_card":"summary_large_image","twitter_misc":{"Est. tempo de leitura":"2 minutos"},"schema":{"@context":"https:\/\/schema.org","@graph":[{"@type":"WebPage","@id":"https:\/\/deputadotaveirajr.com.br\/index.php\/inter-tv-costa-branca-comemora-10-anos-com-jornal-especial-em-mossoro\/","url":"https:\/\/deputadotaveirajr.com.br\/index.php\/inter-tv-costa-branca-comemora-10-anos-com-jornal-especial-em-mossoro\/","name":"Inter TV Costa Branca comemora 10 anos com jornal especial em Mossor\u00f3 - Taveira Jr","isPartOf":{"@id":"https:\/\/deputadotaveirajr.com.br\/#website"},"primaryImageOfPage":{"@id":"https:\/\/deputadotaveirajr.com.br\/index.php\/inter-tv-costa-branca-comemora-10-anos-com-jornal-especial-em-mossoro\/#primaryimage"},"image":{"@id":"https:\/\/deputadotaveirajr.com.br\/index.php\/inter-tv-costa-branca-comemora-10-anos-com-jornal-especial-em-mossoro\/#primaryimage"},"thumbnailUrl":"https:\/\/deputadotaveirajr.com.br\/wp-content\/uploads\/2025\/03\/whatsapp-image-2025-03-26-at-09.12.46-2-xsEoAA.jpeg","datePublished":"2025-03-27T09:00:59+00:00","breadcrumb":{"@id":"https:\/\/deputadotaveirajr.com.br\/index.php\/inter-tv-costa-branca-comemora-10-anos-com-jornal-especial-em-mossoro\/#breadcrumb"},"inLanguage":"pt-BR","potentialAction":[{"@type":"ReadAction","target":["https:\/\/deputadotaveirajr.com.br\/index.php\/inter-tv-costa-branca-comemora-10-anos-com-jornal-especial-em-mossoro\/"]}]},{"@type":"ImageObject","inLanguage":"pt-BR","@id":"https:\/\/deputadotaveirajr.com.br\/index.php\/inter-tv-costa-branca-comemora-10-anos-com-jornal-especial-em-mossoro\/#primaryimage","url":"https:\/\/deputadotaveirajr.com.br\/wp-content\/uploads\/2025\/03\/whatsapp-image-2025-03-26-at-09.12.46-2-xsEoAA.jpeg","contentUrl":"https:\/\/deputadotaveirajr.com.br\/wp-content\/uploads\/2025\/03\/whatsapp-image-2025-03-26-at-09.12.46-2-xsEoAA.jpeg","width":1600,"height":1200},{"@type":"BreadcrumbList","@id":"https:\/\/deputadotaveirajr.com.br\/index.php\/inter-tv-costa-branca-comemora-10-anos-com-jornal-especial-em-mossoro\/#breadcrumb","itemListElement":[{"@type":"ListItem","position":1,"name":"In\u00edcio","item":"https:\/\/deputadotaveirajr.com.br\/"},{"@type":"ListItem","position":2,"name":"Inter TV Costa Branca comemora 10 anos com jornal especial em Mossor\u00f3"}]},{"@type":"WebSite","@id":"https:\/\/deputadotaveirajr.com.br\/#website","url":"https:\/\/deputadotaveirajr.com.br\/","name":"Taveira Jr","description":"Deputado Estadual","publisher":{"@id":"https:\/\/deputadotaveirajr.com.br\/#organization"},"potentialAction":[{"@type":"SearchAction","target":{"@type":"EntryPoint","urlTemplate":"https:\/\/deputadotaveirajr.com.br\/?s={search_term_string}"},"query-input":{"@type":"PropertyValueSpecification","valueRequired":true,"valueName":"search_term_string"}}],"inLanguage":"pt-BR"},{"@type":"Organization","@id":"https:\/\/deputadotaveirajr.com.br\/#organization","name":"Taveira Jr","url":"https:\/\/deputadotaveirajr.com.br\/","logo":{"@type":"ImageObject","inLanguage":"pt-BR","@id":"https:\/\/deputadotaveirajr.com.br\/#\/schema\/logo\/image\/","url":"https:\/\/deputadotaveirajr.com.br\/wp-content\/uploads\/2026\/01\/logolow2a.png","contentUrl":"https:\/\/deputadotaveirajr.com.br\/wp-content\/uploads\/2026\/01\/logolow2a.png","width":290,"height":80,"caption":"Taveira Jr"},"image":{"@id":"https:\/\/deputadotaveirajr.com.br\/#\/schema\/logo\/image\/"}}]}},"_links":{"self":[{"href":"https:\/\/deputadotaveirajr.com.br\/index.php\/wp-json\/wp\/v2\/pages\/12672","targetHints":{"allow":["GET"]}}],"collection":[{"href":"https:\/\/deputadotaveirajr.com.br\/index.php\/wp-json\/wp\/v2\/pages"}],"about":[{"href":"https:\/\/deputadotaveirajr.com.br\/index.php\/wp-json\/wp\/v2\/types\/page"}],"replies":[{"embeddable":true,"href":"https:\/\/deputadotaveirajr.com.br\/index.php\/wp-json\/wp\/v2\/comments?post=12672"}],"version-history":[{"count":0,"href":"https:\/\/deputadotaveirajr.com.br\/index.php\/wp-json\/wp\/v2\/pages\/12672\/revisions"}],"wp:featuredmedia":[{"embeddable":true,"href":"https:\/\/deputadotaveirajr.com.br\/index.php\/wp-json\/wp\/v2\/media\/12673"}],"wp:attachment":[{"href":"https:\/\/deputadotaveirajr.com.br\/index.php\/wp-json\/wp\/v2\/media?parent=12672"}],"curies":[{"name":"wp","href":"https:\/\/api.w.org\/{rel}","templated":true}]}}