{"id":12674,"date":"2025-03-27T07:00:23","date_gmt":"2025-03-27T10:00:23","guid":{"rendered":"https:\/\/deputadotaveirajr.com.br\/index.php\/peca-com-denise-fraga-e-show-com-xangai-e-jessier-quirino-veja-agenda-cultural-do-fim-de-semana-em-natal\/"},"modified":"2025-03-27T07:00:23","modified_gmt":"2025-03-27T10:00:23","slug":"peca-com-denise-fraga-e-show-com-xangai-e-jessier-quirino-veja-agenda-cultural-do-fim-de-semana-em-natal","status":"publish","type":"page","link":"https:\/\/deputadotaveirajr.com.br\/index.php\/peca-com-denise-fraga-e-show-com-xangai-e-jessier-quirino-veja-agenda-cultural-do-fim-de-semana-em-natal\/","title":{"rendered":"Pe\u00e7a com Denise Fraga e show com Xangai e Jessier Quirino: veja agenda cultural do fim de semana em Natal"},"content":{"rendered":"<p><img decoding=\"async\" src=\"https:\/\/s2-g1.glbimg.com\/gTy66ygnZVuNQruohfU1Y-71Qnk=\/i.s3.glbimg.com\/v1\/AUTH_59edd422c0c84a879bd37670ae4f538a\/internal_photos\/bs\/2022\/Q\/p\/CTPDvrSnCpA1VxA3CoBA\/eu-de-voce-foto-caca-bernardes.jpg\" \/><br \/>     Op\u00e7\u00f5es de eventos culturais e festas entre esta quinta-feira (27) e a pr\u00f3xima segunda-feira (31) foram reunidas pelo g1. Denise Fraga em &#8216;Eu de voc\u00ea&#8217;<br \/>\nCac\u00e1 Bernardes<br \/>\nNatal e Regi\u00e3o Metropolitana t\u00eam um fim de semana com espet\u00e1culo teatral com a atriz Denise Fraga, show com Xangai e Jessier Quirino, al\u00e9m de festas de samba e forr\u00f3 &#8220;retr\u00f4&#8221; e apresenta\u00e7\u00f5es de com\u00e9dia entre as principais atra\u00e7\u00f5es culturais da cidade.<br \/>\n\ud83d\udcf3Participe do canal do g1 RN no WhatsApp<br \/>\nO g1 reuniu algumas das op\u00e7\u00f5es de eventos culturais e festas entre esta quinta-feira (27) e a pr\u00f3xima segunda-feira (31). Confira abaixo:<br \/>\nQuinta-feira (27)<br \/>\nQuinta Que Te Quero Samba, com Batuque de um povo<br \/>\nLocal: Rua Coronel Cascudo 130, Cidade Alta (Bar da Nazar\u00e9)<br \/>\nHor\u00e1rio: 19h<br \/>\nIngressos: entrada gratuita<br \/>\nSexta-feira (28)<br \/>\nEu de Voc\u00ea com Denise Fraga<br \/>\nLocal: Teatro Riachuelo<br \/>\nHor\u00e1rio: 21h<br \/>\nIngressos: a partir de R$ 42 (clique AQUI)<br \/>\nSamba na Escadaria de M\u00e3e Luiza &#8211; anivers\u00e1rio de 1 ano<br \/>\n(Josy Ribeiro, Andrezinho, Batuque de um Povo, Biro do Banjo e Jackson Cassiano)<br \/>\nLocal: Escadaria de M\u00e3e Luiza (Rua Guanabara 797, M\u00e3e Luiza)<br \/>\nHor\u00e1rio: 19h<br \/>\nIngressos: acesso gratuito (aberto ao p\u00fablico)<br \/>\nPiadas m\u00e1gicas com Gian Danves e convidados<br \/>\n(convidados: Deeh Sales, L\u00e1zaro Ot\u00e1vio, Vini Medeiros e Vitor Ricardo)<br \/>\nLocal: Natal Comedy Club<br \/>\nHor\u00e1rio: 20h<br \/>\nIngressos: a partir de R$ 15  (Clique AQUI)<br \/>\nPagode do Coxa, Mar\u00edlia Rosas e Jane Cortez &#8211; C\u00e2mara Cultural<br \/>\nLocal: Beco do Picado, no Centro de Parnamirim<br \/>\nHor\u00e1rio:  17h<br \/>\nIngressos: entrada gratuita<br \/>\nS\u00e1bado (29)<br \/>\nEu de Voc\u00ea com Denise Fraga<br \/>\nLocal: Teatro Riachuelo<br \/>\nHor\u00e1rio: 21h<br \/>\nIngressos: a partir de R$ 42 (clique AQUI)<br \/>\nDespedida da Raffe &#8211;  com Al\u00e9m do Normal, Mesa 12 e DJ Ingrid Fran\u00e7a<br \/>\nLocal: Arena das Dunas<br \/>\nHor\u00e1rio: 16h<br \/>\nIngressos: a partir de R$ 25 (clique AQUI)<br \/>\nForr\u00f3 RETR\u00d4 90&#8217;s<br \/>\n(com Forr\u00f3 Cavalo de Pau, Mel com Terra e Banda Capital do Sol)<br \/>\nLocal: Olimpo Recep\u00e7\u00f5es<br \/>\nHor\u00e1rio: 17h<br \/>\nIngressos: esgotados (clique AQUI para mais informa\u00e7\u00f5es)<br \/>\nO pagode \u00e9 nosso!<br \/>\n(com Fernandinho, Pagode do Coxa, Banda Pretta,. DJ Avenuy e Dj Bombadance)<br \/>\nLocal: Arena 5 Estrelas (Avenida Governador Ant\u00f4nio de Melo e Souza, 104, Potengi)<br \/>\nHor\u00e1rio: 16h<br \/>\nIngressos: a partir de R$ 20 (clique AQUI para mais informa\u00e7\u00f5es)<br \/>\nRevolver toca The Dark Side of The Moon<br \/>\nLocal: Sede Cultural Dosol<br \/>\nHor\u00e1rio: 20h<br \/>\nIngressos: R$ 30 (clique AQUI)<br \/>\nFestival Poty Reggae: Hist\u00f3ria, Resist\u00eancia e Vibra\u00e7\u00e3o<br \/>\nLocal: Backstage Bar 84 (Rua Ulisses Caldas, 144, Cidade Alta)<br \/>\nHor\u00e1rio: 16h20<br \/>\nIngressos: a partir de R$ 15 (clique AQUI)<br \/>\nTat\u00e1 Mendon\u00e7a em uma cega vision\u00e1ria<br \/>\nLocal: Natal Comedy Club<br \/>\nHor\u00e1rio: 20h (esgotado) e 22h (sess\u00e3o extra)<br \/>\nIngressos: a partir de R$ 50 (clique AQUI)<br \/>\nDomingo (30)<br \/>\nPalavra em Cantoria &#8211; Xangai, Jessier Quirino e Maciel Melo<br \/>\nLocal: Teatro Riachuelo<br \/>\nHor\u00e1rio: 19h<br \/>\nIngressos: a partir de R$ 80 (clique AQUI)<br \/>\nTrimanos Brasil (Gledyson, Yvison e Lohan)<br \/>\nLocal: Natal Comedy Club<br \/>\nHor\u00e1rio: 18h<br \/>\nIngressos: a partir de R$ 60 (Clique AQUI)<br \/>\nSegunda-feira (31)<br \/>\nSegunda de Vagabundo<br \/>\nLocal: Rua Pereira Sim\u00f5es , 43 B, Rocas<br \/>\nHor\u00e1rio: 20h<br \/>\nIngressos: entrada gratuita<br \/>\nEspet\u00e1culo de Denise Fraga mistura hist\u00f3rias reais, m\u00fasica e poesia<br \/>\nV\u00eddeos mais assistidos do g1 RN<\/p>","protected":false},"excerpt":{"rendered":"<p>Op\u00e7\u00f5es de eventos culturais e festas entre esta quinta-feira (27) e a pr\u00f3xima segunda-feira (31) foram reunidas pelo g1. Denise Fraga em &#8216;Eu de voc\u00ea&#8217; Cac\u00e1 Bernardes Natal e Regi\u00e3o &#8230;<\/p>\n","protected":false},"author":0,"featured_media":12675,"parent":0,"menu_order":0,"comment_status":"closed","ping_status":"closed","template":"","meta":{"footnotes":""},"class_list":["post-12674","page","type-page","status-publish","has-post-thumbnail","hentry"],"yoast_head":"<!-- This site is optimized with the Yoast SEO plugin v27.1.1 - https:\/\/yoast.com\/product\/yoast-seo-wordpress\/ -->\n<title>Pe\u00e7a com Denise Fraga e show com Xangai e Jessier Quirino: veja agenda cultural do fim de semana em Natal - Taveira Jr<\/title>\n<meta name=\"robots\" content=\"index, follow, max-snippet:-1, max-image-preview:large, max-video-preview:-1\" \/>\n<link rel=\"canonical\" href=\"https:\/\/deputadotaveirajr.com.br\/index.php\/peca-com-denise-fraga-e-show-com-xangai-e-jessier-quirino-veja-agenda-cultural-do-fim-de-semana-em-natal\/\" \/>\n<meta property=\"og:locale\" content=\"pt_BR\" \/>\n<meta property=\"og:type\" content=\"article\" \/>\n<meta property=\"og:title\" content=\"Pe\u00e7a com Denise Fraga e show com Xangai e Jessier Quirino: veja agenda cultural do fim de semana em Natal - Taveira Jr\" \/>\n<meta property=\"og:description\" content=\"Op\u00e7\u00f5es de eventos culturais e festas entre esta quinta-feira (27) e a pr\u00f3xima segunda-feira (31) foram reunidas pelo g1. Denise Fraga em &#8216;Eu de voc\u00ea&#8217; Cac\u00e1 Bernardes Natal e Regi\u00e3o ...\" \/>\n<meta property=\"og:url\" content=\"https:\/\/deputadotaveirajr.com.br\/index.php\/peca-com-denise-fraga-e-show-com-xangai-e-jessier-quirino-veja-agenda-cultural-do-fim-de-semana-em-natal\/\" \/>\n<meta property=\"og:site_name\" content=\"Taveira Jr\" \/>\n<meta property=\"og:image\" content=\"https:\/\/s2-g1.glbimg.com\/gTy66ygnZVuNQruohfU1Y-71Qnk=\/i.s3.glbimg.com\/v1\/AUTH_59edd422c0c84a879bd37670ae4f538a\/internal_photos\/bs\/2022\/Q\/p\/CTPDvrSnCpA1VxA3CoBA\/eu-de-voce-foto-caca-bernardes.jpg\" \/>\n<meta name=\"twitter:card\" content=\"summary_large_image\" \/>\n<meta name=\"twitter:label1\" content=\"Est. tempo de leitura\" \/>\n\t<meta name=\"twitter:data1\" content=\"3 minutos\" \/>\n<script type=\"application\/ld+json\" class=\"yoast-schema-graph\">{\"@context\":\"https:\/\/schema.org\",\"@graph\":[{\"@type\":\"WebPage\",\"@id\":\"https:\/\/deputadotaveirajr.com.br\/index.php\/peca-com-denise-fraga-e-show-com-xangai-e-jessier-quirino-veja-agenda-cultural-do-fim-de-semana-em-natal\/\",\"url\":\"https:\/\/deputadotaveirajr.com.br\/index.php\/peca-com-denise-fraga-e-show-com-xangai-e-jessier-quirino-veja-agenda-cultural-do-fim-de-semana-em-natal\/\",\"name\":\"Pe\u00e7a com Denise Fraga e show com Xangai e Jessier Quirino: veja agenda cultural do fim de semana em Natal - Taveira Jr\",\"isPartOf\":{\"@id\":\"https:\/\/deputadotaveirajr.com.br\/#website\"},\"primaryImageOfPage\":{\"@id\":\"https:\/\/deputadotaveirajr.com.br\/index.php\/peca-com-denise-fraga-e-show-com-xangai-e-jessier-quirino-veja-agenda-cultural-do-fim-de-semana-em-natal\/#primaryimage\"},\"image\":{\"@id\":\"https:\/\/deputadotaveirajr.com.br\/index.php\/peca-com-denise-fraga-e-show-com-xangai-e-jessier-quirino-veja-agenda-cultural-do-fim-de-semana-em-natal\/#primaryimage\"},\"thumbnailUrl\":\"https:\/\/deputadotaveirajr.com.br\/wp-content\/uploads\/2025\/03\/eu-de-voce-foto-caca-bernardes-voL1aN-scaled.jpeg\",\"datePublished\":\"2025-03-27T10:00:23+00:00\",\"breadcrumb\":{\"@id\":\"https:\/\/deputadotaveirajr.com.br\/index.php\/peca-com-denise-fraga-e-show-com-xangai-e-jessier-quirino-veja-agenda-cultural-do-fim-de-semana-em-natal\/#breadcrumb\"},\"inLanguage\":\"pt-BR\",\"potentialAction\":[{\"@type\":\"ReadAction\",\"target\":[\"https:\/\/deputadotaveirajr.com.br\/index.php\/peca-com-denise-fraga-e-show-com-xangai-e-jessier-quirino-veja-agenda-cultural-do-fim-de-semana-em-natal\/\"]}]},{\"@type\":\"ImageObject\",\"inLanguage\":\"pt-BR\",\"@id\":\"https:\/\/deputadotaveirajr.com.br\/index.php\/peca-com-denise-fraga-e-show-com-xangai-e-jessier-quirino-veja-agenda-cultural-do-fim-de-semana-em-natal\/#primaryimage\",\"url\":\"https:\/\/deputadotaveirajr.com.br\/wp-content\/uploads\/2025\/03\/eu-de-voce-foto-caca-bernardes-voL1aN-scaled.jpeg\",\"contentUrl\":\"https:\/\/deputadotaveirajr.com.br\/wp-content\/uploads\/2025\/03\/eu-de-voce-foto-caca-bernardes-voL1aN-scaled.jpeg\",\"width\":2560,\"height\":1707},{\"@type\":\"BreadcrumbList\",\"@id\":\"https:\/\/deputadotaveirajr.com.br\/index.php\/peca-com-denise-fraga-e-show-com-xangai-e-jessier-quirino-veja-agenda-cultural-do-fim-de-semana-em-natal\/#breadcrumb\",\"itemListElement\":[{\"@type\":\"ListItem\",\"position\":1,\"name\":\"In\u00edcio\",\"item\":\"https:\/\/deputadotaveirajr.com.br\/\"},{\"@type\":\"ListItem\",\"position\":2,\"name\":\"Pe\u00e7a com Denise Fraga e show com Xangai e Jessier Quirino: veja agenda cultural do fim de semana em Natal\"}]},{\"@type\":\"WebSite\",\"@id\":\"https:\/\/deputadotaveirajr.com.br\/#website\",\"url\":\"https:\/\/deputadotaveirajr.com.br\/\",\"name\":\"Taveira Jr\",\"description\":\"Deputado Estadual\",\"publisher\":{\"@id\":\"https:\/\/deputadotaveirajr.com.br\/#organization\"},\"potentialAction\":[{\"@type\":\"SearchAction\",\"target\":{\"@type\":\"EntryPoint\",\"urlTemplate\":\"https:\/\/deputadotaveirajr.com.br\/?s={search_term_string}\"},\"query-input\":{\"@type\":\"PropertyValueSpecification\",\"valueRequired\":true,\"valueName\":\"search_term_string\"}}],\"inLanguage\":\"pt-BR\"},{\"@type\":\"Organization\",\"@id\":\"https:\/\/deputadotaveirajr.com.br\/#organization\",\"name\":\"Taveira Jr\",\"url\":\"https:\/\/deputadotaveirajr.com.br\/\",\"logo\":{\"@type\":\"ImageObject\",\"inLanguage\":\"pt-BR\",\"@id\":\"https:\/\/deputadotaveirajr.com.br\/#\/schema\/logo\/image\/\",\"url\":\"https:\/\/deputadotaveirajr.com.br\/wp-content\/uploads\/2026\/01\/logolow2a.png\",\"contentUrl\":\"https:\/\/deputadotaveirajr.com.br\/wp-content\/uploads\/2026\/01\/logolow2a.png\",\"width\":290,\"height\":80,\"caption\":\"Taveira Jr\"},\"image\":{\"@id\":\"https:\/\/deputadotaveirajr.com.br\/#\/schema\/logo\/image\/\"}}]}<\/script>\n<!-- \/ Yoast SEO plugin. -->","yoast_head_json":{"title":"Pe\u00e7a com Denise Fraga e show com Xangai e Jessier Quirino: veja agenda cultural do fim de semana em Natal - Taveira Jr","robots":{"index":"index","follow":"follow","max-snippet":"max-snippet:-1","max-image-preview":"max-image-preview:large","max-video-preview":"max-video-preview:-1"},"canonical":"https:\/\/deputadotaveirajr.com.br\/index.php\/peca-com-denise-fraga-e-show-com-xangai-e-jessier-quirino-veja-agenda-cultural-do-fim-de-semana-em-natal\/","og_locale":"pt_BR","og_type":"article","og_title":"Pe\u00e7a com Denise Fraga e show com Xangai e Jessier Quirino: veja agenda cultural do fim de semana em Natal - Taveira Jr","og_description":"Op\u00e7\u00f5es de eventos culturais e festas entre esta quinta-feira (27) e a pr\u00f3xima segunda-feira (31) foram reunidas pelo g1. Denise Fraga em &#8216;Eu de voc\u00ea&#8217; Cac\u00e1 Bernardes Natal e Regi\u00e3o ...","og_url":"https:\/\/deputadotaveirajr.com.br\/index.php\/peca-com-denise-fraga-e-show-com-xangai-e-jessier-quirino-veja-agenda-cultural-do-fim-de-semana-em-natal\/","og_site_name":"Taveira Jr","og_image":[{"url":"https:\/\/s2-g1.glbimg.com\/gTy66ygnZVuNQruohfU1Y-71Qnk=\/i.s3.glbimg.com\/v1\/AUTH_59edd422c0c84a879bd37670ae4f538a\/internal_photos\/bs\/2022\/Q\/p\/CTPDvrSnCpA1VxA3CoBA\/eu-de-voce-foto-caca-bernardes.jpg","type":"","width":"","height":""}],"twitter_card":"summary_large_image","twitter_misc":{"Est. tempo de leitura":"3 minutos"},"schema":{"@context":"https:\/\/schema.org","@graph":[{"@type":"WebPage","@id":"https:\/\/deputadotaveirajr.com.br\/index.php\/peca-com-denise-fraga-e-show-com-xangai-e-jessier-quirino-veja-agenda-cultural-do-fim-de-semana-em-natal\/","url":"https:\/\/deputadotaveirajr.com.br\/index.php\/peca-com-denise-fraga-e-show-com-xangai-e-jessier-quirino-veja-agenda-cultural-do-fim-de-semana-em-natal\/","name":"Pe\u00e7a com Denise Fraga e show com Xangai e Jessier Quirino: veja agenda cultural do fim de semana em Natal - Taveira Jr","isPartOf":{"@id":"https:\/\/deputadotaveirajr.com.br\/#website"},"primaryImageOfPage":{"@id":"https:\/\/deputadotaveirajr.com.br\/index.php\/peca-com-denise-fraga-e-show-com-xangai-e-jessier-quirino-veja-agenda-cultural-do-fim-de-semana-em-natal\/#primaryimage"},"image":{"@id":"https:\/\/deputadotaveirajr.com.br\/index.php\/peca-com-denise-fraga-e-show-com-xangai-e-jessier-quirino-veja-agenda-cultural-do-fim-de-semana-em-natal\/#primaryimage"},"thumbnailUrl":"https:\/\/deputadotaveirajr.com.br\/wp-content\/uploads\/2025\/03\/eu-de-voce-foto-caca-bernardes-voL1aN-scaled.jpeg","datePublished":"2025-03-27T10:00:23+00:00","breadcrumb":{"@id":"https:\/\/deputadotaveirajr.com.br\/index.php\/peca-com-denise-fraga-e-show-com-xangai-e-jessier-quirino-veja-agenda-cultural-do-fim-de-semana-em-natal\/#breadcrumb"},"inLanguage":"pt-BR","potentialAction":[{"@type":"ReadAction","target":["https:\/\/deputadotaveirajr.com.br\/index.php\/peca-com-denise-fraga-e-show-com-xangai-e-jessier-quirino-veja-agenda-cultural-do-fim-de-semana-em-natal\/"]}]},{"@type":"ImageObject","inLanguage":"pt-BR","@id":"https:\/\/deputadotaveirajr.com.br\/index.php\/peca-com-denise-fraga-e-show-com-xangai-e-jessier-quirino-veja-agenda-cultural-do-fim-de-semana-em-natal\/#primaryimage","url":"https:\/\/deputadotaveirajr.com.br\/wp-content\/uploads\/2025\/03\/eu-de-voce-foto-caca-bernardes-voL1aN-scaled.jpeg","contentUrl":"https:\/\/deputadotaveirajr.com.br\/wp-content\/uploads\/2025\/03\/eu-de-voce-foto-caca-bernardes-voL1aN-scaled.jpeg","width":2560,"height":1707},{"@type":"BreadcrumbList","@id":"https:\/\/deputadotaveirajr.com.br\/index.php\/peca-com-denise-fraga-e-show-com-xangai-e-jessier-quirino-veja-agenda-cultural-do-fim-de-semana-em-natal\/#breadcrumb","itemListElement":[{"@type":"ListItem","position":1,"name":"In\u00edcio","item":"https:\/\/deputadotaveirajr.com.br\/"},{"@type":"ListItem","position":2,"name":"Pe\u00e7a com Denise Fraga e show com Xangai e Jessier Quirino: veja agenda cultural do fim de semana em Natal"}]},{"@type":"WebSite","@id":"https:\/\/deputadotaveirajr.com.br\/#website","url":"https:\/\/deputadotaveirajr.com.br\/","name":"Taveira Jr","description":"Deputado Estadual","publisher":{"@id":"https:\/\/deputadotaveirajr.com.br\/#organization"},"potentialAction":[{"@type":"SearchAction","target":{"@type":"EntryPoint","urlTemplate":"https:\/\/deputadotaveirajr.com.br\/?s={search_term_string}"},"query-input":{"@type":"PropertyValueSpecification","valueRequired":true,"valueName":"search_term_string"}}],"inLanguage":"pt-BR"},{"@type":"Organization","@id":"https:\/\/deputadotaveirajr.com.br\/#organization","name":"Taveira Jr","url":"https:\/\/deputadotaveirajr.com.br\/","logo":{"@type":"ImageObject","inLanguage":"pt-BR","@id":"https:\/\/deputadotaveirajr.com.br\/#\/schema\/logo\/image\/","url":"https:\/\/deputadotaveirajr.com.br\/wp-content\/uploads\/2026\/01\/logolow2a.png","contentUrl":"https:\/\/deputadotaveirajr.com.br\/wp-content\/uploads\/2026\/01\/logolow2a.png","width":290,"height":80,"caption":"Taveira Jr"},"image":{"@id":"https:\/\/deputadotaveirajr.com.br\/#\/schema\/logo\/image\/"}}]}},"_links":{"self":[{"href":"https:\/\/deputadotaveirajr.com.br\/index.php\/wp-json\/wp\/v2\/pages\/12674","targetHints":{"allow":["GET"]}}],"collection":[{"href":"https:\/\/deputadotaveirajr.com.br\/index.php\/wp-json\/wp\/v2\/pages"}],"about":[{"href":"https:\/\/deputadotaveirajr.com.br\/index.php\/wp-json\/wp\/v2\/types\/page"}],"replies":[{"embeddable":true,"href":"https:\/\/deputadotaveirajr.com.br\/index.php\/wp-json\/wp\/v2\/comments?post=12674"}],"version-history":[{"count":0,"href":"https:\/\/deputadotaveirajr.com.br\/index.php\/wp-json\/wp\/v2\/pages\/12674\/revisions"}],"wp:featuredmedia":[{"embeddable":true,"href":"https:\/\/deputadotaveirajr.com.br\/index.php\/wp-json\/wp\/v2\/media\/12675"}],"wp:attachment":[{"href":"https:\/\/deputadotaveirajr.com.br\/index.php\/wp-json\/wp\/v2\/media?parent=12674"}],"curies":[{"name":"wp","href":"https:\/\/api.w.org\/{rel}","templated":true}]}}