{"id":12686,"date":"2025-03-30T11:48:14","date_gmt":"2025-03-30T14:48:14","guid":{"rendered":"https:\/\/deputadotaveirajr.com.br\/index.php\/prf-apreende-caminhao-com-cinto-amarrado-com-cordao-e-pneu-no-arame-na-grande-natal\/"},"modified":"2025-03-30T11:48:14","modified_gmt":"2025-03-30T14:48:14","slug":"prf-apreende-caminhao-com-cinto-amarrado-com-cordao-e-pneu-no-arame-na-grande-natal","status":"publish","type":"page","link":"https:\/\/deputadotaveirajr.com.br\/index.php\/prf-apreende-caminhao-com-cinto-amarrado-com-cordao-e-pneu-no-arame-na-grande-natal\/","title":{"rendered":"PRF apreende caminh\u00e3o com cinto amarrado com cord\u00e3o e &#8216;pneu no arame&#8217; na Grande Natal"},"content":{"rendered":"<p><img decoding=\"async\" src=\"https:\/\/s2-g1.glbimg.com\/aUDrL5i-iIP2XnLkg0TKAMkBe5E=\/i.s3.glbimg.com\/v1\/AUTH_59edd422c0c84a879bd37670ae4f538a\/internal_photos\/bs\/2025\/j\/b\/MBJfTBRsimiNqVJpxy3w\/caminhaoirregular.png\" \/><br \/>     Flagra aconteceu durante Opera\u00e7\u00e3o Lei do Descanso. Disco do tac\u00f3grafo, equipamento que registra o tempo de dire\u00e7\u00e3o e descanso do condutor, tamb\u00e9m estava irregular. Caminh\u00e3o flagrado com irregularidades no cinto e no pneu no RN<br \/>\nA Pol\u00edcia Rodovi\u00e1ria Federal apreendeu um caminh\u00e3o com &#8220;pneu no arame&#8221; e o cinto de seguran\u00e7a do banco do motorista amarrado com um cord\u00e3o na BR-304 em Maca\u00edba, na Grande Natal. O flagra aconteceu na noite de sexta-feira (28), mas foi divulgado pela corpora\u00e7\u00e3o na tarde de s\u00e1bado (29).<br \/>\nA fiscaliza\u00e7\u00e3o realizada faz parte da terceira fase da Opera\u00e7\u00e3o Lei do Descanso (entenda melhor mais abaixo).<br \/>\n\ud83d\udcf3Participe do canal do g1 RN no WhatsApp<br \/>\nSegundo a PRF, o ve\u00edculo trafegava com o pneu traseiro &#8220;completamente desgastado, com a estrutura de arame exposta&#8221;.<br \/>\nAl\u00e9m disso, informou a pol\u00edcia, o cinto de seguran\u00e7a do motorista estava amarrado com um cord\u00e3o improvisado para unir as extremidades, j\u00e1 que estava danificado.<br \/>\nLEIA TAMB\u00c9M<br \/>\n&#8216;IMPR\u00d3PRIO PARA CIRCULA\u00c7\u00c3O&#8217;: PRF apreendeu na BR-101 carro sem far\u00f3is, para-brisa, retrovisores e metade do volante<br \/>\n&#8216;PIRACONGUBA&#8217;: erro ortogr\u00e1fico em nome de cidade leva PRF a identificar moto furtada h\u00e1 20 anos<br \/>\nOutro problema encontrado, de acordo com a PRF, foi o disco do tac\u00f3grafo, que apresentava falhas. O equipamento registra o tempo de dire\u00e7\u00e3o e descanso do condutor.<br \/>\nSegundo a Pol\u00edcia Rodovi\u00e1ria Federal, o equipamento n\u00e3o continha a placa do ve\u00edculo e n\u00e3o comprovava o per\u00edodo de descanso obrigat\u00f3rio.<br \/>\nA PRF removeu o caminh\u00e3o para o p\u00e1tio da corpora\u00e7\u00e3o &#8220;diante das condi\u00e7\u00f5es de risco&#8221; para que as irregularidades fossem sanadas.<br \/>\nA Opera\u00e7\u00e3o Lei do Descanso tem como foco fiscalizar o cumprimento da jornada de trabalho dos motoristas profissionais, prevenindo acidentes causados por fadiga e promovendo mais seguran\u00e7a nas rodovias federais.<br \/>\nIrregularidades encontradas no caminh\u00e3o<br \/>\nDivulga\u00e7\u00e3o\/PRF<br \/>\nV\u00eddeos mais assistidos do g1 RN<\/p>","protected":false},"excerpt":{"rendered":"<p>Flagra aconteceu durante Opera\u00e7\u00e3o Lei do Descanso. Disco do tac\u00f3grafo, equipamento que registra o tempo de dire\u00e7\u00e3o e descanso do condutor, tamb\u00e9m estava irregular. Caminh\u00e3o flagrado com irregularidades no cinto &#8230;<\/p>\n","protected":false},"author":0,"featured_media":12687,"parent":0,"menu_order":0,"comment_status":"closed","ping_status":"closed","template":"","meta":{"footnotes":""},"class_list":["post-12686","page","type-page","status-publish","has-post-thumbnail","hentry"],"yoast_head":"<!-- This site is optimized with the Yoast SEO plugin v27.1.1 - https:\/\/yoast.com\/product\/yoast-seo-wordpress\/ -->\n<title>PRF apreende caminh\u00e3o com cinto amarrado com cord\u00e3o e &#039;pneu no arame&#039; na Grande Natal - Taveira Jr<\/title>\n<meta name=\"robots\" content=\"index, follow, max-snippet:-1, max-image-preview:large, max-video-preview:-1\" \/>\n<link rel=\"canonical\" href=\"https:\/\/deputadotaveirajr.com.br\/index.php\/prf-apreende-caminhao-com-cinto-amarrado-com-cordao-e-pneu-no-arame-na-grande-natal\/\" \/>\n<meta property=\"og:locale\" content=\"pt_BR\" \/>\n<meta property=\"og:type\" content=\"article\" \/>\n<meta property=\"og:title\" content=\"PRF apreende caminh\u00e3o com cinto amarrado com cord\u00e3o e &#039;pneu no arame&#039; na Grande Natal - Taveira Jr\" \/>\n<meta property=\"og:description\" content=\"Flagra aconteceu durante Opera\u00e7\u00e3o Lei do Descanso. Disco do tac\u00f3grafo, equipamento que registra o tempo de dire\u00e7\u00e3o e descanso do condutor, tamb\u00e9m estava irregular. Caminh\u00e3o flagrado com irregularidades no cinto ...\" \/>\n<meta property=\"og:url\" content=\"https:\/\/deputadotaveirajr.com.br\/index.php\/prf-apreende-caminhao-com-cinto-amarrado-com-cordao-e-pneu-no-arame-na-grande-natal\/\" \/>\n<meta property=\"og:site_name\" content=\"Taveira Jr\" \/>\n<meta property=\"og:image\" content=\"https:\/\/s2-g1.glbimg.com\/aUDrL5i-iIP2XnLkg0TKAMkBe5E=\/i.s3.glbimg.com\/v1\/AUTH_59edd422c0c84a879bd37670ae4f538a\/internal_photos\/bs\/2025\/j\/b\/MBJfTBRsimiNqVJpxy3w\/caminhaoirregular.png\" \/>\n<meta name=\"twitter:card\" content=\"summary_large_image\" \/>\n<meta name=\"twitter:label1\" content=\"Est. tempo de leitura\" \/>\n\t<meta name=\"twitter:data1\" content=\"2 minutos\" \/>\n<script type=\"application\/ld+json\" class=\"yoast-schema-graph\">{\"@context\":\"https:\/\/schema.org\",\"@graph\":[{\"@type\":\"WebPage\",\"@id\":\"https:\/\/deputadotaveirajr.com.br\/index.php\/prf-apreende-caminhao-com-cinto-amarrado-com-cordao-e-pneu-no-arame-na-grande-natal\/\",\"url\":\"https:\/\/deputadotaveirajr.com.br\/index.php\/prf-apreende-caminhao-com-cinto-amarrado-com-cordao-e-pneu-no-arame-na-grande-natal\/\",\"name\":\"PRF apreende caminh\u00e3o com cinto amarrado com cord\u00e3o e 'pneu no arame' na Grande Natal - Taveira Jr\",\"isPartOf\":{\"@id\":\"https:\/\/deputadotaveirajr.com.br\/#website\"},\"primaryImageOfPage\":{\"@id\":\"https:\/\/deputadotaveirajr.com.br\/index.php\/prf-apreende-caminhao-com-cinto-amarrado-com-cordao-e-pneu-no-arame-na-grande-natal\/#primaryimage\"},\"image\":{\"@id\":\"https:\/\/deputadotaveirajr.com.br\/index.php\/prf-apreende-caminhao-com-cinto-amarrado-com-cordao-e-pneu-no-arame-na-grande-natal\/#primaryimage\"},\"thumbnailUrl\":\"https:\/\/deputadotaveirajr.com.br\/wp-content\/uploads\/2025\/03\/caminhaoirregular-QzejNi.jpeg\",\"datePublished\":\"2025-03-30T14:48:14+00:00\",\"breadcrumb\":{\"@id\":\"https:\/\/deputadotaveirajr.com.br\/index.php\/prf-apreende-caminhao-com-cinto-amarrado-com-cordao-e-pneu-no-arame-na-grande-natal\/#breadcrumb\"},\"inLanguage\":\"pt-BR\",\"potentialAction\":[{\"@type\":\"ReadAction\",\"target\":[\"https:\/\/deputadotaveirajr.com.br\/index.php\/prf-apreende-caminhao-com-cinto-amarrado-com-cordao-e-pneu-no-arame-na-grande-natal\/\"]}]},{\"@type\":\"ImageObject\",\"inLanguage\":\"pt-BR\",\"@id\":\"https:\/\/deputadotaveirajr.com.br\/index.php\/prf-apreende-caminhao-com-cinto-amarrado-com-cordao-e-pneu-no-arame-na-grande-natal\/#primaryimage\",\"url\":\"https:\/\/deputadotaveirajr.com.br\/wp-content\/uploads\/2025\/03\/caminhaoirregular-QzejNi.jpeg\",\"contentUrl\":\"https:\/\/deputadotaveirajr.com.br\/wp-content\/uploads\/2025\/03\/caminhaoirregular-QzejNi.jpeg\",\"width\":2000,\"height\":2000},{\"@type\":\"BreadcrumbList\",\"@id\":\"https:\/\/deputadotaveirajr.com.br\/index.php\/prf-apreende-caminhao-com-cinto-amarrado-com-cordao-e-pneu-no-arame-na-grande-natal\/#breadcrumb\",\"itemListElement\":[{\"@type\":\"ListItem\",\"position\":1,\"name\":\"In\u00edcio\",\"item\":\"https:\/\/deputadotaveirajr.com.br\/\"},{\"@type\":\"ListItem\",\"position\":2,\"name\":\"PRF apreende caminh\u00e3o com cinto amarrado com cord\u00e3o e &#8216;pneu no arame&#8217; na Grande Natal\"}]},{\"@type\":\"WebSite\",\"@id\":\"https:\/\/deputadotaveirajr.com.br\/#website\",\"url\":\"https:\/\/deputadotaveirajr.com.br\/\",\"name\":\"Taveira Jr\",\"description\":\"Deputado Estadual\",\"publisher\":{\"@id\":\"https:\/\/deputadotaveirajr.com.br\/#organization\"},\"potentialAction\":[{\"@type\":\"SearchAction\",\"target\":{\"@type\":\"EntryPoint\",\"urlTemplate\":\"https:\/\/deputadotaveirajr.com.br\/?s={search_term_string}\"},\"query-input\":{\"@type\":\"PropertyValueSpecification\",\"valueRequired\":true,\"valueName\":\"search_term_string\"}}],\"inLanguage\":\"pt-BR\"},{\"@type\":\"Organization\",\"@id\":\"https:\/\/deputadotaveirajr.com.br\/#organization\",\"name\":\"Taveira Jr\",\"url\":\"https:\/\/deputadotaveirajr.com.br\/\",\"logo\":{\"@type\":\"ImageObject\",\"inLanguage\":\"pt-BR\",\"@id\":\"https:\/\/deputadotaveirajr.com.br\/#\/schema\/logo\/image\/\",\"url\":\"https:\/\/deputadotaveirajr.com.br\/wp-content\/uploads\/2026\/01\/logolow2a.png\",\"contentUrl\":\"https:\/\/deputadotaveirajr.com.br\/wp-content\/uploads\/2026\/01\/logolow2a.png\",\"width\":290,\"height\":80,\"caption\":\"Taveira Jr\"},\"image\":{\"@id\":\"https:\/\/deputadotaveirajr.com.br\/#\/schema\/logo\/image\/\"}}]}<\/script>\n<!-- \/ Yoast SEO plugin. -->","yoast_head_json":{"title":"PRF apreende caminh\u00e3o com cinto amarrado com cord\u00e3o e 'pneu no arame' na Grande Natal - Taveira Jr","robots":{"index":"index","follow":"follow","max-snippet":"max-snippet:-1","max-image-preview":"max-image-preview:large","max-video-preview":"max-video-preview:-1"},"canonical":"https:\/\/deputadotaveirajr.com.br\/index.php\/prf-apreende-caminhao-com-cinto-amarrado-com-cordao-e-pneu-no-arame-na-grande-natal\/","og_locale":"pt_BR","og_type":"article","og_title":"PRF apreende caminh\u00e3o com cinto amarrado com cord\u00e3o e 'pneu no arame' na Grande Natal - Taveira Jr","og_description":"Flagra aconteceu durante Opera\u00e7\u00e3o Lei do Descanso. Disco do tac\u00f3grafo, equipamento que registra o tempo de dire\u00e7\u00e3o e descanso do condutor, tamb\u00e9m estava irregular. Caminh\u00e3o flagrado com irregularidades no cinto ...","og_url":"https:\/\/deputadotaveirajr.com.br\/index.php\/prf-apreende-caminhao-com-cinto-amarrado-com-cordao-e-pneu-no-arame-na-grande-natal\/","og_site_name":"Taveira Jr","og_image":[{"url":"https:\/\/s2-g1.glbimg.com\/aUDrL5i-iIP2XnLkg0TKAMkBe5E=\/i.s3.glbimg.com\/v1\/AUTH_59edd422c0c84a879bd37670ae4f538a\/internal_photos\/bs\/2025\/j\/b\/MBJfTBRsimiNqVJpxy3w\/caminhaoirregular.png","type":"","width":"","height":""}],"twitter_card":"summary_large_image","twitter_misc":{"Est. tempo de leitura":"2 minutos"},"schema":{"@context":"https:\/\/schema.org","@graph":[{"@type":"WebPage","@id":"https:\/\/deputadotaveirajr.com.br\/index.php\/prf-apreende-caminhao-com-cinto-amarrado-com-cordao-e-pneu-no-arame-na-grande-natal\/","url":"https:\/\/deputadotaveirajr.com.br\/index.php\/prf-apreende-caminhao-com-cinto-amarrado-com-cordao-e-pneu-no-arame-na-grande-natal\/","name":"PRF apreende caminh\u00e3o com cinto amarrado com cord\u00e3o e 'pneu no arame' na Grande Natal - Taveira Jr","isPartOf":{"@id":"https:\/\/deputadotaveirajr.com.br\/#website"},"primaryImageOfPage":{"@id":"https:\/\/deputadotaveirajr.com.br\/index.php\/prf-apreende-caminhao-com-cinto-amarrado-com-cordao-e-pneu-no-arame-na-grande-natal\/#primaryimage"},"image":{"@id":"https:\/\/deputadotaveirajr.com.br\/index.php\/prf-apreende-caminhao-com-cinto-amarrado-com-cordao-e-pneu-no-arame-na-grande-natal\/#primaryimage"},"thumbnailUrl":"https:\/\/deputadotaveirajr.com.br\/wp-content\/uploads\/2025\/03\/caminhaoirregular-QzejNi.jpeg","datePublished":"2025-03-30T14:48:14+00:00","breadcrumb":{"@id":"https:\/\/deputadotaveirajr.com.br\/index.php\/prf-apreende-caminhao-com-cinto-amarrado-com-cordao-e-pneu-no-arame-na-grande-natal\/#breadcrumb"},"inLanguage":"pt-BR","potentialAction":[{"@type":"ReadAction","target":["https:\/\/deputadotaveirajr.com.br\/index.php\/prf-apreende-caminhao-com-cinto-amarrado-com-cordao-e-pneu-no-arame-na-grande-natal\/"]}]},{"@type":"ImageObject","inLanguage":"pt-BR","@id":"https:\/\/deputadotaveirajr.com.br\/index.php\/prf-apreende-caminhao-com-cinto-amarrado-com-cordao-e-pneu-no-arame-na-grande-natal\/#primaryimage","url":"https:\/\/deputadotaveirajr.com.br\/wp-content\/uploads\/2025\/03\/caminhaoirregular-QzejNi.jpeg","contentUrl":"https:\/\/deputadotaveirajr.com.br\/wp-content\/uploads\/2025\/03\/caminhaoirregular-QzejNi.jpeg","width":2000,"height":2000},{"@type":"BreadcrumbList","@id":"https:\/\/deputadotaveirajr.com.br\/index.php\/prf-apreende-caminhao-com-cinto-amarrado-com-cordao-e-pneu-no-arame-na-grande-natal\/#breadcrumb","itemListElement":[{"@type":"ListItem","position":1,"name":"In\u00edcio","item":"https:\/\/deputadotaveirajr.com.br\/"},{"@type":"ListItem","position":2,"name":"PRF apreende caminh\u00e3o com cinto amarrado com cord\u00e3o e &#8216;pneu no arame&#8217; na Grande Natal"}]},{"@type":"WebSite","@id":"https:\/\/deputadotaveirajr.com.br\/#website","url":"https:\/\/deputadotaveirajr.com.br\/","name":"Taveira Jr","description":"Deputado Estadual","publisher":{"@id":"https:\/\/deputadotaveirajr.com.br\/#organization"},"potentialAction":[{"@type":"SearchAction","target":{"@type":"EntryPoint","urlTemplate":"https:\/\/deputadotaveirajr.com.br\/?s={search_term_string}"},"query-input":{"@type":"PropertyValueSpecification","valueRequired":true,"valueName":"search_term_string"}}],"inLanguage":"pt-BR"},{"@type":"Organization","@id":"https:\/\/deputadotaveirajr.com.br\/#organization","name":"Taveira Jr","url":"https:\/\/deputadotaveirajr.com.br\/","logo":{"@type":"ImageObject","inLanguage":"pt-BR","@id":"https:\/\/deputadotaveirajr.com.br\/#\/schema\/logo\/image\/","url":"https:\/\/deputadotaveirajr.com.br\/wp-content\/uploads\/2026\/01\/logolow2a.png","contentUrl":"https:\/\/deputadotaveirajr.com.br\/wp-content\/uploads\/2026\/01\/logolow2a.png","width":290,"height":80,"caption":"Taveira Jr"},"image":{"@id":"https:\/\/deputadotaveirajr.com.br\/#\/schema\/logo\/image\/"}}]}},"_links":{"self":[{"href":"https:\/\/deputadotaveirajr.com.br\/index.php\/wp-json\/wp\/v2\/pages\/12686","targetHints":{"allow":["GET"]}}],"collection":[{"href":"https:\/\/deputadotaveirajr.com.br\/index.php\/wp-json\/wp\/v2\/pages"}],"about":[{"href":"https:\/\/deputadotaveirajr.com.br\/index.php\/wp-json\/wp\/v2\/types\/page"}],"replies":[{"embeddable":true,"href":"https:\/\/deputadotaveirajr.com.br\/index.php\/wp-json\/wp\/v2\/comments?post=12686"}],"version-history":[{"count":0,"href":"https:\/\/deputadotaveirajr.com.br\/index.php\/wp-json\/wp\/v2\/pages\/12686\/revisions"}],"wp:featuredmedia":[{"embeddable":true,"href":"https:\/\/deputadotaveirajr.com.br\/index.php\/wp-json\/wp\/v2\/media\/12687"}],"wp:attachment":[{"href":"https:\/\/deputadotaveirajr.com.br\/index.php\/wp-json\/wp\/v2\/media?parent=12686"}],"curies":[{"name":"wp","href":"https:\/\/api.w.org\/{rel}","templated":true}]}}