{"id":12688,"date":"2025-03-30T10:28:20","date_gmt":"2025-03-30T13:28:20","guid":{"rendered":"https:\/\/deputadotaveirajr.com.br\/index.php\/rn-abre-24-mil-postos-de-trabalho-com-carteira-assinada-em-fevereiro-aponta-caged\/"},"modified":"2025-03-30T10:28:20","modified_gmt":"2025-03-30T13:28:20","slug":"rn-abre-24-mil-postos-de-trabalho-com-carteira-assinada-em-fevereiro-aponta-caged","status":"publish","type":"page","link":"https:\/\/deputadotaveirajr.com.br\/index.php\/rn-abre-24-mil-postos-de-trabalho-com-carteira-assinada-em-fevereiro-aponta-caged\/","title":{"rendered":"RN abre 2,4 mil postos de trabalho com carteira assinada em fevereiro, aponta Caged"},"content":{"rendered":"<p><img decoding=\"async\" src=\"https:\/\/s2-g1.glbimg.com\/ceBb-1raAI9bKhRQ8TQ0U1v7JNg=\/i.s3.glbimg.com\/v1\/AUTH_59edd422c0c84a879bd37670ae4f538a\/internal_photos\/bs\/2024\/M\/7\/mJAbjbTkqvEK9uFlCUjg\/29.07.2019-portaria-conjunta-fortalece-a-geracao-de-empregos-para-a-juventude.-foto-tony-winston-agencia-brasilia-1024x680.jpg\" \/><br \/>     Em janeiro, estado havia fechado mais de 600 vagas de carteira assinada. Natal foi a cidade potiguar com mais postos de trabalho criados no m\u00eas. Carteira de trabalho<br \/>\nAg\u00eancia Bras\u00edlia\/ARQUIVO<br \/>\nO Rio Grande do Norte abriu 2.495 postos de trabalho com carteira assinada no m\u00eas de fevereiro. O dado est\u00e1 no Cadastro Geral de Empregados e Desempregados (Novo Caged), divulgado na sexta-feira (28) pelo Minist\u00e9rio do Trabalho e Emprego (MTE).<br \/>\nO resultado \u00e9 fruto de:<br \/>\n22.502 admiss\u00f5es; e<br \/>\n20.007 demiss\u00f5es.<br \/>\n\ud83d\udcf3Participe do canal do g1 RN no WhatsApp<br \/>\n\ud83d\udd0e O saldo \u00e9 calculado atrav\u00e9s da diferen\u00e7a do n\u00famero de contrata\u00e7\u00f5es e demiss\u00f5es por carteira assinada.<br \/>\nEm janeiro, o Rio Grande do Norte havia fechado mais de 600 vagas de carteira assinada, fechando com saldo negativo o primeiro m\u00eas de 2025.<br \/>\nAs novas vagas com carteira assinada foram ocupados, em sua maioria, por pessoas do sexo feminino, segundo o Caged, com um total de 1.827 contrata\u00e7\u00f5es.<br \/>\nOutros dados apontados pelo Minist\u00e9rio do Trabalho e Emprego:<br \/>\npessoas com ensino m\u00e9dio completo foram as principais atendidas, sendo 2.249 com as vagas no Rio Grande do Norte.<br \/>\njovens entre 18 e 24 anos s\u00e3o o grupo com maior saldo de vagas no estado: 1.627<br \/>\nEm 12 meses, apontou o Caged, o saldo registrado no Rio Grande do Norte foi de 34,7 mil empregos. O estoque, ou seja, a quantidade total de pessoas formalizadas trabalhando no estado, chegou a 538,2 mil pessoas.<br \/>\nLEIA TAMB\u00c9M<br \/>\nNACIONAL: Em meio \u00e0 alta dos juros, Brasil cria 431,9 mil empregos formais em fevereiro e bate recorde<br \/>\nDados por cidade<br \/>\nA capital Natal foi o munic\u00edpio com o melhor saldo no estado em fevereiro, com 1,9 mil novos postos. A cidade teve, em fevereiro, um estoque, ou seja, uma quantidade de trabalhadores em empregos formais, de 235 mil.<br \/>\nNa sequ\u00eancia dos munic\u00edpios com melhores desempenhos no m\u00eas de fevereiro no estado foram: Currais Novos (146), Maca\u00edba (144), Parnamirim (132) e Caic\u00f3 (120).<br \/>\nPrincipais setores<br \/>\nEm fevereiro, o Rio Grande do Norte apresentou desempenho positivo em tr\u00eas dos cinco grandes grupamentos de atividades econ\u00f4micas. O destaque foi o setor de Servi\u00e7os, que terminou o m\u00eas com um saldo de 2.367 vagas.<br \/>\n Na sequ\u00eancia aparecem Constru\u00e7\u00e3o (726) e Com\u00e9rcio (558).<br \/>\nOs setores de Ind\u00fastria e Agricultura apresentaram saldo negativo, com menos 101 e 1.055 vagas, respectivamente.<br \/>\nNordeste: saldo positivo<br \/>\nOs saldos de todos os estados do Nordeste foram positivos:<br \/>\nBahia &#8211; 20.132<br \/>\nPernambuco &#8211; 7.588<br \/>\nCear\u00e1 &#8211; 6 488<br \/>\nAlagoas &#8211; 5.471<br \/>\nPiau\u00ed &#8211; 2.994<br \/>\nRio Grande do Norte &#8211; 2.495<br \/>\nMaranh\u00e3o &#8211; 1.470<br \/>\nSergipe &#8211; 869<br \/>\nPara\u00edba &#8211; 525<br \/>\nEconomia brasileira cria 431.995 empregos com carteira assinada, em fevereiro<br \/>\nV\u00eddeos mais assistidos do g1 RN<\/p>","protected":false},"excerpt":{"rendered":"<p>Em janeiro, estado havia fechado mais de 600 vagas de carteira assinada. Natal foi a cidade potiguar com mais postos de trabalho criados no m\u00eas. Carteira de trabalho Ag\u00eancia Bras\u00edlia\/ARQUIVO &#8230;<\/p>\n","protected":false},"author":0,"featured_media":12689,"parent":0,"menu_order":0,"comment_status":"closed","ping_status":"closed","template":"","meta":{"footnotes":""},"class_list":["post-12688","page","type-page","status-publish","has-post-thumbnail","hentry"],"yoast_head":"<!-- This site is optimized with the Yoast SEO plugin v27.1.1 - https:\/\/yoast.com\/product\/yoast-seo-wordpress\/ -->\n<title>RN abre 2,4 mil postos de trabalho com carteira assinada em fevereiro, aponta Caged - Taveira Jr<\/title>\n<meta name=\"robots\" content=\"index, follow, max-snippet:-1, max-image-preview:large, max-video-preview:-1\" \/>\n<link rel=\"canonical\" href=\"https:\/\/deputadotaveirajr.com.br\/index.php\/rn-abre-24-mil-postos-de-trabalho-com-carteira-assinada-em-fevereiro-aponta-caged\/\" \/>\n<meta property=\"og:locale\" content=\"pt_BR\" \/>\n<meta property=\"og:type\" content=\"article\" \/>\n<meta property=\"og:title\" content=\"RN abre 2,4 mil postos de trabalho com carteira assinada em fevereiro, aponta Caged - Taveira Jr\" \/>\n<meta property=\"og:description\" content=\"Em janeiro, estado havia fechado mais de 600 vagas de carteira assinada. Natal foi a cidade potiguar com mais postos de trabalho criados no m\u00eas. Carteira de trabalho Ag\u00eancia Bras\u00edlia\/ARQUIVO ...\" \/>\n<meta property=\"og:url\" content=\"https:\/\/deputadotaveirajr.com.br\/index.php\/rn-abre-24-mil-postos-de-trabalho-com-carteira-assinada-em-fevereiro-aponta-caged\/\" \/>\n<meta property=\"og:site_name\" content=\"Taveira Jr\" \/>\n<meta property=\"og:image\" content=\"https:\/\/s2-g1.glbimg.com\/ceBb-1raAI9bKhRQ8TQ0U1v7JNg=\/i.s3.glbimg.com\/v1\/AUTH_59edd422c0c84a879bd37670ae4f538a\/internal_photos\/bs\/2024\/M\/7\/mJAbjbTkqvEK9uFlCUjg\/29.07.2019-portaria-conjunta-fortalece-a-geracao-de-empregos-para-a-juventude.-foto-tony-winston-agencia-brasilia-1024x680.jpg\" \/>\n<meta name=\"twitter:card\" content=\"summary_large_image\" \/>\n<meta name=\"twitter:label1\" content=\"Est. tempo de leitura\" \/>\n\t<meta name=\"twitter:data1\" content=\"2 minutos\" \/>\n<script type=\"application\/ld+json\" class=\"yoast-schema-graph\">{\"@context\":\"https:\/\/schema.org\",\"@graph\":[{\"@type\":\"WebPage\",\"@id\":\"https:\/\/deputadotaveirajr.com.br\/index.php\/rn-abre-24-mil-postos-de-trabalho-com-carteira-assinada-em-fevereiro-aponta-caged\/\",\"url\":\"https:\/\/deputadotaveirajr.com.br\/index.php\/rn-abre-24-mil-postos-de-trabalho-com-carteira-assinada-em-fevereiro-aponta-caged\/\",\"name\":\"RN abre 2,4 mil postos de trabalho com carteira assinada em fevereiro, aponta Caged - Taveira Jr\",\"isPartOf\":{\"@id\":\"https:\/\/deputadotaveirajr.com.br\/#website\"},\"primaryImageOfPage\":{\"@id\":\"https:\/\/deputadotaveirajr.com.br\/index.php\/rn-abre-24-mil-postos-de-trabalho-com-carteira-assinada-em-fevereiro-aponta-caged\/#primaryimage\"},\"image\":{\"@id\":\"https:\/\/deputadotaveirajr.com.br\/index.php\/rn-abre-24-mil-postos-de-trabalho-com-carteira-assinada-em-fevereiro-aponta-caged\/#primaryimage\"},\"thumbnailUrl\":\"https:\/\/deputadotaveirajr.com.br\/wp-content\/uploads\/2025\/03\/29.07.2019-portaria-conjunta-fortalece-a-geracao-de-empregos-para-a-juventude.-foto-tony-winston-agencia-brasilia-1024x680-19hleS.jpeg\",\"datePublished\":\"2025-03-30T13:28:20+00:00\",\"breadcrumb\":{\"@id\":\"https:\/\/deputadotaveirajr.com.br\/index.php\/rn-abre-24-mil-postos-de-trabalho-com-carteira-assinada-em-fevereiro-aponta-caged\/#breadcrumb\"},\"inLanguage\":\"pt-BR\",\"potentialAction\":[{\"@type\":\"ReadAction\",\"target\":[\"https:\/\/deputadotaveirajr.com.br\/index.php\/rn-abre-24-mil-postos-de-trabalho-com-carteira-assinada-em-fevereiro-aponta-caged\/\"]}]},{\"@type\":\"ImageObject\",\"inLanguage\":\"pt-BR\",\"@id\":\"https:\/\/deputadotaveirajr.com.br\/index.php\/rn-abre-24-mil-postos-de-trabalho-com-carteira-assinada-em-fevereiro-aponta-caged\/#primaryimage\",\"url\":\"https:\/\/deputadotaveirajr.com.br\/wp-content\/uploads\/2025\/03\/29.07.2019-portaria-conjunta-fortalece-a-geracao-de-empregos-para-a-juventude.-foto-tony-winston-agencia-brasilia-1024x680-19hleS.jpeg\",\"contentUrl\":\"https:\/\/deputadotaveirajr.com.br\/wp-content\/uploads\/2025\/03\/29.07.2019-portaria-conjunta-fortalece-a-geracao-de-empregos-para-a-juventude.-foto-tony-winston-agencia-brasilia-1024x680-19hleS.jpeg\",\"width\":1024,\"height\":680},{\"@type\":\"BreadcrumbList\",\"@id\":\"https:\/\/deputadotaveirajr.com.br\/index.php\/rn-abre-24-mil-postos-de-trabalho-com-carteira-assinada-em-fevereiro-aponta-caged\/#breadcrumb\",\"itemListElement\":[{\"@type\":\"ListItem\",\"position\":1,\"name\":\"In\u00edcio\",\"item\":\"https:\/\/deputadotaveirajr.com.br\/\"},{\"@type\":\"ListItem\",\"position\":2,\"name\":\"RN abre 2,4 mil postos de trabalho com carteira assinada em fevereiro, aponta Caged\"}]},{\"@type\":\"WebSite\",\"@id\":\"https:\/\/deputadotaveirajr.com.br\/#website\",\"url\":\"https:\/\/deputadotaveirajr.com.br\/\",\"name\":\"Taveira Jr\",\"description\":\"Deputado Estadual\",\"publisher\":{\"@id\":\"https:\/\/deputadotaveirajr.com.br\/#organization\"},\"potentialAction\":[{\"@type\":\"SearchAction\",\"target\":{\"@type\":\"EntryPoint\",\"urlTemplate\":\"https:\/\/deputadotaveirajr.com.br\/?s={search_term_string}\"},\"query-input\":{\"@type\":\"PropertyValueSpecification\",\"valueRequired\":true,\"valueName\":\"search_term_string\"}}],\"inLanguage\":\"pt-BR\"},{\"@type\":\"Organization\",\"@id\":\"https:\/\/deputadotaveirajr.com.br\/#organization\",\"name\":\"Taveira Jr\",\"url\":\"https:\/\/deputadotaveirajr.com.br\/\",\"logo\":{\"@type\":\"ImageObject\",\"inLanguage\":\"pt-BR\",\"@id\":\"https:\/\/deputadotaveirajr.com.br\/#\/schema\/logo\/image\/\",\"url\":\"https:\/\/deputadotaveirajr.com.br\/wp-content\/uploads\/2026\/01\/logolow2a.png\",\"contentUrl\":\"https:\/\/deputadotaveirajr.com.br\/wp-content\/uploads\/2026\/01\/logolow2a.png\",\"width\":290,\"height\":80,\"caption\":\"Taveira Jr\"},\"image\":{\"@id\":\"https:\/\/deputadotaveirajr.com.br\/#\/schema\/logo\/image\/\"}}]}<\/script>\n<!-- \/ Yoast SEO plugin. -->","yoast_head_json":{"title":"RN abre 2,4 mil postos de trabalho com carteira assinada em fevereiro, aponta Caged - Taveira Jr","robots":{"index":"index","follow":"follow","max-snippet":"max-snippet:-1","max-image-preview":"max-image-preview:large","max-video-preview":"max-video-preview:-1"},"canonical":"https:\/\/deputadotaveirajr.com.br\/index.php\/rn-abre-24-mil-postos-de-trabalho-com-carteira-assinada-em-fevereiro-aponta-caged\/","og_locale":"pt_BR","og_type":"article","og_title":"RN abre 2,4 mil postos de trabalho com carteira assinada em fevereiro, aponta Caged - Taveira Jr","og_description":"Em janeiro, estado havia fechado mais de 600 vagas de carteira assinada. Natal foi a cidade potiguar com mais postos de trabalho criados no m\u00eas. Carteira de trabalho Ag\u00eancia Bras\u00edlia\/ARQUIVO ...","og_url":"https:\/\/deputadotaveirajr.com.br\/index.php\/rn-abre-24-mil-postos-de-trabalho-com-carteira-assinada-em-fevereiro-aponta-caged\/","og_site_name":"Taveira Jr","og_image":[{"url":"https:\/\/s2-g1.glbimg.com\/ceBb-1raAI9bKhRQ8TQ0U1v7JNg=\/i.s3.glbimg.com\/v1\/AUTH_59edd422c0c84a879bd37670ae4f538a\/internal_photos\/bs\/2024\/M\/7\/mJAbjbTkqvEK9uFlCUjg\/29.07.2019-portaria-conjunta-fortalece-a-geracao-de-empregos-para-a-juventude.-foto-tony-winston-agencia-brasilia-1024x680.jpg","type":"","width":"","height":""}],"twitter_card":"summary_large_image","twitter_misc":{"Est. tempo de leitura":"2 minutos"},"schema":{"@context":"https:\/\/schema.org","@graph":[{"@type":"WebPage","@id":"https:\/\/deputadotaveirajr.com.br\/index.php\/rn-abre-24-mil-postos-de-trabalho-com-carteira-assinada-em-fevereiro-aponta-caged\/","url":"https:\/\/deputadotaveirajr.com.br\/index.php\/rn-abre-24-mil-postos-de-trabalho-com-carteira-assinada-em-fevereiro-aponta-caged\/","name":"RN abre 2,4 mil postos de trabalho com carteira assinada em fevereiro, aponta Caged - Taveira Jr","isPartOf":{"@id":"https:\/\/deputadotaveirajr.com.br\/#website"},"primaryImageOfPage":{"@id":"https:\/\/deputadotaveirajr.com.br\/index.php\/rn-abre-24-mil-postos-de-trabalho-com-carteira-assinada-em-fevereiro-aponta-caged\/#primaryimage"},"image":{"@id":"https:\/\/deputadotaveirajr.com.br\/index.php\/rn-abre-24-mil-postos-de-trabalho-com-carteira-assinada-em-fevereiro-aponta-caged\/#primaryimage"},"thumbnailUrl":"https:\/\/deputadotaveirajr.com.br\/wp-content\/uploads\/2025\/03\/29.07.2019-portaria-conjunta-fortalece-a-geracao-de-empregos-para-a-juventude.-foto-tony-winston-agencia-brasilia-1024x680-19hleS.jpeg","datePublished":"2025-03-30T13:28:20+00:00","breadcrumb":{"@id":"https:\/\/deputadotaveirajr.com.br\/index.php\/rn-abre-24-mil-postos-de-trabalho-com-carteira-assinada-em-fevereiro-aponta-caged\/#breadcrumb"},"inLanguage":"pt-BR","potentialAction":[{"@type":"ReadAction","target":["https:\/\/deputadotaveirajr.com.br\/index.php\/rn-abre-24-mil-postos-de-trabalho-com-carteira-assinada-em-fevereiro-aponta-caged\/"]}]},{"@type":"ImageObject","inLanguage":"pt-BR","@id":"https:\/\/deputadotaveirajr.com.br\/index.php\/rn-abre-24-mil-postos-de-trabalho-com-carteira-assinada-em-fevereiro-aponta-caged\/#primaryimage","url":"https:\/\/deputadotaveirajr.com.br\/wp-content\/uploads\/2025\/03\/29.07.2019-portaria-conjunta-fortalece-a-geracao-de-empregos-para-a-juventude.-foto-tony-winston-agencia-brasilia-1024x680-19hleS.jpeg","contentUrl":"https:\/\/deputadotaveirajr.com.br\/wp-content\/uploads\/2025\/03\/29.07.2019-portaria-conjunta-fortalece-a-geracao-de-empregos-para-a-juventude.-foto-tony-winston-agencia-brasilia-1024x680-19hleS.jpeg","width":1024,"height":680},{"@type":"BreadcrumbList","@id":"https:\/\/deputadotaveirajr.com.br\/index.php\/rn-abre-24-mil-postos-de-trabalho-com-carteira-assinada-em-fevereiro-aponta-caged\/#breadcrumb","itemListElement":[{"@type":"ListItem","position":1,"name":"In\u00edcio","item":"https:\/\/deputadotaveirajr.com.br\/"},{"@type":"ListItem","position":2,"name":"RN abre 2,4 mil postos de trabalho com carteira assinada em fevereiro, aponta Caged"}]},{"@type":"WebSite","@id":"https:\/\/deputadotaveirajr.com.br\/#website","url":"https:\/\/deputadotaveirajr.com.br\/","name":"Taveira Jr","description":"Deputado Estadual","publisher":{"@id":"https:\/\/deputadotaveirajr.com.br\/#organization"},"potentialAction":[{"@type":"SearchAction","target":{"@type":"EntryPoint","urlTemplate":"https:\/\/deputadotaveirajr.com.br\/?s={search_term_string}"},"query-input":{"@type":"PropertyValueSpecification","valueRequired":true,"valueName":"search_term_string"}}],"inLanguage":"pt-BR"},{"@type":"Organization","@id":"https:\/\/deputadotaveirajr.com.br\/#organization","name":"Taveira Jr","url":"https:\/\/deputadotaveirajr.com.br\/","logo":{"@type":"ImageObject","inLanguage":"pt-BR","@id":"https:\/\/deputadotaveirajr.com.br\/#\/schema\/logo\/image\/","url":"https:\/\/deputadotaveirajr.com.br\/wp-content\/uploads\/2026\/01\/logolow2a.png","contentUrl":"https:\/\/deputadotaveirajr.com.br\/wp-content\/uploads\/2026\/01\/logolow2a.png","width":290,"height":80,"caption":"Taveira Jr"},"image":{"@id":"https:\/\/deputadotaveirajr.com.br\/#\/schema\/logo\/image\/"}}]}},"_links":{"self":[{"href":"https:\/\/deputadotaveirajr.com.br\/index.php\/wp-json\/wp\/v2\/pages\/12688","targetHints":{"allow":["GET"]}}],"collection":[{"href":"https:\/\/deputadotaveirajr.com.br\/index.php\/wp-json\/wp\/v2\/pages"}],"about":[{"href":"https:\/\/deputadotaveirajr.com.br\/index.php\/wp-json\/wp\/v2\/types\/page"}],"replies":[{"embeddable":true,"href":"https:\/\/deputadotaveirajr.com.br\/index.php\/wp-json\/wp\/v2\/comments?post=12688"}],"version-history":[{"count":0,"href":"https:\/\/deputadotaveirajr.com.br\/index.php\/wp-json\/wp\/v2\/pages\/12688\/revisions"}],"wp:featuredmedia":[{"embeddable":true,"href":"https:\/\/deputadotaveirajr.com.br\/index.php\/wp-json\/wp\/v2\/media\/12689"}],"wp:attachment":[{"href":"https:\/\/deputadotaveirajr.com.br\/index.php\/wp-json\/wp\/v2\/media?parent=12688"}],"curies":[{"name":"wp","href":"https:\/\/api.w.org\/{rel}","templated":true}]}}