{"id":12707,"date":"2025-04-02T16:54:06","date_gmt":"2025-04-02T19:54:06","guid":{"rendered":"https:\/\/deputadotaveirajr.com.br\/index.php\/recem-nascida-e-encontrada-em-caixa-de-papelao-perto-de-lixao-na-grande-natal\/"},"modified":"2025-04-02T16:54:06","modified_gmt":"2025-04-02T19:54:06","slug":"recem-nascida-e-encontrada-em-caixa-de-papelao-perto-de-lixao-na-grande-natal","status":"publish","type":"page","link":"https:\/\/deputadotaveirajr.com.br\/index.php\/recem-nascida-e-encontrada-em-caixa-de-papelao-perto-de-lixao-na-grande-natal\/","title":{"rendered":"Rec\u00e9m-nascida \u00e9 encontrada em caixa de papel\u00e3o perto de lix\u00e3o na Grande Natal"},"content":{"rendered":"<p><img decoding=\"async\" src=\"https:\/\/s2-g1.glbimg.com\/zCxlaj2LQ4OgYK9CiRlqXL78w3E=\/i.s3.glbimg.com\/v1\/AUTH_59edd422c0c84a879bd37670ae4f538a\/internal_photos\/bs\/2025\/G\/D\/tnq5h4RBq3GJlPNiDgBA\/upa.jpg\" \/><br \/>     Beb\u00ea ainda tinha cord\u00e3o umbilical e apresentou quadro saud\u00e1vel ap\u00f3s atendimento m\u00e9dico. M\u00e3e n\u00e3o foi encontrada, e pol\u00edcia investiga o caso, que aconteceu em S\u00e3o Jos\u00e9 de Mipibu. Bebe\u0302 e\u0301 encontrada dentro de caixa de sapato no RN<br \/>\nUma beb\u00ea rec\u00e9m-nascida, ainda com cord\u00e3o umbilical, foi encontrada abandonada na manh\u00e3 desta quarta-feira (2) dentro de uma caixa de papel\u00e3o pr\u00f3ximo a um lix\u00e3o na cidade de S\u00e3o Jos\u00e9 de Mipibu, na Grande Natal (veja reportagem acima).<br \/>\nInicialmente levada para a Unidade de Pronto Atendimento (UPA) de S\u00e3o Jos\u00e9 de Mipibu, a rec\u00e9m-nascida foi alimentada, teve o cord\u00e3o umbilical retirado e apresentava quadro saud\u00e1vel e sem ferimentos, segundo a equipe de sa\u00fade.<br \/>\n\ud83d\udcf3Participe do canal do g1 RN no WhatsApp<br \/>\nAt\u00e9 a atualiza\u00e7\u00e3o mais recente desta reportagem, a m\u00e3e da beb\u00ea n\u00e3o havia sido encontrada. A Pol\u00edcia Civil confirmou que abriu investiga\u00e7\u00e3o do caso.<br \/>\nA beb\u00ea foi encontrada por estudantes que passavam pelo local, que avisaram a uma mulher da regi\u00e3o &#8211; ela acionou a pol\u00edcia. A beb\u00ea estava coberta com len\u00e7\u00f3is.<br \/>\nOs policiais militares fizeram o resgate da beb\u00ea e a conduziram diretamente para a UPA para atendimento.<br \/>\n&#8220;Mexe muito com a cabe\u00e7a da pessoa quando a gente tem ocorr\u00eancias assim, que n\u00e3o s\u00e3o normais, comuns. Essa a\u00ed mexe por se tratar de um ser t\u00e3o indefeso, uma crian\u00e7a rec\u00e9m-nascida, estava no sol quente e dentro de uma caixa de sapato pr\u00f3ximo ao lixo no terreno baldio. Como \u00e9 que uma pessoa pode fazer isso com ela?&#8221;, disse o policial Leandro Campello, um dos que atendeu a ocorr\u00eancia.<br \/>\nBeb\u00ea foi atendido na UPA S\u00e3o Jos\u00e9 de Mipibu, Grande Natal<br \/>\nS\u00e9rgio Henrique Santos\/Inter TV Cabugi<br \/>\n&#8216;Sinais vitais normais&#8217;, diz UPA<br \/>\nLogo ao chegar \u00e0 UPA de S\u00e3o Jos\u00e9 de Mipibu, a beb\u00ea passou por alguns procedimentos e pela avalia\u00e7\u00e3o da equipe de sa\u00fade, que constatou que o quadro era bom.<br \/>\n&#8220;A crian\u00e7a nasceu de parto normal, pelas caracter\u00edsticas como ela chegou aqui. Ainda chegou com cord\u00e3o umbilical, com a placenta junto. Aqui a gente fez os primeiros atendimentos e clampeou o cord\u00e3o umbilical da crian\u00e7a&#8221;, explicou a chefe de enfermagem da UPA Mipibu, Mara Varela.<br \/>\nA beb\u00ea tamb\u00e9m respirava sem a ajuda de qualquer aparelho na manh\u00e3 desta quarta-feira e conseguia se alimentar.<br \/>\n&#8220;A crian\u00e7a j\u00e1 est\u00e1 sendo alimentada, o que \u00e9 muito importante, um sinal bom, com a suc\u00e7\u00e3o boa, e a pele, os sinais vitais est\u00e3o normais&#8221;, completou o m\u00e9dico supervisor t\u00e9cnico da UPA Mipibu, Cl\u00e1udio Mac\u00eado.<br \/>\nNo fim da manh\u00e3 desta quarta, a beb\u00ea foi transferida da UPA de S\u00e3o Jos\u00e9 de Mipibu para a maternidade no Hospital Regional Monsenhor Antonio Barros, tamb\u00e9m no munic\u00edpio.<br \/>\nO pr\u00f3ximo passo, segundo a equipe de sa\u00fade da UPA explicou, ap\u00f3s a alta hospitalar, \u00e9 o seguimento no processo de abrigo para a beb\u00ea.<br \/>\n&#8220;Uma menina linda, por sinal. Que o futuro dela seja muito pr\u00f3spero, apesar das adversidades que ela teve neste momento&#8221;, disse o m\u00e9dico supervisor t\u00e9cnico da UPA Mipibu, Cl\u00e1udio Mac\u00eado.<br \/>\nUPA S\u00e3o Jos\u00e9 de Mipibu, na Grande Natal, Rio Grande do Norte RN<br \/>\nS\u00e9rgio Henrique Santos\/Inter TV Cabugi<br \/>\nV\u00eddeos mais assistidos do g1 RN<\/p>","protected":false},"excerpt":{"rendered":"<p>Beb\u00ea ainda tinha cord\u00e3o umbilical e apresentou quadro saud\u00e1vel ap\u00f3s atendimento m\u00e9dico. M\u00e3e n\u00e3o foi encontrada, e pol\u00edcia investiga o caso, que aconteceu em S\u00e3o Jos\u00e9 de Mipibu. Bebe\u0302 e\u0301 &#8230;<\/p>\n","protected":false},"author":0,"featured_media":12708,"parent":0,"menu_order":0,"comment_status":"closed","ping_status":"closed","template":"","meta":{"footnotes":""},"class_list":["post-12707","page","type-page","status-publish","has-post-thumbnail","hentry"],"yoast_head":"<!-- This site is optimized with the Yoast SEO plugin v27.1.1 - https:\/\/yoast.com\/product\/yoast-seo-wordpress\/ -->\n<title>Rec\u00e9m-nascida \u00e9 encontrada em caixa de papel\u00e3o perto de lix\u00e3o na Grande Natal - Taveira Jr<\/title>\n<meta name=\"robots\" content=\"index, follow, max-snippet:-1, max-image-preview:large, max-video-preview:-1\" \/>\n<link rel=\"canonical\" href=\"https:\/\/deputadotaveirajr.com.br\/index.php\/recem-nascida-e-encontrada-em-caixa-de-papelao-perto-de-lixao-na-grande-natal\/\" \/>\n<meta property=\"og:locale\" content=\"pt_BR\" \/>\n<meta property=\"og:type\" content=\"article\" \/>\n<meta property=\"og:title\" content=\"Rec\u00e9m-nascida \u00e9 encontrada em caixa de papel\u00e3o perto de lix\u00e3o na Grande Natal - Taveira Jr\" \/>\n<meta property=\"og:description\" content=\"Beb\u00ea ainda tinha cord\u00e3o umbilical e apresentou quadro saud\u00e1vel ap\u00f3s atendimento m\u00e9dico. M\u00e3e n\u00e3o foi encontrada, e pol\u00edcia investiga o caso, que aconteceu em S\u00e3o Jos\u00e9 de Mipibu. Bebe\u0302 e\u0301 ...\" \/>\n<meta property=\"og:url\" content=\"https:\/\/deputadotaveirajr.com.br\/index.php\/recem-nascida-e-encontrada-em-caixa-de-papelao-perto-de-lixao-na-grande-natal\/\" \/>\n<meta property=\"og:site_name\" content=\"Taveira Jr\" \/>\n<meta property=\"og:image\" content=\"https:\/\/s2-g1.glbimg.com\/zCxlaj2LQ4OgYK9CiRlqXL78w3E=\/i.s3.glbimg.com\/v1\/AUTH_59edd422c0c84a879bd37670ae4f538a\/internal_photos\/bs\/2025\/G\/D\/tnq5h4RBq3GJlPNiDgBA\/upa.jpg\" \/>\n<meta name=\"twitter:card\" content=\"summary_large_image\" \/>\n<meta name=\"twitter:label1\" content=\"Est. tempo de leitura\" \/>\n\t<meta name=\"twitter:data1\" content=\"3 minutos\" \/>\n<script type=\"application\/ld+json\" class=\"yoast-schema-graph\">{\"@context\":\"https:\/\/schema.org\",\"@graph\":[{\"@type\":\"WebPage\",\"@id\":\"https:\/\/deputadotaveirajr.com.br\/index.php\/recem-nascida-e-encontrada-em-caixa-de-papelao-perto-de-lixao-na-grande-natal\/\",\"url\":\"https:\/\/deputadotaveirajr.com.br\/index.php\/recem-nascida-e-encontrada-em-caixa-de-papelao-perto-de-lixao-na-grande-natal\/\",\"name\":\"Rec\u00e9m-nascida \u00e9 encontrada em caixa de papel\u00e3o perto de lix\u00e3o na Grande Natal - Taveira Jr\",\"isPartOf\":{\"@id\":\"https:\/\/deputadotaveirajr.com.br\/#website\"},\"primaryImageOfPage\":{\"@id\":\"https:\/\/deputadotaveirajr.com.br\/index.php\/recem-nascida-e-encontrada-em-caixa-de-papelao-perto-de-lixao-na-grande-natal\/#primaryimage\"},\"image\":{\"@id\":\"https:\/\/deputadotaveirajr.com.br\/index.php\/recem-nascida-e-encontrada-em-caixa-de-papelao-perto-de-lixao-na-grande-natal\/#primaryimage\"},\"thumbnailUrl\":\"https:\/\/deputadotaveirajr.com.br\/wp-content\/uploads\/2025\/04\/upa-5ncVym.jpeg\",\"datePublished\":\"2025-04-02T19:54:06+00:00\",\"breadcrumb\":{\"@id\":\"https:\/\/deputadotaveirajr.com.br\/index.php\/recem-nascida-e-encontrada-em-caixa-de-papelao-perto-de-lixao-na-grande-natal\/#breadcrumb\"},\"inLanguage\":\"pt-BR\",\"potentialAction\":[{\"@type\":\"ReadAction\",\"target\":[\"https:\/\/deputadotaveirajr.com.br\/index.php\/recem-nascida-e-encontrada-em-caixa-de-papelao-perto-de-lixao-na-grande-natal\/\"]}]},{\"@type\":\"ImageObject\",\"inLanguage\":\"pt-BR\",\"@id\":\"https:\/\/deputadotaveirajr.com.br\/index.php\/recem-nascida-e-encontrada-em-caixa-de-papelao-perto-de-lixao-na-grande-natal\/#primaryimage\",\"url\":\"https:\/\/deputadotaveirajr.com.br\/wp-content\/uploads\/2025\/04\/upa-5ncVym.jpeg\",\"contentUrl\":\"https:\/\/deputadotaveirajr.com.br\/wp-content\/uploads\/2025\/04\/upa-5ncVym.jpeg\",\"width\":1800,\"height\":1350},{\"@type\":\"BreadcrumbList\",\"@id\":\"https:\/\/deputadotaveirajr.com.br\/index.php\/recem-nascida-e-encontrada-em-caixa-de-papelao-perto-de-lixao-na-grande-natal\/#breadcrumb\",\"itemListElement\":[{\"@type\":\"ListItem\",\"position\":1,\"name\":\"In\u00edcio\",\"item\":\"https:\/\/deputadotaveirajr.com.br\/\"},{\"@type\":\"ListItem\",\"position\":2,\"name\":\"Rec\u00e9m-nascida \u00e9 encontrada em caixa de papel\u00e3o perto de lix\u00e3o na Grande Natal\"}]},{\"@type\":\"WebSite\",\"@id\":\"https:\/\/deputadotaveirajr.com.br\/#website\",\"url\":\"https:\/\/deputadotaveirajr.com.br\/\",\"name\":\"Taveira Jr\",\"description\":\"Deputado Estadual\",\"publisher\":{\"@id\":\"https:\/\/deputadotaveirajr.com.br\/#organization\"},\"potentialAction\":[{\"@type\":\"SearchAction\",\"target\":{\"@type\":\"EntryPoint\",\"urlTemplate\":\"https:\/\/deputadotaveirajr.com.br\/?s={search_term_string}\"},\"query-input\":{\"@type\":\"PropertyValueSpecification\",\"valueRequired\":true,\"valueName\":\"search_term_string\"}}],\"inLanguage\":\"pt-BR\"},{\"@type\":\"Organization\",\"@id\":\"https:\/\/deputadotaveirajr.com.br\/#organization\",\"name\":\"Taveira Jr\",\"url\":\"https:\/\/deputadotaveirajr.com.br\/\",\"logo\":{\"@type\":\"ImageObject\",\"inLanguage\":\"pt-BR\",\"@id\":\"https:\/\/deputadotaveirajr.com.br\/#\/schema\/logo\/image\/\",\"url\":\"https:\/\/deputadotaveirajr.com.br\/wp-content\/uploads\/2026\/01\/logolow2a.png\",\"contentUrl\":\"https:\/\/deputadotaveirajr.com.br\/wp-content\/uploads\/2026\/01\/logolow2a.png\",\"width\":290,\"height\":80,\"caption\":\"Taveira Jr\"},\"image\":{\"@id\":\"https:\/\/deputadotaveirajr.com.br\/#\/schema\/logo\/image\/\"}}]}<\/script>\n<!-- \/ Yoast SEO plugin. -->","yoast_head_json":{"title":"Rec\u00e9m-nascida \u00e9 encontrada em caixa de papel\u00e3o perto de lix\u00e3o na Grande Natal - Taveira Jr","robots":{"index":"index","follow":"follow","max-snippet":"max-snippet:-1","max-image-preview":"max-image-preview:large","max-video-preview":"max-video-preview:-1"},"canonical":"https:\/\/deputadotaveirajr.com.br\/index.php\/recem-nascida-e-encontrada-em-caixa-de-papelao-perto-de-lixao-na-grande-natal\/","og_locale":"pt_BR","og_type":"article","og_title":"Rec\u00e9m-nascida \u00e9 encontrada em caixa de papel\u00e3o perto de lix\u00e3o na Grande Natal - Taveira Jr","og_description":"Beb\u00ea ainda tinha cord\u00e3o umbilical e apresentou quadro saud\u00e1vel ap\u00f3s atendimento m\u00e9dico. M\u00e3e n\u00e3o foi encontrada, e pol\u00edcia investiga o caso, que aconteceu em S\u00e3o Jos\u00e9 de Mipibu. Bebe\u0302 e\u0301 ...","og_url":"https:\/\/deputadotaveirajr.com.br\/index.php\/recem-nascida-e-encontrada-em-caixa-de-papelao-perto-de-lixao-na-grande-natal\/","og_site_name":"Taveira Jr","og_image":[{"url":"https:\/\/s2-g1.glbimg.com\/zCxlaj2LQ4OgYK9CiRlqXL78w3E=\/i.s3.glbimg.com\/v1\/AUTH_59edd422c0c84a879bd37670ae4f538a\/internal_photos\/bs\/2025\/G\/D\/tnq5h4RBq3GJlPNiDgBA\/upa.jpg","type":"","width":"","height":""}],"twitter_card":"summary_large_image","twitter_misc":{"Est. tempo de leitura":"3 minutos"},"schema":{"@context":"https:\/\/schema.org","@graph":[{"@type":"WebPage","@id":"https:\/\/deputadotaveirajr.com.br\/index.php\/recem-nascida-e-encontrada-em-caixa-de-papelao-perto-de-lixao-na-grande-natal\/","url":"https:\/\/deputadotaveirajr.com.br\/index.php\/recem-nascida-e-encontrada-em-caixa-de-papelao-perto-de-lixao-na-grande-natal\/","name":"Rec\u00e9m-nascida \u00e9 encontrada em caixa de papel\u00e3o perto de lix\u00e3o na Grande Natal - Taveira Jr","isPartOf":{"@id":"https:\/\/deputadotaveirajr.com.br\/#website"},"primaryImageOfPage":{"@id":"https:\/\/deputadotaveirajr.com.br\/index.php\/recem-nascida-e-encontrada-em-caixa-de-papelao-perto-de-lixao-na-grande-natal\/#primaryimage"},"image":{"@id":"https:\/\/deputadotaveirajr.com.br\/index.php\/recem-nascida-e-encontrada-em-caixa-de-papelao-perto-de-lixao-na-grande-natal\/#primaryimage"},"thumbnailUrl":"https:\/\/deputadotaveirajr.com.br\/wp-content\/uploads\/2025\/04\/upa-5ncVym.jpeg","datePublished":"2025-04-02T19:54:06+00:00","breadcrumb":{"@id":"https:\/\/deputadotaveirajr.com.br\/index.php\/recem-nascida-e-encontrada-em-caixa-de-papelao-perto-de-lixao-na-grande-natal\/#breadcrumb"},"inLanguage":"pt-BR","potentialAction":[{"@type":"ReadAction","target":["https:\/\/deputadotaveirajr.com.br\/index.php\/recem-nascida-e-encontrada-em-caixa-de-papelao-perto-de-lixao-na-grande-natal\/"]}]},{"@type":"ImageObject","inLanguage":"pt-BR","@id":"https:\/\/deputadotaveirajr.com.br\/index.php\/recem-nascida-e-encontrada-em-caixa-de-papelao-perto-de-lixao-na-grande-natal\/#primaryimage","url":"https:\/\/deputadotaveirajr.com.br\/wp-content\/uploads\/2025\/04\/upa-5ncVym.jpeg","contentUrl":"https:\/\/deputadotaveirajr.com.br\/wp-content\/uploads\/2025\/04\/upa-5ncVym.jpeg","width":1800,"height":1350},{"@type":"BreadcrumbList","@id":"https:\/\/deputadotaveirajr.com.br\/index.php\/recem-nascida-e-encontrada-em-caixa-de-papelao-perto-de-lixao-na-grande-natal\/#breadcrumb","itemListElement":[{"@type":"ListItem","position":1,"name":"In\u00edcio","item":"https:\/\/deputadotaveirajr.com.br\/"},{"@type":"ListItem","position":2,"name":"Rec\u00e9m-nascida \u00e9 encontrada em caixa de papel\u00e3o perto de lix\u00e3o na Grande Natal"}]},{"@type":"WebSite","@id":"https:\/\/deputadotaveirajr.com.br\/#website","url":"https:\/\/deputadotaveirajr.com.br\/","name":"Taveira Jr","description":"Deputado Estadual","publisher":{"@id":"https:\/\/deputadotaveirajr.com.br\/#organization"},"potentialAction":[{"@type":"SearchAction","target":{"@type":"EntryPoint","urlTemplate":"https:\/\/deputadotaveirajr.com.br\/?s={search_term_string}"},"query-input":{"@type":"PropertyValueSpecification","valueRequired":true,"valueName":"search_term_string"}}],"inLanguage":"pt-BR"},{"@type":"Organization","@id":"https:\/\/deputadotaveirajr.com.br\/#organization","name":"Taveira Jr","url":"https:\/\/deputadotaveirajr.com.br\/","logo":{"@type":"ImageObject","inLanguage":"pt-BR","@id":"https:\/\/deputadotaveirajr.com.br\/#\/schema\/logo\/image\/","url":"https:\/\/deputadotaveirajr.com.br\/wp-content\/uploads\/2026\/01\/logolow2a.png","contentUrl":"https:\/\/deputadotaveirajr.com.br\/wp-content\/uploads\/2026\/01\/logolow2a.png","width":290,"height":80,"caption":"Taveira Jr"},"image":{"@id":"https:\/\/deputadotaveirajr.com.br\/#\/schema\/logo\/image\/"}}]}},"_links":{"self":[{"href":"https:\/\/deputadotaveirajr.com.br\/index.php\/wp-json\/wp\/v2\/pages\/12707","targetHints":{"allow":["GET"]}}],"collection":[{"href":"https:\/\/deputadotaveirajr.com.br\/index.php\/wp-json\/wp\/v2\/pages"}],"about":[{"href":"https:\/\/deputadotaveirajr.com.br\/index.php\/wp-json\/wp\/v2\/types\/page"}],"replies":[{"embeddable":true,"href":"https:\/\/deputadotaveirajr.com.br\/index.php\/wp-json\/wp\/v2\/comments?post=12707"}],"version-history":[{"count":0,"href":"https:\/\/deputadotaveirajr.com.br\/index.php\/wp-json\/wp\/v2\/pages\/12707\/revisions"}],"wp:featuredmedia":[{"embeddable":true,"href":"https:\/\/deputadotaveirajr.com.br\/index.php\/wp-json\/wp\/v2\/media\/12708"}],"wp:attachment":[{"href":"https:\/\/deputadotaveirajr.com.br\/index.php\/wp-json\/wp\/v2\/media?parent=12707"}],"curies":[{"name":"wp","href":"https:\/\/api.w.org\/{rel}","templated":true}]}}