{"id":12717,"date":"2025-04-05T11:14:47","date_gmt":"2025-04-05T14:14:47","guid":{"rendered":"https:\/\/deputadotaveirajr.com.br\/index.php\/video-incendio-destroi-marcenaria-em-mossoro\/"},"modified":"2025-04-05T11:14:47","modified_gmt":"2025-04-05T14:14:47","slug":"video-incendio-destroi-marcenaria-em-mossoro","status":"publish","type":"page","link":"https:\/\/deputadotaveirajr.com.br\/index.php\/video-incendio-destroi-marcenaria-em-mossoro\/","title":{"rendered":"V\u00cdDEO: Inc\u00eandio destr\u00f3i marcenaria em Mossor\u00f3"},"content":{"rendered":"<p><img decoding=\"async\" src=\"https:\/\/s2-g1.glbimg.com\/64beGQJx_Tm21cNzwvxVWRPNE50=\/i.s3.glbimg.com\/v1\/AUTH_59edd422c0c84a879bd37670ae4f538a\/internal_photos\/bs\/2025\/0\/B\/Eu2j2DQEuznfhWxN8Biw\/incendio.jpg\" \/><br \/>     Caso aconteceu na noite de sexta-feira (4) na avenida Presidente Dutra, uma das principais vias da cidade do Oeste potiguar. Ningu\u00e9m ficou ferido.   Bombeiros combatem inc\u00eandio que destruiu marcenaria em Mossor\u00f3<br \/>\nUma marcenaria de Mossor\u00f3 foi destru\u00edda por um inc\u00eandio que aconteceu na noite desta sexta-feira (4), segundo o Corpo de Bombeiros do Rio Grande do Norte. O caso aconteceu na Avenida Presidente Dutra, uma das principais vias da cidade da regi\u00e3o Oeste potiguar. Ningu\u00e9m ficou ferido.<br \/>\nA equipe de combate a inc\u00eandio foi acionada ao local por volta das 19h. No entanto, quando chegaram ao local, os militares constataram que &#8220;as chamas j\u00e1 estavam em est\u00e1gio avan\u00e7ado&#8221;.<br \/>\n\ud83d\udcf3Participe do canal do g1 RN no WhatsApp<br \/>\nDiante da propor\u00e7\u00e3o do inc\u00eandio, os militares solicitaram apoio de abastecimento e refor\u00e7os de outras equipes. Tr\u00eas caminh\u00f5es-pipa foram disponibilizados pela Secretaria Municipal de Servi\u00e7os Urbanos.<br \/>\n&#8220;O inc\u00eandio comprometeu totalmente a estrutura da marcenaria e consumiu todos os materiais que estavam no interior do im\u00f3vel&#8221;, informou a corpora\u00e7\u00e3o.<br \/>\nUm pequeno dep\u00f3sito ao lado, que tamb\u00e9m continha materiais da marcenaria, n\u00e3o foi atingido pelas chamas.<br \/>\nSegundo o Corpo de Bombeiros, o propriet\u00e1rio do estabelecimento n\u00e3o foi localizado durante o atendimento \u00e0 ocorr\u00eancia. A opera\u00e7\u00e3o de combate ao fogo durou cerca de tr\u00eas horas.<br \/>\n&#8220;O Corpo de Bombeiros refor\u00e7a a import\u00e2ncia da ado\u00e7\u00e3o de medidas preventivas em estabelecimentos comerciais e industriais, especialmente aqueles que trabalham com materiais inflam\u00e1veis&#8221;, disse a corpora\u00e7\u00e3o em nota.<br \/>\nAs poss\u00edveis causas do inc\u00eandio n\u00e3o foram informadas at\u00e9 a \u00faltima atualiza\u00e7\u00e3o desta reportagem.<br \/>\nBombeiros combatem inc\u00eandio em marcenaria de Mossor\u00f3, RN<br \/>\nReprodu\u00e7\u00e3o<br \/>\nVeja os v\u00eddeos mais assistidos no g1 RN<\/p>","protected":false},"excerpt":{"rendered":"<p>Caso aconteceu na noite de sexta-feira (4) na avenida Presidente Dutra, uma das principais vias da cidade do Oeste potiguar. Ningu\u00e9m ficou ferido. Bombeiros combatem inc\u00eandio que destruiu marcenaria em &#8230;<\/p>\n","protected":false},"author":0,"featured_media":12718,"parent":0,"menu_order":0,"comment_status":"closed","ping_status":"closed","template":"","meta":{"footnotes":""},"class_list":["post-12717","page","type-page","status-publish","has-post-thumbnail","hentry"],"yoast_head":"<!-- This site is optimized with the Yoast SEO plugin v27.1.1 - https:\/\/yoast.com\/product\/yoast-seo-wordpress\/ -->\n<title>V\u00cdDEO: Inc\u00eandio destr\u00f3i marcenaria em Mossor\u00f3 - Taveira Jr<\/title>\n<meta name=\"robots\" content=\"index, follow, max-snippet:-1, max-image-preview:large, max-video-preview:-1\" \/>\n<link rel=\"canonical\" href=\"https:\/\/deputadotaveirajr.com.br\/index.php\/video-incendio-destroi-marcenaria-em-mossoro\/\" \/>\n<meta property=\"og:locale\" content=\"pt_BR\" \/>\n<meta property=\"og:type\" content=\"article\" \/>\n<meta property=\"og:title\" content=\"V\u00cdDEO: Inc\u00eandio destr\u00f3i marcenaria em Mossor\u00f3 - Taveira Jr\" \/>\n<meta property=\"og:description\" content=\"Caso aconteceu na noite de sexta-feira (4) na avenida Presidente Dutra, uma das principais vias da cidade do Oeste potiguar. Ningu\u00e9m ficou ferido. Bombeiros combatem inc\u00eandio que destruiu marcenaria em ...\" \/>\n<meta property=\"og:url\" content=\"https:\/\/deputadotaveirajr.com.br\/index.php\/video-incendio-destroi-marcenaria-em-mossoro\/\" \/>\n<meta property=\"og:site_name\" content=\"Taveira Jr\" \/>\n<meta property=\"og:image\" content=\"https:\/\/s2-g1.glbimg.com\/64beGQJx_Tm21cNzwvxVWRPNE50=\/i.s3.glbimg.com\/v1\/AUTH_59edd422c0c84a879bd37670ae4f538a\/internal_photos\/bs\/2025\/0\/B\/Eu2j2DQEuznfhWxN8Biw\/incendio.jpg\" \/>\n<meta name=\"twitter:card\" content=\"summary_large_image\" \/>\n<meta name=\"twitter:label1\" content=\"Est. tempo de leitura\" \/>\n\t<meta name=\"twitter:data1\" content=\"2 minutos\" \/>\n<script type=\"application\/ld+json\" class=\"yoast-schema-graph\">{\"@context\":\"https:\/\/schema.org\",\"@graph\":[{\"@type\":\"WebPage\",\"@id\":\"https:\/\/deputadotaveirajr.com.br\/index.php\/video-incendio-destroi-marcenaria-em-mossoro\/\",\"url\":\"https:\/\/deputadotaveirajr.com.br\/index.php\/video-incendio-destroi-marcenaria-em-mossoro\/\",\"name\":\"V\u00cdDEO: Inc\u00eandio destr\u00f3i marcenaria em Mossor\u00f3 - Taveira Jr\",\"isPartOf\":{\"@id\":\"https:\/\/deputadotaveirajr.com.br\/#website\"},\"primaryImageOfPage\":{\"@id\":\"https:\/\/deputadotaveirajr.com.br\/index.php\/video-incendio-destroi-marcenaria-em-mossoro\/#primaryimage\"},\"image\":{\"@id\":\"https:\/\/deputadotaveirajr.com.br\/index.php\/video-incendio-destroi-marcenaria-em-mossoro\/#primaryimage\"},\"thumbnailUrl\":\"https:\/\/deputadotaveirajr.com.br\/wp-content\/uploads\/2025\/04\/incendio-5iwH2i.jpeg\",\"datePublished\":\"2025-04-05T14:14:47+00:00\",\"breadcrumb\":{\"@id\":\"https:\/\/deputadotaveirajr.com.br\/index.php\/video-incendio-destroi-marcenaria-em-mossoro\/#breadcrumb\"},\"inLanguage\":\"pt-BR\",\"potentialAction\":[{\"@type\":\"ReadAction\",\"target\":[\"https:\/\/deputadotaveirajr.com.br\/index.php\/video-incendio-destroi-marcenaria-em-mossoro\/\"]}]},{\"@type\":\"ImageObject\",\"inLanguage\":\"pt-BR\",\"@id\":\"https:\/\/deputadotaveirajr.com.br\/index.php\/video-incendio-destroi-marcenaria-em-mossoro\/#primaryimage\",\"url\":\"https:\/\/deputadotaveirajr.com.br\/wp-content\/uploads\/2025\/04\/incendio-5iwH2i.jpeg\",\"contentUrl\":\"https:\/\/deputadotaveirajr.com.br\/wp-content\/uploads\/2025\/04\/incendio-5iwH2i.jpeg\",\"width\":1200,\"height\":889},{\"@type\":\"BreadcrumbList\",\"@id\":\"https:\/\/deputadotaveirajr.com.br\/index.php\/video-incendio-destroi-marcenaria-em-mossoro\/#breadcrumb\",\"itemListElement\":[{\"@type\":\"ListItem\",\"position\":1,\"name\":\"In\u00edcio\",\"item\":\"https:\/\/deputadotaveirajr.com.br\/\"},{\"@type\":\"ListItem\",\"position\":2,\"name\":\"V\u00cdDEO: Inc\u00eandio destr\u00f3i marcenaria em Mossor\u00f3\"}]},{\"@type\":\"WebSite\",\"@id\":\"https:\/\/deputadotaveirajr.com.br\/#website\",\"url\":\"https:\/\/deputadotaveirajr.com.br\/\",\"name\":\"Taveira Jr\",\"description\":\"Deputado Estadual\",\"publisher\":{\"@id\":\"https:\/\/deputadotaveirajr.com.br\/#organization\"},\"potentialAction\":[{\"@type\":\"SearchAction\",\"target\":{\"@type\":\"EntryPoint\",\"urlTemplate\":\"https:\/\/deputadotaveirajr.com.br\/?s={search_term_string}\"},\"query-input\":{\"@type\":\"PropertyValueSpecification\",\"valueRequired\":true,\"valueName\":\"search_term_string\"}}],\"inLanguage\":\"pt-BR\"},{\"@type\":\"Organization\",\"@id\":\"https:\/\/deputadotaveirajr.com.br\/#organization\",\"name\":\"Taveira Jr\",\"url\":\"https:\/\/deputadotaveirajr.com.br\/\",\"logo\":{\"@type\":\"ImageObject\",\"inLanguage\":\"pt-BR\",\"@id\":\"https:\/\/deputadotaveirajr.com.br\/#\/schema\/logo\/image\/\",\"url\":\"https:\/\/deputadotaveirajr.com.br\/wp-content\/uploads\/2026\/01\/logolow2a.png\",\"contentUrl\":\"https:\/\/deputadotaveirajr.com.br\/wp-content\/uploads\/2026\/01\/logolow2a.png\",\"width\":290,\"height\":80,\"caption\":\"Taveira Jr\"},\"image\":{\"@id\":\"https:\/\/deputadotaveirajr.com.br\/#\/schema\/logo\/image\/\"}}]}<\/script>\n<!-- \/ Yoast SEO plugin. -->","yoast_head_json":{"title":"V\u00cdDEO: Inc\u00eandio destr\u00f3i marcenaria em Mossor\u00f3 - Taveira Jr","robots":{"index":"index","follow":"follow","max-snippet":"max-snippet:-1","max-image-preview":"max-image-preview:large","max-video-preview":"max-video-preview:-1"},"canonical":"https:\/\/deputadotaveirajr.com.br\/index.php\/video-incendio-destroi-marcenaria-em-mossoro\/","og_locale":"pt_BR","og_type":"article","og_title":"V\u00cdDEO: Inc\u00eandio destr\u00f3i marcenaria em Mossor\u00f3 - Taveira Jr","og_description":"Caso aconteceu na noite de sexta-feira (4) na avenida Presidente Dutra, uma das principais vias da cidade do Oeste potiguar. Ningu\u00e9m ficou ferido. Bombeiros combatem inc\u00eandio que destruiu marcenaria em ...","og_url":"https:\/\/deputadotaveirajr.com.br\/index.php\/video-incendio-destroi-marcenaria-em-mossoro\/","og_site_name":"Taveira Jr","og_image":[{"url":"https:\/\/s2-g1.glbimg.com\/64beGQJx_Tm21cNzwvxVWRPNE50=\/i.s3.glbimg.com\/v1\/AUTH_59edd422c0c84a879bd37670ae4f538a\/internal_photos\/bs\/2025\/0\/B\/Eu2j2DQEuznfhWxN8Biw\/incendio.jpg","type":"","width":"","height":""}],"twitter_card":"summary_large_image","twitter_misc":{"Est. tempo de leitura":"2 minutos"},"schema":{"@context":"https:\/\/schema.org","@graph":[{"@type":"WebPage","@id":"https:\/\/deputadotaveirajr.com.br\/index.php\/video-incendio-destroi-marcenaria-em-mossoro\/","url":"https:\/\/deputadotaveirajr.com.br\/index.php\/video-incendio-destroi-marcenaria-em-mossoro\/","name":"V\u00cdDEO: Inc\u00eandio destr\u00f3i marcenaria em Mossor\u00f3 - Taveira Jr","isPartOf":{"@id":"https:\/\/deputadotaveirajr.com.br\/#website"},"primaryImageOfPage":{"@id":"https:\/\/deputadotaveirajr.com.br\/index.php\/video-incendio-destroi-marcenaria-em-mossoro\/#primaryimage"},"image":{"@id":"https:\/\/deputadotaveirajr.com.br\/index.php\/video-incendio-destroi-marcenaria-em-mossoro\/#primaryimage"},"thumbnailUrl":"https:\/\/deputadotaveirajr.com.br\/wp-content\/uploads\/2025\/04\/incendio-5iwH2i.jpeg","datePublished":"2025-04-05T14:14:47+00:00","breadcrumb":{"@id":"https:\/\/deputadotaveirajr.com.br\/index.php\/video-incendio-destroi-marcenaria-em-mossoro\/#breadcrumb"},"inLanguage":"pt-BR","potentialAction":[{"@type":"ReadAction","target":["https:\/\/deputadotaveirajr.com.br\/index.php\/video-incendio-destroi-marcenaria-em-mossoro\/"]}]},{"@type":"ImageObject","inLanguage":"pt-BR","@id":"https:\/\/deputadotaveirajr.com.br\/index.php\/video-incendio-destroi-marcenaria-em-mossoro\/#primaryimage","url":"https:\/\/deputadotaveirajr.com.br\/wp-content\/uploads\/2025\/04\/incendio-5iwH2i.jpeg","contentUrl":"https:\/\/deputadotaveirajr.com.br\/wp-content\/uploads\/2025\/04\/incendio-5iwH2i.jpeg","width":1200,"height":889},{"@type":"BreadcrumbList","@id":"https:\/\/deputadotaveirajr.com.br\/index.php\/video-incendio-destroi-marcenaria-em-mossoro\/#breadcrumb","itemListElement":[{"@type":"ListItem","position":1,"name":"In\u00edcio","item":"https:\/\/deputadotaveirajr.com.br\/"},{"@type":"ListItem","position":2,"name":"V\u00cdDEO: Inc\u00eandio destr\u00f3i marcenaria em Mossor\u00f3"}]},{"@type":"WebSite","@id":"https:\/\/deputadotaveirajr.com.br\/#website","url":"https:\/\/deputadotaveirajr.com.br\/","name":"Taveira Jr","description":"Deputado Estadual","publisher":{"@id":"https:\/\/deputadotaveirajr.com.br\/#organization"},"potentialAction":[{"@type":"SearchAction","target":{"@type":"EntryPoint","urlTemplate":"https:\/\/deputadotaveirajr.com.br\/?s={search_term_string}"},"query-input":{"@type":"PropertyValueSpecification","valueRequired":true,"valueName":"search_term_string"}}],"inLanguage":"pt-BR"},{"@type":"Organization","@id":"https:\/\/deputadotaveirajr.com.br\/#organization","name":"Taveira Jr","url":"https:\/\/deputadotaveirajr.com.br\/","logo":{"@type":"ImageObject","inLanguage":"pt-BR","@id":"https:\/\/deputadotaveirajr.com.br\/#\/schema\/logo\/image\/","url":"https:\/\/deputadotaveirajr.com.br\/wp-content\/uploads\/2026\/01\/logolow2a.png","contentUrl":"https:\/\/deputadotaveirajr.com.br\/wp-content\/uploads\/2026\/01\/logolow2a.png","width":290,"height":80,"caption":"Taveira Jr"},"image":{"@id":"https:\/\/deputadotaveirajr.com.br\/#\/schema\/logo\/image\/"}}]}},"_links":{"self":[{"href":"https:\/\/deputadotaveirajr.com.br\/index.php\/wp-json\/wp\/v2\/pages\/12717","targetHints":{"allow":["GET"]}}],"collection":[{"href":"https:\/\/deputadotaveirajr.com.br\/index.php\/wp-json\/wp\/v2\/pages"}],"about":[{"href":"https:\/\/deputadotaveirajr.com.br\/index.php\/wp-json\/wp\/v2\/types\/page"}],"replies":[{"embeddable":true,"href":"https:\/\/deputadotaveirajr.com.br\/index.php\/wp-json\/wp\/v2\/comments?post=12717"}],"version-history":[{"count":0,"href":"https:\/\/deputadotaveirajr.com.br\/index.php\/wp-json\/wp\/v2\/pages\/12717\/revisions"}],"wp:featuredmedia":[{"embeddable":true,"href":"https:\/\/deputadotaveirajr.com.br\/index.php\/wp-json\/wp\/v2\/media\/12718"}],"wp:attachment":[{"href":"https:\/\/deputadotaveirajr.com.br\/index.php\/wp-json\/wp\/v2\/media?parent=12717"}],"curies":[{"name":"wp","href":"https:\/\/api.w.org\/{rel}","templated":true}]}}