{"id":12719,"date":"2025-04-05T10:09:29","date_gmt":"2025-04-05T13:09:29","guid":{"rendered":"https:\/\/deputadotaveirajr.com.br\/index.php\/sogro-que-matou-nora-com-golpes-de-enxada-ja-cometeu-outro-homicidio-diz-delegado\/"},"modified":"2025-04-05T10:09:29","modified_gmt":"2025-04-05T13:09:29","slug":"sogro-que-matou-nora-com-golpes-de-enxada-ja-cometeu-outro-homicidio-diz-delegado","status":"publish","type":"page","link":"https:\/\/deputadotaveirajr.com.br\/index.php\/sogro-que-matou-nora-com-golpes-de-enxada-ja-cometeu-outro-homicidio-diz-delegado\/","title":{"rendered":"Sogro que matou nora com golpes de enxada j\u00e1 cometeu outro homic\u00eddio, diz delegado"},"content":{"rendered":"<p><img decoding=\"async\" src=\"https:\/\/s2-g1.glbimg.com\/KKVKpthagfhaSg-JDdM606_BgCU=\/i.s3.glbimg.com\/v1\/AUTH_59edd422c0c84a879bd37670ae4f538a\/internal_photos\/bs\/2025\/b\/t\/9JlsYnQei30eGaPqzDYw\/colagem.png\" \/><br \/>     Homem matou nora nesta sexta (4) em Governador Dix-Sept Rosado ap\u00f3s discuss\u00e3o que havia come\u00e7ado na noite anterior. Segundo pol\u00edcia, sogro, de 71 anos, confessou o crime.  Sogro mata nora no interior do RN<br \/>\nO homem de 71 anos que matou a pr\u00f3pria nora com golpes de enxada ap\u00f3s uma discuss\u00e3o na casa onde moravam, em Governador Dix-Sept Rosado, na regi\u00e3o Oeste do Rio Grande do Norte, j\u00e1 havia cometido outro homic\u00eddio no passado.<br \/>\nA informa\u00e7\u00e3o foi confirmada pelo delegado Caio F\u00e1bio, da Divis\u00e3o de Homic\u00eddios e Prote\u00e7\u00e3o \u00e0 Pessoa (DHPP), que atendeu \u00e0 ocorr\u00eancia na tarde desta sexta-feira (4).<br \/>\n\ud83d\udcf3Participe do canal do g1 RN no WhatsApp<br \/>\nO homem foi preso em flagrante nesta sexta (4) ap\u00f3s matar Edilene Nic\u00e1ssia da Costa, de 51 anos, e confessou o crime.<br \/>\n&#8220;Ele j\u00e1 respondeu por outro homic\u00eddio h\u00e1 muito tempo atr\u00e1s, h\u00e1 mais de 20 anos. J\u00e1 havia cumprido a pena&#8221;, confirmou o delegado.<br \/>\nA pol\u00edcia, no entanto, n\u00e3o detalhou as circunst\u00e2ncias do primeiro crime. As informa\u00e7\u00f5es sobre os antecedentes criminais do suspeito dever\u00e3o ser inclu\u00eddas no inqu\u00e9rito.<br \/>\nAssassinato da nora<br \/>\nSegundo a Pol\u00edcia Civil, o homem vai responder pelo crime de feminic\u00eddio. A mulher morreu no local do crime, antes de receber qualquer atendimento m\u00e9dico.<br \/>\nA discuss\u00e3o entre os dois teria come\u00e7ado na noite de quinta-feira (3), inclusive com troca de agress\u00f5es. Segundo o delegado Caio F\u00e1bio, o suspeito morava na mesma casa que a nora e o filho, e j\u00e1 havia um hist\u00f3rico de conflitos entre eles.<br \/>\nEnxada usada no crime sendo recolhida pelo Itep; e a v\u00edtima do crime<br \/>\nReprodu\u00e7\u00e3o\/Inter TV Cabugi<br \/>\nAinda de acordo com a pol\u00edcia, o homem saiu de casa com o filho e os dois passaram a noite fora, mas voltaram para casa na sexta (4).<br \/>\n&#8220;O filho saiu para resolver um problema na rua e aconteceu o crime. Ele relata que ela sempre o amea\u00e7ava&#8221;, disse o delegado.<br \/>\nO delegado afirmou que j\u00e1 ouviu algumas testemunhas, mas ainda dever\u00e1 ouvir outras. A pol\u00edcia dever\u00e1 concluir a investiga\u00e7\u00e3o ap\u00f3s receber os laudos periciais do Instituto T\u00e9cnico-Cient\u00edfico de Per\u00edcia (Itep).<br \/>\nV\u00eddeos mais assistidos do g1 RN<\/p>","protected":false},"excerpt":{"rendered":"<p>Homem matou nora nesta sexta (4) em Governador Dix-Sept Rosado ap\u00f3s discuss\u00e3o que havia come\u00e7ado na noite anterior. Segundo pol\u00edcia, sogro, de 71 anos, confessou o crime. Sogro mata nora &#8230;<\/p>\n","protected":false},"author":0,"featured_media":12720,"parent":0,"menu_order":0,"comment_status":"closed","ping_status":"closed","template":"","meta":{"footnotes":""},"class_list":["post-12719","page","type-page","status-publish","has-post-thumbnail","hentry"],"yoast_head":"<!-- This site is optimized with the Yoast SEO plugin v27.1.1 - https:\/\/yoast.com\/product\/yoast-seo-wordpress\/ -->\n<title>Sogro que matou nora com golpes de enxada j\u00e1 cometeu outro homic\u00eddio, diz delegado - Taveira Jr<\/title>\n<meta name=\"robots\" content=\"index, follow, max-snippet:-1, max-image-preview:large, max-video-preview:-1\" \/>\n<link rel=\"canonical\" href=\"https:\/\/deputadotaveirajr.com.br\/index.php\/sogro-que-matou-nora-com-golpes-de-enxada-ja-cometeu-outro-homicidio-diz-delegado\/\" \/>\n<meta property=\"og:locale\" content=\"pt_BR\" \/>\n<meta property=\"og:type\" content=\"article\" \/>\n<meta property=\"og:title\" content=\"Sogro que matou nora com golpes de enxada j\u00e1 cometeu outro homic\u00eddio, diz delegado - Taveira Jr\" \/>\n<meta property=\"og:description\" content=\"Homem matou nora nesta sexta (4) em Governador Dix-Sept Rosado ap\u00f3s discuss\u00e3o que havia come\u00e7ado na noite anterior. Segundo pol\u00edcia, sogro, de 71 anos, confessou o crime. Sogro mata nora ...\" \/>\n<meta property=\"og:url\" content=\"https:\/\/deputadotaveirajr.com.br\/index.php\/sogro-que-matou-nora-com-golpes-de-enxada-ja-cometeu-outro-homicidio-diz-delegado\/\" \/>\n<meta property=\"og:site_name\" content=\"Taveira Jr\" \/>\n<meta property=\"og:image\" content=\"https:\/\/s2-g1.glbimg.com\/KKVKpthagfhaSg-JDdM606_BgCU=\/i.s3.glbimg.com\/v1\/AUTH_59edd422c0c84a879bd37670ae4f538a\/internal_photos\/bs\/2025\/b\/t\/9JlsYnQei30eGaPqzDYw\/colagem.png\" \/>\n<meta name=\"twitter:card\" content=\"summary_large_image\" \/>\n<meta name=\"twitter:label1\" content=\"Est. tempo de leitura\" \/>\n\t<meta name=\"twitter:data1\" content=\"2 minutos\" \/>\n<script type=\"application\/ld+json\" class=\"yoast-schema-graph\">{\"@context\":\"https:\/\/schema.org\",\"@graph\":[{\"@type\":\"WebPage\",\"@id\":\"https:\/\/deputadotaveirajr.com.br\/index.php\/sogro-que-matou-nora-com-golpes-de-enxada-ja-cometeu-outro-homicidio-diz-delegado\/\",\"url\":\"https:\/\/deputadotaveirajr.com.br\/index.php\/sogro-que-matou-nora-com-golpes-de-enxada-ja-cometeu-outro-homicidio-diz-delegado\/\",\"name\":\"Sogro que matou nora com golpes de enxada j\u00e1 cometeu outro homic\u00eddio, diz delegado - Taveira Jr\",\"isPartOf\":{\"@id\":\"https:\/\/deputadotaveirajr.com.br\/#website\"},\"primaryImageOfPage\":{\"@id\":\"https:\/\/deputadotaveirajr.com.br\/index.php\/sogro-que-matou-nora-com-golpes-de-enxada-ja-cometeu-outro-homicidio-diz-delegado\/#primaryimage\"},\"image\":{\"@id\":\"https:\/\/deputadotaveirajr.com.br\/index.php\/sogro-que-matou-nora-com-golpes-de-enxada-ja-cometeu-outro-homicidio-diz-delegado\/#primaryimage\"},\"thumbnailUrl\":\"https:\/\/deputadotaveirajr.com.br\/wp-content\/uploads\/2025\/04\/colagem-AhzL0x.jpeg\",\"datePublished\":\"2025-04-05T13:09:29+00:00\",\"breadcrumb\":{\"@id\":\"https:\/\/deputadotaveirajr.com.br\/index.php\/sogro-que-matou-nora-com-golpes-de-enxada-ja-cometeu-outro-homicidio-diz-delegado\/#breadcrumb\"},\"inLanguage\":\"pt-BR\",\"potentialAction\":[{\"@type\":\"ReadAction\",\"target\":[\"https:\/\/deputadotaveirajr.com.br\/index.php\/sogro-que-matou-nora-com-golpes-de-enxada-ja-cometeu-outro-homicidio-diz-delegado\/\"]}]},{\"@type\":\"ImageObject\",\"inLanguage\":\"pt-BR\",\"@id\":\"https:\/\/deputadotaveirajr.com.br\/index.php\/sogro-que-matou-nora-com-golpes-de-enxada-ja-cometeu-outro-homicidio-diz-delegado\/#primaryimage\",\"url\":\"https:\/\/deputadotaveirajr.com.br\/wp-content\/uploads\/2025\/04\/colagem-AhzL0x.jpeg\",\"contentUrl\":\"https:\/\/deputadotaveirajr.com.br\/wp-content\/uploads\/2025\/04\/colagem-AhzL0x.jpeg\",\"width\":2000,\"height\":2000},{\"@type\":\"BreadcrumbList\",\"@id\":\"https:\/\/deputadotaveirajr.com.br\/index.php\/sogro-que-matou-nora-com-golpes-de-enxada-ja-cometeu-outro-homicidio-diz-delegado\/#breadcrumb\",\"itemListElement\":[{\"@type\":\"ListItem\",\"position\":1,\"name\":\"In\u00edcio\",\"item\":\"https:\/\/deputadotaveirajr.com.br\/\"},{\"@type\":\"ListItem\",\"position\":2,\"name\":\"Sogro que matou nora com golpes de enxada j\u00e1 cometeu outro homic\u00eddio, diz delegado\"}]},{\"@type\":\"WebSite\",\"@id\":\"https:\/\/deputadotaveirajr.com.br\/#website\",\"url\":\"https:\/\/deputadotaveirajr.com.br\/\",\"name\":\"Taveira Jr\",\"description\":\"Deputado Estadual\",\"publisher\":{\"@id\":\"https:\/\/deputadotaveirajr.com.br\/#organization\"},\"potentialAction\":[{\"@type\":\"SearchAction\",\"target\":{\"@type\":\"EntryPoint\",\"urlTemplate\":\"https:\/\/deputadotaveirajr.com.br\/?s={search_term_string}\"},\"query-input\":{\"@type\":\"PropertyValueSpecification\",\"valueRequired\":true,\"valueName\":\"search_term_string\"}}],\"inLanguage\":\"pt-BR\"},{\"@type\":\"Organization\",\"@id\":\"https:\/\/deputadotaveirajr.com.br\/#organization\",\"name\":\"Taveira Jr\",\"url\":\"https:\/\/deputadotaveirajr.com.br\/\",\"logo\":{\"@type\":\"ImageObject\",\"inLanguage\":\"pt-BR\",\"@id\":\"https:\/\/deputadotaveirajr.com.br\/#\/schema\/logo\/image\/\",\"url\":\"https:\/\/deputadotaveirajr.com.br\/wp-content\/uploads\/2026\/01\/logolow2a.png\",\"contentUrl\":\"https:\/\/deputadotaveirajr.com.br\/wp-content\/uploads\/2026\/01\/logolow2a.png\",\"width\":290,\"height\":80,\"caption\":\"Taveira Jr\"},\"image\":{\"@id\":\"https:\/\/deputadotaveirajr.com.br\/#\/schema\/logo\/image\/\"}}]}<\/script>\n<!-- \/ Yoast SEO plugin. -->","yoast_head_json":{"title":"Sogro que matou nora com golpes de enxada j\u00e1 cometeu outro homic\u00eddio, diz delegado - Taveira Jr","robots":{"index":"index","follow":"follow","max-snippet":"max-snippet:-1","max-image-preview":"max-image-preview:large","max-video-preview":"max-video-preview:-1"},"canonical":"https:\/\/deputadotaveirajr.com.br\/index.php\/sogro-que-matou-nora-com-golpes-de-enxada-ja-cometeu-outro-homicidio-diz-delegado\/","og_locale":"pt_BR","og_type":"article","og_title":"Sogro que matou nora com golpes de enxada j\u00e1 cometeu outro homic\u00eddio, diz delegado - Taveira Jr","og_description":"Homem matou nora nesta sexta (4) em Governador Dix-Sept Rosado ap\u00f3s discuss\u00e3o que havia come\u00e7ado na noite anterior. Segundo pol\u00edcia, sogro, de 71 anos, confessou o crime. Sogro mata nora ...","og_url":"https:\/\/deputadotaveirajr.com.br\/index.php\/sogro-que-matou-nora-com-golpes-de-enxada-ja-cometeu-outro-homicidio-diz-delegado\/","og_site_name":"Taveira Jr","og_image":[{"url":"https:\/\/s2-g1.glbimg.com\/KKVKpthagfhaSg-JDdM606_BgCU=\/i.s3.glbimg.com\/v1\/AUTH_59edd422c0c84a879bd37670ae4f538a\/internal_photos\/bs\/2025\/b\/t\/9JlsYnQei30eGaPqzDYw\/colagem.png","type":"","width":"","height":""}],"twitter_card":"summary_large_image","twitter_misc":{"Est. tempo de leitura":"2 minutos"},"schema":{"@context":"https:\/\/schema.org","@graph":[{"@type":"WebPage","@id":"https:\/\/deputadotaveirajr.com.br\/index.php\/sogro-que-matou-nora-com-golpes-de-enxada-ja-cometeu-outro-homicidio-diz-delegado\/","url":"https:\/\/deputadotaveirajr.com.br\/index.php\/sogro-que-matou-nora-com-golpes-de-enxada-ja-cometeu-outro-homicidio-diz-delegado\/","name":"Sogro que matou nora com golpes de enxada j\u00e1 cometeu outro homic\u00eddio, diz delegado - Taveira Jr","isPartOf":{"@id":"https:\/\/deputadotaveirajr.com.br\/#website"},"primaryImageOfPage":{"@id":"https:\/\/deputadotaveirajr.com.br\/index.php\/sogro-que-matou-nora-com-golpes-de-enxada-ja-cometeu-outro-homicidio-diz-delegado\/#primaryimage"},"image":{"@id":"https:\/\/deputadotaveirajr.com.br\/index.php\/sogro-que-matou-nora-com-golpes-de-enxada-ja-cometeu-outro-homicidio-diz-delegado\/#primaryimage"},"thumbnailUrl":"https:\/\/deputadotaveirajr.com.br\/wp-content\/uploads\/2025\/04\/colagem-AhzL0x.jpeg","datePublished":"2025-04-05T13:09:29+00:00","breadcrumb":{"@id":"https:\/\/deputadotaveirajr.com.br\/index.php\/sogro-que-matou-nora-com-golpes-de-enxada-ja-cometeu-outro-homicidio-diz-delegado\/#breadcrumb"},"inLanguage":"pt-BR","potentialAction":[{"@type":"ReadAction","target":["https:\/\/deputadotaveirajr.com.br\/index.php\/sogro-que-matou-nora-com-golpes-de-enxada-ja-cometeu-outro-homicidio-diz-delegado\/"]}]},{"@type":"ImageObject","inLanguage":"pt-BR","@id":"https:\/\/deputadotaveirajr.com.br\/index.php\/sogro-que-matou-nora-com-golpes-de-enxada-ja-cometeu-outro-homicidio-diz-delegado\/#primaryimage","url":"https:\/\/deputadotaveirajr.com.br\/wp-content\/uploads\/2025\/04\/colagem-AhzL0x.jpeg","contentUrl":"https:\/\/deputadotaveirajr.com.br\/wp-content\/uploads\/2025\/04\/colagem-AhzL0x.jpeg","width":2000,"height":2000},{"@type":"BreadcrumbList","@id":"https:\/\/deputadotaveirajr.com.br\/index.php\/sogro-que-matou-nora-com-golpes-de-enxada-ja-cometeu-outro-homicidio-diz-delegado\/#breadcrumb","itemListElement":[{"@type":"ListItem","position":1,"name":"In\u00edcio","item":"https:\/\/deputadotaveirajr.com.br\/"},{"@type":"ListItem","position":2,"name":"Sogro que matou nora com golpes de enxada j\u00e1 cometeu outro homic\u00eddio, diz delegado"}]},{"@type":"WebSite","@id":"https:\/\/deputadotaveirajr.com.br\/#website","url":"https:\/\/deputadotaveirajr.com.br\/","name":"Taveira Jr","description":"Deputado Estadual","publisher":{"@id":"https:\/\/deputadotaveirajr.com.br\/#organization"},"potentialAction":[{"@type":"SearchAction","target":{"@type":"EntryPoint","urlTemplate":"https:\/\/deputadotaveirajr.com.br\/?s={search_term_string}"},"query-input":{"@type":"PropertyValueSpecification","valueRequired":true,"valueName":"search_term_string"}}],"inLanguage":"pt-BR"},{"@type":"Organization","@id":"https:\/\/deputadotaveirajr.com.br\/#organization","name":"Taveira Jr","url":"https:\/\/deputadotaveirajr.com.br\/","logo":{"@type":"ImageObject","inLanguage":"pt-BR","@id":"https:\/\/deputadotaveirajr.com.br\/#\/schema\/logo\/image\/","url":"https:\/\/deputadotaveirajr.com.br\/wp-content\/uploads\/2026\/01\/logolow2a.png","contentUrl":"https:\/\/deputadotaveirajr.com.br\/wp-content\/uploads\/2026\/01\/logolow2a.png","width":290,"height":80,"caption":"Taveira Jr"},"image":{"@id":"https:\/\/deputadotaveirajr.com.br\/#\/schema\/logo\/image\/"}}]}},"_links":{"self":[{"href":"https:\/\/deputadotaveirajr.com.br\/index.php\/wp-json\/wp\/v2\/pages\/12719","targetHints":{"allow":["GET"]}}],"collection":[{"href":"https:\/\/deputadotaveirajr.com.br\/index.php\/wp-json\/wp\/v2\/pages"}],"about":[{"href":"https:\/\/deputadotaveirajr.com.br\/index.php\/wp-json\/wp\/v2\/types\/page"}],"replies":[{"embeddable":true,"href":"https:\/\/deputadotaveirajr.com.br\/index.php\/wp-json\/wp\/v2\/comments?post=12719"}],"version-history":[{"count":0,"href":"https:\/\/deputadotaveirajr.com.br\/index.php\/wp-json\/wp\/v2\/pages\/12719\/revisions"}],"wp:featuredmedia":[{"embeddable":true,"href":"https:\/\/deputadotaveirajr.com.br\/index.php\/wp-json\/wp\/v2\/media\/12720"}],"wp:attachment":[{"href":"https:\/\/deputadotaveirajr.com.br\/index.php\/wp-json\/wp\/v2\/media?parent=12719"}],"curies":[{"name":"wp","href":"https:\/\/api.w.org\/{rel}","templated":true}]}}