{"id":12723,"date":"2025-04-05T00:02:14","date_gmt":"2025-04-05T03:02:14","guid":{"rendered":"https:\/\/deputadotaveirajr.com.br\/index.php\/seguranca-publica-e-bem-avaliada-por-mais-de-80-dos-turistas-que-visitam-o-rn\/"},"modified":"2025-04-05T00:02:14","modified_gmt":"2025-04-05T03:02:14","slug":"seguranca-publica-e-bem-avaliada-por-mais-de-80-dos-turistas-que-visitam-o-rn","status":"publish","type":"page","link":"https:\/\/deputadotaveirajr.com.br\/index.php\/seguranca-publica-e-bem-avaliada-por-mais-de-80-dos-turistas-que-visitam-o-rn\/","title":{"rendered":"Seguran\u00e7a p\u00fablica \u00e9 bem avaliada por mais de 80% dos turistas que visitam o RN"},"content":{"rendered":"<p><img decoding=\"async\" src=\"https:\/\/s2-g1.glbimg.com\/75lDnKRC0T-ce53oh-H3oSoBaME=\/i.s3.glbimg.com\/v1\/AUTH_59edd422c0c84a879bd37670ae4f538a\/internal_photos\/bs\/2025\/3\/L\/JK4vxiQ5K0YN6jquQIDA\/materia-publicitaria-foto-01.jpg\" \/><br \/>     De acordo com dados da Setur, em parceria com a Fecom\u00e9rcio, a percep\u00e7\u00e3o de seguran\u00e7a entre os visitantes do RN aumenta a cada ano, desde 2022. : Presen\u00e7a dos agentes de seguran\u00e7a, de todas as pol\u00edcias, nas \u00e1reas de maior fluxo, especialmente durante o veraneio<br \/>\nComunica\u00e7\u00e3o PMRN<br \/>\nA sensa\u00e7\u00e3o de seguran\u00e7a dos turistas que visitam o Rio Grande do Norte \u00e9 cada vez maior. Isso \u00e9 o que dizem os dados do Sistema de Intelig\u00eancia Tur\u00edstica do Rio Grande do Norte (Sirio), indicando que mais de 80% dos nossos visitantes consideram boa ou \u00f3tima a seguran\u00e7a p\u00fablica Potiguar.<br \/>\nO S\u00edrio \u00e9 resultado de uma parceria entre o Sistema Fecom\u00e9rcio RN, com participa\u00e7\u00e3o do Departamento de Estat\u00edsticas e Estudos Socioecon\u00f4micos da Federa\u00e7\u00e3o e do Senac RN, com o Governo do Estado, atrav\u00e9s da Empresa Potiguar de Promo\u00e7\u00e3o Tur\u00edstica (Emprotur).<br \/>\nA percep\u00e7\u00e3o de um ambiente cada vez mais seguro vem aumentando gradativamente ao longo dos anos. Desde 2022, quando o Perfil do Turista Potiguar come\u00e7ou a ser divulgado, a avalia\u00e7\u00e3o positiva da seguran\u00e7a p\u00fablica Potiguar saiu de 69,1% para 80,86% na primeira avalia\u00e7\u00e3o de 2025, realizada em janeiro.<br \/>\nOs valores s\u00e3o resultado de pesquisas realizadas periodicamente para avaliar o comportamento e percep\u00e7\u00e3o dos visitantes que escolhem o Rio Grande do Norte como destino para fazer turismo. Desse trabalho, \u00e9 publicado o Perfil do Turista Potiguar, obtido a partir de entrevistas coletadas em v\u00e1rios pontos tur\u00edsticos do estado, como Natal e Regi\u00e3o Metropolitana, S\u00e3o Miguel do Gostoso, Mossor\u00f3, Tibau, Tibau do Sul e Pipa.<br \/>\n\u201cOs resultados est\u00e3o a\u00ed, a partir de muito esfor\u00e7o, investimento e dedica\u00e7\u00e3o de muitos. \u00c9 um investimento que, primeiro, tem um olhar a quem vive aqui, quem investe aqui, e a todos e todas que visitam nosso estado. Sim, partimos do princ\u00edpio que um lugar, para ser bom e seguro aos visitantes, primeiro tem que ser para quem vive aqui. O resultado est\u00e1 a\u00ed. Vejam s\u00f3 o Carnaval, aonde fizemos o maior investimento e estrutura de seguran\u00e7a p\u00fablica j\u00e1 realizado, e obtivemos redu\u00e7\u00e3o em todos os tipos de ocorr\u00eancias em rela\u00e7\u00e3o ao Carnaval do ano passado. N\u00e3o s\u00f3 isso! Integramos v\u00e1rias \u00e1reas, como sa\u00fade e turismo, porque o resultado n\u00e3o passa apenas pela seguran\u00e7a. Vem exatamente desse esfor\u00e7o conjunto\u201d, afirmou a governadora F\u00e1tima Bezerra.<br \/>\nPol\u00edcia Civil atua em conjunto com demais for\u00e7as de seguran\u00e7a e o resultado s\u00e3o as sucessivas redu\u00e7\u00f5es nos \u00edndices de criminalidade. Cr\u00e9dito: Secom Pol\u00edcia Civil RN<br \/>\nSecom Pol\u00edcia Civil RN<br \/>\nDo total de turistas ouvidos no \u00faltimo levantamento, 52,57% consideram a seguran\u00e7a p\u00fablica potiguar boa, enquanto outros 28,11% avaliam como \u00f3tima. Para 11%, a avalia\u00e7\u00e3o \u00e9 regular, e apenas 2,6% dos visitantes desaprovam, sendo 1% avaliando como ruim e 1,6% como p\u00e9ssima.<br \/>\nA opini\u00e3o p\u00fablica de quem vem ao estado aproveitar as atra\u00e7\u00f5es tur\u00edsticas \u00e9 reflexo dos investimentos que o Governo do Rio Grande do Norte vem fazendo em pol\u00edticas p\u00fablicas de seguran\u00e7a.<br \/>\nEssas a\u00e7\u00f5es de fortalecimento da seguran\u00e7a contribuem diretamente para um melhor ambiente de neg\u00f3cios no estado, contribuindo para o desenvolvimento econ\u00f4mico e social. Os investimentos e estrat\u00e9gias discutidas tamb\u00e9m com a iniciativa privada contribuem para atrair mais visitantes e, com isso, gerar emprego e renda em v\u00e1rias regi\u00f5es do RN.<br \/>\nPlanejamento prev\u00ea utiliza\u00e7\u00e3o de todas as unidades da Seguran\u00e7a P\u00fablica com o objetivo de otimizar a resposta \u00e0 sociedade<br \/>\nComunica\u00e7\u00e3o PMRN<br \/>\nDesde 2019, o Governo do Estado nomeou mais de 4.600 novos agentes de seguran\u00e7a p\u00fablica, sendo 1.600 s\u00f3 em 2024. No mesmo per\u00edodo, foram adquiridas mais de 700 viaturas, e mais de 16 mil promo\u00e7\u00f5es foram concedidas a agentes de seguran\u00e7a p\u00fablica, em uma a\u00e7\u00e3o de valoriza\u00e7\u00e3o aos trabalhadores que atuam na preven\u00e7\u00e3o e combate \u00e0 criminalidade.<br \/>\nUma das a\u00e7\u00f5es recentes \u2014 no dia 25 de fevereiro \u2014 foi a convoca\u00e7\u00e3o de 464 aprovados no concurso p\u00fablico da Pol\u00edcia Militar, realizado em 2023, para a realiza\u00e7\u00e3o do curso de forma\u00e7\u00e3o de pra\u00e7as.<br \/>\nTudo isso resulta em um ambiente cada vez mais seguro e pr\u00f3spero para todos os setores, inclusive o turismo. As a\u00e7\u00f5es do Governo do RN fizeram de Natal a capital mais segura do Nordeste em 2024, de acordo com o Minist\u00e9rio da Justi\u00e7a e Seguran\u00e7a P\u00fablica, que aponta \u00edndices cada vez mais positivos como a redu\u00e7\u00e3o do n\u00famero de homic\u00eddios, roubos a resid\u00eancias, assaltos em vias p\u00fablicas, roubos de ve\u00edculos e crimes contra estabelecimentos comerciais.<br \/>\nDados mostram melhora da seguran\u00e7a no RN<br \/>\nEntre 2019 e 2024:<br \/>\nredu\u00e7\u00e3o de 45% em crimes contra o patrim\u00f4nio (furtos e roubos);<br \/>\nEntre 2019 e 2024:<br \/>\nroubo de ve\u00edculos caiu 47%;<br \/>\nEm 2024:<br \/>\nroubos a resid\u00eancias, a redu\u00e7\u00e3o foi de 15,4%;<br \/>\nEm 2024:<br \/>\nassaltos em via p\u00fablica, a queda foi de 16,6%;<br \/>\nEm 2024:<br \/>\ncrimes contra estabelecimentos comerciais, redu\u00e7\u00e3o de 30,6%;<br \/>\nEm 2024:<br \/>\nroubo de ve\u00edculos reduziu 16%<br \/>\nFonte: https:\/\/sirio.tur.br\/<\/p>","protected":false},"excerpt":{"rendered":"<p>De acordo com dados da Setur, em parceria com a Fecom\u00e9rcio, a percep\u00e7\u00e3o de seguran\u00e7a entre os visitantes do RN aumenta a cada ano, desde 2022. : Presen\u00e7a dos agentes &#8230;<\/p>\n","protected":false},"author":0,"featured_media":12724,"parent":0,"menu_order":0,"comment_status":"closed","ping_status":"closed","template":"","meta":{"footnotes":""},"class_list":["post-12723","page","type-page","status-publish","has-post-thumbnail","hentry"],"yoast_head":"<!-- This site is optimized with the Yoast SEO plugin v27.1.1 - https:\/\/yoast.com\/product\/yoast-seo-wordpress\/ -->\n<title>Seguran\u00e7a p\u00fablica \u00e9 bem avaliada por mais de 80% dos turistas que visitam o RN - Taveira Jr<\/title>\n<meta name=\"robots\" content=\"index, follow, max-snippet:-1, max-image-preview:large, max-video-preview:-1\" \/>\n<link rel=\"canonical\" href=\"https:\/\/deputadotaveirajr.com.br\/index.php\/seguranca-publica-e-bem-avaliada-por-mais-de-80-dos-turistas-que-visitam-o-rn\/\" \/>\n<meta property=\"og:locale\" content=\"pt_BR\" \/>\n<meta property=\"og:type\" content=\"article\" \/>\n<meta property=\"og:title\" content=\"Seguran\u00e7a p\u00fablica \u00e9 bem avaliada por mais de 80% dos turistas que visitam o RN - Taveira Jr\" \/>\n<meta property=\"og:description\" content=\"De acordo com dados da Setur, em parceria com a Fecom\u00e9rcio, a percep\u00e7\u00e3o de seguran\u00e7a entre os visitantes do RN aumenta a cada ano, desde 2022. : Presen\u00e7a dos agentes ...\" \/>\n<meta property=\"og:url\" content=\"https:\/\/deputadotaveirajr.com.br\/index.php\/seguranca-publica-e-bem-avaliada-por-mais-de-80-dos-turistas-que-visitam-o-rn\/\" \/>\n<meta property=\"og:site_name\" content=\"Taveira Jr\" \/>\n<meta property=\"og:image\" content=\"https:\/\/s2-g1.glbimg.com\/75lDnKRC0T-ce53oh-H3oSoBaME=\/i.s3.glbimg.com\/v1\/AUTH_59edd422c0c84a879bd37670ae4f538a\/internal_photos\/bs\/2025\/3\/L\/JK4vxiQ5K0YN6jquQIDA\/materia-publicitaria-foto-01.jpg\" \/>\n<meta name=\"twitter:card\" content=\"summary_large_image\" \/>\n<meta name=\"twitter:label1\" content=\"Est. tempo de leitura\" \/>\n\t<meta name=\"twitter:data1\" content=\"4 minutos\" \/>\n<script type=\"application\/ld+json\" class=\"yoast-schema-graph\">{\"@context\":\"https:\/\/schema.org\",\"@graph\":[{\"@type\":\"WebPage\",\"@id\":\"https:\/\/deputadotaveirajr.com.br\/index.php\/seguranca-publica-e-bem-avaliada-por-mais-de-80-dos-turistas-que-visitam-o-rn\/\",\"url\":\"https:\/\/deputadotaveirajr.com.br\/index.php\/seguranca-publica-e-bem-avaliada-por-mais-de-80-dos-turistas-que-visitam-o-rn\/\",\"name\":\"Seguran\u00e7a p\u00fablica \u00e9 bem avaliada por mais de 80% dos turistas que visitam o RN - Taveira Jr\",\"isPartOf\":{\"@id\":\"https:\/\/deputadotaveirajr.com.br\/#website\"},\"primaryImageOfPage\":{\"@id\":\"https:\/\/deputadotaveirajr.com.br\/index.php\/seguranca-publica-e-bem-avaliada-por-mais-de-80-dos-turistas-que-visitam-o-rn\/#primaryimage\"},\"image\":{\"@id\":\"https:\/\/deputadotaveirajr.com.br\/index.php\/seguranca-publica-e-bem-avaliada-por-mais-de-80-dos-turistas-que-visitam-o-rn\/#primaryimage\"},\"thumbnailUrl\":\"https:\/\/deputadotaveirajr.com.br\/wp-content\/uploads\/2025\/04\/materia-publicitaria-foto-01-y68LjW-scaled.jpeg\",\"datePublished\":\"2025-04-05T03:02:14+00:00\",\"breadcrumb\":{\"@id\":\"https:\/\/deputadotaveirajr.com.br\/index.php\/seguranca-publica-e-bem-avaliada-por-mais-de-80-dos-turistas-que-visitam-o-rn\/#breadcrumb\"},\"inLanguage\":\"pt-BR\",\"potentialAction\":[{\"@type\":\"ReadAction\",\"target\":[\"https:\/\/deputadotaveirajr.com.br\/index.php\/seguranca-publica-e-bem-avaliada-por-mais-de-80-dos-turistas-que-visitam-o-rn\/\"]}]},{\"@type\":\"ImageObject\",\"inLanguage\":\"pt-BR\",\"@id\":\"https:\/\/deputadotaveirajr.com.br\/index.php\/seguranca-publica-e-bem-avaliada-por-mais-de-80-dos-turistas-que-visitam-o-rn\/#primaryimage\",\"url\":\"https:\/\/deputadotaveirajr.com.br\/wp-content\/uploads\/2025\/04\/materia-publicitaria-foto-01-y68LjW-scaled.jpeg\",\"contentUrl\":\"https:\/\/deputadotaveirajr.com.br\/wp-content\/uploads\/2025\/04\/materia-publicitaria-foto-01-y68LjW-scaled.jpeg\",\"width\":2560,\"height\":1441},{\"@type\":\"BreadcrumbList\",\"@id\":\"https:\/\/deputadotaveirajr.com.br\/index.php\/seguranca-publica-e-bem-avaliada-por-mais-de-80-dos-turistas-que-visitam-o-rn\/#breadcrumb\",\"itemListElement\":[{\"@type\":\"ListItem\",\"position\":1,\"name\":\"In\u00edcio\",\"item\":\"https:\/\/deputadotaveirajr.com.br\/\"},{\"@type\":\"ListItem\",\"position\":2,\"name\":\"Seguran\u00e7a p\u00fablica \u00e9 bem avaliada por mais de 80% dos turistas que visitam o RN\"}]},{\"@type\":\"WebSite\",\"@id\":\"https:\/\/deputadotaveirajr.com.br\/#website\",\"url\":\"https:\/\/deputadotaveirajr.com.br\/\",\"name\":\"Taveira Jr\",\"description\":\"Deputado Estadual\",\"publisher\":{\"@id\":\"https:\/\/deputadotaveirajr.com.br\/#organization\"},\"potentialAction\":[{\"@type\":\"SearchAction\",\"target\":{\"@type\":\"EntryPoint\",\"urlTemplate\":\"https:\/\/deputadotaveirajr.com.br\/?s={search_term_string}\"},\"query-input\":{\"@type\":\"PropertyValueSpecification\",\"valueRequired\":true,\"valueName\":\"search_term_string\"}}],\"inLanguage\":\"pt-BR\"},{\"@type\":\"Organization\",\"@id\":\"https:\/\/deputadotaveirajr.com.br\/#organization\",\"name\":\"Taveira Jr\",\"url\":\"https:\/\/deputadotaveirajr.com.br\/\",\"logo\":{\"@type\":\"ImageObject\",\"inLanguage\":\"pt-BR\",\"@id\":\"https:\/\/deputadotaveirajr.com.br\/#\/schema\/logo\/image\/\",\"url\":\"https:\/\/deputadotaveirajr.com.br\/wp-content\/uploads\/2026\/01\/logolow2a.png\",\"contentUrl\":\"https:\/\/deputadotaveirajr.com.br\/wp-content\/uploads\/2026\/01\/logolow2a.png\",\"width\":290,\"height\":80,\"caption\":\"Taveira Jr\"},\"image\":{\"@id\":\"https:\/\/deputadotaveirajr.com.br\/#\/schema\/logo\/image\/\"}}]}<\/script>\n<!-- \/ Yoast SEO plugin. -->","yoast_head_json":{"title":"Seguran\u00e7a p\u00fablica \u00e9 bem avaliada por mais de 80% dos turistas que visitam o RN - Taveira Jr","robots":{"index":"index","follow":"follow","max-snippet":"max-snippet:-1","max-image-preview":"max-image-preview:large","max-video-preview":"max-video-preview:-1"},"canonical":"https:\/\/deputadotaveirajr.com.br\/index.php\/seguranca-publica-e-bem-avaliada-por-mais-de-80-dos-turistas-que-visitam-o-rn\/","og_locale":"pt_BR","og_type":"article","og_title":"Seguran\u00e7a p\u00fablica \u00e9 bem avaliada por mais de 80% dos turistas que visitam o RN - Taveira Jr","og_description":"De acordo com dados da Setur, em parceria com a Fecom\u00e9rcio, a percep\u00e7\u00e3o de seguran\u00e7a entre os visitantes do RN aumenta a cada ano, desde 2022. : Presen\u00e7a dos agentes ...","og_url":"https:\/\/deputadotaveirajr.com.br\/index.php\/seguranca-publica-e-bem-avaliada-por-mais-de-80-dos-turistas-que-visitam-o-rn\/","og_site_name":"Taveira Jr","og_image":[{"url":"https:\/\/s2-g1.glbimg.com\/75lDnKRC0T-ce53oh-H3oSoBaME=\/i.s3.glbimg.com\/v1\/AUTH_59edd422c0c84a879bd37670ae4f538a\/internal_photos\/bs\/2025\/3\/L\/JK4vxiQ5K0YN6jquQIDA\/materia-publicitaria-foto-01.jpg","type":"","width":"","height":""}],"twitter_card":"summary_large_image","twitter_misc":{"Est. tempo de leitura":"4 minutos"},"schema":{"@context":"https:\/\/schema.org","@graph":[{"@type":"WebPage","@id":"https:\/\/deputadotaveirajr.com.br\/index.php\/seguranca-publica-e-bem-avaliada-por-mais-de-80-dos-turistas-que-visitam-o-rn\/","url":"https:\/\/deputadotaveirajr.com.br\/index.php\/seguranca-publica-e-bem-avaliada-por-mais-de-80-dos-turistas-que-visitam-o-rn\/","name":"Seguran\u00e7a p\u00fablica \u00e9 bem avaliada por mais de 80% dos turistas que visitam o RN - Taveira Jr","isPartOf":{"@id":"https:\/\/deputadotaveirajr.com.br\/#website"},"primaryImageOfPage":{"@id":"https:\/\/deputadotaveirajr.com.br\/index.php\/seguranca-publica-e-bem-avaliada-por-mais-de-80-dos-turistas-que-visitam-o-rn\/#primaryimage"},"image":{"@id":"https:\/\/deputadotaveirajr.com.br\/index.php\/seguranca-publica-e-bem-avaliada-por-mais-de-80-dos-turistas-que-visitam-o-rn\/#primaryimage"},"thumbnailUrl":"https:\/\/deputadotaveirajr.com.br\/wp-content\/uploads\/2025\/04\/materia-publicitaria-foto-01-y68LjW-scaled.jpeg","datePublished":"2025-04-05T03:02:14+00:00","breadcrumb":{"@id":"https:\/\/deputadotaveirajr.com.br\/index.php\/seguranca-publica-e-bem-avaliada-por-mais-de-80-dos-turistas-que-visitam-o-rn\/#breadcrumb"},"inLanguage":"pt-BR","potentialAction":[{"@type":"ReadAction","target":["https:\/\/deputadotaveirajr.com.br\/index.php\/seguranca-publica-e-bem-avaliada-por-mais-de-80-dos-turistas-que-visitam-o-rn\/"]}]},{"@type":"ImageObject","inLanguage":"pt-BR","@id":"https:\/\/deputadotaveirajr.com.br\/index.php\/seguranca-publica-e-bem-avaliada-por-mais-de-80-dos-turistas-que-visitam-o-rn\/#primaryimage","url":"https:\/\/deputadotaveirajr.com.br\/wp-content\/uploads\/2025\/04\/materia-publicitaria-foto-01-y68LjW-scaled.jpeg","contentUrl":"https:\/\/deputadotaveirajr.com.br\/wp-content\/uploads\/2025\/04\/materia-publicitaria-foto-01-y68LjW-scaled.jpeg","width":2560,"height":1441},{"@type":"BreadcrumbList","@id":"https:\/\/deputadotaveirajr.com.br\/index.php\/seguranca-publica-e-bem-avaliada-por-mais-de-80-dos-turistas-que-visitam-o-rn\/#breadcrumb","itemListElement":[{"@type":"ListItem","position":1,"name":"In\u00edcio","item":"https:\/\/deputadotaveirajr.com.br\/"},{"@type":"ListItem","position":2,"name":"Seguran\u00e7a p\u00fablica \u00e9 bem avaliada por mais de 80% dos turistas que visitam o RN"}]},{"@type":"WebSite","@id":"https:\/\/deputadotaveirajr.com.br\/#website","url":"https:\/\/deputadotaveirajr.com.br\/","name":"Taveira Jr","description":"Deputado Estadual","publisher":{"@id":"https:\/\/deputadotaveirajr.com.br\/#organization"},"potentialAction":[{"@type":"SearchAction","target":{"@type":"EntryPoint","urlTemplate":"https:\/\/deputadotaveirajr.com.br\/?s={search_term_string}"},"query-input":{"@type":"PropertyValueSpecification","valueRequired":true,"valueName":"search_term_string"}}],"inLanguage":"pt-BR"},{"@type":"Organization","@id":"https:\/\/deputadotaveirajr.com.br\/#organization","name":"Taveira Jr","url":"https:\/\/deputadotaveirajr.com.br\/","logo":{"@type":"ImageObject","inLanguage":"pt-BR","@id":"https:\/\/deputadotaveirajr.com.br\/#\/schema\/logo\/image\/","url":"https:\/\/deputadotaveirajr.com.br\/wp-content\/uploads\/2026\/01\/logolow2a.png","contentUrl":"https:\/\/deputadotaveirajr.com.br\/wp-content\/uploads\/2026\/01\/logolow2a.png","width":290,"height":80,"caption":"Taveira Jr"},"image":{"@id":"https:\/\/deputadotaveirajr.com.br\/#\/schema\/logo\/image\/"}}]}},"_links":{"self":[{"href":"https:\/\/deputadotaveirajr.com.br\/index.php\/wp-json\/wp\/v2\/pages\/12723","targetHints":{"allow":["GET"]}}],"collection":[{"href":"https:\/\/deputadotaveirajr.com.br\/index.php\/wp-json\/wp\/v2\/pages"}],"about":[{"href":"https:\/\/deputadotaveirajr.com.br\/index.php\/wp-json\/wp\/v2\/types\/page"}],"replies":[{"embeddable":true,"href":"https:\/\/deputadotaveirajr.com.br\/index.php\/wp-json\/wp\/v2\/comments?post=12723"}],"version-history":[{"count":0,"href":"https:\/\/deputadotaveirajr.com.br\/index.php\/wp-json\/wp\/v2\/pages\/12723\/revisions"}],"wp:featuredmedia":[{"embeddable":true,"href":"https:\/\/deputadotaveirajr.com.br\/index.php\/wp-json\/wp\/v2\/media\/12724"}],"wp:attachment":[{"href":"https:\/\/deputadotaveirajr.com.br\/index.php\/wp-json\/wp\/v2\/media?parent=12723"}],"curies":[{"name":"wp","href":"https:\/\/api.w.org\/{rel}","templated":true}]}}