{"id":12754,"date":"2025-04-09T14:31:13","date_gmt":"2025-04-09T17:31:13","guid":{"rendered":"https:\/\/deputadotaveirajr.com.br\/index.php\/governo-anuncia-reajuste-de-48-nos-salarios-dos-servidores-estaduais-do-rn\/"},"modified":"2025-04-09T14:31:13","modified_gmt":"2025-04-09T17:31:13","slug":"governo-anuncia-reajuste-de-48-nos-salarios-dos-servidores-estaduais-do-rn","status":"publish","type":"page","link":"https:\/\/deputadotaveirajr.com.br\/index.php\/governo-anuncia-reajuste-de-48-nos-salarios-dos-servidores-estaduais-do-rn\/","title":{"rendered":"Governo anuncia reajuste de 4,8% nos sal\u00e1rios dos servidores estaduais do RN"},"content":{"rendered":"<p><img decoding=\"async\" src=\"https:\/\/s2-g1.glbimg.com\/O3_WfHPt0t8whx_nDcDE1ersiW0=\/i.s3.glbimg.com\/v1\/AUTH_59edd422c0c84a879bd37670ae4f538a\/internal_photos\/bs\/2021\/o\/H\/5g4oQMTwCSjjX7Abq0KA\/assecom-rn.jpg\" \/><br \/>     Aumento salarial ser\u00e1 aplicado a v\u00e1rias categorias na folha salarial de abril, segundo a administra\u00e7\u00e3o estadual. Centro administrativo do Governo do Rio Grande do Norte em Natal RN<br \/>\nAssecom\/Governo do RN<br \/>\nO governo do Rio Grande do Norte anunciou que vai implantar um reajuste salarial de 4,83% para servidores de v\u00e1rias categorias a partir deste m\u00eas de abril.<br \/>\nA informa\u00e7\u00e3o foi confirmada pela Secretaria de Estado da Administra\u00e7\u00e3o (Sead) durante reuni\u00e3o com representantes de diversos sindicatos e associa\u00e7\u00f5es.<br \/>\n\ud83d\udcf3Participe do canal do g1 RN no WhatsApp<br \/>\nSegundo a gest\u00e3o estadual, o reajuste contempla servidores da Seguran\u00e7a P\u00fablica, da Sa\u00fade e de diversas categorias da Administra\u00e7\u00e3o Direta e Indireta do Estado.<br \/>\nEm nota, o Sindicato dos Trabalhadores do Servi\u00e7o P\u00fablico da Administra\u00e7\u00e3o Direta do RN (Sinsp) citou que o governo deveria ter dado o reajuste no dia 1\u00ba de abril, &#8220;como manda a Lei 778\/2025, sancionada pela governadora F\u00e1tima Bezerra&#8221;.<br \/>\nO percentual tem previs\u00e3o de ser aplicado ainda neste m\u00eas de abril, segundo informou o governo do RN  &#8211; o acordo havia sido firmado com as entidades sindicais ao longo de 2024. O Sinsp informou, na nota, que na reuni\u00e3o, no entanto, nenhuma data espec\u00edfica foi estipulada.<br \/>\n&#8220;Tranquilizamos todos os dirigentes que o processo de implanta\u00e7\u00e3o est\u00e1 transcorrendo naturalmente e tamb\u00e9m pedimos colabora\u00e7\u00e3o para fazer a revis\u00e3o dos contracheques dos nossos colegas servidores&#8221;. disse o secret\u00e1rio de Administra\u00e7\u00e3o do RN (Sead), Pedro Lopes.<br \/>\n&#8220;Estamos trabalhando forte e unidos com os sindicatos e as associa\u00e7\u00f5es para que, ao final, os servidores tenham a sua recomposi\u00e7\u00e3o efetivada de 4,83%, conforme o acordo firmado com o governo&#8221;, completou.<br \/>\nA Sead informou que cada entidade sindical receber\u00e1 as tabelas com as recomposi\u00e7\u00f5es salariais de suas respectivas categorias.<br \/>\nO governo solicitou tamb\u00e9m que os sindicatos, em parceria com os setores de Recursos Humanos dos \u00f3rg\u00e3os, enviem c\u00f3pias dos contracheques de alguns servidores para confer\u00eancia, a fim de ajustar qualquer incorre\u00e7\u00e3o detectada.<br \/>\nO Sinsp informou que segue no acompanhamento do Di\u00e1rio Oficial do Estado at\u00e9 a publica\u00e7\u00e3o oficial do reajuste com o percentual.<br \/>\n\u201cNossa press\u00e3o surtiu efeito e aqui ressaltamos \u00e0 categoria que, caso a publica\u00e7\u00e3o n\u00e3o ocorra, o Sinsp ir\u00e1 judicializar a quest\u00e3o&#8221;, disse a presidente do Sinsp, Janeayre Souto.<br \/>\nGoverno do RN divulga calend\u00e1rio de pagamento dos servidores<br \/>\nVeja os v\u00eddeos mais assistidos no g1 RN<\/p>","protected":false},"excerpt":{"rendered":"<p>Aumento salarial ser\u00e1 aplicado a v\u00e1rias categorias na folha salarial de abril, segundo a administra\u00e7\u00e3o estadual. Centro administrativo do Governo do Rio Grande do Norte em Natal RN Assecom\/Governo do &#8230;<\/p>\n","protected":false},"author":0,"featured_media":12755,"parent":0,"menu_order":0,"comment_status":"closed","ping_status":"closed","template":"","meta":{"footnotes":""},"class_list":["post-12754","page","type-page","status-publish","has-post-thumbnail","hentry"],"yoast_head":"<!-- This site is optimized with the Yoast SEO plugin v27.1.1 - https:\/\/yoast.com\/product\/yoast-seo-wordpress\/ -->\n<title>Governo anuncia reajuste de 4,8% nos sal\u00e1rios dos servidores estaduais do RN - Taveira Jr<\/title>\n<meta name=\"robots\" content=\"index, follow, max-snippet:-1, max-image-preview:large, max-video-preview:-1\" \/>\n<link rel=\"canonical\" href=\"https:\/\/deputadotaveirajr.com.br\/index.php\/governo-anuncia-reajuste-de-48-nos-salarios-dos-servidores-estaduais-do-rn\/\" \/>\n<meta property=\"og:locale\" content=\"pt_BR\" \/>\n<meta property=\"og:type\" content=\"article\" \/>\n<meta property=\"og:title\" content=\"Governo anuncia reajuste de 4,8% nos sal\u00e1rios dos servidores estaduais do RN - Taveira Jr\" \/>\n<meta property=\"og:description\" content=\"Aumento salarial ser\u00e1 aplicado a v\u00e1rias categorias na folha salarial de abril, segundo a administra\u00e7\u00e3o estadual. Centro administrativo do Governo do Rio Grande do Norte em Natal RN Assecom\/Governo do ...\" \/>\n<meta property=\"og:url\" content=\"https:\/\/deputadotaveirajr.com.br\/index.php\/governo-anuncia-reajuste-de-48-nos-salarios-dos-servidores-estaduais-do-rn\/\" \/>\n<meta property=\"og:site_name\" content=\"Taveira Jr\" \/>\n<meta property=\"og:image\" content=\"https:\/\/s2-g1.glbimg.com\/O3_WfHPt0t8whx_nDcDE1ersiW0=\/i.s3.glbimg.com\/v1\/AUTH_59edd422c0c84a879bd37670ae4f538a\/internal_photos\/bs\/2021\/o\/H\/5g4oQMTwCSjjX7Abq0KA\/assecom-rn.jpg\" \/>\n<meta name=\"twitter:card\" content=\"summary_large_image\" \/>\n<meta name=\"twitter:label1\" content=\"Est. tempo de leitura\" \/>\n\t<meta name=\"twitter:data1\" content=\"2 minutos\" \/>\n<script type=\"application\/ld+json\" class=\"yoast-schema-graph\">{\"@context\":\"https:\/\/schema.org\",\"@graph\":[{\"@type\":\"WebPage\",\"@id\":\"https:\/\/deputadotaveirajr.com.br\/index.php\/governo-anuncia-reajuste-de-48-nos-salarios-dos-servidores-estaduais-do-rn\/\",\"url\":\"https:\/\/deputadotaveirajr.com.br\/index.php\/governo-anuncia-reajuste-de-48-nos-salarios-dos-servidores-estaduais-do-rn\/\",\"name\":\"Governo anuncia reajuste de 4,8% nos sal\u00e1rios dos servidores estaduais do RN - Taveira Jr\",\"isPartOf\":{\"@id\":\"https:\/\/deputadotaveirajr.com.br\/#website\"},\"primaryImageOfPage\":{\"@id\":\"https:\/\/deputadotaveirajr.com.br\/index.php\/governo-anuncia-reajuste-de-48-nos-salarios-dos-servidores-estaduais-do-rn\/#primaryimage\"},\"image\":{\"@id\":\"https:\/\/deputadotaveirajr.com.br\/index.php\/governo-anuncia-reajuste-de-48-nos-salarios-dos-servidores-estaduais-do-rn\/#primaryimage\"},\"thumbnailUrl\":\"https:\/\/deputadotaveirajr.com.br\/wp-content\/uploads\/2025\/04\/assecom-rn-TH7VGr.jpeg\",\"datePublished\":\"2025-04-09T17:31:13+00:00\",\"breadcrumb\":{\"@id\":\"https:\/\/deputadotaveirajr.com.br\/index.php\/governo-anuncia-reajuste-de-48-nos-salarios-dos-servidores-estaduais-do-rn\/#breadcrumb\"},\"inLanguage\":\"pt-BR\",\"potentialAction\":[{\"@type\":\"ReadAction\",\"target\":[\"https:\/\/deputadotaveirajr.com.br\/index.php\/governo-anuncia-reajuste-de-48-nos-salarios-dos-servidores-estaduais-do-rn\/\"]}]},{\"@type\":\"ImageObject\",\"inLanguage\":\"pt-BR\",\"@id\":\"https:\/\/deputadotaveirajr.com.br\/index.php\/governo-anuncia-reajuste-de-48-nos-salarios-dos-servidores-estaduais-do-rn\/#primaryimage\",\"url\":\"https:\/\/deputadotaveirajr.com.br\/wp-content\/uploads\/2025\/04\/assecom-rn-TH7VGr.jpeg\",\"contentUrl\":\"https:\/\/deputadotaveirajr.com.br\/wp-content\/uploads\/2025\/04\/assecom-rn-TH7VGr.jpeg\",\"width\":1280,\"height\":960},{\"@type\":\"BreadcrumbList\",\"@id\":\"https:\/\/deputadotaveirajr.com.br\/index.php\/governo-anuncia-reajuste-de-48-nos-salarios-dos-servidores-estaduais-do-rn\/#breadcrumb\",\"itemListElement\":[{\"@type\":\"ListItem\",\"position\":1,\"name\":\"In\u00edcio\",\"item\":\"https:\/\/deputadotaveirajr.com.br\/\"},{\"@type\":\"ListItem\",\"position\":2,\"name\":\"Governo anuncia reajuste de 4,8% nos sal\u00e1rios dos servidores estaduais do RN\"}]},{\"@type\":\"WebSite\",\"@id\":\"https:\/\/deputadotaveirajr.com.br\/#website\",\"url\":\"https:\/\/deputadotaveirajr.com.br\/\",\"name\":\"Taveira Jr\",\"description\":\"Deputado Estadual\",\"publisher\":{\"@id\":\"https:\/\/deputadotaveirajr.com.br\/#organization\"},\"potentialAction\":[{\"@type\":\"SearchAction\",\"target\":{\"@type\":\"EntryPoint\",\"urlTemplate\":\"https:\/\/deputadotaveirajr.com.br\/?s={search_term_string}\"},\"query-input\":{\"@type\":\"PropertyValueSpecification\",\"valueRequired\":true,\"valueName\":\"search_term_string\"}}],\"inLanguage\":\"pt-BR\"},{\"@type\":\"Organization\",\"@id\":\"https:\/\/deputadotaveirajr.com.br\/#organization\",\"name\":\"Taveira Jr\",\"url\":\"https:\/\/deputadotaveirajr.com.br\/\",\"logo\":{\"@type\":\"ImageObject\",\"inLanguage\":\"pt-BR\",\"@id\":\"https:\/\/deputadotaveirajr.com.br\/#\/schema\/logo\/image\/\",\"url\":\"https:\/\/deputadotaveirajr.com.br\/wp-content\/uploads\/2026\/01\/logolow2a.png\",\"contentUrl\":\"https:\/\/deputadotaveirajr.com.br\/wp-content\/uploads\/2026\/01\/logolow2a.png\",\"width\":290,\"height\":80,\"caption\":\"Taveira Jr\"},\"image\":{\"@id\":\"https:\/\/deputadotaveirajr.com.br\/#\/schema\/logo\/image\/\"}}]}<\/script>\n<!-- \/ Yoast SEO plugin. -->","yoast_head_json":{"title":"Governo anuncia reajuste de 4,8% nos sal\u00e1rios dos servidores estaduais do RN - Taveira Jr","robots":{"index":"index","follow":"follow","max-snippet":"max-snippet:-1","max-image-preview":"max-image-preview:large","max-video-preview":"max-video-preview:-1"},"canonical":"https:\/\/deputadotaveirajr.com.br\/index.php\/governo-anuncia-reajuste-de-48-nos-salarios-dos-servidores-estaduais-do-rn\/","og_locale":"pt_BR","og_type":"article","og_title":"Governo anuncia reajuste de 4,8% nos sal\u00e1rios dos servidores estaduais do RN - Taveira Jr","og_description":"Aumento salarial ser\u00e1 aplicado a v\u00e1rias categorias na folha salarial de abril, segundo a administra\u00e7\u00e3o estadual. Centro administrativo do Governo do Rio Grande do Norte em Natal RN Assecom\/Governo do ...","og_url":"https:\/\/deputadotaveirajr.com.br\/index.php\/governo-anuncia-reajuste-de-48-nos-salarios-dos-servidores-estaduais-do-rn\/","og_site_name":"Taveira Jr","og_image":[{"url":"https:\/\/s2-g1.glbimg.com\/O3_WfHPt0t8whx_nDcDE1ersiW0=\/i.s3.glbimg.com\/v1\/AUTH_59edd422c0c84a879bd37670ae4f538a\/internal_photos\/bs\/2021\/o\/H\/5g4oQMTwCSjjX7Abq0KA\/assecom-rn.jpg","type":"","width":"","height":""}],"twitter_card":"summary_large_image","twitter_misc":{"Est. tempo de leitura":"2 minutos"},"schema":{"@context":"https:\/\/schema.org","@graph":[{"@type":"WebPage","@id":"https:\/\/deputadotaveirajr.com.br\/index.php\/governo-anuncia-reajuste-de-48-nos-salarios-dos-servidores-estaduais-do-rn\/","url":"https:\/\/deputadotaveirajr.com.br\/index.php\/governo-anuncia-reajuste-de-48-nos-salarios-dos-servidores-estaduais-do-rn\/","name":"Governo anuncia reajuste de 4,8% nos sal\u00e1rios dos servidores estaduais do RN - Taveira Jr","isPartOf":{"@id":"https:\/\/deputadotaveirajr.com.br\/#website"},"primaryImageOfPage":{"@id":"https:\/\/deputadotaveirajr.com.br\/index.php\/governo-anuncia-reajuste-de-48-nos-salarios-dos-servidores-estaduais-do-rn\/#primaryimage"},"image":{"@id":"https:\/\/deputadotaveirajr.com.br\/index.php\/governo-anuncia-reajuste-de-48-nos-salarios-dos-servidores-estaduais-do-rn\/#primaryimage"},"thumbnailUrl":"https:\/\/deputadotaveirajr.com.br\/wp-content\/uploads\/2025\/04\/assecom-rn-TH7VGr.jpeg","datePublished":"2025-04-09T17:31:13+00:00","breadcrumb":{"@id":"https:\/\/deputadotaveirajr.com.br\/index.php\/governo-anuncia-reajuste-de-48-nos-salarios-dos-servidores-estaduais-do-rn\/#breadcrumb"},"inLanguage":"pt-BR","potentialAction":[{"@type":"ReadAction","target":["https:\/\/deputadotaveirajr.com.br\/index.php\/governo-anuncia-reajuste-de-48-nos-salarios-dos-servidores-estaduais-do-rn\/"]}]},{"@type":"ImageObject","inLanguage":"pt-BR","@id":"https:\/\/deputadotaveirajr.com.br\/index.php\/governo-anuncia-reajuste-de-48-nos-salarios-dos-servidores-estaduais-do-rn\/#primaryimage","url":"https:\/\/deputadotaveirajr.com.br\/wp-content\/uploads\/2025\/04\/assecom-rn-TH7VGr.jpeg","contentUrl":"https:\/\/deputadotaveirajr.com.br\/wp-content\/uploads\/2025\/04\/assecom-rn-TH7VGr.jpeg","width":1280,"height":960},{"@type":"BreadcrumbList","@id":"https:\/\/deputadotaveirajr.com.br\/index.php\/governo-anuncia-reajuste-de-48-nos-salarios-dos-servidores-estaduais-do-rn\/#breadcrumb","itemListElement":[{"@type":"ListItem","position":1,"name":"In\u00edcio","item":"https:\/\/deputadotaveirajr.com.br\/"},{"@type":"ListItem","position":2,"name":"Governo anuncia reajuste de 4,8% nos sal\u00e1rios dos servidores estaduais do RN"}]},{"@type":"WebSite","@id":"https:\/\/deputadotaveirajr.com.br\/#website","url":"https:\/\/deputadotaveirajr.com.br\/","name":"Taveira Jr","description":"Deputado Estadual","publisher":{"@id":"https:\/\/deputadotaveirajr.com.br\/#organization"},"potentialAction":[{"@type":"SearchAction","target":{"@type":"EntryPoint","urlTemplate":"https:\/\/deputadotaveirajr.com.br\/?s={search_term_string}"},"query-input":{"@type":"PropertyValueSpecification","valueRequired":true,"valueName":"search_term_string"}}],"inLanguage":"pt-BR"},{"@type":"Organization","@id":"https:\/\/deputadotaveirajr.com.br\/#organization","name":"Taveira Jr","url":"https:\/\/deputadotaveirajr.com.br\/","logo":{"@type":"ImageObject","inLanguage":"pt-BR","@id":"https:\/\/deputadotaveirajr.com.br\/#\/schema\/logo\/image\/","url":"https:\/\/deputadotaveirajr.com.br\/wp-content\/uploads\/2026\/01\/logolow2a.png","contentUrl":"https:\/\/deputadotaveirajr.com.br\/wp-content\/uploads\/2026\/01\/logolow2a.png","width":290,"height":80,"caption":"Taveira Jr"},"image":{"@id":"https:\/\/deputadotaveirajr.com.br\/#\/schema\/logo\/image\/"}}]}},"_links":{"self":[{"href":"https:\/\/deputadotaveirajr.com.br\/index.php\/wp-json\/wp\/v2\/pages\/12754","targetHints":{"allow":["GET"]}}],"collection":[{"href":"https:\/\/deputadotaveirajr.com.br\/index.php\/wp-json\/wp\/v2\/pages"}],"about":[{"href":"https:\/\/deputadotaveirajr.com.br\/index.php\/wp-json\/wp\/v2\/types\/page"}],"replies":[{"embeddable":true,"href":"https:\/\/deputadotaveirajr.com.br\/index.php\/wp-json\/wp\/v2\/comments?post=12754"}],"version-history":[{"count":0,"href":"https:\/\/deputadotaveirajr.com.br\/index.php\/wp-json\/wp\/v2\/pages\/12754\/revisions"}],"wp:featuredmedia":[{"embeddable":true,"href":"https:\/\/deputadotaveirajr.com.br\/index.php\/wp-json\/wp\/v2\/media\/12755"}],"wp:attachment":[{"href":"https:\/\/deputadotaveirajr.com.br\/index.php\/wp-json\/wp\/v2\/media?parent=12754"}],"curies":[{"name":"wp","href":"https:\/\/api.w.org\/{rel}","templated":true}]}}