{"id":12756,"date":"2025-04-09T12:55:25","date_gmt":"2025-04-09T15:55:25","guid":{"rendered":"https:\/\/deputadotaveirajr.com.br\/index.php\/motorista-flagrado-embriagado-e-transportando-crianca-sem-cadeirinha-e-preso-na-br-101-em-natal\/"},"modified":"2025-04-09T12:55:25","modified_gmt":"2025-04-09T15:55:25","slug":"motorista-flagrado-embriagado-e-transportando-crianca-sem-cadeirinha-e-preso-na-br-101-em-natal","status":"publish","type":"page","link":"https:\/\/deputadotaveirajr.com.br\/index.php\/motorista-flagrado-embriagado-e-transportando-crianca-sem-cadeirinha-e-preso-na-br-101-em-natal\/","title":{"rendered":"Motorista flagrado embriagado e transportando crian\u00e7a sem cadeirinha \u00e9 preso na BR-101 em Natal"},"content":{"rendered":"<p><img decoding=\"async\" src=\"https:\/\/s2-g1.glbimg.com\/1w-5L9c5bU52wlhlfKYjQehFl9c=\/i.s3.glbimg.com\/v1\/AUTH_59edd422c0c84a879bd37670ae4f538a\/internal_photos\/bs\/2025\/y\/p\/TAVIZVQAex7t0iG77gMg\/bafometro.jpg\" \/><br \/>     Ve\u00edculo tamb\u00e9m estava com licenciamento vencido e foi apreendido na manh\u00e3 desta quarta-feira (9), segundo a Pol\u00edcia Rodovi\u00e1ria Federal. Policial rodovi\u00e1rio mostra resultado de teste de baf\u00f4metro feito com motorista preso<br \/>\nUm homem de 42 anos foi preso em flagrante por dirigir um carro sob efeito de \u00e1lcool e levando uma crian\u00e7a no ve\u00edculo, sem cadeirinha, que \u00e9 um \u00edtem obrigat\u00f3rio de seguran\u00e7a.<br \/>\nO caso aconteceu na manh\u00e3 desta quarta-feira (9) em Natal, na BR-101 Norte. Segundo a Pol\u00edcia Rodovi\u00e1ria Federal, o ve\u00edculo tamb\u00e9m estava com o licenciamento vencido e foi apreendido.<br \/>\n\ud83d\udcf3Participe do canal do g1 RN no WhatsApp<br \/>\nSegundo a PRF, durante fiscaliza\u00e7\u00e3o de rotina, os agentes abordaram um autom\u00f3vel modelo Celta de cor branca.<br \/>\nO condutor foi submetido ao teste do baf\u00f4metro, que apontou o \u00edndice de 0,74 miligramas de \u00e1lcool por litro de ar alveolar, valor que configura crime de tr\u00e2nsito.<br \/>\n&#8220;Al\u00e9m da embriaguez, o homem transportava uma crian\u00e7a sem o uso da cadeirinha obrigat\u00f3ria, colocando em risco a seguran\u00e7a da crian\u00e7a, o ve\u00edculo apresentava o licenciamento anual vencido e foi recolhido ao p\u00e1tio da PRF&#8221;, informou a corpora\u00e7\u00e3o.<br \/>\nPolicial mostra resultado no baf\u00f4metro, ap\u00f3s teste com motorista embriagado em Natal.<br \/>\nPRF\/Divulga\u00e7\u00e3o<br \/>\nDiante das infra\u00e7\u00f5es constatadas, o motorista recebeu voz de pris\u00e3o e foi encaminhado \u00e0 Delegacia Pol\u00edcia Civil para os procedimentos cab\u00edveis.<br \/>\n&#8220;A PRF refor\u00e7a que dirigir sob efeito de \u00e1lcool \u00e9 uma conduta criminosa, que compromete vidas e a seguran\u00e7a nas rodovias. A fiscaliza\u00e7\u00e3o segue intensificada para coibir comportamentos de risco e promover um tr\u00e2nsito mais seguro para todos&#8221;, disse a PRF em nota.<br \/>\nVeja os v\u00eddeos mais assistidos no g1 RN<\/p>","protected":false},"excerpt":{"rendered":"<p>Ve\u00edculo tamb\u00e9m estava com licenciamento vencido e foi apreendido na manh\u00e3 desta quarta-feira (9), segundo a Pol\u00edcia Rodovi\u00e1ria Federal. Policial rodovi\u00e1rio mostra resultado de teste de baf\u00f4metro feito com motorista &#8230;<\/p>\n","protected":false},"author":0,"featured_media":12757,"parent":0,"menu_order":0,"comment_status":"closed","ping_status":"closed","template":"","meta":{"footnotes":""},"class_list":["post-12756","page","type-page","status-publish","has-post-thumbnail","hentry"],"yoast_head":"<!-- This site is optimized with the Yoast SEO plugin v27.1.1 - https:\/\/yoast.com\/product\/yoast-seo-wordpress\/ -->\n<title>Motorista flagrado embriagado e transportando crian\u00e7a sem cadeirinha \u00e9 preso na BR-101 em Natal - Taveira Jr<\/title>\n<meta name=\"robots\" content=\"index, follow, max-snippet:-1, max-image-preview:large, max-video-preview:-1\" \/>\n<link rel=\"canonical\" href=\"https:\/\/deputadotaveirajr.com.br\/index.php\/motorista-flagrado-embriagado-e-transportando-crianca-sem-cadeirinha-e-preso-na-br-101-em-natal\/\" \/>\n<meta property=\"og:locale\" content=\"pt_BR\" \/>\n<meta property=\"og:type\" content=\"article\" \/>\n<meta property=\"og:title\" content=\"Motorista flagrado embriagado e transportando crian\u00e7a sem cadeirinha \u00e9 preso na BR-101 em Natal - Taveira Jr\" \/>\n<meta property=\"og:description\" content=\"Ve\u00edculo tamb\u00e9m estava com licenciamento vencido e foi apreendido na manh\u00e3 desta quarta-feira (9), segundo a Pol\u00edcia Rodovi\u00e1ria Federal. Policial rodovi\u00e1rio mostra resultado de teste de baf\u00f4metro feito com motorista ...\" \/>\n<meta property=\"og:url\" content=\"https:\/\/deputadotaveirajr.com.br\/index.php\/motorista-flagrado-embriagado-e-transportando-crianca-sem-cadeirinha-e-preso-na-br-101-em-natal\/\" \/>\n<meta property=\"og:site_name\" content=\"Taveira Jr\" \/>\n<meta property=\"og:image\" content=\"https:\/\/s2-g1.glbimg.com\/1w-5L9c5bU52wlhlfKYjQehFl9c=\/i.s3.glbimg.com\/v1\/AUTH_59edd422c0c84a879bd37670ae4f538a\/internal_photos\/bs\/2025\/y\/p\/TAVIZVQAex7t0iG77gMg\/bafometro.jpg\" \/>\n<meta name=\"twitter:card\" content=\"summary_large_image\" \/>\n<meta name=\"twitter:label1\" content=\"Est. tempo de leitura\" \/>\n\t<meta name=\"twitter:data1\" content=\"2 minutos\" \/>\n<script type=\"application\/ld+json\" class=\"yoast-schema-graph\">{\"@context\":\"https:\/\/schema.org\",\"@graph\":[{\"@type\":\"WebPage\",\"@id\":\"https:\/\/deputadotaveirajr.com.br\/index.php\/motorista-flagrado-embriagado-e-transportando-crianca-sem-cadeirinha-e-preso-na-br-101-em-natal\/\",\"url\":\"https:\/\/deputadotaveirajr.com.br\/index.php\/motorista-flagrado-embriagado-e-transportando-crianca-sem-cadeirinha-e-preso-na-br-101-em-natal\/\",\"name\":\"Motorista flagrado embriagado e transportando crian\u00e7a sem cadeirinha \u00e9 preso na BR-101 em Natal - Taveira Jr\",\"isPartOf\":{\"@id\":\"https:\/\/deputadotaveirajr.com.br\/#website\"},\"primaryImageOfPage\":{\"@id\":\"https:\/\/deputadotaveirajr.com.br\/index.php\/motorista-flagrado-embriagado-e-transportando-crianca-sem-cadeirinha-e-preso-na-br-101-em-natal\/#primaryimage\"},\"image\":{\"@id\":\"https:\/\/deputadotaveirajr.com.br\/index.php\/motorista-flagrado-embriagado-e-transportando-crianca-sem-cadeirinha-e-preso-na-br-101-em-natal\/#primaryimage\"},\"thumbnailUrl\":\"https:\/\/deputadotaveirajr.com.br\/wp-content\/uploads\/2025\/04\/bafometro-KKwtQa.jpeg\",\"datePublished\":\"2025-04-09T15:55:25+00:00\",\"breadcrumb\":{\"@id\":\"https:\/\/deputadotaveirajr.com.br\/index.php\/motorista-flagrado-embriagado-e-transportando-crianca-sem-cadeirinha-e-preso-na-br-101-em-natal\/#breadcrumb\"},\"inLanguage\":\"pt-BR\",\"potentialAction\":[{\"@type\":\"ReadAction\",\"target\":[\"https:\/\/deputadotaveirajr.com.br\/index.php\/motorista-flagrado-embriagado-e-transportando-crianca-sem-cadeirinha-e-preso-na-br-101-em-natal\/\"]}]},{\"@type\":\"ImageObject\",\"inLanguage\":\"pt-BR\",\"@id\":\"https:\/\/deputadotaveirajr.com.br\/index.php\/motorista-flagrado-embriagado-e-transportando-crianca-sem-cadeirinha-e-preso-na-br-101-em-natal\/#primaryimage\",\"url\":\"https:\/\/deputadotaveirajr.com.br\/wp-content\/uploads\/2025\/04\/bafometro-KKwtQa.jpeg\",\"contentUrl\":\"https:\/\/deputadotaveirajr.com.br\/wp-content\/uploads\/2025\/04\/bafometro-KKwtQa.jpeg\",\"width\":1200,\"height\":842},{\"@type\":\"BreadcrumbList\",\"@id\":\"https:\/\/deputadotaveirajr.com.br\/index.php\/motorista-flagrado-embriagado-e-transportando-crianca-sem-cadeirinha-e-preso-na-br-101-em-natal\/#breadcrumb\",\"itemListElement\":[{\"@type\":\"ListItem\",\"position\":1,\"name\":\"In\u00edcio\",\"item\":\"https:\/\/deputadotaveirajr.com.br\/\"},{\"@type\":\"ListItem\",\"position\":2,\"name\":\"Motorista flagrado embriagado e transportando crian\u00e7a sem cadeirinha \u00e9 preso na BR-101 em Natal\"}]},{\"@type\":\"WebSite\",\"@id\":\"https:\/\/deputadotaveirajr.com.br\/#website\",\"url\":\"https:\/\/deputadotaveirajr.com.br\/\",\"name\":\"Taveira Jr\",\"description\":\"Deputado Estadual\",\"publisher\":{\"@id\":\"https:\/\/deputadotaveirajr.com.br\/#organization\"},\"potentialAction\":[{\"@type\":\"SearchAction\",\"target\":{\"@type\":\"EntryPoint\",\"urlTemplate\":\"https:\/\/deputadotaveirajr.com.br\/?s={search_term_string}\"},\"query-input\":{\"@type\":\"PropertyValueSpecification\",\"valueRequired\":true,\"valueName\":\"search_term_string\"}}],\"inLanguage\":\"pt-BR\"},{\"@type\":\"Organization\",\"@id\":\"https:\/\/deputadotaveirajr.com.br\/#organization\",\"name\":\"Taveira Jr\",\"url\":\"https:\/\/deputadotaveirajr.com.br\/\",\"logo\":{\"@type\":\"ImageObject\",\"inLanguage\":\"pt-BR\",\"@id\":\"https:\/\/deputadotaveirajr.com.br\/#\/schema\/logo\/image\/\",\"url\":\"https:\/\/deputadotaveirajr.com.br\/wp-content\/uploads\/2026\/01\/logolow2a.png\",\"contentUrl\":\"https:\/\/deputadotaveirajr.com.br\/wp-content\/uploads\/2026\/01\/logolow2a.png\",\"width\":290,\"height\":80,\"caption\":\"Taveira Jr\"},\"image\":{\"@id\":\"https:\/\/deputadotaveirajr.com.br\/#\/schema\/logo\/image\/\"}}]}<\/script>\n<!-- \/ Yoast SEO plugin. -->","yoast_head_json":{"title":"Motorista flagrado embriagado e transportando crian\u00e7a sem cadeirinha \u00e9 preso na BR-101 em Natal - Taveira Jr","robots":{"index":"index","follow":"follow","max-snippet":"max-snippet:-1","max-image-preview":"max-image-preview:large","max-video-preview":"max-video-preview:-1"},"canonical":"https:\/\/deputadotaveirajr.com.br\/index.php\/motorista-flagrado-embriagado-e-transportando-crianca-sem-cadeirinha-e-preso-na-br-101-em-natal\/","og_locale":"pt_BR","og_type":"article","og_title":"Motorista flagrado embriagado e transportando crian\u00e7a sem cadeirinha \u00e9 preso na BR-101 em Natal - Taveira Jr","og_description":"Ve\u00edculo tamb\u00e9m estava com licenciamento vencido e foi apreendido na manh\u00e3 desta quarta-feira (9), segundo a Pol\u00edcia Rodovi\u00e1ria Federal. Policial rodovi\u00e1rio mostra resultado de teste de baf\u00f4metro feito com motorista ...","og_url":"https:\/\/deputadotaveirajr.com.br\/index.php\/motorista-flagrado-embriagado-e-transportando-crianca-sem-cadeirinha-e-preso-na-br-101-em-natal\/","og_site_name":"Taveira Jr","og_image":[{"url":"https:\/\/s2-g1.glbimg.com\/1w-5L9c5bU52wlhlfKYjQehFl9c=\/i.s3.glbimg.com\/v1\/AUTH_59edd422c0c84a879bd37670ae4f538a\/internal_photos\/bs\/2025\/y\/p\/TAVIZVQAex7t0iG77gMg\/bafometro.jpg","type":"","width":"","height":""}],"twitter_card":"summary_large_image","twitter_misc":{"Est. tempo de leitura":"2 minutos"},"schema":{"@context":"https:\/\/schema.org","@graph":[{"@type":"WebPage","@id":"https:\/\/deputadotaveirajr.com.br\/index.php\/motorista-flagrado-embriagado-e-transportando-crianca-sem-cadeirinha-e-preso-na-br-101-em-natal\/","url":"https:\/\/deputadotaveirajr.com.br\/index.php\/motorista-flagrado-embriagado-e-transportando-crianca-sem-cadeirinha-e-preso-na-br-101-em-natal\/","name":"Motorista flagrado embriagado e transportando crian\u00e7a sem cadeirinha \u00e9 preso na BR-101 em Natal - Taveira Jr","isPartOf":{"@id":"https:\/\/deputadotaveirajr.com.br\/#website"},"primaryImageOfPage":{"@id":"https:\/\/deputadotaveirajr.com.br\/index.php\/motorista-flagrado-embriagado-e-transportando-crianca-sem-cadeirinha-e-preso-na-br-101-em-natal\/#primaryimage"},"image":{"@id":"https:\/\/deputadotaveirajr.com.br\/index.php\/motorista-flagrado-embriagado-e-transportando-crianca-sem-cadeirinha-e-preso-na-br-101-em-natal\/#primaryimage"},"thumbnailUrl":"https:\/\/deputadotaveirajr.com.br\/wp-content\/uploads\/2025\/04\/bafometro-KKwtQa.jpeg","datePublished":"2025-04-09T15:55:25+00:00","breadcrumb":{"@id":"https:\/\/deputadotaveirajr.com.br\/index.php\/motorista-flagrado-embriagado-e-transportando-crianca-sem-cadeirinha-e-preso-na-br-101-em-natal\/#breadcrumb"},"inLanguage":"pt-BR","potentialAction":[{"@type":"ReadAction","target":["https:\/\/deputadotaveirajr.com.br\/index.php\/motorista-flagrado-embriagado-e-transportando-crianca-sem-cadeirinha-e-preso-na-br-101-em-natal\/"]}]},{"@type":"ImageObject","inLanguage":"pt-BR","@id":"https:\/\/deputadotaveirajr.com.br\/index.php\/motorista-flagrado-embriagado-e-transportando-crianca-sem-cadeirinha-e-preso-na-br-101-em-natal\/#primaryimage","url":"https:\/\/deputadotaveirajr.com.br\/wp-content\/uploads\/2025\/04\/bafometro-KKwtQa.jpeg","contentUrl":"https:\/\/deputadotaveirajr.com.br\/wp-content\/uploads\/2025\/04\/bafometro-KKwtQa.jpeg","width":1200,"height":842},{"@type":"BreadcrumbList","@id":"https:\/\/deputadotaveirajr.com.br\/index.php\/motorista-flagrado-embriagado-e-transportando-crianca-sem-cadeirinha-e-preso-na-br-101-em-natal\/#breadcrumb","itemListElement":[{"@type":"ListItem","position":1,"name":"In\u00edcio","item":"https:\/\/deputadotaveirajr.com.br\/"},{"@type":"ListItem","position":2,"name":"Motorista flagrado embriagado e transportando crian\u00e7a sem cadeirinha \u00e9 preso na BR-101 em Natal"}]},{"@type":"WebSite","@id":"https:\/\/deputadotaveirajr.com.br\/#website","url":"https:\/\/deputadotaveirajr.com.br\/","name":"Taveira Jr","description":"Deputado Estadual","publisher":{"@id":"https:\/\/deputadotaveirajr.com.br\/#organization"},"potentialAction":[{"@type":"SearchAction","target":{"@type":"EntryPoint","urlTemplate":"https:\/\/deputadotaveirajr.com.br\/?s={search_term_string}"},"query-input":{"@type":"PropertyValueSpecification","valueRequired":true,"valueName":"search_term_string"}}],"inLanguage":"pt-BR"},{"@type":"Organization","@id":"https:\/\/deputadotaveirajr.com.br\/#organization","name":"Taveira Jr","url":"https:\/\/deputadotaveirajr.com.br\/","logo":{"@type":"ImageObject","inLanguage":"pt-BR","@id":"https:\/\/deputadotaveirajr.com.br\/#\/schema\/logo\/image\/","url":"https:\/\/deputadotaveirajr.com.br\/wp-content\/uploads\/2026\/01\/logolow2a.png","contentUrl":"https:\/\/deputadotaveirajr.com.br\/wp-content\/uploads\/2026\/01\/logolow2a.png","width":290,"height":80,"caption":"Taveira Jr"},"image":{"@id":"https:\/\/deputadotaveirajr.com.br\/#\/schema\/logo\/image\/"}}]}},"_links":{"self":[{"href":"https:\/\/deputadotaveirajr.com.br\/index.php\/wp-json\/wp\/v2\/pages\/12756","targetHints":{"allow":["GET"]}}],"collection":[{"href":"https:\/\/deputadotaveirajr.com.br\/index.php\/wp-json\/wp\/v2\/pages"}],"about":[{"href":"https:\/\/deputadotaveirajr.com.br\/index.php\/wp-json\/wp\/v2\/types\/page"}],"replies":[{"embeddable":true,"href":"https:\/\/deputadotaveirajr.com.br\/index.php\/wp-json\/wp\/v2\/comments?post=12756"}],"version-history":[{"count":0,"href":"https:\/\/deputadotaveirajr.com.br\/index.php\/wp-json\/wp\/v2\/pages\/12756\/revisions"}],"wp:featuredmedia":[{"embeddable":true,"href":"https:\/\/deputadotaveirajr.com.br\/index.php\/wp-json\/wp\/v2\/media\/12757"}],"wp:attachment":[{"href":"https:\/\/deputadotaveirajr.com.br\/index.php\/wp-json\/wp\/v2\/media?parent=12756"}],"curies":[{"name":"wp","href":"https:\/\/api.w.org\/{rel}","templated":true}]}}