{"id":12762,"date":"2025-04-09T17:07:31","date_gmt":"2025-04-09T20:07:31","guid":{"rendered":"https:\/\/deputadotaveirajr.com.br\/index.php\/massacre-de-alcacuz-justica-inicia-audiencias-para-definir-se-acusados-de-matar-presos-vao-a-juri-popular\/"},"modified":"2025-04-09T17:07:31","modified_gmt":"2025-04-09T20:07:31","slug":"massacre-de-alcacuz-justica-inicia-audiencias-para-definir-se-acusados-de-matar-presos-vao-a-juri-popular","status":"publish","type":"page","link":"https:\/\/deputadotaveirajr.com.br\/index.php\/massacre-de-alcacuz-justica-inicia-audiencias-para-definir-se-acusados-de-matar-presos-vao-a-juri-popular\/","title":{"rendered":"Massacre de Alca\u00e7uz: Justi\u00e7a inicia audi\u00eancias para definir se acusados de matar presos v\u00e3o a j\u00fari popular"},"content":{"rendered":"<p><img decoding=\"async\" src=\"https:\/\/s2-g1.glbimg.com\/iSnUmGihFZPOsT5cOqRYIohs2CI=\/i.s3.glbimg.com\/v1\/AUTH_59edd422c0c84a879bd37670ae4f538a\/internal_photos\/bs\/2017\/A\/y\/GY6jyCRAOM5CNB8h398g\/alcacuz-rn.jpg\" \/><br \/>     Audi\u00eancias de instru\u00e7\u00e3o, que come\u00e7aram na ter\u00e7a-feira (8), acontecem em segredo de justi\u00e7a. Rebeli\u00e3o de 2017 foi a mais sangrenta da hist\u00f3ria do estado e deixou 26 mortos. Justic\u0327a ouve depoimentos sobre rebelia\u0303o de Alcac\u0327uz, que ocorreu em 2017<br \/>\nA Justi\u00e7a do Rio Grande do Norte iniciou nesta semana as audi\u00eancias de instru\u00e7\u00e3o para definir se os 15 acusados pela morte de 26 presos durante a rebeli\u00e3o no Complexo Penitenci\u00e1rio de Alca\u00e7uz de janeiro de 2017 v\u00e3o a j\u00fari popular.<br \/>\nA rebeli\u00e3o foi considerada a mais violenta da hist\u00f3ria do Rio Grande do Norte, tendo ficado conhecida como Massacre de Alca\u00e7uz.<br \/>\n\ud83d\udcf3Participe do canal do g1 RN no WhatsApp<br \/>\nPresos foram mortos, outros desapareceram e parte do pres\u00eddio foi destru\u00eddo. A rebeli\u00e3o ocorreu por conta de um confronto entre fac\u00e7\u00f5es criminosas rivais (veja detalhes mais abaixo).<br \/>\nO processo tramita em segredo de justi\u00e7a, segundo informou o Tribunal de Justi\u00e7a do RN, o que limita a divulga\u00e7\u00e3o de detalhes sobre os depoimentos e movimenta\u00e7\u00f5es do processo.<br \/>\nNesta etapa de audi\u00eancia de instru\u00e7\u00e3o, testemunhas s\u00e3o touvidas e, posteriormente, os acusados passam a ser interrogados. As audi\u00eancias tiveram in\u00edcio na ter\u00e7a-feira (8) e seguem at\u00e9 a sexta-feira (10).<br \/>\nAs audi\u00eancias de instru\u00e7\u00e3o est\u00e3o sendo realizadas de forma virtual e coordenadas pela Unidade Judici\u00e1ria de Delitos de Organiza\u00e7\u00f5es Criminosas da Comarca de Natal (Ujudocrim), no Tribunal de Justi\u00e7a.<br \/>\nPresidi\u00e1rios se re\u00fanem no telhado durante rebeli\u00e3o no Centro Penitenci\u00e1rio de Alca\u00e7uz, perto de Natal (RN), para evitar confronto com fac\u00e7\u00f5es. No  fim de semana, 26 detentos do pres\u00eddio morreram em uma rebeli\u00e3o que durou mais de 14 horas<br \/>\nAndressa Anholete\/AFP<br \/>\nAcusa\u00e7\u00e3o e defesa<br \/>\nO Minist\u00e9rio P\u00fablico do RN (MPRN) convocou 35 testemunhas de acusa\u00e7\u00e3o, enquanto a defesa arrolou uma testemunha.<br \/>\nAp\u00f3s a conclus\u00e3o da fase de instru\u00e7\u00e3o, ser\u00e1 aberto prazo para a apresenta\u00e7\u00e3o das alega\u00e7\u00f5es finais tanto da acusa\u00e7\u00e3o quanto da defesa.<br \/>\nEm seguida, o processo segue para a decis\u00e3o do juiz sobre a exist\u00eancia ou n\u00e3o de ind\u00edcios de culpa dos r\u00e9us. Caso sejam identificados ind\u00edcios, o processo \u00e9 remetido para julgamento pelo Tribunal do J\u00fari.<br \/>\nCoronel Azevedo dep\u00f5e como testemunha<br \/>\nO deputado estadual Coronel Azevedo (PL), que na \u00e9poca da rebeli\u00e3o era o comandante-geral da Pol\u00edcia Militar do RN, foi um dos primeiros a depor na audi\u00eancia de instru\u00e7\u00e3o, na ter\u00e7a (8).<br \/>\nSegundo a assessoria do deputado, ele prestou depoimento na condi\u00e7\u00e3o de testemunha. Por orienta\u00e7\u00e3o jur\u00eddica, o deputado informou que n\u00e3o concederia entrevistas devido ao sigilo judicial do processo.<br \/>\nO ent\u00e3o comandante da PM esteve presente em Alca\u00e7uz durante a rebeli\u00e3o, participando das negocia\u00e7\u00f5es.<br \/>\nA expectativa \u00e9 que o processo judicial possa tamb\u00e9m apontar se as defici\u00eancias na seguran\u00e7a do pres\u00eddio contribu\u00edram para o massacre.<br \/>\nO governo do Estado pode ser responsabilizado por eventuais falhas estruturais no sistema prisional que, na \u00e9poca, teriam facilitado a entrada de armas artesanais, celulares e at\u00e9 coletes \u00e0 prova de balas no interior do complexo.<br \/>\nCoronel Azevedo, deputado estadual do RN<br \/>\nALRN\/Divulga\u00e7\u00e3o<br \/>\nMassacre de Alca\u00e7uz<br \/>\nO massacre de 2017 na Penitenci\u00e1ria Estadual de Alca\u00e7uz foi o epis\u00f3dio mais sangrento do sistema prisional potiguar, terminando, oficialmente, com 26 presos mortos. Familiares e sobreviventes alegam que o n\u00famero de v\u00edtimas pode ser ainda maior.<br \/>\nA rebeli\u00e3o come\u00e7ou no dia 14 de janeiro daquele ano e envolveu uma disputa de dois grupos criminosos rivais.<br \/>\nOs corpos encontrados estavam em condi\u00e7\u00f5es de extrema brutalidade. Com capacidade naquela \u00e9poca para 620 internos, Alca\u00e7uz tinha 1,2 mil presos no dia da matan\u00e7a.<br \/>\nAntes de acontecer o massacre, os pavilh\u00f5es 1, 2, 3 e 4 pertenciam \u00e0 Alca\u00e7uz. J\u00e1 o pavilh\u00e3o 5, antes dominado por presos do Primeiro Comando da Capital, fazia parte do Pres\u00eddio Rog\u00e9rio Coutinho Madruga, que \u00e9 um anexo de Alca\u00e7uz. Na \u00e9poca, apenas uma cerca de arame farpado separava as duas unidades.<br \/>\nArmados, presos do PCC sa\u00edram do pavilh\u00e3o 5 e invadiram o pavilh\u00e3o 4, onde estavam parte dos presos do Sindicato do Crime do RN, fac\u00e7\u00e3o rival que nasceu de membros desgarrados do pr\u00f3prio PCC.<br \/>\nPelo menos tr\u00eas pavilh\u00f5es do complexo penitenci\u00e1rio foram destru\u00eddos durante a a\u00e7\u00e3o.<br \/>\nV\u00eddeos mais assistidos do g1 RN<\/p>","protected":false},"excerpt":{"rendered":"<p>Audi\u00eancias de instru\u00e7\u00e3o, que come\u00e7aram na ter\u00e7a-feira (8), acontecem em segredo de justi\u00e7a. Rebeli\u00e3o de 2017 foi a mais sangrenta da hist\u00f3ria do estado e deixou 26 mortos. Justic\u0327a ouve &#8230;<\/p>\n","protected":false},"author":0,"featured_media":12763,"parent":0,"menu_order":0,"comment_status":"closed","ping_status":"closed","template":"","meta":{"footnotes":""},"class_list":["post-12762","page","type-page","status-publish","has-post-thumbnail","hentry"],"yoast_head":"<!-- This site is optimized with the Yoast SEO plugin v27.1.1 - https:\/\/yoast.com\/product\/yoast-seo-wordpress\/ -->\n<title>Massacre de Alca\u00e7uz: Justi\u00e7a inicia audi\u00eancias para definir se acusados de matar presos v\u00e3o a j\u00fari popular - Taveira Jr<\/title>\n<meta name=\"robots\" content=\"index, follow, max-snippet:-1, max-image-preview:large, max-video-preview:-1\" \/>\n<link rel=\"canonical\" href=\"https:\/\/deputadotaveirajr.com.br\/index.php\/massacre-de-alcacuz-justica-inicia-audiencias-para-definir-se-acusados-de-matar-presos-vao-a-juri-popular\/\" \/>\n<meta property=\"og:locale\" content=\"pt_BR\" \/>\n<meta property=\"og:type\" content=\"article\" \/>\n<meta property=\"og:title\" content=\"Massacre de Alca\u00e7uz: Justi\u00e7a inicia audi\u00eancias para definir se acusados de matar presos v\u00e3o a j\u00fari popular - Taveira Jr\" \/>\n<meta property=\"og:description\" content=\"Audi\u00eancias de instru\u00e7\u00e3o, que come\u00e7aram na ter\u00e7a-feira (8), acontecem em segredo de justi\u00e7a. Rebeli\u00e3o de 2017 foi a mais sangrenta da hist\u00f3ria do estado e deixou 26 mortos. Justic\u0327a ouve ...\" \/>\n<meta property=\"og:url\" content=\"https:\/\/deputadotaveirajr.com.br\/index.php\/massacre-de-alcacuz-justica-inicia-audiencias-para-definir-se-acusados-de-matar-presos-vao-a-juri-popular\/\" \/>\n<meta property=\"og:site_name\" content=\"Taveira Jr\" \/>\n<meta property=\"og:image\" content=\"https:\/\/s2-g1.glbimg.com\/iSnUmGihFZPOsT5cOqRYIohs2CI=\/i.s3.glbimg.com\/v1\/AUTH_59edd422c0c84a879bd37670ae4f538a\/internal_photos\/bs\/2017\/A\/y\/GY6jyCRAOM5CNB8h398g\/alcacuz-rn.jpg\" \/>\n<meta name=\"twitter:card\" content=\"summary_large_image\" \/>\n<meta name=\"twitter:label1\" content=\"Est. tempo de leitura\" \/>\n\t<meta name=\"twitter:data1\" content=\"4 minutos\" \/>\n<script type=\"application\/ld+json\" class=\"yoast-schema-graph\">{\"@context\":\"https:\/\/schema.org\",\"@graph\":[{\"@type\":\"WebPage\",\"@id\":\"https:\/\/deputadotaveirajr.com.br\/index.php\/massacre-de-alcacuz-justica-inicia-audiencias-para-definir-se-acusados-de-matar-presos-vao-a-juri-popular\/\",\"url\":\"https:\/\/deputadotaveirajr.com.br\/index.php\/massacre-de-alcacuz-justica-inicia-audiencias-para-definir-se-acusados-de-matar-presos-vao-a-juri-popular\/\",\"name\":\"Massacre de Alca\u00e7uz: Justi\u00e7a inicia audi\u00eancias para definir se acusados de matar presos v\u00e3o a j\u00fari popular - Taveira Jr\",\"isPartOf\":{\"@id\":\"https:\/\/deputadotaveirajr.com.br\/#website\"},\"primaryImageOfPage\":{\"@id\":\"https:\/\/deputadotaveirajr.com.br\/index.php\/massacre-de-alcacuz-justica-inicia-audiencias-para-definir-se-acusados-de-matar-presos-vao-a-juri-popular\/#primaryimage\"},\"image\":{\"@id\":\"https:\/\/deputadotaveirajr.com.br\/index.php\/massacre-de-alcacuz-justica-inicia-audiencias-para-definir-se-acusados-de-matar-presos-vao-a-juri-popular\/#primaryimage\"},\"thumbnailUrl\":\"https:\/\/deputadotaveirajr.com.br\/wp-content\/uploads\/2025\/04\/alcacuz-rn-HJEyFM.jpeg\",\"datePublished\":\"2025-04-09T20:07:31+00:00\",\"breadcrumb\":{\"@id\":\"https:\/\/deputadotaveirajr.com.br\/index.php\/massacre-de-alcacuz-justica-inicia-audiencias-para-definir-se-acusados-de-matar-presos-vao-a-juri-popular\/#breadcrumb\"},\"inLanguage\":\"pt-BR\",\"potentialAction\":[{\"@type\":\"ReadAction\",\"target\":[\"https:\/\/deputadotaveirajr.com.br\/index.php\/massacre-de-alcacuz-justica-inicia-audiencias-para-definir-se-acusados-de-matar-presos-vao-a-juri-popular\/\"]}]},{\"@type\":\"ImageObject\",\"inLanguage\":\"pt-BR\",\"@id\":\"https:\/\/deputadotaveirajr.com.br\/index.php\/massacre-de-alcacuz-justica-inicia-audiencias-para-definir-se-acusados-de-matar-presos-vao-a-juri-popular\/#primaryimage\",\"url\":\"https:\/\/deputadotaveirajr.com.br\/wp-content\/uploads\/2025\/04\/alcacuz-rn-HJEyFM.jpeg\",\"contentUrl\":\"https:\/\/deputadotaveirajr.com.br\/wp-content\/uploads\/2025\/04\/alcacuz-rn-HJEyFM.jpeg\",\"width\":1700,\"height\":1131},{\"@type\":\"BreadcrumbList\",\"@id\":\"https:\/\/deputadotaveirajr.com.br\/index.php\/massacre-de-alcacuz-justica-inicia-audiencias-para-definir-se-acusados-de-matar-presos-vao-a-juri-popular\/#breadcrumb\",\"itemListElement\":[{\"@type\":\"ListItem\",\"position\":1,\"name\":\"In\u00edcio\",\"item\":\"https:\/\/deputadotaveirajr.com.br\/\"},{\"@type\":\"ListItem\",\"position\":2,\"name\":\"Massacre de Alca\u00e7uz: Justi\u00e7a inicia audi\u00eancias para definir se acusados de matar presos v\u00e3o a j\u00fari popular\"}]},{\"@type\":\"WebSite\",\"@id\":\"https:\/\/deputadotaveirajr.com.br\/#website\",\"url\":\"https:\/\/deputadotaveirajr.com.br\/\",\"name\":\"Taveira Jr\",\"description\":\"Deputado Estadual\",\"publisher\":{\"@id\":\"https:\/\/deputadotaveirajr.com.br\/#organization\"},\"potentialAction\":[{\"@type\":\"SearchAction\",\"target\":{\"@type\":\"EntryPoint\",\"urlTemplate\":\"https:\/\/deputadotaveirajr.com.br\/?s={search_term_string}\"},\"query-input\":{\"@type\":\"PropertyValueSpecification\",\"valueRequired\":true,\"valueName\":\"search_term_string\"}}],\"inLanguage\":\"pt-BR\"},{\"@type\":\"Organization\",\"@id\":\"https:\/\/deputadotaveirajr.com.br\/#organization\",\"name\":\"Taveira Jr\",\"url\":\"https:\/\/deputadotaveirajr.com.br\/\",\"logo\":{\"@type\":\"ImageObject\",\"inLanguage\":\"pt-BR\",\"@id\":\"https:\/\/deputadotaveirajr.com.br\/#\/schema\/logo\/image\/\",\"url\":\"https:\/\/deputadotaveirajr.com.br\/wp-content\/uploads\/2026\/01\/logolow2a.png\",\"contentUrl\":\"https:\/\/deputadotaveirajr.com.br\/wp-content\/uploads\/2026\/01\/logolow2a.png\",\"width\":290,\"height\":80,\"caption\":\"Taveira Jr\"},\"image\":{\"@id\":\"https:\/\/deputadotaveirajr.com.br\/#\/schema\/logo\/image\/\"}}]}<\/script>\n<!-- \/ Yoast SEO plugin. -->","yoast_head_json":{"title":"Massacre de Alca\u00e7uz: Justi\u00e7a inicia audi\u00eancias para definir se acusados de matar presos v\u00e3o a j\u00fari popular - Taveira Jr","robots":{"index":"index","follow":"follow","max-snippet":"max-snippet:-1","max-image-preview":"max-image-preview:large","max-video-preview":"max-video-preview:-1"},"canonical":"https:\/\/deputadotaveirajr.com.br\/index.php\/massacre-de-alcacuz-justica-inicia-audiencias-para-definir-se-acusados-de-matar-presos-vao-a-juri-popular\/","og_locale":"pt_BR","og_type":"article","og_title":"Massacre de Alca\u00e7uz: Justi\u00e7a inicia audi\u00eancias para definir se acusados de matar presos v\u00e3o a j\u00fari popular - Taveira Jr","og_description":"Audi\u00eancias de instru\u00e7\u00e3o, que come\u00e7aram na ter\u00e7a-feira (8), acontecem em segredo de justi\u00e7a. Rebeli\u00e3o de 2017 foi a mais sangrenta da hist\u00f3ria do estado e deixou 26 mortos. Justic\u0327a ouve ...","og_url":"https:\/\/deputadotaveirajr.com.br\/index.php\/massacre-de-alcacuz-justica-inicia-audiencias-para-definir-se-acusados-de-matar-presos-vao-a-juri-popular\/","og_site_name":"Taveira Jr","og_image":[{"url":"https:\/\/s2-g1.glbimg.com\/iSnUmGihFZPOsT5cOqRYIohs2CI=\/i.s3.glbimg.com\/v1\/AUTH_59edd422c0c84a879bd37670ae4f538a\/internal_photos\/bs\/2017\/A\/y\/GY6jyCRAOM5CNB8h398g\/alcacuz-rn.jpg","type":"","width":"","height":""}],"twitter_card":"summary_large_image","twitter_misc":{"Est. tempo de leitura":"4 minutos"},"schema":{"@context":"https:\/\/schema.org","@graph":[{"@type":"WebPage","@id":"https:\/\/deputadotaveirajr.com.br\/index.php\/massacre-de-alcacuz-justica-inicia-audiencias-para-definir-se-acusados-de-matar-presos-vao-a-juri-popular\/","url":"https:\/\/deputadotaveirajr.com.br\/index.php\/massacre-de-alcacuz-justica-inicia-audiencias-para-definir-se-acusados-de-matar-presos-vao-a-juri-popular\/","name":"Massacre de Alca\u00e7uz: Justi\u00e7a inicia audi\u00eancias para definir se acusados de matar presos v\u00e3o a j\u00fari popular - Taveira Jr","isPartOf":{"@id":"https:\/\/deputadotaveirajr.com.br\/#website"},"primaryImageOfPage":{"@id":"https:\/\/deputadotaveirajr.com.br\/index.php\/massacre-de-alcacuz-justica-inicia-audiencias-para-definir-se-acusados-de-matar-presos-vao-a-juri-popular\/#primaryimage"},"image":{"@id":"https:\/\/deputadotaveirajr.com.br\/index.php\/massacre-de-alcacuz-justica-inicia-audiencias-para-definir-se-acusados-de-matar-presos-vao-a-juri-popular\/#primaryimage"},"thumbnailUrl":"https:\/\/deputadotaveirajr.com.br\/wp-content\/uploads\/2025\/04\/alcacuz-rn-HJEyFM.jpeg","datePublished":"2025-04-09T20:07:31+00:00","breadcrumb":{"@id":"https:\/\/deputadotaveirajr.com.br\/index.php\/massacre-de-alcacuz-justica-inicia-audiencias-para-definir-se-acusados-de-matar-presos-vao-a-juri-popular\/#breadcrumb"},"inLanguage":"pt-BR","potentialAction":[{"@type":"ReadAction","target":["https:\/\/deputadotaveirajr.com.br\/index.php\/massacre-de-alcacuz-justica-inicia-audiencias-para-definir-se-acusados-de-matar-presos-vao-a-juri-popular\/"]}]},{"@type":"ImageObject","inLanguage":"pt-BR","@id":"https:\/\/deputadotaveirajr.com.br\/index.php\/massacre-de-alcacuz-justica-inicia-audiencias-para-definir-se-acusados-de-matar-presos-vao-a-juri-popular\/#primaryimage","url":"https:\/\/deputadotaveirajr.com.br\/wp-content\/uploads\/2025\/04\/alcacuz-rn-HJEyFM.jpeg","contentUrl":"https:\/\/deputadotaveirajr.com.br\/wp-content\/uploads\/2025\/04\/alcacuz-rn-HJEyFM.jpeg","width":1700,"height":1131},{"@type":"BreadcrumbList","@id":"https:\/\/deputadotaveirajr.com.br\/index.php\/massacre-de-alcacuz-justica-inicia-audiencias-para-definir-se-acusados-de-matar-presos-vao-a-juri-popular\/#breadcrumb","itemListElement":[{"@type":"ListItem","position":1,"name":"In\u00edcio","item":"https:\/\/deputadotaveirajr.com.br\/"},{"@type":"ListItem","position":2,"name":"Massacre de Alca\u00e7uz: Justi\u00e7a inicia audi\u00eancias para definir se acusados de matar presos v\u00e3o a j\u00fari popular"}]},{"@type":"WebSite","@id":"https:\/\/deputadotaveirajr.com.br\/#website","url":"https:\/\/deputadotaveirajr.com.br\/","name":"Taveira Jr","description":"Deputado Estadual","publisher":{"@id":"https:\/\/deputadotaveirajr.com.br\/#organization"},"potentialAction":[{"@type":"SearchAction","target":{"@type":"EntryPoint","urlTemplate":"https:\/\/deputadotaveirajr.com.br\/?s={search_term_string}"},"query-input":{"@type":"PropertyValueSpecification","valueRequired":true,"valueName":"search_term_string"}}],"inLanguage":"pt-BR"},{"@type":"Organization","@id":"https:\/\/deputadotaveirajr.com.br\/#organization","name":"Taveira Jr","url":"https:\/\/deputadotaveirajr.com.br\/","logo":{"@type":"ImageObject","inLanguage":"pt-BR","@id":"https:\/\/deputadotaveirajr.com.br\/#\/schema\/logo\/image\/","url":"https:\/\/deputadotaveirajr.com.br\/wp-content\/uploads\/2026\/01\/logolow2a.png","contentUrl":"https:\/\/deputadotaveirajr.com.br\/wp-content\/uploads\/2026\/01\/logolow2a.png","width":290,"height":80,"caption":"Taveira Jr"},"image":{"@id":"https:\/\/deputadotaveirajr.com.br\/#\/schema\/logo\/image\/"}}]}},"_links":{"self":[{"href":"https:\/\/deputadotaveirajr.com.br\/index.php\/wp-json\/wp\/v2\/pages\/12762","targetHints":{"allow":["GET"]}}],"collection":[{"href":"https:\/\/deputadotaveirajr.com.br\/index.php\/wp-json\/wp\/v2\/pages"}],"about":[{"href":"https:\/\/deputadotaveirajr.com.br\/index.php\/wp-json\/wp\/v2\/types\/page"}],"replies":[{"embeddable":true,"href":"https:\/\/deputadotaveirajr.com.br\/index.php\/wp-json\/wp\/v2\/comments?post=12762"}],"version-history":[{"count":0,"href":"https:\/\/deputadotaveirajr.com.br\/index.php\/wp-json\/wp\/v2\/pages\/12762\/revisions"}],"wp:featuredmedia":[{"embeddable":true,"href":"https:\/\/deputadotaveirajr.com.br\/index.php\/wp-json\/wp\/v2\/media\/12763"}],"wp:attachment":[{"href":"https:\/\/deputadotaveirajr.com.br\/index.php\/wp-json\/wp\/v2\/media?parent=12762"}],"curies":[{"name":"wp","href":"https:\/\/api.w.org\/{rel}","templated":true}]}}