{"id":12764,"date":"2025-04-09T19:20:47","date_gmt":"2025-04-09T22:20:47","guid":{"rendered":"https:\/\/deputadotaveirajr.com.br\/index.php\/estudantes-denunciam-casos-de-importunacao-sexual-em-onibus-circular-da-ufrn-em-natal\/"},"modified":"2025-04-09T19:20:47","modified_gmt":"2025-04-09T22:20:47","slug":"estudantes-denunciam-casos-de-importunacao-sexual-em-onibus-circular-da-ufrn-em-natal","status":"publish","type":"page","link":"https:\/\/deputadotaveirajr.com.br\/index.php\/estudantes-denunciam-casos-de-importunacao-sexual-em-onibus-circular-da-ufrn-em-natal\/","title":{"rendered":"Estudantes denunciam casos de importuna\u00e7\u00e3o sexual em \u00f4nibus circular da UFRN em Natal"},"content":{"rendered":"<p><img decoding=\"async\" src=\"https:\/\/s2-g1.glbimg.com\/AUZhmETK5iZTDOGGxtDzLNaeby0=\/i.s3.glbimg.com\/v1\/AUTH_59edd422c0c84a879bd37670ae4f538a\/internal_photos\/bs\/2022\/M\/e\/Kv3f9aSo2lmmIR5m60Rg\/onibus-circular-g1.jpg\" \/><br \/>     Pelo menos 20 casos s\u00e3o investigados pela pol\u00edcia e 29 pela ouvidoria da UFRN. V\u00edtimas relatam suspeito usa bolsa para disfar\u00e7ar atos libidinosos. \u00d4nibus circular da UFRN<br \/>\nS\u00e9rgio Henrique Santos\/Inter TV Cabugi<br \/>\nA Delegacia Especializada no Atendimento \u00e0 Mulher (DEAM) abriu inqu\u00e9rito para investigar den\u00fancias de casos de importuna\u00e7\u00e3o sexual no \u00f4nibus circular da Universidade Federal do Rio Grande do Norte (UFRN), no campus de Natal.<br \/>\nCerca de 20 boletins de ocorr\u00eancia foram registrados, segundo a pol\u00edcia. A Ouvidoria da UFRN tamb\u00e9m confirmou que recebeu pelo menos 29 den\u00fancias sobre a onda de importuna\u00e7\u00e3o sexual no circular.<br \/>\n\ud83d\udcf3Participe do canal do g1 RN no WhatsApp<br \/>\nEm nota, a UFRN informou que ir\u00e1 colaborar com a pol\u00edcia na identifica\u00e7\u00e3o do suspeito. A Universidade informou ainda que oferece apoio \u00e0s estudantes, mas n\u00e3o detalhou como.<br \/>\n&#8220;O nosso papel \u00e9 ter essa escuta,  promover orienta\u00e7\u00f5es, promover alguns encaminhamentos que a gente ache que sejam pertinentes diante do sofrimento que a gente sabe que \u00e9 causado nos casos de viol\u00eancia, de ass\u00e9dio, discrimina\u00e7\u00e3o ou qualquer outro tipo de viol\u00eancia na institui\u00e7\u00e3o&#8221;, disse a assessora t\u00e9cnica de Desenvolvimento Pessoal da UFRN Juliana Paiva.<br \/>\nVeja relatos de v\u00edtimas<br \/>\nOs casos, segundo as estudantes, teriam sido cometidos por um \u00fanico suspeito. As estudantes citaram que o suspeito entra nos coletivos e utiliza uma bolsa para disfar\u00e7ar os atos libidinosos.<br \/>\nAlgumas estudantes conversaram com a reportagem da Inter TV Cabugi, mas preferiram n\u00e3o se identificar.<br \/>\n\u27a1\ufe0f Relato 1: &#8220;Ele sentou ao meu lado, o \u00f4nibus estava bem vazio, e botou a mochila em cima do colo, e ficou com a m\u00e3o escondida. No come\u00e7o eu n\u00e3o achei que era, mas a\u00ed depois eu percebi que era. Ele \u00e9 um rapaz bem alto, negro, com cabelo crespo e usa uma mochila bem grande&#8221;.<br \/>\n\u27a1\ufe0f Relato 2: &#8220;Eu estava sozinha no Expresso Reitoria, sentada sozinha  no caso. E veio esse homem sentar ao meu lado , com uma mochila grande. Ele come\u00e7ou a empurrar muito essa mochila pro meu colo. Uma das m\u00e3os dele estava embaixo dessa mochila  e outra em cima, pressionando essa mochila contra o meu colo para que eu n\u00e3o pudesse sentir a m\u00e3o dele tocando a minha coxa. Ent\u00e3o eu fiquei assustada, fiquei muito em choque, fiquei me tremendo e a \u00fanica rea\u00e7\u00e3o que eu tive foi pedir pra que ele se afastassse e, se pudesse, sa\u00edsse. Ele se afastou assustado e eu consegui sair do circular&#8221;.<br \/>\nA pol\u00edcia tamb\u00e9m refor\u00e7ou que outras poss\u00edveis v\u00edtimas devem procurar a DEAM para registrar os casos, auxiliando assim na identifica\u00e7\u00e3o e pris\u00e3o do suspeito.<br \/>\nCrime: 1 a 5 anos de pris\u00e3o<br \/>\nA importuna\u00e7\u00e3o sexual \u00e9 um crime previsto no C\u00f3digo Penal. Portanto, explica a advogada Geyse Raulino, presidente da Comiss\u00e3o da Mulher da Ordem dos Advogados do Brasil no RN (OAB-RN), \u00e9 importante denunciar os casos.<br \/>\nO crime acontece, segundo ela, quando algu\u00e9m intencionalmente &#8220;encosta, se esfrega ou pratica um ato sexual contra outra pessoa e sem o consentimento dessa pessoa&#8221;.<br \/>\nA advogada refor\u00e7ou que esse tipo de crime \u00e9 mais comum em transportes p\u00fablicos, como tem sido denunciado nesse caso. &#8220;\u00c0s vezes o \u00f4nibus est\u00e1 lotado, e o homem se aproveita dessa lota\u00e7\u00e3o para encostar no corpo da para tocar no seu corpo, em suas partes \u00edntimas&#8221;, falou.<br \/>\n&#8220;Ou o \u00f4nibus est\u00e1 vazio e ele intencionalmente senta ao lado dessa mulher para poder tocar nas suas pernas, nos seus seios, muitas vezes utilizando de objetos como mochilas, bolsas, ou luvas para disfar\u00e7ar esse toque para pressionar o corpo da mulher e n\u00e3o ser identificado por quem t\u00e1 no entorno&#8221;.<br \/>\nImportuna\u00e7\u00e3o sexual tem pena de pris\u00e3o prevista de 1 a 5 anos, lembrou a advogada Geyse Raulino.<br \/>\n&#8220;A v\u00edtima nunca \u00e9 culpada, e a gente precisa lembrar disso. Isso \u00e9 muito importante. A gente precisa oferecer ambientes institucionais e transportes, espa\u00e7os p\u00fablicos sejam seguro para as mulheres e acolher essas v\u00edtimas para que as den\u00fancias sejam feito e o crime seja de fato combatido&#8221;&#8221;.<br \/>\nDenu\u0301ncias de importunac\u0327a\u0303o sexual na linha circular da UFRN, em Natal<br \/>\nV\u00eddeos mais assistidos do g1 RN<\/p>","protected":false},"excerpt":{"rendered":"<p>Pelo menos 20 casos s\u00e3o investigados pela pol\u00edcia e 29 pela ouvidoria da UFRN. V\u00edtimas relatam suspeito usa bolsa para disfar\u00e7ar atos libidinosos. \u00d4nibus circular da UFRN S\u00e9rgio Henrique Santos\/Inter &#8230;<\/p>\n","protected":false},"author":0,"featured_media":12765,"parent":0,"menu_order":0,"comment_status":"closed","ping_status":"closed","template":"","meta":{"footnotes":""},"class_list":["post-12764","page","type-page","status-publish","has-post-thumbnail","hentry"],"yoast_head":"<!-- This site is optimized with the Yoast SEO plugin v27.1.1 - https:\/\/yoast.com\/product\/yoast-seo-wordpress\/ -->\n<title>Estudantes denunciam casos de importuna\u00e7\u00e3o sexual em \u00f4nibus circular da UFRN em Natal - Taveira Jr<\/title>\n<meta name=\"robots\" content=\"index, follow, max-snippet:-1, max-image-preview:large, max-video-preview:-1\" \/>\n<link rel=\"canonical\" href=\"https:\/\/deputadotaveirajr.com.br\/index.php\/estudantes-denunciam-casos-de-importunacao-sexual-em-onibus-circular-da-ufrn-em-natal\/\" \/>\n<meta property=\"og:locale\" content=\"pt_BR\" \/>\n<meta property=\"og:type\" content=\"article\" \/>\n<meta property=\"og:title\" content=\"Estudantes denunciam casos de importuna\u00e7\u00e3o sexual em \u00f4nibus circular da UFRN em Natal - Taveira Jr\" \/>\n<meta property=\"og:description\" content=\"Pelo menos 20 casos s\u00e3o investigados pela pol\u00edcia e 29 pela ouvidoria da UFRN. V\u00edtimas relatam suspeito usa bolsa para disfar\u00e7ar atos libidinosos. \u00d4nibus circular da UFRN S\u00e9rgio Henrique Santos\/Inter ...\" \/>\n<meta property=\"og:url\" content=\"https:\/\/deputadotaveirajr.com.br\/index.php\/estudantes-denunciam-casos-de-importunacao-sexual-em-onibus-circular-da-ufrn-em-natal\/\" \/>\n<meta property=\"og:site_name\" content=\"Taveira Jr\" \/>\n<meta property=\"og:image\" content=\"https:\/\/s2-g1.glbimg.com\/AUZhmETK5iZTDOGGxtDzLNaeby0=\/i.s3.glbimg.com\/v1\/AUTH_59edd422c0c84a879bd37670ae4f538a\/internal_photos\/bs\/2022\/M\/e\/Kv3f9aSo2lmmIR5m60Rg\/onibus-circular-g1.jpg\" \/>\n<meta name=\"twitter:card\" content=\"summary_large_image\" \/>\n<meta name=\"twitter:label1\" content=\"Est. tempo de leitura\" \/>\n\t<meta name=\"twitter:data1\" content=\"4 minutos\" \/>\n<script type=\"application\/ld+json\" class=\"yoast-schema-graph\">{\"@context\":\"https:\/\/schema.org\",\"@graph\":[{\"@type\":\"WebPage\",\"@id\":\"https:\/\/deputadotaveirajr.com.br\/index.php\/estudantes-denunciam-casos-de-importunacao-sexual-em-onibus-circular-da-ufrn-em-natal\/\",\"url\":\"https:\/\/deputadotaveirajr.com.br\/index.php\/estudantes-denunciam-casos-de-importunacao-sexual-em-onibus-circular-da-ufrn-em-natal\/\",\"name\":\"Estudantes denunciam casos de importuna\u00e7\u00e3o sexual em \u00f4nibus circular da UFRN em Natal - Taveira Jr\",\"isPartOf\":{\"@id\":\"https:\/\/deputadotaveirajr.com.br\/#website\"},\"primaryImageOfPage\":{\"@id\":\"https:\/\/deputadotaveirajr.com.br\/index.php\/estudantes-denunciam-casos-de-importunacao-sexual-em-onibus-circular-da-ufrn-em-natal\/#primaryimage\"},\"image\":{\"@id\":\"https:\/\/deputadotaveirajr.com.br\/index.php\/estudantes-denunciam-casos-de-importunacao-sexual-em-onibus-circular-da-ufrn-em-natal\/#primaryimage\"},\"thumbnailUrl\":\"https:\/\/deputadotaveirajr.com.br\/wp-content\/uploads\/2025\/04\/onibus-circular-g1-Zd85q0.jpeg\",\"datePublished\":\"2025-04-09T22:20:47+00:00\",\"breadcrumb\":{\"@id\":\"https:\/\/deputadotaveirajr.com.br\/index.php\/estudantes-denunciam-casos-de-importunacao-sexual-em-onibus-circular-da-ufrn-em-natal\/#breadcrumb\"},\"inLanguage\":\"pt-BR\",\"potentialAction\":[{\"@type\":\"ReadAction\",\"target\":[\"https:\/\/deputadotaveirajr.com.br\/index.php\/estudantes-denunciam-casos-de-importunacao-sexual-em-onibus-circular-da-ufrn-em-natal\/\"]}]},{\"@type\":\"ImageObject\",\"inLanguage\":\"pt-BR\",\"@id\":\"https:\/\/deputadotaveirajr.com.br\/index.php\/estudantes-denunciam-casos-de-importunacao-sexual-em-onibus-circular-da-ufrn-em-natal\/#primaryimage\",\"url\":\"https:\/\/deputadotaveirajr.com.br\/wp-content\/uploads\/2025\/04\/onibus-circular-g1-Zd85q0.jpeg\",\"contentUrl\":\"https:\/\/deputadotaveirajr.com.br\/wp-content\/uploads\/2025\/04\/onibus-circular-g1-Zd85q0.jpeg\",\"width\":1599,\"height\":899},{\"@type\":\"BreadcrumbList\",\"@id\":\"https:\/\/deputadotaveirajr.com.br\/index.php\/estudantes-denunciam-casos-de-importunacao-sexual-em-onibus-circular-da-ufrn-em-natal\/#breadcrumb\",\"itemListElement\":[{\"@type\":\"ListItem\",\"position\":1,\"name\":\"In\u00edcio\",\"item\":\"https:\/\/deputadotaveirajr.com.br\/\"},{\"@type\":\"ListItem\",\"position\":2,\"name\":\"Estudantes denunciam casos de importuna\u00e7\u00e3o sexual em \u00f4nibus circular da UFRN em Natal\"}]},{\"@type\":\"WebSite\",\"@id\":\"https:\/\/deputadotaveirajr.com.br\/#website\",\"url\":\"https:\/\/deputadotaveirajr.com.br\/\",\"name\":\"Taveira Jr\",\"description\":\"Deputado Estadual\",\"publisher\":{\"@id\":\"https:\/\/deputadotaveirajr.com.br\/#organization\"},\"potentialAction\":[{\"@type\":\"SearchAction\",\"target\":{\"@type\":\"EntryPoint\",\"urlTemplate\":\"https:\/\/deputadotaveirajr.com.br\/?s={search_term_string}\"},\"query-input\":{\"@type\":\"PropertyValueSpecification\",\"valueRequired\":true,\"valueName\":\"search_term_string\"}}],\"inLanguage\":\"pt-BR\"},{\"@type\":\"Organization\",\"@id\":\"https:\/\/deputadotaveirajr.com.br\/#organization\",\"name\":\"Taveira Jr\",\"url\":\"https:\/\/deputadotaveirajr.com.br\/\",\"logo\":{\"@type\":\"ImageObject\",\"inLanguage\":\"pt-BR\",\"@id\":\"https:\/\/deputadotaveirajr.com.br\/#\/schema\/logo\/image\/\",\"url\":\"https:\/\/deputadotaveirajr.com.br\/wp-content\/uploads\/2026\/01\/logolow2a.png\",\"contentUrl\":\"https:\/\/deputadotaveirajr.com.br\/wp-content\/uploads\/2026\/01\/logolow2a.png\",\"width\":290,\"height\":80,\"caption\":\"Taveira Jr\"},\"image\":{\"@id\":\"https:\/\/deputadotaveirajr.com.br\/#\/schema\/logo\/image\/\"}}]}<\/script>\n<!-- \/ Yoast SEO plugin. -->","yoast_head_json":{"title":"Estudantes denunciam casos de importuna\u00e7\u00e3o sexual em \u00f4nibus circular da UFRN em Natal - Taveira Jr","robots":{"index":"index","follow":"follow","max-snippet":"max-snippet:-1","max-image-preview":"max-image-preview:large","max-video-preview":"max-video-preview:-1"},"canonical":"https:\/\/deputadotaveirajr.com.br\/index.php\/estudantes-denunciam-casos-de-importunacao-sexual-em-onibus-circular-da-ufrn-em-natal\/","og_locale":"pt_BR","og_type":"article","og_title":"Estudantes denunciam casos de importuna\u00e7\u00e3o sexual em \u00f4nibus circular da UFRN em Natal - Taveira Jr","og_description":"Pelo menos 20 casos s\u00e3o investigados pela pol\u00edcia e 29 pela ouvidoria da UFRN. V\u00edtimas relatam suspeito usa bolsa para disfar\u00e7ar atos libidinosos. \u00d4nibus circular da UFRN S\u00e9rgio Henrique Santos\/Inter ...","og_url":"https:\/\/deputadotaveirajr.com.br\/index.php\/estudantes-denunciam-casos-de-importunacao-sexual-em-onibus-circular-da-ufrn-em-natal\/","og_site_name":"Taveira Jr","og_image":[{"url":"https:\/\/s2-g1.glbimg.com\/AUZhmETK5iZTDOGGxtDzLNaeby0=\/i.s3.glbimg.com\/v1\/AUTH_59edd422c0c84a879bd37670ae4f538a\/internal_photos\/bs\/2022\/M\/e\/Kv3f9aSo2lmmIR5m60Rg\/onibus-circular-g1.jpg","type":"","width":"","height":""}],"twitter_card":"summary_large_image","twitter_misc":{"Est. tempo de leitura":"4 minutos"},"schema":{"@context":"https:\/\/schema.org","@graph":[{"@type":"WebPage","@id":"https:\/\/deputadotaveirajr.com.br\/index.php\/estudantes-denunciam-casos-de-importunacao-sexual-em-onibus-circular-da-ufrn-em-natal\/","url":"https:\/\/deputadotaveirajr.com.br\/index.php\/estudantes-denunciam-casos-de-importunacao-sexual-em-onibus-circular-da-ufrn-em-natal\/","name":"Estudantes denunciam casos de importuna\u00e7\u00e3o sexual em \u00f4nibus circular da UFRN em Natal - Taveira Jr","isPartOf":{"@id":"https:\/\/deputadotaveirajr.com.br\/#website"},"primaryImageOfPage":{"@id":"https:\/\/deputadotaveirajr.com.br\/index.php\/estudantes-denunciam-casos-de-importunacao-sexual-em-onibus-circular-da-ufrn-em-natal\/#primaryimage"},"image":{"@id":"https:\/\/deputadotaveirajr.com.br\/index.php\/estudantes-denunciam-casos-de-importunacao-sexual-em-onibus-circular-da-ufrn-em-natal\/#primaryimage"},"thumbnailUrl":"https:\/\/deputadotaveirajr.com.br\/wp-content\/uploads\/2025\/04\/onibus-circular-g1-Zd85q0.jpeg","datePublished":"2025-04-09T22:20:47+00:00","breadcrumb":{"@id":"https:\/\/deputadotaveirajr.com.br\/index.php\/estudantes-denunciam-casos-de-importunacao-sexual-em-onibus-circular-da-ufrn-em-natal\/#breadcrumb"},"inLanguage":"pt-BR","potentialAction":[{"@type":"ReadAction","target":["https:\/\/deputadotaveirajr.com.br\/index.php\/estudantes-denunciam-casos-de-importunacao-sexual-em-onibus-circular-da-ufrn-em-natal\/"]}]},{"@type":"ImageObject","inLanguage":"pt-BR","@id":"https:\/\/deputadotaveirajr.com.br\/index.php\/estudantes-denunciam-casos-de-importunacao-sexual-em-onibus-circular-da-ufrn-em-natal\/#primaryimage","url":"https:\/\/deputadotaveirajr.com.br\/wp-content\/uploads\/2025\/04\/onibus-circular-g1-Zd85q0.jpeg","contentUrl":"https:\/\/deputadotaveirajr.com.br\/wp-content\/uploads\/2025\/04\/onibus-circular-g1-Zd85q0.jpeg","width":1599,"height":899},{"@type":"BreadcrumbList","@id":"https:\/\/deputadotaveirajr.com.br\/index.php\/estudantes-denunciam-casos-de-importunacao-sexual-em-onibus-circular-da-ufrn-em-natal\/#breadcrumb","itemListElement":[{"@type":"ListItem","position":1,"name":"In\u00edcio","item":"https:\/\/deputadotaveirajr.com.br\/"},{"@type":"ListItem","position":2,"name":"Estudantes denunciam casos de importuna\u00e7\u00e3o sexual em \u00f4nibus circular da UFRN em Natal"}]},{"@type":"WebSite","@id":"https:\/\/deputadotaveirajr.com.br\/#website","url":"https:\/\/deputadotaveirajr.com.br\/","name":"Taveira Jr","description":"Deputado Estadual","publisher":{"@id":"https:\/\/deputadotaveirajr.com.br\/#organization"},"potentialAction":[{"@type":"SearchAction","target":{"@type":"EntryPoint","urlTemplate":"https:\/\/deputadotaveirajr.com.br\/?s={search_term_string}"},"query-input":{"@type":"PropertyValueSpecification","valueRequired":true,"valueName":"search_term_string"}}],"inLanguage":"pt-BR"},{"@type":"Organization","@id":"https:\/\/deputadotaveirajr.com.br\/#organization","name":"Taveira Jr","url":"https:\/\/deputadotaveirajr.com.br\/","logo":{"@type":"ImageObject","inLanguage":"pt-BR","@id":"https:\/\/deputadotaveirajr.com.br\/#\/schema\/logo\/image\/","url":"https:\/\/deputadotaveirajr.com.br\/wp-content\/uploads\/2026\/01\/logolow2a.png","contentUrl":"https:\/\/deputadotaveirajr.com.br\/wp-content\/uploads\/2026\/01\/logolow2a.png","width":290,"height":80,"caption":"Taveira Jr"},"image":{"@id":"https:\/\/deputadotaveirajr.com.br\/#\/schema\/logo\/image\/"}}]}},"_links":{"self":[{"href":"https:\/\/deputadotaveirajr.com.br\/index.php\/wp-json\/wp\/v2\/pages\/12764","targetHints":{"allow":["GET"]}}],"collection":[{"href":"https:\/\/deputadotaveirajr.com.br\/index.php\/wp-json\/wp\/v2\/pages"}],"about":[{"href":"https:\/\/deputadotaveirajr.com.br\/index.php\/wp-json\/wp\/v2\/types\/page"}],"replies":[{"embeddable":true,"href":"https:\/\/deputadotaveirajr.com.br\/index.php\/wp-json\/wp\/v2\/comments?post=12764"}],"version-history":[{"count":0,"href":"https:\/\/deputadotaveirajr.com.br\/index.php\/wp-json\/wp\/v2\/pages\/12764\/revisions"}],"wp:featuredmedia":[{"embeddable":true,"href":"https:\/\/deputadotaveirajr.com.br\/index.php\/wp-json\/wp\/v2\/media\/12765"}],"wp:attachment":[{"href":"https:\/\/deputadotaveirajr.com.br\/index.php\/wp-json\/wp\/v2\/media?parent=12764"}],"curies":[{"name":"wp","href":"https:\/\/api.w.org\/{rel}","templated":true}]}}