{"id":12786,"date":"2025-04-15T18:01:30","date_gmt":"2025-04-15T21:01:30","guid":{"rendered":"https:\/\/deputadotaveirajr.com.br\/index.php\/operacao-apreende-40-kg-de-drogas-em-transportadoras-em-natal\/"},"modified":"2025-04-15T18:01:30","modified_gmt":"2025-04-15T21:01:30","slug":"operacao-apreende-40-kg-de-drogas-em-transportadoras-em-natal","status":"publish","type":"page","link":"https:\/\/deputadotaveirajr.com.br\/index.php\/operacao-apreende-40-kg-de-drogas-em-transportadoras-em-natal\/","title":{"rendered":"Opera\u00e7\u00e3o apreende 40 kg de drogas em transportadoras em Natal"},"content":{"rendered":"<p><img decoding=\"async\" src=\"https:\/\/s2-g1.glbimg.com\/l8OarxrvZZT9bRshEPXqw2IfViI=\/i.s3.glbimg.com\/v1\/AUTH_59edd422c0c84a879bd37670ae4f538a\/internal_photos\/bs\/2025\/0\/A\/fAQSDdRKKDn4NAJrPkLA\/whatsapp-image-2025-04-15-at-15.16.26.jpeg\" \/><br \/>     Armamento, como pistolas e fuzil, foram apreendidos nas cidades de Jo\u00e3o Pessoa e Recife, onde a opera\u00e7\u00e3o tamb\u00e9m ocorreu. Origem da droga \u00e9 do RJ, segundo investiga\u00e7\u00e3o. Apreens\u00e3o de drogas e armamentos em opera\u00e7\u00e3o<br \/>\nUma opera\u00e7\u00e3o da Pol\u00edcia Civil e da Receita Federal apreendeu cerca de 40 quilos de drogas em transportadoras de mercadorias na cidade de Natal. A opera\u00e7\u00e3o aconteceu tamb\u00e9m em Jo\u00e3o Pessoa e Recife, com outras apreens\u00f5es de drogas e armamentos.<br \/>\n\ud83d\udcf3Participe do canal do g1 RN no WhatsApp<br \/>\nNa capital potiguar, segundo a pol\u00edcia, foram apreendidos:<br \/>\n28,4 kg de skunk;<br \/>\n6,6 kg de coca\u00edna;<br \/>\n5,3 kg de pasta base de coca\u00edna.<br \/>\n&#8220;As mercadorias eram oriundas do Rio de Janeiro e foram apreendidas em transportadoras. Elas tinham como destino as regi\u00f5es metropolitanas tanto do Recife,  de Jo\u00e3o Pessoa quanto de Natal&#8221;, explicou o auditor fiscal da Receita Federal Gustavo Medeiros de Macedo.<br \/>\nAs apreens\u00f5es em Recife e Jo\u00e3o Pessoa foram:<br \/>\nRecife: 5,1kg de pasta base de coca\u00edna e um fuzil calibre 5,56;<br \/>\nJo\u00e3o Pessoa: 11,2kg de pasta base de coca\u00edna, 220g de ecstasy e cinco pistolas em Jo\u00e3o Pessoa\/PB.<br \/>\nEm Natal, a opera\u00e7\u00e3o foi conduzida pela Delegacia Especializada em Narc\u00f3ticos de Natal (DENARC\/Natal), al\u00e9m da equipe da Receita Federal, que tamb\u00e9m utilizou os c\u00e3es farejadores para encontrar os entorpecentes.<br \/>\nO nome das transportadoras n\u00e3o foram divulgados. Ap\u00f3s os procedimentos legais, as drogas foram encaminhadas \u00e0s autoridades policiais competentes para as devidas provid\u00eancias.<br \/>\n&#8220;A opera\u00e7\u00e3o integra as atividades estrat\u00e9gicas das For\u00e7as de Seguran\u00e7a e da Receita Federal no combate ao tr\u00e1fico internacional de drogas e armas, contrabando, descaminho, evas\u00e3o de divisas e demais crimes&#8221;, informou a Pol\u00edcia Civil.<br \/>\nLEIA TAMB\u00c9M<br \/>\n360 QUILOS: PF e Receita apreenderam coca\u00edna escondida em ponto comercial na Grande Natal<br \/>\nApreens\u00e3o de drogas em transportadoras<br \/>\nDivulga\u00e7\u00e3o\/Pol\u00edcia Civil<br \/>\nV\u00eddeos mais assistidos do g1 RN<\/p>","protected":false},"excerpt":{"rendered":"<p>Armamento, como pistolas e fuzil, foram apreendidos nas cidades de Jo\u00e3o Pessoa e Recife, onde a opera\u00e7\u00e3o tamb\u00e9m ocorreu. Origem da droga \u00e9 do RJ, segundo investiga\u00e7\u00e3o. Apreens\u00e3o de drogas &#8230;<\/p>\n","protected":false},"author":0,"featured_media":12787,"parent":0,"menu_order":0,"comment_status":"closed","ping_status":"closed","template":"","meta":{"footnotes":""},"class_list":["post-12786","page","type-page","status-publish","has-post-thumbnail","hentry"],"yoast_head":"<!-- This site is optimized with the Yoast SEO plugin v27.1.1 - https:\/\/yoast.com\/product\/yoast-seo-wordpress\/ -->\n<title>Opera\u00e7\u00e3o apreende 40 kg de drogas em transportadoras em Natal - Taveira Jr<\/title>\n<meta name=\"robots\" content=\"index, follow, max-snippet:-1, max-image-preview:large, max-video-preview:-1\" \/>\n<link rel=\"canonical\" href=\"https:\/\/deputadotaveirajr.com.br\/index.php\/operacao-apreende-40-kg-de-drogas-em-transportadoras-em-natal\/\" \/>\n<meta property=\"og:locale\" content=\"pt_BR\" \/>\n<meta property=\"og:type\" content=\"article\" \/>\n<meta property=\"og:title\" content=\"Opera\u00e7\u00e3o apreende 40 kg de drogas em transportadoras em Natal - Taveira Jr\" \/>\n<meta property=\"og:description\" content=\"Armamento, como pistolas e fuzil, foram apreendidos nas cidades de Jo\u00e3o Pessoa e Recife, onde a opera\u00e7\u00e3o tamb\u00e9m ocorreu. Origem da droga \u00e9 do RJ, segundo investiga\u00e7\u00e3o. Apreens\u00e3o de drogas ...\" \/>\n<meta property=\"og:url\" content=\"https:\/\/deputadotaveirajr.com.br\/index.php\/operacao-apreende-40-kg-de-drogas-em-transportadoras-em-natal\/\" \/>\n<meta property=\"og:site_name\" content=\"Taveira Jr\" \/>\n<meta property=\"og:image\" content=\"https:\/\/s2-g1.glbimg.com\/l8OarxrvZZT9bRshEPXqw2IfViI=\/i.s3.glbimg.com\/v1\/AUTH_59edd422c0c84a879bd37670ae4f538a\/internal_photos\/bs\/2025\/0\/A\/fAQSDdRKKDn4NAJrPkLA\/whatsapp-image-2025-04-15-at-15.16.26.jpeg\" \/>\n<meta name=\"twitter:card\" content=\"summary_large_image\" \/>\n<meta name=\"twitter:label1\" content=\"Est. tempo de leitura\" \/>\n\t<meta name=\"twitter:data1\" content=\"2 minutos\" \/>\n<script type=\"application\/ld+json\" class=\"yoast-schema-graph\">{\"@context\":\"https:\/\/schema.org\",\"@graph\":[{\"@type\":\"WebPage\",\"@id\":\"https:\/\/deputadotaveirajr.com.br\/index.php\/operacao-apreende-40-kg-de-drogas-em-transportadoras-em-natal\/\",\"url\":\"https:\/\/deputadotaveirajr.com.br\/index.php\/operacao-apreende-40-kg-de-drogas-em-transportadoras-em-natal\/\",\"name\":\"Opera\u00e7\u00e3o apreende 40 kg de drogas em transportadoras em Natal - Taveira Jr\",\"isPartOf\":{\"@id\":\"https:\/\/deputadotaveirajr.com.br\/#website\"},\"primaryImageOfPage\":{\"@id\":\"https:\/\/deputadotaveirajr.com.br\/index.php\/operacao-apreende-40-kg-de-drogas-em-transportadoras-em-natal\/#primaryimage\"},\"image\":{\"@id\":\"https:\/\/deputadotaveirajr.com.br\/index.php\/operacao-apreende-40-kg-de-drogas-em-transportadoras-em-natal\/#primaryimage\"},\"thumbnailUrl\":\"https:\/\/deputadotaveirajr.com.br\/wp-content\/uploads\/2025\/04\/whatsapp-image-2025-04-15-at-15.16.26-EddPVS.jpg\",\"datePublished\":\"2025-04-15T21:01:30+00:00\",\"breadcrumb\":{\"@id\":\"https:\/\/deputadotaveirajr.com.br\/index.php\/operacao-apreende-40-kg-de-drogas-em-transportadoras-em-natal\/#breadcrumb\"},\"inLanguage\":\"pt-BR\",\"potentialAction\":[{\"@type\":\"ReadAction\",\"target\":[\"https:\/\/deputadotaveirajr.com.br\/index.php\/operacao-apreende-40-kg-de-drogas-em-transportadoras-em-natal\/\"]}]},{\"@type\":\"ImageObject\",\"inLanguage\":\"pt-BR\",\"@id\":\"https:\/\/deputadotaveirajr.com.br\/index.php\/operacao-apreende-40-kg-de-drogas-em-transportadoras-em-natal\/#primaryimage\",\"url\":\"https:\/\/deputadotaveirajr.com.br\/wp-content\/uploads\/2025\/04\/whatsapp-image-2025-04-15-at-15.16.26-EddPVS.jpg\",\"contentUrl\":\"https:\/\/deputadotaveirajr.com.br\/wp-content\/uploads\/2025\/04\/whatsapp-image-2025-04-15-at-15.16.26-EddPVS.jpg\",\"width\":1599,\"height\":899},{\"@type\":\"BreadcrumbList\",\"@id\":\"https:\/\/deputadotaveirajr.com.br\/index.php\/operacao-apreende-40-kg-de-drogas-em-transportadoras-em-natal\/#breadcrumb\",\"itemListElement\":[{\"@type\":\"ListItem\",\"position\":1,\"name\":\"In\u00edcio\",\"item\":\"https:\/\/deputadotaveirajr.com.br\/\"},{\"@type\":\"ListItem\",\"position\":2,\"name\":\"Opera\u00e7\u00e3o apreende 40 kg de drogas em transportadoras em Natal\"}]},{\"@type\":\"WebSite\",\"@id\":\"https:\/\/deputadotaveirajr.com.br\/#website\",\"url\":\"https:\/\/deputadotaveirajr.com.br\/\",\"name\":\"Taveira Jr\",\"description\":\"Deputado Estadual\",\"publisher\":{\"@id\":\"https:\/\/deputadotaveirajr.com.br\/#organization\"},\"potentialAction\":[{\"@type\":\"SearchAction\",\"target\":{\"@type\":\"EntryPoint\",\"urlTemplate\":\"https:\/\/deputadotaveirajr.com.br\/?s={search_term_string}\"},\"query-input\":{\"@type\":\"PropertyValueSpecification\",\"valueRequired\":true,\"valueName\":\"search_term_string\"}}],\"inLanguage\":\"pt-BR\"},{\"@type\":\"Organization\",\"@id\":\"https:\/\/deputadotaveirajr.com.br\/#organization\",\"name\":\"Taveira Jr\",\"url\":\"https:\/\/deputadotaveirajr.com.br\/\",\"logo\":{\"@type\":\"ImageObject\",\"inLanguage\":\"pt-BR\",\"@id\":\"https:\/\/deputadotaveirajr.com.br\/#\/schema\/logo\/image\/\",\"url\":\"https:\/\/deputadotaveirajr.com.br\/wp-content\/uploads\/2026\/01\/logolow2a.png\",\"contentUrl\":\"https:\/\/deputadotaveirajr.com.br\/wp-content\/uploads\/2026\/01\/logolow2a.png\",\"width\":290,\"height\":80,\"caption\":\"Taveira Jr\"},\"image\":{\"@id\":\"https:\/\/deputadotaveirajr.com.br\/#\/schema\/logo\/image\/\"}}]}<\/script>\n<!-- \/ Yoast SEO plugin. -->","yoast_head_json":{"title":"Opera\u00e7\u00e3o apreende 40 kg de drogas em transportadoras em Natal - Taveira Jr","robots":{"index":"index","follow":"follow","max-snippet":"max-snippet:-1","max-image-preview":"max-image-preview:large","max-video-preview":"max-video-preview:-1"},"canonical":"https:\/\/deputadotaveirajr.com.br\/index.php\/operacao-apreende-40-kg-de-drogas-em-transportadoras-em-natal\/","og_locale":"pt_BR","og_type":"article","og_title":"Opera\u00e7\u00e3o apreende 40 kg de drogas em transportadoras em Natal - Taveira Jr","og_description":"Armamento, como pistolas e fuzil, foram apreendidos nas cidades de Jo\u00e3o Pessoa e Recife, onde a opera\u00e7\u00e3o tamb\u00e9m ocorreu. Origem da droga \u00e9 do RJ, segundo investiga\u00e7\u00e3o. Apreens\u00e3o de drogas ...","og_url":"https:\/\/deputadotaveirajr.com.br\/index.php\/operacao-apreende-40-kg-de-drogas-em-transportadoras-em-natal\/","og_site_name":"Taveira Jr","og_image":[{"url":"https:\/\/s2-g1.glbimg.com\/l8OarxrvZZT9bRshEPXqw2IfViI=\/i.s3.glbimg.com\/v1\/AUTH_59edd422c0c84a879bd37670ae4f538a\/internal_photos\/bs\/2025\/0\/A\/fAQSDdRKKDn4NAJrPkLA\/whatsapp-image-2025-04-15-at-15.16.26.jpeg","type":"","width":"","height":""}],"twitter_card":"summary_large_image","twitter_misc":{"Est. tempo de leitura":"2 minutos"},"schema":{"@context":"https:\/\/schema.org","@graph":[{"@type":"WebPage","@id":"https:\/\/deputadotaveirajr.com.br\/index.php\/operacao-apreende-40-kg-de-drogas-em-transportadoras-em-natal\/","url":"https:\/\/deputadotaveirajr.com.br\/index.php\/operacao-apreende-40-kg-de-drogas-em-transportadoras-em-natal\/","name":"Opera\u00e7\u00e3o apreende 40 kg de drogas em transportadoras em Natal - Taveira Jr","isPartOf":{"@id":"https:\/\/deputadotaveirajr.com.br\/#website"},"primaryImageOfPage":{"@id":"https:\/\/deputadotaveirajr.com.br\/index.php\/operacao-apreende-40-kg-de-drogas-em-transportadoras-em-natal\/#primaryimage"},"image":{"@id":"https:\/\/deputadotaveirajr.com.br\/index.php\/operacao-apreende-40-kg-de-drogas-em-transportadoras-em-natal\/#primaryimage"},"thumbnailUrl":"https:\/\/deputadotaveirajr.com.br\/wp-content\/uploads\/2025\/04\/whatsapp-image-2025-04-15-at-15.16.26-EddPVS.jpg","datePublished":"2025-04-15T21:01:30+00:00","breadcrumb":{"@id":"https:\/\/deputadotaveirajr.com.br\/index.php\/operacao-apreende-40-kg-de-drogas-em-transportadoras-em-natal\/#breadcrumb"},"inLanguage":"pt-BR","potentialAction":[{"@type":"ReadAction","target":["https:\/\/deputadotaveirajr.com.br\/index.php\/operacao-apreende-40-kg-de-drogas-em-transportadoras-em-natal\/"]}]},{"@type":"ImageObject","inLanguage":"pt-BR","@id":"https:\/\/deputadotaveirajr.com.br\/index.php\/operacao-apreende-40-kg-de-drogas-em-transportadoras-em-natal\/#primaryimage","url":"https:\/\/deputadotaveirajr.com.br\/wp-content\/uploads\/2025\/04\/whatsapp-image-2025-04-15-at-15.16.26-EddPVS.jpg","contentUrl":"https:\/\/deputadotaveirajr.com.br\/wp-content\/uploads\/2025\/04\/whatsapp-image-2025-04-15-at-15.16.26-EddPVS.jpg","width":1599,"height":899},{"@type":"BreadcrumbList","@id":"https:\/\/deputadotaveirajr.com.br\/index.php\/operacao-apreende-40-kg-de-drogas-em-transportadoras-em-natal\/#breadcrumb","itemListElement":[{"@type":"ListItem","position":1,"name":"In\u00edcio","item":"https:\/\/deputadotaveirajr.com.br\/"},{"@type":"ListItem","position":2,"name":"Opera\u00e7\u00e3o apreende 40 kg de drogas em transportadoras em Natal"}]},{"@type":"WebSite","@id":"https:\/\/deputadotaveirajr.com.br\/#website","url":"https:\/\/deputadotaveirajr.com.br\/","name":"Taveira Jr","description":"Deputado Estadual","publisher":{"@id":"https:\/\/deputadotaveirajr.com.br\/#organization"},"potentialAction":[{"@type":"SearchAction","target":{"@type":"EntryPoint","urlTemplate":"https:\/\/deputadotaveirajr.com.br\/?s={search_term_string}"},"query-input":{"@type":"PropertyValueSpecification","valueRequired":true,"valueName":"search_term_string"}}],"inLanguage":"pt-BR"},{"@type":"Organization","@id":"https:\/\/deputadotaveirajr.com.br\/#organization","name":"Taveira Jr","url":"https:\/\/deputadotaveirajr.com.br\/","logo":{"@type":"ImageObject","inLanguage":"pt-BR","@id":"https:\/\/deputadotaveirajr.com.br\/#\/schema\/logo\/image\/","url":"https:\/\/deputadotaveirajr.com.br\/wp-content\/uploads\/2026\/01\/logolow2a.png","contentUrl":"https:\/\/deputadotaveirajr.com.br\/wp-content\/uploads\/2026\/01\/logolow2a.png","width":290,"height":80,"caption":"Taveira Jr"},"image":{"@id":"https:\/\/deputadotaveirajr.com.br\/#\/schema\/logo\/image\/"}}]}},"_links":{"self":[{"href":"https:\/\/deputadotaveirajr.com.br\/index.php\/wp-json\/wp\/v2\/pages\/12786","targetHints":{"allow":["GET"]}}],"collection":[{"href":"https:\/\/deputadotaveirajr.com.br\/index.php\/wp-json\/wp\/v2\/pages"}],"about":[{"href":"https:\/\/deputadotaveirajr.com.br\/index.php\/wp-json\/wp\/v2\/types\/page"}],"replies":[{"embeddable":true,"href":"https:\/\/deputadotaveirajr.com.br\/index.php\/wp-json\/wp\/v2\/comments?post=12786"}],"version-history":[{"count":0,"href":"https:\/\/deputadotaveirajr.com.br\/index.php\/wp-json\/wp\/v2\/pages\/12786\/revisions"}],"wp:featuredmedia":[{"embeddable":true,"href":"https:\/\/deputadotaveirajr.com.br\/index.php\/wp-json\/wp\/v2\/media\/12787"}],"wp:attachment":[{"href":"https:\/\/deputadotaveirajr.com.br\/index.php\/wp-json\/wp\/v2\/media?parent=12786"}],"curies":[{"name":"wp","href":"https:\/\/api.w.org\/{rel}","templated":true}]}}