{"id":12788,"date":"2025-04-15T15:01:11","date_gmt":"2025-04-15T18:01:11","guid":{"rendered":"https:\/\/deputadotaveirajr.com.br\/index.php\/conta-de-energia-no-rn-fica-mais-barata-a-partir-de-22-de-abril-anuncia-aneel\/"},"modified":"2025-04-15T15:01:11","modified_gmt":"2025-04-15T18:01:11","slug":"conta-de-energia-no-rn-fica-mais-barata-a-partir-de-22-de-abril-anuncia-aneel","status":"publish","type":"page","link":"https:\/\/deputadotaveirajr.com.br\/index.php\/conta-de-energia-no-rn-fica-mais-barata-a-partir-de-22-de-abril-anuncia-aneel\/","title":{"rendered":"Conta de energia no RN fica mais barata a partir de 22 de abril, anuncia Aneel"},"content":{"rendered":"<p><img decoding=\"async\" src=\"https:\/\/s2-g1.glbimg.com\/WgGoNbXEUNNDLWAizZG_JC-I6zM=\/i.s3.glbimg.com\/v1\/AUTH_59edd422c0c84a879bd37670ae4f538a\/internal_photos\/bs\/2025\/A\/6\/ZVluPXQjWhc3jNTuQUcA\/lampada.jpg\" \/><br \/>     Reajuste tarif\u00e1rio m\u00e9dio de -0,32% foi definido para cerca de 1,6 milh\u00e3o de consumidores de baixa e alta tens\u00e3o no estado. L\u00e2mpada<br \/>\nrawpixel.com\/Freepik<br \/>\nA Ag\u00eancia Nacional de Energia El\u00e9trica (Aneel), respons\u00e1vel pela regulamenta\u00e7\u00e3o do setor el\u00e9trico no Brasil, anunciou nesta ter\u00e7a-feira (15) um reajuste tarif\u00e1rio m\u00e9dio de -0,32% a partir de 22 abril para o Rio Grande do Norte.<br \/>\nIsso significa que o valor final na conta ter\u00e1 redu\u00e7\u00e3o nesse percentual para o consumidor. O reajuste \u00e9 v\u00e1lido para 1,6 milh\u00e3o de clientes no estado &#8211; os que s\u00e3o atendidos pela Neoenergia Cosern.<br \/>\n\ud83d\udcf3Participe do canal do g1 RN no WhatsApp<br \/>\nPara a baixa tens\u00e3o, que inclui a maior parte dos clientes residenciais, o efeito m\u00e9dio da redu\u00e7\u00e3o ser\u00e1 de -0,33%. J\u00e1 para os de alta tens\u00e3o &#8211; como ind\u00fastrias e com\u00e9rcio de m\u00e9dio e grande porte &#8211; ser\u00e1 de -0,30%.<br \/>\nSegundo a Aneel, os principais itens que contribu\u00edram para os valores atuais &#8220;foram os custos com transporte e componentes financeiros estabelecidos no \u00faltimo processo tarif\u00e1rio&#8221;.<br \/>\nOs custos de encargos setoriais est\u00e3o contribuindo com 2,55% no \u00edndice de reajuste e os custos com transmiss\u00e3o e gera\u00e7\u00e3o de energia, com -0,20%, totalizando 2,35%. Os custos de componentes financeiros tiveram efeito de -5,09% no \u00edndice final, explicou a Neonergia Cosern.<br \/>\nComposi\u00e7\u00e3o tarif\u00e1ria<br \/>\nA composi\u00e7\u00e3o tarif\u00e1ria, do valor total da conta, \u00e9 feita da seguinte forma:<br \/>\n38,2% s\u00e3o destinados para pagar os custos com a compra e transmiss\u00e3o de energia.<br \/>\nOs tributos (encargos setoriais e impostos) representam 32,4% do total.<br \/>\na distribuidora fica com 29,4% do valor pago pelos consumidores potiguares para cobrir os custos de opera\u00e7\u00e3o, manuten\u00e7\u00e3o, administra\u00e7\u00e3o do servi\u00e7o e investimentos<br \/>\nSendo assim, se a conta der R$ 100: R$ 38,20 s\u00e3o para os custos de transmiss\u00e3o de energia; R$ 32,40 para os tributos; R$ 29,4 para a distribuidora.<br \/>\nVeja as dicas para economizar na conta de energia<br \/>\nV\u00eddeos mais assistidos do g1 RN<\/p>","protected":false},"excerpt":{"rendered":"<p>Reajuste tarif\u00e1rio m\u00e9dio de -0,32% foi definido para cerca de 1,6 milh\u00e3o de consumidores de baixa e alta tens\u00e3o no estado. L\u00e2mpada rawpixel.com\/Freepik A Ag\u00eancia Nacional de Energia El\u00e9trica (Aneel), &#8230;<\/p>\n","protected":false},"author":0,"featured_media":12789,"parent":0,"menu_order":0,"comment_status":"closed","ping_status":"closed","template":"","meta":{"footnotes":""},"class_list":["post-12788","page","type-page","status-publish","has-post-thumbnail","hentry"],"yoast_head":"<!-- This site is optimized with the Yoast SEO plugin v27.1.1 - https:\/\/yoast.com\/product\/yoast-seo-wordpress\/ -->\n<title>Conta de energia no RN fica mais barata a partir de 22 de abril, anuncia Aneel - Taveira Jr<\/title>\n<meta name=\"robots\" content=\"index, follow, max-snippet:-1, max-image-preview:large, max-video-preview:-1\" \/>\n<link rel=\"canonical\" href=\"https:\/\/deputadotaveirajr.com.br\/index.php\/conta-de-energia-no-rn-fica-mais-barata-a-partir-de-22-de-abril-anuncia-aneel\/\" \/>\n<meta property=\"og:locale\" content=\"pt_BR\" \/>\n<meta property=\"og:type\" content=\"article\" \/>\n<meta property=\"og:title\" content=\"Conta de energia no RN fica mais barata a partir de 22 de abril, anuncia Aneel - Taveira Jr\" \/>\n<meta property=\"og:description\" content=\"Reajuste tarif\u00e1rio m\u00e9dio de -0,32% foi definido para cerca de 1,6 milh\u00e3o de consumidores de baixa e alta tens\u00e3o no estado. L\u00e2mpada rawpixel.com\/Freepik A Ag\u00eancia Nacional de Energia El\u00e9trica (Aneel), ...\" \/>\n<meta property=\"og:url\" content=\"https:\/\/deputadotaveirajr.com.br\/index.php\/conta-de-energia-no-rn-fica-mais-barata-a-partir-de-22-de-abril-anuncia-aneel\/\" \/>\n<meta property=\"og:site_name\" content=\"Taveira Jr\" \/>\n<meta property=\"og:image\" content=\"https:\/\/s2-g1.glbimg.com\/WgGoNbXEUNNDLWAizZG_JC-I6zM=\/i.s3.glbimg.com\/v1\/AUTH_59edd422c0c84a879bd37670ae4f538a\/internal_photos\/bs\/2025\/A\/6\/ZVluPXQjWhc3jNTuQUcA\/lampada.jpg\" \/>\n<meta name=\"twitter:card\" content=\"summary_large_image\" \/>\n<meta name=\"twitter:label1\" content=\"Est. tempo de leitura\" \/>\n\t<meta name=\"twitter:data1\" content=\"2 minutos\" \/>\n<script type=\"application\/ld+json\" class=\"yoast-schema-graph\">{\"@context\":\"https:\/\/schema.org\",\"@graph\":[{\"@type\":\"WebPage\",\"@id\":\"https:\/\/deputadotaveirajr.com.br\/index.php\/conta-de-energia-no-rn-fica-mais-barata-a-partir-de-22-de-abril-anuncia-aneel\/\",\"url\":\"https:\/\/deputadotaveirajr.com.br\/index.php\/conta-de-energia-no-rn-fica-mais-barata-a-partir-de-22-de-abril-anuncia-aneel\/\",\"name\":\"Conta de energia no RN fica mais barata a partir de 22 de abril, anuncia Aneel - Taveira Jr\",\"isPartOf\":{\"@id\":\"https:\/\/deputadotaveirajr.com.br\/#website\"},\"primaryImageOfPage\":{\"@id\":\"https:\/\/deputadotaveirajr.com.br\/index.php\/conta-de-energia-no-rn-fica-mais-barata-a-partir-de-22-de-abril-anuncia-aneel\/#primaryimage\"},\"image\":{\"@id\":\"https:\/\/deputadotaveirajr.com.br\/index.php\/conta-de-energia-no-rn-fica-mais-barata-a-partir-de-22-de-abril-anuncia-aneel\/#primaryimage\"},\"thumbnailUrl\":\"https:\/\/deputadotaveirajr.com.br\/wp-content\/uploads\/2025\/04\/lampada-MgKAbm.jpg\",\"datePublished\":\"2025-04-15T18:01:11+00:00\",\"breadcrumb\":{\"@id\":\"https:\/\/deputadotaveirajr.com.br\/index.php\/conta-de-energia-no-rn-fica-mais-barata-a-partir-de-22-de-abril-anuncia-aneel\/#breadcrumb\"},\"inLanguage\":\"pt-BR\",\"potentialAction\":[{\"@type\":\"ReadAction\",\"target\":[\"https:\/\/deputadotaveirajr.com.br\/index.php\/conta-de-energia-no-rn-fica-mais-barata-a-partir-de-22-de-abril-anuncia-aneel\/\"]}]},{\"@type\":\"ImageObject\",\"inLanguage\":\"pt-BR\",\"@id\":\"https:\/\/deputadotaveirajr.com.br\/index.php\/conta-de-energia-no-rn-fica-mais-barata-a-partir-de-22-de-abril-anuncia-aneel\/#primaryimage\",\"url\":\"https:\/\/deputadotaveirajr.com.br\/wp-content\/uploads\/2025\/04\/lampada-MgKAbm.jpg\",\"contentUrl\":\"https:\/\/deputadotaveirajr.com.br\/wp-content\/uploads\/2025\/04\/lampada-MgKAbm.jpg\",\"width\":1500,\"height\":1001},{\"@type\":\"BreadcrumbList\",\"@id\":\"https:\/\/deputadotaveirajr.com.br\/index.php\/conta-de-energia-no-rn-fica-mais-barata-a-partir-de-22-de-abril-anuncia-aneel\/#breadcrumb\",\"itemListElement\":[{\"@type\":\"ListItem\",\"position\":1,\"name\":\"In\u00edcio\",\"item\":\"https:\/\/deputadotaveirajr.com.br\/\"},{\"@type\":\"ListItem\",\"position\":2,\"name\":\"Conta de energia no RN fica mais barata a partir de 22 de abril, anuncia Aneel\"}]},{\"@type\":\"WebSite\",\"@id\":\"https:\/\/deputadotaveirajr.com.br\/#website\",\"url\":\"https:\/\/deputadotaveirajr.com.br\/\",\"name\":\"Taveira Jr\",\"description\":\"Deputado Estadual\",\"publisher\":{\"@id\":\"https:\/\/deputadotaveirajr.com.br\/#organization\"},\"potentialAction\":[{\"@type\":\"SearchAction\",\"target\":{\"@type\":\"EntryPoint\",\"urlTemplate\":\"https:\/\/deputadotaveirajr.com.br\/?s={search_term_string}\"},\"query-input\":{\"@type\":\"PropertyValueSpecification\",\"valueRequired\":true,\"valueName\":\"search_term_string\"}}],\"inLanguage\":\"pt-BR\"},{\"@type\":\"Organization\",\"@id\":\"https:\/\/deputadotaveirajr.com.br\/#organization\",\"name\":\"Taveira Jr\",\"url\":\"https:\/\/deputadotaveirajr.com.br\/\",\"logo\":{\"@type\":\"ImageObject\",\"inLanguage\":\"pt-BR\",\"@id\":\"https:\/\/deputadotaveirajr.com.br\/#\/schema\/logo\/image\/\",\"url\":\"https:\/\/deputadotaveirajr.com.br\/wp-content\/uploads\/2026\/01\/logolow2a.png\",\"contentUrl\":\"https:\/\/deputadotaveirajr.com.br\/wp-content\/uploads\/2026\/01\/logolow2a.png\",\"width\":290,\"height\":80,\"caption\":\"Taveira Jr\"},\"image\":{\"@id\":\"https:\/\/deputadotaveirajr.com.br\/#\/schema\/logo\/image\/\"}}]}<\/script>\n<!-- \/ Yoast SEO plugin. -->","yoast_head_json":{"title":"Conta de energia no RN fica mais barata a partir de 22 de abril, anuncia Aneel - Taveira Jr","robots":{"index":"index","follow":"follow","max-snippet":"max-snippet:-1","max-image-preview":"max-image-preview:large","max-video-preview":"max-video-preview:-1"},"canonical":"https:\/\/deputadotaveirajr.com.br\/index.php\/conta-de-energia-no-rn-fica-mais-barata-a-partir-de-22-de-abril-anuncia-aneel\/","og_locale":"pt_BR","og_type":"article","og_title":"Conta de energia no RN fica mais barata a partir de 22 de abril, anuncia Aneel - Taveira Jr","og_description":"Reajuste tarif\u00e1rio m\u00e9dio de -0,32% foi definido para cerca de 1,6 milh\u00e3o de consumidores de baixa e alta tens\u00e3o no estado. L\u00e2mpada rawpixel.com\/Freepik A Ag\u00eancia Nacional de Energia El\u00e9trica (Aneel), ...","og_url":"https:\/\/deputadotaveirajr.com.br\/index.php\/conta-de-energia-no-rn-fica-mais-barata-a-partir-de-22-de-abril-anuncia-aneel\/","og_site_name":"Taveira Jr","og_image":[{"url":"https:\/\/s2-g1.glbimg.com\/WgGoNbXEUNNDLWAizZG_JC-I6zM=\/i.s3.glbimg.com\/v1\/AUTH_59edd422c0c84a879bd37670ae4f538a\/internal_photos\/bs\/2025\/A\/6\/ZVluPXQjWhc3jNTuQUcA\/lampada.jpg","type":"","width":"","height":""}],"twitter_card":"summary_large_image","twitter_misc":{"Est. tempo de leitura":"2 minutos"},"schema":{"@context":"https:\/\/schema.org","@graph":[{"@type":"WebPage","@id":"https:\/\/deputadotaveirajr.com.br\/index.php\/conta-de-energia-no-rn-fica-mais-barata-a-partir-de-22-de-abril-anuncia-aneel\/","url":"https:\/\/deputadotaveirajr.com.br\/index.php\/conta-de-energia-no-rn-fica-mais-barata-a-partir-de-22-de-abril-anuncia-aneel\/","name":"Conta de energia no RN fica mais barata a partir de 22 de abril, anuncia Aneel - Taveira Jr","isPartOf":{"@id":"https:\/\/deputadotaveirajr.com.br\/#website"},"primaryImageOfPage":{"@id":"https:\/\/deputadotaveirajr.com.br\/index.php\/conta-de-energia-no-rn-fica-mais-barata-a-partir-de-22-de-abril-anuncia-aneel\/#primaryimage"},"image":{"@id":"https:\/\/deputadotaveirajr.com.br\/index.php\/conta-de-energia-no-rn-fica-mais-barata-a-partir-de-22-de-abril-anuncia-aneel\/#primaryimage"},"thumbnailUrl":"https:\/\/deputadotaveirajr.com.br\/wp-content\/uploads\/2025\/04\/lampada-MgKAbm.jpg","datePublished":"2025-04-15T18:01:11+00:00","breadcrumb":{"@id":"https:\/\/deputadotaveirajr.com.br\/index.php\/conta-de-energia-no-rn-fica-mais-barata-a-partir-de-22-de-abril-anuncia-aneel\/#breadcrumb"},"inLanguage":"pt-BR","potentialAction":[{"@type":"ReadAction","target":["https:\/\/deputadotaveirajr.com.br\/index.php\/conta-de-energia-no-rn-fica-mais-barata-a-partir-de-22-de-abril-anuncia-aneel\/"]}]},{"@type":"ImageObject","inLanguage":"pt-BR","@id":"https:\/\/deputadotaveirajr.com.br\/index.php\/conta-de-energia-no-rn-fica-mais-barata-a-partir-de-22-de-abril-anuncia-aneel\/#primaryimage","url":"https:\/\/deputadotaveirajr.com.br\/wp-content\/uploads\/2025\/04\/lampada-MgKAbm.jpg","contentUrl":"https:\/\/deputadotaveirajr.com.br\/wp-content\/uploads\/2025\/04\/lampada-MgKAbm.jpg","width":1500,"height":1001},{"@type":"BreadcrumbList","@id":"https:\/\/deputadotaveirajr.com.br\/index.php\/conta-de-energia-no-rn-fica-mais-barata-a-partir-de-22-de-abril-anuncia-aneel\/#breadcrumb","itemListElement":[{"@type":"ListItem","position":1,"name":"In\u00edcio","item":"https:\/\/deputadotaveirajr.com.br\/"},{"@type":"ListItem","position":2,"name":"Conta de energia no RN fica mais barata a partir de 22 de abril, anuncia Aneel"}]},{"@type":"WebSite","@id":"https:\/\/deputadotaveirajr.com.br\/#website","url":"https:\/\/deputadotaveirajr.com.br\/","name":"Taveira Jr","description":"Deputado Estadual","publisher":{"@id":"https:\/\/deputadotaveirajr.com.br\/#organization"},"potentialAction":[{"@type":"SearchAction","target":{"@type":"EntryPoint","urlTemplate":"https:\/\/deputadotaveirajr.com.br\/?s={search_term_string}"},"query-input":{"@type":"PropertyValueSpecification","valueRequired":true,"valueName":"search_term_string"}}],"inLanguage":"pt-BR"},{"@type":"Organization","@id":"https:\/\/deputadotaveirajr.com.br\/#organization","name":"Taveira Jr","url":"https:\/\/deputadotaveirajr.com.br\/","logo":{"@type":"ImageObject","inLanguage":"pt-BR","@id":"https:\/\/deputadotaveirajr.com.br\/#\/schema\/logo\/image\/","url":"https:\/\/deputadotaveirajr.com.br\/wp-content\/uploads\/2026\/01\/logolow2a.png","contentUrl":"https:\/\/deputadotaveirajr.com.br\/wp-content\/uploads\/2026\/01\/logolow2a.png","width":290,"height":80,"caption":"Taveira Jr"},"image":{"@id":"https:\/\/deputadotaveirajr.com.br\/#\/schema\/logo\/image\/"}}]}},"_links":{"self":[{"href":"https:\/\/deputadotaveirajr.com.br\/index.php\/wp-json\/wp\/v2\/pages\/12788","targetHints":{"allow":["GET"]}}],"collection":[{"href":"https:\/\/deputadotaveirajr.com.br\/index.php\/wp-json\/wp\/v2\/pages"}],"about":[{"href":"https:\/\/deputadotaveirajr.com.br\/index.php\/wp-json\/wp\/v2\/types\/page"}],"replies":[{"embeddable":true,"href":"https:\/\/deputadotaveirajr.com.br\/index.php\/wp-json\/wp\/v2\/comments?post=12788"}],"version-history":[{"count":0,"href":"https:\/\/deputadotaveirajr.com.br\/index.php\/wp-json\/wp\/v2\/pages\/12788\/revisions"}],"wp:featuredmedia":[{"embeddable":true,"href":"https:\/\/deputadotaveirajr.com.br\/index.php\/wp-json\/wp\/v2\/media\/12789"}],"wp:attachment":[{"href":"https:\/\/deputadotaveirajr.com.br\/index.php\/wp-json\/wp\/v2\/media?parent=12788"}],"curies":[{"name":"wp","href":"https:\/\/api.w.org\/{rel}","templated":true}]}}