{"id":12796,"date":"2025-04-16T09:25:49","date_gmt":"2025-04-16T12:25:49","guid":{"rendered":"https:\/\/deputadotaveirajr.com.br\/index.php\/policia-cumpre-14-mandados-e-autua-suspeito-em-flagrante-durante-investigacao-sobre-furtos-de-fios-eletricos-no-rn\/"},"modified":"2025-04-16T09:25:49","modified_gmt":"2025-04-16T12:25:49","slug":"policia-cumpre-14-mandados-e-autua-suspeito-em-flagrante-durante-investigacao-sobre-furtos-de-fios-eletricos-no-rn","status":"publish","type":"page","link":"https:\/\/deputadotaveirajr.com.br\/index.php\/policia-cumpre-14-mandados-e-autua-suspeito-em-flagrante-durante-investigacao-sobre-furtos-de-fios-eletricos-no-rn\/","title":{"rendered":"Pol\u00edcia cumpre 14 mandados e autua suspeito em flagrante durante investiga\u00e7\u00e3o sobre furtos de fios el\u00e9tricos no RN"},"content":{"rendered":"<p><img decoding=\"async\" src=\"https:\/\/s2-g1.glbimg.com\/DlWoZZ9jNaJ1uvZrVhGYVPhUQVQ=\/i.s3.glbimg.com\/v1\/AUTH_59edd422c0c84a879bd37670ae4f538a\/internal_photos\/bs\/2025\/L\/K\/WMpGXWT8W1cNlAloborw\/cabos.jpg\" \/><br \/>     Opera\u00e7\u00e3o Filamento foi deflagrada nesta ter\u00e7a-feira (15) em Mossor\u00f3, Assu, Tibau, Areia Branca e Serra do Mel. Opera\u00e7\u00e3o combate roubo de fios na regi\u00e3o Oeste<br \/>\nAp\u00f3s o furto de quase 3 km de cabos de energia entre o domingo (13) e a segunda-feira (14), a Pol\u00edcia Civil do Rio Grande do Norte deflagrou uma opera\u00e7\u00e3o nesta ter\u00e7a-feira (15) para combater o furto de fios da rede el\u00e9trica na regi\u00e3o Oeste potiguar.<br \/>\nSomente nos \u00faltimos seis meses, foram registradas 29 ocorr\u00eancias desse tipo na regi\u00e3o, segundo a Pol\u00edcia Civil. O preju\u00edzo estimado \u00e9 de R$ 700 mil.<br \/>\nDurante a Opera\u00e7\u00e3o Filamento, foram cumpridos 14 mandados de busca e apreens\u00e3o em cinco munic\u00edpios: Mossor\u00f3, Assu, Tibau, Areia Branca e Serra do Mel.<br \/>\n\ud83d\udcf3Participe do canal do g1 RN no WhatsApp<br \/>\nEm Assu, uma pessoa foi autuada em flagrante pelo crime de recepta\u00e7\u00e3o, ao ser encontrada com produtos roubados.<br \/>\n&#8220;A maior parte dos mandados se dirigiu a estabelecimentos comerciais. Parte deles em Mossor\u00f3 e alguns em outras cidades da regi\u00e3o&#8221;, disse o delegado Elvis Tavares.<br \/>\nDe acordo com a Pol\u00edcia Civil, a opera\u00e7\u00e3o visa reunir provas para auxiliar nas investiga\u00e7\u00f5es em andamento sobre os furtos de fios da rede el\u00e9trica e desarticular o esquema criminoso que tem atuado com frequ\u00eancia na regi\u00e3o da Costa Branca.<br \/>\nSomente entre a madrugada do \u00faltimo domingo (13) e a madrugada de segunda-feira (14), criminosos furtaram quase 3 km de fios da rede de m\u00e9dia tens\u00e3o em cidades do oeste potiguar, segundo a distribuidora de energia do estado.<br \/>\nNo domingo, foram furtados quase 2 km de fios nas praias de Ponta do Melo, Pedra Grande e Praia dos Rosados, entre Areia Branca e Porto do Mangue, deixando 339 unidades consumidoras sem energia por aproximadamente 16 horas.<br \/>\nCerca de 24 horas depois, na madrugada de segunda-feira, na regi\u00e3o rural conhecida como Serra Vermelha, entre Areia Branca e Mossor\u00f3, foram furtados 900 metros de cabos, afetando 313 unidades consumidoras, incluindo unidades de sa\u00fade, escolas, servi\u00e7os de telefonia e internet, restaurantes e pousadas.<br \/>\nA &#8220;Opera\u00e7\u00e3o Filamento&#8221; faz refer\u00eancia ao filamento condutor, geralmente de cobre, que \u00e9 comercializado pelos criminosos.<br \/>\nCriminosos furtaram quase 3 km de cabos de energia em 24 horas<br \/>\nNeoenergia Cosern\/Divulga\u00e7\u00e3o<br \/>\nVeja os v\u00eddeos mais assistidos no g1 RN<\/p>","protected":false},"excerpt":{"rendered":"<p>Opera\u00e7\u00e3o Filamento foi deflagrada nesta ter\u00e7a-feira (15) em Mossor\u00f3, Assu, Tibau, Areia Branca e Serra do Mel. Opera\u00e7\u00e3o combate roubo de fios na regi\u00e3o Oeste Ap\u00f3s o furto de quase &#8230;<\/p>\n","protected":false},"author":0,"featured_media":12797,"parent":0,"menu_order":0,"comment_status":"closed","ping_status":"closed","template":"","meta":{"footnotes":""},"class_list":["post-12796","page","type-page","status-publish","has-post-thumbnail","hentry"],"yoast_head":"<!-- This site is optimized with the Yoast SEO plugin v27.1.1 - https:\/\/yoast.com\/product\/yoast-seo-wordpress\/ -->\n<title>Pol\u00edcia cumpre 14 mandados e autua suspeito em flagrante durante investiga\u00e7\u00e3o sobre furtos de fios el\u00e9tricos no RN - Taveira Jr<\/title>\n<meta name=\"robots\" content=\"index, follow, max-snippet:-1, max-image-preview:large, max-video-preview:-1\" \/>\n<link rel=\"canonical\" href=\"https:\/\/deputadotaveirajr.com.br\/index.php\/policia-cumpre-14-mandados-e-autua-suspeito-em-flagrante-durante-investigacao-sobre-furtos-de-fios-eletricos-no-rn\/\" \/>\n<meta property=\"og:locale\" content=\"pt_BR\" \/>\n<meta property=\"og:type\" content=\"article\" \/>\n<meta property=\"og:title\" content=\"Pol\u00edcia cumpre 14 mandados e autua suspeito em flagrante durante investiga\u00e7\u00e3o sobre furtos de fios el\u00e9tricos no RN - Taveira Jr\" \/>\n<meta property=\"og:description\" content=\"Opera\u00e7\u00e3o Filamento foi deflagrada nesta ter\u00e7a-feira (15) em Mossor\u00f3, Assu, Tibau, Areia Branca e Serra do Mel. Opera\u00e7\u00e3o combate roubo de fios na regi\u00e3o Oeste Ap\u00f3s o furto de quase ...\" \/>\n<meta property=\"og:url\" content=\"https:\/\/deputadotaveirajr.com.br\/index.php\/policia-cumpre-14-mandados-e-autua-suspeito-em-flagrante-durante-investigacao-sobre-furtos-de-fios-eletricos-no-rn\/\" \/>\n<meta property=\"og:site_name\" content=\"Taveira Jr\" \/>\n<meta property=\"og:image\" content=\"https:\/\/s2-g1.glbimg.com\/DlWoZZ9jNaJ1uvZrVhGYVPhUQVQ=\/i.s3.glbimg.com\/v1\/AUTH_59edd422c0c84a879bd37670ae4f538a\/internal_photos\/bs\/2025\/L\/K\/WMpGXWT8W1cNlAloborw\/cabos.jpg\" \/>\n<meta name=\"twitter:card\" content=\"summary_large_image\" \/>\n<meta name=\"twitter:label1\" content=\"Est. tempo de leitura\" \/>\n\t<meta name=\"twitter:data1\" content=\"2 minutos\" \/>\n<script type=\"application\/ld+json\" class=\"yoast-schema-graph\">{\"@context\":\"https:\/\/schema.org\",\"@graph\":[{\"@type\":\"WebPage\",\"@id\":\"https:\/\/deputadotaveirajr.com.br\/index.php\/policia-cumpre-14-mandados-e-autua-suspeito-em-flagrante-durante-investigacao-sobre-furtos-de-fios-eletricos-no-rn\/\",\"url\":\"https:\/\/deputadotaveirajr.com.br\/index.php\/policia-cumpre-14-mandados-e-autua-suspeito-em-flagrante-durante-investigacao-sobre-furtos-de-fios-eletricos-no-rn\/\",\"name\":\"Pol\u00edcia cumpre 14 mandados e autua suspeito em flagrante durante investiga\u00e7\u00e3o sobre furtos de fios el\u00e9tricos no RN - Taveira Jr\",\"isPartOf\":{\"@id\":\"https:\/\/deputadotaveirajr.com.br\/#website\"},\"primaryImageOfPage\":{\"@id\":\"https:\/\/deputadotaveirajr.com.br\/index.php\/policia-cumpre-14-mandados-e-autua-suspeito-em-flagrante-durante-investigacao-sobre-furtos-de-fios-eletricos-no-rn\/#primaryimage\"},\"image\":{\"@id\":\"https:\/\/deputadotaveirajr.com.br\/index.php\/policia-cumpre-14-mandados-e-autua-suspeito-em-flagrante-durante-investigacao-sobre-furtos-de-fios-eletricos-no-rn\/#primaryimage\"},\"thumbnailUrl\":\"https:\/\/deputadotaveirajr.com.br\/wp-content\/uploads\/2025\/04\/cabos-doTkgA.jpg\",\"datePublished\":\"2025-04-16T12:25:49+00:00\",\"breadcrumb\":{\"@id\":\"https:\/\/deputadotaveirajr.com.br\/index.php\/policia-cumpre-14-mandados-e-autua-suspeito-em-flagrante-durante-investigacao-sobre-furtos-de-fios-eletricos-no-rn\/#breadcrumb\"},\"inLanguage\":\"pt-BR\",\"potentialAction\":[{\"@type\":\"ReadAction\",\"target\":[\"https:\/\/deputadotaveirajr.com.br\/index.php\/policia-cumpre-14-mandados-e-autua-suspeito-em-flagrante-durante-investigacao-sobre-furtos-de-fios-eletricos-no-rn\/\"]}]},{\"@type\":\"ImageObject\",\"inLanguage\":\"pt-BR\",\"@id\":\"https:\/\/deputadotaveirajr.com.br\/index.php\/policia-cumpre-14-mandados-e-autua-suspeito-em-flagrante-durante-investigacao-sobre-furtos-de-fios-eletricos-no-rn\/#primaryimage\",\"url\":\"https:\/\/deputadotaveirajr.com.br\/wp-content\/uploads\/2025\/04\/cabos-doTkgA.jpg\",\"contentUrl\":\"https:\/\/deputadotaveirajr.com.br\/wp-content\/uploads\/2025\/04\/cabos-doTkgA.jpg\",\"width\":1445,\"height\":900},{\"@type\":\"BreadcrumbList\",\"@id\":\"https:\/\/deputadotaveirajr.com.br\/index.php\/policia-cumpre-14-mandados-e-autua-suspeito-em-flagrante-durante-investigacao-sobre-furtos-de-fios-eletricos-no-rn\/#breadcrumb\",\"itemListElement\":[{\"@type\":\"ListItem\",\"position\":1,\"name\":\"In\u00edcio\",\"item\":\"https:\/\/deputadotaveirajr.com.br\/\"},{\"@type\":\"ListItem\",\"position\":2,\"name\":\"Pol\u00edcia cumpre 14 mandados e autua suspeito em flagrante durante investiga\u00e7\u00e3o sobre furtos de fios el\u00e9tricos no RN\"}]},{\"@type\":\"WebSite\",\"@id\":\"https:\/\/deputadotaveirajr.com.br\/#website\",\"url\":\"https:\/\/deputadotaveirajr.com.br\/\",\"name\":\"Taveira Jr\",\"description\":\"Deputado Estadual\",\"publisher\":{\"@id\":\"https:\/\/deputadotaveirajr.com.br\/#organization\"},\"potentialAction\":[{\"@type\":\"SearchAction\",\"target\":{\"@type\":\"EntryPoint\",\"urlTemplate\":\"https:\/\/deputadotaveirajr.com.br\/?s={search_term_string}\"},\"query-input\":{\"@type\":\"PropertyValueSpecification\",\"valueRequired\":true,\"valueName\":\"search_term_string\"}}],\"inLanguage\":\"pt-BR\"},{\"@type\":\"Organization\",\"@id\":\"https:\/\/deputadotaveirajr.com.br\/#organization\",\"name\":\"Taveira Jr\",\"url\":\"https:\/\/deputadotaveirajr.com.br\/\",\"logo\":{\"@type\":\"ImageObject\",\"inLanguage\":\"pt-BR\",\"@id\":\"https:\/\/deputadotaveirajr.com.br\/#\/schema\/logo\/image\/\",\"url\":\"https:\/\/deputadotaveirajr.com.br\/wp-content\/uploads\/2026\/01\/logolow2a.png\",\"contentUrl\":\"https:\/\/deputadotaveirajr.com.br\/wp-content\/uploads\/2026\/01\/logolow2a.png\",\"width\":290,\"height\":80,\"caption\":\"Taveira Jr\"},\"image\":{\"@id\":\"https:\/\/deputadotaveirajr.com.br\/#\/schema\/logo\/image\/\"}}]}<\/script>\n<!-- \/ Yoast SEO plugin. -->","yoast_head_json":{"title":"Pol\u00edcia cumpre 14 mandados e autua suspeito em flagrante durante investiga\u00e7\u00e3o sobre furtos de fios el\u00e9tricos no RN - Taveira Jr","robots":{"index":"index","follow":"follow","max-snippet":"max-snippet:-1","max-image-preview":"max-image-preview:large","max-video-preview":"max-video-preview:-1"},"canonical":"https:\/\/deputadotaveirajr.com.br\/index.php\/policia-cumpre-14-mandados-e-autua-suspeito-em-flagrante-durante-investigacao-sobre-furtos-de-fios-eletricos-no-rn\/","og_locale":"pt_BR","og_type":"article","og_title":"Pol\u00edcia cumpre 14 mandados e autua suspeito em flagrante durante investiga\u00e7\u00e3o sobre furtos de fios el\u00e9tricos no RN - Taveira Jr","og_description":"Opera\u00e7\u00e3o Filamento foi deflagrada nesta ter\u00e7a-feira (15) em Mossor\u00f3, Assu, Tibau, Areia Branca e Serra do Mel. Opera\u00e7\u00e3o combate roubo de fios na regi\u00e3o Oeste Ap\u00f3s o furto de quase ...","og_url":"https:\/\/deputadotaveirajr.com.br\/index.php\/policia-cumpre-14-mandados-e-autua-suspeito-em-flagrante-durante-investigacao-sobre-furtos-de-fios-eletricos-no-rn\/","og_site_name":"Taveira Jr","og_image":[{"url":"https:\/\/s2-g1.glbimg.com\/DlWoZZ9jNaJ1uvZrVhGYVPhUQVQ=\/i.s3.glbimg.com\/v1\/AUTH_59edd422c0c84a879bd37670ae4f538a\/internal_photos\/bs\/2025\/L\/K\/WMpGXWT8W1cNlAloborw\/cabos.jpg","type":"","width":"","height":""}],"twitter_card":"summary_large_image","twitter_misc":{"Est. tempo de leitura":"2 minutos"},"schema":{"@context":"https:\/\/schema.org","@graph":[{"@type":"WebPage","@id":"https:\/\/deputadotaveirajr.com.br\/index.php\/policia-cumpre-14-mandados-e-autua-suspeito-em-flagrante-durante-investigacao-sobre-furtos-de-fios-eletricos-no-rn\/","url":"https:\/\/deputadotaveirajr.com.br\/index.php\/policia-cumpre-14-mandados-e-autua-suspeito-em-flagrante-durante-investigacao-sobre-furtos-de-fios-eletricos-no-rn\/","name":"Pol\u00edcia cumpre 14 mandados e autua suspeito em flagrante durante investiga\u00e7\u00e3o sobre furtos de fios el\u00e9tricos no RN - Taveira Jr","isPartOf":{"@id":"https:\/\/deputadotaveirajr.com.br\/#website"},"primaryImageOfPage":{"@id":"https:\/\/deputadotaveirajr.com.br\/index.php\/policia-cumpre-14-mandados-e-autua-suspeito-em-flagrante-durante-investigacao-sobre-furtos-de-fios-eletricos-no-rn\/#primaryimage"},"image":{"@id":"https:\/\/deputadotaveirajr.com.br\/index.php\/policia-cumpre-14-mandados-e-autua-suspeito-em-flagrante-durante-investigacao-sobre-furtos-de-fios-eletricos-no-rn\/#primaryimage"},"thumbnailUrl":"https:\/\/deputadotaveirajr.com.br\/wp-content\/uploads\/2025\/04\/cabos-doTkgA.jpg","datePublished":"2025-04-16T12:25:49+00:00","breadcrumb":{"@id":"https:\/\/deputadotaveirajr.com.br\/index.php\/policia-cumpre-14-mandados-e-autua-suspeito-em-flagrante-durante-investigacao-sobre-furtos-de-fios-eletricos-no-rn\/#breadcrumb"},"inLanguage":"pt-BR","potentialAction":[{"@type":"ReadAction","target":["https:\/\/deputadotaveirajr.com.br\/index.php\/policia-cumpre-14-mandados-e-autua-suspeito-em-flagrante-durante-investigacao-sobre-furtos-de-fios-eletricos-no-rn\/"]}]},{"@type":"ImageObject","inLanguage":"pt-BR","@id":"https:\/\/deputadotaveirajr.com.br\/index.php\/policia-cumpre-14-mandados-e-autua-suspeito-em-flagrante-durante-investigacao-sobre-furtos-de-fios-eletricos-no-rn\/#primaryimage","url":"https:\/\/deputadotaveirajr.com.br\/wp-content\/uploads\/2025\/04\/cabos-doTkgA.jpg","contentUrl":"https:\/\/deputadotaveirajr.com.br\/wp-content\/uploads\/2025\/04\/cabos-doTkgA.jpg","width":1445,"height":900},{"@type":"BreadcrumbList","@id":"https:\/\/deputadotaveirajr.com.br\/index.php\/policia-cumpre-14-mandados-e-autua-suspeito-em-flagrante-durante-investigacao-sobre-furtos-de-fios-eletricos-no-rn\/#breadcrumb","itemListElement":[{"@type":"ListItem","position":1,"name":"In\u00edcio","item":"https:\/\/deputadotaveirajr.com.br\/"},{"@type":"ListItem","position":2,"name":"Pol\u00edcia cumpre 14 mandados e autua suspeito em flagrante durante investiga\u00e7\u00e3o sobre furtos de fios el\u00e9tricos no RN"}]},{"@type":"WebSite","@id":"https:\/\/deputadotaveirajr.com.br\/#website","url":"https:\/\/deputadotaveirajr.com.br\/","name":"Taveira Jr","description":"Deputado Estadual","publisher":{"@id":"https:\/\/deputadotaveirajr.com.br\/#organization"},"potentialAction":[{"@type":"SearchAction","target":{"@type":"EntryPoint","urlTemplate":"https:\/\/deputadotaveirajr.com.br\/?s={search_term_string}"},"query-input":{"@type":"PropertyValueSpecification","valueRequired":true,"valueName":"search_term_string"}}],"inLanguage":"pt-BR"},{"@type":"Organization","@id":"https:\/\/deputadotaveirajr.com.br\/#organization","name":"Taveira Jr","url":"https:\/\/deputadotaveirajr.com.br\/","logo":{"@type":"ImageObject","inLanguage":"pt-BR","@id":"https:\/\/deputadotaveirajr.com.br\/#\/schema\/logo\/image\/","url":"https:\/\/deputadotaveirajr.com.br\/wp-content\/uploads\/2026\/01\/logolow2a.png","contentUrl":"https:\/\/deputadotaveirajr.com.br\/wp-content\/uploads\/2026\/01\/logolow2a.png","width":290,"height":80,"caption":"Taveira Jr"},"image":{"@id":"https:\/\/deputadotaveirajr.com.br\/#\/schema\/logo\/image\/"}}]}},"_links":{"self":[{"href":"https:\/\/deputadotaveirajr.com.br\/index.php\/wp-json\/wp\/v2\/pages\/12796","targetHints":{"allow":["GET"]}}],"collection":[{"href":"https:\/\/deputadotaveirajr.com.br\/index.php\/wp-json\/wp\/v2\/pages"}],"about":[{"href":"https:\/\/deputadotaveirajr.com.br\/index.php\/wp-json\/wp\/v2\/types\/page"}],"replies":[{"embeddable":true,"href":"https:\/\/deputadotaveirajr.com.br\/index.php\/wp-json\/wp\/v2\/comments?post=12796"}],"version-history":[{"count":0,"href":"https:\/\/deputadotaveirajr.com.br\/index.php\/wp-json\/wp\/v2\/pages\/12796\/revisions"}],"wp:featuredmedia":[{"embeddable":true,"href":"https:\/\/deputadotaveirajr.com.br\/index.php\/wp-json\/wp\/v2\/media\/12797"}],"wp:attachment":[{"href":"https:\/\/deputadotaveirajr.com.br\/index.php\/wp-json\/wp\/v2\/media?parent=12796"}],"curies":[{"name":"wp","href":"https:\/\/api.w.org\/{rel}","templated":true}]}}