{"id":12798,"date":"2025-04-16T11:26:07","date_gmt":"2025-04-16T14:26:07","guid":{"rendered":"https:\/\/deputadotaveirajr.com.br\/index.php\/operacao-apreende-dois-adolescentes-por-incentivar-crimes-em-lives-na-internet\/"},"modified":"2025-04-16T11:26:07","modified_gmt":"2025-04-16T14:26:07","slug":"operacao-apreende-dois-adolescentes-por-incentivar-crimes-em-lives-na-internet","status":"publish","type":"page","link":"https:\/\/deputadotaveirajr.com.br\/index.php\/operacao-apreende-dois-adolescentes-por-incentivar-crimes-em-lives-na-internet\/","title":{"rendered":"Opera\u00e7\u00e3o apreende dois adolescentes por incentivar crimes em lives na internet"},"content":{"rendered":"<p>A\u00e7\u00e3o foi apoiada pelo Minist\u00e9rio da Justi\u00e7a. Apreens\u00f5es ocorreram nas cidades de Belo Horizonte e Ponte Nova, em Minas Gerais. Al\u00e9m disso, foi cumprido mandado de busca e apreens\u00e3o em A\u00e7u, no Rio Grande do Norte.  Dois adolescentes, um de 15 e outro de 16 anos, foram apreendidos nesta quarta-feira (16) em uma opera\u00e7\u00e3o que apura crimes como incentivo \u00e0 automutila\u00e7\u00e3o e crueldade contra animais cometidos durante transmiss\u00f5es ao vivo pela internet.<br \/>\nAs apreens\u00f5es ocorreram nas cidades de Belo Horizonte e Ponte Nova, em Minas Gerais. Al\u00e9m disso, foi cumprido mandado de busca e apreens\u00e3o em A\u00e7u, no Rio Grande do Norte.<br \/>\nAs a\u00e7\u00f5es fazem parte da opera\u00e7\u00e3o \u201cGarmr\u201d, realizada pelas pol\u00edcias civis de Minas Gerais e do Rio Grande do Norte, com o apoio do Laborat\u00f3rio de Opera\u00e7\u00f5es Cibern\u00e9ticas (Ciberlab) e da Secretaria Nacional de Seguran\u00e7a P\u00fablica (Senasp), ligados ao Minist\u00e9rio da Justi\u00e7a e Seguran\u00e7a P\u00fablica.<br \/>\nDe acordo com a investiga\u00e7\u00e3o, os suspeitos administravam servidores onde aconteciam transmiss\u00f5es ao vivo, as chamadas lives, em que eram realizados crimes como automutila\u00e7\u00e3o e tortura de animais. Foi identificada ainda propaga\u00e7\u00e3o de discursos de \u00f3dio.<br \/>\nEm uma das transmiss\u00f5es, segundo a investiga\u00e7\u00e3o, uma adolescente de 15 anos torturou o afilhado, de cinco anos, atendendo a comandos dados pelos dois adolescentes.<br \/>\nEm outro caso, uma adolescente foi induzida a atear fogo no pr\u00f3prio bra\u00e7o. J\u00e1 em um terceiro, uma adolescente se mutilou usando uma l\u00e2mina.<br \/>\nNesta ter\u00e7a (15), uma outra opera\u00e7\u00e3o, a Pol\u00edcia Civil do Rio de Janeiro mirou grupo que praticava crimes cibern\u00e9ticos contra crian\u00e7as e adolescentes em sete estados. A lista de crimes desse grupo inclui crimes de \u00f3dio, pornografia infantil e tentativa de homic\u00eddio.<\/p>","protected":false},"excerpt":{"rendered":"<p>A\u00e7\u00e3o foi apoiada pelo Minist\u00e9rio da Justi\u00e7a. Apreens\u00f5es ocorreram nas cidades de Belo Horizonte e Ponte Nova, em Minas Gerais. Al\u00e9m disso, foi cumprido mandado de busca e apreens\u00e3o em &#8230;<\/p>\n","protected":false},"author":0,"featured_media":0,"parent":0,"menu_order":0,"comment_status":"closed","ping_status":"closed","template":"","meta":{"footnotes":""},"class_list":["post-12798","page","type-page","status-publish","hentry"],"yoast_head":"<!-- This site is optimized with the Yoast SEO plugin v27.1.1 - https:\/\/yoast.com\/product\/yoast-seo-wordpress\/ -->\n<title>Opera\u00e7\u00e3o apreende dois adolescentes por incentivar crimes em lives na internet - Taveira Jr<\/title>\n<meta name=\"robots\" content=\"index, follow, max-snippet:-1, max-image-preview:large, max-video-preview:-1\" \/>\n<link rel=\"canonical\" href=\"https:\/\/deputadotaveirajr.com.br\/index.php\/operacao-apreende-dois-adolescentes-por-incentivar-crimes-em-lives-na-internet\/\" \/>\n<meta property=\"og:locale\" content=\"pt_BR\" \/>\n<meta property=\"og:type\" content=\"article\" \/>\n<meta property=\"og:title\" content=\"Opera\u00e7\u00e3o apreende dois adolescentes por incentivar crimes em lives na internet - Taveira Jr\" \/>\n<meta property=\"og:description\" content=\"A\u00e7\u00e3o foi apoiada pelo Minist\u00e9rio da Justi\u00e7a. Apreens\u00f5es ocorreram nas cidades de Belo Horizonte e Ponte Nova, em Minas Gerais. Al\u00e9m disso, foi cumprido mandado de busca e apreens\u00e3o em ...\" \/>\n<meta property=\"og:url\" content=\"https:\/\/deputadotaveirajr.com.br\/index.php\/operacao-apreende-dois-adolescentes-por-incentivar-crimes-em-lives-na-internet\/\" \/>\n<meta property=\"og:site_name\" content=\"Taveira Jr\" \/>\n<meta name=\"twitter:card\" content=\"summary_large_image\" \/>\n<meta name=\"twitter:label1\" content=\"Est. tempo de leitura\" \/>\n\t<meta name=\"twitter:data1\" content=\"2 minutos\" \/>\n<script type=\"application\/ld+json\" class=\"yoast-schema-graph\">{\"@context\":\"https:\/\/schema.org\",\"@graph\":[{\"@type\":\"WebPage\",\"@id\":\"https:\/\/deputadotaveirajr.com.br\/index.php\/operacao-apreende-dois-adolescentes-por-incentivar-crimes-em-lives-na-internet\/\",\"url\":\"https:\/\/deputadotaveirajr.com.br\/index.php\/operacao-apreende-dois-adolescentes-por-incentivar-crimes-em-lives-na-internet\/\",\"name\":\"Opera\u00e7\u00e3o apreende dois adolescentes por incentivar crimes em lives na internet - Taveira Jr\",\"isPartOf\":{\"@id\":\"https:\/\/deputadotaveirajr.com.br\/#website\"},\"datePublished\":\"2025-04-16T14:26:07+00:00\",\"breadcrumb\":{\"@id\":\"https:\/\/deputadotaveirajr.com.br\/index.php\/operacao-apreende-dois-adolescentes-por-incentivar-crimes-em-lives-na-internet\/#breadcrumb\"},\"inLanguage\":\"pt-BR\",\"potentialAction\":[{\"@type\":\"ReadAction\",\"target\":[\"https:\/\/deputadotaveirajr.com.br\/index.php\/operacao-apreende-dois-adolescentes-por-incentivar-crimes-em-lives-na-internet\/\"]}]},{\"@type\":\"BreadcrumbList\",\"@id\":\"https:\/\/deputadotaveirajr.com.br\/index.php\/operacao-apreende-dois-adolescentes-por-incentivar-crimes-em-lives-na-internet\/#breadcrumb\",\"itemListElement\":[{\"@type\":\"ListItem\",\"position\":1,\"name\":\"In\u00edcio\",\"item\":\"https:\/\/deputadotaveirajr.com.br\/\"},{\"@type\":\"ListItem\",\"position\":2,\"name\":\"Opera\u00e7\u00e3o apreende dois adolescentes por incentivar crimes em lives na internet\"}]},{\"@type\":\"WebSite\",\"@id\":\"https:\/\/deputadotaveirajr.com.br\/#website\",\"url\":\"https:\/\/deputadotaveirajr.com.br\/\",\"name\":\"Taveira Jr\",\"description\":\"Deputado Estadual\",\"publisher\":{\"@id\":\"https:\/\/deputadotaveirajr.com.br\/#organization\"},\"potentialAction\":[{\"@type\":\"SearchAction\",\"target\":{\"@type\":\"EntryPoint\",\"urlTemplate\":\"https:\/\/deputadotaveirajr.com.br\/?s={search_term_string}\"},\"query-input\":{\"@type\":\"PropertyValueSpecification\",\"valueRequired\":true,\"valueName\":\"search_term_string\"}}],\"inLanguage\":\"pt-BR\"},{\"@type\":\"Organization\",\"@id\":\"https:\/\/deputadotaveirajr.com.br\/#organization\",\"name\":\"Taveira Jr\",\"url\":\"https:\/\/deputadotaveirajr.com.br\/\",\"logo\":{\"@type\":\"ImageObject\",\"inLanguage\":\"pt-BR\",\"@id\":\"https:\/\/deputadotaveirajr.com.br\/#\/schema\/logo\/image\/\",\"url\":\"https:\/\/deputadotaveirajr.com.br\/wp-content\/uploads\/2026\/01\/logolow2a.png\",\"contentUrl\":\"https:\/\/deputadotaveirajr.com.br\/wp-content\/uploads\/2026\/01\/logolow2a.png\",\"width\":290,\"height\":80,\"caption\":\"Taveira Jr\"},\"image\":{\"@id\":\"https:\/\/deputadotaveirajr.com.br\/#\/schema\/logo\/image\/\"}}]}<\/script>\n<!-- \/ Yoast SEO plugin. -->","yoast_head_json":{"title":"Opera\u00e7\u00e3o apreende dois adolescentes por incentivar crimes em lives na internet - Taveira Jr","robots":{"index":"index","follow":"follow","max-snippet":"max-snippet:-1","max-image-preview":"max-image-preview:large","max-video-preview":"max-video-preview:-1"},"canonical":"https:\/\/deputadotaveirajr.com.br\/index.php\/operacao-apreende-dois-adolescentes-por-incentivar-crimes-em-lives-na-internet\/","og_locale":"pt_BR","og_type":"article","og_title":"Opera\u00e7\u00e3o apreende dois adolescentes por incentivar crimes em lives na internet - Taveira Jr","og_description":"A\u00e7\u00e3o foi apoiada pelo Minist\u00e9rio da Justi\u00e7a. Apreens\u00f5es ocorreram nas cidades de Belo Horizonte e Ponte Nova, em Minas Gerais. Al\u00e9m disso, foi cumprido mandado de busca e apreens\u00e3o em ...","og_url":"https:\/\/deputadotaveirajr.com.br\/index.php\/operacao-apreende-dois-adolescentes-por-incentivar-crimes-em-lives-na-internet\/","og_site_name":"Taveira Jr","twitter_card":"summary_large_image","twitter_misc":{"Est. tempo de leitura":"2 minutos"},"schema":{"@context":"https:\/\/schema.org","@graph":[{"@type":"WebPage","@id":"https:\/\/deputadotaveirajr.com.br\/index.php\/operacao-apreende-dois-adolescentes-por-incentivar-crimes-em-lives-na-internet\/","url":"https:\/\/deputadotaveirajr.com.br\/index.php\/operacao-apreende-dois-adolescentes-por-incentivar-crimes-em-lives-na-internet\/","name":"Opera\u00e7\u00e3o apreende dois adolescentes por incentivar crimes em lives na internet - Taveira Jr","isPartOf":{"@id":"https:\/\/deputadotaveirajr.com.br\/#website"},"datePublished":"2025-04-16T14:26:07+00:00","breadcrumb":{"@id":"https:\/\/deputadotaveirajr.com.br\/index.php\/operacao-apreende-dois-adolescentes-por-incentivar-crimes-em-lives-na-internet\/#breadcrumb"},"inLanguage":"pt-BR","potentialAction":[{"@type":"ReadAction","target":["https:\/\/deputadotaveirajr.com.br\/index.php\/operacao-apreende-dois-adolescentes-por-incentivar-crimes-em-lives-na-internet\/"]}]},{"@type":"BreadcrumbList","@id":"https:\/\/deputadotaveirajr.com.br\/index.php\/operacao-apreende-dois-adolescentes-por-incentivar-crimes-em-lives-na-internet\/#breadcrumb","itemListElement":[{"@type":"ListItem","position":1,"name":"In\u00edcio","item":"https:\/\/deputadotaveirajr.com.br\/"},{"@type":"ListItem","position":2,"name":"Opera\u00e7\u00e3o apreende dois adolescentes por incentivar crimes em lives na internet"}]},{"@type":"WebSite","@id":"https:\/\/deputadotaveirajr.com.br\/#website","url":"https:\/\/deputadotaveirajr.com.br\/","name":"Taveira Jr","description":"Deputado Estadual","publisher":{"@id":"https:\/\/deputadotaveirajr.com.br\/#organization"},"potentialAction":[{"@type":"SearchAction","target":{"@type":"EntryPoint","urlTemplate":"https:\/\/deputadotaveirajr.com.br\/?s={search_term_string}"},"query-input":{"@type":"PropertyValueSpecification","valueRequired":true,"valueName":"search_term_string"}}],"inLanguage":"pt-BR"},{"@type":"Organization","@id":"https:\/\/deputadotaveirajr.com.br\/#organization","name":"Taveira Jr","url":"https:\/\/deputadotaveirajr.com.br\/","logo":{"@type":"ImageObject","inLanguage":"pt-BR","@id":"https:\/\/deputadotaveirajr.com.br\/#\/schema\/logo\/image\/","url":"https:\/\/deputadotaveirajr.com.br\/wp-content\/uploads\/2026\/01\/logolow2a.png","contentUrl":"https:\/\/deputadotaveirajr.com.br\/wp-content\/uploads\/2026\/01\/logolow2a.png","width":290,"height":80,"caption":"Taveira Jr"},"image":{"@id":"https:\/\/deputadotaveirajr.com.br\/#\/schema\/logo\/image\/"}}]}},"_links":{"self":[{"href":"https:\/\/deputadotaveirajr.com.br\/index.php\/wp-json\/wp\/v2\/pages\/12798","targetHints":{"allow":["GET"]}}],"collection":[{"href":"https:\/\/deputadotaveirajr.com.br\/index.php\/wp-json\/wp\/v2\/pages"}],"about":[{"href":"https:\/\/deputadotaveirajr.com.br\/index.php\/wp-json\/wp\/v2\/types\/page"}],"replies":[{"embeddable":true,"href":"https:\/\/deputadotaveirajr.com.br\/index.php\/wp-json\/wp\/v2\/comments?post=12798"}],"version-history":[{"count":0,"href":"https:\/\/deputadotaveirajr.com.br\/index.php\/wp-json\/wp\/v2\/pages\/12798\/revisions"}],"wp:attachment":[{"href":"https:\/\/deputadotaveirajr.com.br\/index.php\/wp-json\/wp\/v2\/media?parent=12798"}],"curies":[{"name":"wp","href":"https:\/\/api.w.org\/{rel}","templated":true}]}}