{"id":12799,"date":"2025-04-16T11:17:07","date_gmt":"2025-04-16T14:17:07","guid":{"rendered":"https:\/\/deputadotaveirajr.com.br\/index.php\/prefeitura-de-natal-cria-grupo-para-discutir-urbanizacao-e-paisagismo-da-orla-de-ponta-negra-apos-engorda\/"},"modified":"2025-04-16T11:17:07","modified_gmt":"2025-04-16T14:17:07","slug":"prefeitura-de-natal-cria-grupo-para-discutir-urbanizacao-e-paisagismo-da-orla-de-ponta-negra-apos-engorda","status":"publish","type":"page","link":"https:\/\/deputadotaveirajr.com.br\/index.php\/prefeitura-de-natal-cria-grupo-para-discutir-urbanizacao-e-paisagismo-da-orla-de-ponta-negra-apos-engorda\/","title":{"rendered":"Prefeitura de Natal cria grupo para discutir urbaniza\u00e7\u00e3o e paisagismo da orla de Ponta Negra ap\u00f3s engorda"},"content":{"rendered":"<p><img decoding=\"async\" src=\"https:\/\/s2-g1.glbimg.com\/jckt8552iEKFDIcb4TpIFj1gkfQ=\/i.s3.glbimg.com\/v1\/AUTH_59edd422c0c84a879bd37670ae4f538a\/internal_photos\/bs\/2025\/1\/H\/nIyl35S6m6SayBHienlA\/whatsapp-image-2025-04-16-at-11.14.37.jpeg\" \/><br \/>     Grupo ser\u00e1 coordenado pela Secretaria Municipal de Concess\u00f5es, Parcerias, Empreendedorismo e Inova\u00e7\u00f5es de Natal.  Praia de Ponta Negra, em Natal, ap\u00f3s engorda (Arquivo)<br \/>\nS\u00e9rgio Henrique Santos\/Inter TV Cabugi<br \/>\nA Prefeitura de Natal publicou nesta ter\u00e7a-feira (15) um decreto que cria um grupo de trabalho para a elabora\u00e7\u00e3o do Projeto de Urbaniza\u00e7\u00e3o e paisagismo da Orla da Praia de Ponta Negra.<br \/>\nA medida foi tomada ap\u00f3s a conclus\u00e3o da obra de engorda da praia, que ampliou a faixa de areia ao longo de 4 km da praia.<br \/>\n\ud83d\udcf3Participe do canal do g1 RN no WhatsApp<br \/>\nO grupo ter\u00e1 oito meses para, entre outras atividades, elaborar um termo de refer\u00eancia e realizar um concurso para escolha do projeto de reurbaniza\u00e7\u00e3o da praia.<br \/>\nAinda segundo o decreto, o Grupo de Trabalho ser\u00e1 composto por membros indicados por diversas secretarias municipais, incluindo:<br \/>\nSecretaria Municipal de Concess\u00f5es, Parcerias, Empreendedorismo e Inova\u00e7\u00f5es (Sepae), respons\u00e1vel pela coordena\u00e7\u00e3o do grupo;<br \/>\nSecretaria Municipal de Urbanismo e Meio Ambiente (Semurb);<br \/>\nSecretaria Municipal de Turismo (Setur);<br \/>\nSecretaria Municipal de Infraestrutura (Seinfra);<br \/>\nSecretaria Municipal de Mobilidade Urbana (STTU);<br \/>\nSecretaria Municipal de Governo (SMG);<br \/>\nSecretaria Municipal de Comunica\u00e7\u00e3o (Secom);<br \/>\nProcuradoria Geral do Munic\u00edpio (PGM);<br \/>\nSecretaria Municipal de Servi\u00e7os Urbanos (Semsur);<br \/>\nCompanhia de Servi\u00e7os Urbanos de Natal (Urbana).<br \/>\nO secret\u00e1rio de Concess\u00f5es, Parcerias, Empreendedorismo e Inova\u00e7\u00f5es, Arthur Dutra, confirmou ao g1 que ser\u00e1 o coordenador do grupo. De acordo com ele, os membros dever\u00e3o ser indicados por cada secretaria nas pr\u00f3ximas semanas.<br \/>\n&#8220;\u00c9 muito importante ter esse alinhamento interno da gest\u00e3o com as pastas que tem jurisdi\u00e7\u00e3o e atua\u00e7\u00e3o sobre Ponta Negra, para a gente tra\u00e7ar um diagn\u00f3stico, ver quais s\u00e3o os prazos para interven\u00e7\u00f5es depois da engorda. A Seinfra e a Semurb v\u00e3o dizer exatamente, porque tem um prazo em que n\u00e3o podem ser feitas interven\u00e7\u00f5es, para acomoda\u00e7\u00e3o da areia, etc; e \u00e9 o tempo que a gente vai estruturando, ver tamb\u00e9m toda a quest\u00e3o social e econ\u00f4mica envolvida na orla&#8221;, afirma o secret\u00e1rio.<br \/>\nChuva alaga faixa de areia na engorda da praia de Ponta Negra em Natal<br \/>\nSegundo o decreto, o grupo dever\u00e1 fazer um diagn\u00f3stico da situa\u00e7\u00e3o atual da orla de Ponta Negra e elaborar um termo de refer\u00eancia para embasar o projeto de urbaniza\u00e7\u00e3o e paisagismo da praia.<br \/>\nNesse processo, a equipe dever\u00e1 realizar audi\u00eancias p\u00fablicas e consultas \u00e0 sociedade para ouvir sugest\u00f5es e demandas e promover um concurso para selecionar projetos que atendam ao conceito estabelecido no termo de refer\u00eancia.<br \/>\nAinda de acordo com o decreto, o projeto de urbaniza\u00e7\u00e3o e paisagismo da orla da Praia de Ponta Negra ser\u00e1 orientado por premissas, como:<br \/>\nAmplia\u00e7\u00e3o da &#8220;caminhabilidade&#8221; na \u00e1rea de interven\u00e7\u00e3o;<br \/>\nPrivil\u00e9gio \u00e0s solu\u00e7\u00f5es que respeitem a topografia do local;<br \/>\nMaximiza\u00e7\u00e3o de \u00e1reas verdes, preferencialmente com \u00e1rvores frut\u00edferas e\/ou que gerem sombreamento;<br \/>\nPrioriza\u00e7\u00e3o de materiais e solu\u00e7\u00f5es construtivas sustent\u00e1veis, de alta permeabilidade e baixo impacto ambiental;<br \/>\nAdo\u00e7\u00e3o de elementos de acessibilidade universal;<br \/>\nValoriza\u00e7\u00e3o da identidade cultural e paisag\u00edstica local, incluindo elementos art\u00edsticos e arquitet\u00f4nicos inspirados na hist\u00f3ria e no ambiente natural de Ponta Negra;<br \/>\nIncremento de \u00e1reas e equipamentos para atividades de lazer, esporte e conviv\u00eancia;<br \/>\nImplanta\u00e7\u00e3o e\/ou identifica\u00e7\u00e3o de poss\u00edveis \u00e1reas de explora\u00e7\u00e3o econ\u00f4mica para uma futura concess\u00e3o.<br \/>\nEngorda de Ponta Negra alaga novamente<br \/>\nVeja os v\u00eddeos mais assistidos no g1 RN<\/p>","protected":false},"excerpt":{"rendered":"<p>Grupo ser\u00e1 coordenado pela Secretaria Municipal de Concess\u00f5es, Parcerias, Empreendedorismo e Inova\u00e7\u00f5es de Natal. Praia de Ponta Negra, em Natal, ap\u00f3s engorda (Arquivo) S\u00e9rgio Henrique Santos\/Inter TV Cabugi A Prefeitura &#8230;<\/p>\n","protected":false},"author":0,"featured_media":12800,"parent":0,"menu_order":0,"comment_status":"closed","ping_status":"closed","template":"","meta":{"footnotes":""},"class_list":["post-12799","page","type-page","status-publish","has-post-thumbnail","hentry"],"yoast_head":"<!-- This site is optimized with the Yoast SEO plugin v27.1.1 - https:\/\/yoast.com\/product\/yoast-seo-wordpress\/ -->\n<title>Prefeitura de Natal cria grupo para discutir urbaniza\u00e7\u00e3o e paisagismo da orla de Ponta Negra ap\u00f3s engorda - Taveira Jr<\/title>\n<meta name=\"robots\" content=\"index, follow, max-snippet:-1, max-image-preview:large, max-video-preview:-1\" \/>\n<link rel=\"canonical\" href=\"https:\/\/deputadotaveirajr.com.br\/index.php\/prefeitura-de-natal-cria-grupo-para-discutir-urbanizacao-e-paisagismo-da-orla-de-ponta-negra-apos-engorda\/\" \/>\n<meta property=\"og:locale\" content=\"pt_BR\" \/>\n<meta property=\"og:type\" content=\"article\" \/>\n<meta property=\"og:title\" content=\"Prefeitura de Natal cria grupo para discutir urbaniza\u00e7\u00e3o e paisagismo da orla de Ponta Negra ap\u00f3s engorda - Taveira Jr\" \/>\n<meta property=\"og:description\" content=\"Grupo ser\u00e1 coordenado pela Secretaria Municipal de Concess\u00f5es, Parcerias, Empreendedorismo e Inova\u00e7\u00f5es de Natal. Praia de Ponta Negra, em Natal, ap\u00f3s engorda (Arquivo) S\u00e9rgio Henrique Santos\/Inter TV Cabugi A Prefeitura ...\" \/>\n<meta property=\"og:url\" content=\"https:\/\/deputadotaveirajr.com.br\/index.php\/prefeitura-de-natal-cria-grupo-para-discutir-urbanizacao-e-paisagismo-da-orla-de-ponta-negra-apos-engorda\/\" \/>\n<meta property=\"og:site_name\" content=\"Taveira Jr\" \/>\n<meta property=\"og:image\" content=\"https:\/\/s2-g1.glbimg.com\/jckt8552iEKFDIcb4TpIFj1gkfQ=\/i.s3.glbimg.com\/v1\/AUTH_59edd422c0c84a879bd37670ae4f538a\/internal_photos\/bs\/2025\/1\/H\/nIyl35S6m6SayBHienlA\/whatsapp-image-2025-04-16-at-11.14.37.jpeg\" \/>\n<meta name=\"twitter:card\" content=\"summary_large_image\" \/>\n<meta name=\"twitter:label1\" content=\"Est. tempo de leitura\" \/>\n\t<meta name=\"twitter:data1\" content=\"3 minutos\" \/>\n<script type=\"application\/ld+json\" class=\"yoast-schema-graph\">{\"@context\":\"https:\/\/schema.org\",\"@graph\":[{\"@type\":\"WebPage\",\"@id\":\"https:\/\/deputadotaveirajr.com.br\/index.php\/prefeitura-de-natal-cria-grupo-para-discutir-urbanizacao-e-paisagismo-da-orla-de-ponta-negra-apos-engorda\/\",\"url\":\"https:\/\/deputadotaveirajr.com.br\/index.php\/prefeitura-de-natal-cria-grupo-para-discutir-urbanizacao-e-paisagismo-da-orla-de-ponta-negra-apos-engorda\/\",\"name\":\"Prefeitura de Natal cria grupo para discutir urbaniza\u00e7\u00e3o e paisagismo da orla de Ponta Negra ap\u00f3s engorda - Taveira Jr\",\"isPartOf\":{\"@id\":\"https:\/\/deputadotaveirajr.com.br\/#website\"},\"primaryImageOfPage\":{\"@id\":\"https:\/\/deputadotaveirajr.com.br\/index.php\/prefeitura-de-natal-cria-grupo-para-discutir-urbanizacao-e-paisagismo-da-orla-de-ponta-negra-apos-engorda\/#primaryimage\"},\"image\":{\"@id\":\"https:\/\/deputadotaveirajr.com.br\/index.php\/prefeitura-de-natal-cria-grupo-para-discutir-urbanizacao-e-paisagismo-da-orla-de-ponta-negra-apos-engorda\/#primaryimage\"},\"thumbnailUrl\":\"https:\/\/deputadotaveirajr.com.br\/wp-content\/uploads\/2025\/04\/whatsapp-image-2025-04-16-at-11.14.37-tKb9jn.jpg\",\"datePublished\":\"2025-04-16T14:17:07+00:00\",\"breadcrumb\":{\"@id\":\"https:\/\/deputadotaveirajr.com.br\/index.php\/prefeitura-de-natal-cria-grupo-para-discutir-urbanizacao-e-paisagismo-da-orla-de-ponta-negra-apos-engorda\/#breadcrumb\"},\"inLanguage\":\"pt-BR\",\"potentialAction\":[{\"@type\":\"ReadAction\",\"target\":[\"https:\/\/deputadotaveirajr.com.br\/index.php\/prefeitura-de-natal-cria-grupo-para-discutir-urbanizacao-e-paisagismo-da-orla-de-ponta-negra-apos-engorda\/\"]}]},{\"@type\":\"ImageObject\",\"inLanguage\":\"pt-BR\",\"@id\":\"https:\/\/deputadotaveirajr.com.br\/index.php\/prefeitura-de-natal-cria-grupo-para-discutir-urbanizacao-e-paisagismo-da-orla-de-ponta-negra-apos-engorda\/#primaryimage\",\"url\":\"https:\/\/deputadotaveirajr.com.br\/wp-content\/uploads\/2025\/04\/whatsapp-image-2025-04-16-at-11.14.37-tKb9jn.jpg\",\"contentUrl\":\"https:\/\/deputadotaveirajr.com.br\/wp-content\/uploads\/2025\/04\/whatsapp-image-2025-04-16-at-11.14.37-tKb9jn.jpg\",\"width\":1280,\"height\":960},{\"@type\":\"BreadcrumbList\",\"@id\":\"https:\/\/deputadotaveirajr.com.br\/index.php\/prefeitura-de-natal-cria-grupo-para-discutir-urbanizacao-e-paisagismo-da-orla-de-ponta-negra-apos-engorda\/#breadcrumb\",\"itemListElement\":[{\"@type\":\"ListItem\",\"position\":1,\"name\":\"In\u00edcio\",\"item\":\"https:\/\/deputadotaveirajr.com.br\/\"},{\"@type\":\"ListItem\",\"position\":2,\"name\":\"Prefeitura de Natal cria grupo para discutir urbaniza\u00e7\u00e3o e paisagismo da orla de Ponta Negra ap\u00f3s engorda\"}]},{\"@type\":\"WebSite\",\"@id\":\"https:\/\/deputadotaveirajr.com.br\/#website\",\"url\":\"https:\/\/deputadotaveirajr.com.br\/\",\"name\":\"Taveira Jr\",\"description\":\"Deputado Estadual\",\"publisher\":{\"@id\":\"https:\/\/deputadotaveirajr.com.br\/#organization\"},\"potentialAction\":[{\"@type\":\"SearchAction\",\"target\":{\"@type\":\"EntryPoint\",\"urlTemplate\":\"https:\/\/deputadotaveirajr.com.br\/?s={search_term_string}\"},\"query-input\":{\"@type\":\"PropertyValueSpecification\",\"valueRequired\":true,\"valueName\":\"search_term_string\"}}],\"inLanguage\":\"pt-BR\"},{\"@type\":\"Organization\",\"@id\":\"https:\/\/deputadotaveirajr.com.br\/#organization\",\"name\":\"Taveira Jr\",\"url\":\"https:\/\/deputadotaveirajr.com.br\/\",\"logo\":{\"@type\":\"ImageObject\",\"inLanguage\":\"pt-BR\",\"@id\":\"https:\/\/deputadotaveirajr.com.br\/#\/schema\/logo\/image\/\",\"url\":\"https:\/\/deputadotaveirajr.com.br\/wp-content\/uploads\/2026\/01\/logolow2a.png\",\"contentUrl\":\"https:\/\/deputadotaveirajr.com.br\/wp-content\/uploads\/2026\/01\/logolow2a.png\",\"width\":290,\"height\":80,\"caption\":\"Taveira Jr\"},\"image\":{\"@id\":\"https:\/\/deputadotaveirajr.com.br\/#\/schema\/logo\/image\/\"}}]}<\/script>\n<!-- \/ Yoast SEO plugin. -->","yoast_head_json":{"title":"Prefeitura de Natal cria grupo para discutir urbaniza\u00e7\u00e3o e paisagismo da orla de Ponta Negra ap\u00f3s engorda - Taveira Jr","robots":{"index":"index","follow":"follow","max-snippet":"max-snippet:-1","max-image-preview":"max-image-preview:large","max-video-preview":"max-video-preview:-1"},"canonical":"https:\/\/deputadotaveirajr.com.br\/index.php\/prefeitura-de-natal-cria-grupo-para-discutir-urbanizacao-e-paisagismo-da-orla-de-ponta-negra-apos-engorda\/","og_locale":"pt_BR","og_type":"article","og_title":"Prefeitura de Natal cria grupo para discutir urbaniza\u00e7\u00e3o e paisagismo da orla de Ponta Negra ap\u00f3s engorda - Taveira Jr","og_description":"Grupo ser\u00e1 coordenado pela Secretaria Municipal de Concess\u00f5es, Parcerias, Empreendedorismo e Inova\u00e7\u00f5es de Natal. Praia de Ponta Negra, em Natal, ap\u00f3s engorda (Arquivo) S\u00e9rgio Henrique Santos\/Inter TV Cabugi A Prefeitura ...","og_url":"https:\/\/deputadotaveirajr.com.br\/index.php\/prefeitura-de-natal-cria-grupo-para-discutir-urbanizacao-e-paisagismo-da-orla-de-ponta-negra-apos-engorda\/","og_site_name":"Taveira Jr","og_image":[{"url":"https:\/\/s2-g1.glbimg.com\/jckt8552iEKFDIcb4TpIFj1gkfQ=\/i.s3.glbimg.com\/v1\/AUTH_59edd422c0c84a879bd37670ae4f538a\/internal_photos\/bs\/2025\/1\/H\/nIyl35S6m6SayBHienlA\/whatsapp-image-2025-04-16-at-11.14.37.jpeg","type":"","width":"","height":""}],"twitter_card":"summary_large_image","twitter_misc":{"Est. tempo de leitura":"3 minutos"},"schema":{"@context":"https:\/\/schema.org","@graph":[{"@type":"WebPage","@id":"https:\/\/deputadotaveirajr.com.br\/index.php\/prefeitura-de-natal-cria-grupo-para-discutir-urbanizacao-e-paisagismo-da-orla-de-ponta-negra-apos-engorda\/","url":"https:\/\/deputadotaveirajr.com.br\/index.php\/prefeitura-de-natal-cria-grupo-para-discutir-urbanizacao-e-paisagismo-da-orla-de-ponta-negra-apos-engorda\/","name":"Prefeitura de Natal cria grupo para discutir urbaniza\u00e7\u00e3o e paisagismo da orla de Ponta Negra ap\u00f3s engorda - Taveira Jr","isPartOf":{"@id":"https:\/\/deputadotaveirajr.com.br\/#website"},"primaryImageOfPage":{"@id":"https:\/\/deputadotaveirajr.com.br\/index.php\/prefeitura-de-natal-cria-grupo-para-discutir-urbanizacao-e-paisagismo-da-orla-de-ponta-negra-apos-engorda\/#primaryimage"},"image":{"@id":"https:\/\/deputadotaveirajr.com.br\/index.php\/prefeitura-de-natal-cria-grupo-para-discutir-urbanizacao-e-paisagismo-da-orla-de-ponta-negra-apos-engorda\/#primaryimage"},"thumbnailUrl":"https:\/\/deputadotaveirajr.com.br\/wp-content\/uploads\/2025\/04\/whatsapp-image-2025-04-16-at-11.14.37-tKb9jn.jpg","datePublished":"2025-04-16T14:17:07+00:00","breadcrumb":{"@id":"https:\/\/deputadotaveirajr.com.br\/index.php\/prefeitura-de-natal-cria-grupo-para-discutir-urbanizacao-e-paisagismo-da-orla-de-ponta-negra-apos-engorda\/#breadcrumb"},"inLanguage":"pt-BR","potentialAction":[{"@type":"ReadAction","target":["https:\/\/deputadotaveirajr.com.br\/index.php\/prefeitura-de-natal-cria-grupo-para-discutir-urbanizacao-e-paisagismo-da-orla-de-ponta-negra-apos-engorda\/"]}]},{"@type":"ImageObject","inLanguage":"pt-BR","@id":"https:\/\/deputadotaveirajr.com.br\/index.php\/prefeitura-de-natal-cria-grupo-para-discutir-urbanizacao-e-paisagismo-da-orla-de-ponta-negra-apos-engorda\/#primaryimage","url":"https:\/\/deputadotaveirajr.com.br\/wp-content\/uploads\/2025\/04\/whatsapp-image-2025-04-16-at-11.14.37-tKb9jn.jpg","contentUrl":"https:\/\/deputadotaveirajr.com.br\/wp-content\/uploads\/2025\/04\/whatsapp-image-2025-04-16-at-11.14.37-tKb9jn.jpg","width":1280,"height":960},{"@type":"BreadcrumbList","@id":"https:\/\/deputadotaveirajr.com.br\/index.php\/prefeitura-de-natal-cria-grupo-para-discutir-urbanizacao-e-paisagismo-da-orla-de-ponta-negra-apos-engorda\/#breadcrumb","itemListElement":[{"@type":"ListItem","position":1,"name":"In\u00edcio","item":"https:\/\/deputadotaveirajr.com.br\/"},{"@type":"ListItem","position":2,"name":"Prefeitura de Natal cria grupo para discutir urbaniza\u00e7\u00e3o e paisagismo da orla de Ponta Negra ap\u00f3s engorda"}]},{"@type":"WebSite","@id":"https:\/\/deputadotaveirajr.com.br\/#website","url":"https:\/\/deputadotaveirajr.com.br\/","name":"Taveira Jr","description":"Deputado Estadual","publisher":{"@id":"https:\/\/deputadotaveirajr.com.br\/#organization"},"potentialAction":[{"@type":"SearchAction","target":{"@type":"EntryPoint","urlTemplate":"https:\/\/deputadotaveirajr.com.br\/?s={search_term_string}"},"query-input":{"@type":"PropertyValueSpecification","valueRequired":true,"valueName":"search_term_string"}}],"inLanguage":"pt-BR"},{"@type":"Organization","@id":"https:\/\/deputadotaveirajr.com.br\/#organization","name":"Taveira Jr","url":"https:\/\/deputadotaveirajr.com.br\/","logo":{"@type":"ImageObject","inLanguage":"pt-BR","@id":"https:\/\/deputadotaveirajr.com.br\/#\/schema\/logo\/image\/","url":"https:\/\/deputadotaveirajr.com.br\/wp-content\/uploads\/2026\/01\/logolow2a.png","contentUrl":"https:\/\/deputadotaveirajr.com.br\/wp-content\/uploads\/2026\/01\/logolow2a.png","width":290,"height":80,"caption":"Taveira Jr"},"image":{"@id":"https:\/\/deputadotaveirajr.com.br\/#\/schema\/logo\/image\/"}}]}},"_links":{"self":[{"href":"https:\/\/deputadotaveirajr.com.br\/index.php\/wp-json\/wp\/v2\/pages\/12799","targetHints":{"allow":["GET"]}}],"collection":[{"href":"https:\/\/deputadotaveirajr.com.br\/index.php\/wp-json\/wp\/v2\/pages"}],"about":[{"href":"https:\/\/deputadotaveirajr.com.br\/index.php\/wp-json\/wp\/v2\/types\/page"}],"replies":[{"embeddable":true,"href":"https:\/\/deputadotaveirajr.com.br\/index.php\/wp-json\/wp\/v2\/comments?post=12799"}],"version-history":[{"count":0,"href":"https:\/\/deputadotaveirajr.com.br\/index.php\/wp-json\/wp\/v2\/pages\/12799\/revisions"}],"wp:featuredmedia":[{"embeddable":true,"href":"https:\/\/deputadotaveirajr.com.br\/index.php\/wp-json\/wp\/v2\/media\/12800"}],"wp:attachment":[{"href":"https:\/\/deputadotaveirajr.com.br\/index.php\/wp-json\/wp\/v2\/media?parent=12799"}],"curies":[{"name":"wp","href":"https:\/\/api.w.org\/{rel}","templated":true}]}}