{"id":12809,"date":"2025-04-19T09:26:56","date_gmt":"2025-04-19T12:26:56","guid":{"rendered":"https:\/\/deputadotaveirajr.com.br\/index.php\/ifrn-abre-inscricoes-para-65-vagas-remanescentes-em-cursos-superiores\/"},"modified":"2025-04-19T09:26:56","modified_gmt":"2025-04-19T12:26:56","slug":"ifrn-abre-inscricoes-para-65-vagas-remanescentes-em-cursos-superiores","status":"publish","type":"page","link":"https:\/\/deputadotaveirajr.com.br\/index.php\/ifrn-abre-inscricoes-para-65-vagas-remanescentes-em-cursos-superiores\/","title":{"rendered":"IFRN abre inscri\u00e7\u00f5es para 65 vagas remanescentes em cursos superiores"},"content":{"rendered":"<p><img decoding=\"async\" src=\"https:\/\/s2-g1.glbimg.com\/2mV9Udr-6XPSvc5FKEsD1Pdgwyc=\/i.s3.glbimg.com\/v1\/AUTH_59edd422c0c84a879bd37670ae4f538a\/internal_photos\/bs\/2020\/L\/J\/HVQhJTTsa1TZPKYGecRQ\/ifrn-ceara-mirim.jpg\" \/><br \/>     Sele\u00e7\u00e3o usa como base as notas do Exame Nacional do Ensino M\u00e9dio dos \u00faltimos cinco anos. Vagas s\u00e3o para \u00e1reas de Licenciatura e de Tecnologia. IFRN Campus Cear\u00e1-Mirim.<br \/>\nReprodu\u00e7\u00e3o<br \/>\nO Instituto Federal do Rio Grande do Norte (IFRN) abriu inscri\u00e7\u00f5es para um processo seletivo que visa preencher 65 vagas remanescentes de cursos superiores de gradua\u00e7\u00e3o (veja quais cursos mais abaixo).<br \/>\nAs inscri\u00e7\u00f5es seguem at\u00e9 a pr\u00f3xima quinta-feira (24) e devem ser feitas de forma on-line, pelo Portal do Candidato do IFRN.<br \/>\n\ud83d\udcf3Participe do canal do g1 RN no WhatsApp<br \/>\nA sele\u00e7\u00e3o usa como base as notas do Exame Nacional do Ensino M\u00e9dio (Enem). O candidato pode escolher o resltado dos anos 2020, 2021, 2022, 2023 ou 2024.<br \/>\n&#8220;Ser\u00e1 desclassificado o candidato que informar n\u00famero de CPF inv\u00e1lido ou que tenha tirado nota zero em qualquer uma das provas do Enem escolhido&#8221;, informou o IFRN.<br \/>\nO ingresso para os cursos \u00e9 previsto para o primeiro semestre letivo de 2025.<br \/>\nLEIA TAMB\u00c9M<br \/>\nSAL\u00c1RIO DE R$ 6.180: IFRN abre concurso p\u00fablico com mais de 50 vagas para professor<br \/>\nVagas e Cursos<br \/>\nAs vagas s\u00e3o para \u00e1reas de Licenciatura e de Tecnologia, nos seguintes cursos:<br \/>\nmatem\u00e1tica;<br \/>\nqu\u00edmica;<br \/>\ninform\u00e1tica;<br \/>\nagroecologia;<br \/>\nprocessos qu\u00edmicos;<br \/>\nredes de computadores.<br \/>\nAs oportunidades est\u00e3o dispon\u00edveis nos campi Cear\u00e1-Mirim, Ipangua\u00e7u, Nova Cruz e S\u00e3o Gon\u00e7alo do Amarante.<br \/>\nResultado<br \/>\n\ud83d\udcc5 O resultado final do processo seletivo \u00e9 previsto para ser divulgado no dia 25 de abril.<br \/>\nOs candidatos aprovados devem realizar a pr\u00e9-matr\u00edcula on-line entre os dias 28 e 29 de abril, por meio da plataforma Gov.br.<br \/>\nToda a documenta\u00e7\u00e3o exigida dever\u00e1 ser anexada no ato da pr\u00e9-matr\u00edcula. O prazo final para corre\u00e7\u00e3o de documentos \u00e9 at\u00e9 as 17h do dia 30 de abril.<br \/>\nV\u00eddeos mais assistidos do g1 RN<\/p>","protected":false},"excerpt":{"rendered":"<p>Sele\u00e7\u00e3o usa como base as notas do Exame Nacional do Ensino M\u00e9dio dos \u00faltimos cinco anos. Vagas s\u00e3o para \u00e1reas de Licenciatura e de Tecnologia. IFRN Campus Cear\u00e1-Mirim. Reprodu\u00e7\u00e3o O &#8230;<\/p>\n","protected":false},"author":0,"featured_media":12810,"parent":0,"menu_order":0,"comment_status":"closed","ping_status":"closed","template":"","meta":{"footnotes":""},"class_list":["post-12809","page","type-page","status-publish","has-post-thumbnail","hentry"],"yoast_head":"<!-- This site is optimized with the Yoast SEO plugin v27.1.1 - https:\/\/yoast.com\/product\/yoast-seo-wordpress\/ -->\n<title>IFRN abre inscri\u00e7\u00f5es para 65 vagas remanescentes em cursos superiores - Taveira Jr<\/title>\n<meta name=\"robots\" content=\"index, follow, max-snippet:-1, max-image-preview:large, max-video-preview:-1\" \/>\n<link rel=\"canonical\" href=\"https:\/\/deputadotaveirajr.com.br\/index.php\/ifrn-abre-inscricoes-para-65-vagas-remanescentes-em-cursos-superiores\/\" \/>\n<meta property=\"og:locale\" content=\"pt_BR\" \/>\n<meta property=\"og:type\" content=\"article\" \/>\n<meta property=\"og:title\" content=\"IFRN abre inscri\u00e7\u00f5es para 65 vagas remanescentes em cursos superiores - Taveira Jr\" \/>\n<meta property=\"og:description\" content=\"Sele\u00e7\u00e3o usa como base as notas do Exame Nacional do Ensino M\u00e9dio dos \u00faltimos cinco anos. Vagas s\u00e3o para \u00e1reas de Licenciatura e de Tecnologia. IFRN Campus Cear\u00e1-Mirim. Reprodu\u00e7\u00e3o O ...\" \/>\n<meta property=\"og:url\" content=\"https:\/\/deputadotaveirajr.com.br\/index.php\/ifrn-abre-inscricoes-para-65-vagas-remanescentes-em-cursos-superiores\/\" \/>\n<meta property=\"og:site_name\" content=\"Taveira Jr\" \/>\n<meta property=\"og:image\" content=\"https:\/\/s2-g1.glbimg.com\/2mV9Udr-6XPSvc5FKEsD1Pdgwyc=\/i.s3.glbimg.com\/v1\/AUTH_59edd422c0c84a879bd37670ae4f538a\/internal_photos\/bs\/2020\/L\/J\/HVQhJTTsa1TZPKYGecRQ\/ifrn-ceara-mirim.jpg\" \/>\n<meta name=\"twitter:card\" content=\"summary_large_image\" \/>\n<meta name=\"twitter:label1\" content=\"Est. tempo de leitura\" \/>\n\t<meta name=\"twitter:data1\" content=\"2 minutos\" \/>\n<script type=\"application\/ld+json\" class=\"yoast-schema-graph\">{\"@context\":\"https:\/\/schema.org\",\"@graph\":[{\"@type\":\"WebPage\",\"@id\":\"https:\/\/deputadotaveirajr.com.br\/index.php\/ifrn-abre-inscricoes-para-65-vagas-remanescentes-em-cursos-superiores\/\",\"url\":\"https:\/\/deputadotaveirajr.com.br\/index.php\/ifrn-abre-inscricoes-para-65-vagas-remanescentes-em-cursos-superiores\/\",\"name\":\"IFRN abre inscri\u00e7\u00f5es para 65 vagas remanescentes em cursos superiores - Taveira Jr\",\"isPartOf\":{\"@id\":\"https:\/\/deputadotaveirajr.com.br\/#website\"},\"primaryImageOfPage\":{\"@id\":\"https:\/\/deputadotaveirajr.com.br\/index.php\/ifrn-abre-inscricoes-para-65-vagas-remanescentes-em-cursos-superiores\/#primaryimage\"},\"image\":{\"@id\":\"https:\/\/deputadotaveirajr.com.br\/index.php\/ifrn-abre-inscricoes-para-65-vagas-remanescentes-em-cursos-superiores\/#primaryimage\"},\"thumbnailUrl\":\"https:\/\/deputadotaveirajr.com.br\/wp-content\/uploads\/2025\/04\/ifrn-ceara-mirim-5iZC2h.jpg\",\"datePublished\":\"2025-04-19T12:26:56+00:00\",\"breadcrumb\":{\"@id\":\"https:\/\/deputadotaveirajr.com.br\/index.php\/ifrn-abre-inscricoes-para-65-vagas-remanescentes-em-cursos-superiores\/#breadcrumb\"},\"inLanguage\":\"pt-BR\",\"potentialAction\":[{\"@type\":\"ReadAction\",\"target\":[\"https:\/\/deputadotaveirajr.com.br\/index.php\/ifrn-abre-inscricoes-para-65-vagas-remanescentes-em-cursos-superiores\/\"]}]},{\"@type\":\"ImageObject\",\"inLanguage\":\"pt-BR\",\"@id\":\"https:\/\/deputadotaveirajr.com.br\/index.php\/ifrn-abre-inscricoes-para-65-vagas-remanescentes-em-cursos-superiores\/#primaryimage\",\"url\":\"https:\/\/deputadotaveirajr.com.br\/wp-content\/uploads\/2025\/04\/ifrn-ceara-mirim-5iZC2h.jpg\",\"contentUrl\":\"https:\/\/deputadotaveirajr.com.br\/wp-content\/uploads\/2025\/04\/ifrn-ceara-mirim-5iZC2h.jpg\",\"width\":804,\"height\":510},{\"@type\":\"BreadcrumbList\",\"@id\":\"https:\/\/deputadotaveirajr.com.br\/index.php\/ifrn-abre-inscricoes-para-65-vagas-remanescentes-em-cursos-superiores\/#breadcrumb\",\"itemListElement\":[{\"@type\":\"ListItem\",\"position\":1,\"name\":\"In\u00edcio\",\"item\":\"https:\/\/deputadotaveirajr.com.br\/\"},{\"@type\":\"ListItem\",\"position\":2,\"name\":\"IFRN abre inscri\u00e7\u00f5es para 65 vagas remanescentes em cursos superiores\"}]},{\"@type\":\"WebSite\",\"@id\":\"https:\/\/deputadotaveirajr.com.br\/#website\",\"url\":\"https:\/\/deputadotaveirajr.com.br\/\",\"name\":\"Taveira Jr\",\"description\":\"Deputado Estadual\",\"publisher\":{\"@id\":\"https:\/\/deputadotaveirajr.com.br\/#organization\"},\"potentialAction\":[{\"@type\":\"SearchAction\",\"target\":{\"@type\":\"EntryPoint\",\"urlTemplate\":\"https:\/\/deputadotaveirajr.com.br\/?s={search_term_string}\"},\"query-input\":{\"@type\":\"PropertyValueSpecification\",\"valueRequired\":true,\"valueName\":\"search_term_string\"}}],\"inLanguage\":\"pt-BR\"},{\"@type\":\"Organization\",\"@id\":\"https:\/\/deputadotaveirajr.com.br\/#organization\",\"name\":\"Taveira Jr\",\"url\":\"https:\/\/deputadotaveirajr.com.br\/\",\"logo\":{\"@type\":\"ImageObject\",\"inLanguage\":\"pt-BR\",\"@id\":\"https:\/\/deputadotaveirajr.com.br\/#\/schema\/logo\/image\/\",\"url\":\"https:\/\/deputadotaveirajr.com.br\/wp-content\/uploads\/2026\/01\/logolow2a.png\",\"contentUrl\":\"https:\/\/deputadotaveirajr.com.br\/wp-content\/uploads\/2026\/01\/logolow2a.png\",\"width\":290,\"height\":80,\"caption\":\"Taveira Jr\"},\"image\":{\"@id\":\"https:\/\/deputadotaveirajr.com.br\/#\/schema\/logo\/image\/\"}}]}<\/script>\n<!-- \/ Yoast SEO plugin. -->","yoast_head_json":{"title":"IFRN abre inscri\u00e7\u00f5es para 65 vagas remanescentes em cursos superiores - Taveira Jr","robots":{"index":"index","follow":"follow","max-snippet":"max-snippet:-1","max-image-preview":"max-image-preview:large","max-video-preview":"max-video-preview:-1"},"canonical":"https:\/\/deputadotaveirajr.com.br\/index.php\/ifrn-abre-inscricoes-para-65-vagas-remanescentes-em-cursos-superiores\/","og_locale":"pt_BR","og_type":"article","og_title":"IFRN abre inscri\u00e7\u00f5es para 65 vagas remanescentes em cursos superiores - Taveira Jr","og_description":"Sele\u00e7\u00e3o usa como base as notas do Exame Nacional do Ensino M\u00e9dio dos \u00faltimos cinco anos. Vagas s\u00e3o para \u00e1reas de Licenciatura e de Tecnologia. IFRN Campus Cear\u00e1-Mirim. Reprodu\u00e7\u00e3o O ...","og_url":"https:\/\/deputadotaveirajr.com.br\/index.php\/ifrn-abre-inscricoes-para-65-vagas-remanescentes-em-cursos-superiores\/","og_site_name":"Taveira Jr","og_image":[{"url":"https:\/\/s2-g1.glbimg.com\/2mV9Udr-6XPSvc5FKEsD1Pdgwyc=\/i.s3.glbimg.com\/v1\/AUTH_59edd422c0c84a879bd37670ae4f538a\/internal_photos\/bs\/2020\/L\/J\/HVQhJTTsa1TZPKYGecRQ\/ifrn-ceara-mirim.jpg","type":"","width":"","height":""}],"twitter_card":"summary_large_image","twitter_misc":{"Est. tempo de leitura":"2 minutos"},"schema":{"@context":"https:\/\/schema.org","@graph":[{"@type":"WebPage","@id":"https:\/\/deputadotaveirajr.com.br\/index.php\/ifrn-abre-inscricoes-para-65-vagas-remanescentes-em-cursos-superiores\/","url":"https:\/\/deputadotaveirajr.com.br\/index.php\/ifrn-abre-inscricoes-para-65-vagas-remanescentes-em-cursos-superiores\/","name":"IFRN abre inscri\u00e7\u00f5es para 65 vagas remanescentes em cursos superiores - Taveira Jr","isPartOf":{"@id":"https:\/\/deputadotaveirajr.com.br\/#website"},"primaryImageOfPage":{"@id":"https:\/\/deputadotaveirajr.com.br\/index.php\/ifrn-abre-inscricoes-para-65-vagas-remanescentes-em-cursos-superiores\/#primaryimage"},"image":{"@id":"https:\/\/deputadotaveirajr.com.br\/index.php\/ifrn-abre-inscricoes-para-65-vagas-remanescentes-em-cursos-superiores\/#primaryimage"},"thumbnailUrl":"https:\/\/deputadotaveirajr.com.br\/wp-content\/uploads\/2025\/04\/ifrn-ceara-mirim-5iZC2h.jpg","datePublished":"2025-04-19T12:26:56+00:00","breadcrumb":{"@id":"https:\/\/deputadotaveirajr.com.br\/index.php\/ifrn-abre-inscricoes-para-65-vagas-remanescentes-em-cursos-superiores\/#breadcrumb"},"inLanguage":"pt-BR","potentialAction":[{"@type":"ReadAction","target":["https:\/\/deputadotaveirajr.com.br\/index.php\/ifrn-abre-inscricoes-para-65-vagas-remanescentes-em-cursos-superiores\/"]}]},{"@type":"ImageObject","inLanguage":"pt-BR","@id":"https:\/\/deputadotaveirajr.com.br\/index.php\/ifrn-abre-inscricoes-para-65-vagas-remanescentes-em-cursos-superiores\/#primaryimage","url":"https:\/\/deputadotaveirajr.com.br\/wp-content\/uploads\/2025\/04\/ifrn-ceara-mirim-5iZC2h.jpg","contentUrl":"https:\/\/deputadotaveirajr.com.br\/wp-content\/uploads\/2025\/04\/ifrn-ceara-mirim-5iZC2h.jpg","width":804,"height":510},{"@type":"BreadcrumbList","@id":"https:\/\/deputadotaveirajr.com.br\/index.php\/ifrn-abre-inscricoes-para-65-vagas-remanescentes-em-cursos-superiores\/#breadcrumb","itemListElement":[{"@type":"ListItem","position":1,"name":"In\u00edcio","item":"https:\/\/deputadotaveirajr.com.br\/"},{"@type":"ListItem","position":2,"name":"IFRN abre inscri\u00e7\u00f5es para 65 vagas remanescentes em cursos superiores"}]},{"@type":"WebSite","@id":"https:\/\/deputadotaveirajr.com.br\/#website","url":"https:\/\/deputadotaveirajr.com.br\/","name":"Taveira Jr","description":"Deputado Estadual","publisher":{"@id":"https:\/\/deputadotaveirajr.com.br\/#organization"},"potentialAction":[{"@type":"SearchAction","target":{"@type":"EntryPoint","urlTemplate":"https:\/\/deputadotaveirajr.com.br\/?s={search_term_string}"},"query-input":{"@type":"PropertyValueSpecification","valueRequired":true,"valueName":"search_term_string"}}],"inLanguage":"pt-BR"},{"@type":"Organization","@id":"https:\/\/deputadotaveirajr.com.br\/#organization","name":"Taveira Jr","url":"https:\/\/deputadotaveirajr.com.br\/","logo":{"@type":"ImageObject","inLanguage":"pt-BR","@id":"https:\/\/deputadotaveirajr.com.br\/#\/schema\/logo\/image\/","url":"https:\/\/deputadotaveirajr.com.br\/wp-content\/uploads\/2026\/01\/logolow2a.png","contentUrl":"https:\/\/deputadotaveirajr.com.br\/wp-content\/uploads\/2026\/01\/logolow2a.png","width":290,"height":80,"caption":"Taveira Jr"},"image":{"@id":"https:\/\/deputadotaveirajr.com.br\/#\/schema\/logo\/image\/"}}]}},"_links":{"self":[{"href":"https:\/\/deputadotaveirajr.com.br\/index.php\/wp-json\/wp\/v2\/pages\/12809","targetHints":{"allow":["GET"]}}],"collection":[{"href":"https:\/\/deputadotaveirajr.com.br\/index.php\/wp-json\/wp\/v2\/pages"}],"about":[{"href":"https:\/\/deputadotaveirajr.com.br\/index.php\/wp-json\/wp\/v2\/types\/page"}],"replies":[{"embeddable":true,"href":"https:\/\/deputadotaveirajr.com.br\/index.php\/wp-json\/wp\/v2\/comments?post=12809"}],"version-history":[{"count":0,"href":"https:\/\/deputadotaveirajr.com.br\/index.php\/wp-json\/wp\/v2\/pages\/12809\/revisions"}],"wp:featuredmedia":[{"embeddable":true,"href":"https:\/\/deputadotaveirajr.com.br\/index.php\/wp-json\/wp\/v2\/media\/12810"}],"wp:attachment":[{"href":"https:\/\/deputadotaveirajr.com.br\/index.php\/wp-json\/wp\/v2\/media?parent=12809"}],"curies":[{"name":"wp","href":"https:\/\/api.w.org\/{rel}","templated":true}]}}