{"id":12821,"date":"2025-04-22T15:05:12","date_gmt":"2025-04-22T18:05:12","guid":{"rendered":"https:\/\/deputadotaveirajr.com.br\/index.php\/motos-a-partir-de-r-400-e-jeep-renegade-a-r-20-mil-detran-realiza-leilao-de-veiculos-no-rn\/"},"modified":"2025-04-22T15:05:12","modified_gmt":"2025-04-22T18:05:12","slug":"motos-a-partir-de-r-400-e-jeep-renegade-a-r-20-mil-detran-realiza-leilao-de-veiculos-no-rn","status":"publish","type":"page","link":"https:\/\/deputadotaveirajr.com.br\/index.php\/motos-a-partir-de-r-400-e-jeep-renegade-a-r-20-mil-detran-realiza-leilao-de-veiculos-no-rn\/","title":{"rendered":"Motos a partir de R$ 400 e Jeep Renegade a R$ 20 mil: Detran realiza leil\u00e3o de ve\u00edculos no RN"},"content":{"rendered":"<p><img decoding=\"async\" src=\"https:\/\/s2-g1.glbimg.com\/xFpb4qEiMB7XHa6Jc5VYgh5L4JQ=\/i.s3.glbimg.com\/v1\/AUTH_59edd422c0c84a879bd37670ae4f538a\/internal_photos\/bs\/2025\/8\/E\/2lIPekTiOaUqtVG15LgA\/leilao.png\" \/><br \/>     Lances foram iniciados e podem ser feitos de forma on-line. Ao todo, s\u00e3o 88 ve\u00edculos e 34 lotes de sucata. Leil\u00e3o acontece nesta sexta-feira (25). Jeep Renegade a R$ 20 mil e motocicleta a R$ 400 em lances iniciais<br \/>\nDivulga\u00e7\u00e3o\/Detran-RN<br \/>\nO Departamento Estadual de Tr\u00e2nsito do Rio Grande do Norte (Detran-RN) divulgou o edital de um leil\u00e3o com 88 ve\u00edculos e 34 lotes de sucata dispon\u00edveis. Entre os ve\u00edculos, h\u00e1 motocicletas com lances iniciais a partir de R$ 400, carros a partir de R$ 2 mil e at\u00e9 um Jeep Renegade com valor inicial de R$ 20 mil.<br \/>\nAs propostas devem ser feitas exclusivamente de forma on-line e j\u00e1 foram abertas no site Lance Certo Leil\u00f5es, portanto alguns ve\u00edculos j\u00e1 podem ter recebido lances e, consequentemente, aumentado o valor.<br \/>\n\ud83d\udcf3Participe do canal do g1 RN no WhatsApp<br \/>\nO leil\u00e3o acontece de forma oficial na pr\u00f3xima sexta-feira (25), \u00e0s 10h. Qualquer interessado pode participar.<br \/>\nSegundo o Detran, o leil\u00e3o visa a venda de ve\u00edculos recolhidos aos p\u00e1tios credenciados e apreendidos h\u00e1 mais de 60 dias sem a devida regulariza\u00e7\u00e3o.<br \/>\n&#8220;Ser\u00e3o leiloados autom\u00f3veis, motocicletas e ciclomotores em condi\u00e7\u00f5es de voltar \u00e0 circula\u00e7\u00e3o e sucatas, que s\u00e3o destinadas \u00e0 desmontagem e ao reaproveitamento&#8221;, informou o \u00f3rg\u00e3o.<br \/>\n88 LOTES: Leil\u00e3o de ve\u00edculos<br \/>\n34 LOTES: Leil\u00e3o de sucatas<br \/>\nVisita\u00e7\u00e3o dos lotes<br \/>\nOs interessados podem inspecionar os lotes nestas quarta (23) e quinta-feira (24), das 8h \u00e0s 16h, nos p\u00e1tios de S\u00e3o Gon\u00e7alo do Amarante, Mossor\u00f3 e Caic\u00f3, conforme distribui\u00e7\u00e3o de lotes estipulada em edital:<br \/>\nDo lote 01 ao 71 &#8211; P\u00e1tio na Av Ruy Pereira Dos Santos, N\u00ba 2565, bairro Olho D\u2019agua, S\u00e3o Gon\u00e7alo do Amarante;<br \/>\nDo lote 72 ao 96 &#8211; P\u00e1tio na Avenida Centen\u00e1ria, N\u00ba 1000, bairro Aeroporto 1, Mossor\u00f3;<br \/>\nA partir do lote 97 &#8211; P\u00e1tio na RN-288, no KM 1.1, zona Rural, Caic\u00f3.<br \/>\nNo edital constam tamb\u00e9m todas as regras e orienta\u00e7\u00f5es para a participa\u00e7\u00e3o, assim como a documenta\u00e7\u00e3o necess\u00e1ria para realizar lances e, em caso de arremate, para regulariza\u00e7\u00e3o dos bens adquiridos.<br \/>\nLibera\u00e7\u00e3o dos ve\u00edculos<br \/>\nOs propriet\u00e1rios de ve\u00edculos notificados no edital podem acionar a Comiss\u00e3o de Leil\u00f5es para fazer a regulariza\u00e7\u00e3o e retirada dos ve\u00edculos.<br \/>\nA libera\u00e7\u00e3o acontece das 8h \u00e0s 14h, na sede do Detran em Natal, na Av. Perimetral Leste, 113, na Cidade da Esperan\u00e7a, Zona Oeste da cidade.<br \/>\n\u00c9 necess\u00e1rio, no entanto, fazer o agendamento pr\u00e9vio no portal.detran.rn.gov.br:<br \/>\nclicar em &#8220;agendamento&#8221;;<br \/>\nem seguida em &#8220;ve\u00edculos&#8221;;<br \/>\ne depois em &#8220;libera\u00e7\u00e3o de ve\u00edculos apreendidos&#8221;.<br \/>\n \u2b07\ufe0f Esquema de fraude atrav\u00e9s de multas no Detran foi descoberto no in\u00edcio deste ano. Veja reportagem abaixo:<br \/>\nFraudes no Detran-RN<br \/>\nV\u00eddeos mais assistidos do g1 RN<\/p>","protected":false},"excerpt":{"rendered":"<p>Lances foram iniciados e podem ser feitos de forma on-line. Ao todo, s\u00e3o 88 ve\u00edculos e 34 lotes de sucata. Leil\u00e3o acontece nesta sexta-feira (25). Jeep Renegade a R$ 20 &#8230;<\/p>\n","protected":false},"author":0,"featured_media":12822,"parent":0,"menu_order":0,"comment_status":"closed","ping_status":"closed","template":"","meta":{"footnotes":""},"class_list":["post-12821","page","type-page","status-publish","has-post-thumbnail","hentry"],"yoast_head":"<!-- This site is optimized with the Yoast SEO plugin v27.1.1 - https:\/\/yoast.com\/product\/yoast-seo-wordpress\/ -->\n<title>Motos a partir de R$ 400 e Jeep Renegade a R$ 20 mil: Detran realiza leil\u00e3o de ve\u00edculos no RN - Taveira Jr<\/title>\n<meta name=\"robots\" content=\"index, follow, max-snippet:-1, max-image-preview:large, max-video-preview:-1\" \/>\n<link rel=\"canonical\" href=\"https:\/\/deputadotaveirajr.com.br\/index.php\/motos-a-partir-de-r-400-e-jeep-renegade-a-r-20-mil-detran-realiza-leilao-de-veiculos-no-rn\/\" \/>\n<meta property=\"og:locale\" content=\"pt_BR\" \/>\n<meta property=\"og:type\" content=\"article\" \/>\n<meta property=\"og:title\" content=\"Motos a partir de R$ 400 e Jeep Renegade a R$ 20 mil: Detran realiza leil\u00e3o de ve\u00edculos no RN - Taveira Jr\" \/>\n<meta property=\"og:description\" content=\"Lances foram iniciados e podem ser feitos de forma on-line. Ao todo, s\u00e3o 88 ve\u00edculos e 34 lotes de sucata. Leil\u00e3o acontece nesta sexta-feira (25). Jeep Renegade a R$ 20 ...\" \/>\n<meta property=\"og:url\" content=\"https:\/\/deputadotaveirajr.com.br\/index.php\/motos-a-partir-de-r-400-e-jeep-renegade-a-r-20-mil-detran-realiza-leilao-de-veiculos-no-rn\/\" \/>\n<meta property=\"og:site_name\" content=\"Taveira Jr\" \/>\n<meta property=\"og:image\" content=\"https:\/\/s2-g1.glbimg.com\/xFpb4qEiMB7XHa6Jc5VYgh5L4JQ=\/i.s3.glbimg.com\/v1\/AUTH_59edd422c0c84a879bd37670ae4f538a\/internal_photos\/bs\/2025\/8\/E\/2lIPekTiOaUqtVG15LgA\/leilao.png\" \/>\n<meta name=\"twitter:card\" content=\"summary_large_image\" \/>\n<meta name=\"twitter:label1\" content=\"Est. tempo de leitura\" \/>\n\t<meta name=\"twitter:data1\" content=\"2 minutos\" \/>\n<script type=\"application\/ld+json\" class=\"yoast-schema-graph\">{\"@context\":\"https:\/\/schema.org\",\"@graph\":[{\"@type\":\"WebPage\",\"@id\":\"https:\/\/deputadotaveirajr.com.br\/index.php\/motos-a-partir-de-r-400-e-jeep-renegade-a-r-20-mil-detran-realiza-leilao-de-veiculos-no-rn\/\",\"url\":\"https:\/\/deputadotaveirajr.com.br\/index.php\/motos-a-partir-de-r-400-e-jeep-renegade-a-r-20-mil-detran-realiza-leilao-de-veiculos-no-rn\/\",\"name\":\"Motos a partir de R$ 400 e Jeep Renegade a R$ 20 mil: Detran realiza leil\u00e3o de ve\u00edculos no RN - Taveira Jr\",\"isPartOf\":{\"@id\":\"https:\/\/deputadotaveirajr.com.br\/#website\"},\"primaryImageOfPage\":{\"@id\":\"https:\/\/deputadotaveirajr.com.br\/index.php\/motos-a-partir-de-r-400-e-jeep-renegade-a-r-20-mil-detran-realiza-leilao-de-veiculos-no-rn\/#primaryimage\"},\"image\":{\"@id\":\"https:\/\/deputadotaveirajr.com.br\/index.php\/motos-a-partir-de-r-400-e-jeep-renegade-a-r-20-mil-detran-realiza-leilao-de-veiculos-no-rn\/#primaryimage\"},\"thumbnailUrl\":\"https:\/\/deputadotaveirajr.com.br\/wp-content\/uploads\/2025\/04\/leilao-MYoxWP.jpg\",\"datePublished\":\"2025-04-22T18:05:12+00:00\",\"breadcrumb\":{\"@id\":\"https:\/\/deputadotaveirajr.com.br\/index.php\/motos-a-partir-de-r-400-e-jeep-renegade-a-r-20-mil-detran-realiza-leilao-de-veiculos-no-rn\/#breadcrumb\"},\"inLanguage\":\"pt-BR\",\"potentialAction\":[{\"@type\":\"ReadAction\",\"target\":[\"https:\/\/deputadotaveirajr.com.br\/index.php\/motos-a-partir-de-r-400-e-jeep-renegade-a-r-20-mil-detran-realiza-leilao-de-veiculos-no-rn\/\"]}]},{\"@type\":\"ImageObject\",\"inLanguage\":\"pt-BR\",\"@id\":\"https:\/\/deputadotaveirajr.com.br\/index.php\/motos-a-partir-de-r-400-e-jeep-renegade-a-r-20-mil-detran-realiza-leilao-de-veiculos-no-rn\/#primaryimage\",\"url\":\"https:\/\/deputadotaveirajr.com.br\/wp-content\/uploads\/2025\/04\/leilao-MYoxWP.jpg\",\"contentUrl\":\"https:\/\/deputadotaveirajr.com.br\/wp-content\/uploads\/2025\/04\/leilao-MYoxWP.jpg\",\"width\":2000,\"height\":2000},{\"@type\":\"BreadcrumbList\",\"@id\":\"https:\/\/deputadotaveirajr.com.br\/index.php\/motos-a-partir-de-r-400-e-jeep-renegade-a-r-20-mil-detran-realiza-leilao-de-veiculos-no-rn\/#breadcrumb\",\"itemListElement\":[{\"@type\":\"ListItem\",\"position\":1,\"name\":\"In\u00edcio\",\"item\":\"https:\/\/deputadotaveirajr.com.br\/\"},{\"@type\":\"ListItem\",\"position\":2,\"name\":\"Motos a partir de R$ 400 e Jeep Renegade a R$ 20 mil: Detran realiza leil\u00e3o de ve\u00edculos no RN\"}]},{\"@type\":\"WebSite\",\"@id\":\"https:\/\/deputadotaveirajr.com.br\/#website\",\"url\":\"https:\/\/deputadotaveirajr.com.br\/\",\"name\":\"Taveira Jr\",\"description\":\"Deputado Estadual\",\"publisher\":{\"@id\":\"https:\/\/deputadotaveirajr.com.br\/#organization\"},\"potentialAction\":[{\"@type\":\"SearchAction\",\"target\":{\"@type\":\"EntryPoint\",\"urlTemplate\":\"https:\/\/deputadotaveirajr.com.br\/?s={search_term_string}\"},\"query-input\":{\"@type\":\"PropertyValueSpecification\",\"valueRequired\":true,\"valueName\":\"search_term_string\"}}],\"inLanguage\":\"pt-BR\"},{\"@type\":\"Organization\",\"@id\":\"https:\/\/deputadotaveirajr.com.br\/#organization\",\"name\":\"Taveira Jr\",\"url\":\"https:\/\/deputadotaveirajr.com.br\/\",\"logo\":{\"@type\":\"ImageObject\",\"inLanguage\":\"pt-BR\",\"@id\":\"https:\/\/deputadotaveirajr.com.br\/#\/schema\/logo\/image\/\",\"url\":\"https:\/\/deputadotaveirajr.com.br\/wp-content\/uploads\/2026\/01\/logolow2a.png\",\"contentUrl\":\"https:\/\/deputadotaveirajr.com.br\/wp-content\/uploads\/2026\/01\/logolow2a.png\",\"width\":290,\"height\":80,\"caption\":\"Taveira Jr\"},\"image\":{\"@id\":\"https:\/\/deputadotaveirajr.com.br\/#\/schema\/logo\/image\/\"}}]}<\/script>\n<!-- \/ Yoast SEO plugin. -->","yoast_head_json":{"title":"Motos a partir de R$ 400 e Jeep Renegade a R$ 20 mil: Detran realiza leil\u00e3o de ve\u00edculos no RN - Taveira Jr","robots":{"index":"index","follow":"follow","max-snippet":"max-snippet:-1","max-image-preview":"max-image-preview:large","max-video-preview":"max-video-preview:-1"},"canonical":"https:\/\/deputadotaveirajr.com.br\/index.php\/motos-a-partir-de-r-400-e-jeep-renegade-a-r-20-mil-detran-realiza-leilao-de-veiculos-no-rn\/","og_locale":"pt_BR","og_type":"article","og_title":"Motos a partir de R$ 400 e Jeep Renegade a R$ 20 mil: Detran realiza leil\u00e3o de ve\u00edculos no RN - Taveira Jr","og_description":"Lances foram iniciados e podem ser feitos de forma on-line. Ao todo, s\u00e3o 88 ve\u00edculos e 34 lotes de sucata. Leil\u00e3o acontece nesta sexta-feira (25). Jeep Renegade a R$ 20 ...","og_url":"https:\/\/deputadotaveirajr.com.br\/index.php\/motos-a-partir-de-r-400-e-jeep-renegade-a-r-20-mil-detran-realiza-leilao-de-veiculos-no-rn\/","og_site_name":"Taveira Jr","og_image":[{"url":"https:\/\/s2-g1.glbimg.com\/xFpb4qEiMB7XHa6Jc5VYgh5L4JQ=\/i.s3.glbimg.com\/v1\/AUTH_59edd422c0c84a879bd37670ae4f538a\/internal_photos\/bs\/2025\/8\/E\/2lIPekTiOaUqtVG15LgA\/leilao.png","type":"","width":"","height":""}],"twitter_card":"summary_large_image","twitter_misc":{"Est. tempo de leitura":"2 minutos"},"schema":{"@context":"https:\/\/schema.org","@graph":[{"@type":"WebPage","@id":"https:\/\/deputadotaveirajr.com.br\/index.php\/motos-a-partir-de-r-400-e-jeep-renegade-a-r-20-mil-detran-realiza-leilao-de-veiculos-no-rn\/","url":"https:\/\/deputadotaveirajr.com.br\/index.php\/motos-a-partir-de-r-400-e-jeep-renegade-a-r-20-mil-detran-realiza-leilao-de-veiculos-no-rn\/","name":"Motos a partir de R$ 400 e Jeep Renegade a R$ 20 mil: Detran realiza leil\u00e3o de ve\u00edculos no RN - Taveira Jr","isPartOf":{"@id":"https:\/\/deputadotaveirajr.com.br\/#website"},"primaryImageOfPage":{"@id":"https:\/\/deputadotaveirajr.com.br\/index.php\/motos-a-partir-de-r-400-e-jeep-renegade-a-r-20-mil-detran-realiza-leilao-de-veiculos-no-rn\/#primaryimage"},"image":{"@id":"https:\/\/deputadotaveirajr.com.br\/index.php\/motos-a-partir-de-r-400-e-jeep-renegade-a-r-20-mil-detran-realiza-leilao-de-veiculos-no-rn\/#primaryimage"},"thumbnailUrl":"https:\/\/deputadotaveirajr.com.br\/wp-content\/uploads\/2025\/04\/leilao-MYoxWP.jpg","datePublished":"2025-04-22T18:05:12+00:00","breadcrumb":{"@id":"https:\/\/deputadotaveirajr.com.br\/index.php\/motos-a-partir-de-r-400-e-jeep-renegade-a-r-20-mil-detran-realiza-leilao-de-veiculos-no-rn\/#breadcrumb"},"inLanguage":"pt-BR","potentialAction":[{"@type":"ReadAction","target":["https:\/\/deputadotaveirajr.com.br\/index.php\/motos-a-partir-de-r-400-e-jeep-renegade-a-r-20-mil-detran-realiza-leilao-de-veiculos-no-rn\/"]}]},{"@type":"ImageObject","inLanguage":"pt-BR","@id":"https:\/\/deputadotaveirajr.com.br\/index.php\/motos-a-partir-de-r-400-e-jeep-renegade-a-r-20-mil-detran-realiza-leilao-de-veiculos-no-rn\/#primaryimage","url":"https:\/\/deputadotaveirajr.com.br\/wp-content\/uploads\/2025\/04\/leilao-MYoxWP.jpg","contentUrl":"https:\/\/deputadotaveirajr.com.br\/wp-content\/uploads\/2025\/04\/leilao-MYoxWP.jpg","width":2000,"height":2000},{"@type":"BreadcrumbList","@id":"https:\/\/deputadotaveirajr.com.br\/index.php\/motos-a-partir-de-r-400-e-jeep-renegade-a-r-20-mil-detran-realiza-leilao-de-veiculos-no-rn\/#breadcrumb","itemListElement":[{"@type":"ListItem","position":1,"name":"In\u00edcio","item":"https:\/\/deputadotaveirajr.com.br\/"},{"@type":"ListItem","position":2,"name":"Motos a partir de R$ 400 e Jeep Renegade a R$ 20 mil: Detran realiza leil\u00e3o de ve\u00edculos no RN"}]},{"@type":"WebSite","@id":"https:\/\/deputadotaveirajr.com.br\/#website","url":"https:\/\/deputadotaveirajr.com.br\/","name":"Taveira Jr","description":"Deputado Estadual","publisher":{"@id":"https:\/\/deputadotaveirajr.com.br\/#organization"},"potentialAction":[{"@type":"SearchAction","target":{"@type":"EntryPoint","urlTemplate":"https:\/\/deputadotaveirajr.com.br\/?s={search_term_string}"},"query-input":{"@type":"PropertyValueSpecification","valueRequired":true,"valueName":"search_term_string"}}],"inLanguage":"pt-BR"},{"@type":"Organization","@id":"https:\/\/deputadotaveirajr.com.br\/#organization","name":"Taveira Jr","url":"https:\/\/deputadotaveirajr.com.br\/","logo":{"@type":"ImageObject","inLanguage":"pt-BR","@id":"https:\/\/deputadotaveirajr.com.br\/#\/schema\/logo\/image\/","url":"https:\/\/deputadotaveirajr.com.br\/wp-content\/uploads\/2026\/01\/logolow2a.png","contentUrl":"https:\/\/deputadotaveirajr.com.br\/wp-content\/uploads\/2026\/01\/logolow2a.png","width":290,"height":80,"caption":"Taveira Jr"},"image":{"@id":"https:\/\/deputadotaveirajr.com.br\/#\/schema\/logo\/image\/"}}]}},"_links":{"self":[{"href":"https:\/\/deputadotaveirajr.com.br\/index.php\/wp-json\/wp\/v2\/pages\/12821","targetHints":{"allow":["GET"]}}],"collection":[{"href":"https:\/\/deputadotaveirajr.com.br\/index.php\/wp-json\/wp\/v2\/pages"}],"about":[{"href":"https:\/\/deputadotaveirajr.com.br\/index.php\/wp-json\/wp\/v2\/types\/page"}],"replies":[{"embeddable":true,"href":"https:\/\/deputadotaveirajr.com.br\/index.php\/wp-json\/wp\/v2\/comments?post=12821"}],"version-history":[{"count":0,"href":"https:\/\/deputadotaveirajr.com.br\/index.php\/wp-json\/wp\/v2\/pages\/12821\/revisions"}],"wp:featuredmedia":[{"embeddable":true,"href":"https:\/\/deputadotaveirajr.com.br\/index.php\/wp-json\/wp\/v2\/media\/12822"}],"wp:attachment":[{"href":"https:\/\/deputadotaveirajr.com.br\/index.php\/wp-json\/wp\/v2\/media?parent=12821"}],"curies":[{"name":"wp","href":"https:\/\/api.w.org\/{rel}","templated":true}]}}