{"id":12836,"date":"2025-04-25T13:33:10","date_gmt":"2025-04-25T16:33:10","guid":{"rendered":"https:\/\/deputadotaveirajr.com.br\/index.php\/idema-faz-visita-tecnica-a-lago-dos-jacares-em-maracajau-para-avaliar-retirada-de-animais\/"},"modified":"2025-04-25T13:33:10","modified_gmt":"2025-04-25T16:33:10","slug":"idema-faz-visita-tecnica-a-lago-dos-jacares-em-maracajau-para-avaliar-retirada-de-animais","status":"publish","type":"page","link":"https:\/\/deputadotaveirajr.com.br\/index.php\/idema-faz-visita-tecnica-a-lago-dos-jacares-em-maracajau-para-avaliar-retirada-de-animais\/","title":{"rendered":"Idema faz visita t\u00e9cnica a &#8216;lago dos jacar\u00e9s&#8217; em Maracaja\u00fa para avaliar retirada de animais"},"content":{"rendered":"<p><img decoding=\"async\" src=\"https:\/\/s2-g1.glbimg.com\/6c5F1wcDtdfmT7zbLmyhMu9Mo34=\/i.s3.glbimg.com\/v1\/AUTH_59edd422c0c84a879bd37670ae4f538a\/internal_photos\/bs\/2025\/o\/0\/HHS50kTaAxPqHTvoNGuw\/whatsapp-image-2025-04-22-at-16.27.20.jpeg\" \/><br \/>     Aumento no n\u00famero de animais em lago em Maxaranguape, que fica pr\u00f3ximo a casas e escolas, assustou moradores nos \u00faltimos meses na regi\u00e3o.  Jacar\u00e9s em lago em Maracaja\u00fa, no litoral do Rio Grande do Norte<br \/>\nKleber Teixeira\/Inter TV Cabugi<br \/>\nA alta disponibilidade de comida, inclusive oferecida por moradores no entorno do lago tempor\u00e1rio da praia de Maxaranguape, pode ser a explica\u00e7\u00e3o para a prolifera\u00e7\u00e3o de jacar\u00e9s no local ao longo dos \u00faltimos meses.<br \/>\nA constata\u00e7\u00e3o foi da equipe t\u00e9nica do Instituto de Desenvolvimento Sustent\u00e1vel e Meio Ambiente do Rio Grande do Norte (Idema) que vistoriou a \u00e1rea nesta sexta-feira (25) junto com a prefeitura do munic\u00edpio, para avaliar as medidas necess\u00e1rias para a retirada dos jacar\u00e9s.<br \/>\n\ud83d\udcf3Participe do canal do g1 RN no WhatsApp<br \/>\nPela manh\u00e3, os t\u00e9cnicos do Idema n\u00e3o conseguiram fazer a contagem dos animais, a fim de planejar a transfer\u00eancia para outro local, por causa da movimenta\u00e7\u00e3o de pessoas na regi\u00e3o e o comportamento dos jacar\u00e9s.<br \/>\nJ\u00e1 a prefeitura de Maxaranguape anunciou que vai instalar uma cerca, at\u00e9 a pr\u00f3xima semana, para evitar aproxima\u00e7\u00e3o da popula\u00e7\u00e3o.<br \/>\nO aumento na quantidade de jacar\u00e9s tem assustado moradores e gerado preocupa\u00e7\u00e3o. O lago, que se forma todos os anos na mesma localidade no per\u00edodo de chuvas, fica perto de casas e a cerca de 500 metros de uma escola. Nesta sexta (25), estudantes fizeram uma visita ao local.<br \/>\n&#8220;Os animais t\u00eam que procurar alimento por conta pr\u00f3pria. A popula\u00e7\u00e3o n\u00e3o deve alimentar animais silvestres. Isso vai causar uma s\u00e9rie de problemas. Estamos vendo nessa comunidade uma reprodu\u00e7\u00e3o que provavelmente \u00e9 ocasionada por essa grande disponibilidade de alimento, os animais n\u00e3o precisam ca\u00e7ar para ter o seu alimento. Isso \u00e9 um problema s\u00e9rio&#8221;, afirmou Marcelo Silva, coordenador do setor de fauna do Idema.<br \/>\nVisita t\u00e9cnica aconteceu na manh\u00e3 desta sexta (25). Escola tamb\u00e9m fez excurs\u00e3o com alunos.<br \/>\nS\u00e9rgio Henrique Santos\/Inter TV Cabugi<br \/>\nA for\u00e7a-tarefa formada por \u00f3rg\u00e3os ambientais, prefeitura de Maxaranguape e  governo do Rio Grande do Norte planeja retirar os jacar\u00e9s do lago tempor\u00e1rio em at\u00e9 tr\u00eas semanas.<br \/>\nO plano para a retirada dos animais foi elaborado ap\u00f3s uma reuni\u00e3o na quarta-feira (23) no Idema, em Natal. O animais devem ser retirados do lago e transferidos para rios na pr\u00f3pria regi\u00e3o, segundo o diretor-t\u00e9cnico do Idema Thales Dantas.<br \/>\nAumento de jacar\u00e9s assusta moradores<br \/>\nOs moradores contaram que os jacar\u00e9s apareceram h\u00e1 alguns anos, mas nunca na quantidade atual, o que tem assustado, j\u00e1 que houve registros de alguns que invadiram casas pr\u00f3ximas.<br \/>\n&#8220;Na casa da minha m\u00e3e, que mora aqui pr\u00f3ximo, um desses jacar\u00e9s entrou e travou uma briga com a cachorra dela, que \u00e9 de grande porte, que foi atingida na boca e cortou. Mas a cachorra matou o jacar\u00e9&#8221;, contou o professor Eider Santos.<br \/>\nJacar\u00e9s se proliferam em lagoa, em Maracaja\u00fa<br \/>\n&#8220;H\u00e1 outros relatos de pessoas que residem aquii perto de jacar\u00e9s perto do port\u00e3o das casas. O pessoal tem foto e tudo mais&#8221;, completou.<br \/>\nBeira do lago<br \/>\nEnquanto uma decis\u00e3o n\u00e3o \u00e9 tomada,  os jacar\u00e9s t\u00eam vivido na regi\u00e3o e aparecem tamb\u00e9m na beira do lago, sendo vistos por quem passa pelo local em v\u00e1rios momentos do dia.<br \/>\nA professora Mineia de Morais, que d\u00e1 aula na escola a 500 metros do lago, acredita que a presen\u00e7a dos animais representa um risco na regi\u00e3o.<br \/>\n&#8220;Temos crian\u00e7as pequenas, de 2 a 3 anos de idade, e \u00e9 arriscado. Nosso hor\u00e1rio [no col\u00e9gio] \u00e9 at\u00e9 17h, ent\u00e3o a gente fica muito preocupado devido a eles j\u00e1 estarem invadindo as casas&#8221;, disse.<br \/>\nA Secretaria de Sustentabilidade Ambiental informou que, por isso, tamb\u00e9m tem atuado na conscientiza\u00e7\u00e3o da popula\u00e7\u00e3o local para que evite alimentar os jacar\u00e9s com restos de comida.<br \/>\nDe acordo com a pasta, essa pr\u00e1tica &#8220;contribui para o crescimento acelerado e a procria\u00e7\u00e3o precoce desses animais, agravando ainda mais o problema&#8221;.<br \/>\nV\u00eddeos mais assistidos do g1 RN<\/p>","protected":false},"excerpt":{"rendered":"<p>Aumento no n\u00famero de animais em lago em Maxaranguape, que fica pr\u00f3ximo a casas e escolas, assustou moradores nos \u00faltimos meses na regi\u00e3o. Jacar\u00e9s em lago em Maracaja\u00fa, no litoral &#8230;<\/p>\n","protected":false},"author":0,"featured_media":12837,"parent":0,"menu_order":0,"comment_status":"closed","ping_status":"closed","template":"","meta":{"footnotes":""},"class_list":["post-12836","page","type-page","status-publish","has-post-thumbnail","hentry"],"yoast_head":"<!-- This site is optimized with the Yoast SEO plugin v27.1.1 - https:\/\/yoast.com\/product\/yoast-seo-wordpress\/ -->\n<title>Idema faz visita t\u00e9cnica a &#039;lago dos jacar\u00e9s&#039; em Maracaja\u00fa para avaliar retirada de animais - Taveira Jr<\/title>\n<meta name=\"robots\" content=\"index, follow, max-snippet:-1, max-image-preview:large, max-video-preview:-1\" \/>\n<link rel=\"canonical\" href=\"https:\/\/deputadotaveirajr.com.br\/index.php\/idema-faz-visita-tecnica-a-lago-dos-jacares-em-maracajau-para-avaliar-retirada-de-animais\/\" \/>\n<meta property=\"og:locale\" content=\"pt_BR\" \/>\n<meta property=\"og:type\" content=\"article\" \/>\n<meta property=\"og:title\" content=\"Idema faz visita t\u00e9cnica a &#039;lago dos jacar\u00e9s&#039; em Maracaja\u00fa para avaliar retirada de animais - Taveira Jr\" \/>\n<meta property=\"og:description\" content=\"Aumento no n\u00famero de animais em lago em Maxaranguape, que fica pr\u00f3ximo a casas e escolas, assustou moradores nos \u00faltimos meses na regi\u00e3o. Jacar\u00e9s em lago em Maracaja\u00fa, no litoral ...\" \/>\n<meta property=\"og:url\" content=\"https:\/\/deputadotaveirajr.com.br\/index.php\/idema-faz-visita-tecnica-a-lago-dos-jacares-em-maracajau-para-avaliar-retirada-de-animais\/\" \/>\n<meta property=\"og:site_name\" content=\"Taveira Jr\" \/>\n<meta property=\"og:image\" content=\"https:\/\/s2-g1.glbimg.com\/6c5F1wcDtdfmT7zbLmyhMu9Mo34=\/i.s3.glbimg.com\/v1\/AUTH_59edd422c0c84a879bd37670ae4f538a\/internal_photos\/bs\/2025\/o\/0\/HHS50kTaAxPqHTvoNGuw\/whatsapp-image-2025-04-22-at-16.27.20.jpeg\" \/>\n<meta name=\"twitter:card\" content=\"summary_large_image\" \/>\n<meta name=\"twitter:label1\" content=\"Est. tempo de leitura\" \/>\n\t<meta name=\"twitter:data1\" content=\"4 minutos\" \/>\n<script type=\"application\/ld+json\" class=\"yoast-schema-graph\">{\"@context\":\"https:\/\/schema.org\",\"@graph\":[{\"@type\":\"WebPage\",\"@id\":\"https:\/\/deputadotaveirajr.com.br\/index.php\/idema-faz-visita-tecnica-a-lago-dos-jacares-em-maracajau-para-avaliar-retirada-de-animais\/\",\"url\":\"https:\/\/deputadotaveirajr.com.br\/index.php\/idema-faz-visita-tecnica-a-lago-dos-jacares-em-maracajau-para-avaliar-retirada-de-animais\/\",\"name\":\"Idema faz visita t\u00e9cnica a 'lago dos jacar\u00e9s' em Maracaja\u00fa para avaliar retirada de animais - Taveira Jr\",\"isPartOf\":{\"@id\":\"https:\/\/deputadotaveirajr.com.br\/#website\"},\"primaryImageOfPage\":{\"@id\":\"https:\/\/deputadotaveirajr.com.br\/index.php\/idema-faz-visita-tecnica-a-lago-dos-jacares-em-maracajau-para-avaliar-retirada-de-animais\/#primaryimage\"},\"image\":{\"@id\":\"https:\/\/deputadotaveirajr.com.br\/index.php\/idema-faz-visita-tecnica-a-lago-dos-jacares-em-maracajau-para-avaliar-retirada-de-animais\/#primaryimage\"},\"thumbnailUrl\":\"https:\/\/deputadotaveirajr.com.br\/wp-content\/uploads\/2025\/04\/whatsapp-image-2025-04-22-at-16.27.20-sOMQEh.jpg\",\"datePublished\":\"2025-04-25T16:33:10+00:00\",\"breadcrumb\":{\"@id\":\"https:\/\/deputadotaveirajr.com.br\/index.php\/idema-faz-visita-tecnica-a-lago-dos-jacares-em-maracajau-para-avaliar-retirada-de-animais\/#breadcrumb\"},\"inLanguage\":\"pt-BR\",\"potentialAction\":[{\"@type\":\"ReadAction\",\"target\":[\"https:\/\/deputadotaveirajr.com.br\/index.php\/idema-faz-visita-tecnica-a-lago-dos-jacares-em-maracajau-para-avaliar-retirada-de-animais\/\"]}]},{\"@type\":\"ImageObject\",\"inLanguage\":\"pt-BR\",\"@id\":\"https:\/\/deputadotaveirajr.com.br\/index.php\/idema-faz-visita-tecnica-a-lago-dos-jacares-em-maracajau-para-avaliar-retirada-de-animais\/#primaryimage\",\"url\":\"https:\/\/deputadotaveirajr.com.br\/wp-content\/uploads\/2025\/04\/whatsapp-image-2025-04-22-at-16.27.20-sOMQEh.jpg\",\"contentUrl\":\"https:\/\/deputadotaveirajr.com.br\/wp-content\/uploads\/2025\/04\/whatsapp-image-2025-04-22-at-16.27.20-sOMQEh.jpg\",\"width\":1280,\"height\":720},{\"@type\":\"BreadcrumbList\",\"@id\":\"https:\/\/deputadotaveirajr.com.br\/index.php\/idema-faz-visita-tecnica-a-lago-dos-jacares-em-maracajau-para-avaliar-retirada-de-animais\/#breadcrumb\",\"itemListElement\":[{\"@type\":\"ListItem\",\"position\":1,\"name\":\"In\u00edcio\",\"item\":\"https:\/\/deputadotaveirajr.com.br\/\"},{\"@type\":\"ListItem\",\"position\":2,\"name\":\"Idema faz visita t\u00e9cnica a &#8216;lago dos jacar\u00e9s&#8217; em Maracaja\u00fa para avaliar retirada de animais\"}]},{\"@type\":\"WebSite\",\"@id\":\"https:\/\/deputadotaveirajr.com.br\/#website\",\"url\":\"https:\/\/deputadotaveirajr.com.br\/\",\"name\":\"Taveira Jr\",\"description\":\"Deputado Estadual\",\"publisher\":{\"@id\":\"https:\/\/deputadotaveirajr.com.br\/#organization\"},\"potentialAction\":[{\"@type\":\"SearchAction\",\"target\":{\"@type\":\"EntryPoint\",\"urlTemplate\":\"https:\/\/deputadotaveirajr.com.br\/?s={search_term_string}\"},\"query-input\":{\"@type\":\"PropertyValueSpecification\",\"valueRequired\":true,\"valueName\":\"search_term_string\"}}],\"inLanguage\":\"pt-BR\"},{\"@type\":\"Organization\",\"@id\":\"https:\/\/deputadotaveirajr.com.br\/#organization\",\"name\":\"Taveira Jr\",\"url\":\"https:\/\/deputadotaveirajr.com.br\/\",\"logo\":{\"@type\":\"ImageObject\",\"inLanguage\":\"pt-BR\",\"@id\":\"https:\/\/deputadotaveirajr.com.br\/#\/schema\/logo\/image\/\",\"url\":\"https:\/\/deputadotaveirajr.com.br\/wp-content\/uploads\/2026\/01\/logolow2a.png\",\"contentUrl\":\"https:\/\/deputadotaveirajr.com.br\/wp-content\/uploads\/2026\/01\/logolow2a.png\",\"width\":290,\"height\":80,\"caption\":\"Taveira Jr\"},\"image\":{\"@id\":\"https:\/\/deputadotaveirajr.com.br\/#\/schema\/logo\/image\/\"}}]}<\/script>\n<!-- \/ Yoast SEO plugin. -->","yoast_head_json":{"title":"Idema faz visita t\u00e9cnica a 'lago dos jacar\u00e9s' em Maracaja\u00fa para avaliar retirada de animais - Taveira Jr","robots":{"index":"index","follow":"follow","max-snippet":"max-snippet:-1","max-image-preview":"max-image-preview:large","max-video-preview":"max-video-preview:-1"},"canonical":"https:\/\/deputadotaveirajr.com.br\/index.php\/idema-faz-visita-tecnica-a-lago-dos-jacares-em-maracajau-para-avaliar-retirada-de-animais\/","og_locale":"pt_BR","og_type":"article","og_title":"Idema faz visita t\u00e9cnica a 'lago dos jacar\u00e9s' em Maracaja\u00fa para avaliar retirada de animais - Taveira Jr","og_description":"Aumento no n\u00famero de animais em lago em Maxaranguape, que fica pr\u00f3ximo a casas e escolas, assustou moradores nos \u00faltimos meses na regi\u00e3o. Jacar\u00e9s em lago em Maracaja\u00fa, no litoral ...","og_url":"https:\/\/deputadotaveirajr.com.br\/index.php\/idema-faz-visita-tecnica-a-lago-dos-jacares-em-maracajau-para-avaliar-retirada-de-animais\/","og_site_name":"Taveira Jr","og_image":[{"url":"https:\/\/s2-g1.glbimg.com\/6c5F1wcDtdfmT7zbLmyhMu9Mo34=\/i.s3.glbimg.com\/v1\/AUTH_59edd422c0c84a879bd37670ae4f538a\/internal_photos\/bs\/2025\/o\/0\/HHS50kTaAxPqHTvoNGuw\/whatsapp-image-2025-04-22-at-16.27.20.jpeg","type":"","width":"","height":""}],"twitter_card":"summary_large_image","twitter_misc":{"Est. tempo de leitura":"4 minutos"},"schema":{"@context":"https:\/\/schema.org","@graph":[{"@type":"WebPage","@id":"https:\/\/deputadotaveirajr.com.br\/index.php\/idema-faz-visita-tecnica-a-lago-dos-jacares-em-maracajau-para-avaliar-retirada-de-animais\/","url":"https:\/\/deputadotaveirajr.com.br\/index.php\/idema-faz-visita-tecnica-a-lago-dos-jacares-em-maracajau-para-avaliar-retirada-de-animais\/","name":"Idema faz visita t\u00e9cnica a 'lago dos jacar\u00e9s' em Maracaja\u00fa para avaliar retirada de animais - Taveira Jr","isPartOf":{"@id":"https:\/\/deputadotaveirajr.com.br\/#website"},"primaryImageOfPage":{"@id":"https:\/\/deputadotaveirajr.com.br\/index.php\/idema-faz-visita-tecnica-a-lago-dos-jacares-em-maracajau-para-avaliar-retirada-de-animais\/#primaryimage"},"image":{"@id":"https:\/\/deputadotaveirajr.com.br\/index.php\/idema-faz-visita-tecnica-a-lago-dos-jacares-em-maracajau-para-avaliar-retirada-de-animais\/#primaryimage"},"thumbnailUrl":"https:\/\/deputadotaveirajr.com.br\/wp-content\/uploads\/2025\/04\/whatsapp-image-2025-04-22-at-16.27.20-sOMQEh.jpg","datePublished":"2025-04-25T16:33:10+00:00","breadcrumb":{"@id":"https:\/\/deputadotaveirajr.com.br\/index.php\/idema-faz-visita-tecnica-a-lago-dos-jacares-em-maracajau-para-avaliar-retirada-de-animais\/#breadcrumb"},"inLanguage":"pt-BR","potentialAction":[{"@type":"ReadAction","target":["https:\/\/deputadotaveirajr.com.br\/index.php\/idema-faz-visita-tecnica-a-lago-dos-jacares-em-maracajau-para-avaliar-retirada-de-animais\/"]}]},{"@type":"ImageObject","inLanguage":"pt-BR","@id":"https:\/\/deputadotaveirajr.com.br\/index.php\/idema-faz-visita-tecnica-a-lago-dos-jacares-em-maracajau-para-avaliar-retirada-de-animais\/#primaryimage","url":"https:\/\/deputadotaveirajr.com.br\/wp-content\/uploads\/2025\/04\/whatsapp-image-2025-04-22-at-16.27.20-sOMQEh.jpg","contentUrl":"https:\/\/deputadotaveirajr.com.br\/wp-content\/uploads\/2025\/04\/whatsapp-image-2025-04-22-at-16.27.20-sOMQEh.jpg","width":1280,"height":720},{"@type":"BreadcrumbList","@id":"https:\/\/deputadotaveirajr.com.br\/index.php\/idema-faz-visita-tecnica-a-lago-dos-jacares-em-maracajau-para-avaliar-retirada-de-animais\/#breadcrumb","itemListElement":[{"@type":"ListItem","position":1,"name":"In\u00edcio","item":"https:\/\/deputadotaveirajr.com.br\/"},{"@type":"ListItem","position":2,"name":"Idema faz visita t\u00e9cnica a &#8216;lago dos jacar\u00e9s&#8217; em Maracaja\u00fa para avaliar retirada de animais"}]},{"@type":"WebSite","@id":"https:\/\/deputadotaveirajr.com.br\/#website","url":"https:\/\/deputadotaveirajr.com.br\/","name":"Taveira Jr","description":"Deputado Estadual","publisher":{"@id":"https:\/\/deputadotaveirajr.com.br\/#organization"},"potentialAction":[{"@type":"SearchAction","target":{"@type":"EntryPoint","urlTemplate":"https:\/\/deputadotaveirajr.com.br\/?s={search_term_string}"},"query-input":{"@type":"PropertyValueSpecification","valueRequired":true,"valueName":"search_term_string"}}],"inLanguage":"pt-BR"},{"@type":"Organization","@id":"https:\/\/deputadotaveirajr.com.br\/#organization","name":"Taveira Jr","url":"https:\/\/deputadotaveirajr.com.br\/","logo":{"@type":"ImageObject","inLanguage":"pt-BR","@id":"https:\/\/deputadotaveirajr.com.br\/#\/schema\/logo\/image\/","url":"https:\/\/deputadotaveirajr.com.br\/wp-content\/uploads\/2026\/01\/logolow2a.png","contentUrl":"https:\/\/deputadotaveirajr.com.br\/wp-content\/uploads\/2026\/01\/logolow2a.png","width":290,"height":80,"caption":"Taveira Jr"},"image":{"@id":"https:\/\/deputadotaveirajr.com.br\/#\/schema\/logo\/image\/"}}]}},"_links":{"self":[{"href":"https:\/\/deputadotaveirajr.com.br\/index.php\/wp-json\/wp\/v2\/pages\/12836","targetHints":{"allow":["GET"]}}],"collection":[{"href":"https:\/\/deputadotaveirajr.com.br\/index.php\/wp-json\/wp\/v2\/pages"}],"about":[{"href":"https:\/\/deputadotaveirajr.com.br\/index.php\/wp-json\/wp\/v2\/types\/page"}],"replies":[{"embeddable":true,"href":"https:\/\/deputadotaveirajr.com.br\/index.php\/wp-json\/wp\/v2\/comments?post=12836"}],"version-history":[{"count":0,"href":"https:\/\/deputadotaveirajr.com.br\/index.php\/wp-json\/wp\/v2\/pages\/12836\/revisions"}],"wp:featuredmedia":[{"embeddable":true,"href":"https:\/\/deputadotaveirajr.com.br\/index.php\/wp-json\/wp\/v2\/media\/12837"}],"wp:attachment":[{"href":"https:\/\/deputadotaveirajr.com.br\/index.php\/wp-json\/wp\/v2\/media?parent=12836"}],"curies":[{"name":"wp","href":"https:\/\/api.w.org\/{rel}","templated":true}]}}