{"id":12838,"date":"2025-04-25T11:42:41","date_gmt":"2025-04-25T14:42:41","guid":{"rendered":"https:\/\/deputadotaveirajr.com.br\/index.php\/tarifa-social-mais-de-100-mil-familias-da-grande-natal-podem-ter-ate-65-de-desconto-na-conta-de-luz\/"},"modified":"2025-04-25T11:42:41","modified_gmt":"2025-04-25T14:42:41","slug":"tarifa-social-mais-de-100-mil-familias-da-grande-natal-podem-ter-ate-65-de-desconto-na-conta-de-luz","status":"publish","type":"page","link":"https:\/\/deputadotaveirajr.com.br\/index.php\/tarifa-social-mais-de-100-mil-familias-da-grande-natal-podem-ter-ate-65-de-desconto-na-conta-de-luz\/","title":{"rendered":"Tarifa Social: Mais de 100 mil fam\u00edlias da Grande Natal podem ter at\u00e9 65% de desconto na conta de luz"},"content":{"rendered":"<p><img decoding=\"async\" src=\"https:\/\/s2-g1.glbimg.com\/AREleU4WKKOVreGjdt_8DcKQd34=\/i.s3.glbimg.com\/v1\/AUTH_59edd422c0c84a879bd37670ae4f538a\/internal_photos\/bs\/2025\/D\/Q\/nayf7PRLW4oH9AcGAXQA\/conta-de-energia.jpg\" \/><br \/>     Tarifa Social de Energia El\u00e9trica contempla ind\u00edgenas, quilombolas e consumidores de baixa renda inscritos nos programas sociais federais. Conta de energia<br \/>\nNeoenergia\/Cosern<br \/>\nMais de 102 mil pessoas que moram nos 15 munic\u00edpios que integram a Regi\u00e3o Metropolitana de Natal e possuem N\u00famero de Identifica\u00e7\u00e3o Social (NIS) est\u00e3o aptas a receber o benef\u00edcio da Tarifa Social de Energia El\u00e9trica (TSEE), mas ainda n\u00e3o est\u00e3o inscritas no programa federal.<br \/>\nO desconto pode chegar a 65% para pessoas de baixa renda, segundo a companhia de energia el\u00e9trica que atende o estado.<br \/>\n\ud83d\udcf3Participe do canal do g1 RN no WhatsApp<br \/>\nDe janeiro a dezembro de 2024, a empresa inseriu mais de 82,5 mil no programa. Com isso, o Rio Grande do Norte passou a contar com mais de 388 mil fam\u00edlias beneficiadas.<br \/>\n&#8220;A maioria dessas fam\u00edlias vive em im\u00f3veis alugados ou cedidos e n\u00e3o s\u00e3o titulares das contas de energia, o que dificulta a inser\u00e7\u00e3o autom\u00e1tica na base de dados da Neoenergia Cosern e posterior concess\u00e3o do desconto na fatura de energia&#8221;, informou a companhia.<br \/>\nConcedido pelo Governo Federal, a TSEE contempla ind\u00edgenas, quilombolas e consumidores de baixa renda inscritos nos programas sociais federais.<br \/>\nPara acessar o benefici\u00e1rio, n\u00e3o precisa ser o titular da conta de energia e ter o seu CPF vinculado ao contrato de fornecimento de energia. \u00c9 necess\u00e1rio, por\u00e9m, apresentar o NIS ou o NB e informar a qual conta deve ser concedido o benef\u00edcio.<br \/>\nFam\u00edlias aptas ao desconto por cidade da Grande Natal<br \/>\nComo acessar a TSEE<br \/>\nPara garantir o abatimento mensal na conta de energia, a pessoa precisa possuir o N\u00famero de Inscri\u00e7\u00e3o Social (NIS) ou N\u00famero do Benef\u00edcio (NB) atualizados. Caso esteja desatualizado, \u00e9 preciso se dirigir ao Centro de Refer\u00eancia da Assist\u00eancia Social (Cras) mais pr\u00f3ximo de sua resid\u00eancia para regularizar a situa\u00e7\u00e3o no Cad\u00danico do Governo Federal.<br \/>\nAs fam\u00edlias de baixa renda que ainda n\u00e3o est\u00e3o inscritas no Cad\u00danico podem realizar o cadastro social no Centro de Refer\u00eancia da Assist\u00eancia Social (CRAS) mais pr\u00f3ximo da sua resid\u00eancia. \u00c9 importante que as informa\u00e7\u00f5es do benefici\u00e1rio junto aos sistemas do governo federal sejam atualizadas a cada dois anos, no m\u00ednimo, para que n\u00e3o ocorra interrup\u00e7\u00e3o na concess\u00e3o do benef\u00edcio.<br \/>\nCaso o benefici\u00e1rio mude a estrutura familiar ou o endere\u00e7o de moradia, \u00e9 necess\u00e1ria a comunica\u00e7\u00e3o dessas mudan\u00e7as ao Cras.<br \/>\nQuando o titular da conta de energia el\u00e9trica \u00e9 o pr\u00f3prio benefici\u00e1rio e detentor do NIS ou NB (BPC\/LOAS), a pr\u00f3pria Neoenergia faz o cadastro do benef\u00edcio automaticamente. Por\u00e9m, quando a titularidade est\u00e1 no CPF de outra pessoa, \u00e9 necess\u00e1rio que o cliente procure os canais de atendimento da concession\u00e1ria.<br \/>\nA inscri\u00e7\u00e3o pode ser feita por meio do WhatsApp da Neoenergia, site oficial (na \u00c1rea do Cliente) e Lojas de Atendimento.<br \/>\nQuem tem direito \u00e0 TSEE?<br \/>\nFam\u00edlia de baixa renda que esteja inscrita no Cadastro \u00danico para Programas Sociais do Governo Federal, ou seja, ter NIS &#8211; N\u00famero de Identifica\u00e7\u00e3o Social, com renda familiar mensal por pessoa menor ou igual a meio sal\u00e1rio-m\u00ednimo nacional.<br \/>\nFam\u00edlia de baixa renda que esteja inscrita no Cadastro \u00danico com renda familiar mensal de at\u00e9 tr\u00eas sal\u00e1rios-m\u00ednimos, que tenha algu\u00e9m com doen\u00e7a ou patologia que precise do uso continuado de aparelhos ou equipamentos el\u00e9tricos para tratamento de sa\u00fade;<br \/>\nFam\u00edlia de baixa renda que tenha idoso ou pessoa com defici\u00eancia que receba o Benef\u00edcio de Presta\u00e7\u00e3o Continuada da Assist\u00eancia Social \u2013 BPC\/LOAS, com seu respectivo NB \u2013 N\u00famero do Benef\u00edcio. Cada fam\u00edlia tem direito ao benef\u00edcio da Tarifa Social de Energia El\u00e9trica &#8211; TSEE em apenas uma unidade consumidora.<br \/>\nCanais de Atendimento da Neoenergia Cosern<br \/>\nWhatsApp: (84) 3215 6001<br \/>\nTeleatendimento: 116. Gratuito, dispon\u00edvel 24 horas, todos os dias da semana;<br \/>\nAg\u00eancia Virtual<br \/>\nAplicativo: Dispon\u00edvel para os sistemas IOS e Android<br \/>\nDesconto de at\u00e9 100% na conta de energia<br \/>\nVeja os v\u00eddeos mais assistidos no g1 RN<\/p>","protected":false},"excerpt":{"rendered":"<p>Tarifa Social de Energia El\u00e9trica contempla ind\u00edgenas, quilombolas e consumidores de baixa renda inscritos nos programas sociais federais. Conta de energia Neoenergia\/Cosern Mais de 102 mil pessoas que moram nos &#8230;<\/p>\n","protected":false},"author":0,"featured_media":12839,"parent":0,"menu_order":0,"comment_status":"closed","ping_status":"closed","template":"","meta":{"footnotes":""},"class_list":["post-12838","page","type-page","status-publish","has-post-thumbnail","hentry"],"yoast_head":"<!-- This site is optimized with the Yoast SEO plugin v27.1.1 - https:\/\/yoast.com\/product\/yoast-seo-wordpress\/ -->\n<title>Tarifa Social: Mais de 100 mil fam\u00edlias da Grande Natal podem ter at\u00e9 65% de desconto na conta de luz - Taveira Jr<\/title>\n<meta name=\"robots\" content=\"index, follow, max-snippet:-1, max-image-preview:large, max-video-preview:-1\" \/>\n<link rel=\"canonical\" href=\"https:\/\/deputadotaveirajr.com.br\/index.php\/tarifa-social-mais-de-100-mil-familias-da-grande-natal-podem-ter-ate-65-de-desconto-na-conta-de-luz\/\" \/>\n<meta property=\"og:locale\" content=\"pt_BR\" \/>\n<meta property=\"og:type\" content=\"article\" \/>\n<meta property=\"og:title\" content=\"Tarifa Social: Mais de 100 mil fam\u00edlias da Grande Natal podem ter at\u00e9 65% de desconto na conta de luz - Taveira Jr\" \/>\n<meta property=\"og:description\" content=\"Tarifa Social de Energia El\u00e9trica contempla ind\u00edgenas, quilombolas e consumidores de baixa renda inscritos nos programas sociais federais. Conta de energia Neoenergia\/Cosern Mais de 102 mil pessoas que moram nos ...\" \/>\n<meta property=\"og:url\" content=\"https:\/\/deputadotaveirajr.com.br\/index.php\/tarifa-social-mais-de-100-mil-familias-da-grande-natal-podem-ter-ate-65-de-desconto-na-conta-de-luz\/\" \/>\n<meta property=\"og:site_name\" content=\"Taveira Jr\" \/>\n<meta property=\"og:image\" content=\"https:\/\/s2-g1.glbimg.com\/AREleU4WKKOVreGjdt_8DcKQd34=\/i.s3.glbimg.com\/v1\/AUTH_59edd422c0c84a879bd37670ae4f538a\/internal_photos\/bs\/2025\/D\/Q\/nayf7PRLW4oH9AcGAXQA\/conta-de-energia.jpg\" \/>\n<meta name=\"twitter:card\" content=\"summary_large_image\" \/>\n<meta name=\"twitter:label1\" content=\"Est. tempo de leitura\" \/>\n\t<meta name=\"twitter:data1\" content=\"4 minutos\" \/>\n<script type=\"application\/ld+json\" class=\"yoast-schema-graph\">{\"@context\":\"https:\/\/schema.org\",\"@graph\":[{\"@type\":\"WebPage\",\"@id\":\"https:\/\/deputadotaveirajr.com.br\/index.php\/tarifa-social-mais-de-100-mil-familias-da-grande-natal-podem-ter-ate-65-de-desconto-na-conta-de-luz\/\",\"url\":\"https:\/\/deputadotaveirajr.com.br\/index.php\/tarifa-social-mais-de-100-mil-familias-da-grande-natal-podem-ter-ate-65-de-desconto-na-conta-de-luz\/\",\"name\":\"Tarifa Social: Mais de 100 mil fam\u00edlias da Grande Natal podem ter at\u00e9 65% de desconto na conta de luz - Taveira Jr\",\"isPartOf\":{\"@id\":\"https:\/\/deputadotaveirajr.com.br\/#website\"},\"primaryImageOfPage\":{\"@id\":\"https:\/\/deputadotaveirajr.com.br\/index.php\/tarifa-social-mais-de-100-mil-familias-da-grande-natal-podem-ter-ate-65-de-desconto-na-conta-de-luz\/#primaryimage\"},\"image\":{\"@id\":\"https:\/\/deputadotaveirajr.com.br\/index.php\/tarifa-social-mais-de-100-mil-familias-da-grande-natal-podem-ter-ate-65-de-desconto-na-conta-de-luz\/#primaryimage\"},\"thumbnailUrl\":\"https:\/\/deputadotaveirajr.com.br\/wp-content\/uploads\/2025\/04\/conta-de-energia-2A2S5x.jpg\",\"datePublished\":\"2025-04-25T14:42:41+00:00\",\"breadcrumb\":{\"@id\":\"https:\/\/deputadotaveirajr.com.br\/index.php\/tarifa-social-mais-de-100-mil-familias-da-grande-natal-podem-ter-ate-65-de-desconto-na-conta-de-luz\/#breadcrumb\"},\"inLanguage\":\"pt-BR\",\"potentialAction\":[{\"@type\":\"ReadAction\",\"target\":[\"https:\/\/deputadotaveirajr.com.br\/index.php\/tarifa-social-mais-de-100-mil-familias-da-grande-natal-podem-ter-ate-65-de-desconto-na-conta-de-luz\/\"]}]},{\"@type\":\"ImageObject\",\"inLanguage\":\"pt-BR\",\"@id\":\"https:\/\/deputadotaveirajr.com.br\/index.php\/tarifa-social-mais-de-100-mil-familias-da-grande-natal-podem-ter-ate-65-de-desconto-na-conta-de-luz\/#primaryimage\",\"url\":\"https:\/\/deputadotaveirajr.com.br\/wp-content\/uploads\/2025\/04\/conta-de-energia-2A2S5x.jpg\",\"contentUrl\":\"https:\/\/deputadotaveirajr.com.br\/wp-content\/uploads\/2025\/04\/conta-de-energia-2A2S5x.jpg\",\"width\":1200,\"height\":900},{\"@type\":\"BreadcrumbList\",\"@id\":\"https:\/\/deputadotaveirajr.com.br\/index.php\/tarifa-social-mais-de-100-mil-familias-da-grande-natal-podem-ter-ate-65-de-desconto-na-conta-de-luz\/#breadcrumb\",\"itemListElement\":[{\"@type\":\"ListItem\",\"position\":1,\"name\":\"In\u00edcio\",\"item\":\"https:\/\/deputadotaveirajr.com.br\/\"},{\"@type\":\"ListItem\",\"position\":2,\"name\":\"Tarifa Social: Mais de 100 mil fam\u00edlias da Grande Natal podem ter at\u00e9 65% de desconto na conta de luz\"}]},{\"@type\":\"WebSite\",\"@id\":\"https:\/\/deputadotaveirajr.com.br\/#website\",\"url\":\"https:\/\/deputadotaveirajr.com.br\/\",\"name\":\"Taveira Jr\",\"description\":\"Deputado Estadual\",\"publisher\":{\"@id\":\"https:\/\/deputadotaveirajr.com.br\/#organization\"},\"potentialAction\":[{\"@type\":\"SearchAction\",\"target\":{\"@type\":\"EntryPoint\",\"urlTemplate\":\"https:\/\/deputadotaveirajr.com.br\/?s={search_term_string}\"},\"query-input\":{\"@type\":\"PropertyValueSpecification\",\"valueRequired\":true,\"valueName\":\"search_term_string\"}}],\"inLanguage\":\"pt-BR\"},{\"@type\":\"Organization\",\"@id\":\"https:\/\/deputadotaveirajr.com.br\/#organization\",\"name\":\"Taveira Jr\",\"url\":\"https:\/\/deputadotaveirajr.com.br\/\",\"logo\":{\"@type\":\"ImageObject\",\"inLanguage\":\"pt-BR\",\"@id\":\"https:\/\/deputadotaveirajr.com.br\/#\/schema\/logo\/image\/\",\"url\":\"https:\/\/deputadotaveirajr.com.br\/wp-content\/uploads\/2026\/01\/logolow2a.png\",\"contentUrl\":\"https:\/\/deputadotaveirajr.com.br\/wp-content\/uploads\/2026\/01\/logolow2a.png\",\"width\":290,\"height\":80,\"caption\":\"Taveira Jr\"},\"image\":{\"@id\":\"https:\/\/deputadotaveirajr.com.br\/#\/schema\/logo\/image\/\"}}]}<\/script>\n<!-- \/ Yoast SEO plugin. -->","yoast_head_json":{"title":"Tarifa Social: Mais de 100 mil fam\u00edlias da Grande Natal podem ter at\u00e9 65% de desconto na conta de luz - Taveira Jr","robots":{"index":"index","follow":"follow","max-snippet":"max-snippet:-1","max-image-preview":"max-image-preview:large","max-video-preview":"max-video-preview:-1"},"canonical":"https:\/\/deputadotaveirajr.com.br\/index.php\/tarifa-social-mais-de-100-mil-familias-da-grande-natal-podem-ter-ate-65-de-desconto-na-conta-de-luz\/","og_locale":"pt_BR","og_type":"article","og_title":"Tarifa Social: Mais de 100 mil fam\u00edlias da Grande Natal podem ter at\u00e9 65% de desconto na conta de luz - Taveira Jr","og_description":"Tarifa Social de Energia El\u00e9trica contempla ind\u00edgenas, quilombolas e consumidores de baixa renda inscritos nos programas sociais federais. Conta de energia Neoenergia\/Cosern Mais de 102 mil pessoas que moram nos ...","og_url":"https:\/\/deputadotaveirajr.com.br\/index.php\/tarifa-social-mais-de-100-mil-familias-da-grande-natal-podem-ter-ate-65-de-desconto-na-conta-de-luz\/","og_site_name":"Taveira Jr","og_image":[{"url":"https:\/\/s2-g1.glbimg.com\/AREleU4WKKOVreGjdt_8DcKQd34=\/i.s3.glbimg.com\/v1\/AUTH_59edd422c0c84a879bd37670ae4f538a\/internal_photos\/bs\/2025\/D\/Q\/nayf7PRLW4oH9AcGAXQA\/conta-de-energia.jpg","type":"","width":"","height":""}],"twitter_card":"summary_large_image","twitter_misc":{"Est. tempo de leitura":"4 minutos"},"schema":{"@context":"https:\/\/schema.org","@graph":[{"@type":"WebPage","@id":"https:\/\/deputadotaveirajr.com.br\/index.php\/tarifa-social-mais-de-100-mil-familias-da-grande-natal-podem-ter-ate-65-de-desconto-na-conta-de-luz\/","url":"https:\/\/deputadotaveirajr.com.br\/index.php\/tarifa-social-mais-de-100-mil-familias-da-grande-natal-podem-ter-ate-65-de-desconto-na-conta-de-luz\/","name":"Tarifa Social: Mais de 100 mil fam\u00edlias da Grande Natal podem ter at\u00e9 65% de desconto na conta de luz - Taveira Jr","isPartOf":{"@id":"https:\/\/deputadotaveirajr.com.br\/#website"},"primaryImageOfPage":{"@id":"https:\/\/deputadotaveirajr.com.br\/index.php\/tarifa-social-mais-de-100-mil-familias-da-grande-natal-podem-ter-ate-65-de-desconto-na-conta-de-luz\/#primaryimage"},"image":{"@id":"https:\/\/deputadotaveirajr.com.br\/index.php\/tarifa-social-mais-de-100-mil-familias-da-grande-natal-podem-ter-ate-65-de-desconto-na-conta-de-luz\/#primaryimage"},"thumbnailUrl":"https:\/\/deputadotaveirajr.com.br\/wp-content\/uploads\/2025\/04\/conta-de-energia-2A2S5x.jpg","datePublished":"2025-04-25T14:42:41+00:00","breadcrumb":{"@id":"https:\/\/deputadotaveirajr.com.br\/index.php\/tarifa-social-mais-de-100-mil-familias-da-grande-natal-podem-ter-ate-65-de-desconto-na-conta-de-luz\/#breadcrumb"},"inLanguage":"pt-BR","potentialAction":[{"@type":"ReadAction","target":["https:\/\/deputadotaveirajr.com.br\/index.php\/tarifa-social-mais-de-100-mil-familias-da-grande-natal-podem-ter-ate-65-de-desconto-na-conta-de-luz\/"]}]},{"@type":"ImageObject","inLanguage":"pt-BR","@id":"https:\/\/deputadotaveirajr.com.br\/index.php\/tarifa-social-mais-de-100-mil-familias-da-grande-natal-podem-ter-ate-65-de-desconto-na-conta-de-luz\/#primaryimage","url":"https:\/\/deputadotaveirajr.com.br\/wp-content\/uploads\/2025\/04\/conta-de-energia-2A2S5x.jpg","contentUrl":"https:\/\/deputadotaveirajr.com.br\/wp-content\/uploads\/2025\/04\/conta-de-energia-2A2S5x.jpg","width":1200,"height":900},{"@type":"BreadcrumbList","@id":"https:\/\/deputadotaveirajr.com.br\/index.php\/tarifa-social-mais-de-100-mil-familias-da-grande-natal-podem-ter-ate-65-de-desconto-na-conta-de-luz\/#breadcrumb","itemListElement":[{"@type":"ListItem","position":1,"name":"In\u00edcio","item":"https:\/\/deputadotaveirajr.com.br\/"},{"@type":"ListItem","position":2,"name":"Tarifa Social: Mais de 100 mil fam\u00edlias da Grande Natal podem ter at\u00e9 65% de desconto na conta de luz"}]},{"@type":"WebSite","@id":"https:\/\/deputadotaveirajr.com.br\/#website","url":"https:\/\/deputadotaveirajr.com.br\/","name":"Taveira Jr","description":"Deputado Estadual","publisher":{"@id":"https:\/\/deputadotaveirajr.com.br\/#organization"},"potentialAction":[{"@type":"SearchAction","target":{"@type":"EntryPoint","urlTemplate":"https:\/\/deputadotaveirajr.com.br\/?s={search_term_string}"},"query-input":{"@type":"PropertyValueSpecification","valueRequired":true,"valueName":"search_term_string"}}],"inLanguage":"pt-BR"},{"@type":"Organization","@id":"https:\/\/deputadotaveirajr.com.br\/#organization","name":"Taveira Jr","url":"https:\/\/deputadotaveirajr.com.br\/","logo":{"@type":"ImageObject","inLanguage":"pt-BR","@id":"https:\/\/deputadotaveirajr.com.br\/#\/schema\/logo\/image\/","url":"https:\/\/deputadotaveirajr.com.br\/wp-content\/uploads\/2026\/01\/logolow2a.png","contentUrl":"https:\/\/deputadotaveirajr.com.br\/wp-content\/uploads\/2026\/01\/logolow2a.png","width":290,"height":80,"caption":"Taveira Jr"},"image":{"@id":"https:\/\/deputadotaveirajr.com.br\/#\/schema\/logo\/image\/"}}]}},"_links":{"self":[{"href":"https:\/\/deputadotaveirajr.com.br\/index.php\/wp-json\/wp\/v2\/pages\/12838","targetHints":{"allow":["GET"]}}],"collection":[{"href":"https:\/\/deputadotaveirajr.com.br\/index.php\/wp-json\/wp\/v2\/pages"}],"about":[{"href":"https:\/\/deputadotaveirajr.com.br\/index.php\/wp-json\/wp\/v2\/types\/page"}],"replies":[{"embeddable":true,"href":"https:\/\/deputadotaveirajr.com.br\/index.php\/wp-json\/wp\/v2\/comments?post=12838"}],"version-history":[{"count":0,"href":"https:\/\/deputadotaveirajr.com.br\/index.php\/wp-json\/wp\/v2\/pages\/12838\/revisions"}],"wp:featuredmedia":[{"embeddable":true,"href":"https:\/\/deputadotaveirajr.com.br\/index.php\/wp-json\/wp\/v2\/media\/12839"}],"wp:attachment":[{"href":"https:\/\/deputadotaveirajr.com.br\/index.php\/wp-json\/wp\/v2\/media?parent=12838"}],"curies":[{"name":"wp","href":"https:\/\/api.w.org\/{rel}","templated":true}]}}