{"id":12840,"date":"2025-04-25T10:06:24","date_gmt":"2025-04-25T13:06:24","guid":{"rendered":"https:\/\/deputadotaveirajr.com.br\/index.php\/homem-e-suspeito-de-incendiar-casa-por-nao-aceitar-fim-de-relacionamento-no-rn\/"},"modified":"2025-04-25T10:06:24","modified_gmt":"2025-04-25T13:06:24","slug":"homem-e-suspeito-de-incendiar-casa-por-nao-aceitar-fim-de-relacionamento-no-rn","status":"publish","type":"page","link":"https:\/\/deputadotaveirajr.com.br\/index.php\/homem-e-suspeito-de-incendiar-casa-por-nao-aceitar-fim-de-relacionamento-no-rn\/","title":{"rendered":"Homem \u00e9 suspeito de incendiar casa por n\u00e3o aceitar fim de relacionamento no RN"},"content":{"rendered":"<p><img decoding=\"async\" src=\"https:\/\/s2-g1.glbimg.com\/XlHc5r5OGJIobgXYv8c2rGuNUEU=\/i.s3.glbimg.com\/v1\/AUTH_59edd422c0c84a879bd37670ae4f538a\/internal_photos\/bs\/2025\/c\/y\/d5yhlWRCGYLaCosvtuBg\/casa-incendiada.jpg\" \/><br \/>     Caso aconteceu na madrugada de quinta-feira (24) em Boa Sa\u00fade, na regi\u00e3o Agreste. Homem fugiu.  Homem \u00e9 suspeito de incendiar casa por n\u00e3o aceitar fim de relacionamento no RN<br \/>\nUm homem incendiou a casa onde morava com a esposa por n\u00e3o aceitar o fim do relacionamento, segundo denunciou a mulher. O caso aconteceu na madrugada de quinta-feira (24) em Boa Sa\u00fade, na regi\u00e3o Agreste.<br \/>\nO caso foi registrado por meio de um boletim de ocorr\u00eancia e a v\u00edtima pediu medidas protetivas contra o suspeito, que fugiu.<br \/>\n\ud83d\udcf3Participe do canal do g1 RN no WhatsApp<br \/>\nO caso aconteceu no centro do munic\u00edpio. O Corpo de Bombeiros foi acionado para apagar as chamas, que se espalharam por toda a casa. M\u00f3veis foram destru\u00eddos, o teto desabou, roupas, objetos pessoais e eletrodom\u00e9sticos foram perdidos.<br \/>\nA mulher e as filhas g\u00eameas, de 18 anos, n\u00e3o estavam em casa no momento em que o crime aconteceu. A v\u00edtima, que pediu para n\u00e3o ser identificada, afirmou que saiu de casa ap\u00f3s discutir com o homem.<br \/>\n&#8220;Eu disse a ele que ia para casa da minha m\u00e3e, j\u00e1 que ele n\u00e3o queria sair. Que eu vinha dormir na casa da minha m\u00e3e e ele passasse a noite l\u00e1 e pensasse como ia fazer, para no outro dia tirar as coisas dele de l\u00e1 e ir embora. Ele falou que n\u00e3o ia, que n\u00e3o ia, que n\u00e3o queria, n\u00e3o aceitava o fim&#8221;, relatou a mulher.<br \/>\n&#8220;Antes de eu vir para casa da minha m\u00e3e, ele me pediu: &#8216;N\u00e3o v\u00e1 para l\u00e1, fique em casa, deve dar uma trag\u00e9dia, n\u00e3o v\u00e1 para l\u00e1, n\u00e3o v\u00e1 para l\u00e1'&#8221;, disse.<br \/>\nDurante a madrugada, os vizinhos perceberam que a casa estava pegando fogo e o homem n\u00e3o foi mais encontrado.<br \/>\nA mulher est\u00e1 em tratamento contra um c\u00e2ncer nos rins e relatou que perdeu medicamentos e exames no inc\u00eandio.<br \/>\n&#8220;Perdi tudo, toda minha documenta\u00e7\u00e3o, meus exames, tudo, perdi. N\u00e3o sei, n\u00e3o sei como \u00e9 que vai ser daqui para frente&#8221;, lamentou.<br \/>\nCasa incendiada em Boa Sa\u00fade, no interior do RN<br \/>\nCedida<br \/>\nVeja os v\u00eddeos mais assistidos no g1 RN<\/p>","protected":false},"excerpt":{"rendered":"<p>Caso aconteceu na madrugada de quinta-feira (24) em Boa Sa\u00fade, na regi\u00e3o Agreste. Homem fugiu. Homem \u00e9 suspeito de incendiar casa por n\u00e3o aceitar fim de relacionamento no RN Um &#8230;<\/p>\n","protected":false},"author":0,"featured_media":12841,"parent":0,"menu_order":0,"comment_status":"closed","ping_status":"closed","template":"","meta":{"footnotes":""},"class_list":["post-12840","page","type-page","status-publish","has-post-thumbnail","hentry"],"yoast_head":"<!-- This site is optimized with the Yoast SEO plugin v27.1.1 - https:\/\/yoast.com\/product\/yoast-seo-wordpress\/ -->\n<title>Homem \u00e9 suspeito de incendiar casa por n\u00e3o aceitar fim de relacionamento no RN - Taveira Jr<\/title>\n<meta name=\"robots\" content=\"index, follow, max-snippet:-1, max-image-preview:large, max-video-preview:-1\" \/>\n<link rel=\"canonical\" href=\"https:\/\/deputadotaveirajr.com.br\/index.php\/homem-e-suspeito-de-incendiar-casa-por-nao-aceitar-fim-de-relacionamento-no-rn\/\" \/>\n<meta property=\"og:locale\" content=\"pt_BR\" \/>\n<meta property=\"og:type\" content=\"article\" \/>\n<meta property=\"og:title\" content=\"Homem \u00e9 suspeito de incendiar casa por n\u00e3o aceitar fim de relacionamento no RN - Taveira Jr\" \/>\n<meta property=\"og:description\" content=\"Caso aconteceu na madrugada de quinta-feira (24) em Boa Sa\u00fade, na regi\u00e3o Agreste. Homem fugiu. Homem \u00e9 suspeito de incendiar casa por n\u00e3o aceitar fim de relacionamento no RN Um ...\" \/>\n<meta property=\"og:url\" content=\"https:\/\/deputadotaveirajr.com.br\/index.php\/homem-e-suspeito-de-incendiar-casa-por-nao-aceitar-fim-de-relacionamento-no-rn\/\" \/>\n<meta property=\"og:site_name\" content=\"Taveira Jr\" \/>\n<meta property=\"og:image\" content=\"https:\/\/s2-g1.glbimg.com\/XlHc5r5OGJIobgXYv8c2rGuNUEU=\/i.s3.glbimg.com\/v1\/AUTH_59edd422c0c84a879bd37670ae4f538a\/internal_photos\/bs\/2025\/c\/y\/d5yhlWRCGYLaCosvtuBg\/casa-incendiada.jpg\" \/>\n<meta name=\"twitter:card\" content=\"summary_large_image\" \/>\n<meta name=\"twitter:label1\" content=\"Est. tempo de leitura\" \/>\n\t<meta name=\"twitter:data1\" content=\"2 minutos\" \/>\n<script type=\"application\/ld+json\" class=\"yoast-schema-graph\">{\"@context\":\"https:\/\/schema.org\",\"@graph\":[{\"@type\":\"WebPage\",\"@id\":\"https:\/\/deputadotaveirajr.com.br\/index.php\/homem-e-suspeito-de-incendiar-casa-por-nao-aceitar-fim-de-relacionamento-no-rn\/\",\"url\":\"https:\/\/deputadotaveirajr.com.br\/index.php\/homem-e-suspeito-de-incendiar-casa-por-nao-aceitar-fim-de-relacionamento-no-rn\/\",\"name\":\"Homem \u00e9 suspeito de incendiar casa por n\u00e3o aceitar fim de relacionamento no RN - Taveira Jr\",\"isPartOf\":{\"@id\":\"https:\/\/deputadotaveirajr.com.br\/#website\"},\"primaryImageOfPage\":{\"@id\":\"https:\/\/deputadotaveirajr.com.br\/index.php\/homem-e-suspeito-de-incendiar-casa-por-nao-aceitar-fim-de-relacionamento-no-rn\/#primaryimage\"},\"image\":{\"@id\":\"https:\/\/deputadotaveirajr.com.br\/index.php\/homem-e-suspeito-de-incendiar-casa-por-nao-aceitar-fim-de-relacionamento-no-rn\/#primaryimage\"},\"thumbnailUrl\":\"https:\/\/deputadotaveirajr.com.br\/wp-content\/uploads\/2025\/04\/casa-incendiada-gjmNpr.jpg\",\"datePublished\":\"2025-04-25T13:06:24+00:00\",\"breadcrumb\":{\"@id\":\"https:\/\/deputadotaveirajr.com.br\/index.php\/homem-e-suspeito-de-incendiar-casa-por-nao-aceitar-fim-de-relacionamento-no-rn\/#breadcrumb\"},\"inLanguage\":\"pt-BR\",\"potentialAction\":[{\"@type\":\"ReadAction\",\"target\":[\"https:\/\/deputadotaveirajr.com.br\/index.php\/homem-e-suspeito-de-incendiar-casa-por-nao-aceitar-fim-de-relacionamento-no-rn\/\"]}]},{\"@type\":\"ImageObject\",\"inLanguage\":\"pt-BR\",\"@id\":\"https:\/\/deputadotaveirajr.com.br\/index.php\/homem-e-suspeito-de-incendiar-casa-por-nao-aceitar-fim-de-relacionamento-no-rn\/#primaryimage\",\"url\":\"https:\/\/deputadotaveirajr.com.br\/wp-content\/uploads\/2025\/04\/casa-incendiada-gjmNpr.jpg\",\"contentUrl\":\"https:\/\/deputadotaveirajr.com.br\/wp-content\/uploads\/2025\/04\/casa-incendiada-gjmNpr.jpg\",\"width\":1200,\"height\":883},{\"@type\":\"BreadcrumbList\",\"@id\":\"https:\/\/deputadotaveirajr.com.br\/index.php\/homem-e-suspeito-de-incendiar-casa-por-nao-aceitar-fim-de-relacionamento-no-rn\/#breadcrumb\",\"itemListElement\":[{\"@type\":\"ListItem\",\"position\":1,\"name\":\"In\u00edcio\",\"item\":\"https:\/\/deputadotaveirajr.com.br\/\"},{\"@type\":\"ListItem\",\"position\":2,\"name\":\"Homem \u00e9 suspeito de incendiar casa por n\u00e3o aceitar fim de relacionamento no RN\"}]},{\"@type\":\"WebSite\",\"@id\":\"https:\/\/deputadotaveirajr.com.br\/#website\",\"url\":\"https:\/\/deputadotaveirajr.com.br\/\",\"name\":\"Taveira Jr\",\"description\":\"Deputado Estadual\",\"publisher\":{\"@id\":\"https:\/\/deputadotaveirajr.com.br\/#organization\"},\"potentialAction\":[{\"@type\":\"SearchAction\",\"target\":{\"@type\":\"EntryPoint\",\"urlTemplate\":\"https:\/\/deputadotaveirajr.com.br\/?s={search_term_string}\"},\"query-input\":{\"@type\":\"PropertyValueSpecification\",\"valueRequired\":true,\"valueName\":\"search_term_string\"}}],\"inLanguage\":\"pt-BR\"},{\"@type\":\"Organization\",\"@id\":\"https:\/\/deputadotaveirajr.com.br\/#organization\",\"name\":\"Taveira Jr\",\"url\":\"https:\/\/deputadotaveirajr.com.br\/\",\"logo\":{\"@type\":\"ImageObject\",\"inLanguage\":\"pt-BR\",\"@id\":\"https:\/\/deputadotaveirajr.com.br\/#\/schema\/logo\/image\/\",\"url\":\"https:\/\/deputadotaveirajr.com.br\/wp-content\/uploads\/2026\/01\/logolow2a.png\",\"contentUrl\":\"https:\/\/deputadotaveirajr.com.br\/wp-content\/uploads\/2026\/01\/logolow2a.png\",\"width\":290,\"height\":80,\"caption\":\"Taveira Jr\"},\"image\":{\"@id\":\"https:\/\/deputadotaveirajr.com.br\/#\/schema\/logo\/image\/\"}}]}<\/script>\n<!-- \/ Yoast SEO plugin. -->","yoast_head_json":{"title":"Homem \u00e9 suspeito de incendiar casa por n\u00e3o aceitar fim de relacionamento no RN - Taveira Jr","robots":{"index":"index","follow":"follow","max-snippet":"max-snippet:-1","max-image-preview":"max-image-preview:large","max-video-preview":"max-video-preview:-1"},"canonical":"https:\/\/deputadotaveirajr.com.br\/index.php\/homem-e-suspeito-de-incendiar-casa-por-nao-aceitar-fim-de-relacionamento-no-rn\/","og_locale":"pt_BR","og_type":"article","og_title":"Homem \u00e9 suspeito de incendiar casa por n\u00e3o aceitar fim de relacionamento no RN - Taveira Jr","og_description":"Caso aconteceu na madrugada de quinta-feira (24) em Boa Sa\u00fade, na regi\u00e3o Agreste. Homem fugiu. Homem \u00e9 suspeito de incendiar casa por n\u00e3o aceitar fim de relacionamento no RN Um ...","og_url":"https:\/\/deputadotaveirajr.com.br\/index.php\/homem-e-suspeito-de-incendiar-casa-por-nao-aceitar-fim-de-relacionamento-no-rn\/","og_site_name":"Taveira Jr","og_image":[{"url":"https:\/\/s2-g1.glbimg.com\/XlHc5r5OGJIobgXYv8c2rGuNUEU=\/i.s3.glbimg.com\/v1\/AUTH_59edd422c0c84a879bd37670ae4f538a\/internal_photos\/bs\/2025\/c\/y\/d5yhlWRCGYLaCosvtuBg\/casa-incendiada.jpg","type":"","width":"","height":""}],"twitter_card":"summary_large_image","twitter_misc":{"Est. tempo de leitura":"2 minutos"},"schema":{"@context":"https:\/\/schema.org","@graph":[{"@type":"WebPage","@id":"https:\/\/deputadotaveirajr.com.br\/index.php\/homem-e-suspeito-de-incendiar-casa-por-nao-aceitar-fim-de-relacionamento-no-rn\/","url":"https:\/\/deputadotaveirajr.com.br\/index.php\/homem-e-suspeito-de-incendiar-casa-por-nao-aceitar-fim-de-relacionamento-no-rn\/","name":"Homem \u00e9 suspeito de incendiar casa por n\u00e3o aceitar fim de relacionamento no RN - Taveira Jr","isPartOf":{"@id":"https:\/\/deputadotaveirajr.com.br\/#website"},"primaryImageOfPage":{"@id":"https:\/\/deputadotaveirajr.com.br\/index.php\/homem-e-suspeito-de-incendiar-casa-por-nao-aceitar-fim-de-relacionamento-no-rn\/#primaryimage"},"image":{"@id":"https:\/\/deputadotaveirajr.com.br\/index.php\/homem-e-suspeito-de-incendiar-casa-por-nao-aceitar-fim-de-relacionamento-no-rn\/#primaryimage"},"thumbnailUrl":"https:\/\/deputadotaveirajr.com.br\/wp-content\/uploads\/2025\/04\/casa-incendiada-gjmNpr.jpg","datePublished":"2025-04-25T13:06:24+00:00","breadcrumb":{"@id":"https:\/\/deputadotaveirajr.com.br\/index.php\/homem-e-suspeito-de-incendiar-casa-por-nao-aceitar-fim-de-relacionamento-no-rn\/#breadcrumb"},"inLanguage":"pt-BR","potentialAction":[{"@type":"ReadAction","target":["https:\/\/deputadotaveirajr.com.br\/index.php\/homem-e-suspeito-de-incendiar-casa-por-nao-aceitar-fim-de-relacionamento-no-rn\/"]}]},{"@type":"ImageObject","inLanguage":"pt-BR","@id":"https:\/\/deputadotaveirajr.com.br\/index.php\/homem-e-suspeito-de-incendiar-casa-por-nao-aceitar-fim-de-relacionamento-no-rn\/#primaryimage","url":"https:\/\/deputadotaveirajr.com.br\/wp-content\/uploads\/2025\/04\/casa-incendiada-gjmNpr.jpg","contentUrl":"https:\/\/deputadotaveirajr.com.br\/wp-content\/uploads\/2025\/04\/casa-incendiada-gjmNpr.jpg","width":1200,"height":883},{"@type":"BreadcrumbList","@id":"https:\/\/deputadotaveirajr.com.br\/index.php\/homem-e-suspeito-de-incendiar-casa-por-nao-aceitar-fim-de-relacionamento-no-rn\/#breadcrumb","itemListElement":[{"@type":"ListItem","position":1,"name":"In\u00edcio","item":"https:\/\/deputadotaveirajr.com.br\/"},{"@type":"ListItem","position":2,"name":"Homem \u00e9 suspeito de incendiar casa por n\u00e3o aceitar fim de relacionamento no RN"}]},{"@type":"WebSite","@id":"https:\/\/deputadotaveirajr.com.br\/#website","url":"https:\/\/deputadotaveirajr.com.br\/","name":"Taveira Jr","description":"Deputado Estadual","publisher":{"@id":"https:\/\/deputadotaveirajr.com.br\/#organization"},"potentialAction":[{"@type":"SearchAction","target":{"@type":"EntryPoint","urlTemplate":"https:\/\/deputadotaveirajr.com.br\/?s={search_term_string}"},"query-input":{"@type":"PropertyValueSpecification","valueRequired":true,"valueName":"search_term_string"}}],"inLanguage":"pt-BR"},{"@type":"Organization","@id":"https:\/\/deputadotaveirajr.com.br\/#organization","name":"Taveira Jr","url":"https:\/\/deputadotaveirajr.com.br\/","logo":{"@type":"ImageObject","inLanguage":"pt-BR","@id":"https:\/\/deputadotaveirajr.com.br\/#\/schema\/logo\/image\/","url":"https:\/\/deputadotaveirajr.com.br\/wp-content\/uploads\/2026\/01\/logolow2a.png","contentUrl":"https:\/\/deputadotaveirajr.com.br\/wp-content\/uploads\/2026\/01\/logolow2a.png","width":290,"height":80,"caption":"Taveira Jr"},"image":{"@id":"https:\/\/deputadotaveirajr.com.br\/#\/schema\/logo\/image\/"}}]}},"_links":{"self":[{"href":"https:\/\/deputadotaveirajr.com.br\/index.php\/wp-json\/wp\/v2\/pages\/12840","targetHints":{"allow":["GET"]}}],"collection":[{"href":"https:\/\/deputadotaveirajr.com.br\/index.php\/wp-json\/wp\/v2\/pages"}],"about":[{"href":"https:\/\/deputadotaveirajr.com.br\/index.php\/wp-json\/wp\/v2\/types\/page"}],"replies":[{"embeddable":true,"href":"https:\/\/deputadotaveirajr.com.br\/index.php\/wp-json\/wp\/v2\/comments?post=12840"}],"version-history":[{"count":0,"href":"https:\/\/deputadotaveirajr.com.br\/index.php\/wp-json\/wp\/v2\/pages\/12840\/revisions"}],"wp:featuredmedia":[{"embeddable":true,"href":"https:\/\/deputadotaveirajr.com.br\/index.php\/wp-json\/wp\/v2\/media\/12841"}],"wp:attachment":[{"href":"https:\/\/deputadotaveirajr.com.br\/index.php\/wp-json\/wp\/v2\/media?parent=12840"}],"curies":[{"name":"wp","href":"https:\/\/api.w.org\/{rel}","templated":true}]}}