{"id":12860,"date":"2025-04-28T19:24:02","date_gmt":"2025-04-28T22:24:02","guid":{"rendered":"https:\/\/deputadotaveirajr.com.br\/index.php\/policia-civil-investiga-ameacas-de-morte-e-ofensas-racistas-contra-prefeita-de-parnamirim\/"},"modified":"2025-04-28T19:24:02","modified_gmt":"2025-04-28T22:24:02","slug":"policia-civil-investiga-ameacas-de-morte-e-ofensas-racistas-contra-prefeita-de-parnamirim","status":"publish","type":"page","link":"https:\/\/deputadotaveirajr.com.br\/index.php\/policia-civil-investiga-ameacas-de-morte-e-ofensas-racistas-contra-prefeita-de-parnamirim\/","title":{"rendered":"Pol\u00edcia Civil investiga amea\u00e7as de morte e ofensas racistas contra prefeita de Parnamirim"},"content":{"rendered":"<p><img decoding=\"async\" src=\"https:\/\/s2-g1.glbimg.com\/gtVuvg87z4NDevltEg_zwOgeh5w=\/i.s3.glbimg.com\/v1\/AUTH_59edd422c0c84a879bd37670ae4f538a\/internal_photos\/bs\/2025\/L\/d\/nm4k8fRuWHkfJyhY6deg\/mensagens.jpg\" \/><br \/>     Professora Nilda (Solidariedade) recebeu textos com amea\u00e7as de morte por aplicativo de mensagens no celular. Pol\u00edcia diz que caso tem &#8220;tratamento priorit\u00e1rio&#8221;. Amea\u00e7as recebidas pela Professora Nilda<br \/>\nDivulga\u00e7\u00e3o<br \/>\nA prefeita de Parnamirim (RN), Professora Nilda (Solidariedade), foi amea\u00e7ada de morte e sofreu ofensas racistas em textos recebidos por um aplicativo de mensagens de celular. A Pol\u00edcia Civil do Rio Grande do Norte informou que iniciou a investiga\u00e7\u00e3o do caso.<br \/>\nNas mensagens, o criminoso disse que vai invadir o gabinete da prefeita e &#8220;encher a cara dela de bala&#8221; no prazo de 10 dias. A professora Nilda tamb\u00e9m foi xingada de &#8220;macaca gorda esquisita&#8221; (veja imagens mais abaixo).<br \/>\n\ud83d\udcf3Participe do canal do g1 RN no WhatsApp<br \/>\nEm nota, a Pol\u00edcia Civil informou que o caso \u00e9 &#8220;de extrema gravidade e repulsa&#8221; e que &#8220;receber\u00e1 tratamento priorit\u00e1rio pela institui\u00e7\u00e3o&#8221;.<br \/>\nEm nota, a prefeitura de Parnamirim informou que repudia e lamenta as amea\u00e7as de morte e mensagens preconceituosas, e que a prefeita Professora Nilda registrou um boletim de ocorr\u00eancia e  comunicou o fato \u00e0 Secretaria Estadual de Seguran\u00e7a P\u00fablica e Defesa Social do RN (Sesed).<br \/>\nAl\u00e9m disso, informou que adotou medidas preventivas para garantir a integridade f\u00edsica da prefeita a de seus familiares. A nota citou que &#8220;causa repulsa, revolta e indigna\u00e7\u00e3o os ataques racistas e mis\u00f3ginos&#8221; contra a prefeita e que &#8220;esse ato de viol\u00eancia pol\u00edtica de g\u00eanero n\u00e3o pode prosperar&#8221;.<br \/>\n&#8220;O poder executivo municipal espera que as autoridades competentes atuem de forma en\u00e9rgica para prender o respons\u00e1vel ou respons\u00e1veis por essas atitudes delet\u00e9rias&#8221;, conclui a nota.<br \/>\nA Pol\u00edcia Civil informou que a investiga\u00e7\u00e3o passou a se conduzida pela Delegacia Especializada no Combate a Crimes Raciais, Intoler\u00e2ncia e Discrimina\u00e7\u00e3o (DECRID), divis\u00e3o recentemente criada no Estado.<br \/>\nDen\u00fancias sobre o caso podem ser feitas de forma an\u00f4nima pelo Disque Den\u00fancia 181.<br \/>\nMensagens enviadas contra a prefeita<br \/>\nAs mensagens foram enviadas \u00e0 prefeita de Parnamirim por um n\u00famero com prefixo 11, de S\u00e3o Paulo.<br \/>\nNas mensagens, al\u00e9m da prefeita, o criminoso tamb\u00e9m amea\u00e7a contra a vida de pessoas pretas, da comunidade LGBTIQIAP+ e faz ofensas de \u00f3dio religioso contra adeptos de religi\u00f5es de matrizes africanas.<br \/>\nEle diz que vai matar &#8220;o m\u00e1ximo de negros, viados, bixas e macumbeiros que eu encontrar pela frente (sic)&#8221;.<br \/>\nO criminoso cita ainda nas mensagens enviadas que ap\u00f3o o crime ele ainda vai sair pela porta da frente do gabinete. Ele alegou que tem problemas mentais diagnosticados e que, por isso, n\u00e3o sofrer\u00e1 nenhuma consequ\u00eancia pelo ato.<br \/>\nProfessora Nilda e\u0301 primeira mulher a comandar Parnamirim<br \/>\nV\u00eddeos mais assistidos do g1 RN<\/p>","protected":false},"excerpt":{"rendered":"<p>Professora Nilda (Solidariedade) recebeu textos com amea\u00e7as de morte por aplicativo de mensagens no celular. Pol\u00edcia diz que caso tem &#8220;tratamento priorit\u00e1rio&#8221;. Amea\u00e7as recebidas pela Professora Nilda Divulga\u00e7\u00e3o A prefeita &#8230;<\/p>\n","protected":false},"author":0,"featured_media":12861,"parent":0,"menu_order":0,"comment_status":"closed","ping_status":"closed","template":"","meta":{"footnotes":""},"class_list":["post-12860","page","type-page","status-publish","has-post-thumbnail","hentry"],"yoast_head":"<!-- This site is optimized with the Yoast SEO plugin v27.1.1 - https:\/\/yoast.com\/product\/yoast-seo-wordpress\/ -->\n<title>Pol\u00edcia Civil investiga amea\u00e7as de morte e ofensas racistas contra prefeita de Parnamirim - Taveira Jr<\/title>\n<meta name=\"robots\" content=\"index, follow, max-snippet:-1, max-image-preview:large, max-video-preview:-1\" \/>\n<link rel=\"canonical\" href=\"https:\/\/deputadotaveirajr.com.br\/index.php\/policia-civil-investiga-ameacas-de-morte-e-ofensas-racistas-contra-prefeita-de-parnamirim\/\" \/>\n<meta property=\"og:locale\" content=\"pt_BR\" \/>\n<meta property=\"og:type\" content=\"article\" \/>\n<meta property=\"og:title\" content=\"Pol\u00edcia Civil investiga amea\u00e7as de morte e ofensas racistas contra prefeita de Parnamirim - Taveira Jr\" \/>\n<meta property=\"og:description\" content=\"Professora Nilda (Solidariedade) recebeu textos com amea\u00e7as de morte por aplicativo de mensagens no celular. Pol\u00edcia diz que caso tem &#8220;tratamento priorit\u00e1rio&#8221;. Amea\u00e7as recebidas pela Professora Nilda Divulga\u00e7\u00e3o A prefeita ...\" \/>\n<meta property=\"og:url\" content=\"https:\/\/deputadotaveirajr.com.br\/index.php\/policia-civil-investiga-ameacas-de-morte-e-ofensas-racistas-contra-prefeita-de-parnamirim\/\" \/>\n<meta property=\"og:site_name\" content=\"Taveira Jr\" \/>\n<meta property=\"og:image\" content=\"https:\/\/s2-g1.glbimg.com\/gtVuvg87z4NDevltEg_zwOgeh5w=\/i.s3.glbimg.com\/v1\/AUTH_59edd422c0c84a879bd37670ae4f538a\/internal_photos\/bs\/2025\/L\/d\/nm4k8fRuWHkfJyhY6deg\/mensagens.jpg\" \/>\n<meta name=\"twitter:card\" content=\"summary_large_image\" \/>\n<meta name=\"twitter:label1\" content=\"Est. tempo de leitura\" \/>\n\t<meta name=\"twitter:data1\" content=\"2 minutos\" \/>\n<script type=\"application\/ld+json\" class=\"yoast-schema-graph\">{\"@context\":\"https:\/\/schema.org\",\"@graph\":[{\"@type\":\"WebPage\",\"@id\":\"https:\/\/deputadotaveirajr.com.br\/index.php\/policia-civil-investiga-ameacas-de-morte-e-ofensas-racistas-contra-prefeita-de-parnamirim\/\",\"url\":\"https:\/\/deputadotaveirajr.com.br\/index.php\/policia-civil-investiga-ameacas-de-morte-e-ofensas-racistas-contra-prefeita-de-parnamirim\/\",\"name\":\"Pol\u00edcia Civil investiga amea\u00e7as de morte e ofensas racistas contra prefeita de Parnamirim - Taveira Jr\",\"isPartOf\":{\"@id\":\"https:\/\/deputadotaveirajr.com.br\/#website\"},\"primaryImageOfPage\":{\"@id\":\"https:\/\/deputadotaveirajr.com.br\/index.php\/policia-civil-investiga-ameacas-de-morte-e-ofensas-racistas-contra-prefeita-de-parnamirim\/#primaryimage\"},\"image\":{\"@id\":\"https:\/\/deputadotaveirajr.com.br\/index.php\/policia-civil-investiga-ameacas-de-morte-e-ofensas-racistas-contra-prefeita-de-parnamirim\/#primaryimage\"},\"thumbnailUrl\":\"https:\/\/deputadotaveirajr.com.br\/wp-content\/uploads\/2025\/04\/mensagens-qYpViL.jpg\",\"datePublished\":\"2025-04-28T22:24:02+00:00\",\"breadcrumb\":{\"@id\":\"https:\/\/deputadotaveirajr.com.br\/index.php\/policia-civil-investiga-ameacas-de-morte-e-ofensas-racistas-contra-prefeita-de-parnamirim\/#breadcrumb\"},\"inLanguage\":\"pt-BR\",\"potentialAction\":[{\"@type\":\"ReadAction\",\"target\":[\"https:\/\/deputadotaveirajr.com.br\/index.php\/policia-civil-investiga-ameacas-de-morte-e-ofensas-racistas-contra-prefeita-de-parnamirim\/\"]}]},{\"@type\":\"ImageObject\",\"inLanguage\":\"pt-BR\",\"@id\":\"https:\/\/deputadotaveirajr.com.br\/index.php\/policia-civil-investiga-ameacas-de-morte-e-ofensas-racistas-contra-prefeita-de-parnamirim\/#primaryimage\",\"url\":\"https:\/\/deputadotaveirajr.com.br\/wp-content\/uploads\/2025\/04\/mensagens-qYpViL.jpg\",\"contentUrl\":\"https:\/\/deputadotaveirajr.com.br\/wp-content\/uploads\/2025\/04\/mensagens-qYpViL.jpg\",\"width\":1583,\"height\":1182},{\"@type\":\"BreadcrumbList\",\"@id\":\"https:\/\/deputadotaveirajr.com.br\/index.php\/policia-civil-investiga-ameacas-de-morte-e-ofensas-racistas-contra-prefeita-de-parnamirim\/#breadcrumb\",\"itemListElement\":[{\"@type\":\"ListItem\",\"position\":1,\"name\":\"In\u00edcio\",\"item\":\"https:\/\/deputadotaveirajr.com.br\/\"},{\"@type\":\"ListItem\",\"position\":2,\"name\":\"Pol\u00edcia Civil investiga amea\u00e7as de morte e ofensas racistas contra prefeita de Parnamirim\"}]},{\"@type\":\"WebSite\",\"@id\":\"https:\/\/deputadotaveirajr.com.br\/#website\",\"url\":\"https:\/\/deputadotaveirajr.com.br\/\",\"name\":\"Taveira Jr\",\"description\":\"Deputado Estadual\",\"publisher\":{\"@id\":\"https:\/\/deputadotaveirajr.com.br\/#organization\"},\"potentialAction\":[{\"@type\":\"SearchAction\",\"target\":{\"@type\":\"EntryPoint\",\"urlTemplate\":\"https:\/\/deputadotaveirajr.com.br\/?s={search_term_string}\"},\"query-input\":{\"@type\":\"PropertyValueSpecification\",\"valueRequired\":true,\"valueName\":\"search_term_string\"}}],\"inLanguage\":\"pt-BR\"},{\"@type\":\"Organization\",\"@id\":\"https:\/\/deputadotaveirajr.com.br\/#organization\",\"name\":\"Taveira Jr\",\"url\":\"https:\/\/deputadotaveirajr.com.br\/\",\"logo\":{\"@type\":\"ImageObject\",\"inLanguage\":\"pt-BR\",\"@id\":\"https:\/\/deputadotaveirajr.com.br\/#\/schema\/logo\/image\/\",\"url\":\"https:\/\/deputadotaveirajr.com.br\/wp-content\/uploads\/2026\/01\/logolow2a.png\",\"contentUrl\":\"https:\/\/deputadotaveirajr.com.br\/wp-content\/uploads\/2026\/01\/logolow2a.png\",\"width\":290,\"height\":80,\"caption\":\"Taveira Jr\"},\"image\":{\"@id\":\"https:\/\/deputadotaveirajr.com.br\/#\/schema\/logo\/image\/\"}}]}<\/script>\n<!-- \/ Yoast SEO plugin. -->","yoast_head_json":{"title":"Pol\u00edcia Civil investiga amea\u00e7as de morte e ofensas racistas contra prefeita de Parnamirim - Taveira Jr","robots":{"index":"index","follow":"follow","max-snippet":"max-snippet:-1","max-image-preview":"max-image-preview:large","max-video-preview":"max-video-preview:-1"},"canonical":"https:\/\/deputadotaveirajr.com.br\/index.php\/policia-civil-investiga-ameacas-de-morte-e-ofensas-racistas-contra-prefeita-de-parnamirim\/","og_locale":"pt_BR","og_type":"article","og_title":"Pol\u00edcia Civil investiga amea\u00e7as de morte e ofensas racistas contra prefeita de Parnamirim - Taveira Jr","og_description":"Professora Nilda (Solidariedade) recebeu textos com amea\u00e7as de morte por aplicativo de mensagens no celular. Pol\u00edcia diz que caso tem &#8220;tratamento priorit\u00e1rio&#8221;. Amea\u00e7as recebidas pela Professora Nilda Divulga\u00e7\u00e3o A prefeita ...","og_url":"https:\/\/deputadotaveirajr.com.br\/index.php\/policia-civil-investiga-ameacas-de-morte-e-ofensas-racistas-contra-prefeita-de-parnamirim\/","og_site_name":"Taveira Jr","og_image":[{"url":"https:\/\/s2-g1.glbimg.com\/gtVuvg87z4NDevltEg_zwOgeh5w=\/i.s3.glbimg.com\/v1\/AUTH_59edd422c0c84a879bd37670ae4f538a\/internal_photos\/bs\/2025\/L\/d\/nm4k8fRuWHkfJyhY6deg\/mensagens.jpg","type":"","width":"","height":""}],"twitter_card":"summary_large_image","twitter_misc":{"Est. tempo de leitura":"2 minutos"},"schema":{"@context":"https:\/\/schema.org","@graph":[{"@type":"WebPage","@id":"https:\/\/deputadotaveirajr.com.br\/index.php\/policia-civil-investiga-ameacas-de-morte-e-ofensas-racistas-contra-prefeita-de-parnamirim\/","url":"https:\/\/deputadotaveirajr.com.br\/index.php\/policia-civil-investiga-ameacas-de-morte-e-ofensas-racistas-contra-prefeita-de-parnamirim\/","name":"Pol\u00edcia Civil investiga amea\u00e7as de morte e ofensas racistas contra prefeita de Parnamirim - Taveira Jr","isPartOf":{"@id":"https:\/\/deputadotaveirajr.com.br\/#website"},"primaryImageOfPage":{"@id":"https:\/\/deputadotaveirajr.com.br\/index.php\/policia-civil-investiga-ameacas-de-morte-e-ofensas-racistas-contra-prefeita-de-parnamirim\/#primaryimage"},"image":{"@id":"https:\/\/deputadotaveirajr.com.br\/index.php\/policia-civil-investiga-ameacas-de-morte-e-ofensas-racistas-contra-prefeita-de-parnamirim\/#primaryimage"},"thumbnailUrl":"https:\/\/deputadotaveirajr.com.br\/wp-content\/uploads\/2025\/04\/mensagens-qYpViL.jpg","datePublished":"2025-04-28T22:24:02+00:00","breadcrumb":{"@id":"https:\/\/deputadotaveirajr.com.br\/index.php\/policia-civil-investiga-ameacas-de-morte-e-ofensas-racistas-contra-prefeita-de-parnamirim\/#breadcrumb"},"inLanguage":"pt-BR","potentialAction":[{"@type":"ReadAction","target":["https:\/\/deputadotaveirajr.com.br\/index.php\/policia-civil-investiga-ameacas-de-morte-e-ofensas-racistas-contra-prefeita-de-parnamirim\/"]}]},{"@type":"ImageObject","inLanguage":"pt-BR","@id":"https:\/\/deputadotaveirajr.com.br\/index.php\/policia-civil-investiga-ameacas-de-morte-e-ofensas-racistas-contra-prefeita-de-parnamirim\/#primaryimage","url":"https:\/\/deputadotaveirajr.com.br\/wp-content\/uploads\/2025\/04\/mensagens-qYpViL.jpg","contentUrl":"https:\/\/deputadotaveirajr.com.br\/wp-content\/uploads\/2025\/04\/mensagens-qYpViL.jpg","width":1583,"height":1182},{"@type":"BreadcrumbList","@id":"https:\/\/deputadotaveirajr.com.br\/index.php\/policia-civil-investiga-ameacas-de-morte-e-ofensas-racistas-contra-prefeita-de-parnamirim\/#breadcrumb","itemListElement":[{"@type":"ListItem","position":1,"name":"In\u00edcio","item":"https:\/\/deputadotaveirajr.com.br\/"},{"@type":"ListItem","position":2,"name":"Pol\u00edcia Civil investiga amea\u00e7as de morte e ofensas racistas contra prefeita de Parnamirim"}]},{"@type":"WebSite","@id":"https:\/\/deputadotaveirajr.com.br\/#website","url":"https:\/\/deputadotaveirajr.com.br\/","name":"Taveira Jr","description":"Deputado Estadual","publisher":{"@id":"https:\/\/deputadotaveirajr.com.br\/#organization"},"potentialAction":[{"@type":"SearchAction","target":{"@type":"EntryPoint","urlTemplate":"https:\/\/deputadotaveirajr.com.br\/?s={search_term_string}"},"query-input":{"@type":"PropertyValueSpecification","valueRequired":true,"valueName":"search_term_string"}}],"inLanguage":"pt-BR"},{"@type":"Organization","@id":"https:\/\/deputadotaveirajr.com.br\/#organization","name":"Taveira Jr","url":"https:\/\/deputadotaveirajr.com.br\/","logo":{"@type":"ImageObject","inLanguage":"pt-BR","@id":"https:\/\/deputadotaveirajr.com.br\/#\/schema\/logo\/image\/","url":"https:\/\/deputadotaveirajr.com.br\/wp-content\/uploads\/2026\/01\/logolow2a.png","contentUrl":"https:\/\/deputadotaveirajr.com.br\/wp-content\/uploads\/2026\/01\/logolow2a.png","width":290,"height":80,"caption":"Taveira Jr"},"image":{"@id":"https:\/\/deputadotaveirajr.com.br\/#\/schema\/logo\/image\/"}}]}},"_links":{"self":[{"href":"https:\/\/deputadotaveirajr.com.br\/index.php\/wp-json\/wp\/v2\/pages\/12860","targetHints":{"allow":["GET"]}}],"collection":[{"href":"https:\/\/deputadotaveirajr.com.br\/index.php\/wp-json\/wp\/v2\/pages"}],"about":[{"href":"https:\/\/deputadotaveirajr.com.br\/index.php\/wp-json\/wp\/v2\/types\/page"}],"replies":[{"embeddable":true,"href":"https:\/\/deputadotaveirajr.com.br\/index.php\/wp-json\/wp\/v2\/comments?post=12860"}],"version-history":[{"count":0,"href":"https:\/\/deputadotaveirajr.com.br\/index.php\/wp-json\/wp\/v2\/pages\/12860\/revisions"}],"wp:featuredmedia":[{"embeddable":true,"href":"https:\/\/deputadotaveirajr.com.br\/index.php\/wp-json\/wp\/v2\/media\/12861"}],"wp:attachment":[{"href":"https:\/\/deputadotaveirajr.com.br\/index.php\/wp-json\/wp\/v2\/media?parent=12860"}],"curies":[{"name":"wp","href":"https:\/\/api.w.org\/{rel}","templated":true}]}}