{"id":12862,"date":"2025-04-28T18:21:55","date_gmt":"2025-04-28T21:21:55","guid":{"rendered":"https:\/\/deputadotaveirajr.com.br\/index.php\/detento-morre-apos-briga-com-outro-preso-em-cadeia-na-grande-natal\/"},"modified":"2025-04-28T18:21:55","modified_gmt":"2025-04-28T21:21:55","slug":"detento-morre-apos-briga-com-outro-preso-em-cadeia-na-grande-natal","status":"publish","type":"page","link":"https:\/\/deputadotaveirajr.com.br\/index.php\/detento-morre-apos-briga-com-outro-preso-em-cadeia-na-grande-natal\/","title":{"rendered":"Detento morre ap\u00f3s briga com outro preso em cadeia na Grande Natal"},"content":{"rendered":"<p><img decoding=\"async\" src=\"https:\/\/s2-g1.glbimg.com\/EaVWfWlWwQc5SVRcai-Cyn5GeuI=\/i.s3.glbimg.com\/v1\/AUTH_59edd422c0c84a879bd37670ae4f538a\/internal_photos\/bs\/2025\/S\/l\/cJcT8ITOAGDwmdCkzagA\/cadeia-publica.jpg\" \/><br \/>     Homem de 23 anos foi morto na Cadeia P\u00fablica Dinor\u00e1 Santos, em Cear\u00e1-Mirim, nesta segunda-feira (28). Um suspeito do crime foi identificado, e caso \u00e9 investigado pela Pol\u00edcia Civil. Cadeia P\u00fablica de Cear\u00e1-Mirim, na Grande Natal pres\u00eddio penitenci\u00e1ria Dinor\u00e1 Simas<br \/>\nDivulga\u00e7\u00e3o\/Google Street View<br \/>\nUm detento foi morto ap\u00f3s uma briga com um outro preso nesta segunda-feira (28) na Cadeia P\u00fablica Dinor\u00e1 Simas, em Cear\u00e1-Mirim, na Regi\u00e3o Metropolitana de Natal. Segundo a Secretaria da Administra\u00e7\u00e3o Penitenci\u00e1ria do Rio Grande do Norte (Seap), um suspeito de cometer o crime foi identificado.<br \/>\nDe acordo com a pasta, a v\u00edtima tinha 23 anos de idade &#8211; a identidade dela, no entanto, n\u00e3o havia sido divulgada at\u00e9 a atualiza\u00e7\u00e3o mais recente desta reportagem.<br \/>\n\ud83d\udcf3Participe do canal do g1 RN no WhatsApp<br \/>\nA motiva\u00e7\u00e3o do crime era desconhecida, informou a Seap, e o caso deve ser esclarecido pela Pol\u00edcia Civil, que assumiu a investiga\u00e7\u00e3o.<br \/>\nA morte foi registrada por volta das 14h30. Segundo a Seap, os policiais penais perceberam uma &#8220;movimenta\u00e7\u00e3o at\u00edpica&#8221; na cela, foram averiguar o que ocorria e, ao chegarem, perceberam o interno j\u00e1 no ch\u00e3o.<br \/>\nO Servi\u00e7o de Atendimento M\u00f3vel de Urg\u00eancia (Samu) chegou a ser acionado, mas constatou que o detento estava sem vida. A Seap informou que o advogado da v\u00edtima e os familiares da v\u00edtima foram comunicados do crime.<br \/>\n&#8220;No momento do ocorrido a cadeia se encontrava com suas atividades normais sendo realizadas de forma rotineira&#8221;, informou a Seap.<br \/>\nO detento estava custodiado na Cela 6 do Pavilh\u00e3o 1 da cadeia. Segundo a Seap, a unidade seguiu com as atividades normais no dia, apesar do ocorrido.<br \/>\nOutras mortes de detentos<br \/>\nPelo menos outros dois presos tamb\u00e9m foram mortos por colegas dentro de celas em penitenci\u00e1rias do Rio Grande do Norte num intervalo menor que um ano. Um dos casos aconteceu na pr\u00f3pria Cadeia de Cear\u00e1-Mirim. Lembre, abaixo, os casos:<br \/>\nMAR\u00c7O DE 2025: Um preso foi morto foi por um colega de cela na Penitenci\u00e1ria Estadual de Alca\u00e7uz.. A v\u00edtima foi identificada como Erian Soares Paix\u00e3o. O detento foi morto asfixiado por um len\u00e7ol. A Seap informou que um colega de cela assumiu o crime, mas n\u00e3o disse por qual motivo matou Erian (veja mais detalhes aqui).<br \/>\nAGOSTO DE 2024: Um detento foi morto espancado ap\u00f3s uma briga com outro preso na noite desta sexta-feira (30) dentro da Cadeia P\u00fablica de Cear\u00e1-Mirim. A v\u00edtima foi Jo\u00e3o Vitor Bezerra da Silva, de 23 anos de idade, que estava preso por roubo. Segundo a Seap, ele e o outro preso, que estava na mesma cela, teriam se desentendido e entraram em luta corporal. A pasta informou que a motiva\u00e7\u00e3o da briga era desconhecida (veja mais detalhes aqui).<br \/>\nDetento \u00e9 assassinado em cela de Alca\u00e7uz, no RN<br \/>\nV\u00eddeos mais assistidos do g1 RN<\/p>","protected":false},"excerpt":{"rendered":"<p>Homem de 23 anos foi morto na Cadeia P\u00fablica Dinor\u00e1 Santos, em Cear\u00e1-Mirim, nesta segunda-feira (28). Um suspeito do crime foi identificado, e caso \u00e9 investigado pela Pol\u00edcia Civil. Cadeia &#8230;<\/p>\n","protected":false},"author":0,"featured_media":12863,"parent":0,"menu_order":0,"comment_status":"closed","ping_status":"closed","template":"","meta":{"footnotes":""},"class_list":["post-12862","page","type-page","status-publish","has-post-thumbnail","hentry"],"yoast_head":"<!-- This site is optimized with the Yoast SEO plugin v27.1.1 - https:\/\/yoast.com\/product\/yoast-seo-wordpress\/ -->\n<title>Detento morre ap\u00f3s briga com outro preso em cadeia na Grande Natal - Taveira Jr<\/title>\n<meta name=\"robots\" content=\"index, follow, max-snippet:-1, max-image-preview:large, max-video-preview:-1\" \/>\n<link rel=\"canonical\" href=\"https:\/\/deputadotaveirajr.com.br\/index.php\/detento-morre-apos-briga-com-outro-preso-em-cadeia-na-grande-natal\/\" \/>\n<meta property=\"og:locale\" content=\"pt_BR\" \/>\n<meta property=\"og:type\" content=\"article\" \/>\n<meta property=\"og:title\" content=\"Detento morre ap\u00f3s briga com outro preso em cadeia na Grande Natal - Taveira Jr\" \/>\n<meta property=\"og:description\" content=\"Homem de 23 anos foi morto na Cadeia P\u00fablica Dinor\u00e1 Santos, em Cear\u00e1-Mirim, nesta segunda-feira (28). Um suspeito do crime foi identificado, e caso \u00e9 investigado pela Pol\u00edcia Civil. Cadeia ...\" \/>\n<meta property=\"og:url\" content=\"https:\/\/deputadotaveirajr.com.br\/index.php\/detento-morre-apos-briga-com-outro-preso-em-cadeia-na-grande-natal\/\" \/>\n<meta property=\"og:site_name\" content=\"Taveira Jr\" \/>\n<meta property=\"og:image\" content=\"https:\/\/s2-g1.glbimg.com\/EaVWfWlWwQc5SVRcai-Cyn5GeuI=\/i.s3.glbimg.com\/v1\/AUTH_59edd422c0c84a879bd37670ae4f538a\/internal_photos\/bs\/2025\/S\/l\/cJcT8ITOAGDwmdCkzagA\/cadeia-publica.jpg\" \/>\n<meta name=\"twitter:card\" content=\"summary_large_image\" \/>\n<meta name=\"twitter:label1\" content=\"Est. tempo de leitura\" \/>\n\t<meta name=\"twitter:data1\" content=\"2 minutos\" \/>\n<script type=\"application\/ld+json\" class=\"yoast-schema-graph\">{\"@context\":\"https:\/\/schema.org\",\"@graph\":[{\"@type\":\"WebPage\",\"@id\":\"https:\/\/deputadotaveirajr.com.br\/index.php\/detento-morre-apos-briga-com-outro-preso-em-cadeia-na-grande-natal\/\",\"url\":\"https:\/\/deputadotaveirajr.com.br\/index.php\/detento-morre-apos-briga-com-outro-preso-em-cadeia-na-grande-natal\/\",\"name\":\"Detento morre ap\u00f3s briga com outro preso em cadeia na Grande Natal - Taveira Jr\",\"isPartOf\":{\"@id\":\"https:\/\/deputadotaveirajr.com.br\/#website\"},\"primaryImageOfPage\":{\"@id\":\"https:\/\/deputadotaveirajr.com.br\/index.php\/detento-morre-apos-briga-com-outro-preso-em-cadeia-na-grande-natal\/#primaryimage\"},\"image\":{\"@id\":\"https:\/\/deputadotaveirajr.com.br\/index.php\/detento-morre-apos-briga-com-outro-preso-em-cadeia-na-grande-natal\/#primaryimage\"},\"thumbnailUrl\":\"https:\/\/deputadotaveirajr.com.br\/wp-content\/uploads\/2025\/04\/cadeia-publica-ekyujx.png\",\"datePublished\":\"2025-04-28T21:21:55+00:00\",\"breadcrumb\":{\"@id\":\"https:\/\/deputadotaveirajr.com.br\/index.php\/detento-morre-apos-briga-com-outro-preso-em-cadeia-na-grande-natal\/#breadcrumb\"},\"inLanguage\":\"pt-BR\",\"potentialAction\":[{\"@type\":\"ReadAction\",\"target\":[\"https:\/\/deputadotaveirajr.com.br\/index.php\/detento-morre-apos-briga-com-outro-preso-em-cadeia-na-grande-natal\/\"]}]},{\"@type\":\"ImageObject\",\"inLanguage\":\"pt-BR\",\"@id\":\"https:\/\/deputadotaveirajr.com.br\/index.php\/detento-morre-apos-briga-com-outro-preso-em-cadeia-na-grande-natal\/#primaryimage\",\"url\":\"https:\/\/deputadotaveirajr.com.br\/wp-content\/uploads\/2025\/04\/cadeia-publica-ekyujx.png\",\"contentUrl\":\"https:\/\/deputadotaveirajr.com.br\/wp-content\/uploads\/2025\/04\/cadeia-publica-ekyujx.png\",\"width\":1306,\"height\":886},{\"@type\":\"BreadcrumbList\",\"@id\":\"https:\/\/deputadotaveirajr.com.br\/index.php\/detento-morre-apos-briga-com-outro-preso-em-cadeia-na-grande-natal\/#breadcrumb\",\"itemListElement\":[{\"@type\":\"ListItem\",\"position\":1,\"name\":\"In\u00edcio\",\"item\":\"https:\/\/deputadotaveirajr.com.br\/\"},{\"@type\":\"ListItem\",\"position\":2,\"name\":\"Detento morre ap\u00f3s briga com outro preso em cadeia na Grande Natal\"}]},{\"@type\":\"WebSite\",\"@id\":\"https:\/\/deputadotaveirajr.com.br\/#website\",\"url\":\"https:\/\/deputadotaveirajr.com.br\/\",\"name\":\"Taveira Jr\",\"description\":\"Deputado Estadual\",\"publisher\":{\"@id\":\"https:\/\/deputadotaveirajr.com.br\/#organization\"},\"potentialAction\":[{\"@type\":\"SearchAction\",\"target\":{\"@type\":\"EntryPoint\",\"urlTemplate\":\"https:\/\/deputadotaveirajr.com.br\/?s={search_term_string}\"},\"query-input\":{\"@type\":\"PropertyValueSpecification\",\"valueRequired\":true,\"valueName\":\"search_term_string\"}}],\"inLanguage\":\"pt-BR\"},{\"@type\":\"Organization\",\"@id\":\"https:\/\/deputadotaveirajr.com.br\/#organization\",\"name\":\"Taveira Jr\",\"url\":\"https:\/\/deputadotaveirajr.com.br\/\",\"logo\":{\"@type\":\"ImageObject\",\"inLanguage\":\"pt-BR\",\"@id\":\"https:\/\/deputadotaveirajr.com.br\/#\/schema\/logo\/image\/\",\"url\":\"https:\/\/deputadotaveirajr.com.br\/wp-content\/uploads\/2026\/01\/logolow2a.png\",\"contentUrl\":\"https:\/\/deputadotaveirajr.com.br\/wp-content\/uploads\/2026\/01\/logolow2a.png\",\"width\":290,\"height\":80,\"caption\":\"Taveira Jr\"},\"image\":{\"@id\":\"https:\/\/deputadotaveirajr.com.br\/#\/schema\/logo\/image\/\"}}]}<\/script>\n<!-- \/ Yoast SEO plugin. -->","yoast_head_json":{"title":"Detento morre ap\u00f3s briga com outro preso em cadeia na Grande Natal - Taveira Jr","robots":{"index":"index","follow":"follow","max-snippet":"max-snippet:-1","max-image-preview":"max-image-preview:large","max-video-preview":"max-video-preview:-1"},"canonical":"https:\/\/deputadotaveirajr.com.br\/index.php\/detento-morre-apos-briga-com-outro-preso-em-cadeia-na-grande-natal\/","og_locale":"pt_BR","og_type":"article","og_title":"Detento morre ap\u00f3s briga com outro preso em cadeia na Grande Natal - Taveira Jr","og_description":"Homem de 23 anos foi morto na Cadeia P\u00fablica Dinor\u00e1 Santos, em Cear\u00e1-Mirim, nesta segunda-feira (28). Um suspeito do crime foi identificado, e caso \u00e9 investigado pela Pol\u00edcia Civil. Cadeia ...","og_url":"https:\/\/deputadotaveirajr.com.br\/index.php\/detento-morre-apos-briga-com-outro-preso-em-cadeia-na-grande-natal\/","og_site_name":"Taveira Jr","og_image":[{"url":"https:\/\/s2-g1.glbimg.com\/EaVWfWlWwQc5SVRcai-Cyn5GeuI=\/i.s3.glbimg.com\/v1\/AUTH_59edd422c0c84a879bd37670ae4f538a\/internal_photos\/bs\/2025\/S\/l\/cJcT8ITOAGDwmdCkzagA\/cadeia-publica.jpg","type":"","width":"","height":""}],"twitter_card":"summary_large_image","twitter_misc":{"Est. tempo de leitura":"2 minutos"},"schema":{"@context":"https:\/\/schema.org","@graph":[{"@type":"WebPage","@id":"https:\/\/deputadotaveirajr.com.br\/index.php\/detento-morre-apos-briga-com-outro-preso-em-cadeia-na-grande-natal\/","url":"https:\/\/deputadotaveirajr.com.br\/index.php\/detento-morre-apos-briga-com-outro-preso-em-cadeia-na-grande-natal\/","name":"Detento morre ap\u00f3s briga com outro preso em cadeia na Grande Natal - Taveira Jr","isPartOf":{"@id":"https:\/\/deputadotaveirajr.com.br\/#website"},"primaryImageOfPage":{"@id":"https:\/\/deputadotaveirajr.com.br\/index.php\/detento-morre-apos-briga-com-outro-preso-em-cadeia-na-grande-natal\/#primaryimage"},"image":{"@id":"https:\/\/deputadotaveirajr.com.br\/index.php\/detento-morre-apos-briga-com-outro-preso-em-cadeia-na-grande-natal\/#primaryimage"},"thumbnailUrl":"https:\/\/deputadotaveirajr.com.br\/wp-content\/uploads\/2025\/04\/cadeia-publica-ekyujx.png","datePublished":"2025-04-28T21:21:55+00:00","breadcrumb":{"@id":"https:\/\/deputadotaveirajr.com.br\/index.php\/detento-morre-apos-briga-com-outro-preso-em-cadeia-na-grande-natal\/#breadcrumb"},"inLanguage":"pt-BR","potentialAction":[{"@type":"ReadAction","target":["https:\/\/deputadotaveirajr.com.br\/index.php\/detento-morre-apos-briga-com-outro-preso-em-cadeia-na-grande-natal\/"]}]},{"@type":"ImageObject","inLanguage":"pt-BR","@id":"https:\/\/deputadotaveirajr.com.br\/index.php\/detento-morre-apos-briga-com-outro-preso-em-cadeia-na-grande-natal\/#primaryimage","url":"https:\/\/deputadotaveirajr.com.br\/wp-content\/uploads\/2025\/04\/cadeia-publica-ekyujx.png","contentUrl":"https:\/\/deputadotaveirajr.com.br\/wp-content\/uploads\/2025\/04\/cadeia-publica-ekyujx.png","width":1306,"height":886},{"@type":"BreadcrumbList","@id":"https:\/\/deputadotaveirajr.com.br\/index.php\/detento-morre-apos-briga-com-outro-preso-em-cadeia-na-grande-natal\/#breadcrumb","itemListElement":[{"@type":"ListItem","position":1,"name":"In\u00edcio","item":"https:\/\/deputadotaveirajr.com.br\/"},{"@type":"ListItem","position":2,"name":"Detento morre ap\u00f3s briga com outro preso em cadeia na Grande Natal"}]},{"@type":"WebSite","@id":"https:\/\/deputadotaveirajr.com.br\/#website","url":"https:\/\/deputadotaveirajr.com.br\/","name":"Taveira Jr","description":"Deputado Estadual","publisher":{"@id":"https:\/\/deputadotaveirajr.com.br\/#organization"},"potentialAction":[{"@type":"SearchAction","target":{"@type":"EntryPoint","urlTemplate":"https:\/\/deputadotaveirajr.com.br\/?s={search_term_string}"},"query-input":{"@type":"PropertyValueSpecification","valueRequired":true,"valueName":"search_term_string"}}],"inLanguage":"pt-BR"},{"@type":"Organization","@id":"https:\/\/deputadotaveirajr.com.br\/#organization","name":"Taveira Jr","url":"https:\/\/deputadotaveirajr.com.br\/","logo":{"@type":"ImageObject","inLanguage":"pt-BR","@id":"https:\/\/deputadotaveirajr.com.br\/#\/schema\/logo\/image\/","url":"https:\/\/deputadotaveirajr.com.br\/wp-content\/uploads\/2026\/01\/logolow2a.png","contentUrl":"https:\/\/deputadotaveirajr.com.br\/wp-content\/uploads\/2026\/01\/logolow2a.png","width":290,"height":80,"caption":"Taveira Jr"},"image":{"@id":"https:\/\/deputadotaveirajr.com.br\/#\/schema\/logo\/image\/"}}]}},"_links":{"self":[{"href":"https:\/\/deputadotaveirajr.com.br\/index.php\/wp-json\/wp\/v2\/pages\/12862","targetHints":{"allow":["GET"]}}],"collection":[{"href":"https:\/\/deputadotaveirajr.com.br\/index.php\/wp-json\/wp\/v2\/pages"}],"about":[{"href":"https:\/\/deputadotaveirajr.com.br\/index.php\/wp-json\/wp\/v2\/types\/page"}],"replies":[{"embeddable":true,"href":"https:\/\/deputadotaveirajr.com.br\/index.php\/wp-json\/wp\/v2\/comments?post=12862"}],"version-history":[{"count":0,"href":"https:\/\/deputadotaveirajr.com.br\/index.php\/wp-json\/wp\/v2\/pages\/12862\/revisions"}],"wp:featuredmedia":[{"embeddable":true,"href":"https:\/\/deputadotaveirajr.com.br\/index.php\/wp-json\/wp\/v2\/media\/12863"}],"wp:attachment":[{"href":"https:\/\/deputadotaveirajr.com.br\/index.php\/wp-json\/wp\/v2\/media?parent=12862"}],"curies":[{"name":"wp","href":"https:\/\/api.w.org\/{rel}","templated":true}]}}