{"id":12866,"date":"2025-04-28T12:23:12","date_gmt":"2025-04-28T15:23:12","guid":{"rendered":"https:\/\/deputadotaveirajr.com.br\/index.php\/em-video-veterinario-diz-que-provocou-parada-respiratoria-em-cachorro\/"},"modified":"2025-04-28T12:23:12","modified_gmt":"2025-04-28T15:23:12","slug":"em-video-veterinario-diz-que-provocou-parada-respiratoria-em-cachorro","status":"publish","type":"page","link":"https:\/\/deputadotaveirajr.com.br\/index.php\/em-video-veterinario-diz-que-provocou-parada-respiratoria-em-cachorro\/","title":{"rendered":"Em v\u00eddeo, veterin\u00e1rio diz que provocou parada respirat\u00f3ria em cachorro"},"content":{"rendered":"<p><img decoding=\"async\" src=\"https:\/\/s2-g1.glbimg.com\/udQwQf6uzeAFjub_N-24DT-ZwhA=\/i.s3.glbimg.com\/v1\/AUTH_59edd422c0c84a879bd37670ae4f538a\/internal_photos\/bs\/2025\/V\/B\/fmNbPHRsAkBl0p3Ohkmw\/veterinario.jpg\" \/><br \/>     Declara\u00e7\u00e3o foi feita durante evento realizado na \u00faltima sexta-feira (25) em universidade de Mossor\u00f3. Institui\u00e7\u00e3o diz que profissional n\u00e3o faz parte do quadro de professores.  Veterin\u00e1rio diz que provocou parada respirat\u00f3ria em cachorro para demonstrar atendimento<br \/>\nUma universidade privada e o Conselho Regional de Medicina Veterin\u00e1ria do Rio Grande do Norte (CRMV-RN) apuram a atua\u00e7\u00e3o de um veterin\u00e1rio que teria realizado a parada respirat\u00f3ria de um cachorro a fim de demonstrar o atendimento necess\u00e1rio a alunos do curso de medicina veterin\u00e1ria.<br \/>\nUm v\u00eddeo que mostra o veterin\u00e1rio afirmando que provocou a parada no animal foi registrado na \u00faltima sexta-feira (25) durante um evento do curso em Mossor\u00f3, segundo a universidade.<br \/>\n\ud83d\udcf3Participe do canal do g1 RN no WhatsApp<br \/>\nAs imagens passaram a circular nas redes sociais e foram criticadas por personalidades e institui\u00e7\u00f5es ligadas \u00e0 defesa animal.<br \/>\n&#8220;O que foi que aconteceu? Na verdade, eu apliquei a medica\u00e7\u00e3o de uma forma a fazer&#8230;. eu provoquei uma parada respirat\u00f3ria nele s\u00f3 pra poder mostrar isso aqui para voc\u00eas&#8221;, diz o profissional no v\u00eddeo.<br \/>\nApesar de no v\u00eddeo afirmar que provocou a parada respirat\u00f3ria no animal, o m\u00e9dico-veterin\u00e1rio Saul Dias Cortez negou \u00e0 Inter TV Costa Branca que tenha feito isso, nesta segunda (28). Saul Cortez informou que est\u00e1 conversando com advogados para apresentar sua vers\u00e3o dos fatos.<br \/>\n&#8220;O animal est\u00e1 bem. Ele n\u00e3o teve nenhuma complica\u00e7\u00e3o, n\u00e3o teve nada, n\u00e3o teve nenhuma sequela. Ele foi sedado e logo em seguida ele acordou e sempre esteve bem. Ele n\u00e3o teve nenhuma complica\u00e7\u00e3o por nada. N\u00e3o foi feito nenhum procedimento de reanima\u00e7\u00e3o no animal, n\u00e3o houve parada card\u00edaco nem pulmonar, como est\u00e3o falando&#8221;, declarou.<br \/>\nO profissional n\u00e3o explicou, por\u00e9m, porque disse no v\u00eddeo que provocou a parada respirat\u00f3ria.<br \/>\nA Universidade Potiguar (UNP) afirmou que o profissional n\u00e3o faz parte do quadro de professores da institui\u00e7\u00e3o. Em nota, a UnP ainda afirmou que repudia qualquer pr\u00e1tica que configure maus-tratos aos animais.<br \/>\n&#8220;Ao t\u00e9rmino da an\u00e1lise, a Universidade adotar\u00e1 todas as medidas cab\u00edveis. A UnP permanece \u00e0 disposi\u00e7\u00e3o das autoridades competentes e refor\u00e7a seu compromisso com a \u00e9tica, o respeito \u00e0 vida animal e a forma\u00e7\u00e3o respons\u00e1vel dos seus alunos&#8221;, diz a nota.<br \/>\nPor outro lado, o profissional afirmou que a universidade sabia que o animal seria usado na aula.<br \/>\nTamb\u00e9m por meio de nota, o CRMV-RN informou que iniciou a apura\u00e7\u00e3o dos fatos &#8220;dentro do que lhe cabe legalmente&#8221;.<br \/>\n&#8220;O Conselho reitera seu compromisso com a \u00e9tica profissional, com a responsabilidade no exerc\u00edcio da medicina veterin\u00e1ria e, sobretudo, com a defesa do bem-estar animal em todas as esferas de atua\u00e7\u00e3o. Provid\u00eancias ser\u00e3o tomadas com responsabilidade, seguindo os tr\u00e2mites legais, sempre garantindo o devido processo legal, a ampla defesa e o contradit\u00f3rio&#8221;, afirmou a institui\u00e7\u00e3o.<br \/>\nCom a repercuss\u00e3o do caso, a Comiss\u00e3o de Meio Ambiente e Prote\u00e7\u00e3o Animal da C\u00e2mara de Mossor\u00f3 realizou uma reuni\u00e3o com entidades ligadas \u00e0 causa animal para discutir a den\u00fancia nesta segunda (28).<br \/>\nOs parlamentares informaram que v\u00e3o encaminhar um documento ao Conselho Regional de Medicina Veterin\u00e1ria para solicitar esclarecimentos e acompanhar a apura\u00e7\u00e3o dos fatos.<br \/>\nVeterin\u00e1rio diz em v\u00eddeo que provocou parada respirat\u00f3ria em cachorro<br \/>\nReprodu\u00e7\u00e3o<br \/>\nVeja os v\u00eddeos mais assistidos no g1 RN<\/p>","protected":false},"excerpt":{"rendered":"<p>Declara\u00e7\u00e3o foi feita durante evento realizado na \u00faltima sexta-feira (25) em universidade de Mossor\u00f3. Institui\u00e7\u00e3o diz que profissional n\u00e3o faz parte do quadro de professores. Veterin\u00e1rio diz que provocou parada &#8230;<\/p>\n","protected":false},"author":0,"featured_media":12867,"parent":0,"menu_order":0,"comment_status":"closed","ping_status":"closed","template":"","meta":{"footnotes":""},"class_list":["post-12866","page","type-page","status-publish","has-post-thumbnail","hentry"],"yoast_head":"<!-- This site is optimized with the Yoast SEO plugin v27.1.1 - https:\/\/yoast.com\/product\/yoast-seo-wordpress\/ -->\n<title>Em v\u00eddeo, veterin\u00e1rio diz que provocou parada respirat\u00f3ria em cachorro - Taveira Jr<\/title>\n<meta name=\"robots\" content=\"index, follow, max-snippet:-1, max-image-preview:large, max-video-preview:-1\" \/>\n<link rel=\"canonical\" href=\"https:\/\/deputadotaveirajr.com.br\/index.php\/em-video-veterinario-diz-que-provocou-parada-respiratoria-em-cachorro\/\" \/>\n<meta property=\"og:locale\" content=\"pt_BR\" \/>\n<meta property=\"og:type\" content=\"article\" \/>\n<meta property=\"og:title\" content=\"Em v\u00eddeo, veterin\u00e1rio diz que provocou parada respirat\u00f3ria em cachorro - Taveira Jr\" \/>\n<meta property=\"og:description\" content=\"Declara\u00e7\u00e3o foi feita durante evento realizado na \u00faltima sexta-feira (25) em universidade de Mossor\u00f3. Institui\u00e7\u00e3o diz que profissional n\u00e3o faz parte do quadro de professores. Veterin\u00e1rio diz que provocou parada ...\" \/>\n<meta property=\"og:url\" content=\"https:\/\/deputadotaveirajr.com.br\/index.php\/em-video-veterinario-diz-que-provocou-parada-respiratoria-em-cachorro\/\" \/>\n<meta property=\"og:site_name\" content=\"Taveira Jr\" \/>\n<meta property=\"og:image\" content=\"https:\/\/s2-g1.glbimg.com\/udQwQf6uzeAFjub_N-24DT-ZwhA=\/i.s3.glbimg.com\/v1\/AUTH_59edd422c0c84a879bd37670ae4f538a\/internal_photos\/bs\/2025\/V\/B\/fmNbPHRsAkBl0p3Ohkmw\/veterinario.jpg\" \/>\n<meta name=\"twitter:card\" content=\"summary_large_image\" \/>\n<meta name=\"twitter:label1\" content=\"Est. tempo de leitura\" \/>\n\t<meta name=\"twitter:data1\" content=\"3 minutos\" \/>\n<script type=\"application\/ld+json\" class=\"yoast-schema-graph\">{\"@context\":\"https:\/\/schema.org\",\"@graph\":[{\"@type\":\"WebPage\",\"@id\":\"https:\/\/deputadotaveirajr.com.br\/index.php\/em-video-veterinario-diz-que-provocou-parada-respiratoria-em-cachorro\/\",\"url\":\"https:\/\/deputadotaveirajr.com.br\/index.php\/em-video-veterinario-diz-que-provocou-parada-respiratoria-em-cachorro\/\",\"name\":\"Em v\u00eddeo, veterin\u00e1rio diz que provocou parada respirat\u00f3ria em cachorro - Taveira Jr\",\"isPartOf\":{\"@id\":\"https:\/\/deputadotaveirajr.com.br\/#website\"},\"primaryImageOfPage\":{\"@id\":\"https:\/\/deputadotaveirajr.com.br\/index.php\/em-video-veterinario-diz-que-provocou-parada-respiratoria-em-cachorro\/#primaryimage\"},\"image\":{\"@id\":\"https:\/\/deputadotaveirajr.com.br\/index.php\/em-video-veterinario-diz-que-provocou-parada-respiratoria-em-cachorro\/#primaryimage\"},\"thumbnailUrl\":\"https:\/\/deputadotaveirajr.com.br\/wp-content\/uploads\/2025\/04\/veterinario-Xhu9bu.jpg\",\"datePublished\":\"2025-04-28T15:23:12+00:00\",\"breadcrumb\":{\"@id\":\"https:\/\/deputadotaveirajr.com.br\/index.php\/em-video-veterinario-diz-que-provocou-parada-respiratoria-em-cachorro\/#breadcrumb\"},\"inLanguage\":\"pt-BR\",\"potentialAction\":[{\"@type\":\"ReadAction\",\"target\":[\"https:\/\/deputadotaveirajr.com.br\/index.php\/em-video-veterinario-diz-que-provocou-parada-respiratoria-em-cachorro\/\"]}]},{\"@type\":\"ImageObject\",\"inLanguage\":\"pt-BR\",\"@id\":\"https:\/\/deputadotaveirajr.com.br\/index.php\/em-video-veterinario-diz-que-provocou-parada-respiratoria-em-cachorro\/#primaryimage\",\"url\":\"https:\/\/deputadotaveirajr.com.br\/wp-content\/uploads\/2025\/04\/veterinario-Xhu9bu.jpg\",\"contentUrl\":\"https:\/\/deputadotaveirajr.com.br\/wp-content\/uploads\/2025\/04\/veterinario-Xhu9bu.jpg\",\"width\":1269,\"height\":901},{\"@type\":\"BreadcrumbList\",\"@id\":\"https:\/\/deputadotaveirajr.com.br\/index.php\/em-video-veterinario-diz-que-provocou-parada-respiratoria-em-cachorro\/#breadcrumb\",\"itemListElement\":[{\"@type\":\"ListItem\",\"position\":1,\"name\":\"In\u00edcio\",\"item\":\"https:\/\/deputadotaveirajr.com.br\/\"},{\"@type\":\"ListItem\",\"position\":2,\"name\":\"Em v\u00eddeo, veterin\u00e1rio diz que provocou parada respirat\u00f3ria em cachorro\"}]},{\"@type\":\"WebSite\",\"@id\":\"https:\/\/deputadotaveirajr.com.br\/#website\",\"url\":\"https:\/\/deputadotaveirajr.com.br\/\",\"name\":\"Taveira Jr\",\"description\":\"Deputado Estadual\",\"publisher\":{\"@id\":\"https:\/\/deputadotaveirajr.com.br\/#organization\"},\"potentialAction\":[{\"@type\":\"SearchAction\",\"target\":{\"@type\":\"EntryPoint\",\"urlTemplate\":\"https:\/\/deputadotaveirajr.com.br\/?s={search_term_string}\"},\"query-input\":{\"@type\":\"PropertyValueSpecification\",\"valueRequired\":true,\"valueName\":\"search_term_string\"}}],\"inLanguage\":\"pt-BR\"},{\"@type\":\"Organization\",\"@id\":\"https:\/\/deputadotaveirajr.com.br\/#organization\",\"name\":\"Taveira Jr\",\"url\":\"https:\/\/deputadotaveirajr.com.br\/\",\"logo\":{\"@type\":\"ImageObject\",\"inLanguage\":\"pt-BR\",\"@id\":\"https:\/\/deputadotaveirajr.com.br\/#\/schema\/logo\/image\/\",\"url\":\"https:\/\/deputadotaveirajr.com.br\/wp-content\/uploads\/2026\/01\/logolow2a.png\",\"contentUrl\":\"https:\/\/deputadotaveirajr.com.br\/wp-content\/uploads\/2026\/01\/logolow2a.png\",\"width\":290,\"height\":80,\"caption\":\"Taveira Jr\"},\"image\":{\"@id\":\"https:\/\/deputadotaveirajr.com.br\/#\/schema\/logo\/image\/\"}}]}<\/script>\n<!-- \/ Yoast SEO plugin. -->","yoast_head_json":{"title":"Em v\u00eddeo, veterin\u00e1rio diz que provocou parada respirat\u00f3ria em cachorro - Taveira Jr","robots":{"index":"index","follow":"follow","max-snippet":"max-snippet:-1","max-image-preview":"max-image-preview:large","max-video-preview":"max-video-preview:-1"},"canonical":"https:\/\/deputadotaveirajr.com.br\/index.php\/em-video-veterinario-diz-que-provocou-parada-respiratoria-em-cachorro\/","og_locale":"pt_BR","og_type":"article","og_title":"Em v\u00eddeo, veterin\u00e1rio diz que provocou parada respirat\u00f3ria em cachorro - Taveira Jr","og_description":"Declara\u00e7\u00e3o foi feita durante evento realizado na \u00faltima sexta-feira (25) em universidade de Mossor\u00f3. Institui\u00e7\u00e3o diz que profissional n\u00e3o faz parte do quadro de professores. Veterin\u00e1rio diz que provocou parada ...","og_url":"https:\/\/deputadotaveirajr.com.br\/index.php\/em-video-veterinario-diz-que-provocou-parada-respiratoria-em-cachorro\/","og_site_name":"Taveira Jr","og_image":[{"url":"https:\/\/s2-g1.glbimg.com\/udQwQf6uzeAFjub_N-24DT-ZwhA=\/i.s3.glbimg.com\/v1\/AUTH_59edd422c0c84a879bd37670ae4f538a\/internal_photos\/bs\/2025\/V\/B\/fmNbPHRsAkBl0p3Ohkmw\/veterinario.jpg","type":"","width":"","height":""}],"twitter_card":"summary_large_image","twitter_misc":{"Est. tempo de leitura":"3 minutos"},"schema":{"@context":"https:\/\/schema.org","@graph":[{"@type":"WebPage","@id":"https:\/\/deputadotaveirajr.com.br\/index.php\/em-video-veterinario-diz-que-provocou-parada-respiratoria-em-cachorro\/","url":"https:\/\/deputadotaveirajr.com.br\/index.php\/em-video-veterinario-diz-que-provocou-parada-respiratoria-em-cachorro\/","name":"Em v\u00eddeo, veterin\u00e1rio diz que provocou parada respirat\u00f3ria em cachorro - Taveira Jr","isPartOf":{"@id":"https:\/\/deputadotaveirajr.com.br\/#website"},"primaryImageOfPage":{"@id":"https:\/\/deputadotaveirajr.com.br\/index.php\/em-video-veterinario-diz-que-provocou-parada-respiratoria-em-cachorro\/#primaryimage"},"image":{"@id":"https:\/\/deputadotaveirajr.com.br\/index.php\/em-video-veterinario-diz-que-provocou-parada-respiratoria-em-cachorro\/#primaryimage"},"thumbnailUrl":"https:\/\/deputadotaveirajr.com.br\/wp-content\/uploads\/2025\/04\/veterinario-Xhu9bu.jpg","datePublished":"2025-04-28T15:23:12+00:00","breadcrumb":{"@id":"https:\/\/deputadotaveirajr.com.br\/index.php\/em-video-veterinario-diz-que-provocou-parada-respiratoria-em-cachorro\/#breadcrumb"},"inLanguage":"pt-BR","potentialAction":[{"@type":"ReadAction","target":["https:\/\/deputadotaveirajr.com.br\/index.php\/em-video-veterinario-diz-que-provocou-parada-respiratoria-em-cachorro\/"]}]},{"@type":"ImageObject","inLanguage":"pt-BR","@id":"https:\/\/deputadotaveirajr.com.br\/index.php\/em-video-veterinario-diz-que-provocou-parada-respiratoria-em-cachorro\/#primaryimage","url":"https:\/\/deputadotaveirajr.com.br\/wp-content\/uploads\/2025\/04\/veterinario-Xhu9bu.jpg","contentUrl":"https:\/\/deputadotaveirajr.com.br\/wp-content\/uploads\/2025\/04\/veterinario-Xhu9bu.jpg","width":1269,"height":901},{"@type":"BreadcrumbList","@id":"https:\/\/deputadotaveirajr.com.br\/index.php\/em-video-veterinario-diz-que-provocou-parada-respiratoria-em-cachorro\/#breadcrumb","itemListElement":[{"@type":"ListItem","position":1,"name":"In\u00edcio","item":"https:\/\/deputadotaveirajr.com.br\/"},{"@type":"ListItem","position":2,"name":"Em v\u00eddeo, veterin\u00e1rio diz que provocou parada respirat\u00f3ria em cachorro"}]},{"@type":"WebSite","@id":"https:\/\/deputadotaveirajr.com.br\/#website","url":"https:\/\/deputadotaveirajr.com.br\/","name":"Taveira Jr","description":"Deputado Estadual","publisher":{"@id":"https:\/\/deputadotaveirajr.com.br\/#organization"},"potentialAction":[{"@type":"SearchAction","target":{"@type":"EntryPoint","urlTemplate":"https:\/\/deputadotaveirajr.com.br\/?s={search_term_string}"},"query-input":{"@type":"PropertyValueSpecification","valueRequired":true,"valueName":"search_term_string"}}],"inLanguage":"pt-BR"},{"@type":"Organization","@id":"https:\/\/deputadotaveirajr.com.br\/#organization","name":"Taveira Jr","url":"https:\/\/deputadotaveirajr.com.br\/","logo":{"@type":"ImageObject","inLanguage":"pt-BR","@id":"https:\/\/deputadotaveirajr.com.br\/#\/schema\/logo\/image\/","url":"https:\/\/deputadotaveirajr.com.br\/wp-content\/uploads\/2026\/01\/logolow2a.png","contentUrl":"https:\/\/deputadotaveirajr.com.br\/wp-content\/uploads\/2026\/01\/logolow2a.png","width":290,"height":80,"caption":"Taveira Jr"},"image":{"@id":"https:\/\/deputadotaveirajr.com.br\/#\/schema\/logo\/image\/"}}]}},"_links":{"self":[{"href":"https:\/\/deputadotaveirajr.com.br\/index.php\/wp-json\/wp\/v2\/pages\/12866","targetHints":{"allow":["GET"]}}],"collection":[{"href":"https:\/\/deputadotaveirajr.com.br\/index.php\/wp-json\/wp\/v2\/pages"}],"about":[{"href":"https:\/\/deputadotaveirajr.com.br\/index.php\/wp-json\/wp\/v2\/types\/page"}],"replies":[{"embeddable":true,"href":"https:\/\/deputadotaveirajr.com.br\/index.php\/wp-json\/wp\/v2\/comments?post=12866"}],"version-history":[{"count":0,"href":"https:\/\/deputadotaveirajr.com.br\/index.php\/wp-json\/wp\/v2\/pages\/12866\/revisions"}],"wp:featuredmedia":[{"embeddable":true,"href":"https:\/\/deputadotaveirajr.com.br\/index.php\/wp-json\/wp\/v2\/media\/12867"}],"wp:attachment":[{"href":"https:\/\/deputadotaveirajr.com.br\/index.php\/wp-json\/wp\/v2\/media?parent=12866"}],"curies":[{"name":"wp","href":"https:\/\/api.w.org\/{rel}","templated":true}]}}