{"id":12870,"date":"2025-04-29T09:19:42","date_gmt":"2025-04-29T12:19:42","guid":{"rendered":"https:\/\/deputadotaveirajr.com.br\/index.php\/influenciador-e-investigado-por-estelionato-e-policia-apreende-carro-importado-e-motos-esportivas\/"},"modified":"2025-04-29T09:19:42","modified_gmt":"2025-04-29T12:19:42","slug":"influenciador-e-investigado-por-estelionato-e-policia-apreende-carro-importado-e-motos-esportivas","status":"publish","type":"page","link":"https:\/\/deputadotaveirajr.com.br\/index.php\/influenciador-e-investigado-por-estelionato-e-policia-apreende-carro-importado-e-motos-esportivas\/","title":{"rendered":"Influenciador \u00e9 investigado por estelionato e pol\u00edcia apreende carro importado e motos esportivas"},"content":{"rendered":"<p><img decoding=\"async\" src=\"https:\/\/s2-g1.glbimg.com\/9Sr9nQEeyJ0Hd9nk7o4XQ7OJ738=\/i.s3.glbimg.com\/v1\/AUTH_59edd422c0c84a879bd37670ae4f538a\/internal_photos\/bs\/2025\/B\/4\/Kps5qpTwqmquC9QDU8PQ\/carro-importado.jpg\" \/><br \/>     Ve\u00edculo era filmado em manobras perigosas no RN. Pol\u00edcia cumpriu mandados contra suspeito de 22 anos nesta segunda-feira (28) e n\u00e3o divulgou identidade do investigado.  Pol\u00edcia apreende carro importado e motos em investiga\u00e7\u00e3o contra influenciador no RN<br \/>\nA Pol\u00edcia Civil do Rio Grande do Norte apreendeu um carro de luxo e motos esportivas de um influenciador digital de 22 anos, avaliados em mais de R$ 300 mil.<br \/>\nO homem \u00e9 investigado por estelionato, associa\u00e7\u00e3o criminosa, al\u00e9m de infra\u00e7\u00f5es de tr\u00e2nsito como participa\u00e7\u00e3o em corridas ilegais, manobras perigosas e condu\u00e7\u00e3o de ve\u00edculo sem habilita\u00e7\u00e3o.<br \/>\n\ud83d\udcf3Participe do canal do g1 RN no WhatsApp<br \/>\nAs apreens\u00f5es ocorreram nesta segunda-feira (28) dentro da &#8220;Opera\u00e7\u00e3o Zero Grau&#8221;, deflagradas em Jo\u00e3o C\u00e2mara, na regi\u00e3o Agreste potiguar.<br \/>\nA identidade do investigado n\u00e3o foi informada. Por\u00e9m, a pol\u00edcia informou que o homem conta com mais de 300 mil seguidores nas redes sociais.<br \/>\nSegundo a pol\u00edcia, al\u00e9m de praticar infra\u00e7\u00f5es de tr\u00e2nsito &#8220;reiteradamente&#8221;, o homem utiliza as redes sociais para divulgar e incentivar condutas criminosas, como a pr\u00e1tica do \u201cgrau\u201d \u2014 manobras perigosas com motocicletas em via p\u00fablica.<br \/>\n&#8220;As apura\u00e7\u00f5es tamb\u00e9m revelam que o investigado promove sorteios de rifas virtuais com pr\u00eamios, motocicletas com ind\u00edcios de origem criminosa e valores em dinheiro&#8221;, informou a pol\u00edcia.<br \/>\nCarro apreendido era filmado em manobras perigosas<br \/>\nReprodu\u00e7\u00e3o<br \/>\nDurante a opera\u00e7\u00e3o, foram cumpridos mandados de busca e apreens\u00e3o, que resultaram na apreens\u00e3o de dispositivos eletr\u00f4nicos, aparelhos celulares, al\u00e9m das duas motocicletas esportivas avaliadas em cerca de R$ 80 mil e um ve\u00edculo de luxo importado, avaliado em R$ 224 mil, e placas automotivas irregulares.<br \/>\n&#8220;Al\u00e9m de apresentarem ind\u00edcios de origem il\u00edcita, os ve\u00edculos vinham sendo utilizados em pr\u00e1ticas criminosas&#8221;, disse a pol\u00edcia.<br \/>\nO homem n\u00e3o foi preso, mas a pol\u00edcia informou que a Justi\u00e7a imp\u00f4s &#8220;medidas cautelares diversas da pris\u00e3o&#8221;. As medidas n\u00e3o foram informadas at\u00e9 a \u00faltima atualiza\u00e7\u00e3o desta reportagem.<br \/>\nVeja os v\u00eddeos mais assistidos no g1 RN<\/p>","protected":false},"excerpt":{"rendered":"<p>Ve\u00edculo era filmado em manobras perigosas no RN. Pol\u00edcia cumpriu mandados contra suspeito de 22 anos nesta segunda-feira (28) e n\u00e3o divulgou identidade do investigado. Pol\u00edcia apreende carro importado e &#8230;<\/p>\n","protected":false},"author":0,"featured_media":12871,"parent":0,"menu_order":0,"comment_status":"closed","ping_status":"closed","template":"","meta":{"footnotes":""},"class_list":["post-12870","page","type-page","status-publish","has-post-thumbnail","hentry"],"yoast_head":"<!-- This site is optimized with the Yoast SEO plugin v27.1.1 - https:\/\/yoast.com\/product\/yoast-seo-wordpress\/ -->\n<title>Influenciador \u00e9 investigado por estelionato e pol\u00edcia apreende carro importado e motos esportivas - Taveira Jr<\/title>\n<meta name=\"robots\" content=\"index, follow, max-snippet:-1, max-image-preview:large, max-video-preview:-1\" \/>\n<link rel=\"canonical\" href=\"https:\/\/deputadotaveirajr.com.br\/index.php\/influenciador-e-investigado-por-estelionato-e-policia-apreende-carro-importado-e-motos-esportivas\/\" \/>\n<meta property=\"og:locale\" content=\"pt_BR\" \/>\n<meta property=\"og:type\" content=\"article\" \/>\n<meta property=\"og:title\" content=\"Influenciador \u00e9 investigado por estelionato e pol\u00edcia apreende carro importado e motos esportivas - Taveira Jr\" \/>\n<meta property=\"og:description\" content=\"Ve\u00edculo era filmado em manobras perigosas no RN. Pol\u00edcia cumpriu mandados contra suspeito de 22 anos nesta segunda-feira (28) e n\u00e3o divulgou identidade do investigado. Pol\u00edcia apreende carro importado e ...\" \/>\n<meta property=\"og:url\" content=\"https:\/\/deputadotaveirajr.com.br\/index.php\/influenciador-e-investigado-por-estelionato-e-policia-apreende-carro-importado-e-motos-esportivas\/\" \/>\n<meta property=\"og:site_name\" content=\"Taveira Jr\" \/>\n<meta property=\"og:image\" content=\"https:\/\/s2-g1.glbimg.com\/9Sr9nQEeyJ0Hd9nk7o4XQ7OJ738=\/i.s3.glbimg.com\/v1\/AUTH_59edd422c0c84a879bd37670ae4f538a\/internal_photos\/bs\/2025\/B\/4\/Kps5qpTwqmquC9QDU8PQ\/carro-importado.jpg\" \/>\n<meta name=\"twitter:card\" content=\"summary_large_image\" \/>\n<meta name=\"twitter:label1\" content=\"Est. tempo de leitura\" \/>\n\t<meta name=\"twitter:data1\" content=\"2 minutos\" \/>\n<script type=\"application\/ld+json\" class=\"yoast-schema-graph\">{\"@context\":\"https:\/\/schema.org\",\"@graph\":[{\"@type\":\"WebPage\",\"@id\":\"https:\/\/deputadotaveirajr.com.br\/index.php\/influenciador-e-investigado-por-estelionato-e-policia-apreende-carro-importado-e-motos-esportivas\/\",\"url\":\"https:\/\/deputadotaveirajr.com.br\/index.php\/influenciador-e-investigado-por-estelionato-e-policia-apreende-carro-importado-e-motos-esportivas\/\",\"name\":\"Influenciador \u00e9 investigado por estelionato e pol\u00edcia apreende carro importado e motos esportivas - Taveira Jr\",\"isPartOf\":{\"@id\":\"https:\/\/deputadotaveirajr.com.br\/#website\"},\"primaryImageOfPage\":{\"@id\":\"https:\/\/deputadotaveirajr.com.br\/index.php\/influenciador-e-investigado-por-estelionato-e-policia-apreende-carro-importado-e-motos-esportivas\/#primaryimage\"},\"image\":{\"@id\":\"https:\/\/deputadotaveirajr.com.br\/index.php\/influenciador-e-investigado-por-estelionato-e-policia-apreende-carro-importado-e-motos-esportivas\/#primaryimage\"},\"thumbnailUrl\":\"https:\/\/deputadotaveirajr.com.br\/wp-content\/uploads\/2025\/04\/carro-importado-8FzZxL.jpg\",\"datePublished\":\"2025-04-29T12:19:42+00:00\",\"breadcrumb\":{\"@id\":\"https:\/\/deputadotaveirajr.com.br\/index.php\/influenciador-e-investigado-por-estelionato-e-policia-apreende-carro-importado-e-motos-esportivas\/#breadcrumb\"},\"inLanguage\":\"pt-BR\",\"potentialAction\":[{\"@type\":\"ReadAction\",\"target\":[\"https:\/\/deputadotaveirajr.com.br\/index.php\/influenciador-e-investigado-por-estelionato-e-policia-apreende-carro-importado-e-motos-esportivas\/\"]}]},{\"@type\":\"ImageObject\",\"inLanguage\":\"pt-BR\",\"@id\":\"https:\/\/deputadotaveirajr.com.br\/index.php\/influenciador-e-investigado-por-estelionato-e-policia-apreende-carro-importado-e-motos-esportivas\/#primaryimage\",\"url\":\"https:\/\/deputadotaveirajr.com.br\/wp-content\/uploads\/2025\/04\/carro-importado-8FzZxL.jpg\",\"contentUrl\":\"https:\/\/deputadotaveirajr.com.br\/wp-content\/uploads\/2025\/04\/carro-importado-8FzZxL.jpg\",\"width\":1500,\"height\":1008},{\"@type\":\"BreadcrumbList\",\"@id\":\"https:\/\/deputadotaveirajr.com.br\/index.php\/influenciador-e-investigado-por-estelionato-e-policia-apreende-carro-importado-e-motos-esportivas\/#breadcrumb\",\"itemListElement\":[{\"@type\":\"ListItem\",\"position\":1,\"name\":\"In\u00edcio\",\"item\":\"https:\/\/deputadotaveirajr.com.br\/\"},{\"@type\":\"ListItem\",\"position\":2,\"name\":\"Influenciador \u00e9 investigado por estelionato e pol\u00edcia apreende carro importado e motos esportivas\"}]},{\"@type\":\"WebSite\",\"@id\":\"https:\/\/deputadotaveirajr.com.br\/#website\",\"url\":\"https:\/\/deputadotaveirajr.com.br\/\",\"name\":\"Taveira Jr\",\"description\":\"Deputado Estadual\",\"publisher\":{\"@id\":\"https:\/\/deputadotaveirajr.com.br\/#organization\"},\"potentialAction\":[{\"@type\":\"SearchAction\",\"target\":{\"@type\":\"EntryPoint\",\"urlTemplate\":\"https:\/\/deputadotaveirajr.com.br\/?s={search_term_string}\"},\"query-input\":{\"@type\":\"PropertyValueSpecification\",\"valueRequired\":true,\"valueName\":\"search_term_string\"}}],\"inLanguage\":\"pt-BR\"},{\"@type\":\"Organization\",\"@id\":\"https:\/\/deputadotaveirajr.com.br\/#organization\",\"name\":\"Taveira Jr\",\"url\":\"https:\/\/deputadotaveirajr.com.br\/\",\"logo\":{\"@type\":\"ImageObject\",\"inLanguage\":\"pt-BR\",\"@id\":\"https:\/\/deputadotaveirajr.com.br\/#\/schema\/logo\/image\/\",\"url\":\"https:\/\/deputadotaveirajr.com.br\/wp-content\/uploads\/2026\/01\/logolow2a.png\",\"contentUrl\":\"https:\/\/deputadotaveirajr.com.br\/wp-content\/uploads\/2026\/01\/logolow2a.png\",\"width\":290,\"height\":80,\"caption\":\"Taveira Jr\"},\"image\":{\"@id\":\"https:\/\/deputadotaveirajr.com.br\/#\/schema\/logo\/image\/\"}}]}<\/script>\n<!-- \/ Yoast SEO plugin. -->","yoast_head_json":{"title":"Influenciador \u00e9 investigado por estelionato e pol\u00edcia apreende carro importado e motos esportivas - Taveira Jr","robots":{"index":"index","follow":"follow","max-snippet":"max-snippet:-1","max-image-preview":"max-image-preview:large","max-video-preview":"max-video-preview:-1"},"canonical":"https:\/\/deputadotaveirajr.com.br\/index.php\/influenciador-e-investigado-por-estelionato-e-policia-apreende-carro-importado-e-motos-esportivas\/","og_locale":"pt_BR","og_type":"article","og_title":"Influenciador \u00e9 investigado por estelionato e pol\u00edcia apreende carro importado e motos esportivas - Taveira Jr","og_description":"Ve\u00edculo era filmado em manobras perigosas no RN. Pol\u00edcia cumpriu mandados contra suspeito de 22 anos nesta segunda-feira (28) e n\u00e3o divulgou identidade do investigado. Pol\u00edcia apreende carro importado e ...","og_url":"https:\/\/deputadotaveirajr.com.br\/index.php\/influenciador-e-investigado-por-estelionato-e-policia-apreende-carro-importado-e-motos-esportivas\/","og_site_name":"Taveira Jr","og_image":[{"url":"https:\/\/s2-g1.glbimg.com\/9Sr9nQEeyJ0Hd9nk7o4XQ7OJ738=\/i.s3.glbimg.com\/v1\/AUTH_59edd422c0c84a879bd37670ae4f538a\/internal_photos\/bs\/2025\/B\/4\/Kps5qpTwqmquC9QDU8PQ\/carro-importado.jpg","type":"","width":"","height":""}],"twitter_card":"summary_large_image","twitter_misc":{"Est. tempo de leitura":"2 minutos"},"schema":{"@context":"https:\/\/schema.org","@graph":[{"@type":"WebPage","@id":"https:\/\/deputadotaveirajr.com.br\/index.php\/influenciador-e-investigado-por-estelionato-e-policia-apreende-carro-importado-e-motos-esportivas\/","url":"https:\/\/deputadotaveirajr.com.br\/index.php\/influenciador-e-investigado-por-estelionato-e-policia-apreende-carro-importado-e-motos-esportivas\/","name":"Influenciador \u00e9 investigado por estelionato e pol\u00edcia apreende carro importado e motos esportivas - Taveira Jr","isPartOf":{"@id":"https:\/\/deputadotaveirajr.com.br\/#website"},"primaryImageOfPage":{"@id":"https:\/\/deputadotaveirajr.com.br\/index.php\/influenciador-e-investigado-por-estelionato-e-policia-apreende-carro-importado-e-motos-esportivas\/#primaryimage"},"image":{"@id":"https:\/\/deputadotaveirajr.com.br\/index.php\/influenciador-e-investigado-por-estelionato-e-policia-apreende-carro-importado-e-motos-esportivas\/#primaryimage"},"thumbnailUrl":"https:\/\/deputadotaveirajr.com.br\/wp-content\/uploads\/2025\/04\/carro-importado-8FzZxL.jpg","datePublished":"2025-04-29T12:19:42+00:00","breadcrumb":{"@id":"https:\/\/deputadotaveirajr.com.br\/index.php\/influenciador-e-investigado-por-estelionato-e-policia-apreende-carro-importado-e-motos-esportivas\/#breadcrumb"},"inLanguage":"pt-BR","potentialAction":[{"@type":"ReadAction","target":["https:\/\/deputadotaveirajr.com.br\/index.php\/influenciador-e-investigado-por-estelionato-e-policia-apreende-carro-importado-e-motos-esportivas\/"]}]},{"@type":"ImageObject","inLanguage":"pt-BR","@id":"https:\/\/deputadotaveirajr.com.br\/index.php\/influenciador-e-investigado-por-estelionato-e-policia-apreende-carro-importado-e-motos-esportivas\/#primaryimage","url":"https:\/\/deputadotaveirajr.com.br\/wp-content\/uploads\/2025\/04\/carro-importado-8FzZxL.jpg","contentUrl":"https:\/\/deputadotaveirajr.com.br\/wp-content\/uploads\/2025\/04\/carro-importado-8FzZxL.jpg","width":1500,"height":1008},{"@type":"BreadcrumbList","@id":"https:\/\/deputadotaveirajr.com.br\/index.php\/influenciador-e-investigado-por-estelionato-e-policia-apreende-carro-importado-e-motos-esportivas\/#breadcrumb","itemListElement":[{"@type":"ListItem","position":1,"name":"In\u00edcio","item":"https:\/\/deputadotaveirajr.com.br\/"},{"@type":"ListItem","position":2,"name":"Influenciador \u00e9 investigado por estelionato e pol\u00edcia apreende carro importado e motos esportivas"}]},{"@type":"WebSite","@id":"https:\/\/deputadotaveirajr.com.br\/#website","url":"https:\/\/deputadotaveirajr.com.br\/","name":"Taveira Jr","description":"Deputado Estadual","publisher":{"@id":"https:\/\/deputadotaveirajr.com.br\/#organization"},"potentialAction":[{"@type":"SearchAction","target":{"@type":"EntryPoint","urlTemplate":"https:\/\/deputadotaveirajr.com.br\/?s={search_term_string}"},"query-input":{"@type":"PropertyValueSpecification","valueRequired":true,"valueName":"search_term_string"}}],"inLanguage":"pt-BR"},{"@type":"Organization","@id":"https:\/\/deputadotaveirajr.com.br\/#organization","name":"Taveira Jr","url":"https:\/\/deputadotaveirajr.com.br\/","logo":{"@type":"ImageObject","inLanguage":"pt-BR","@id":"https:\/\/deputadotaveirajr.com.br\/#\/schema\/logo\/image\/","url":"https:\/\/deputadotaveirajr.com.br\/wp-content\/uploads\/2026\/01\/logolow2a.png","contentUrl":"https:\/\/deputadotaveirajr.com.br\/wp-content\/uploads\/2026\/01\/logolow2a.png","width":290,"height":80,"caption":"Taveira Jr"},"image":{"@id":"https:\/\/deputadotaveirajr.com.br\/#\/schema\/logo\/image\/"}}]}},"_links":{"self":[{"href":"https:\/\/deputadotaveirajr.com.br\/index.php\/wp-json\/wp\/v2\/pages\/12870","targetHints":{"allow":["GET"]}}],"collection":[{"href":"https:\/\/deputadotaveirajr.com.br\/index.php\/wp-json\/wp\/v2\/pages"}],"about":[{"href":"https:\/\/deputadotaveirajr.com.br\/index.php\/wp-json\/wp\/v2\/types\/page"}],"replies":[{"embeddable":true,"href":"https:\/\/deputadotaveirajr.com.br\/index.php\/wp-json\/wp\/v2\/comments?post=12870"}],"version-history":[{"count":0,"href":"https:\/\/deputadotaveirajr.com.br\/index.php\/wp-json\/wp\/v2\/pages\/12870\/revisions"}],"wp:featuredmedia":[{"embeddable":true,"href":"https:\/\/deputadotaveirajr.com.br\/index.php\/wp-json\/wp\/v2\/media\/12871"}],"wp:attachment":[{"href":"https:\/\/deputadotaveirajr.com.br\/index.php\/wp-json\/wp\/v2\/media?parent=12870"}],"curies":[{"name":"wp","href":"https:\/\/api.w.org\/{rel}","templated":true}]}}