{"id":12874,"date":"2025-04-29T11:22:43","date_gmt":"2025-04-29T14:22:43","guid":{"rendered":"https:\/\/deputadotaveirajr.com.br\/index.php\/dia-do-trabalhador-veja-o-que-abre-e-fecha-no-comercio-de-natal-no-feriado-de-1o-de-maio\/"},"modified":"2025-04-29T11:22:43","modified_gmt":"2025-04-29T14:22:43","slug":"dia-do-trabalhador-veja-o-que-abre-e-fecha-no-comercio-de-natal-no-feriado-de-1o-de-maio","status":"publish","type":"page","link":"https:\/\/deputadotaveirajr.com.br\/index.php\/dia-do-trabalhador-veja-o-que-abre-e-fecha-no-comercio-de-natal-no-feriado-de-1o-de-maio\/","title":{"rendered":"Dia do Trabalhador: Veja o que abre e fecha no com\u00e9rcio de Natal no feriado de 1\u00ba de maio"},"content":{"rendered":"<p><img decoding=\"async\" src=\"https:\/\/s2-g1.glbimg.com\/WHiGcaOxRuQqIO-Pj7uH2b-pkZk=\/i.s3.glbimg.com\/v1\/AUTH_59edd422c0c84a879bd37670ae4f538a\/internal_photos\/bs\/2023\/G\/g\/yNOQaqT3WFFpyMDx8dKw\/alecrim-comercio.jpg\" \/><br \/>     Supermercados, lojas de ruas e bancos fechar\u00e3o na quinta-feira (1\u00ba) e voltam ao funcionamento normal na sexta (2).  Bairro do Alecrim ter\u00e1 com\u00e9rcio fechado no feriado do Dia do Trabalhador (Arquivo)<br \/>\nAugusto C\u00e9sar Gomes<br \/>\nA maior parte do com\u00e9rcio de Natal ir\u00e1 fechar na pr\u00f3xima quinta-feira (1\u00ba), quando \u00e9 celebrado o feriado do Dia do Trabalhador. O funcionamento dos estabelecimentos foi divulgado pela C\u00e2mara de Dirigentes Lojistas (CDL) da capital potiguar.<br \/>\n\ud83d\udcf3Participe do canal do g1 RN no WhatsApp<br \/>\nCom\u00e9rcios de rua, supermercados e bancos n\u00e3o devem abrir na data. Nos shoppings, somente as pra\u00e7as de alimenta\u00e7\u00e3o devem funcionar.<br \/>\nO servi\u00e7o p\u00fablico ter\u00e1 servi\u00e7os suspensos no feriado e tamb\u00e9m na sexta-feira (2), visto que o governo do estado publicou ponto facultativo na data.<br \/>\nVeja abaixo o funcionamento do com\u00e9rcio em Natal na quinta (1\u00ba)<br \/>\nCom\u00e9rcio de Rua<br \/>\nAlecrim: Fechado<br \/>\nCentro da Cidade: Fechado.<br \/>\nZona Norte: Fechado<br \/>\nRibeira: Fechado<br \/>\nShoppings<br \/>\nShopping Midway Mall<br \/>\nLojas e quiosques &#8211; Fechados<br \/>\nAlimenta\u00e7\u00e3o e lazer das 11h \u00e0s 22h<br \/>\nNatal Shopping<br \/>\nAlimenta\u00e7\u00e3o e Lazer: 11h as 22h<br \/>\nQuiosques Alimenta\u00e7\u00e3o: 13h as 21h<br \/>\nDemais lojas e quiosques: Fechado<br \/>\n\u00c2ncoras e Mega Lojas: Fechado<br \/>\nAlpendre: 14h \u00e0 23h<br \/>\nAcademia Bodytech: Fechado<br \/>\nCinema: Conforme programa\u00e7\u00e3o<br \/>\nPraia Shopping<br \/>\nPra\u00e7a de Alimenta\u00e7\u00e3o das 11h \u00e0s 21h (Facultativo)<br \/>\nDemais lojas fechadas<br \/>\nMoviecom conforme programa\u00e7\u00e3o<br \/>\nShopping Cidade Jardim<br \/>\nAlimenta\u00e7\u00e3o &#8211; a partir das 12h<br \/>\nLojas e quiosques &#8211; Fechado<br \/>\nShopping Via Direta<br \/>\nAbertura facultativa<br \/>\nShopping Cidade Verde<br \/>\nLojas diversas \u2013 Fechadas;<br \/>\nAlimenta\u00e7\u00e3o e lazer &#8211; Facultativo<br \/>\nCl\u00ednicas fechadas.<br \/>\nPartage Norte Shopping<br \/>\nLojas e quiosques &#8211; Fechados<br \/>\nAlimenta\u00e7\u00e3o das 11 \u00e0s 22h.<br \/>\nAcademia \u2013 fechado<br \/>\nHipermercado \u2013 Fechado<br \/>\nCinema \u2013 Conforme Programa\u00e7\u00e3o<br \/>\nShopping 10 &#8211; Fechado<br \/>\nSupermercados &#8211; Fechados<br \/>\nBancos &#8211; Fechados<br \/>\nVeja os v\u00eddeos mais assistidos no g1 RN<\/p>","protected":false},"excerpt":{"rendered":"<p>Supermercados, lojas de ruas e bancos fechar\u00e3o na quinta-feira (1\u00ba) e voltam ao funcionamento normal na sexta (2). Bairro do Alecrim ter\u00e1 com\u00e9rcio fechado no feriado do Dia do Trabalhador &#8230;<\/p>\n","protected":false},"author":0,"featured_media":12875,"parent":0,"menu_order":0,"comment_status":"closed","ping_status":"closed","template":"","meta":{"footnotes":""},"class_list":["post-12874","page","type-page","status-publish","has-post-thumbnail","hentry"],"yoast_head":"<!-- This site is optimized with the Yoast SEO plugin v27.1.1 - https:\/\/yoast.com\/product\/yoast-seo-wordpress\/ -->\n<title>Dia do Trabalhador: Veja o que abre e fecha no com\u00e9rcio de Natal no feriado de 1\u00ba de maio - Taveira Jr<\/title>\n<meta name=\"robots\" content=\"index, follow, max-snippet:-1, max-image-preview:large, max-video-preview:-1\" \/>\n<link rel=\"canonical\" href=\"https:\/\/deputadotaveirajr.com.br\/index.php\/dia-do-trabalhador-veja-o-que-abre-e-fecha-no-comercio-de-natal-no-feriado-de-1o-de-maio\/\" \/>\n<meta property=\"og:locale\" content=\"pt_BR\" \/>\n<meta property=\"og:type\" content=\"article\" \/>\n<meta property=\"og:title\" content=\"Dia do Trabalhador: Veja o que abre e fecha no com\u00e9rcio de Natal no feriado de 1\u00ba de maio - Taveira Jr\" \/>\n<meta property=\"og:description\" content=\"Supermercados, lojas de ruas e bancos fechar\u00e3o na quinta-feira (1\u00ba) e voltam ao funcionamento normal na sexta (2). Bairro do Alecrim ter\u00e1 com\u00e9rcio fechado no feriado do Dia do Trabalhador ...\" \/>\n<meta property=\"og:url\" content=\"https:\/\/deputadotaveirajr.com.br\/index.php\/dia-do-trabalhador-veja-o-que-abre-e-fecha-no-comercio-de-natal-no-feriado-de-1o-de-maio\/\" \/>\n<meta property=\"og:site_name\" content=\"Taveira Jr\" \/>\n<meta property=\"og:image\" content=\"https:\/\/s2-g1.glbimg.com\/WHiGcaOxRuQqIO-Pj7uH2b-pkZk=\/i.s3.glbimg.com\/v1\/AUTH_59edd422c0c84a879bd37670ae4f538a\/internal_photos\/bs\/2023\/G\/g\/yNOQaqT3WFFpyMDx8dKw\/alecrim-comercio.jpg\" \/>\n<meta name=\"twitter:card\" content=\"summary_large_image\" \/>\n<meta name=\"twitter:label1\" content=\"Est. tempo de leitura\" \/>\n\t<meta name=\"twitter:data1\" content=\"2 minutos\" \/>\n<script type=\"application\/ld+json\" class=\"yoast-schema-graph\">{\"@context\":\"https:\/\/schema.org\",\"@graph\":[{\"@type\":\"WebPage\",\"@id\":\"https:\/\/deputadotaveirajr.com.br\/index.php\/dia-do-trabalhador-veja-o-que-abre-e-fecha-no-comercio-de-natal-no-feriado-de-1o-de-maio\/\",\"url\":\"https:\/\/deputadotaveirajr.com.br\/index.php\/dia-do-trabalhador-veja-o-que-abre-e-fecha-no-comercio-de-natal-no-feriado-de-1o-de-maio\/\",\"name\":\"Dia do Trabalhador: Veja o que abre e fecha no com\u00e9rcio de Natal no feriado de 1\u00ba de maio - Taveira Jr\",\"isPartOf\":{\"@id\":\"https:\/\/deputadotaveirajr.com.br\/#website\"},\"primaryImageOfPage\":{\"@id\":\"https:\/\/deputadotaveirajr.com.br\/index.php\/dia-do-trabalhador-veja-o-que-abre-e-fecha-no-comercio-de-natal-no-feriado-de-1o-de-maio\/#primaryimage\"},\"image\":{\"@id\":\"https:\/\/deputadotaveirajr.com.br\/index.php\/dia-do-trabalhador-veja-o-que-abre-e-fecha-no-comercio-de-natal-no-feriado-de-1o-de-maio\/#primaryimage\"},\"thumbnailUrl\":\"https:\/\/deputadotaveirajr.com.br\/wp-content\/uploads\/2025\/04\/alecrim-comercio-rmc4Dp.jpg\",\"datePublished\":\"2025-04-29T14:22:43+00:00\",\"breadcrumb\":{\"@id\":\"https:\/\/deputadotaveirajr.com.br\/index.php\/dia-do-trabalhador-veja-o-que-abre-e-fecha-no-comercio-de-natal-no-feriado-de-1o-de-maio\/#breadcrumb\"},\"inLanguage\":\"pt-BR\",\"potentialAction\":[{\"@type\":\"ReadAction\",\"target\":[\"https:\/\/deputadotaveirajr.com.br\/index.php\/dia-do-trabalhador-veja-o-que-abre-e-fecha-no-comercio-de-natal-no-feriado-de-1o-de-maio\/\"]}]},{\"@type\":\"ImageObject\",\"inLanguage\":\"pt-BR\",\"@id\":\"https:\/\/deputadotaveirajr.com.br\/index.php\/dia-do-trabalhador-veja-o-que-abre-e-fecha-no-comercio-de-natal-no-feriado-de-1o-de-maio\/#primaryimage\",\"url\":\"https:\/\/deputadotaveirajr.com.br\/wp-content\/uploads\/2025\/04\/alecrim-comercio-rmc4Dp.jpg\",\"contentUrl\":\"https:\/\/deputadotaveirajr.com.br\/wp-content\/uploads\/2025\/04\/alecrim-comercio-rmc4Dp.jpg\",\"width\":1024,\"height\":671},{\"@type\":\"BreadcrumbList\",\"@id\":\"https:\/\/deputadotaveirajr.com.br\/index.php\/dia-do-trabalhador-veja-o-que-abre-e-fecha-no-comercio-de-natal-no-feriado-de-1o-de-maio\/#breadcrumb\",\"itemListElement\":[{\"@type\":\"ListItem\",\"position\":1,\"name\":\"In\u00edcio\",\"item\":\"https:\/\/deputadotaveirajr.com.br\/\"},{\"@type\":\"ListItem\",\"position\":2,\"name\":\"Dia do Trabalhador: Veja o que abre e fecha no com\u00e9rcio de Natal no feriado de 1\u00ba de maio\"}]},{\"@type\":\"WebSite\",\"@id\":\"https:\/\/deputadotaveirajr.com.br\/#website\",\"url\":\"https:\/\/deputadotaveirajr.com.br\/\",\"name\":\"Taveira Jr\",\"description\":\"Deputado Estadual\",\"publisher\":{\"@id\":\"https:\/\/deputadotaveirajr.com.br\/#organization\"},\"potentialAction\":[{\"@type\":\"SearchAction\",\"target\":{\"@type\":\"EntryPoint\",\"urlTemplate\":\"https:\/\/deputadotaveirajr.com.br\/?s={search_term_string}\"},\"query-input\":{\"@type\":\"PropertyValueSpecification\",\"valueRequired\":true,\"valueName\":\"search_term_string\"}}],\"inLanguage\":\"pt-BR\"},{\"@type\":\"Organization\",\"@id\":\"https:\/\/deputadotaveirajr.com.br\/#organization\",\"name\":\"Taveira Jr\",\"url\":\"https:\/\/deputadotaveirajr.com.br\/\",\"logo\":{\"@type\":\"ImageObject\",\"inLanguage\":\"pt-BR\",\"@id\":\"https:\/\/deputadotaveirajr.com.br\/#\/schema\/logo\/image\/\",\"url\":\"https:\/\/deputadotaveirajr.com.br\/wp-content\/uploads\/2026\/01\/logolow2a.png\",\"contentUrl\":\"https:\/\/deputadotaveirajr.com.br\/wp-content\/uploads\/2026\/01\/logolow2a.png\",\"width\":290,\"height\":80,\"caption\":\"Taveira Jr\"},\"image\":{\"@id\":\"https:\/\/deputadotaveirajr.com.br\/#\/schema\/logo\/image\/\"}}]}<\/script>\n<!-- \/ Yoast SEO plugin. -->","yoast_head_json":{"title":"Dia do Trabalhador: Veja o que abre e fecha no com\u00e9rcio de Natal no feriado de 1\u00ba de maio - Taveira Jr","robots":{"index":"index","follow":"follow","max-snippet":"max-snippet:-1","max-image-preview":"max-image-preview:large","max-video-preview":"max-video-preview:-1"},"canonical":"https:\/\/deputadotaveirajr.com.br\/index.php\/dia-do-trabalhador-veja-o-que-abre-e-fecha-no-comercio-de-natal-no-feriado-de-1o-de-maio\/","og_locale":"pt_BR","og_type":"article","og_title":"Dia do Trabalhador: Veja o que abre e fecha no com\u00e9rcio de Natal no feriado de 1\u00ba de maio - Taveira Jr","og_description":"Supermercados, lojas de ruas e bancos fechar\u00e3o na quinta-feira (1\u00ba) e voltam ao funcionamento normal na sexta (2). Bairro do Alecrim ter\u00e1 com\u00e9rcio fechado no feriado do Dia do Trabalhador ...","og_url":"https:\/\/deputadotaveirajr.com.br\/index.php\/dia-do-trabalhador-veja-o-que-abre-e-fecha-no-comercio-de-natal-no-feriado-de-1o-de-maio\/","og_site_name":"Taveira Jr","og_image":[{"url":"https:\/\/s2-g1.glbimg.com\/WHiGcaOxRuQqIO-Pj7uH2b-pkZk=\/i.s3.glbimg.com\/v1\/AUTH_59edd422c0c84a879bd37670ae4f538a\/internal_photos\/bs\/2023\/G\/g\/yNOQaqT3WFFpyMDx8dKw\/alecrim-comercio.jpg","type":"","width":"","height":""}],"twitter_card":"summary_large_image","twitter_misc":{"Est. tempo de leitura":"2 minutos"},"schema":{"@context":"https:\/\/schema.org","@graph":[{"@type":"WebPage","@id":"https:\/\/deputadotaveirajr.com.br\/index.php\/dia-do-trabalhador-veja-o-que-abre-e-fecha-no-comercio-de-natal-no-feriado-de-1o-de-maio\/","url":"https:\/\/deputadotaveirajr.com.br\/index.php\/dia-do-trabalhador-veja-o-que-abre-e-fecha-no-comercio-de-natal-no-feriado-de-1o-de-maio\/","name":"Dia do Trabalhador: Veja o que abre e fecha no com\u00e9rcio de Natal no feriado de 1\u00ba de maio - Taveira Jr","isPartOf":{"@id":"https:\/\/deputadotaveirajr.com.br\/#website"},"primaryImageOfPage":{"@id":"https:\/\/deputadotaveirajr.com.br\/index.php\/dia-do-trabalhador-veja-o-que-abre-e-fecha-no-comercio-de-natal-no-feriado-de-1o-de-maio\/#primaryimage"},"image":{"@id":"https:\/\/deputadotaveirajr.com.br\/index.php\/dia-do-trabalhador-veja-o-que-abre-e-fecha-no-comercio-de-natal-no-feriado-de-1o-de-maio\/#primaryimage"},"thumbnailUrl":"https:\/\/deputadotaveirajr.com.br\/wp-content\/uploads\/2025\/04\/alecrim-comercio-rmc4Dp.jpg","datePublished":"2025-04-29T14:22:43+00:00","breadcrumb":{"@id":"https:\/\/deputadotaveirajr.com.br\/index.php\/dia-do-trabalhador-veja-o-que-abre-e-fecha-no-comercio-de-natal-no-feriado-de-1o-de-maio\/#breadcrumb"},"inLanguage":"pt-BR","potentialAction":[{"@type":"ReadAction","target":["https:\/\/deputadotaveirajr.com.br\/index.php\/dia-do-trabalhador-veja-o-que-abre-e-fecha-no-comercio-de-natal-no-feriado-de-1o-de-maio\/"]}]},{"@type":"ImageObject","inLanguage":"pt-BR","@id":"https:\/\/deputadotaveirajr.com.br\/index.php\/dia-do-trabalhador-veja-o-que-abre-e-fecha-no-comercio-de-natal-no-feriado-de-1o-de-maio\/#primaryimage","url":"https:\/\/deputadotaveirajr.com.br\/wp-content\/uploads\/2025\/04\/alecrim-comercio-rmc4Dp.jpg","contentUrl":"https:\/\/deputadotaveirajr.com.br\/wp-content\/uploads\/2025\/04\/alecrim-comercio-rmc4Dp.jpg","width":1024,"height":671},{"@type":"BreadcrumbList","@id":"https:\/\/deputadotaveirajr.com.br\/index.php\/dia-do-trabalhador-veja-o-que-abre-e-fecha-no-comercio-de-natal-no-feriado-de-1o-de-maio\/#breadcrumb","itemListElement":[{"@type":"ListItem","position":1,"name":"In\u00edcio","item":"https:\/\/deputadotaveirajr.com.br\/"},{"@type":"ListItem","position":2,"name":"Dia do Trabalhador: Veja o que abre e fecha no com\u00e9rcio de Natal no feriado de 1\u00ba de maio"}]},{"@type":"WebSite","@id":"https:\/\/deputadotaveirajr.com.br\/#website","url":"https:\/\/deputadotaveirajr.com.br\/","name":"Taveira Jr","description":"Deputado Estadual","publisher":{"@id":"https:\/\/deputadotaveirajr.com.br\/#organization"},"potentialAction":[{"@type":"SearchAction","target":{"@type":"EntryPoint","urlTemplate":"https:\/\/deputadotaveirajr.com.br\/?s={search_term_string}"},"query-input":{"@type":"PropertyValueSpecification","valueRequired":true,"valueName":"search_term_string"}}],"inLanguage":"pt-BR"},{"@type":"Organization","@id":"https:\/\/deputadotaveirajr.com.br\/#organization","name":"Taveira Jr","url":"https:\/\/deputadotaveirajr.com.br\/","logo":{"@type":"ImageObject","inLanguage":"pt-BR","@id":"https:\/\/deputadotaveirajr.com.br\/#\/schema\/logo\/image\/","url":"https:\/\/deputadotaveirajr.com.br\/wp-content\/uploads\/2026\/01\/logolow2a.png","contentUrl":"https:\/\/deputadotaveirajr.com.br\/wp-content\/uploads\/2026\/01\/logolow2a.png","width":290,"height":80,"caption":"Taveira Jr"},"image":{"@id":"https:\/\/deputadotaveirajr.com.br\/#\/schema\/logo\/image\/"}}]}},"_links":{"self":[{"href":"https:\/\/deputadotaveirajr.com.br\/index.php\/wp-json\/wp\/v2\/pages\/12874","targetHints":{"allow":["GET"]}}],"collection":[{"href":"https:\/\/deputadotaveirajr.com.br\/index.php\/wp-json\/wp\/v2\/pages"}],"about":[{"href":"https:\/\/deputadotaveirajr.com.br\/index.php\/wp-json\/wp\/v2\/types\/page"}],"replies":[{"embeddable":true,"href":"https:\/\/deputadotaveirajr.com.br\/index.php\/wp-json\/wp\/v2\/comments?post=12874"}],"version-history":[{"count":0,"href":"https:\/\/deputadotaveirajr.com.br\/index.php\/wp-json\/wp\/v2\/pages\/12874\/revisions"}],"wp:featuredmedia":[{"embeddable":true,"href":"https:\/\/deputadotaveirajr.com.br\/index.php\/wp-json\/wp\/v2\/media\/12875"}],"wp:attachment":[{"href":"https:\/\/deputadotaveirajr.com.br\/index.php\/wp-json\/wp\/v2\/media?parent=12874"}],"curies":[{"name":"wp","href":"https:\/\/api.w.org\/{rel}","templated":true}]}}