{"id":12876,"date":"2025-04-29T10:50:07","date_gmt":"2025-04-29T13:50:07","guid":{"rendered":"https:\/\/deputadotaveirajr.com.br\/index.php\/policial-civil-e-afastada-por-repassar-informacoes-sigilosas-de-investigacoes-a-militares-suspeitos-de-crimes\/"},"modified":"2025-04-29T10:50:07","modified_gmt":"2025-04-29T13:50:07","slug":"policial-civil-e-afastada-por-repassar-informacoes-sigilosas-de-investigacoes-a-militares-suspeitos-de-crimes","status":"publish","type":"page","link":"https:\/\/deputadotaveirajr.com.br\/index.php\/policial-civil-e-afastada-por-repassar-informacoes-sigilosas-de-investigacoes-a-militares-suspeitos-de-crimes\/","title":{"rendered":"Policial civil \u00e9 afastada por repassar informa\u00e7\u00f5es sigilosas de investiga\u00e7\u00f5es a militares suspeitos de crimes"},"content":{"rendered":"<p><img decoding=\"async\" src=\"https:\/\/s2-g1.glbimg.com\/lRIIUaZWLZlml139aSp_J9R_vbs=\/i.s3.glbimg.com\/v1\/AUTH_59edd422c0c84a879bd37670ae4f538a\/internal_photos\/bs\/2025\/9\/7\/HkNFDdSVKK0fFGCx6s9w\/whatsapp-image-2025-04-29-at-10.06.08.jpeg\" \/><br \/>     Opera\u00e7\u00e3o deflagrada nesta quinta-feira (29) cumpriu mandado contra servidora. Investiga\u00e7\u00e3o da Pol\u00edcia Civil do RN cumpriu mandado contra policial da pr\u00f3pria corpora\u00e7\u00e3o<br \/>\nPCRN\/Divulga\u00e7\u00e3o<br \/>\nUma policial civil do Rio Grande do Norte foi afastada do trabalho por suspeita de envolvimento com organiza\u00e7\u00f5es criminosas, como mil\u00edcias. Ela \u00e9 alvo de uma investiga\u00e7\u00e3o deflagrada nesta ter\u00e7a-feira (29) pela pr\u00f3pria Pol\u00edcia Civil do estado.<br \/>\nA \u201cOpera\u00e7\u00e3o Inimigo Oculto\u201d cumpriu um mandado de busca e apreens\u00e3o contra a servidora. O afastamento cautelar determinado pela Justi\u00e7a tem prazo de 90 dias.<br \/>\n\ud83d\udcf3Participe do canal do g1 RN no WhatsApp<br \/>\nSegundo a corpora\u00e7\u00e3o, a servidora era lotada em uma delegacia de plant\u00e3o e acessava de forma indevida procedimentos investigativos da Divis\u00e3o de Homic\u00eddios e Prote\u00e7\u00e3o \u00e0 Pessoa (DHPP) que envolviam policiais militares, geralmente vinculados ao 4\u00ba Batalh\u00e3o de Pol\u00edcia Militar, investigados pela Pol\u00edcia Civil.<br \/>\nAinda de acordo com a pol\u00edcia, ela repassava as informa\u00e7\u00f5es sigilosas aos policiais ou a pessoas pr\u00f3ximas. Al\u00e9m disso, foi constatado que ela tamb\u00e9m consultava e compartilhava dados de investiga\u00e7\u00f5es contra integrantes de fac\u00e7\u00f5es criminosas.<br \/>\n&#8220;As investiga\u00e7\u00f5es apontam que parte desses policiais militares foi presa e \u00e9 investigada pela pr\u00f3pria DHPP por envolvimento com grupos de exterm\u00ednio e mil\u00edcias. As informa\u00e7\u00f5es vazadas pela policial civil chegaram a ser divulgadas em redes sociais e utilizadas para autopromo\u00e7\u00e3o por parte dos milicianos&#8221;, informou a DHPP.<br \/>\nDe acordo com os investigadores, os acessos indevidos ao sistema interno da Pol\u00edcia Civil ocorriam de forma simult\u00e2nea a liga\u00e7\u00f5es realizadas para os investigados.<br \/>\nA pol\u00edcia informou que o nome da opera\u00e7\u00e3o faz refer\u00eancia \u00e0 atua\u00e7\u00e3o da investigada, que, a partir de dentro da pr\u00f3pria institui\u00e7\u00e3o, comprometia investiga\u00e7\u00f5es sens\u00edveis e favorecia grupos criminosos.<br \/>\nPolicial civil e\u0301 preso por tra\u0301fico de drogas no RN<br \/>\nVeja os v\u00eddeos mais assistidos no g1 RN<\/p>","protected":false},"excerpt":{"rendered":"<p>Opera\u00e7\u00e3o deflagrada nesta quinta-feira (29) cumpriu mandado contra servidora. Investiga\u00e7\u00e3o da Pol\u00edcia Civil do RN cumpriu mandado contra policial da pr\u00f3pria corpora\u00e7\u00e3o PCRN\/Divulga\u00e7\u00e3o Uma policial civil do Rio Grande do &#8230;<\/p>\n","protected":false},"author":0,"featured_media":12877,"parent":0,"menu_order":0,"comment_status":"closed","ping_status":"closed","template":"","meta":{"footnotes":""},"class_list":["post-12876","page","type-page","status-publish","has-post-thumbnail","hentry"],"yoast_head":"<!-- This site is optimized with the Yoast SEO plugin v27.1.1 - https:\/\/yoast.com\/product\/yoast-seo-wordpress\/ -->\n<title>Policial civil \u00e9 afastada por repassar informa\u00e7\u00f5es sigilosas de investiga\u00e7\u00f5es a militares suspeitos de crimes - Taveira Jr<\/title>\n<meta name=\"robots\" content=\"index, follow, max-snippet:-1, max-image-preview:large, max-video-preview:-1\" \/>\n<link rel=\"canonical\" href=\"https:\/\/deputadotaveirajr.com.br\/index.php\/policial-civil-e-afastada-por-repassar-informacoes-sigilosas-de-investigacoes-a-militares-suspeitos-de-crimes\/\" \/>\n<meta property=\"og:locale\" content=\"pt_BR\" \/>\n<meta property=\"og:type\" content=\"article\" \/>\n<meta property=\"og:title\" content=\"Policial civil \u00e9 afastada por repassar informa\u00e7\u00f5es sigilosas de investiga\u00e7\u00f5es a militares suspeitos de crimes - Taveira Jr\" \/>\n<meta property=\"og:description\" content=\"Opera\u00e7\u00e3o deflagrada nesta quinta-feira (29) cumpriu mandado contra servidora. Investiga\u00e7\u00e3o da Pol\u00edcia Civil do RN cumpriu mandado contra policial da pr\u00f3pria corpora\u00e7\u00e3o PCRN\/Divulga\u00e7\u00e3o Uma policial civil do Rio Grande do ...\" \/>\n<meta property=\"og:url\" content=\"https:\/\/deputadotaveirajr.com.br\/index.php\/policial-civil-e-afastada-por-repassar-informacoes-sigilosas-de-investigacoes-a-militares-suspeitos-de-crimes\/\" \/>\n<meta property=\"og:site_name\" content=\"Taveira Jr\" \/>\n<meta property=\"og:image\" content=\"https:\/\/s2-g1.glbimg.com\/lRIIUaZWLZlml139aSp_J9R_vbs=\/i.s3.glbimg.com\/v1\/AUTH_59edd422c0c84a879bd37670ae4f538a\/internal_photos\/bs\/2025\/9\/7\/HkNFDdSVKK0fFGCx6s9w\/whatsapp-image-2025-04-29-at-10.06.08.jpeg\" \/>\n<meta name=\"twitter:card\" content=\"summary_large_image\" \/>\n<meta name=\"twitter:label1\" content=\"Est. tempo de leitura\" \/>\n\t<meta name=\"twitter:data1\" content=\"2 minutos\" \/>\n<script type=\"application\/ld+json\" class=\"yoast-schema-graph\">{\"@context\":\"https:\/\/schema.org\",\"@graph\":[{\"@type\":\"WebPage\",\"@id\":\"https:\/\/deputadotaveirajr.com.br\/index.php\/policial-civil-e-afastada-por-repassar-informacoes-sigilosas-de-investigacoes-a-militares-suspeitos-de-crimes\/\",\"url\":\"https:\/\/deputadotaveirajr.com.br\/index.php\/policial-civil-e-afastada-por-repassar-informacoes-sigilosas-de-investigacoes-a-militares-suspeitos-de-crimes\/\",\"name\":\"Policial civil \u00e9 afastada por repassar informa\u00e7\u00f5es sigilosas de investiga\u00e7\u00f5es a militares suspeitos de crimes - Taveira Jr\",\"isPartOf\":{\"@id\":\"https:\/\/deputadotaveirajr.com.br\/#website\"},\"primaryImageOfPage\":{\"@id\":\"https:\/\/deputadotaveirajr.com.br\/index.php\/policial-civil-e-afastada-por-repassar-informacoes-sigilosas-de-investigacoes-a-militares-suspeitos-de-crimes\/#primaryimage\"},\"image\":{\"@id\":\"https:\/\/deputadotaveirajr.com.br\/index.php\/policial-civil-e-afastada-por-repassar-informacoes-sigilosas-de-investigacoes-a-militares-suspeitos-de-crimes\/#primaryimage\"},\"thumbnailUrl\":\"https:\/\/deputadotaveirajr.com.br\/wp-content\/uploads\/2025\/04\/whatsapp-image-2025-04-29-at-10.06.08-9hFCNG-scaled.jpg\",\"datePublished\":\"2025-04-29T13:50:07+00:00\",\"breadcrumb\":{\"@id\":\"https:\/\/deputadotaveirajr.com.br\/index.php\/policial-civil-e-afastada-por-repassar-informacoes-sigilosas-de-investigacoes-a-militares-suspeitos-de-crimes\/#breadcrumb\"},\"inLanguage\":\"pt-BR\",\"potentialAction\":[{\"@type\":\"ReadAction\",\"target\":[\"https:\/\/deputadotaveirajr.com.br\/index.php\/policial-civil-e-afastada-por-repassar-informacoes-sigilosas-de-investigacoes-a-militares-suspeitos-de-crimes\/\"]}]},{\"@type\":\"ImageObject\",\"inLanguage\":\"pt-BR\",\"@id\":\"https:\/\/deputadotaveirajr.com.br\/index.php\/policial-civil-e-afastada-por-repassar-informacoes-sigilosas-de-investigacoes-a-militares-suspeitos-de-crimes\/#primaryimage\",\"url\":\"https:\/\/deputadotaveirajr.com.br\/wp-content\/uploads\/2025\/04\/whatsapp-image-2025-04-29-at-10.06.08-9hFCNG-scaled.jpg\",\"contentUrl\":\"https:\/\/deputadotaveirajr.com.br\/wp-content\/uploads\/2025\/04\/whatsapp-image-2025-04-29-at-10.06.08-9hFCNG-scaled.jpg\",\"width\":2560,\"height\":1706},{\"@type\":\"BreadcrumbList\",\"@id\":\"https:\/\/deputadotaveirajr.com.br\/index.php\/policial-civil-e-afastada-por-repassar-informacoes-sigilosas-de-investigacoes-a-militares-suspeitos-de-crimes\/#breadcrumb\",\"itemListElement\":[{\"@type\":\"ListItem\",\"position\":1,\"name\":\"In\u00edcio\",\"item\":\"https:\/\/deputadotaveirajr.com.br\/\"},{\"@type\":\"ListItem\",\"position\":2,\"name\":\"Policial civil \u00e9 afastada por repassar informa\u00e7\u00f5es sigilosas de investiga\u00e7\u00f5es a militares suspeitos de crimes\"}]},{\"@type\":\"WebSite\",\"@id\":\"https:\/\/deputadotaveirajr.com.br\/#website\",\"url\":\"https:\/\/deputadotaveirajr.com.br\/\",\"name\":\"Taveira Jr\",\"description\":\"Deputado Estadual\",\"publisher\":{\"@id\":\"https:\/\/deputadotaveirajr.com.br\/#organization\"},\"potentialAction\":[{\"@type\":\"SearchAction\",\"target\":{\"@type\":\"EntryPoint\",\"urlTemplate\":\"https:\/\/deputadotaveirajr.com.br\/?s={search_term_string}\"},\"query-input\":{\"@type\":\"PropertyValueSpecification\",\"valueRequired\":true,\"valueName\":\"search_term_string\"}}],\"inLanguage\":\"pt-BR\"},{\"@type\":\"Organization\",\"@id\":\"https:\/\/deputadotaveirajr.com.br\/#organization\",\"name\":\"Taveira Jr\",\"url\":\"https:\/\/deputadotaveirajr.com.br\/\",\"logo\":{\"@type\":\"ImageObject\",\"inLanguage\":\"pt-BR\",\"@id\":\"https:\/\/deputadotaveirajr.com.br\/#\/schema\/logo\/image\/\",\"url\":\"https:\/\/deputadotaveirajr.com.br\/wp-content\/uploads\/2026\/01\/logolow2a.png\",\"contentUrl\":\"https:\/\/deputadotaveirajr.com.br\/wp-content\/uploads\/2026\/01\/logolow2a.png\",\"width\":290,\"height\":80,\"caption\":\"Taveira Jr\"},\"image\":{\"@id\":\"https:\/\/deputadotaveirajr.com.br\/#\/schema\/logo\/image\/\"}}]}<\/script>\n<!-- \/ Yoast SEO plugin. -->","yoast_head_json":{"title":"Policial civil \u00e9 afastada por repassar informa\u00e7\u00f5es sigilosas de investiga\u00e7\u00f5es a militares suspeitos de crimes - Taveira Jr","robots":{"index":"index","follow":"follow","max-snippet":"max-snippet:-1","max-image-preview":"max-image-preview:large","max-video-preview":"max-video-preview:-1"},"canonical":"https:\/\/deputadotaveirajr.com.br\/index.php\/policial-civil-e-afastada-por-repassar-informacoes-sigilosas-de-investigacoes-a-militares-suspeitos-de-crimes\/","og_locale":"pt_BR","og_type":"article","og_title":"Policial civil \u00e9 afastada por repassar informa\u00e7\u00f5es sigilosas de investiga\u00e7\u00f5es a militares suspeitos de crimes - Taveira Jr","og_description":"Opera\u00e7\u00e3o deflagrada nesta quinta-feira (29) cumpriu mandado contra servidora. Investiga\u00e7\u00e3o da Pol\u00edcia Civil do RN cumpriu mandado contra policial da pr\u00f3pria corpora\u00e7\u00e3o PCRN\/Divulga\u00e7\u00e3o Uma policial civil do Rio Grande do ...","og_url":"https:\/\/deputadotaveirajr.com.br\/index.php\/policial-civil-e-afastada-por-repassar-informacoes-sigilosas-de-investigacoes-a-militares-suspeitos-de-crimes\/","og_site_name":"Taveira Jr","og_image":[{"url":"https:\/\/s2-g1.glbimg.com\/lRIIUaZWLZlml139aSp_J9R_vbs=\/i.s3.glbimg.com\/v1\/AUTH_59edd422c0c84a879bd37670ae4f538a\/internal_photos\/bs\/2025\/9\/7\/HkNFDdSVKK0fFGCx6s9w\/whatsapp-image-2025-04-29-at-10.06.08.jpeg","type":"","width":"","height":""}],"twitter_card":"summary_large_image","twitter_misc":{"Est. tempo de leitura":"2 minutos"},"schema":{"@context":"https:\/\/schema.org","@graph":[{"@type":"WebPage","@id":"https:\/\/deputadotaveirajr.com.br\/index.php\/policial-civil-e-afastada-por-repassar-informacoes-sigilosas-de-investigacoes-a-militares-suspeitos-de-crimes\/","url":"https:\/\/deputadotaveirajr.com.br\/index.php\/policial-civil-e-afastada-por-repassar-informacoes-sigilosas-de-investigacoes-a-militares-suspeitos-de-crimes\/","name":"Policial civil \u00e9 afastada por repassar informa\u00e7\u00f5es sigilosas de investiga\u00e7\u00f5es a militares suspeitos de crimes - Taveira Jr","isPartOf":{"@id":"https:\/\/deputadotaveirajr.com.br\/#website"},"primaryImageOfPage":{"@id":"https:\/\/deputadotaveirajr.com.br\/index.php\/policial-civil-e-afastada-por-repassar-informacoes-sigilosas-de-investigacoes-a-militares-suspeitos-de-crimes\/#primaryimage"},"image":{"@id":"https:\/\/deputadotaveirajr.com.br\/index.php\/policial-civil-e-afastada-por-repassar-informacoes-sigilosas-de-investigacoes-a-militares-suspeitos-de-crimes\/#primaryimage"},"thumbnailUrl":"https:\/\/deputadotaveirajr.com.br\/wp-content\/uploads\/2025\/04\/whatsapp-image-2025-04-29-at-10.06.08-9hFCNG-scaled.jpg","datePublished":"2025-04-29T13:50:07+00:00","breadcrumb":{"@id":"https:\/\/deputadotaveirajr.com.br\/index.php\/policial-civil-e-afastada-por-repassar-informacoes-sigilosas-de-investigacoes-a-militares-suspeitos-de-crimes\/#breadcrumb"},"inLanguage":"pt-BR","potentialAction":[{"@type":"ReadAction","target":["https:\/\/deputadotaveirajr.com.br\/index.php\/policial-civil-e-afastada-por-repassar-informacoes-sigilosas-de-investigacoes-a-militares-suspeitos-de-crimes\/"]}]},{"@type":"ImageObject","inLanguage":"pt-BR","@id":"https:\/\/deputadotaveirajr.com.br\/index.php\/policial-civil-e-afastada-por-repassar-informacoes-sigilosas-de-investigacoes-a-militares-suspeitos-de-crimes\/#primaryimage","url":"https:\/\/deputadotaveirajr.com.br\/wp-content\/uploads\/2025\/04\/whatsapp-image-2025-04-29-at-10.06.08-9hFCNG-scaled.jpg","contentUrl":"https:\/\/deputadotaveirajr.com.br\/wp-content\/uploads\/2025\/04\/whatsapp-image-2025-04-29-at-10.06.08-9hFCNG-scaled.jpg","width":2560,"height":1706},{"@type":"BreadcrumbList","@id":"https:\/\/deputadotaveirajr.com.br\/index.php\/policial-civil-e-afastada-por-repassar-informacoes-sigilosas-de-investigacoes-a-militares-suspeitos-de-crimes\/#breadcrumb","itemListElement":[{"@type":"ListItem","position":1,"name":"In\u00edcio","item":"https:\/\/deputadotaveirajr.com.br\/"},{"@type":"ListItem","position":2,"name":"Policial civil \u00e9 afastada por repassar informa\u00e7\u00f5es sigilosas de investiga\u00e7\u00f5es a militares suspeitos de crimes"}]},{"@type":"WebSite","@id":"https:\/\/deputadotaveirajr.com.br\/#website","url":"https:\/\/deputadotaveirajr.com.br\/","name":"Taveira Jr","description":"Deputado Estadual","publisher":{"@id":"https:\/\/deputadotaveirajr.com.br\/#organization"},"potentialAction":[{"@type":"SearchAction","target":{"@type":"EntryPoint","urlTemplate":"https:\/\/deputadotaveirajr.com.br\/?s={search_term_string}"},"query-input":{"@type":"PropertyValueSpecification","valueRequired":true,"valueName":"search_term_string"}}],"inLanguage":"pt-BR"},{"@type":"Organization","@id":"https:\/\/deputadotaveirajr.com.br\/#organization","name":"Taveira Jr","url":"https:\/\/deputadotaveirajr.com.br\/","logo":{"@type":"ImageObject","inLanguage":"pt-BR","@id":"https:\/\/deputadotaveirajr.com.br\/#\/schema\/logo\/image\/","url":"https:\/\/deputadotaveirajr.com.br\/wp-content\/uploads\/2026\/01\/logolow2a.png","contentUrl":"https:\/\/deputadotaveirajr.com.br\/wp-content\/uploads\/2026\/01\/logolow2a.png","width":290,"height":80,"caption":"Taveira Jr"},"image":{"@id":"https:\/\/deputadotaveirajr.com.br\/#\/schema\/logo\/image\/"}}]}},"_links":{"self":[{"href":"https:\/\/deputadotaveirajr.com.br\/index.php\/wp-json\/wp\/v2\/pages\/12876","targetHints":{"allow":["GET"]}}],"collection":[{"href":"https:\/\/deputadotaveirajr.com.br\/index.php\/wp-json\/wp\/v2\/pages"}],"about":[{"href":"https:\/\/deputadotaveirajr.com.br\/index.php\/wp-json\/wp\/v2\/types\/page"}],"replies":[{"embeddable":true,"href":"https:\/\/deputadotaveirajr.com.br\/index.php\/wp-json\/wp\/v2\/comments?post=12876"}],"version-history":[{"count":0,"href":"https:\/\/deputadotaveirajr.com.br\/index.php\/wp-json\/wp\/v2\/pages\/12876\/revisions"}],"wp:featuredmedia":[{"embeddable":true,"href":"https:\/\/deputadotaveirajr.com.br\/index.php\/wp-json\/wp\/v2\/media\/12877"}],"wp:attachment":[{"href":"https:\/\/deputadotaveirajr.com.br\/index.php\/wp-json\/wp\/v2\/media?parent=12876"}],"curies":[{"name":"wp","href":"https:\/\/api.w.org\/{rel}","templated":true}]}}