{"id":12878,"date":"2025-04-29T13:03:36","date_gmt":"2025-04-29T16:03:36","guid":{"rendered":"https:\/\/deputadotaveirajr.com.br\/index.php\/forca-tarefa-prende-15-pessoas-em-operacao-contra-faccao-criminosa-no-rn-to-e-sp\/"},"modified":"2025-04-29T13:03:36","modified_gmt":"2025-04-29T16:03:36","slug":"forca-tarefa-prende-15-pessoas-em-operacao-contra-faccao-criminosa-no-rn-to-e-sp","status":"publish","type":"page","link":"https:\/\/deputadotaveirajr.com.br\/index.php\/forca-tarefa-prende-15-pessoas-em-operacao-contra-faccao-criminosa-no-rn-to-e-sp\/","title":{"rendered":"For\u00e7a-Tarefa prende 15 pessoas em opera\u00e7\u00e3o contra fac\u00e7\u00e3o criminosa no RN, TO e SP"},"content":{"rendered":"<p><img decoding=\"async\" src=\"https:\/\/s2-g1.glbimg.com\/WnrzaH013M1SZjpVy4Zk5_N3I7Y=\/i.s3.glbimg.com\/v1\/AUTH_59edd422c0c84a879bd37670ae4f538a\/internal_photos\/bs\/2025\/V\/Z\/9FDzQPTk6htmcbDIGQ4A\/operacao-rust.jpg\" \/><br \/>     Grupo teria movimentado R$ 3 milh\u00f5es durante investiga\u00e7\u00e3o. Opera\u00e7\u00e3o foi deflagrada nesta ter\u00e7a-feira (29) para cumprir 48 mandados de pris\u00e3o, busca e apreens\u00e3o e bloqueio de contas.  Opera\u00e7\u00e3o Rust prendeu suspeitos de integrarem fac\u00e7\u00e3o criminosa no RN<br \/>\nA For\u00e7a Integrada de Combate ao Crime Organizado de Mossor\u00f3, comandada pela Pol\u00edcia Federal, prendeu 15 pessoas durante uma opera\u00e7\u00e3o deflagrada na manh\u00e3 desta ter\u00e7a-feira (29) contra integrantes de fac\u00e7\u00e3o criminosa que atua dentro e fora dos pres\u00eddios do Rio Grande do Norte.<br \/>\nOs mandados da &#8220;Opera\u00e7\u00e3o Rust&#8221; foram cumpridos em Mossor\u00f3, Grossos, Nova Cruz, Patu, Cara\u00fabas, no Rio Grande do Norte, al\u00e9m de Palmas (TO) e S\u00e3o Paulo (SP).<br \/>\n\ud83d\udcf3Participe do canal do g1 RN no WhatsApp<br \/>\nOs policias buscavam cumprir 48 mandados judiciais, sendo 19 de pris\u00e3o preventiva, 22 de busca e apreens\u00e3o domiciliar e sete de bloqueio de contas.<br \/>\nDurante o cumprimento dos mandados judiciais, uma pessoa foi autuada em flagrante, pelos crimes de porte ilegal de arma de fogo, tr\u00e1fico de entorpecentes e recepta\u00e7\u00e3o.<br \/>\nTamb\u00e9m foram apreendidas armas de fogo, muni\u00e7\u00f5es, por\u00e7\u00f5es de maconha, crack, uma motocicleta e diversos aparelhos telef\u00f4nicos.<br \/>\nOs detidos foram encaminhados \u00e0 Delegacia de Pol\u00edcia Federal de Mossor\u00f3 e ser\u00e3o transferidos para o sistema prisional, onde ficar\u00e3o custodiados, \u00e0 disposi\u00e7\u00e3o da Justi\u00e7a.<br \/>\n&#8220;Os integrantes dessa fac\u00e7\u00e3o agiam em dois n\u00facleos. Um n\u00facleo manuseando, traficando entorpecentes em comunidades em Mossor\u00f3; e o outro grupo cedendo armas de fogo para os integrantes da fac\u00e7\u00e3o de modo a garantir a continuidade da trafic\u00e2ncia, bem como a amplia\u00e7\u00e3o do dom\u00ednio da fac\u00e7\u00e3o em outras \u00e1reas do munic\u00edpio&#8221;, disse o delegado Marcuse Cabral, da Pol\u00edcia Civil.<br \/>\nOpera\u00e7\u00e3o Rust cumpriu mandados no RN, SP e TO contra membros de fac\u00e7\u00e3o criminosa<br \/>\nFICCO\/Mossor\u00f3\/Divulga\u00e7\u00e3o<br \/>\nInvestigadas<br \/>\nEntre os investigados est\u00e3o duas mulheres, uma delas moradora de S\u00e3o Paulo, que seria respons\u00e1vel pela lavagem do dinheiro decorrente do tr\u00e1fico de entorpecentes.<br \/>\nA outra \u00e9 indicada como principal fornecedora de entorpecentes para os traficantes locais ligados fac\u00e7\u00e3o criminosa em Mossor\u00f3, cujo cumprimento da pris\u00e3o ocorreu em Palmas.<br \/>\nCrimes<br \/>\nSegundo a pol\u00edcia, para dissimular suas a\u00e7\u00f5es, a organiza\u00e7\u00e3o criminosa identificava os pontos de tr\u00e1fico chamando os locais de \u201cLojas da Fam\u00edlia\u201d, ou simplesmente FM. J\u00e1 as drogas eram chamadas pelos nomes de operadoras de telefonia.<br \/>\nDurante o per\u00edodo de investiga\u00e7\u00e3o o grupo criminoso chegou a movimentar aproximadamente, a quantia de R$ 3 milh\u00f5es. Os principais operadores do esquema, que tamb\u00e9m tiveram suas contas bloqueadas judicialmente, foram identificados e presos, segundo a Pol\u00edcia Federal.<br \/>\nA investiga\u00e7\u00e3o poder\u00e1 resultar no indiciamento de 22 pessoas pela pr\u00e1tica dos crimes de organiza\u00e7\u00e3o criminosa, tr\u00e1fico e associa\u00e7\u00e3o para o tr\u00e1fico de entorpecentes, lavagem de dinheiro e crimes associados ao estatuto do desarmamento.<br \/>\nArmas apreendidas durante opera\u00e7\u00e3o<br \/>\nFICCO\/Mossor\u00f3\/Divulga\u00e7\u00e3o<br \/>\nVeja os v\u00eddeos mais assistidos no g1 RN<\/p>","protected":false},"excerpt":{"rendered":"<p>Grupo teria movimentado R$ 3 milh\u00f5es durante investiga\u00e7\u00e3o. Opera\u00e7\u00e3o foi deflagrada nesta ter\u00e7a-feira (29) para cumprir 48 mandados de pris\u00e3o, busca e apreens\u00e3o e bloqueio de contas. Opera\u00e7\u00e3o Rust prendeu &#8230;<\/p>\n","protected":false},"author":0,"featured_media":12879,"parent":0,"menu_order":0,"comment_status":"closed","ping_status":"closed","template":"","meta":{"footnotes":""},"class_list":["post-12878","page","type-page","status-publish","has-post-thumbnail","hentry"],"yoast_head":"<!-- This site is optimized with the Yoast SEO plugin v27.1.1 - https:\/\/yoast.com\/product\/yoast-seo-wordpress\/ -->\n<title>For\u00e7a-Tarefa prende 15 pessoas em opera\u00e7\u00e3o contra fac\u00e7\u00e3o criminosa no RN, TO e SP - Taveira Jr<\/title>\n<meta name=\"robots\" content=\"index, follow, max-snippet:-1, max-image-preview:large, max-video-preview:-1\" \/>\n<link rel=\"canonical\" href=\"https:\/\/deputadotaveirajr.com.br\/index.php\/forca-tarefa-prende-15-pessoas-em-operacao-contra-faccao-criminosa-no-rn-to-e-sp\/\" \/>\n<meta property=\"og:locale\" content=\"pt_BR\" \/>\n<meta property=\"og:type\" content=\"article\" \/>\n<meta property=\"og:title\" content=\"For\u00e7a-Tarefa prende 15 pessoas em opera\u00e7\u00e3o contra fac\u00e7\u00e3o criminosa no RN, TO e SP - Taveira Jr\" \/>\n<meta property=\"og:description\" content=\"Grupo teria movimentado R$ 3 milh\u00f5es durante investiga\u00e7\u00e3o. Opera\u00e7\u00e3o foi deflagrada nesta ter\u00e7a-feira (29) para cumprir 48 mandados de pris\u00e3o, busca e apreens\u00e3o e bloqueio de contas. Opera\u00e7\u00e3o Rust prendeu ...\" \/>\n<meta property=\"og:url\" content=\"https:\/\/deputadotaveirajr.com.br\/index.php\/forca-tarefa-prende-15-pessoas-em-operacao-contra-faccao-criminosa-no-rn-to-e-sp\/\" \/>\n<meta property=\"og:site_name\" content=\"Taveira Jr\" \/>\n<meta property=\"og:image\" content=\"https:\/\/s2-g1.glbimg.com\/WnrzaH013M1SZjpVy4Zk5_N3I7Y=\/i.s3.glbimg.com\/v1\/AUTH_59edd422c0c84a879bd37670ae4f538a\/internal_photos\/bs\/2025\/V\/Z\/9FDzQPTk6htmcbDIGQ4A\/operacao-rust.jpg\" \/>\n<meta name=\"twitter:card\" content=\"summary_large_image\" \/>\n<meta name=\"twitter:label1\" content=\"Est. tempo de leitura\" \/>\n\t<meta name=\"twitter:data1\" content=\"3 minutos\" \/>\n<script type=\"application\/ld+json\" class=\"yoast-schema-graph\">{\"@context\":\"https:\/\/schema.org\",\"@graph\":[{\"@type\":\"WebPage\",\"@id\":\"https:\/\/deputadotaveirajr.com.br\/index.php\/forca-tarefa-prende-15-pessoas-em-operacao-contra-faccao-criminosa-no-rn-to-e-sp\/\",\"url\":\"https:\/\/deputadotaveirajr.com.br\/index.php\/forca-tarefa-prende-15-pessoas-em-operacao-contra-faccao-criminosa-no-rn-to-e-sp\/\",\"name\":\"For\u00e7a-Tarefa prende 15 pessoas em opera\u00e7\u00e3o contra fac\u00e7\u00e3o criminosa no RN, TO e SP - Taveira Jr\",\"isPartOf\":{\"@id\":\"https:\/\/deputadotaveirajr.com.br\/#website\"},\"primaryImageOfPage\":{\"@id\":\"https:\/\/deputadotaveirajr.com.br\/index.php\/forca-tarefa-prende-15-pessoas-em-operacao-contra-faccao-criminosa-no-rn-to-e-sp\/#primaryimage\"},\"image\":{\"@id\":\"https:\/\/deputadotaveirajr.com.br\/index.php\/forca-tarefa-prende-15-pessoas-em-operacao-contra-faccao-criminosa-no-rn-to-e-sp\/#primaryimage\"},\"thumbnailUrl\":\"https:\/\/deputadotaveirajr.com.br\/wp-content\/uploads\/2025\/04\/operacao-rust-p6RsLb.jpg\",\"datePublished\":\"2025-04-29T16:03:36+00:00\",\"breadcrumb\":{\"@id\":\"https:\/\/deputadotaveirajr.com.br\/index.php\/forca-tarefa-prende-15-pessoas-em-operacao-contra-faccao-criminosa-no-rn-to-e-sp\/#breadcrumb\"},\"inLanguage\":\"pt-BR\",\"potentialAction\":[{\"@type\":\"ReadAction\",\"target\":[\"https:\/\/deputadotaveirajr.com.br\/index.php\/forca-tarefa-prende-15-pessoas-em-operacao-contra-faccao-criminosa-no-rn-to-e-sp\/\"]}]},{\"@type\":\"ImageObject\",\"inLanguage\":\"pt-BR\",\"@id\":\"https:\/\/deputadotaveirajr.com.br\/index.php\/forca-tarefa-prende-15-pessoas-em-operacao-contra-faccao-criminosa-no-rn-to-e-sp\/#primaryimage\",\"url\":\"https:\/\/deputadotaveirajr.com.br\/wp-content\/uploads\/2025\/04\/operacao-rust-p6RsLb.jpg\",\"contentUrl\":\"https:\/\/deputadotaveirajr.com.br\/wp-content\/uploads\/2025\/04\/operacao-rust-p6RsLb.jpg\",\"width\":1500,\"height\":976},{\"@type\":\"BreadcrumbList\",\"@id\":\"https:\/\/deputadotaveirajr.com.br\/index.php\/forca-tarefa-prende-15-pessoas-em-operacao-contra-faccao-criminosa-no-rn-to-e-sp\/#breadcrumb\",\"itemListElement\":[{\"@type\":\"ListItem\",\"position\":1,\"name\":\"In\u00edcio\",\"item\":\"https:\/\/deputadotaveirajr.com.br\/\"},{\"@type\":\"ListItem\",\"position\":2,\"name\":\"For\u00e7a-Tarefa prende 15 pessoas em opera\u00e7\u00e3o contra fac\u00e7\u00e3o criminosa no RN, TO e SP\"}]},{\"@type\":\"WebSite\",\"@id\":\"https:\/\/deputadotaveirajr.com.br\/#website\",\"url\":\"https:\/\/deputadotaveirajr.com.br\/\",\"name\":\"Taveira Jr\",\"description\":\"Deputado Estadual\",\"publisher\":{\"@id\":\"https:\/\/deputadotaveirajr.com.br\/#organization\"},\"potentialAction\":[{\"@type\":\"SearchAction\",\"target\":{\"@type\":\"EntryPoint\",\"urlTemplate\":\"https:\/\/deputadotaveirajr.com.br\/?s={search_term_string}\"},\"query-input\":{\"@type\":\"PropertyValueSpecification\",\"valueRequired\":true,\"valueName\":\"search_term_string\"}}],\"inLanguage\":\"pt-BR\"},{\"@type\":\"Organization\",\"@id\":\"https:\/\/deputadotaveirajr.com.br\/#organization\",\"name\":\"Taveira Jr\",\"url\":\"https:\/\/deputadotaveirajr.com.br\/\",\"logo\":{\"@type\":\"ImageObject\",\"inLanguage\":\"pt-BR\",\"@id\":\"https:\/\/deputadotaveirajr.com.br\/#\/schema\/logo\/image\/\",\"url\":\"https:\/\/deputadotaveirajr.com.br\/wp-content\/uploads\/2026\/01\/logolow2a.png\",\"contentUrl\":\"https:\/\/deputadotaveirajr.com.br\/wp-content\/uploads\/2026\/01\/logolow2a.png\",\"width\":290,\"height\":80,\"caption\":\"Taveira Jr\"},\"image\":{\"@id\":\"https:\/\/deputadotaveirajr.com.br\/#\/schema\/logo\/image\/\"}}]}<\/script>\n<!-- \/ Yoast SEO plugin. -->","yoast_head_json":{"title":"For\u00e7a-Tarefa prende 15 pessoas em opera\u00e7\u00e3o contra fac\u00e7\u00e3o criminosa no RN, TO e SP - Taveira Jr","robots":{"index":"index","follow":"follow","max-snippet":"max-snippet:-1","max-image-preview":"max-image-preview:large","max-video-preview":"max-video-preview:-1"},"canonical":"https:\/\/deputadotaveirajr.com.br\/index.php\/forca-tarefa-prende-15-pessoas-em-operacao-contra-faccao-criminosa-no-rn-to-e-sp\/","og_locale":"pt_BR","og_type":"article","og_title":"For\u00e7a-Tarefa prende 15 pessoas em opera\u00e7\u00e3o contra fac\u00e7\u00e3o criminosa no RN, TO e SP - Taveira Jr","og_description":"Grupo teria movimentado R$ 3 milh\u00f5es durante investiga\u00e7\u00e3o. Opera\u00e7\u00e3o foi deflagrada nesta ter\u00e7a-feira (29) para cumprir 48 mandados de pris\u00e3o, busca e apreens\u00e3o e bloqueio de contas. Opera\u00e7\u00e3o Rust prendeu ...","og_url":"https:\/\/deputadotaveirajr.com.br\/index.php\/forca-tarefa-prende-15-pessoas-em-operacao-contra-faccao-criminosa-no-rn-to-e-sp\/","og_site_name":"Taveira Jr","og_image":[{"url":"https:\/\/s2-g1.glbimg.com\/WnrzaH013M1SZjpVy4Zk5_N3I7Y=\/i.s3.glbimg.com\/v1\/AUTH_59edd422c0c84a879bd37670ae4f538a\/internal_photos\/bs\/2025\/V\/Z\/9FDzQPTk6htmcbDIGQ4A\/operacao-rust.jpg","type":"","width":"","height":""}],"twitter_card":"summary_large_image","twitter_misc":{"Est. tempo de leitura":"3 minutos"},"schema":{"@context":"https:\/\/schema.org","@graph":[{"@type":"WebPage","@id":"https:\/\/deputadotaveirajr.com.br\/index.php\/forca-tarefa-prende-15-pessoas-em-operacao-contra-faccao-criminosa-no-rn-to-e-sp\/","url":"https:\/\/deputadotaveirajr.com.br\/index.php\/forca-tarefa-prende-15-pessoas-em-operacao-contra-faccao-criminosa-no-rn-to-e-sp\/","name":"For\u00e7a-Tarefa prende 15 pessoas em opera\u00e7\u00e3o contra fac\u00e7\u00e3o criminosa no RN, TO e SP - Taveira Jr","isPartOf":{"@id":"https:\/\/deputadotaveirajr.com.br\/#website"},"primaryImageOfPage":{"@id":"https:\/\/deputadotaveirajr.com.br\/index.php\/forca-tarefa-prende-15-pessoas-em-operacao-contra-faccao-criminosa-no-rn-to-e-sp\/#primaryimage"},"image":{"@id":"https:\/\/deputadotaveirajr.com.br\/index.php\/forca-tarefa-prende-15-pessoas-em-operacao-contra-faccao-criminosa-no-rn-to-e-sp\/#primaryimage"},"thumbnailUrl":"https:\/\/deputadotaveirajr.com.br\/wp-content\/uploads\/2025\/04\/operacao-rust-p6RsLb.jpg","datePublished":"2025-04-29T16:03:36+00:00","breadcrumb":{"@id":"https:\/\/deputadotaveirajr.com.br\/index.php\/forca-tarefa-prende-15-pessoas-em-operacao-contra-faccao-criminosa-no-rn-to-e-sp\/#breadcrumb"},"inLanguage":"pt-BR","potentialAction":[{"@type":"ReadAction","target":["https:\/\/deputadotaveirajr.com.br\/index.php\/forca-tarefa-prende-15-pessoas-em-operacao-contra-faccao-criminosa-no-rn-to-e-sp\/"]}]},{"@type":"ImageObject","inLanguage":"pt-BR","@id":"https:\/\/deputadotaveirajr.com.br\/index.php\/forca-tarefa-prende-15-pessoas-em-operacao-contra-faccao-criminosa-no-rn-to-e-sp\/#primaryimage","url":"https:\/\/deputadotaveirajr.com.br\/wp-content\/uploads\/2025\/04\/operacao-rust-p6RsLb.jpg","contentUrl":"https:\/\/deputadotaveirajr.com.br\/wp-content\/uploads\/2025\/04\/operacao-rust-p6RsLb.jpg","width":1500,"height":976},{"@type":"BreadcrumbList","@id":"https:\/\/deputadotaveirajr.com.br\/index.php\/forca-tarefa-prende-15-pessoas-em-operacao-contra-faccao-criminosa-no-rn-to-e-sp\/#breadcrumb","itemListElement":[{"@type":"ListItem","position":1,"name":"In\u00edcio","item":"https:\/\/deputadotaveirajr.com.br\/"},{"@type":"ListItem","position":2,"name":"For\u00e7a-Tarefa prende 15 pessoas em opera\u00e7\u00e3o contra fac\u00e7\u00e3o criminosa no RN, TO e SP"}]},{"@type":"WebSite","@id":"https:\/\/deputadotaveirajr.com.br\/#website","url":"https:\/\/deputadotaveirajr.com.br\/","name":"Taveira Jr","description":"Deputado Estadual","publisher":{"@id":"https:\/\/deputadotaveirajr.com.br\/#organization"},"potentialAction":[{"@type":"SearchAction","target":{"@type":"EntryPoint","urlTemplate":"https:\/\/deputadotaveirajr.com.br\/?s={search_term_string}"},"query-input":{"@type":"PropertyValueSpecification","valueRequired":true,"valueName":"search_term_string"}}],"inLanguage":"pt-BR"},{"@type":"Organization","@id":"https:\/\/deputadotaveirajr.com.br\/#organization","name":"Taveira Jr","url":"https:\/\/deputadotaveirajr.com.br\/","logo":{"@type":"ImageObject","inLanguage":"pt-BR","@id":"https:\/\/deputadotaveirajr.com.br\/#\/schema\/logo\/image\/","url":"https:\/\/deputadotaveirajr.com.br\/wp-content\/uploads\/2026\/01\/logolow2a.png","contentUrl":"https:\/\/deputadotaveirajr.com.br\/wp-content\/uploads\/2026\/01\/logolow2a.png","width":290,"height":80,"caption":"Taveira Jr"},"image":{"@id":"https:\/\/deputadotaveirajr.com.br\/#\/schema\/logo\/image\/"}}]}},"_links":{"self":[{"href":"https:\/\/deputadotaveirajr.com.br\/index.php\/wp-json\/wp\/v2\/pages\/12878","targetHints":{"allow":["GET"]}}],"collection":[{"href":"https:\/\/deputadotaveirajr.com.br\/index.php\/wp-json\/wp\/v2\/pages"}],"about":[{"href":"https:\/\/deputadotaveirajr.com.br\/index.php\/wp-json\/wp\/v2\/types\/page"}],"replies":[{"embeddable":true,"href":"https:\/\/deputadotaveirajr.com.br\/index.php\/wp-json\/wp\/v2\/comments?post=12878"}],"version-history":[{"count":0,"href":"https:\/\/deputadotaveirajr.com.br\/index.php\/wp-json\/wp\/v2\/pages\/12878\/revisions"}],"wp:featuredmedia":[{"embeddable":true,"href":"https:\/\/deputadotaveirajr.com.br\/index.php\/wp-json\/wp\/v2\/media\/12879"}],"wp:attachment":[{"href":"https:\/\/deputadotaveirajr.com.br\/index.php\/wp-json\/wp\/v2\/media?parent=12878"}],"curies":[{"name":"wp","href":"https:\/\/api.w.org\/{rel}","templated":true}]}}