{"id":12886,"date":"2025-04-30T10:35:59","date_gmt":"2025-04-30T13:35:59","guid":{"rendered":"https:\/\/deputadotaveirajr.com.br\/?page_id=12886"},"modified":"2026-03-09T23:15:21","modified_gmt":"2026-03-10T02:15:21","slug":"revista","status":"publish","type":"page","link":"https:\/\/deputadotaveirajr.com.br\/index.php\/revista\/","title":{"rendered":"Revista"},"content":{"rendered":"\n<p class=\"has-text-align-left has-medium-font-size\"><strong>Revista Digital do Mandato \u2013 Informa\u00e7\u00e3o, Transpar\u00eancia e Presta\u00e7\u00e3o de Contas todo m\u00eas.<\/strong> <strong>Acompanhe a atua\u00e7\u00e3o parlamentar de forma interativa e acess\u00edvel!<\/strong><br>Todo m\u00eas, uma nova edi\u00e7\u00e3o com reportagens especiais, destaques das a\u00e7\u00f5es no plen\u00e1rio e nas comunidades, entrevistas, presta\u00e7\u00e3o de contas e muito mais. Fique por dentro das pautas que movem o nosso mandato e transformam a realidade do povo.<\/p>\n\n\n\n<ul class=\"wp-block-list\">\n<li class=\"has-medium-font-size\"><a href=\"https:\/\/deputadotaveirajr.com.br\/wp-content\/uploads\/2026\/02\/RDTAVJR-edicaoespecial.pdf\" target=\"_blank\" rel=\"noreferrer noopener\">Edi\u00e7\u00e3o Especial \u2013 Retrospectiva 2025<\/a><\/li>\n\n\n\n<li class=\"has-medium-font-size\"><a href=\"https:\/\/deputadotaveirajr.com.br\/wp-content\/uploads\/2025\/11\/RDtaveirajr-edicao008-novembro2025.pdf\" target=\"_blank\" rel=\"noreferrer noopener\">Edi\u00e7\u00e3o n\u00ba 008 \u2013 Novembro 2025<\/a><\/li>\n\n\n\n<li class=\"has-medium-font-size\"><a href=\"https:\/\/deputadotaveirajr.com.br\/wp-content\/uploads\/2025\/10\/RDtaveirajr-edicao007-outubro2025.pdf\" target=\"_blank\" rel=\"noreferrer noopener\">Edi\u00e7\u00e3o n\u00ba 007 \u2013 Outubro 2025<\/a><\/li>\n\n\n\n<li class=\"has-medium-font-size\"><a href=\"https:\/\/deputadotaveirajr.com.br\/wp-content\/uploads\/2025\/10\/RDtaveirajr-edicao006-setembro2025.pdf\" target=\"_blank\" rel=\"noreferrer noopener\">Edi\u00e7\u00e3o n\u00ba 006 \u2013 Setembro 2025<\/a><\/li>\n\n\n\n<li class=\"has-medium-font-size\"><a href=\"https:\/\/deputadotaveirajr.com.br\/wp-content\/uploads\/2025\/09\/RDtaveirajr-edicao005-agosto2025.pdf\" target=\"_blank\" rel=\"noreferrer noopener\">Edi\u00e7\u00e3o n\u00ba 005 \u2013 Agosto 2025<\/a><\/li>\n\n\n\n<li class=\"has-medium-font-size\"><a href=\"https:\/\/deputadotaveirajr.com.br\/wp-content\/uploads\/2025\/08\/RDtaveirajr-edicao004-julho2025.pdf\" target=\"_blank\" rel=\"noreferrer noopener\">Edi\u00e7\u00e3o n\u00ba 004 \u2013 Julho 2025<\/a><\/li>\n\n\n\n<li class=\"has-medium-font-size\"><a href=\"https:\/\/deputadotaveirajr.com.br\/wp-content\/uploads\/2025\/06\/RDtaveirajr-edicao003-junho2025.pdf\" target=\"_blank\" rel=\"noreferrer noopener\">Edi\u00e7\u00e3o n\u00ba 003 \u2013 Junho 2025<\/a><\/li>\n\n\n\n<li class=\"has-medium-font-size\"><a href=\"https:\/\/deputadotaveirajr.com.br\/wp-content\/uploads\/2025\/05\/RDtaveirajr-edicao002-maio2025.pdf\" target=\"_blank\" rel=\"noreferrer noopener\">Edi\u00e7\u00e3o n\u00ba 002 \u2013 Maio 2025<\/a><\/li>\n\n\n\n<li class=\"has-medium-font-size\"><a href=\"https:\/\/deputadotaveirajr.com.br\/wp-content\/uploads\/2025\/04\/RDtaveirajr-edicao001-abril2025.pdf\" target=\"_blank\" rel=\"noreferrer noopener\">Edi\u00e7\u00e3o n\u00ba 001 \u2013 Abril 2025<\/a><\/li>\n<\/ul>\n\n\n\n<div style=\"height:200px\" aria-hidden=\"true\" class=\"wp-block-spacer\"><\/div>\n","protected":false},"excerpt":{"rendered":"<p>Revista Digital do Mandato \u2013 Informa\u00e7\u00e3o, Transpar\u00eancia e Presta\u00e7\u00e3o de Contas todo m\u00eas. Acompanhe a atua\u00e7\u00e3o parlamentar de forma interativa e acess\u00edvel!Todo m\u00eas, uma nova edi\u00e7\u00e3o com reportagens especiais, destaques &#8230;<\/p>\n","protected":false},"author":1,"featured_media":0,"parent":0,"menu_order":0,"comment_status":"closed","ping_status":"closed","template":"","meta":{"footnotes":""},"class_list":["post-12886","page","type-page","status-publish","hentry"],"yoast_head":"<!-- This site is optimized with the Yoast SEO plugin v27.1.1 - https:\/\/yoast.com\/product\/yoast-seo-wordpress\/ -->\n<title>Revista - Taveira Jr<\/title>\n<meta name=\"robots\" content=\"index, follow, max-snippet:-1, max-image-preview:large, max-video-preview:-1\" \/>\n<link rel=\"canonical\" href=\"https:\/\/deputadotaveirajr.com.br\/index.php\/revista\/\" \/>\n<meta property=\"og:locale\" content=\"pt_BR\" \/>\n<meta property=\"og:type\" content=\"article\" \/>\n<meta property=\"og:title\" content=\"Revista - Taveira Jr\" \/>\n<meta property=\"og:description\" content=\"Revista Digital do Mandato \u2013 Informa\u00e7\u00e3o, Transpar\u00eancia e Presta\u00e7\u00e3o de Contas todo m\u00eas. Acompanhe a atua\u00e7\u00e3o parlamentar de forma interativa e acess\u00edvel!Todo m\u00eas, uma nova edi\u00e7\u00e3o com reportagens especiais, destaques ...\" \/>\n<meta property=\"og:url\" content=\"https:\/\/deputadotaveirajr.com.br\/index.php\/revista\/\" \/>\n<meta property=\"og:site_name\" content=\"Taveira Jr\" \/>\n<meta property=\"article:modified_time\" content=\"2026-03-10T02:15:21+00:00\" \/>\n<meta name=\"twitter:card\" content=\"summary_large_image\" \/>\n<meta name=\"twitter:label1\" content=\"Est. tempo de leitura\" \/>\n\t<meta name=\"twitter:data1\" content=\"1 minuto\" \/>\n<script type=\"application\/ld+json\" class=\"yoast-schema-graph\">{\"@context\":\"https:\/\/schema.org\",\"@graph\":[{\"@type\":\"WebPage\",\"@id\":\"https:\/\/deputadotaveirajr.com.br\/index.php\/revista\/\",\"url\":\"https:\/\/deputadotaveirajr.com.br\/index.php\/revista\/\",\"name\":\"Revista - Taveira Jr\",\"isPartOf\":{\"@id\":\"https:\/\/deputadotaveirajr.com.br\/#website\"},\"datePublished\":\"2025-04-30T13:35:59+00:00\",\"dateModified\":\"2026-03-10T02:15:21+00:00\",\"breadcrumb\":{\"@id\":\"https:\/\/deputadotaveirajr.com.br\/index.php\/revista\/#breadcrumb\"},\"inLanguage\":\"pt-BR\",\"potentialAction\":[{\"@type\":\"ReadAction\",\"target\":[\"https:\/\/deputadotaveirajr.com.br\/index.php\/revista\/\"]}]},{\"@type\":\"BreadcrumbList\",\"@id\":\"https:\/\/deputadotaveirajr.com.br\/index.php\/revista\/#breadcrumb\",\"itemListElement\":[{\"@type\":\"ListItem\",\"position\":1,\"name\":\"In\u00edcio\",\"item\":\"https:\/\/deputadotaveirajr.com.br\/\"},{\"@type\":\"ListItem\",\"position\":2,\"name\":\"Revista\"}]},{\"@type\":\"WebSite\",\"@id\":\"https:\/\/deputadotaveirajr.com.br\/#website\",\"url\":\"https:\/\/deputadotaveirajr.com.br\/\",\"name\":\"Taveira Jr\",\"description\":\"Deputado Estadual\",\"publisher\":{\"@id\":\"https:\/\/deputadotaveirajr.com.br\/#organization\"},\"potentialAction\":[{\"@type\":\"SearchAction\",\"target\":{\"@type\":\"EntryPoint\",\"urlTemplate\":\"https:\/\/deputadotaveirajr.com.br\/?s={search_term_string}\"},\"query-input\":{\"@type\":\"PropertyValueSpecification\",\"valueRequired\":true,\"valueName\":\"search_term_string\"}}],\"inLanguage\":\"pt-BR\"},{\"@type\":\"Organization\",\"@id\":\"https:\/\/deputadotaveirajr.com.br\/#organization\",\"name\":\"Taveira Jr\",\"url\":\"https:\/\/deputadotaveirajr.com.br\/\",\"logo\":{\"@type\":\"ImageObject\",\"inLanguage\":\"pt-BR\",\"@id\":\"https:\/\/deputadotaveirajr.com.br\/#\/schema\/logo\/image\/\",\"url\":\"https:\/\/deputadotaveirajr.com.br\/wp-content\/uploads\/2026\/01\/logolow2a.png\",\"contentUrl\":\"https:\/\/deputadotaveirajr.com.br\/wp-content\/uploads\/2026\/01\/logolow2a.png\",\"width\":290,\"height\":80,\"caption\":\"Taveira Jr\"},\"image\":{\"@id\":\"https:\/\/deputadotaveirajr.com.br\/#\/schema\/logo\/image\/\"}}]}<\/script>\n<!-- \/ Yoast SEO plugin. -->","yoast_head_json":{"title":"Revista - Taveira Jr","robots":{"index":"index","follow":"follow","max-snippet":"max-snippet:-1","max-image-preview":"max-image-preview:large","max-video-preview":"max-video-preview:-1"},"canonical":"https:\/\/deputadotaveirajr.com.br\/index.php\/revista\/","og_locale":"pt_BR","og_type":"article","og_title":"Revista - Taveira Jr","og_description":"Revista Digital do Mandato \u2013 Informa\u00e7\u00e3o, Transpar\u00eancia e Presta\u00e7\u00e3o de Contas todo m\u00eas. Acompanhe a atua\u00e7\u00e3o parlamentar de forma interativa e acess\u00edvel!Todo m\u00eas, uma nova edi\u00e7\u00e3o com reportagens especiais, destaques ...","og_url":"https:\/\/deputadotaveirajr.com.br\/index.php\/revista\/","og_site_name":"Taveira Jr","article_modified_time":"2026-03-10T02:15:21+00:00","twitter_card":"summary_large_image","twitter_misc":{"Est. tempo de leitura":"1 minuto"},"schema":{"@context":"https:\/\/schema.org","@graph":[{"@type":"WebPage","@id":"https:\/\/deputadotaveirajr.com.br\/index.php\/revista\/","url":"https:\/\/deputadotaveirajr.com.br\/index.php\/revista\/","name":"Revista - Taveira Jr","isPartOf":{"@id":"https:\/\/deputadotaveirajr.com.br\/#website"},"datePublished":"2025-04-30T13:35:59+00:00","dateModified":"2026-03-10T02:15:21+00:00","breadcrumb":{"@id":"https:\/\/deputadotaveirajr.com.br\/index.php\/revista\/#breadcrumb"},"inLanguage":"pt-BR","potentialAction":[{"@type":"ReadAction","target":["https:\/\/deputadotaveirajr.com.br\/index.php\/revista\/"]}]},{"@type":"BreadcrumbList","@id":"https:\/\/deputadotaveirajr.com.br\/index.php\/revista\/#breadcrumb","itemListElement":[{"@type":"ListItem","position":1,"name":"In\u00edcio","item":"https:\/\/deputadotaveirajr.com.br\/"},{"@type":"ListItem","position":2,"name":"Revista"}]},{"@type":"WebSite","@id":"https:\/\/deputadotaveirajr.com.br\/#website","url":"https:\/\/deputadotaveirajr.com.br\/","name":"Taveira Jr","description":"Deputado Estadual","publisher":{"@id":"https:\/\/deputadotaveirajr.com.br\/#organization"},"potentialAction":[{"@type":"SearchAction","target":{"@type":"EntryPoint","urlTemplate":"https:\/\/deputadotaveirajr.com.br\/?s={search_term_string}"},"query-input":{"@type":"PropertyValueSpecification","valueRequired":true,"valueName":"search_term_string"}}],"inLanguage":"pt-BR"},{"@type":"Organization","@id":"https:\/\/deputadotaveirajr.com.br\/#organization","name":"Taveira Jr","url":"https:\/\/deputadotaveirajr.com.br\/","logo":{"@type":"ImageObject","inLanguage":"pt-BR","@id":"https:\/\/deputadotaveirajr.com.br\/#\/schema\/logo\/image\/","url":"https:\/\/deputadotaveirajr.com.br\/wp-content\/uploads\/2026\/01\/logolow2a.png","contentUrl":"https:\/\/deputadotaveirajr.com.br\/wp-content\/uploads\/2026\/01\/logolow2a.png","width":290,"height":80,"caption":"Taveira Jr"},"image":{"@id":"https:\/\/deputadotaveirajr.com.br\/#\/schema\/logo\/image\/"}}]}},"_links":{"self":[{"href":"https:\/\/deputadotaveirajr.com.br\/index.php\/wp-json\/wp\/v2\/pages\/12886","targetHints":{"allow":["GET"]}}],"collection":[{"href":"https:\/\/deputadotaveirajr.com.br\/index.php\/wp-json\/wp\/v2\/pages"}],"about":[{"href":"https:\/\/deputadotaveirajr.com.br\/index.php\/wp-json\/wp\/v2\/types\/page"}],"author":[{"embeddable":true,"href":"https:\/\/deputadotaveirajr.com.br\/index.php\/wp-json\/wp\/v2\/users\/1"}],"replies":[{"embeddable":true,"href":"https:\/\/deputadotaveirajr.com.br\/index.php\/wp-json\/wp\/v2\/comments?post=12886"}],"version-history":[{"count":26,"href":"https:\/\/deputadotaveirajr.com.br\/index.php\/wp-json\/wp\/v2\/pages\/12886\/revisions"}],"predecessor-version":[{"id":15677,"href":"https:\/\/deputadotaveirajr.com.br\/index.php\/wp-json\/wp\/v2\/pages\/12886\/revisions\/15677"}],"wp:attachment":[{"href":"https:\/\/deputadotaveirajr.com.br\/index.php\/wp-json\/wp\/v2\/media?parent=12886"}],"curies":[{"name":"wp","href":"https:\/\/api.w.org\/{rel}","templated":true}]}}