{"id":12910,"date":"2025-05-02T10:26:09","date_gmt":"2025-05-02T13:26:09","guid":{"rendered":"https:\/\/deputadotaveirajr.com.br\/index.php\/mulher-e-morta-dentro-de-casa-na-grande-natal-genro-e-preso\/"},"modified":"2025-05-02T10:26:09","modified_gmt":"2025-05-02T13:26:09","slug":"mulher-e-morta-dentro-de-casa-na-grande-natal-genro-e-preso","status":"publish","type":"page","link":"https:\/\/deputadotaveirajr.com.br\/index.php\/mulher-e-morta-dentro-de-casa-na-grande-natal-genro-e-preso\/","title":{"rendered":"Mulher \u00e9 morta dentro de casa na Grande Natal; genro \u00e9 preso"},"content":{"rendered":"<p><img decoding=\"async\" src=\"https:\/\/s2-g1.glbimg.com\/Io0PaHxVcJSHk4VBQPmAujewbGA=\/i.s3.glbimg.com\/v1\/AUTH_59edd422c0c84a879bd37670ae4f538a\/internal_photos\/bs\/2025\/s\/3\/9kSphGRby6X905wMwNuA\/dhpp.jpeg\" \/><br \/>     Crime aconteceu na madrugada desta sexta-feira (2) em S\u00e3o Gon\u00e7alo do Amarante, segundo a Pol\u00edcia Militar. Divis\u00e3o de Homic\u00eddios e Prote\u00e7\u00e3o \u00e0 Pessoa (DHPP)<br \/>\nSergio Henrique Santos\/Inter TV Cabugi<br \/>\nUma mulher foi morta dentro de casa, em S\u00e3o Gon\u00e7alo do Amarante, na Grande Natal, durante a madrugada desta sexta-feira (2). Segundo a Pol\u00edcia Civil, o genro da v\u00edtima foi preso em flagrante, suspeito do crime.<br \/>\n\ud83d\udcf3Participe do canal do g1 RN no WhatsApp<br \/>\nA v\u00edtima foi identificada como Lidiane Maria Nascimento de Oliveira, de 50 anos. O corpo dela foi encontrado no quarto com les\u00f5es na cabe\u00e7a e hematomas nos l\u00e1bios, segundo levantamento inicial da per\u00edcia.<br \/>\nO caso aconteceu em um condom\u00ednio no bairro Santo Ant\u00f4nio por volta das 2h da madrugada.  Inicialmente, o suspeito relatou \u00e0 Pol\u00edcia Militar que dois homens teriam invadido o im\u00f3vel e que ele tentou persegui-los.<br \/>\nNo entanto, a pol\u00edcia informou que a vers\u00e3o apresentada pelo homem entrou em contradi\u00e7\u00e3o com os depoimentos colhidos no local.<br \/>\nDe acordo com a equipe plantonista da Divis\u00e3o de Homic\u00eddios e Prote\u00e7\u00e3o \u00e0 Pessoa (DHPP), as investiga\u00e7\u00f5es preliminares apontaram que n\u00e3o houve invas\u00e3o ao im\u00f3vel. Testemunhas afirmaram que apenas o suspeito foi visto entrando e saindo do apartamento.<br \/>\nAl\u00e9m disso, a filha da v\u00edtima \u2013 companheira do suspeito \u2013 declarou que eles n\u00e3o estavam juntos no momento do crime, como o homem havia afirmado. Ela relatou que encontrou o homem no corredor, e ele disse que a m\u00e3e dela tinha sido assassinada.<br \/>\nDiante das contradi\u00e7\u00f5es e dos elementos colhidos no local, os policiais civis deram voz de pris\u00e3o ao suspeito por feminic\u00eddio, cometido com uso de for\u00e7a f\u00edsica.<br \/>\nEle foi conduzido \u00e0 Delegacia de Plant\u00e3o da Zona Norte de Natal.<br \/>\nDisque 180 registra mais de mil e quinhentas den\u00fancias de viol\u00eancia contra mulher no RN<br \/>\nVeja os v\u00eddeos mais assistidos no g1 RN<\/p>","protected":false},"excerpt":{"rendered":"<p>Crime aconteceu na madrugada desta sexta-feira (2) em S\u00e3o Gon\u00e7alo do Amarante, segundo a Pol\u00edcia Militar. Divis\u00e3o de Homic\u00eddios e Prote\u00e7\u00e3o \u00e0 Pessoa (DHPP) Sergio Henrique Santos\/Inter TV Cabugi Uma &#8230;<\/p>\n","protected":false},"author":0,"featured_media":12911,"parent":0,"menu_order":0,"comment_status":"closed","ping_status":"closed","template":"","meta":{"footnotes":""},"class_list":["post-12910","page","type-page","status-publish","has-post-thumbnail","hentry"],"yoast_head":"<!-- This site is optimized with the Yoast SEO plugin v27.1.1 - https:\/\/yoast.com\/product\/yoast-seo-wordpress\/ -->\n<title>Mulher \u00e9 morta dentro de casa na Grande Natal; genro \u00e9 preso - Taveira Jr<\/title>\n<meta name=\"robots\" content=\"index, follow, max-snippet:-1, max-image-preview:large, max-video-preview:-1\" \/>\n<link rel=\"canonical\" href=\"https:\/\/deputadotaveirajr.com.br\/index.php\/mulher-e-morta-dentro-de-casa-na-grande-natal-genro-e-preso\/\" \/>\n<meta property=\"og:locale\" content=\"pt_BR\" \/>\n<meta property=\"og:type\" content=\"article\" \/>\n<meta property=\"og:title\" content=\"Mulher \u00e9 morta dentro de casa na Grande Natal; genro \u00e9 preso - Taveira Jr\" \/>\n<meta property=\"og:description\" content=\"Crime aconteceu na madrugada desta sexta-feira (2) em S\u00e3o Gon\u00e7alo do Amarante, segundo a Pol\u00edcia Militar. Divis\u00e3o de Homic\u00eddios e Prote\u00e7\u00e3o \u00e0 Pessoa (DHPP) Sergio Henrique Santos\/Inter TV Cabugi Uma ...\" \/>\n<meta property=\"og:url\" content=\"https:\/\/deputadotaveirajr.com.br\/index.php\/mulher-e-morta-dentro-de-casa-na-grande-natal-genro-e-preso\/\" \/>\n<meta property=\"og:site_name\" content=\"Taveira Jr\" \/>\n<meta property=\"og:image\" content=\"https:\/\/s2-g1.glbimg.com\/Io0PaHxVcJSHk4VBQPmAujewbGA=\/i.s3.glbimg.com\/v1\/AUTH_59edd422c0c84a879bd37670ae4f538a\/internal_photos\/bs\/2025\/s\/3\/9kSphGRby6X905wMwNuA\/dhpp.jpeg\" \/>\n<meta name=\"twitter:card\" content=\"summary_large_image\" \/>\n<meta name=\"twitter:label1\" content=\"Est. tempo de leitura\" \/>\n\t<meta name=\"twitter:data1\" content=\"2 minutos\" \/>\n<script type=\"application\/ld+json\" class=\"yoast-schema-graph\">{\"@context\":\"https:\/\/schema.org\",\"@graph\":[{\"@type\":\"WebPage\",\"@id\":\"https:\/\/deputadotaveirajr.com.br\/index.php\/mulher-e-morta-dentro-de-casa-na-grande-natal-genro-e-preso\/\",\"url\":\"https:\/\/deputadotaveirajr.com.br\/index.php\/mulher-e-morta-dentro-de-casa-na-grande-natal-genro-e-preso\/\",\"name\":\"Mulher \u00e9 morta dentro de casa na Grande Natal; genro \u00e9 preso - Taveira Jr\",\"isPartOf\":{\"@id\":\"https:\/\/deputadotaveirajr.com.br\/#website\"},\"primaryImageOfPage\":{\"@id\":\"https:\/\/deputadotaveirajr.com.br\/index.php\/mulher-e-morta-dentro-de-casa-na-grande-natal-genro-e-preso\/#primaryimage\"},\"image\":{\"@id\":\"https:\/\/deputadotaveirajr.com.br\/index.php\/mulher-e-morta-dentro-de-casa-na-grande-natal-genro-e-preso\/#primaryimage\"},\"thumbnailUrl\":\"https:\/\/deputadotaveirajr.com.br\/wp-content\/uploads\/2025\/05\/dhpp-FZND9t-scaled.jpg\",\"datePublished\":\"2025-05-02T13:26:09+00:00\",\"breadcrumb\":{\"@id\":\"https:\/\/deputadotaveirajr.com.br\/index.php\/mulher-e-morta-dentro-de-casa-na-grande-natal-genro-e-preso\/#breadcrumb\"},\"inLanguage\":\"pt-BR\",\"potentialAction\":[{\"@type\":\"ReadAction\",\"target\":[\"https:\/\/deputadotaveirajr.com.br\/index.php\/mulher-e-morta-dentro-de-casa-na-grande-natal-genro-e-preso\/\"]}]},{\"@type\":\"ImageObject\",\"inLanguage\":\"pt-BR\",\"@id\":\"https:\/\/deputadotaveirajr.com.br\/index.php\/mulher-e-morta-dentro-de-casa-na-grande-natal-genro-e-preso\/#primaryimage\",\"url\":\"https:\/\/deputadotaveirajr.com.br\/wp-content\/uploads\/2025\/05\/dhpp-FZND9t-scaled.jpg\",\"contentUrl\":\"https:\/\/deputadotaveirajr.com.br\/wp-content\/uploads\/2025\/05\/dhpp-FZND9t-scaled.jpg\",\"width\":2560,\"height\":1920},{\"@type\":\"BreadcrumbList\",\"@id\":\"https:\/\/deputadotaveirajr.com.br\/index.php\/mulher-e-morta-dentro-de-casa-na-grande-natal-genro-e-preso\/#breadcrumb\",\"itemListElement\":[{\"@type\":\"ListItem\",\"position\":1,\"name\":\"In\u00edcio\",\"item\":\"https:\/\/deputadotaveirajr.com.br\/\"},{\"@type\":\"ListItem\",\"position\":2,\"name\":\"Mulher \u00e9 morta dentro de casa na Grande Natal; genro \u00e9 preso\"}]},{\"@type\":\"WebSite\",\"@id\":\"https:\/\/deputadotaveirajr.com.br\/#website\",\"url\":\"https:\/\/deputadotaveirajr.com.br\/\",\"name\":\"Taveira Jr\",\"description\":\"Deputado Estadual\",\"publisher\":{\"@id\":\"https:\/\/deputadotaveirajr.com.br\/#organization\"},\"potentialAction\":[{\"@type\":\"SearchAction\",\"target\":{\"@type\":\"EntryPoint\",\"urlTemplate\":\"https:\/\/deputadotaveirajr.com.br\/?s={search_term_string}\"},\"query-input\":{\"@type\":\"PropertyValueSpecification\",\"valueRequired\":true,\"valueName\":\"search_term_string\"}}],\"inLanguage\":\"pt-BR\"},{\"@type\":\"Organization\",\"@id\":\"https:\/\/deputadotaveirajr.com.br\/#organization\",\"name\":\"Taveira Jr\",\"url\":\"https:\/\/deputadotaveirajr.com.br\/\",\"logo\":{\"@type\":\"ImageObject\",\"inLanguage\":\"pt-BR\",\"@id\":\"https:\/\/deputadotaveirajr.com.br\/#\/schema\/logo\/image\/\",\"url\":\"https:\/\/deputadotaveirajr.com.br\/wp-content\/uploads\/2026\/01\/logolow2a.png\",\"contentUrl\":\"https:\/\/deputadotaveirajr.com.br\/wp-content\/uploads\/2026\/01\/logolow2a.png\",\"width\":290,\"height\":80,\"caption\":\"Taveira Jr\"},\"image\":{\"@id\":\"https:\/\/deputadotaveirajr.com.br\/#\/schema\/logo\/image\/\"}}]}<\/script>\n<!-- \/ Yoast SEO plugin. -->","yoast_head_json":{"title":"Mulher \u00e9 morta dentro de casa na Grande Natal; genro \u00e9 preso - Taveira Jr","robots":{"index":"index","follow":"follow","max-snippet":"max-snippet:-1","max-image-preview":"max-image-preview:large","max-video-preview":"max-video-preview:-1"},"canonical":"https:\/\/deputadotaveirajr.com.br\/index.php\/mulher-e-morta-dentro-de-casa-na-grande-natal-genro-e-preso\/","og_locale":"pt_BR","og_type":"article","og_title":"Mulher \u00e9 morta dentro de casa na Grande Natal; genro \u00e9 preso - Taveira Jr","og_description":"Crime aconteceu na madrugada desta sexta-feira (2) em S\u00e3o Gon\u00e7alo do Amarante, segundo a Pol\u00edcia Militar. Divis\u00e3o de Homic\u00eddios e Prote\u00e7\u00e3o \u00e0 Pessoa (DHPP) Sergio Henrique Santos\/Inter TV Cabugi Uma ...","og_url":"https:\/\/deputadotaveirajr.com.br\/index.php\/mulher-e-morta-dentro-de-casa-na-grande-natal-genro-e-preso\/","og_site_name":"Taveira Jr","og_image":[{"url":"https:\/\/s2-g1.glbimg.com\/Io0PaHxVcJSHk4VBQPmAujewbGA=\/i.s3.glbimg.com\/v1\/AUTH_59edd422c0c84a879bd37670ae4f538a\/internal_photos\/bs\/2025\/s\/3\/9kSphGRby6X905wMwNuA\/dhpp.jpeg","type":"","width":"","height":""}],"twitter_card":"summary_large_image","twitter_misc":{"Est. tempo de leitura":"2 minutos"},"schema":{"@context":"https:\/\/schema.org","@graph":[{"@type":"WebPage","@id":"https:\/\/deputadotaveirajr.com.br\/index.php\/mulher-e-morta-dentro-de-casa-na-grande-natal-genro-e-preso\/","url":"https:\/\/deputadotaveirajr.com.br\/index.php\/mulher-e-morta-dentro-de-casa-na-grande-natal-genro-e-preso\/","name":"Mulher \u00e9 morta dentro de casa na Grande Natal; genro \u00e9 preso - Taveira Jr","isPartOf":{"@id":"https:\/\/deputadotaveirajr.com.br\/#website"},"primaryImageOfPage":{"@id":"https:\/\/deputadotaveirajr.com.br\/index.php\/mulher-e-morta-dentro-de-casa-na-grande-natal-genro-e-preso\/#primaryimage"},"image":{"@id":"https:\/\/deputadotaveirajr.com.br\/index.php\/mulher-e-morta-dentro-de-casa-na-grande-natal-genro-e-preso\/#primaryimage"},"thumbnailUrl":"https:\/\/deputadotaveirajr.com.br\/wp-content\/uploads\/2025\/05\/dhpp-FZND9t-scaled.jpg","datePublished":"2025-05-02T13:26:09+00:00","breadcrumb":{"@id":"https:\/\/deputadotaveirajr.com.br\/index.php\/mulher-e-morta-dentro-de-casa-na-grande-natal-genro-e-preso\/#breadcrumb"},"inLanguage":"pt-BR","potentialAction":[{"@type":"ReadAction","target":["https:\/\/deputadotaveirajr.com.br\/index.php\/mulher-e-morta-dentro-de-casa-na-grande-natal-genro-e-preso\/"]}]},{"@type":"ImageObject","inLanguage":"pt-BR","@id":"https:\/\/deputadotaveirajr.com.br\/index.php\/mulher-e-morta-dentro-de-casa-na-grande-natal-genro-e-preso\/#primaryimage","url":"https:\/\/deputadotaveirajr.com.br\/wp-content\/uploads\/2025\/05\/dhpp-FZND9t-scaled.jpg","contentUrl":"https:\/\/deputadotaveirajr.com.br\/wp-content\/uploads\/2025\/05\/dhpp-FZND9t-scaled.jpg","width":2560,"height":1920},{"@type":"BreadcrumbList","@id":"https:\/\/deputadotaveirajr.com.br\/index.php\/mulher-e-morta-dentro-de-casa-na-grande-natal-genro-e-preso\/#breadcrumb","itemListElement":[{"@type":"ListItem","position":1,"name":"In\u00edcio","item":"https:\/\/deputadotaveirajr.com.br\/"},{"@type":"ListItem","position":2,"name":"Mulher \u00e9 morta dentro de casa na Grande Natal; genro \u00e9 preso"}]},{"@type":"WebSite","@id":"https:\/\/deputadotaveirajr.com.br\/#website","url":"https:\/\/deputadotaveirajr.com.br\/","name":"Taveira Jr","description":"Deputado Estadual","publisher":{"@id":"https:\/\/deputadotaveirajr.com.br\/#organization"},"potentialAction":[{"@type":"SearchAction","target":{"@type":"EntryPoint","urlTemplate":"https:\/\/deputadotaveirajr.com.br\/?s={search_term_string}"},"query-input":{"@type":"PropertyValueSpecification","valueRequired":true,"valueName":"search_term_string"}}],"inLanguage":"pt-BR"},{"@type":"Organization","@id":"https:\/\/deputadotaveirajr.com.br\/#organization","name":"Taveira Jr","url":"https:\/\/deputadotaveirajr.com.br\/","logo":{"@type":"ImageObject","inLanguage":"pt-BR","@id":"https:\/\/deputadotaveirajr.com.br\/#\/schema\/logo\/image\/","url":"https:\/\/deputadotaveirajr.com.br\/wp-content\/uploads\/2026\/01\/logolow2a.png","contentUrl":"https:\/\/deputadotaveirajr.com.br\/wp-content\/uploads\/2026\/01\/logolow2a.png","width":290,"height":80,"caption":"Taveira Jr"},"image":{"@id":"https:\/\/deputadotaveirajr.com.br\/#\/schema\/logo\/image\/"}}]}},"_links":{"self":[{"href":"https:\/\/deputadotaveirajr.com.br\/index.php\/wp-json\/wp\/v2\/pages\/12910","targetHints":{"allow":["GET"]}}],"collection":[{"href":"https:\/\/deputadotaveirajr.com.br\/index.php\/wp-json\/wp\/v2\/pages"}],"about":[{"href":"https:\/\/deputadotaveirajr.com.br\/index.php\/wp-json\/wp\/v2\/types\/page"}],"replies":[{"embeddable":true,"href":"https:\/\/deputadotaveirajr.com.br\/index.php\/wp-json\/wp\/v2\/comments?post=12910"}],"version-history":[{"count":0,"href":"https:\/\/deputadotaveirajr.com.br\/index.php\/wp-json\/wp\/v2\/pages\/12910\/revisions"}],"wp:featuredmedia":[{"embeddable":true,"href":"https:\/\/deputadotaveirajr.com.br\/index.php\/wp-json\/wp\/v2\/media\/12911"}],"wp:attachment":[{"href":"https:\/\/deputadotaveirajr.com.br\/index.php\/wp-json\/wp\/v2\/media?parent=12910"}],"curies":[{"name":"wp","href":"https:\/\/api.w.org\/{rel}","templated":true}]}}