{"id":12914,"date":"2025-05-01T20:01:42","date_gmt":"2025-05-01T23:01:42","guid":{"rendered":"https:\/\/deputadotaveirajr.com.br\/index.php\/video-mostra-momento-em-que-administradora-morta-em-comunidade-em-natal-e-atingida-por-tiro\/"},"modified":"2025-05-01T20:01:42","modified_gmt":"2025-05-01T23:01:42","slug":"video-mostra-momento-em-que-administradora-morta-em-comunidade-em-natal-e-atingida-por-tiro","status":"publish","type":"page","link":"https:\/\/deputadotaveirajr.com.br\/index.php\/video-mostra-momento-em-que-administradora-morta-em-comunidade-em-natal-e-atingida-por-tiro\/","title":{"rendered":"V\u00eddeo mostra momento em que administradora morta em comunidade em Natal \u00e9 atingida por tiro"},"content":{"rendered":"<p><img decoding=\"async\" src=\"https:\/\/s2-g1.glbimg.com\/2V53i0Oy6yRVyAmz-hSn5D9kBJc=\/i.s3.glbimg.com\/v1\/AUTH_59edd422c0c84a879bd37670ae4f538a\/internal_photos\/bs\/2025\/Y\/7\/DIkZGVSout9FiS8AKFIA\/whatsapp-image-2025-05-01-at-15.31.20.jpeg\" \/><br \/>     B\u00e1rbara Nascimento foi morta no dia 12 de abril na frente de casa, no Passo da P\u00e1tria. Um policial militar foi preso temporariamente suspeito de ser autor do disparo. Novas imagens mostram momento em que administradora \u00e9 atingida por tiro em Natal<br \/>\nNovas imagens obtidas pela Inter TV Cabugi nesta quinta-feira (1\u00ba) mostram o momento em que a administradora B\u00e1rbara Kelly, de 34 anos, morta durante uma opera\u00e7\u00e3o policial na comunidade Passo da P\u00e1tria, na Zona Leste de Natal, foi atingida por um tiro de fuzil. (Veja reportagem acima).<br \/>\nUm policial militar foi preso temporariamente nesta quarta-feira (30) pela morte da administradora. Segundo as investiga\u00e7\u00f5es da Divis\u00e3o de Homic\u00eddios e Prote\u00e7\u00e3o \u00e0 Pessoa (DHPP), o PM detido foi quem disparou um tiro que atingiu a v\u00edtima. A investiga\u00e7\u00e3o apontou ainda que n\u00e3o houve confronto com criminosos.<br \/>\n\ud83d\udcf3Participe do canal do g1 RN no WhatsApp<br \/>\nB\u00e1rbara Kelly foi morta no in\u00edcio da noite do dia 12 de abril durante uma opera\u00e7\u00e3o da Pol\u00edcia Militar na comunidade.<br \/>\nNas imagens, a administradora de empresas aparece sentada na frente de casa, ao lado de outras pessoas, quando foi atingida pelo disparo. As imagens mostram ainda a rua com crian\u00e7as brincando.<br \/>\nAs imagens obtidas pela Inter TV Cabugi mostram:<br \/>\n\u00c0s 18h39: Tr\u00eas homens passam correndo pela rua onde B\u00e1rbara morava. A investiga\u00e7\u00e3o aponta que eles estavam fugindo da abordagem policial. No mapa, que consta na investiga\u00e7\u00e3o, a pol\u00edcia identificou que eles correram na Rua Joaquim Alves em dire\u00e7\u00e3o \u00e0 Travessa Xanana.<br \/>\n\u00c0s 18h39: Poucos segundos depois da passagem dos homens correndo, a imagem mostra B\u00e1rbara Kelly atingida pelo tiro de fuzil. Poucos segundos depois, B\u00e1rbara cai na porta de casa. O tiro entrou pelo bra\u00e7o, atingiu o pulm\u00e3o e saiu pelas costas.<br \/>\n\u00c0s 18h45: \u00c9 poss\u00edvel ver o momento em que os policiais conduzem um homem preso, um dos 3 que havia corrido poucos minutos antes no sentido oposto. O preso tem 23 anos e usa tornozeleira eletr\u00f4nica.<br \/>\nImagem mostra policiais com suspeito detido na comunidade<br \/>\nDivulga\u00e7\u00e3o<br \/>\nProcesso judicial<br \/>\nO processo judicial ao qual a Inter TV Cabugi teve acesso mostrou o inqu\u00e9rito policial e outros detalhes do caso.<br \/>\nNo processo est\u00e1 o material apreendido com os policiais militares, entre eles o fuzil de onde teria partido o tiro que atingiu a administradora B\u00e1rbara Kelly, um carregador e muni\u00e7\u00f5es.<br \/>\nO inqu\u00e9rito tamb\u00e9m apresentou fotos da per\u00edcia feita na casa da v\u00edtima e na cal\u00e7ada onde B\u00e1rbara foi morta (veja uma imagem abaixo).<br \/>\nO processo  tamb\u00e9m mostrou o suspeito preso e o material apreendido com ele: uma balan\u00e7a de precis\u00e3o, dinheiro trocado, um celular e por\u00e7\u00f5es de coca\u00edna, crack e maconha. N\u00e3o havia, no entanto, nenhuma arma apreendida com o suspeito.<br \/>\nMoradores da comunidade, desde que ocorreu o caso, defendem que n\u00e3o houve confronto entre policiais e suspeitos na comunidade, e que apenas a pol\u00edcia teria atirado.<br \/>\nPer\u00edcia na frente da casa de B\u00e1rbara<br \/>\nDivulga\u00e7\u00e3o<br \/>\nPolicial preso suspeito do tiro<br \/>\nUm policial militar foi preso na quarta (30) suspeito de envolvimento na morte da administradora B\u00e1rbara Kelly Ara\u00fajo Nascimento, segundo a Secretaria de Seguran\u00e7a P\u00fablica do Rio Grande do Norte.<br \/>\nO militar era um dos quatro servidores lotados no 1\u00ba Batalh\u00e3o da PM que estavam afastados das fun\u00e7\u00f5es operacionais desde o caso. Ele foi alvo de um mandado de pris\u00e3o tempor\u00e1ria expedido pela Justi\u00e7a.<br \/>\nSegundo as investiga\u00e7\u00f5es da DHPP,  o militar foi quem disparou um tiro de fuzil que atingiu a v\u00edtima.<br \/>\nSegundo a pol\u00edcia, a a\u00e7\u00e3o inicialmente se deu de forma regular, e consistia em uma incurs\u00e3o realizada pelos quatro agentes da Pol\u00edcia Militar na comunidade.<br \/>\n&#8220;Contudo, segundo a investiga\u00e7\u00e3o da DHPP, durante o andamento da opera\u00e7\u00e3o ficou constatado e excesso injustificado por parte de um dos agentes, que efetuou disparos de fuzil em via p\u00fablica, sem qualquer respaldo legal ou ind\u00edcio de confronto armado&#8221;, informou a Sesed.<br \/>\nDe acordo com a pol\u00edcia, a coleta de depoimentos de testemunhas, laudos periciais e imagens de c\u00e2meras de vigil\u00e2ncia permitiram a individualiza\u00e7\u00e3o das condutas dos envolvidos. Al\u00e9m disso, os investigadores apontaram que indiv\u00edduos que corriam pela via p\u00fablica no momento do disparo n\u00e3o portavam armas.<br \/>\nSegundo a Sesed, a Pol\u00edcia Militar tamb\u00e9m prossegue com o Inqu\u00e9rito Policial Mlitar j\u00e1 instaurado, que apura a conduta dos demais policiais envolvidos na ocorr\u00eancia.<br \/>\n&#8220;A Secretaria da Seguran\u00e7a P\u00fablica e da Defesa Social (SESED) reafirma seu compromisso com a transpar\u00eancia, legalidade e apura\u00e7\u00e3o rigorosa de qualquer viola\u00e7\u00e3o aos direitos humanos, especialmente em a\u00e7\u00f5es que envolvam agentes p\u00fablicos do Estado do Rio Grande do Norte&#8221;, informou a pasta.<br \/>\nInvestiga\u00e7\u00f5es<br \/>\nB\u00e1rbara foi atingida na porta de casa, onde estava sentada junto com a filha de 4 anos e outros familiares. Moradores da comunidade e familiares da v\u00edtima alegam que o tiro que matou B\u00e1rbara foi disparado durante uma opera\u00e7\u00e3o policial e que n\u00e3o havia troca de tiros na comunidade.<br \/>\nAinda no domingo (13), horas ap\u00f3s o acontecimento, a Sesed determinou &#8220;apura\u00e7\u00e3o dos fatos&#8221;, que, segundo explicou em nota, incluia &#8220;os procedimentos policiais realizados na localidade, assim como a morte de uma moradora da comunidade&#8221;.<br \/>\nMoradores protestam ap\u00f3s morte de mulher em comunidade em Natal; &#8216;Que n\u00e3o aconte\u00e7a mais essa maldade&#8217;, diz m\u00e3e<br \/>\nVeja abaixo o v\u00eddeo do desabafo do irm\u00e3o de B\u00e1rbara duante o enterro.<br \/>\nIrm\u00e3o de mulher morta em comunidade em Natal desabafa no enterro<br \/>\nQuatro armas utilizadas na opera\u00e7\u00e3o policial no Passo da P\u00e1tria foram recolhidas para realiza\u00e7\u00e3o de per\u00edcia bal\u00edstica. Foram abertos um inqu\u00e9rito policial miliar e um inqu\u00e9rito criminal para apura\u00e7\u00e3o dos fatos.<br \/>\nProtesto ap\u00f3s a morte de B\u00e1rbara<br \/>\nOs moradores do Passo da P\u00e1tria fizeram um protesto na mesma noite da morte da administradora. Eles colocaram fogo nas entradas do Passo da P\u00e1tria, fechando as vias de acesso, principalmente a Avenida do Contorno, na noite de s\u00e1bado.<br \/>\nA v\u00edtima morreu na frente da pr\u00f3pria casa, pouco depois de chegar do trabalho, por volta das 18h, contou o irm\u00e3o dela, Jos\u00e9 Fabr\u00edcio de Ara\u00fajo.<br \/>\n&#8220;Ela chegou, entrou na casa, ficou l\u00e1 na frente descansando junto com a filha dela, que estava do lado na hora do acidente, com a cunhada dela, a irm\u00e3 do esposo&#8230;Estavam todos l\u00e1 sentados na cal\u00e7ada dela e fazia pouco tempo que elas tinham sentado, quando de repente ela escutou j\u00e1 os fogos e os tiros&#8221;.<br \/>\nB\u00e1rbara chegou a ser socorrida por parentes e amigos e levada ao Hospital Monsenhor Walfredo Gurgel, mas n\u00e3o resistiu. O irm\u00e3o disse que n\u00e3o houve confronto, e que os policiais j\u00e1 chegaram atirando.<br \/>\n&#8220;A popula\u00e7\u00e3o todinha l\u00e1 est\u00e1 de testemunha que n\u00e3o houve confronto nenhum. Eles entraram na comunidade, viram alguma coisa l\u00e1 e sa\u00edram atirando numa rua cheia de crian\u00e7a em plena 6 horas da noite, com todas as crian\u00e7as brincando na rua&#8221;, disse.<br \/>\nAdministradora de empresas, B\u00e1rbara era casada h\u00e1 14 anos e deixou ainda uma filha de 4 anos de idade. Jos\u00e9 Fabr\u00edcio disse ainda que os policiais n\u00e3o prestaram o socorro \u00e0 v\u00edtima.<br \/>\nProtestos apo\u0301s morte de moradora baleada no Passo da Pa\u0301tria, em Natal<br \/>\nB\u00e1rbara Nascimento era formada em Administra\u00e7\u00e3o; moradores colocaram fogo na rua em protesto contra a\u00e7\u00e3o policial<br \/>\nFoto 1: Cedida | Foto 2: Reprodu\u00e7\u00e3o\/Redes sociais<br \/>\nPasso da P\u00e1tria: Moradores colocaram fogo nas vias de acesso \u00e0 comunidade<br \/>\nV\u00eddeos mais assistidos do g1 RN<\/p>","protected":false},"excerpt":{"rendered":"<p>B\u00e1rbara Nascimento foi morta no dia 12 de abril na frente de casa, no Passo da P\u00e1tria. Um policial militar foi preso temporariamente suspeito de ser autor do disparo. Novas &#8230;<\/p>\n","protected":false},"author":0,"featured_media":12915,"parent":0,"menu_order":0,"comment_status":"closed","ping_status":"closed","template":"","meta":{"footnotes":""},"class_list":["post-12914","page","type-page","status-publish","has-post-thumbnail","hentry"],"yoast_head":"<!-- This site is optimized with the Yoast SEO plugin v27.1.1 - https:\/\/yoast.com\/product\/yoast-seo-wordpress\/ -->\n<title>V\u00eddeo mostra momento em que administradora morta em comunidade em Natal \u00e9 atingida por tiro - Taveira Jr<\/title>\n<meta name=\"robots\" content=\"index, follow, max-snippet:-1, max-image-preview:large, max-video-preview:-1\" \/>\n<link rel=\"canonical\" href=\"https:\/\/deputadotaveirajr.com.br\/index.php\/video-mostra-momento-em-que-administradora-morta-em-comunidade-em-natal-e-atingida-por-tiro\/\" \/>\n<meta property=\"og:locale\" content=\"pt_BR\" \/>\n<meta property=\"og:type\" content=\"article\" \/>\n<meta property=\"og:title\" content=\"V\u00eddeo mostra momento em que administradora morta em comunidade em Natal \u00e9 atingida por tiro - Taveira Jr\" \/>\n<meta property=\"og:description\" content=\"B\u00e1rbara Nascimento foi morta no dia 12 de abril na frente de casa, no Passo da P\u00e1tria. Um policial militar foi preso temporariamente suspeito de ser autor do disparo. Novas ...\" \/>\n<meta property=\"og:url\" content=\"https:\/\/deputadotaveirajr.com.br\/index.php\/video-mostra-momento-em-que-administradora-morta-em-comunidade-em-natal-e-atingida-por-tiro\/\" \/>\n<meta property=\"og:site_name\" content=\"Taveira Jr\" \/>\n<meta property=\"og:image\" content=\"https:\/\/s2-g1.glbimg.com\/2V53i0Oy6yRVyAmz-hSn5D9kBJc=\/i.s3.glbimg.com\/v1\/AUTH_59edd422c0c84a879bd37670ae4f538a\/internal_photos\/bs\/2025\/Y\/7\/DIkZGVSout9FiS8AKFIA\/whatsapp-image-2025-05-01-at-15.31.20.jpeg\" \/>\n<meta name=\"twitter:card\" content=\"summary_large_image\" \/>\n<meta name=\"twitter:label1\" content=\"Est. tempo de leitura\" \/>\n\t<meta name=\"twitter:data1\" content=\"7 minutos\" \/>\n<script type=\"application\/ld+json\" class=\"yoast-schema-graph\">{\"@context\":\"https:\/\/schema.org\",\"@graph\":[{\"@type\":\"WebPage\",\"@id\":\"https:\/\/deputadotaveirajr.com.br\/index.php\/video-mostra-momento-em-que-administradora-morta-em-comunidade-em-natal-e-atingida-por-tiro\/\",\"url\":\"https:\/\/deputadotaveirajr.com.br\/index.php\/video-mostra-momento-em-que-administradora-morta-em-comunidade-em-natal-e-atingida-por-tiro\/\",\"name\":\"V\u00eddeo mostra momento em que administradora morta em comunidade em Natal \u00e9 atingida por tiro - Taveira Jr\",\"isPartOf\":{\"@id\":\"https:\/\/deputadotaveirajr.com.br\/#website\"},\"primaryImageOfPage\":{\"@id\":\"https:\/\/deputadotaveirajr.com.br\/index.php\/video-mostra-momento-em-que-administradora-morta-em-comunidade-em-natal-e-atingida-por-tiro\/#primaryimage\"},\"image\":{\"@id\":\"https:\/\/deputadotaveirajr.com.br\/index.php\/video-mostra-momento-em-que-administradora-morta-em-comunidade-em-natal-e-atingida-por-tiro\/#primaryimage\"},\"thumbnailUrl\":\"https:\/\/deputadotaveirajr.com.br\/wp-content\/uploads\/2025\/05\/whatsapp-image-2025-05-01-at-15.31.20-WcpqhR.jpg\",\"datePublished\":\"2025-05-01T23:01:42+00:00\",\"breadcrumb\":{\"@id\":\"https:\/\/deputadotaveirajr.com.br\/index.php\/video-mostra-momento-em-que-administradora-morta-em-comunidade-em-natal-e-atingida-por-tiro\/#breadcrumb\"},\"inLanguage\":\"pt-BR\",\"potentialAction\":[{\"@type\":\"ReadAction\",\"target\":[\"https:\/\/deputadotaveirajr.com.br\/index.php\/video-mostra-momento-em-que-administradora-morta-em-comunidade-em-natal-e-atingida-por-tiro\/\"]}]},{\"@type\":\"ImageObject\",\"inLanguage\":\"pt-BR\",\"@id\":\"https:\/\/deputadotaveirajr.com.br\/index.php\/video-mostra-momento-em-que-administradora-morta-em-comunidade-em-natal-e-atingida-por-tiro\/#primaryimage\",\"url\":\"https:\/\/deputadotaveirajr.com.br\/wp-content\/uploads\/2025\/05\/whatsapp-image-2025-05-01-at-15.31.20-WcpqhR.jpg\",\"contentUrl\":\"https:\/\/deputadotaveirajr.com.br\/wp-content\/uploads\/2025\/05\/whatsapp-image-2025-05-01-at-15.31.20-WcpqhR.jpg\",\"width\":1077,\"height\":628},{\"@type\":\"BreadcrumbList\",\"@id\":\"https:\/\/deputadotaveirajr.com.br\/index.php\/video-mostra-momento-em-que-administradora-morta-em-comunidade-em-natal-e-atingida-por-tiro\/#breadcrumb\",\"itemListElement\":[{\"@type\":\"ListItem\",\"position\":1,\"name\":\"In\u00edcio\",\"item\":\"https:\/\/deputadotaveirajr.com.br\/\"},{\"@type\":\"ListItem\",\"position\":2,\"name\":\"V\u00eddeo mostra momento em que administradora morta em comunidade em Natal \u00e9 atingida por tiro\"}]},{\"@type\":\"WebSite\",\"@id\":\"https:\/\/deputadotaveirajr.com.br\/#website\",\"url\":\"https:\/\/deputadotaveirajr.com.br\/\",\"name\":\"Taveira Jr\",\"description\":\"Deputado Estadual\",\"publisher\":{\"@id\":\"https:\/\/deputadotaveirajr.com.br\/#organization\"},\"potentialAction\":[{\"@type\":\"SearchAction\",\"target\":{\"@type\":\"EntryPoint\",\"urlTemplate\":\"https:\/\/deputadotaveirajr.com.br\/?s={search_term_string}\"},\"query-input\":{\"@type\":\"PropertyValueSpecification\",\"valueRequired\":true,\"valueName\":\"search_term_string\"}}],\"inLanguage\":\"pt-BR\"},{\"@type\":\"Organization\",\"@id\":\"https:\/\/deputadotaveirajr.com.br\/#organization\",\"name\":\"Taveira Jr\",\"url\":\"https:\/\/deputadotaveirajr.com.br\/\",\"logo\":{\"@type\":\"ImageObject\",\"inLanguage\":\"pt-BR\",\"@id\":\"https:\/\/deputadotaveirajr.com.br\/#\/schema\/logo\/image\/\",\"url\":\"https:\/\/deputadotaveirajr.com.br\/wp-content\/uploads\/2026\/01\/logolow2a.png\",\"contentUrl\":\"https:\/\/deputadotaveirajr.com.br\/wp-content\/uploads\/2026\/01\/logolow2a.png\",\"width\":290,\"height\":80,\"caption\":\"Taveira Jr\"},\"image\":{\"@id\":\"https:\/\/deputadotaveirajr.com.br\/#\/schema\/logo\/image\/\"}}]}<\/script>\n<!-- \/ Yoast SEO plugin. -->","yoast_head_json":{"title":"V\u00eddeo mostra momento em que administradora morta em comunidade em Natal \u00e9 atingida por tiro - Taveira Jr","robots":{"index":"index","follow":"follow","max-snippet":"max-snippet:-1","max-image-preview":"max-image-preview:large","max-video-preview":"max-video-preview:-1"},"canonical":"https:\/\/deputadotaveirajr.com.br\/index.php\/video-mostra-momento-em-que-administradora-morta-em-comunidade-em-natal-e-atingida-por-tiro\/","og_locale":"pt_BR","og_type":"article","og_title":"V\u00eddeo mostra momento em que administradora morta em comunidade em Natal \u00e9 atingida por tiro - Taveira Jr","og_description":"B\u00e1rbara Nascimento foi morta no dia 12 de abril na frente de casa, no Passo da P\u00e1tria. Um policial militar foi preso temporariamente suspeito de ser autor do disparo. Novas ...","og_url":"https:\/\/deputadotaveirajr.com.br\/index.php\/video-mostra-momento-em-que-administradora-morta-em-comunidade-em-natal-e-atingida-por-tiro\/","og_site_name":"Taveira Jr","og_image":[{"url":"https:\/\/s2-g1.glbimg.com\/2V53i0Oy6yRVyAmz-hSn5D9kBJc=\/i.s3.glbimg.com\/v1\/AUTH_59edd422c0c84a879bd37670ae4f538a\/internal_photos\/bs\/2025\/Y\/7\/DIkZGVSout9FiS8AKFIA\/whatsapp-image-2025-05-01-at-15.31.20.jpeg","type":"","width":"","height":""}],"twitter_card":"summary_large_image","twitter_misc":{"Est. tempo de leitura":"7 minutos"},"schema":{"@context":"https:\/\/schema.org","@graph":[{"@type":"WebPage","@id":"https:\/\/deputadotaveirajr.com.br\/index.php\/video-mostra-momento-em-que-administradora-morta-em-comunidade-em-natal-e-atingida-por-tiro\/","url":"https:\/\/deputadotaveirajr.com.br\/index.php\/video-mostra-momento-em-que-administradora-morta-em-comunidade-em-natal-e-atingida-por-tiro\/","name":"V\u00eddeo mostra momento em que administradora morta em comunidade em Natal \u00e9 atingida por tiro - Taveira Jr","isPartOf":{"@id":"https:\/\/deputadotaveirajr.com.br\/#website"},"primaryImageOfPage":{"@id":"https:\/\/deputadotaveirajr.com.br\/index.php\/video-mostra-momento-em-que-administradora-morta-em-comunidade-em-natal-e-atingida-por-tiro\/#primaryimage"},"image":{"@id":"https:\/\/deputadotaveirajr.com.br\/index.php\/video-mostra-momento-em-que-administradora-morta-em-comunidade-em-natal-e-atingida-por-tiro\/#primaryimage"},"thumbnailUrl":"https:\/\/deputadotaveirajr.com.br\/wp-content\/uploads\/2025\/05\/whatsapp-image-2025-05-01-at-15.31.20-WcpqhR.jpg","datePublished":"2025-05-01T23:01:42+00:00","breadcrumb":{"@id":"https:\/\/deputadotaveirajr.com.br\/index.php\/video-mostra-momento-em-que-administradora-morta-em-comunidade-em-natal-e-atingida-por-tiro\/#breadcrumb"},"inLanguage":"pt-BR","potentialAction":[{"@type":"ReadAction","target":["https:\/\/deputadotaveirajr.com.br\/index.php\/video-mostra-momento-em-que-administradora-morta-em-comunidade-em-natal-e-atingida-por-tiro\/"]}]},{"@type":"ImageObject","inLanguage":"pt-BR","@id":"https:\/\/deputadotaveirajr.com.br\/index.php\/video-mostra-momento-em-que-administradora-morta-em-comunidade-em-natal-e-atingida-por-tiro\/#primaryimage","url":"https:\/\/deputadotaveirajr.com.br\/wp-content\/uploads\/2025\/05\/whatsapp-image-2025-05-01-at-15.31.20-WcpqhR.jpg","contentUrl":"https:\/\/deputadotaveirajr.com.br\/wp-content\/uploads\/2025\/05\/whatsapp-image-2025-05-01-at-15.31.20-WcpqhR.jpg","width":1077,"height":628},{"@type":"BreadcrumbList","@id":"https:\/\/deputadotaveirajr.com.br\/index.php\/video-mostra-momento-em-que-administradora-morta-em-comunidade-em-natal-e-atingida-por-tiro\/#breadcrumb","itemListElement":[{"@type":"ListItem","position":1,"name":"In\u00edcio","item":"https:\/\/deputadotaveirajr.com.br\/"},{"@type":"ListItem","position":2,"name":"V\u00eddeo mostra momento em que administradora morta em comunidade em Natal \u00e9 atingida por tiro"}]},{"@type":"WebSite","@id":"https:\/\/deputadotaveirajr.com.br\/#website","url":"https:\/\/deputadotaveirajr.com.br\/","name":"Taveira Jr","description":"Deputado Estadual","publisher":{"@id":"https:\/\/deputadotaveirajr.com.br\/#organization"},"potentialAction":[{"@type":"SearchAction","target":{"@type":"EntryPoint","urlTemplate":"https:\/\/deputadotaveirajr.com.br\/?s={search_term_string}"},"query-input":{"@type":"PropertyValueSpecification","valueRequired":true,"valueName":"search_term_string"}}],"inLanguage":"pt-BR"},{"@type":"Organization","@id":"https:\/\/deputadotaveirajr.com.br\/#organization","name":"Taveira Jr","url":"https:\/\/deputadotaveirajr.com.br\/","logo":{"@type":"ImageObject","inLanguage":"pt-BR","@id":"https:\/\/deputadotaveirajr.com.br\/#\/schema\/logo\/image\/","url":"https:\/\/deputadotaveirajr.com.br\/wp-content\/uploads\/2026\/01\/logolow2a.png","contentUrl":"https:\/\/deputadotaveirajr.com.br\/wp-content\/uploads\/2026\/01\/logolow2a.png","width":290,"height":80,"caption":"Taveira Jr"},"image":{"@id":"https:\/\/deputadotaveirajr.com.br\/#\/schema\/logo\/image\/"}}]}},"_links":{"self":[{"href":"https:\/\/deputadotaveirajr.com.br\/index.php\/wp-json\/wp\/v2\/pages\/12914","targetHints":{"allow":["GET"]}}],"collection":[{"href":"https:\/\/deputadotaveirajr.com.br\/index.php\/wp-json\/wp\/v2\/pages"}],"about":[{"href":"https:\/\/deputadotaveirajr.com.br\/index.php\/wp-json\/wp\/v2\/types\/page"}],"replies":[{"embeddable":true,"href":"https:\/\/deputadotaveirajr.com.br\/index.php\/wp-json\/wp\/v2\/comments?post=12914"}],"version-history":[{"count":0,"href":"https:\/\/deputadotaveirajr.com.br\/index.php\/wp-json\/wp\/v2\/pages\/12914\/revisions"}],"wp:featuredmedia":[{"embeddable":true,"href":"https:\/\/deputadotaveirajr.com.br\/index.php\/wp-json\/wp\/v2\/media\/12915"}],"wp:attachment":[{"href":"https:\/\/deputadotaveirajr.com.br\/index.php\/wp-json\/wp\/v2\/media?parent=12914"}],"curies":[{"name":"wp","href":"https:\/\/api.w.org\/{rel}","templated":true}]}}