{"id":12916,"date":"2025-05-01T18:53:56","date_gmt":"2025-05-01T21:53:56","guid":{"rendered":"https:\/\/deputadotaveirajr.com.br\/index.php\/duas-pessoas-morrem-e-uma-perde-braco-apos-colisao-que-fez-carro-cair-de-ponte-em-mossoro\/"},"modified":"2025-05-01T18:53:56","modified_gmt":"2025-05-01T21:53:56","slug":"duas-pessoas-morrem-e-uma-perde-braco-apos-colisao-que-fez-carro-cair-de-ponte-em-mossoro","status":"publish","type":"page","link":"https:\/\/deputadotaveirajr.com.br\/index.php\/duas-pessoas-morrem-e-uma-perde-braco-apos-colisao-que-fez-carro-cair-de-ponte-em-mossoro\/","title":{"rendered":"Duas pessoas morrem e uma perde bra\u00e7o ap\u00f3s colis\u00e3o que fez carro cair de ponte em Mossor\u00f3"},"content":{"rendered":"<p><img decoding=\"async\" src=\"https:\/\/s2-g1.glbimg.com\/iU76KXzg4_xTrEY24JQ_a2gu64c=\/i.s3.glbimg.com\/v1\/AUTH_59edd422c0c84a879bd37670ae4f538a\/internal_photos\/bs\/2025\/i\/5\/uZUqLdSHCIAtBbIoOfnQ\/whatsapp-image-2025-05-01-at-18.46.16.jpeg\" \/><br \/>     Acidente aconteceu na ponte acima do Rio Mossor\u00f3 na tarde desta quinta-feira (1\u00ba). Acidente envolveu uma moto e um carro, totalizando sete pessoas nos ve\u00edculos. Acidente em Mossor\u00f3 deixou duas pessoas mortas; carro caiu de ponte<br \/>\nDuas pessoas morreram e uma precisou amputar o bra\u00e7o direito no hospital ap\u00f3s um acidente na tarde desta quinta-feira (1\u00ba) em Mossor\u00f3, na Regi\u00e3o Oeste do Rio Grande do Norte. O carro envolvido no acidente caiu da ponte, ficando pr\u00f3ximo ao Rio Mossor\u00f3.<br \/>\nAs v\u00edtimas morreram no Hospital Regional Tarc\u00edsio Maia, ap\u00f3s serem atendidas. Elas foram identificadas como:<br \/>\nLet\u00edcia Santiago, de 23 anos, que estava no carro;<br \/>\nLucicleide Gomes dos Santos, de 28 anos, que era passageira da moto por aplicativo.<br \/>\n\ud83d\udcf3Participe do canal do g1 RN no WhatsApp<br \/>\nO motociclista por aplicativo, de 43 anos de idade, precisou amputar o bra\u00e7o direito no hospital por conta do acidente.<br \/>\n&#8220;Duas v\u00edtimas chegaram em estado bastante grave. Tivemos o suporte necess\u00e1rio da parte politrauma. Infelizmente vieram a \u00f3bito, uma passageira da moto e uma passageira do carro&#8221;, disse o m\u00e9dico L\u00e1zaro Fernandes, que atendeu as v\u00edtimas no hospital.<br \/>\nO acidente aconteceu na Avenida Estadual Jer\u00f4nimo Dix-Neuf Rosado, conhecida popularmente por Leste Oeste. A via ficou interditada no trecho por aproximadamente 1h30.<br \/>\nSegundo a Pol\u00edcia Militar, cinco pessoas estavam no carro, que bateu na barra de prote\u00e7\u00e3o e caiu da ponte. J\u00e1 a motocicleta por aplicativo envolvida na colis\u00e3o tinha o motociclista e a passageira.<br \/>\nComo foi o acidente<br \/>\nDe acordo com a PM, o carro seguia no sentido do bairro Alto de S\u00e3o Manoel e a motocicleta teria batido na traseira do ve\u00edculo. O motorista do carro, ent\u00e3o, segundo a PM, teria perdido o controle, batendo na barra de prote\u00e7\u00e3o da ponte e caindo perto do Rio Mossor\u00f3.<br \/>\n&#8220;Informa\u00e7\u00f5es que passaram para a gente \u00e9 que o condutor teria sentido algum impacto na traseira do ve\u00edculo, perdeu o controle e acabou caindo aqui de cima da ponte. Ele bateu na barreira de prote\u00e7\u00e3o, quebrou e foi cair l\u00e1 embaixo&#8221;, explicou o Sargento Ademar, do 12\u00ba Batalh\u00e3o da PM.<br \/>\nO Corpo de Bombeiros informou que precisou amarrar o carro em uma \u00e1rvore para o ve\u00edculo n\u00e3o cair por cima das v\u00edtimas que ficaram pr\u00f3ximas ao rio.<br \/>\nA Pol\u00edcia Militar informou que os demais passageiros estavam bem. O motorista do ve\u00edculo passou por teste de baf\u00f4metro e apontou que ele n\u00e3o estava alcoolizado.<br \/>\nVeja imagens do acidente<br \/>\nAcidente aconteceu em Mossor\u00f3<br \/>\nAntonio Dias\/Inter TV Cabugi<br \/>\nCarro atingiu barra de prote\u00e7\u00e3o da Ponte em Mossor\u00f3<br \/>\nAntonio Dias\/Inter TV Costa Branca<br \/>\nCarro caiu da ponte sobre o Rio Mossor\u00f3<br \/>\nAntonio Dias\/Inter TV Costa Branca<br \/>\nAcidente em Mossor\u00f3 deixou dois mortos; carro caiu de ponte<br \/>\nRedes sociais<br \/>\nV\u00eddeos mais assistidos do g1 RN<\/p>","protected":false},"excerpt":{"rendered":"<p>Acidente aconteceu na ponte acima do Rio Mossor\u00f3 na tarde desta quinta-feira (1\u00ba). Acidente envolveu uma moto e um carro, totalizando sete pessoas nos ve\u00edculos. Acidente em Mossor\u00f3 deixou duas &#8230;<\/p>\n","protected":false},"author":0,"featured_media":12917,"parent":0,"menu_order":0,"comment_status":"closed","ping_status":"closed","template":"","meta":{"footnotes":""},"class_list":["post-12916","page","type-page","status-publish","has-post-thumbnail","hentry"],"yoast_head":"<!-- This site is optimized with the Yoast SEO plugin v27.1.1 - https:\/\/yoast.com\/product\/yoast-seo-wordpress\/ -->\n<title>Duas pessoas morrem e uma perde bra\u00e7o ap\u00f3s colis\u00e3o que fez carro cair de ponte em Mossor\u00f3 - Taveira Jr<\/title>\n<meta name=\"robots\" content=\"index, follow, max-snippet:-1, max-image-preview:large, max-video-preview:-1\" \/>\n<link rel=\"canonical\" href=\"https:\/\/deputadotaveirajr.com.br\/index.php\/duas-pessoas-morrem-e-uma-perde-braco-apos-colisao-que-fez-carro-cair-de-ponte-em-mossoro\/\" \/>\n<meta property=\"og:locale\" content=\"pt_BR\" \/>\n<meta property=\"og:type\" content=\"article\" \/>\n<meta property=\"og:title\" content=\"Duas pessoas morrem e uma perde bra\u00e7o ap\u00f3s colis\u00e3o que fez carro cair de ponte em Mossor\u00f3 - Taveira Jr\" \/>\n<meta property=\"og:description\" content=\"Acidente aconteceu na ponte acima do Rio Mossor\u00f3 na tarde desta quinta-feira (1\u00ba). Acidente envolveu uma moto e um carro, totalizando sete pessoas nos ve\u00edculos. Acidente em Mossor\u00f3 deixou duas ...\" \/>\n<meta property=\"og:url\" content=\"https:\/\/deputadotaveirajr.com.br\/index.php\/duas-pessoas-morrem-e-uma-perde-braco-apos-colisao-que-fez-carro-cair-de-ponte-em-mossoro\/\" \/>\n<meta property=\"og:site_name\" content=\"Taveira Jr\" \/>\n<meta property=\"og:image\" content=\"https:\/\/s2-g1.glbimg.com\/iU76KXzg4_xTrEY24JQ_a2gu64c=\/i.s3.glbimg.com\/v1\/AUTH_59edd422c0c84a879bd37670ae4f538a\/internal_photos\/bs\/2025\/i\/5\/uZUqLdSHCIAtBbIoOfnQ\/whatsapp-image-2025-05-01-at-18.46.16.jpeg\" \/>\n<meta name=\"twitter:card\" content=\"summary_large_image\" \/>\n<meta name=\"twitter:label1\" content=\"Est. tempo de leitura\" \/>\n\t<meta name=\"twitter:data1\" content=\"2 minutos\" \/>\n<script type=\"application\/ld+json\" class=\"yoast-schema-graph\">{\"@context\":\"https:\/\/schema.org\",\"@graph\":[{\"@type\":\"WebPage\",\"@id\":\"https:\/\/deputadotaveirajr.com.br\/index.php\/duas-pessoas-morrem-e-uma-perde-braco-apos-colisao-que-fez-carro-cair-de-ponte-em-mossoro\/\",\"url\":\"https:\/\/deputadotaveirajr.com.br\/index.php\/duas-pessoas-morrem-e-uma-perde-braco-apos-colisao-que-fez-carro-cair-de-ponte-em-mossoro\/\",\"name\":\"Duas pessoas morrem e uma perde bra\u00e7o ap\u00f3s colis\u00e3o que fez carro cair de ponte em Mossor\u00f3 - Taveira Jr\",\"isPartOf\":{\"@id\":\"https:\/\/deputadotaveirajr.com.br\/#website\"},\"primaryImageOfPage\":{\"@id\":\"https:\/\/deputadotaveirajr.com.br\/index.php\/duas-pessoas-morrem-e-uma-perde-braco-apos-colisao-que-fez-carro-cair-de-ponte-em-mossoro\/#primaryimage\"},\"image\":{\"@id\":\"https:\/\/deputadotaveirajr.com.br\/index.php\/duas-pessoas-morrem-e-uma-perde-braco-apos-colisao-que-fez-carro-cair-de-ponte-em-mossoro\/#primaryimage\"},\"thumbnailUrl\":\"https:\/\/deputadotaveirajr.com.br\/wp-content\/uploads\/2025\/05\/whatsapp-image-2025-05-01-at-18.46.16-4OQls7.jpg\",\"datePublished\":\"2025-05-01T21:53:56+00:00\",\"breadcrumb\":{\"@id\":\"https:\/\/deputadotaveirajr.com.br\/index.php\/duas-pessoas-morrem-e-uma-perde-braco-apos-colisao-que-fez-carro-cair-de-ponte-em-mossoro\/#breadcrumb\"},\"inLanguage\":\"pt-BR\",\"potentialAction\":[{\"@type\":\"ReadAction\",\"target\":[\"https:\/\/deputadotaveirajr.com.br\/index.php\/duas-pessoas-morrem-e-uma-perde-braco-apos-colisao-que-fez-carro-cair-de-ponte-em-mossoro\/\"]}]},{\"@type\":\"ImageObject\",\"inLanguage\":\"pt-BR\",\"@id\":\"https:\/\/deputadotaveirajr.com.br\/index.php\/duas-pessoas-morrem-e-uma-perde-braco-apos-colisao-que-fez-carro-cair-de-ponte-em-mossoro\/#primaryimage\",\"url\":\"https:\/\/deputadotaveirajr.com.br\/wp-content\/uploads\/2025\/05\/whatsapp-image-2025-05-01-at-18.46.16-4OQls7.jpg\",\"contentUrl\":\"https:\/\/deputadotaveirajr.com.br\/wp-content\/uploads\/2025\/05\/whatsapp-image-2025-05-01-at-18.46.16-4OQls7.jpg\",\"width\":1600,\"height\":910},{\"@type\":\"BreadcrumbList\",\"@id\":\"https:\/\/deputadotaveirajr.com.br\/index.php\/duas-pessoas-morrem-e-uma-perde-braco-apos-colisao-que-fez-carro-cair-de-ponte-em-mossoro\/#breadcrumb\",\"itemListElement\":[{\"@type\":\"ListItem\",\"position\":1,\"name\":\"In\u00edcio\",\"item\":\"https:\/\/deputadotaveirajr.com.br\/\"},{\"@type\":\"ListItem\",\"position\":2,\"name\":\"Duas pessoas morrem e uma perde bra\u00e7o ap\u00f3s colis\u00e3o que fez carro cair de ponte em Mossor\u00f3\"}]},{\"@type\":\"WebSite\",\"@id\":\"https:\/\/deputadotaveirajr.com.br\/#website\",\"url\":\"https:\/\/deputadotaveirajr.com.br\/\",\"name\":\"Taveira Jr\",\"description\":\"Deputado Estadual\",\"publisher\":{\"@id\":\"https:\/\/deputadotaveirajr.com.br\/#organization\"},\"potentialAction\":[{\"@type\":\"SearchAction\",\"target\":{\"@type\":\"EntryPoint\",\"urlTemplate\":\"https:\/\/deputadotaveirajr.com.br\/?s={search_term_string}\"},\"query-input\":{\"@type\":\"PropertyValueSpecification\",\"valueRequired\":true,\"valueName\":\"search_term_string\"}}],\"inLanguage\":\"pt-BR\"},{\"@type\":\"Organization\",\"@id\":\"https:\/\/deputadotaveirajr.com.br\/#organization\",\"name\":\"Taveira Jr\",\"url\":\"https:\/\/deputadotaveirajr.com.br\/\",\"logo\":{\"@type\":\"ImageObject\",\"inLanguage\":\"pt-BR\",\"@id\":\"https:\/\/deputadotaveirajr.com.br\/#\/schema\/logo\/image\/\",\"url\":\"https:\/\/deputadotaveirajr.com.br\/wp-content\/uploads\/2026\/01\/logolow2a.png\",\"contentUrl\":\"https:\/\/deputadotaveirajr.com.br\/wp-content\/uploads\/2026\/01\/logolow2a.png\",\"width\":290,\"height\":80,\"caption\":\"Taveira Jr\"},\"image\":{\"@id\":\"https:\/\/deputadotaveirajr.com.br\/#\/schema\/logo\/image\/\"}}]}<\/script>\n<!-- \/ Yoast SEO plugin. -->","yoast_head_json":{"title":"Duas pessoas morrem e uma perde bra\u00e7o ap\u00f3s colis\u00e3o que fez carro cair de ponte em Mossor\u00f3 - Taveira Jr","robots":{"index":"index","follow":"follow","max-snippet":"max-snippet:-1","max-image-preview":"max-image-preview:large","max-video-preview":"max-video-preview:-1"},"canonical":"https:\/\/deputadotaveirajr.com.br\/index.php\/duas-pessoas-morrem-e-uma-perde-braco-apos-colisao-que-fez-carro-cair-de-ponte-em-mossoro\/","og_locale":"pt_BR","og_type":"article","og_title":"Duas pessoas morrem e uma perde bra\u00e7o ap\u00f3s colis\u00e3o que fez carro cair de ponte em Mossor\u00f3 - Taveira Jr","og_description":"Acidente aconteceu na ponte acima do Rio Mossor\u00f3 na tarde desta quinta-feira (1\u00ba). Acidente envolveu uma moto e um carro, totalizando sete pessoas nos ve\u00edculos. Acidente em Mossor\u00f3 deixou duas ...","og_url":"https:\/\/deputadotaveirajr.com.br\/index.php\/duas-pessoas-morrem-e-uma-perde-braco-apos-colisao-que-fez-carro-cair-de-ponte-em-mossoro\/","og_site_name":"Taveira Jr","og_image":[{"url":"https:\/\/s2-g1.glbimg.com\/iU76KXzg4_xTrEY24JQ_a2gu64c=\/i.s3.glbimg.com\/v1\/AUTH_59edd422c0c84a879bd37670ae4f538a\/internal_photos\/bs\/2025\/i\/5\/uZUqLdSHCIAtBbIoOfnQ\/whatsapp-image-2025-05-01-at-18.46.16.jpeg","type":"","width":"","height":""}],"twitter_card":"summary_large_image","twitter_misc":{"Est. tempo de leitura":"2 minutos"},"schema":{"@context":"https:\/\/schema.org","@graph":[{"@type":"WebPage","@id":"https:\/\/deputadotaveirajr.com.br\/index.php\/duas-pessoas-morrem-e-uma-perde-braco-apos-colisao-que-fez-carro-cair-de-ponte-em-mossoro\/","url":"https:\/\/deputadotaveirajr.com.br\/index.php\/duas-pessoas-morrem-e-uma-perde-braco-apos-colisao-que-fez-carro-cair-de-ponte-em-mossoro\/","name":"Duas pessoas morrem e uma perde bra\u00e7o ap\u00f3s colis\u00e3o que fez carro cair de ponte em Mossor\u00f3 - Taveira Jr","isPartOf":{"@id":"https:\/\/deputadotaveirajr.com.br\/#website"},"primaryImageOfPage":{"@id":"https:\/\/deputadotaveirajr.com.br\/index.php\/duas-pessoas-morrem-e-uma-perde-braco-apos-colisao-que-fez-carro-cair-de-ponte-em-mossoro\/#primaryimage"},"image":{"@id":"https:\/\/deputadotaveirajr.com.br\/index.php\/duas-pessoas-morrem-e-uma-perde-braco-apos-colisao-que-fez-carro-cair-de-ponte-em-mossoro\/#primaryimage"},"thumbnailUrl":"https:\/\/deputadotaveirajr.com.br\/wp-content\/uploads\/2025\/05\/whatsapp-image-2025-05-01-at-18.46.16-4OQls7.jpg","datePublished":"2025-05-01T21:53:56+00:00","breadcrumb":{"@id":"https:\/\/deputadotaveirajr.com.br\/index.php\/duas-pessoas-morrem-e-uma-perde-braco-apos-colisao-que-fez-carro-cair-de-ponte-em-mossoro\/#breadcrumb"},"inLanguage":"pt-BR","potentialAction":[{"@type":"ReadAction","target":["https:\/\/deputadotaveirajr.com.br\/index.php\/duas-pessoas-morrem-e-uma-perde-braco-apos-colisao-que-fez-carro-cair-de-ponte-em-mossoro\/"]}]},{"@type":"ImageObject","inLanguage":"pt-BR","@id":"https:\/\/deputadotaveirajr.com.br\/index.php\/duas-pessoas-morrem-e-uma-perde-braco-apos-colisao-que-fez-carro-cair-de-ponte-em-mossoro\/#primaryimage","url":"https:\/\/deputadotaveirajr.com.br\/wp-content\/uploads\/2025\/05\/whatsapp-image-2025-05-01-at-18.46.16-4OQls7.jpg","contentUrl":"https:\/\/deputadotaveirajr.com.br\/wp-content\/uploads\/2025\/05\/whatsapp-image-2025-05-01-at-18.46.16-4OQls7.jpg","width":1600,"height":910},{"@type":"BreadcrumbList","@id":"https:\/\/deputadotaveirajr.com.br\/index.php\/duas-pessoas-morrem-e-uma-perde-braco-apos-colisao-que-fez-carro-cair-de-ponte-em-mossoro\/#breadcrumb","itemListElement":[{"@type":"ListItem","position":1,"name":"In\u00edcio","item":"https:\/\/deputadotaveirajr.com.br\/"},{"@type":"ListItem","position":2,"name":"Duas pessoas morrem e uma perde bra\u00e7o ap\u00f3s colis\u00e3o que fez carro cair de ponte em Mossor\u00f3"}]},{"@type":"WebSite","@id":"https:\/\/deputadotaveirajr.com.br\/#website","url":"https:\/\/deputadotaveirajr.com.br\/","name":"Taveira Jr","description":"Deputado Estadual","publisher":{"@id":"https:\/\/deputadotaveirajr.com.br\/#organization"},"potentialAction":[{"@type":"SearchAction","target":{"@type":"EntryPoint","urlTemplate":"https:\/\/deputadotaveirajr.com.br\/?s={search_term_string}"},"query-input":{"@type":"PropertyValueSpecification","valueRequired":true,"valueName":"search_term_string"}}],"inLanguage":"pt-BR"},{"@type":"Organization","@id":"https:\/\/deputadotaveirajr.com.br\/#organization","name":"Taveira Jr","url":"https:\/\/deputadotaveirajr.com.br\/","logo":{"@type":"ImageObject","inLanguage":"pt-BR","@id":"https:\/\/deputadotaveirajr.com.br\/#\/schema\/logo\/image\/","url":"https:\/\/deputadotaveirajr.com.br\/wp-content\/uploads\/2026\/01\/logolow2a.png","contentUrl":"https:\/\/deputadotaveirajr.com.br\/wp-content\/uploads\/2026\/01\/logolow2a.png","width":290,"height":80,"caption":"Taveira Jr"},"image":{"@id":"https:\/\/deputadotaveirajr.com.br\/#\/schema\/logo\/image\/"}}]}},"_links":{"self":[{"href":"https:\/\/deputadotaveirajr.com.br\/index.php\/wp-json\/wp\/v2\/pages\/12916","targetHints":{"allow":["GET"]}}],"collection":[{"href":"https:\/\/deputadotaveirajr.com.br\/index.php\/wp-json\/wp\/v2\/pages"}],"about":[{"href":"https:\/\/deputadotaveirajr.com.br\/index.php\/wp-json\/wp\/v2\/types\/page"}],"replies":[{"embeddable":true,"href":"https:\/\/deputadotaveirajr.com.br\/index.php\/wp-json\/wp\/v2\/comments?post=12916"}],"version-history":[{"count":0,"href":"https:\/\/deputadotaveirajr.com.br\/index.php\/wp-json\/wp\/v2\/pages\/12916\/revisions"}],"wp:featuredmedia":[{"embeddable":true,"href":"https:\/\/deputadotaveirajr.com.br\/index.php\/wp-json\/wp\/v2\/media\/12917"}],"wp:attachment":[{"href":"https:\/\/deputadotaveirajr.com.br\/index.php\/wp-json\/wp\/v2\/media?parent=12916"}],"curies":[{"name":"wp","href":"https:\/\/api.w.org\/{rel}","templated":true}]}}