{"id":12924,"date":"2025-05-05T16:51:22","date_gmt":"2025-05-05T19:51:22","guid":{"rendered":"https:\/\/deputadotaveirajr.com.br\/index.php\/video-vitimas-de-explosao-de-carro-se-emocionam-em-encontro-com-padre-fabio-de-melo-durante-show-na-grande-natal\/"},"modified":"2025-05-05T16:51:22","modified_gmt":"2025-05-05T19:51:22","slug":"video-vitimas-de-explosao-de-carro-se-emocionam-em-encontro-com-padre-fabio-de-melo-durante-show-na-grande-natal","status":"publish","type":"page","link":"https:\/\/deputadotaveirajr.com.br\/index.php\/video-vitimas-de-explosao-de-carro-se-emocionam-em-encontro-com-padre-fabio-de-melo-durante-show-na-grande-natal\/","title":{"rendered":"V\u00cdDEO: V\u00edtimas de explos\u00e3o de carro se emocionam em encontro com padre F\u00e1bio de Melo durante show na Grande Natal"},"content":{"rendered":"<p><img decoding=\"async\" src=\"https:\/\/s2-g1.glbimg.com\/GiyS2meKMJ3nX8bsoPeWYNQUUnY=\/i.s3.glbimg.com\/v1\/AUTH_59edd422c0c84a879bd37670ae4f538a\/internal_photos\/bs\/2025\/q\/O\/hTM7iFS26CgCwtbtdptQ\/padre-fabio-de-melo.jpg\" \/><br \/>     Encontro aconteceu em show do sacerdote em Parnamirim, neste domingo (4). Paloma, uma das v\u00edtimas, ficou um ano internada ap\u00f3s acidente, que ocorreu em 2023. Vi\u0301timas de explosa\u0303o de carro no RN encontram Padre Fa\u0301bio de Melo<br \/>\nUm encontro entre o padre F\u00e1bio de Melo e as v\u00edtimas de uma explos\u00e3o de um carro em um posto de combust\u00edveis em Parnamirim, na Grande Natal, em 2023, gerou um momento de emo\u00e7\u00e3o neste domingo (5) durante um show do sacerdote.<br \/>\nV\u00eddeos gravados mostraram a emo\u00e7\u00e3o durante o encontro de Paloma Rayssa Galdino e a m\u00e3e dela,  Maria de Lourdes, com o padre nos bastidores e tamb\u00e9m durante o show, que aconteceu em Parnamirim (veja acima).<br \/>\n\ud83d\udcf3Participe do canal do g1 RN no WhatsApp<br \/>\nO acidente em quest\u00e3o ocorreu no dia 12 de julho de 2023. Paloma, Maria de Lourdes e a amiga da fam\u00edlia Rita Cortez Lopes pararam o carro em um posto de gasolina em Parnamirim. Pouco tempo depois de come\u00e7ar a ser abastecido, o ve\u00edculo explodiu (veja v\u00eddeo da reportagem mais abaixo).<br \/>\nAs tr\u00eas mulheres viajavam para a cidade de Rafael Godeiro, no interior do RN, para um vel\u00f3rio. Rita Cortez, que teve mais de 50% do corpo queimado, morreu ap\u00f3s um m\u00eas internada, aos 62 anos.<br \/>\nPaloma ficou um ano internada, tendo ido quatro vezes para a UTI neste per\u00edodo. Quando saiu, disse que era o dia mais feliz da vida dela.  A m\u00e3e dela, Maria de Lourdes, que tamb\u00e9m sobreviveu, teve mais de 30% do corpo queimado.<br \/>\nPadre F\u00e1bio de Melo se encontra com Paloma e a m\u00e3e durante show em Parnamirim<br \/>\nCedida<br \/>\n\u2b07\ufe0f Veja quando Paloma recebeu alta do hospital ap\u00f3s um ano internada<br \/>\nV\u00edtima de explos\u00e3o de carro em posto de combust\u00edvel tem alta ap\u00f3s um ano<br \/>\nEncontro com padre F\u00e1bio de Melo<br \/>\nPadre F\u00e1bio de Melo fez um show neste domingo (4) no Parque Arist\u00f3fanes Fernandes, em Parnamirim, em uma festividade do Dia de Nossa Senhora de F\u00e1tima, padroeira do munic\u00edpio.<br \/>\nPaloma e a m\u00e3e, Maria de Lourdes, acompanharam o show em um lugar especial, pr\u00f3ximo ao palco, e tiveram a hist\u00f3ria contada pelo sacerdote durante o show.<br \/>\n&#8220;Elas estavam abastecendo o carro delas aqui, o carro explodiu. E a Paloma, mesmo com todos os ferimentos que ela tem, mesmo com todo mundo tendo corrido, n\u00e3o ficado, no inc\u00eandio dela, ela conseguiu salvar a m\u00e3e e outra pessoa que estava no carro&#8221;, contou o padre.<br \/>\nAs duas tamb\u00e9m protagonizaram um encontro emocionante nos bastidores com o padre F\u00e1bio de Melo, que ajudou Paloma a se levantar da cadeiras de rodas e a abra\u00e7ou.<br \/>\nLEIA TAMB\u00c9M<br \/>\n&#8216;Nasci de novo&#8217;: Relato da m\u00e3e sobre explos\u00e3o do carro<br \/>\n&#8216;Dia mais feliz da minha vida&#8217;: A sa\u00edda de Paloma do hospital ap\u00f3s 1 ano<br \/>\nExclusivo: V\u00edtima de explos\u00e3o fala com o Fant\u00e1stico<br \/>\nV\u00eddeos mais assistidos do g1 RN<\/p>","protected":false},"excerpt":{"rendered":"<p>Encontro aconteceu em show do sacerdote em Parnamirim, neste domingo (4). Paloma, uma das v\u00edtimas, ficou um ano internada ap\u00f3s acidente, que ocorreu em 2023. Vi\u0301timas de explosa\u0303o de carro &#8230;<\/p>\n","protected":false},"author":0,"featured_media":12925,"parent":0,"menu_order":0,"comment_status":"closed","ping_status":"closed","template":"","meta":{"footnotes":""},"class_list":["post-12924","page","type-page","status-publish","has-post-thumbnail","hentry"],"yoast_head":"<!-- This site is optimized with the Yoast SEO plugin v27.1.1 - https:\/\/yoast.com\/product\/yoast-seo-wordpress\/ -->\n<title>V\u00cdDEO: V\u00edtimas de explos\u00e3o de carro se emocionam em encontro com padre F\u00e1bio de Melo durante show na Grande Natal - Taveira Jr<\/title>\n<meta name=\"robots\" content=\"index, follow, max-snippet:-1, max-image-preview:large, max-video-preview:-1\" \/>\n<link rel=\"canonical\" href=\"https:\/\/deputadotaveirajr.com.br\/index.php\/video-vitimas-de-explosao-de-carro-se-emocionam-em-encontro-com-padre-fabio-de-melo-durante-show-na-grande-natal\/\" \/>\n<meta property=\"og:locale\" content=\"pt_BR\" \/>\n<meta property=\"og:type\" content=\"article\" \/>\n<meta property=\"og:title\" content=\"V\u00cdDEO: V\u00edtimas de explos\u00e3o de carro se emocionam em encontro com padre F\u00e1bio de Melo durante show na Grande Natal - Taveira Jr\" \/>\n<meta property=\"og:description\" content=\"Encontro aconteceu em show do sacerdote em Parnamirim, neste domingo (4). Paloma, uma das v\u00edtimas, ficou um ano internada ap\u00f3s acidente, que ocorreu em 2023. Vi\u0301timas de explosa\u0303o de carro ...\" \/>\n<meta property=\"og:url\" content=\"https:\/\/deputadotaveirajr.com.br\/index.php\/video-vitimas-de-explosao-de-carro-se-emocionam-em-encontro-com-padre-fabio-de-melo-durante-show-na-grande-natal\/\" \/>\n<meta property=\"og:site_name\" content=\"Taveira Jr\" \/>\n<meta property=\"og:image\" content=\"https:\/\/s2-g1.glbimg.com\/GiyS2meKMJ3nX8bsoPeWYNQUUnY=\/i.s3.glbimg.com\/v1\/AUTH_59edd422c0c84a879bd37670ae4f538a\/internal_photos\/bs\/2025\/q\/O\/hTM7iFS26CgCwtbtdptQ\/padre-fabio-de-melo.jpg\" \/>\n<meta name=\"twitter:card\" content=\"summary_large_image\" \/>\n<meta name=\"twitter:label1\" content=\"Est. tempo de leitura\" \/>\n\t<meta name=\"twitter:data1\" content=\"3 minutos\" \/>\n<script type=\"application\/ld+json\" class=\"yoast-schema-graph\">{\"@context\":\"https:\/\/schema.org\",\"@graph\":[{\"@type\":\"WebPage\",\"@id\":\"https:\/\/deputadotaveirajr.com.br\/index.php\/video-vitimas-de-explosao-de-carro-se-emocionam-em-encontro-com-padre-fabio-de-melo-durante-show-na-grande-natal\/\",\"url\":\"https:\/\/deputadotaveirajr.com.br\/index.php\/video-vitimas-de-explosao-de-carro-se-emocionam-em-encontro-com-padre-fabio-de-melo-durante-show-na-grande-natal\/\",\"name\":\"V\u00cdDEO: V\u00edtimas de explos\u00e3o de carro se emocionam em encontro com padre F\u00e1bio de Melo durante show na Grande Natal - Taveira Jr\",\"isPartOf\":{\"@id\":\"https:\/\/deputadotaveirajr.com.br\/#website\"},\"primaryImageOfPage\":{\"@id\":\"https:\/\/deputadotaveirajr.com.br\/index.php\/video-vitimas-de-explosao-de-carro-se-emocionam-em-encontro-com-padre-fabio-de-melo-durante-show-na-grande-natal\/#primaryimage\"},\"image\":{\"@id\":\"https:\/\/deputadotaveirajr.com.br\/index.php\/video-vitimas-de-explosao-de-carro-se-emocionam-em-encontro-com-padre-fabio-de-melo-durante-show-na-grande-natal\/#primaryimage\"},\"thumbnailUrl\":\"https:\/\/deputadotaveirajr.com.br\/wp-content\/uploads\/2025\/05\/padre-fabio-de-melo-eGp4fx.jpg\",\"datePublished\":\"2025-05-05T19:51:22+00:00\",\"breadcrumb\":{\"@id\":\"https:\/\/deputadotaveirajr.com.br\/index.php\/video-vitimas-de-explosao-de-carro-se-emocionam-em-encontro-com-padre-fabio-de-melo-durante-show-na-grande-natal\/#breadcrumb\"},\"inLanguage\":\"pt-BR\",\"potentialAction\":[{\"@type\":\"ReadAction\",\"target\":[\"https:\/\/deputadotaveirajr.com.br\/index.php\/video-vitimas-de-explosao-de-carro-se-emocionam-em-encontro-com-padre-fabio-de-melo-durante-show-na-grande-natal\/\"]}]},{\"@type\":\"ImageObject\",\"inLanguage\":\"pt-BR\",\"@id\":\"https:\/\/deputadotaveirajr.com.br\/index.php\/video-vitimas-de-explosao-de-carro-se-emocionam-em-encontro-com-padre-fabio-de-melo-durante-show-na-grande-natal\/#primaryimage\",\"url\":\"https:\/\/deputadotaveirajr.com.br\/wp-content\/uploads\/2025\/05\/padre-fabio-de-melo-eGp4fx.jpg\",\"contentUrl\":\"https:\/\/deputadotaveirajr.com.br\/wp-content\/uploads\/2025\/05\/padre-fabio-de-melo-eGp4fx.jpg\",\"width\":1250,\"height\":1247},{\"@type\":\"BreadcrumbList\",\"@id\":\"https:\/\/deputadotaveirajr.com.br\/index.php\/video-vitimas-de-explosao-de-carro-se-emocionam-em-encontro-com-padre-fabio-de-melo-durante-show-na-grande-natal\/#breadcrumb\",\"itemListElement\":[{\"@type\":\"ListItem\",\"position\":1,\"name\":\"In\u00edcio\",\"item\":\"https:\/\/deputadotaveirajr.com.br\/\"},{\"@type\":\"ListItem\",\"position\":2,\"name\":\"V\u00cdDEO: V\u00edtimas de explos\u00e3o de carro se emocionam em encontro com padre F\u00e1bio de Melo durante show na Grande Natal\"}]},{\"@type\":\"WebSite\",\"@id\":\"https:\/\/deputadotaveirajr.com.br\/#website\",\"url\":\"https:\/\/deputadotaveirajr.com.br\/\",\"name\":\"Taveira Jr\",\"description\":\"Deputado Estadual\",\"publisher\":{\"@id\":\"https:\/\/deputadotaveirajr.com.br\/#organization\"},\"potentialAction\":[{\"@type\":\"SearchAction\",\"target\":{\"@type\":\"EntryPoint\",\"urlTemplate\":\"https:\/\/deputadotaveirajr.com.br\/?s={search_term_string}\"},\"query-input\":{\"@type\":\"PropertyValueSpecification\",\"valueRequired\":true,\"valueName\":\"search_term_string\"}}],\"inLanguage\":\"pt-BR\"},{\"@type\":\"Organization\",\"@id\":\"https:\/\/deputadotaveirajr.com.br\/#organization\",\"name\":\"Taveira Jr\",\"url\":\"https:\/\/deputadotaveirajr.com.br\/\",\"logo\":{\"@type\":\"ImageObject\",\"inLanguage\":\"pt-BR\",\"@id\":\"https:\/\/deputadotaveirajr.com.br\/#\/schema\/logo\/image\/\",\"url\":\"https:\/\/deputadotaveirajr.com.br\/wp-content\/uploads\/2026\/01\/logolow2a.png\",\"contentUrl\":\"https:\/\/deputadotaveirajr.com.br\/wp-content\/uploads\/2026\/01\/logolow2a.png\",\"width\":290,\"height\":80,\"caption\":\"Taveira Jr\"},\"image\":{\"@id\":\"https:\/\/deputadotaveirajr.com.br\/#\/schema\/logo\/image\/\"}}]}<\/script>\n<!-- \/ Yoast SEO plugin. -->","yoast_head_json":{"title":"V\u00cdDEO: V\u00edtimas de explos\u00e3o de carro se emocionam em encontro com padre F\u00e1bio de Melo durante show na Grande Natal - Taveira Jr","robots":{"index":"index","follow":"follow","max-snippet":"max-snippet:-1","max-image-preview":"max-image-preview:large","max-video-preview":"max-video-preview:-1"},"canonical":"https:\/\/deputadotaveirajr.com.br\/index.php\/video-vitimas-de-explosao-de-carro-se-emocionam-em-encontro-com-padre-fabio-de-melo-durante-show-na-grande-natal\/","og_locale":"pt_BR","og_type":"article","og_title":"V\u00cdDEO: V\u00edtimas de explos\u00e3o de carro se emocionam em encontro com padre F\u00e1bio de Melo durante show na Grande Natal - Taveira Jr","og_description":"Encontro aconteceu em show do sacerdote em Parnamirim, neste domingo (4). Paloma, uma das v\u00edtimas, ficou um ano internada ap\u00f3s acidente, que ocorreu em 2023. Vi\u0301timas de explosa\u0303o de carro ...","og_url":"https:\/\/deputadotaveirajr.com.br\/index.php\/video-vitimas-de-explosao-de-carro-se-emocionam-em-encontro-com-padre-fabio-de-melo-durante-show-na-grande-natal\/","og_site_name":"Taveira Jr","og_image":[{"url":"https:\/\/s2-g1.glbimg.com\/GiyS2meKMJ3nX8bsoPeWYNQUUnY=\/i.s3.glbimg.com\/v1\/AUTH_59edd422c0c84a879bd37670ae4f538a\/internal_photos\/bs\/2025\/q\/O\/hTM7iFS26CgCwtbtdptQ\/padre-fabio-de-melo.jpg","type":"","width":"","height":""}],"twitter_card":"summary_large_image","twitter_misc":{"Est. tempo de leitura":"3 minutos"},"schema":{"@context":"https:\/\/schema.org","@graph":[{"@type":"WebPage","@id":"https:\/\/deputadotaveirajr.com.br\/index.php\/video-vitimas-de-explosao-de-carro-se-emocionam-em-encontro-com-padre-fabio-de-melo-durante-show-na-grande-natal\/","url":"https:\/\/deputadotaveirajr.com.br\/index.php\/video-vitimas-de-explosao-de-carro-se-emocionam-em-encontro-com-padre-fabio-de-melo-durante-show-na-grande-natal\/","name":"V\u00cdDEO: V\u00edtimas de explos\u00e3o de carro se emocionam em encontro com padre F\u00e1bio de Melo durante show na Grande Natal - Taveira Jr","isPartOf":{"@id":"https:\/\/deputadotaveirajr.com.br\/#website"},"primaryImageOfPage":{"@id":"https:\/\/deputadotaveirajr.com.br\/index.php\/video-vitimas-de-explosao-de-carro-se-emocionam-em-encontro-com-padre-fabio-de-melo-durante-show-na-grande-natal\/#primaryimage"},"image":{"@id":"https:\/\/deputadotaveirajr.com.br\/index.php\/video-vitimas-de-explosao-de-carro-se-emocionam-em-encontro-com-padre-fabio-de-melo-durante-show-na-grande-natal\/#primaryimage"},"thumbnailUrl":"https:\/\/deputadotaveirajr.com.br\/wp-content\/uploads\/2025\/05\/padre-fabio-de-melo-eGp4fx.jpg","datePublished":"2025-05-05T19:51:22+00:00","breadcrumb":{"@id":"https:\/\/deputadotaveirajr.com.br\/index.php\/video-vitimas-de-explosao-de-carro-se-emocionam-em-encontro-com-padre-fabio-de-melo-durante-show-na-grande-natal\/#breadcrumb"},"inLanguage":"pt-BR","potentialAction":[{"@type":"ReadAction","target":["https:\/\/deputadotaveirajr.com.br\/index.php\/video-vitimas-de-explosao-de-carro-se-emocionam-em-encontro-com-padre-fabio-de-melo-durante-show-na-grande-natal\/"]}]},{"@type":"ImageObject","inLanguage":"pt-BR","@id":"https:\/\/deputadotaveirajr.com.br\/index.php\/video-vitimas-de-explosao-de-carro-se-emocionam-em-encontro-com-padre-fabio-de-melo-durante-show-na-grande-natal\/#primaryimage","url":"https:\/\/deputadotaveirajr.com.br\/wp-content\/uploads\/2025\/05\/padre-fabio-de-melo-eGp4fx.jpg","contentUrl":"https:\/\/deputadotaveirajr.com.br\/wp-content\/uploads\/2025\/05\/padre-fabio-de-melo-eGp4fx.jpg","width":1250,"height":1247},{"@type":"BreadcrumbList","@id":"https:\/\/deputadotaveirajr.com.br\/index.php\/video-vitimas-de-explosao-de-carro-se-emocionam-em-encontro-com-padre-fabio-de-melo-durante-show-na-grande-natal\/#breadcrumb","itemListElement":[{"@type":"ListItem","position":1,"name":"In\u00edcio","item":"https:\/\/deputadotaveirajr.com.br\/"},{"@type":"ListItem","position":2,"name":"V\u00cdDEO: V\u00edtimas de explos\u00e3o de carro se emocionam em encontro com padre F\u00e1bio de Melo durante show na Grande Natal"}]},{"@type":"WebSite","@id":"https:\/\/deputadotaveirajr.com.br\/#website","url":"https:\/\/deputadotaveirajr.com.br\/","name":"Taveira Jr","description":"Deputado Estadual","publisher":{"@id":"https:\/\/deputadotaveirajr.com.br\/#organization"},"potentialAction":[{"@type":"SearchAction","target":{"@type":"EntryPoint","urlTemplate":"https:\/\/deputadotaveirajr.com.br\/?s={search_term_string}"},"query-input":{"@type":"PropertyValueSpecification","valueRequired":true,"valueName":"search_term_string"}}],"inLanguage":"pt-BR"},{"@type":"Organization","@id":"https:\/\/deputadotaveirajr.com.br\/#organization","name":"Taveira Jr","url":"https:\/\/deputadotaveirajr.com.br\/","logo":{"@type":"ImageObject","inLanguage":"pt-BR","@id":"https:\/\/deputadotaveirajr.com.br\/#\/schema\/logo\/image\/","url":"https:\/\/deputadotaveirajr.com.br\/wp-content\/uploads\/2026\/01\/logolow2a.png","contentUrl":"https:\/\/deputadotaveirajr.com.br\/wp-content\/uploads\/2026\/01\/logolow2a.png","width":290,"height":80,"caption":"Taveira Jr"},"image":{"@id":"https:\/\/deputadotaveirajr.com.br\/#\/schema\/logo\/image\/"}}]}},"_links":{"self":[{"href":"https:\/\/deputadotaveirajr.com.br\/index.php\/wp-json\/wp\/v2\/pages\/12924","targetHints":{"allow":["GET"]}}],"collection":[{"href":"https:\/\/deputadotaveirajr.com.br\/index.php\/wp-json\/wp\/v2\/pages"}],"about":[{"href":"https:\/\/deputadotaveirajr.com.br\/index.php\/wp-json\/wp\/v2\/types\/page"}],"replies":[{"embeddable":true,"href":"https:\/\/deputadotaveirajr.com.br\/index.php\/wp-json\/wp\/v2\/comments?post=12924"}],"version-history":[{"count":0,"href":"https:\/\/deputadotaveirajr.com.br\/index.php\/wp-json\/wp\/v2\/pages\/12924\/revisions"}],"wp:featuredmedia":[{"embeddable":true,"href":"https:\/\/deputadotaveirajr.com.br\/index.php\/wp-json\/wp\/v2\/media\/12925"}],"wp:attachment":[{"href":"https:\/\/deputadotaveirajr.com.br\/index.php\/wp-json\/wp\/v2\/media?parent=12924"}],"curies":[{"name":"wp","href":"https:\/\/api.w.org\/{rel}","templated":true}]}}