{"id":12948,"date":"2025-05-08T20:16:02","date_gmt":"2025-05-08T23:16:02","guid":{"rendered":"https:\/\/deputadotaveirajr.com.br\/index.php\/justica-eleitoral-cassa-pela-segunda-vez-mandato-do-prefeito-de-lajes\/"},"modified":"2025-05-08T20:16:02","modified_gmt":"2025-05-08T23:16:02","slug":"justica-eleitoral-cassa-pela-segunda-vez-mandato-do-prefeito-de-lajes","status":"publish","type":"page","link":"https:\/\/deputadotaveirajr.com.br\/index.php\/justica-eleitoral-cassa-pela-segunda-vez-mandato-do-prefeito-de-lajes\/","title":{"rendered":"Justi\u00e7a Eleitoral cassa pela segunda vez mandato do prefeito de Lajes"},"content":{"rendered":"<p><img decoding=\"async\" src=\"https:\/\/s2-g1.glbimg.com\/StI-6N3OGVnRh-zI8N0v03_Z6Ho=\/i.s3.glbimg.com\/v1\/AUTH_59edd422c0c84a879bd37670ae4f538a\/internal_photos\/bs\/2025\/d\/F\/ROXbRASkWAZ7LxuZhEXA\/prefeito-lajes.png\" \/><br \/>     Felipe Menezes disse que nunca se utilizou da m\u00e1quina p\u00fablica em benef\u00edcio pr\u00f3prio e que respeita a decis\u00e3o da Justi\u00e7a Eleitoral, embora n\u00e3o concorde. Decis\u00e3o cabe recurso. Prefeito de Lajes, Felipe Menezes (MDB), e\u0301 cassado pela segunda vez<br \/>\nA Justi\u00e7a Eleitoral do Rio Grande do Norte cassou pela segunda vez no per\u00edodo de um m\u00eas o mandato do prefeito de Lajes (RN), Felipe Menezes (MDB), e do vice dele, Jos\u00e9 Carlos Felipe (PT), por abuso de poder pol\u00edtico e econ\u00f4mico.<br \/>\nO prefeito e o vice j\u00e1 haviam tido o mandato cassado no dia 7 de abril deste ano, tamb\u00e9m por abuso de poder pol\u00edtico, por conta do aumento no n\u00famero de coordenadores em secretarias municipais em 2024, ano de elei\u00e7\u00e3o. As duas decis\u00f5es cabem recurso.<br \/>\n\ud83d\udcf3Participe do canal do g1 RN no WhatsApp<br \/>\nEm nota, o prefeito Felipe Menezes afirmou que nunca se utilizou da m\u00e1quina p\u00fablica em benef\u00edcio pr\u00f3prio, disse que respeita a decis\u00e3o da Justi\u00e7a Eleitoral, embora n\u00e3o concorde, e que est\u00e1 tomando as provid\u00eancias cab\u00edveis.<br \/>\nO prefeito e o vice permanecem nos cargos, j\u00e1 que as decis\u00f5es s\u00e3o de primeira inst\u00e2ncia e ainda permitem recurso no Tribunal Regional Eleitoral do Rio Grande do Norte(TRE-RN).<br \/>\nCaso a decis\u00e3o seja confirmada em inst\u00e2ncias superiores, o Munic\u00edpio teria uma nova elei\u00e7\u00e3o.<br \/>\nPrefeito de Lajes, Felipe Ferreira de Menezes Ara\u00fajo (MDB) foi cassado pela Justi\u00e7a Eleitoral<br \/>\nReprodu\u00e7\u00e3o\/Redes sociais<br \/>\nNova decis\u00e3o<br \/>\nA decis\u00e3o foi da ju\u00edza Gabriela Edvanda Marques F\u00e9lix, da 17\u00aa Zona Eleitoral, de Lajes. Al\u00e9m da cassa\u00e7\u00e3o, foi declarada a inelegibilidade do gestor por 8 anos.<br \/>\nO vice-prefeito tamb\u00e9m foi cassado na decis\u00e3o, mas n\u00e3o recebeu a senten\u00e7a de inelegibilidade.<br \/>\nNa decis\u00e3o, a magistrada reconheceu proced\u00eancia em uma a\u00e7\u00e3o da oposi\u00e7\u00e3o que acusou o prefeito de realizar doa\u00e7\u00f5es de cesta b\u00e1sica em ano eleitoral, pr\u00e1tica vedada pela legisla\u00e7\u00e3o.<br \/>\nAl\u00e9m disso, a decis\u00e3o apontou outras atividades realizadas pela chapa, como perfura\u00e7\u00f5es de po\u00e7os e , cortes de terras e utilizou a m\u00e1quina p\u00fablica para realizar at\u00e9 doa\u00e7\u00f5es de casa no ano de 2024 no per\u00edodo eleitoral.<br \/>\nA Justi\u00e7a Eleitoral entendeu que tais a\u00e7\u00f5es configuram &#8220;conduta vedada, com potencial para influenciar o resultado do pleito&#8221;.<br \/>\nPrimeira decis\u00e3o<br \/>\nNa primeira decis\u00e3o, a ju\u00edza apontou que a gest\u00e3o de Felipe Menezes teria ampliado de 15 para 139 o n\u00famero de coordenadores em secretarias municipais, a fim de garantir votos \u00e0 sua reelei\u00e7\u00e3o por meio de cargos comissionados. A maioria dos cargos s\u00f3 foi preenchida em 2024, ano eleitoral.<br \/>\nA a\u00e7\u00e3o de investiga\u00e7\u00e3o judicial eleitoral foi citou que o prefeito, que buscava reelei\u00e7\u00e3o, enviou \u00e0 C\u00e2mara Municipal um projeto de lei que resultou na cria\u00e7\u00e3o de cargos comissionados, aumentando significativamente o n\u00famero de coordenadores vinculados \u00e0s secretarias municipais.<br \/>\nV\u00eddeos mais assistidos do g1 RN<\/p>","protected":false},"excerpt":{"rendered":"<p>Felipe Menezes disse que nunca se utilizou da m\u00e1quina p\u00fablica em benef\u00edcio pr\u00f3prio e que respeita a decis\u00e3o da Justi\u00e7a Eleitoral, embora n\u00e3o concorde. Decis\u00e3o cabe recurso. Prefeito de Lajes, &#8230;<\/p>\n","protected":false},"author":0,"featured_media":12949,"parent":0,"menu_order":0,"comment_status":"closed","ping_status":"closed","template":"","meta":{"footnotes":""},"class_list":["post-12948","page","type-page","status-publish","has-post-thumbnail","hentry"],"yoast_head":"<!-- This site is optimized with the Yoast SEO plugin v27.1.1 - https:\/\/yoast.com\/product\/yoast-seo-wordpress\/ -->\n<title>Justi\u00e7a Eleitoral cassa pela segunda vez mandato do prefeito de Lajes - Taveira Jr<\/title>\n<meta name=\"robots\" content=\"index, follow, max-snippet:-1, max-image-preview:large, max-video-preview:-1\" \/>\n<link rel=\"canonical\" href=\"https:\/\/deputadotaveirajr.com.br\/index.php\/justica-eleitoral-cassa-pela-segunda-vez-mandato-do-prefeito-de-lajes\/\" \/>\n<meta property=\"og:locale\" content=\"pt_BR\" \/>\n<meta property=\"og:type\" content=\"article\" \/>\n<meta property=\"og:title\" content=\"Justi\u00e7a Eleitoral cassa pela segunda vez mandato do prefeito de Lajes - Taveira Jr\" \/>\n<meta property=\"og:description\" content=\"Felipe Menezes disse que nunca se utilizou da m\u00e1quina p\u00fablica em benef\u00edcio pr\u00f3prio e que respeita a decis\u00e3o da Justi\u00e7a Eleitoral, embora n\u00e3o concorde. Decis\u00e3o cabe recurso. Prefeito de Lajes, ...\" \/>\n<meta property=\"og:url\" content=\"https:\/\/deputadotaveirajr.com.br\/index.php\/justica-eleitoral-cassa-pela-segunda-vez-mandato-do-prefeito-de-lajes\/\" \/>\n<meta property=\"og:site_name\" content=\"Taveira Jr\" \/>\n<meta property=\"og:image\" content=\"https:\/\/s2-g1.glbimg.com\/StI-6N3OGVnRh-zI8N0v03_Z6Ho=\/i.s3.glbimg.com\/v1\/AUTH_59edd422c0c84a879bd37670ae4f538a\/internal_photos\/bs\/2025\/d\/F\/ROXbRASkWAZ7LxuZhEXA\/prefeito-lajes.png\" \/>\n<meta name=\"twitter:card\" content=\"summary_large_image\" \/>\n<meta name=\"twitter:label1\" content=\"Est. tempo de leitura\" \/>\n\t<meta name=\"twitter:data1\" content=\"3 minutos\" \/>\n<script type=\"application\/ld+json\" class=\"yoast-schema-graph\">{\"@context\":\"https:\/\/schema.org\",\"@graph\":[{\"@type\":\"WebPage\",\"@id\":\"https:\/\/deputadotaveirajr.com.br\/index.php\/justica-eleitoral-cassa-pela-segunda-vez-mandato-do-prefeito-de-lajes\/\",\"url\":\"https:\/\/deputadotaveirajr.com.br\/index.php\/justica-eleitoral-cassa-pela-segunda-vez-mandato-do-prefeito-de-lajes\/\",\"name\":\"Justi\u00e7a Eleitoral cassa pela segunda vez mandato do prefeito de Lajes - Taveira Jr\",\"isPartOf\":{\"@id\":\"https:\/\/deputadotaveirajr.com.br\/#website\"},\"primaryImageOfPage\":{\"@id\":\"https:\/\/deputadotaveirajr.com.br\/index.php\/justica-eleitoral-cassa-pela-segunda-vez-mandato-do-prefeito-de-lajes\/#primaryimage\"},\"image\":{\"@id\":\"https:\/\/deputadotaveirajr.com.br\/index.php\/justica-eleitoral-cassa-pela-segunda-vez-mandato-do-prefeito-de-lajes\/#primaryimage\"},\"thumbnailUrl\":\"https:\/\/deputadotaveirajr.com.br\/wp-content\/uploads\/2025\/05\/prefeito-lajes-jh9HKw.jpg\",\"datePublished\":\"2025-05-08T23:16:02+00:00\",\"breadcrumb\":{\"@id\":\"https:\/\/deputadotaveirajr.com.br\/index.php\/justica-eleitoral-cassa-pela-segunda-vez-mandato-do-prefeito-de-lajes\/#breadcrumb\"},\"inLanguage\":\"pt-BR\",\"potentialAction\":[{\"@type\":\"ReadAction\",\"target\":[\"https:\/\/deputadotaveirajr.com.br\/index.php\/justica-eleitoral-cassa-pela-segunda-vez-mandato-do-prefeito-de-lajes\/\"]}]},{\"@type\":\"ImageObject\",\"inLanguage\":\"pt-BR\",\"@id\":\"https:\/\/deputadotaveirajr.com.br\/index.php\/justica-eleitoral-cassa-pela-segunda-vez-mandato-do-prefeito-de-lajes\/#primaryimage\",\"url\":\"https:\/\/deputadotaveirajr.com.br\/wp-content\/uploads\/2025\/05\/prefeito-lajes-jh9HKw.jpg\",\"contentUrl\":\"https:\/\/deputadotaveirajr.com.br\/wp-content\/uploads\/2025\/05\/prefeito-lajes-jh9HKw.jpg\",\"width\":1200,\"height\":916},{\"@type\":\"BreadcrumbList\",\"@id\":\"https:\/\/deputadotaveirajr.com.br\/index.php\/justica-eleitoral-cassa-pela-segunda-vez-mandato-do-prefeito-de-lajes\/#breadcrumb\",\"itemListElement\":[{\"@type\":\"ListItem\",\"position\":1,\"name\":\"In\u00edcio\",\"item\":\"https:\/\/deputadotaveirajr.com.br\/\"},{\"@type\":\"ListItem\",\"position\":2,\"name\":\"Justi\u00e7a Eleitoral cassa pela segunda vez mandato do prefeito de Lajes\"}]},{\"@type\":\"WebSite\",\"@id\":\"https:\/\/deputadotaveirajr.com.br\/#website\",\"url\":\"https:\/\/deputadotaveirajr.com.br\/\",\"name\":\"Taveira Jr\",\"description\":\"Deputado Estadual\",\"publisher\":{\"@id\":\"https:\/\/deputadotaveirajr.com.br\/#organization\"},\"potentialAction\":[{\"@type\":\"SearchAction\",\"target\":{\"@type\":\"EntryPoint\",\"urlTemplate\":\"https:\/\/deputadotaveirajr.com.br\/?s={search_term_string}\"},\"query-input\":{\"@type\":\"PropertyValueSpecification\",\"valueRequired\":true,\"valueName\":\"search_term_string\"}}],\"inLanguage\":\"pt-BR\"},{\"@type\":\"Organization\",\"@id\":\"https:\/\/deputadotaveirajr.com.br\/#organization\",\"name\":\"Taveira Jr\",\"url\":\"https:\/\/deputadotaveirajr.com.br\/\",\"logo\":{\"@type\":\"ImageObject\",\"inLanguage\":\"pt-BR\",\"@id\":\"https:\/\/deputadotaveirajr.com.br\/#\/schema\/logo\/image\/\",\"url\":\"https:\/\/deputadotaveirajr.com.br\/wp-content\/uploads\/2026\/01\/logolow2a.png\",\"contentUrl\":\"https:\/\/deputadotaveirajr.com.br\/wp-content\/uploads\/2026\/01\/logolow2a.png\",\"width\":290,\"height\":80,\"caption\":\"Taveira Jr\"},\"image\":{\"@id\":\"https:\/\/deputadotaveirajr.com.br\/#\/schema\/logo\/image\/\"}}]}<\/script>\n<!-- \/ Yoast SEO plugin. -->","yoast_head_json":{"title":"Justi\u00e7a Eleitoral cassa pela segunda vez mandato do prefeito de Lajes - Taveira Jr","robots":{"index":"index","follow":"follow","max-snippet":"max-snippet:-1","max-image-preview":"max-image-preview:large","max-video-preview":"max-video-preview:-1"},"canonical":"https:\/\/deputadotaveirajr.com.br\/index.php\/justica-eleitoral-cassa-pela-segunda-vez-mandato-do-prefeito-de-lajes\/","og_locale":"pt_BR","og_type":"article","og_title":"Justi\u00e7a Eleitoral cassa pela segunda vez mandato do prefeito de Lajes - Taveira Jr","og_description":"Felipe Menezes disse que nunca se utilizou da m\u00e1quina p\u00fablica em benef\u00edcio pr\u00f3prio e que respeita a decis\u00e3o da Justi\u00e7a Eleitoral, embora n\u00e3o concorde. Decis\u00e3o cabe recurso. Prefeito de Lajes, ...","og_url":"https:\/\/deputadotaveirajr.com.br\/index.php\/justica-eleitoral-cassa-pela-segunda-vez-mandato-do-prefeito-de-lajes\/","og_site_name":"Taveira Jr","og_image":[{"url":"https:\/\/s2-g1.glbimg.com\/StI-6N3OGVnRh-zI8N0v03_Z6Ho=\/i.s3.glbimg.com\/v1\/AUTH_59edd422c0c84a879bd37670ae4f538a\/internal_photos\/bs\/2025\/d\/F\/ROXbRASkWAZ7LxuZhEXA\/prefeito-lajes.png","type":"","width":"","height":""}],"twitter_card":"summary_large_image","twitter_misc":{"Est. tempo de leitura":"3 minutos"},"schema":{"@context":"https:\/\/schema.org","@graph":[{"@type":"WebPage","@id":"https:\/\/deputadotaveirajr.com.br\/index.php\/justica-eleitoral-cassa-pela-segunda-vez-mandato-do-prefeito-de-lajes\/","url":"https:\/\/deputadotaveirajr.com.br\/index.php\/justica-eleitoral-cassa-pela-segunda-vez-mandato-do-prefeito-de-lajes\/","name":"Justi\u00e7a Eleitoral cassa pela segunda vez mandato do prefeito de Lajes - Taveira Jr","isPartOf":{"@id":"https:\/\/deputadotaveirajr.com.br\/#website"},"primaryImageOfPage":{"@id":"https:\/\/deputadotaveirajr.com.br\/index.php\/justica-eleitoral-cassa-pela-segunda-vez-mandato-do-prefeito-de-lajes\/#primaryimage"},"image":{"@id":"https:\/\/deputadotaveirajr.com.br\/index.php\/justica-eleitoral-cassa-pela-segunda-vez-mandato-do-prefeito-de-lajes\/#primaryimage"},"thumbnailUrl":"https:\/\/deputadotaveirajr.com.br\/wp-content\/uploads\/2025\/05\/prefeito-lajes-jh9HKw.jpg","datePublished":"2025-05-08T23:16:02+00:00","breadcrumb":{"@id":"https:\/\/deputadotaveirajr.com.br\/index.php\/justica-eleitoral-cassa-pela-segunda-vez-mandato-do-prefeito-de-lajes\/#breadcrumb"},"inLanguage":"pt-BR","potentialAction":[{"@type":"ReadAction","target":["https:\/\/deputadotaveirajr.com.br\/index.php\/justica-eleitoral-cassa-pela-segunda-vez-mandato-do-prefeito-de-lajes\/"]}]},{"@type":"ImageObject","inLanguage":"pt-BR","@id":"https:\/\/deputadotaveirajr.com.br\/index.php\/justica-eleitoral-cassa-pela-segunda-vez-mandato-do-prefeito-de-lajes\/#primaryimage","url":"https:\/\/deputadotaveirajr.com.br\/wp-content\/uploads\/2025\/05\/prefeito-lajes-jh9HKw.jpg","contentUrl":"https:\/\/deputadotaveirajr.com.br\/wp-content\/uploads\/2025\/05\/prefeito-lajes-jh9HKw.jpg","width":1200,"height":916},{"@type":"BreadcrumbList","@id":"https:\/\/deputadotaveirajr.com.br\/index.php\/justica-eleitoral-cassa-pela-segunda-vez-mandato-do-prefeito-de-lajes\/#breadcrumb","itemListElement":[{"@type":"ListItem","position":1,"name":"In\u00edcio","item":"https:\/\/deputadotaveirajr.com.br\/"},{"@type":"ListItem","position":2,"name":"Justi\u00e7a Eleitoral cassa pela segunda vez mandato do prefeito de Lajes"}]},{"@type":"WebSite","@id":"https:\/\/deputadotaveirajr.com.br\/#website","url":"https:\/\/deputadotaveirajr.com.br\/","name":"Taveira Jr","description":"Deputado Estadual","publisher":{"@id":"https:\/\/deputadotaveirajr.com.br\/#organization"},"potentialAction":[{"@type":"SearchAction","target":{"@type":"EntryPoint","urlTemplate":"https:\/\/deputadotaveirajr.com.br\/?s={search_term_string}"},"query-input":{"@type":"PropertyValueSpecification","valueRequired":true,"valueName":"search_term_string"}}],"inLanguage":"pt-BR"},{"@type":"Organization","@id":"https:\/\/deputadotaveirajr.com.br\/#organization","name":"Taveira Jr","url":"https:\/\/deputadotaveirajr.com.br\/","logo":{"@type":"ImageObject","inLanguage":"pt-BR","@id":"https:\/\/deputadotaveirajr.com.br\/#\/schema\/logo\/image\/","url":"https:\/\/deputadotaveirajr.com.br\/wp-content\/uploads\/2026\/01\/logolow2a.png","contentUrl":"https:\/\/deputadotaveirajr.com.br\/wp-content\/uploads\/2026\/01\/logolow2a.png","width":290,"height":80,"caption":"Taveira Jr"},"image":{"@id":"https:\/\/deputadotaveirajr.com.br\/#\/schema\/logo\/image\/"}}]}},"_links":{"self":[{"href":"https:\/\/deputadotaveirajr.com.br\/index.php\/wp-json\/wp\/v2\/pages\/12948","targetHints":{"allow":["GET"]}}],"collection":[{"href":"https:\/\/deputadotaveirajr.com.br\/index.php\/wp-json\/wp\/v2\/pages"}],"about":[{"href":"https:\/\/deputadotaveirajr.com.br\/index.php\/wp-json\/wp\/v2\/types\/page"}],"replies":[{"embeddable":true,"href":"https:\/\/deputadotaveirajr.com.br\/index.php\/wp-json\/wp\/v2\/comments?post=12948"}],"version-history":[{"count":0,"href":"https:\/\/deputadotaveirajr.com.br\/index.php\/wp-json\/wp\/v2\/pages\/12948\/revisions"}],"wp:featuredmedia":[{"embeddable":true,"href":"https:\/\/deputadotaveirajr.com.br\/index.php\/wp-json\/wp\/v2\/media\/12949"}],"wp:attachment":[{"href":"https:\/\/deputadotaveirajr.com.br\/index.php\/wp-json\/wp\/v2\/media?parent=12948"}],"curies":[{"name":"wp","href":"https:\/\/api.w.org\/{rel}","templated":true}]}}