{"id":12950,"date":"2025-05-08T18:53:48","date_gmt":"2025-05-08T21:53:48","guid":{"rendered":"https:\/\/deputadotaveirajr.com.br\/index.php\/suspeito-de-matar-suboficial-da-marinha-durante-assalto-e-preso-em-mossoro\/"},"modified":"2025-05-08T18:53:48","modified_gmt":"2025-05-08T21:53:48","slug":"suspeito-de-matar-suboficial-da-marinha-durante-assalto-e-preso-em-mossoro","status":"publish","type":"page","link":"https:\/\/deputadotaveirajr.com.br\/index.php\/suspeito-de-matar-suboficial-da-marinha-durante-assalto-e-preso-em-mossoro\/","title":{"rendered":"Suspeito de matar suboficial da Marinha durante assalto \u00e9 preso em Mossor\u00f3"},"content":{"rendered":"<p><img decoding=\"async\" src=\"https:\/\/s2-g1.glbimg.com\/G0Rw5DlB8H-NBV2wP9SaMd6j2Tw=\/i.s3.glbimg.com\/v1\/AUTH_59edd422c0c84a879bd37670ae4f538a\/internal_photos\/bs\/2025\/P\/h\/W5XFEvRpGWWMNyfiEDvQ\/cedidade.jpg\" \/><br \/>     Caso aconteceu em junho de 2022 e suspeito estava foragido desde dezembro daquele ano, ap\u00f3s mandado de pris\u00e3o ter sido expedido contra ele.  Preso suspeito por morte de suboficial da Marinha em Mossoro\u0301<br \/>\nUm homem de 26 anos, suspeito de matar um suboficial da Marinha durante um assalto em Mossor\u00f3, foi preso na noite de ter\u00e7a-feira (6) no pr\u00f3prio munic\u00edpio da Regi\u00e3o Oeste do Rio Grande do Norte.<br \/>\nO caso aconteceu em junho de 2022. Ricardo Luiz dos Santos, de 57 anos, foi morto a tiros durante o assalto a uma casa no bairro Bela Vista.<br \/>\n\ud83d\udcf3Participe do canal do g1 RN no WhatsApp<br \/>\nSegundo a Pol\u00edcia Civil, o suspeito preso nesta semana estava foragido desde dezembro de 2022, quando foi expedido um mandado de pris\u00e3o preventiva contra ele.<br \/>\nO suspeito foi preso em uma casa na cidade de Mossor\u00f3. A informa\u00e7\u00e3o da pris\u00e3o foi confirmada pela pela Pol\u00edcia Civil \u00e0 Inter TV nesta quinta (8).<br \/>\nRicardo Luiz, a v\u00edtima do crime, morava em Natal, mas havia ido a Mossor\u00f3 para encontrar familiares (veja detalhes do caso mais abaixo).<br \/>\nRicardo Luiz tinha 57 anos de idade<br \/>\nCedida<\/p>\n<p>Lembre o caso<br \/>\nO caso aconteceu na madrugada do dia 26 de junho durante um assalto a uma casa no bairro Bela Vista, em Mossor\u00f3.<br \/>\nSegundo a Pol\u00edcia Militar, quatro bandidos estavam escondidos em um matagal na Rua T\u00e9rcio Rosado da Cosa e planejaram um arrast\u00e3o. Eles teriam atirado contra o suboficial ao perceberem que ele estava armado.<br \/>\nMesmo atingido, o suboficial tentou correr para fechar um dos port\u00f5es da resid\u00eancia, mas n\u00e3o resistiu aos ferimentos e morreu no local. Uma idosa de 71 anos tamb\u00e9m foi baleada pelos criminosos.<br \/>\nOs criminosos conseguiram invadir a casa, roubaram o carro do suboficial, a arma dele e outros pertences das pessoas que estavam no local, e fugiram.<br \/>\nO carro da v\u00edtima foi encontrado no pr\u00f3prio domingo, data em que um dos suspeitos de participa\u00e7\u00e3o no crime tamb\u00e9m foi detido.<br \/>\nV\u00eddeos mais assistidos do g1 RN<\/p>","protected":false},"excerpt":{"rendered":"<p>Caso aconteceu em junho de 2022 e suspeito estava foragido desde dezembro daquele ano, ap\u00f3s mandado de pris\u00e3o ter sido expedido contra ele. Preso suspeito por morte de suboficial da &#8230;<\/p>\n","protected":false},"author":0,"featured_media":12951,"parent":0,"menu_order":0,"comment_status":"closed","ping_status":"closed","template":"","meta":{"footnotes":""},"class_list":["post-12950","page","type-page","status-publish","has-post-thumbnail","hentry"],"yoast_head":"<!-- This site is optimized with the Yoast SEO plugin v27.1.1 - https:\/\/yoast.com\/product\/yoast-seo-wordpress\/ -->\n<title>Suspeito de matar suboficial da Marinha durante assalto \u00e9 preso em Mossor\u00f3 - Taveira Jr<\/title>\n<meta name=\"robots\" content=\"index, follow, max-snippet:-1, max-image-preview:large, max-video-preview:-1\" \/>\n<link rel=\"canonical\" href=\"https:\/\/deputadotaveirajr.com.br\/index.php\/suspeito-de-matar-suboficial-da-marinha-durante-assalto-e-preso-em-mossoro\/\" \/>\n<meta property=\"og:locale\" content=\"pt_BR\" \/>\n<meta property=\"og:type\" content=\"article\" \/>\n<meta property=\"og:title\" content=\"Suspeito de matar suboficial da Marinha durante assalto \u00e9 preso em Mossor\u00f3 - Taveira Jr\" \/>\n<meta property=\"og:description\" content=\"Caso aconteceu em junho de 2022 e suspeito estava foragido desde dezembro daquele ano, ap\u00f3s mandado de pris\u00e3o ter sido expedido contra ele. Preso suspeito por morte de suboficial da ...\" \/>\n<meta property=\"og:url\" content=\"https:\/\/deputadotaveirajr.com.br\/index.php\/suspeito-de-matar-suboficial-da-marinha-durante-assalto-e-preso-em-mossoro\/\" \/>\n<meta property=\"og:site_name\" content=\"Taveira Jr\" \/>\n<meta property=\"og:image\" content=\"https:\/\/s2-g1.glbimg.com\/G0Rw5DlB8H-NBV2wP9SaMd6j2Tw=\/i.s3.glbimg.com\/v1\/AUTH_59edd422c0c84a879bd37670ae4f538a\/internal_photos\/bs\/2025\/P\/h\/W5XFEvRpGWWMNyfiEDvQ\/cedidade.jpg\" \/>\n<meta name=\"twitter:card\" content=\"summary_large_image\" \/>\n<meta name=\"twitter:label1\" content=\"Est. tempo de leitura\" \/>\n\t<meta name=\"twitter:data1\" content=\"2 minutos\" \/>\n<script type=\"application\/ld+json\" class=\"yoast-schema-graph\">{\"@context\":\"https:\/\/schema.org\",\"@graph\":[{\"@type\":\"WebPage\",\"@id\":\"https:\/\/deputadotaveirajr.com.br\/index.php\/suspeito-de-matar-suboficial-da-marinha-durante-assalto-e-preso-em-mossoro\/\",\"url\":\"https:\/\/deputadotaveirajr.com.br\/index.php\/suspeito-de-matar-suboficial-da-marinha-durante-assalto-e-preso-em-mossoro\/\",\"name\":\"Suspeito de matar suboficial da Marinha durante assalto \u00e9 preso em Mossor\u00f3 - Taveira Jr\",\"isPartOf\":{\"@id\":\"https:\/\/deputadotaveirajr.com.br\/#website\"},\"primaryImageOfPage\":{\"@id\":\"https:\/\/deputadotaveirajr.com.br\/index.php\/suspeito-de-matar-suboficial-da-marinha-durante-assalto-e-preso-em-mossoro\/#primaryimage\"},\"image\":{\"@id\":\"https:\/\/deputadotaveirajr.com.br\/index.php\/suspeito-de-matar-suboficial-da-marinha-durante-assalto-e-preso-em-mossoro\/#primaryimage\"},\"thumbnailUrl\":\"https:\/\/deputadotaveirajr.com.br\/wp-content\/uploads\/2025\/05\/cedidade-247ZTJ.jpg\",\"datePublished\":\"2025-05-08T21:53:48+00:00\",\"breadcrumb\":{\"@id\":\"https:\/\/deputadotaveirajr.com.br\/index.php\/suspeito-de-matar-suboficial-da-marinha-durante-assalto-e-preso-em-mossoro\/#breadcrumb\"},\"inLanguage\":\"pt-BR\",\"potentialAction\":[{\"@type\":\"ReadAction\",\"target\":[\"https:\/\/deputadotaveirajr.com.br\/index.php\/suspeito-de-matar-suboficial-da-marinha-durante-assalto-e-preso-em-mossoro\/\"]}]},{\"@type\":\"ImageObject\",\"inLanguage\":\"pt-BR\",\"@id\":\"https:\/\/deputadotaveirajr.com.br\/index.php\/suspeito-de-matar-suboficial-da-marinha-durante-assalto-e-preso-em-mossoro\/#primaryimage\",\"url\":\"https:\/\/deputadotaveirajr.com.br\/wp-content\/uploads\/2025\/05\/cedidade-247ZTJ.jpg\",\"contentUrl\":\"https:\/\/deputadotaveirajr.com.br\/wp-content\/uploads\/2025\/05\/cedidade-247ZTJ.jpg\",\"width\":1250,\"height\":1089},{\"@type\":\"BreadcrumbList\",\"@id\":\"https:\/\/deputadotaveirajr.com.br\/index.php\/suspeito-de-matar-suboficial-da-marinha-durante-assalto-e-preso-em-mossoro\/#breadcrumb\",\"itemListElement\":[{\"@type\":\"ListItem\",\"position\":1,\"name\":\"In\u00edcio\",\"item\":\"https:\/\/deputadotaveirajr.com.br\/\"},{\"@type\":\"ListItem\",\"position\":2,\"name\":\"Suspeito de matar suboficial da Marinha durante assalto \u00e9 preso em Mossor\u00f3\"}]},{\"@type\":\"WebSite\",\"@id\":\"https:\/\/deputadotaveirajr.com.br\/#website\",\"url\":\"https:\/\/deputadotaveirajr.com.br\/\",\"name\":\"Taveira Jr\",\"description\":\"Deputado Estadual\",\"publisher\":{\"@id\":\"https:\/\/deputadotaveirajr.com.br\/#organization\"},\"potentialAction\":[{\"@type\":\"SearchAction\",\"target\":{\"@type\":\"EntryPoint\",\"urlTemplate\":\"https:\/\/deputadotaveirajr.com.br\/?s={search_term_string}\"},\"query-input\":{\"@type\":\"PropertyValueSpecification\",\"valueRequired\":true,\"valueName\":\"search_term_string\"}}],\"inLanguage\":\"pt-BR\"},{\"@type\":\"Organization\",\"@id\":\"https:\/\/deputadotaveirajr.com.br\/#organization\",\"name\":\"Taveira Jr\",\"url\":\"https:\/\/deputadotaveirajr.com.br\/\",\"logo\":{\"@type\":\"ImageObject\",\"inLanguage\":\"pt-BR\",\"@id\":\"https:\/\/deputadotaveirajr.com.br\/#\/schema\/logo\/image\/\",\"url\":\"https:\/\/deputadotaveirajr.com.br\/wp-content\/uploads\/2026\/01\/logolow2a.png\",\"contentUrl\":\"https:\/\/deputadotaveirajr.com.br\/wp-content\/uploads\/2026\/01\/logolow2a.png\",\"width\":290,\"height\":80,\"caption\":\"Taveira Jr\"},\"image\":{\"@id\":\"https:\/\/deputadotaveirajr.com.br\/#\/schema\/logo\/image\/\"}}]}<\/script>\n<!-- \/ Yoast SEO plugin. -->","yoast_head_json":{"title":"Suspeito de matar suboficial da Marinha durante assalto \u00e9 preso em Mossor\u00f3 - Taveira Jr","robots":{"index":"index","follow":"follow","max-snippet":"max-snippet:-1","max-image-preview":"max-image-preview:large","max-video-preview":"max-video-preview:-1"},"canonical":"https:\/\/deputadotaveirajr.com.br\/index.php\/suspeito-de-matar-suboficial-da-marinha-durante-assalto-e-preso-em-mossoro\/","og_locale":"pt_BR","og_type":"article","og_title":"Suspeito de matar suboficial da Marinha durante assalto \u00e9 preso em Mossor\u00f3 - Taveira Jr","og_description":"Caso aconteceu em junho de 2022 e suspeito estava foragido desde dezembro daquele ano, ap\u00f3s mandado de pris\u00e3o ter sido expedido contra ele. Preso suspeito por morte de suboficial da ...","og_url":"https:\/\/deputadotaveirajr.com.br\/index.php\/suspeito-de-matar-suboficial-da-marinha-durante-assalto-e-preso-em-mossoro\/","og_site_name":"Taveira Jr","og_image":[{"url":"https:\/\/s2-g1.glbimg.com\/G0Rw5DlB8H-NBV2wP9SaMd6j2Tw=\/i.s3.glbimg.com\/v1\/AUTH_59edd422c0c84a879bd37670ae4f538a\/internal_photos\/bs\/2025\/P\/h\/W5XFEvRpGWWMNyfiEDvQ\/cedidade.jpg","type":"","width":"","height":""}],"twitter_card":"summary_large_image","twitter_misc":{"Est. tempo de leitura":"2 minutos"},"schema":{"@context":"https:\/\/schema.org","@graph":[{"@type":"WebPage","@id":"https:\/\/deputadotaveirajr.com.br\/index.php\/suspeito-de-matar-suboficial-da-marinha-durante-assalto-e-preso-em-mossoro\/","url":"https:\/\/deputadotaveirajr.com.br\/index.php\/suspeito-de-matar-suboficial-da-marinha-durante-assalto-e-preso-em-mossoro\/","name":"Suspeito de matar suboficial da Marinha durante assalto \u00e9 preso em Mossor\u00f3 - Taveira Jr","isPartOf":{"@id":"https:\/\/deputadotaveirajr.com.br\/#website"},"primaryImageOfPage":{"@id":"https:\/\/deputadotaveirajr.com.br\/index.php\/suspeito-de-matar-suboficial-da-marinha-durante-assalto-e-preso-em-mossoro\/#primaryimage"},"image":{"@id":"https:\/\/deputadotaveirajr.com.br\/index.php\/suspeito-de-matar-suboficial-da-marinha-durante-assalto-e-preso-em-mossoro\/#primaryimage"},"thumbnailUrl":"https:\/\/deputadotaveirajr.com.br\/wp-content\/uploads\/2025\/05\/cedidade-247ZTJ.jpg","datePublished":"2025-05-08T21:53:48+00:00","breadcrumb":{"@id":"https:\/\/deputadotaveirajr.com.br\/index.php\/suspeito-de-matar-suboficial-da-marinha-durante-assalto-e-preso-em-mossoro\/#breadcrumb"},"inLanguage":"pt-BR","potentialAction":[{"@type":"ReadAction","target":["https:\/\/deputadotaveirajr.com.br\/index.php\/suspeito-de-matar-suboficial-da-marinha-durante-assalto-e-preso-em-mossoro\/"]}]},{"@type":"ImageObject","inLanguage":"pt-BR","@id":"https:\/\/deputadotaveirajr.com.br\/index.php\/suspeito-de-matar-suboficial-da-marinha-durante-assalto-e-preso-em-mossoro\/#primaryimage","url":"https:\/\/deputadotaveirajr.com.br\/wp-content\/uploads\/2025\/05\/cedidade-247ZTJ.jpg","contentUrl":"https:\/\/deputadotaveirajr.com.br\/wp-content\/uploads\/2025\/05\/cedidade-247ZTJ.jpg","width":1250,"height":1089},{"@type":"BreadcrumbList","@id":"https:\/\/deputadotaveirajr.com.br\/index.php\/suspeito-de-matar-suboficial-da-marinha-durante-assalto-e-preso-em-mossoro\/#breadcrumb","itemListElement":[{"@type":"ListItem","position":1,"name":"In\u00edcio","item":"https:\/\/deputadotaveirajr.com.br\/"},{"@type":"ListItem","position":2,"name":"Suspeito de matar suboficial da Marinha durante assalto \u00e9 preso em Mossor\u00f3"}]},{"@type":"WebSite","@id":"https:\/\/deputadotaveirajr.com.br\/#website","url":"https:\/\/deputadotaveirajr.com.br\/","name":"Taveira Jr","description":"Deputado Estadual","publisher":{"@id":"https:\/\/deputadotaveirajr.com.br\/#organization"},"potentialAction":[{"@type":"SearchAction","target":{"@type":"EntryPoint","urlTemplate":"https:\/\/deputadotaveirajr.com.br\/?s={search_term_string}"},"query-input":{"@type":"PropertyValueSpecification","valueRequired":true,"valueName":"search_term_string"}}],"inLanguage":"pt-BR"},{"@type":"Organization","@id":"https:\/\/deputadotaveirajr.com.br\/#organization","name":"Taveira Jr","url":"https:\/\/deputadotaveirajr.com.br\/","logo":{"@type":"ImageObject","inLanguage":"pt-BR","@id":"https:\/\/deputadotaveirajr.com.br\/#\/schema\/logo\/image\/","url":"https:\/\/deputadotaveirajr.com.br\/wp-content\/uploads\/2026\/01\/logolow2a.png","contentUrl":"https:\/\/deputadotaveirajr.com.br\/wp-content\/uploads\/2026\/01\/logolow2a.png","width":290,"height":80,"caption":"Taveira Jr"},"image":{"@id":"https:\/\/deputadotaveirajr.com.br\/#\/schema\/logo\/image\/"}}]}},"_links":{"self":[{"href":"https:\/\/deputadotaveirajr.com.br\/index.php\/wp-json\/wp\/v2\/pages\/12950","targetHints":{"allow":["GET"]}}],"collection":[{"href":"https:\/\/deputadotaveirajr.com.br\/index.php\/wp-json\/wp\/v2\/pages"}],"about":[{"href":"https:\/\/deputadotaveirajr.com.br\/index.php\/wp-json\/wp\/v2\/types\/page"}],"replies":[{"embeddable":true,"href":"https:\/\/deputadotaveirajr.com.br\/index.php\/wp-json\/wp\/v2\/comments?post=12950"}],"version-history":[{"count":0,"href":"https:\/\/deputadotaveirajr.com.br\/index.php\/wp-json\/wp\/v2\/pages\/12950\/revisions"}],"wp:featuredmedia":[{"embeddable":true,"href":"https:\/\/deputadotaveirajr.com.br\/index.php\/wp-json\/wp\/v2\/media\/12951"}],"wp:attachment":[{"href":"https:\/\/deputadotaveirajr.com.br\/index.php\/wp-json\/wp\/v2\/media?parent=12950"}],"curies":[{"name":"wp","href":"https:\/\/api.w.org\/{rel}","templated":true}]}}