{"id":12994,"date":"2025-05-15T10:27:46","date_gmt":"2025-05-15T13:27:46","guid":{"rendered":"https:\/\/deputadotaveirajr.com.br\/index.php\/mae-e-padrasto-sao-presos-suspeitos-de-matar-e-enterrar-crianca-de-2-anos-no-interior-do-rn-policia-procura-corpo\/"},"modified":"2025-05-15T10:27:46","modified_gmt":"2025-05-15T13:27:46","slug":"mae-e-padrasto-sao-presos-suspeitos-de-matar-e-enterrar-crianca-de-2-anos-no-interior-do-rn-policia-procura-corpo","status":"publish","type":"page","link":"https:\/\/deputadotaveirajr.com.br\/index.php\/mae-e-padrasto-sao-presos-suspeitos-de-matar-e-enterrar-crianca-de-2-anos-no-interior-do-rn-policia-procura-corpo\/","title":{"rendered":"M\u00e3e e padrasto s\u00e3o presos suspeitos de matar e enterrar crian\u00e7a de 2 anos no interior do RN; pol\u00edcia procura corpo"},"content":{"rendered":"<p><img decoding=\"async\" src=\"https:\/\/s2-g1.glbimg.com\/69QhRQM6QhcjD7Vf4BhsbkErwCU=\/i.s3.glbimg.com\/v1\/AUTH_59edd422c0c84a879bd37670ae4f538a\/internal_photos\/bs\/2025\/B\/V\/KhzON7TwGCO9X0y47MGQ\/viatura.jpg\" \/><br \/>     Crime teria acontecido h\u00e1 cerca de um ano em Afonso Bezerra. Pol\u00edcia s\u00f3 foi informada de desaparecimento h\u00e1 cerca de duas semanas e come\u00e7ou investiga\u00e7\u00e3o.  Viatura da Pol\u00edcia Civil do RN<br \/>\nDivulga\u00e7\u00e3o<br \/>\nA m\u00e3e e o padrasto de uma crian\u00e7a de 2 anos foram presos nesta quarta-feira (14) suspeitos de matar a menina e enterrar o corpo dela no munic\u00edpio de Afonso Bezerra, na regi\u00e3o Oeste potiguar, segundo a Pol\u00edcia Civil.<br \/>\nO casal foi preso ap\u00f3s confessar o crime, que teria acontecido h\u00e1 cerca de um ano. A pol\u00edcia ainda procurava pelo corpo da v\u00edtima at\u00e9 a \u00faltima atualiza\u00e7\u00e3o desta reportagem.<br \/>\n\ud83d\udcf3Participe do canal do g1 RN no WhatsApp<br \/>\nSegundo a Pol\u00edcia Civil, a corpora\u00e7\u00e3o s\u00f3 foi informada do desaparecimento e come\u00e7ou a fazer buscas pela crian\u00e7a h\u00e1 cerca de duas semanas. A menina foi identificada inicialmente como Maria Catarina.<br \/>\nDe acordo com o delegado do munic\u00edpio, Paulo Pereira, o casal j\u00e1 tinha um hist\u00f3rico de maus tratos contra a menina e a equipe recebeu a not\u00edcia de que ela n\u00e3o teria mais sido vista na cidade.<br \/>\nA origem da den\u00fancia n\u00e3o foi informada pela pol\u00edcia.<br \/>\n&#8220;Diligenciamos no intuito de colher a prova de vida dela e onde a mesma estaria residindo. Essas diligencias se estenderam por cerca de 15 dias e o casal sempre nos dava not\u00edcias contradit\u00f3rias acerca do paradeiro da crian\u00e7a&#8221;, disse.<br \/>\nOs policiais come\u00e7aram a desconfiar das alega\u00e7\u00f5es do casal e perceberam contradi\u00e7\u00f5es no discurso dos dois. Confrontado, o padrasto foi o primeiro a confessar o crime.<br \/>\n&#8220;Ele decidiu confessar que a crian\u00e7a teria sido morta e enterrada em uma \u00e1rea rural nas proximidades do munic\u00edpio. A m\u00e3e, em seguida, tamb\u00e9m confessou que agrediu fisicamente a crian\u00e7a, o que possivelmente teria sido a causa da morte&#8221;, afirmou o delegado.<br \/>\nAinda de acordo com o delegado, diante do lapso de aproximadamente um ano, o padrasto n\u00e3o conseguiu indicar o local exato onde enterrou o corpo da crian\u00e7a.<br \/>\nAs investiga\u00e7\u00f5es seguem em andamento.<br \/>\nVeja nota da Pol\u00edcia Civil sobre o caso<br \/>\nNota \u00e0 imprensa \u2013 Pol\u00edcia Civil do RN<br \/>\nA Pol\u00edcia Civil do Rio Grande do Norte informa que investiga o caso de uma beb\u00ea de dois anos que teria sido morta e enterrada no munic\u00edpio de Afonso Bezerra. At\u00e9 o momento, o corpo da crian\u00e7a n\u00e3o foi localizado. Um casal confessou o crime e encontra-se detido na Delegacia de Pol\u00edcia Civil de Angicos, \u00e0 disposi\u00e7\u00e3o da Justi\u00e7a e aguardando audi\u00eancia de cust\u00f3dia.<br \/>\nAs dilig\u00eancias seguem em andamento para esclarecimento dos fatos.<br \/>\nViol\u00eancia e abuso sexual infantil: saiba como denunciar<br \/>\nVeja os v\u00eddeos mais assistidos no g1 RN<\/p>","protected":false},"excerpt":{"rendered":"<p>Crime teria acontecido h\u00e1 cerca de um ano em Afonso Bezerra. Pol\u00edcia s\u00f3 foi informada de desaparecimento h\u00e1 cerca de duas semanas e come\u00e7ou investiga\u00e7\u00e3o. Viatura da Pol\u00edcia Civil do &#8230;<\/p>\n","protected":false},"author":0,"featured_media":12995,"parent":0,"menu_order":0,"comment_status":"closed","ping_status":"closed","template":"","meta":{"footnotes":""},"class_list":["post-12994","page","type-page","status-publish","has-post-thumbnail","hentry"],"yoast_head":"<!-- This site is optimized with the Yoast SEO plugin v27.1.1 - https:\/\/yoast.com\/product\/yoast-seo-wordpress\/ -->\n<title>M\u00e3e e padrasto s\u00e3o presos suspeitos de matar e enterrar crian\u00e7a de 2 anos no interior do RN; pol\u00edcia procura corpo - Taveira Jr<\/title>\n<meta name=\"robots\" content=\"index, follow, max-snippet:-1, max-image-preview:large, max-video-preview:-1\" \/>\n<link rel=\"canonical\" href=\"https:\/\/deputadotaveirajr.com.br\/index.php\/mae-e-padrasto-sao-presos-suspeitos-de-matar-e-enterrar-crianca-de-2-anos-no-interior-do-rn-policia-procura-corpo\/\" \/>\n<meta property=\"og:locale\" content=\"pt_BR\" \/>\n<meta property=\"og:type\" content=\"article\" \/>\n<meta property=\"og:title\" content=\"M\u00e3e e padrasto s\u00e3o presos suspeitos de matar e enterrar crian\u00e7a de 2 anos no interior do RN; pol\u00edcia procura corpo - Taveira Jr\" \/>\n<meta property=\"og:description\" content=\"Crime teria acontecido h\u00e1 cerca de um ano em Afonso Bezerra. Pol\u00edcia s\u00f3 foi informada de desaparecimento h\u00e1 cerca de duas semanas e come\u00e7ou investiga\u00e7\u00e3o. Viatura da Pol\u00edcia Civil do ...\" \/>\n<meta property=\"og:url\" content=\"https:\/\/deputadotaveirajr.com.br\/index.php\/mae-e-padrasto-sao-presos-suspeitos-de-matar-e-enterrar-crianca-de-2-anos-no-interior-do-rn-policia-procura-corpo\/\" \/>\n<meta property=\"og:site_name\" content=\"Taveira Jr\" \/>\n<meta property=\"og:image\" content=\"https:\/\/s2-g1.glbimg.com\/69QhRQM6QhcjD7Vf4BhsbkErwCU=\/i.s3.glbimg.com\/v1\/AUTH_59edd422c0c84a879bd37670ae4f538a\/internal_photos\/bs\/2025\/B\/V\/KhzON7TwGCO9X0y47MGQ\/viatura.jpg\" \/>\n<meta name=\"twitter:card\" content=\"summary_large_image\" \/>\n<meta name=\"twitter:label1\" content=\"Est. tempo de leitura\" \/>\n\t<meta name=\"twitter:data1\" content=\"2 minutos\" \/>\n<script type=\"application\/ld+json\" class=\"yoast-schema-graph\">{\"@context\":\"https:\/\/schema.org\",\"@graph\":[{\"@type\":\"WebPage\",\"@id\":\"https:\/\/deputadotaveirajr.com.br\/index.php\/mae-e-padrasto-sao-presos-suspeitos-de-matar-e-enterrar-crianca-de-2-anos-no-interior-do-rn-policia-procura-corpo\/\",\"url\":\"https:\/\/deputadotaveirajr.com.br\/index.php\/mae-e-padrasto-sao-presos-suspeitos-de-matar-e-enterrar-crianca-de-2-anos-no-interior-do-rn-policia-procura-corpo\/\",\"name\":\"M\u00e3e e padrasto s\u00e3o presos suspeitos de matar e enterrar crian\u00e7a de 2 anos no interior do RN; pol\u00edcia procura corpo - Taveira Jr\",\"isPartOf\":{\"@id\":\"https:\/\/deputadotaveirajr.com.br\/#website\"},\"primaryImageOfPage\":{\"@id\":\"https:\/\/deputadotaveirajr.com.br\/index.php\/mae-e-padrasto-sao-presos-suspeitos-de-matar-e-enterrar-crianca-de-2-anos-no-interior-do-rn-policia-procura-corpo\/#primaryimage\"},\"image\":{\"@id\":\"https:\/\/deputadotaveirajr.com.br\/index.php\/mae-e-padrasto-sao-presos-suspeitos-de-matar-e-enterrar-crianca-de-2-anos-no-interior-do-rn-policia-procura-corpo\/#primaryimage\"},\"thumbnailUrl\":\"https:\/\/deputadotaveirajr.com.br\/wp-content\/uploads\/2025\/05\/viatura-CeRX1I.jpg\",\"datePublished\":\"2025-05-15T13:27:46+00:00\",\"breadcrumb\":{\"@id\":\"https:\/\/deputadotaveirajr.com.br\/index.php\/mae-e-padrasto-sao-presos-suspeitos-de-matar-e-enterrar-crianca-de-2-anos-no-interior-do-rn-policia-procura-corpo\/#breadcrumb\"},\"inLanguage\":\"pt-BR\",\"potentialAction\":[{\"@type\":\"ReadAction\",\"target\":[\"https:\/\/deputadotaveirajr.com.br\/index.php\/mae-e-padrasto-sao-presos-suspeitos-de-matar-e-enterrar-crianca-de-2-anos-no-interior-do-rn-policia-procura-corpo\/\"]}]},{\"@type\":\"ImageObject\",\"inLanguage\":\"pt-BR\",\"@id\":\"https:\/\/deputadotaveirajr.com.br\/index.php\/mae-e-padrasto-sao-presos-suspeitos-de-matar-e-enterrar-crianca-de-2-anos-no-interior-do-rn-policia-procura-corpo\/#primaryimage\",\"url\":\"https:\/\/deputadotaveirajr.com.br\/wp-content\/uploads\/2025\/05\/viatura-CeRX1I.jpg\",\"contentUrl\":\"https:\/\/deputadotaveirajr.com.br\/wp-content\/uploads\/2025\/05\/viatura-CeRX1I.jpg\",\"width\":1200,\"height\":802},{\"@type\":\"BreadcrumbList\",\"@id\":\"https:\/\/deputadotaveirajr.com.br\/index.php\/mae-e-padrasto-sao-presos-suspeitos-de-matar-e-enterrar-crianca-de-2-anos-no-interior-do-rn-policia-procura-corpo\/#breadcrumb\",\"itemListElement\":[{\"@type\":\"ListItem\",\"position\":1,\"name\":\"In\u00edcio\",\"item\":\"https:\/\/deputadotaveirajr.com.br\/\"},{\"@type\":\"ListItem\",\"position\":2,\"name\":\"M\u00e3e e padrasto s\u00e3o presos suspeitos de matar e enterrar crian\u00e7a de 2 anos no interior do RN; pol\u00edcia procura corpo\"}]},{\"@type\":\"WebSite\",\"@id\":\"https:\/\/deputadotaveirajr.com.br\/#website\",\"url\":\"https:\/\/deputadotaveirajr.com.br\/\",\"name\":\"Taveira Jr\",\"description\":\"Deputado Estadual\",\"publisher\":{\"@id\":\"https:\/\/deputadotaveirajr.com.br\/#organization\"},\"potentialAction\":[{\"@type\":\"SearchAction\",\"target\":{\"@type\":\"EntryPoint\",\"urlTemplate\":\"https:\/\/deputadotaveirajr.com.br\/?s={search_term_string}\"},\"query-input\":{\"@type\":\"PropertyValueSpecification\",\"valueRequired\":true,\"valueName\":\"search_term_string\"}}],\"inLanguage\":\"pt-BR\"},{\"@type\":\"Organization\",\"@id\":\"https:\/\/deputadotaveirajr.com.br\/#organization\",\"name\":\"Taveira Jr\",\"url\":\"https:\/\/deputadotaveirajr.com.br\/\",\"logo\":{\"@type\":\"ImageObject\",\"inLanguage\":\"pt-BR\",\"@id\":\"https:\/\/deputadotaveirajr.com.br\/#\/schema\/logo\/image\/\",\"url\":\"https:\/\/deputadotaveirajr.com.br\/wp-content\/uploads\/2026\/01\/logolow2a.png\",\"contentUrl\":\"https:\/\/deputadotaveirajr.com.br\/wp-content\/uploads\/2026\/01\/logolow2a.png\",\"width\":290,\"height\":80,\"caption\":\"Taveira Jr\"},\"image\":{\"@id\":\"https:\/\/deputadotaveirajr.com.br\/#\/schema\/logo\/image\/\"}}]}<\/script>\n<!-- \/ Yoast SEO plugin. -->","yoast_head_json":{"title":"M\u00e3e e padrasto s\u00e3o presos suspeitos de matar e enterrar crian\u00e7a de 2 anos no interior do RN; pol\u00edcia procura corpo - Taveira Jr","robots":{"index":"index","follow":"follow","max-snippet":"max-snippet:-1","max-image-preview":"max-image-preview:large","max-video-preview":"max-video-preview:-1"},"canonical":"https:\/\/deputadotaveirajr.com.br\/index.php\/mae-e-padrasto-sao-presos-suspeitos-de-matar-e-enterrar-crianca-de-2-anos-no-interior-do-rn-policia-procura-corpo\/","og_locale":"pt_BR","og_type":"article","og_title":"M\u00e3e e padrasto s\u00e3o presos suspeitos de matar e enterrar crian\u00e7a de 2 anos no interior do RN; pol\u00edcia procura corpo - Taveira Jr","og_description":"Crime teria acontecido h\u00e1 cerca de um ano em Afonso Bezerra. Pol\u00edcia s\u00f3 foi informada de desaparecimento h\u00e1 cerca de duas semanas e come\u00e7ou investiga\u00e7\u00e3o. Viatura da Pol\u00edcia Civil do ...","og_url":"https:\/\/deputadotaveirajr.com.br\/index.php\/mae-e-padrasto-sao-presos-suspeitos-de-matar-e-enterrar-crianca-de-2-anos-no-interior-do-rn-policia-procura-corpo\/","og_site_name":"Taveira Jr","og_image":[{"url":"https:\/\/s2-g1.glbimg.com\/69QhRQM6QhcjD7Vf4BhsbkErwCU=\/i.s3.glbimg.com\/v1\/AUTH_59edd422c0c84a879bd37670ae4f538a\/internal_photos\/bs\/2025\/B\/V\/KhzON7TwGCO9X0y47MGQ\/viatura.jpg","type":"","width":"","height":""}],"twitter_card":"summary_large_image","twitter_misc":{"Est. tempo de leitura":"2 minutos"},"schema":{"@context":"https:\/\/schema.org","@graph":[{"@type":"WebPage","@id":"https:\/\/deputadotaveirajr.com.br\/index.php\/mae-e-padrasto-sao-presos-suspeitos-de-matar-e-enterrar-crianca-de-2-anos-no-interior-do-rn-policia-procura-corpo\/","url":"https:\/\/deputadotaveirajr.com.br\/index.php\/mae-e-padrasto-sao-presos-suspeitos-de-matar-e-enterrar-crianca-de-2-anos-no-interior-do-rn-policia-procura-corpo\/","name":"M\u00e3e e padrasto s\u00e3o presos suspeitos de matar e enterrar crian\u00e7a de 2 anos no interior do RN; pol\u00edcia procura corpo - Taveira Jr","isPartOf":{"@id":"https:\/\/deputadotaveirajr.com.br\/#website"},"primaryImageOfPage":{"@id":"https:\/\/deputadotaveirajr.com.br\/index.php\/mae-e-padrasto-sao-presos-suspeitos-de-matar-e-enterrar-crianca-de-2-anos-no-interior-do-rn-policia-procura-corpo\/#primaryimage"},"image":{"@id":"https:\/\/deputadotaveirajr.com.br\/index.php\/mae-e-padrasto-sao-presos-suspeitos-de-matar-e-enterrar-crianca-de-2-anos-no-interior-do-rn-policia-procura-corpo\/#primaryimage"},"thumbnailUrl":"https:\/\/deputadotaveirajr.com.br\/wp-content\/uploads\/2025\/05\/viatura-CeRX1I.jpg","datePublished":"2025-05-15T13:27:46+00:00","breadcrumb":{"@id":"https:\/\/deputadotaveirajr.com.br\/index.php\/mae-e-padrasto-sao-presos-suspeitos-de-matar-e-enterrar-crianca-de-2-anos-no-interior-do-rn-policia-procura-corpo\/#breadcrumb"},"inLanguage":"pt-BR","potentialAction":[{"@type":"ReadAction","target":["https:\/\/deputadotaveirajr.com.br\/index.php\/mae-e-padrasto-sao-presos-suspeitos-de-matar-e-enterrar-crianca-de-2-anos-no-interior-do-rn-policia-procura-corpo\/"]}]},{"@type":"ImageObject","inLanguage":"pt-BR","@id":"https:\/\/deputadotaveirajr.com.br\/index.php\/mae-e-padrasto-sao-presos-suspeitos-de-matar-e-enterrar-crianca-de-2-anos-no-interior-do-rn-policia-procura-corpo\/#primaryimage","url":"https:\/\/deputadotaveirajr.com.br\/wp-content\/uploads\/2025\/05\/viatura-CeRX1I.jpg","contentUrl":"https:\/\/deputadotaveirajr.com.br\/wp-content\/uploads\/2025\/05\/viatura-CeRX1I.jpg","width":1200,"height":802},{"@type":"BreadcrumbList","@id":"https:\/\/deputadotaveirajr.com.br\/index.php\/mae-e-padrasto-sao-presos-suspeitos-de-matar-e-enterrar-crianca-de-2-anos-no-interior-do-rn-policia-procura-corpo\/#breadcrumb","itemListElement":[{"@type":"ListItem","position":1,"name":"In\u00edcio","item":"https:\/\/deputadotaveirajr.com.br\/"},{"@type":"ListItem","position":2,"name":"M\u00e3e e padrasto s\u00e3o presos suspeitos de matar e enterrar crian\u00e7a de 2 anos no interior do RN; pol\u00edcia procura corpo"}]},{"@type":"WebSite","@id":"https:\/\/deputadotaveirajr.com.br\/#website","url":"https:\/\/deputadotaveirajr.com.br\/","name":"Taveira Jr","description":"Deputado Estadual","publisher":{"@id":"https:\/\/deputadotaveirajr.com.br\/#organization"},"potentialAction":[{"@type":"SearchAction","target":{"@type":"EntryPoint","urlTemplate":"https:\/\/deputadotaveirajr.com.br\/?s={search_term_string}"},"query-input":{"@type":"PropertyValueSpecification","valueRequired":true,"valueName":"search_term_string"}}],"inLanguage":"pt-BR"},{"@type":"Organization","@id":"https:\/\/deputadotaveirajr.com.br\/#organization","name":"Taveira Jr","url":"https:\/\/deputadotaveirajr.com.br\/","logo":{"@type":"ImageObject","inLanguage":"pt-BR","@id":"https:\/\/deputadotaveirajr.com.br\/#\/schema\/logo\/image\/","url":"https:\/\/deputadotaveirajr.com.br\/wp-content\/uploads\/2026\/01\/logolow2a.png","contentUrl":"https:\/\/deputadotaveirajr.com.br\/wp-content\/uploads\/2026\/01\/logolow2a.png","width":290,"height":80,"caption":"Taveira Jr"},"image":{"@id":"https:\/\/deputadotaveirajr.com.br\/#\/schema\/logo\/image\/"}}]}},"_links":{"self":[{"href":"https:\/\/deputadotaveirajr.com.br\/index.php\/wp-json\/wp\/v2\/pages\/12994","targetHints":{"allow":["GET"]}}],"collection":[{"href":"https:\/\/deputadotaveirajr.com.br\/index.php\/wp-json\/wp\/v2\/pages"}],"about":[{"href":"https:\/\/deputadotaveirajr.com.br\/index.php\/wp-json\/wp\/v2\/types\/page"}],"replies":[{"embeddable":true,"href":"https:\/\/deputadotaveirajr.com.br\/index.php\/wp-json\/wp\/v2\/comments?post=12994"}],"version-history":[{"count":0,"href":"https:\/\/deputadotaveirajr.com.br\/index.php\/wp-json\/wp\/v2\/pages\/12994\/revisions"}],"wp:featuredmedia":[{"embeddable":true,"href":"https:\/\/deputadotaveirajr.com.br\/index.php\/wp-json\/wp\/v2\/media\/12995"}],"wp:attachment":[{"href":"https:\/\/deputadotaveirajr.com.br\/index.php\/wp-json\/wp\/v2\/media?parent=12994"}],"curies":[{"name":"wp","href":"https:\/\/api.w.org\/{rel}","templated":true}]}}