{"id":12996,"date":"2025-05-15T09:25:44","date_gmt":"2025-05-15T12:25:44","guid":{"rendered":"https:\/\/deputadotaveirajr.com.br\/index.php\/prefeitura-de-natal-retoma-pagamento-de-auxilio-a-permissionarios-do-mercado-da-redinha\/"},"modified":"2025-05-15T09:25:44","modified_gmt":"2025-05-15T12:25:44","slug":"prefeitura-de-natal-retoma-pagamento-de-auxilio-a-permissionarios-do-mercado-da-redinha","status":"publish","type":"page","link":"https:\/\/deputadotaveirajr.com.br\/index.php\/prefeitura-de-natal-retoma-pagamento-de-auxilio-a-permissionarios-do-mercado-da-redinha\/","title":{"rendered":"Prefeitura de Natal retoma pagamento de aux\u00edlio a permission\u00e1rios do Mercado da Redinha"},"content":{"rendered":"<p><img decoding=\"async\" src=\"https:\/\/s2-g1.glbimg.com\/ZplN0tZgwCuHc9gKpE0voBXXL6A=\/i.s3.glbimg.com\/v1\/AUTH_59edd422c0c84a879bd37670ae4f538a\/internal_photos\/bs\/2024\/3\/I\/oENq6HQBukgB8ta4s77w\/whatsapp-image-2024-12-26-at-17.42.26-2-.jpeg\" \/><br \/>     Decreto que garante repasse foi publicado nesta quinta-feira (15) no Di\u00e1rio Oficial do Munic\u00edpio.  Complexo Tur\u00edstico da Redinha Mercado da Redinha Natal RN Rio Grande do Norte frente sede fachada<br \/>\nKleber Teixeira\/Inter TV Cabugi<br \/>\nA Prefeitura de Natal publicou nesta quinta-feira (15), no Di\u00e1rio Oficial do Munic\u00edpio, um decreto que regulamenta a retomada do pagamento do aux\u00edlio financeiro de R$ 1.200 aos permission\u00e1rios do Mercado da Redinha, na Zona Norte da capital.<br \/>\nOs trabalhadores n\u00e3o receberam neste m\u00eas de maio o aux\u00edlio financeiro que vinha sendo pago pela prefeitura de Natal desde o fechamento do pr\u00e9dio para obras.<br \/>\n\ud83d\udcf3Participe do canal do g1 RN no WhatsApp<br \/>\nO aux\u00edlio mensal era pago aos 32 permission\u00e1rios credenciados desde 2022, mas foi suspenso no fim de abril.<br \/>\nUma comiss\u00e3o de trabalhadores participou de uma reuni\u00e3o com a secret\u00e1ria municipal de Trabalho e da Assist\u00eancia Social, Nina Souza, na \u00faltima segunda-feira (12).<br \/>\nEm nota, a Semtas informou nesta semana que o processo administrativo previa o encerramento do pagamento em abril, mas informou que estudava uma solu\u00e7\u00e3o para garantir a continuidade do benef\u00edcio at\u00e9 a reabertura do mercado.<br \/>\nO decreto assinado pelo prefeito Paulinho Freire (Uni\u00e3o Brasil) e publicado nesta quinta (15), &#8220;regulamenta a concess\u00e3o de aux\u00edlio financeiro tempor\u00e1rio aos Permission\u00e1rios do Complexo Tur\u00edstico da Redinha&#8221;, enquanto o mercado n\u00e3o for reaberto.<br \/>\nEntre as justificativas para o pagamento, o decreto aponta uma lei municipal que garante a manuten\u00e7\u00e3o dos contratos com os antigos ocupantes do mercado por prazo determinado, al\u00e9m da necessidade de mitigar os impactos econ\u00f4micos sobre os permission\u00e1rios durante o per\u00edodo de transi\u00e7\u00e3o, at\u00e9 o in\u00edcio da explora\u00e7\u00e3o sob novo regime de concess\u00e3o.<br \/>\n&#8220;Fica institu\u00eddo, em car\u00e1ter excepcional e tempor\u00e1rio, o aux\u00edlio financeiro pecuni\u00e1rio aos atuais 32 permission\u00e1rios do Complexo Tur\u00edstico da Redinha&#8221;, diz o decreto.<br \/>\n&#8220;O aux\u00edlio financeiro ser\u00e1 concedido mensalmente e cessar\u00e1 com o efetivo in\u00edcio da explora\u00e7\u00e3o das atividades pelos permission\u00e1rios no Complexo Tur\u00edstico da Redinha sob o novo regime de concess\u00e3o&#8221;, acrescenta o texto.<br \/>\nOs recursos para o custear o aux\u00edlio financeiro sair\u00e3o do or\u00e7amento da Secretaria Municipal do Trabalho e Assist\u00eancia Social.<br \/>\nInaugurado, mas fechado<br \/>\nO novo Mercado da Redinha foi inaugurado oficialmente em dezembro de 2024, mas teve funcionamento intermitente e foi fechado pela segunda vez no dia 9 de mar\u00e7o de 2025.<br \/>\nA justificativa para a interdi\u00e7\u00e3o, segundo a gest\u00e3o municipal, \u00e9 a transi\u00e7\u00e3o para a concess\u00e3o do espa\u00e7o \u00e0 iniciativa privada.<br \/>\nNa \u00faltima sexta-feira (10), a prefeitura anunciou que selecionou uma empresa para elaborar os estudos t\u00e9cnicos-financeiros, jur\u00eddicos e ambientais necess\u00e1rios para avan\u00e7ar com o processo de concess\u00e3o. A empresa \u00e9 a P4 Concess\u00f5es e Consultoria LTDA.<br \/>\nMercado da Redinha: prefeitura descarta reabertura tempor\u00e1ria<br \/>\nVeja os v\u00eddeos mais assistidos no g1 RN<\/p>","protected":false},"excerpt":{"rendered":"<p>Decreto que garante repasse foi publicado nesta quinta-feira (15) no Di\u00e1rio Oficial do Munic\u00edpio. Complexo Tur\u00edstico da Redinha Mercado da Redinha Natal RN Rio Grande do Norte frente sede fachada &#8230;<\/p>\n","protected":false},"author":0,"featured_media":12997,"parent":0,"menu_order":0,"comment_status":"closed","ping_status":"closed","template":"","meta":{"footnotes":""},"class_list":["post-12996","page","type-page","status-publish","has-post-thumbnail","hentry"],"yoast_head":"<!-- This site is optimized with the Yoast SEO plugin v27.1.1 - https:\/\/yoast.com\/product\/yoast-seo-wordpress\/ -->\n<title>Prefeitura de Natal retoma pagamento de aux\u00edlio a permission\u00e1rios do Mercado da Redinha - Taveira Jr<\/title>\n<meta name=\"robots\" content=\"index, follow, max-snippet:-1, max-image-preview:large, max-video-preview:-1\" \/>\n<link rel=\"canonical\" href=\"https:\/\/deputadotaveirajr.com.br\/index.php\/prefeitura-de-natal-retoma-pagamento-de-auxilio-a-permissionarios-do-mercado-da-redinha\/\" \/>\n<meta property=\"og:locale\" content=\"pt_BR\" \/>\n<meta property=\"og:type\" content=\"article\" \/>\n<meta property=\"og:title\" content=\"Prefeitura de Natal retoma pagamento de aux\u00edlio a permission\u00e1rios do Mercado da Redinha - Taveira Jr\" \/>\n<meta property=\"og:description\" content=\"Decreto que garante repasse foi publicado nesta quinta-feira (15) no Di\u00e1rio Oficial do Munic\u00edpio. Complexo Tur\u00edstico da Redinha Mercado da Redinha Natal RN Rio Grande do Norte frente sede fachada ...\" \/>\n<meta property=\"og:url\" content=\"https:\/\/deputadotaveirajr.com.br\/index.php\/prefeitura-de-natal-retoma-pagamento-de-auxilio-a-permissionarios-do-mercado-da-redinha\/\" \/>\n<meta property=\"og:site_name\" content=\"Taveira Jr\" \/>\n<meta property=\"og:image\" content=\"https:\/\/s2-g1.glbimg.com\/ZplN0tZgwCuHc9gKpE0voBXXL6A=\/i.s3.glbimg.com\/v1\/AUTH_59edd422c0c84a879bd37670ae4f538a\/internal_photos\/bs\/2024\/3\/I\/oENq6HQBukgB8ta4s77w\/whatsapp-image-2024-12-26-at-17.42.26-2-.jpeg\" \/>\n<meta name=\"twitter:card\" content=\"summary_large_image\" \/>\n<meta name=\"twitter:label1\" content=\"Est. tempo de leitura\" \/>\n\t<meta name=\"twitter:data1\" content=\"2 minutos\" \/>\n<script type=\"application\/ld+json\" class=\"yoast-schema-graph\">{\"@context\":\"https:\/\/schema.org\",\"@graph\":[{\"@type\":\"WebPage\",\"@id\":\"https:\/\/deputadotaveirajr.com.br\/index.php\/prefeitura-de-natal-retoma-pagamento-de-auxilio-a-permissionarios-do-mercado-da-redinha\/\",\"url\":\"https:\/\/deputadotaveirajr.com.br\/index.php\/prefeitura-de-natal-retoma-pagamento-de-auxilio-a-permissionarios-do-mercado-da-redinha\/\",\"name\":\"Prefeitura de Natal retoma pagamento de aux\u00edlio a permission\u00e1rios do Mercado da Redinha - Taveira Jr\",\"isPartOf\":{\"@id\":\"https:\/\/deputadotaveirajr.com.br\/#website\"},\"primaryImageOfPage\":{\"@id\":\"https:\/\/deputadotaveirajr.com.br\/index.php\/prefeitura-de-natal-retoma-pagamento-de-auxilio-a-permissionarios-do-mercado-da-redinha\/#primaryimage\"},\"image\":{\"@id\":\"https:\/\/deputadotaveirajr.com.br\/index.php\/prefeitura-de-natal-retoma-pagamento-de-auxilio-a-permissionarios-do-mercado-da-redinha\/#primaryimage\"},\"thumbnailUrl\":\"https:\/\/deputadotaveirajr.com.br\/wp-content\/uploads\/2025\/05\/whatsapp-image-2024-12-26-at-17.42.26-2-jQLog0.jpg\",\"datePublished\":\"2025-05-15T12:25:44+00:00\",\"breadcrumb\":{\"@id\":\"https:\/\/deputadotaveirajr.com.br\/index.php\/prefeitura-de-natal-retoma-pagamento-de-auxilio-a-permissionarios-do-mercado-da-redinha\/#breadcrumb\"},\"inLanguage\":\"pt-BR\",\"potentialAction\":[{\"@type\":\"ReadAction\",\"target\":[\"https:\/\/deputadotaveirajr.com.br\/index.php\/prefeitura-de-natal-retoma-pagamento-de-auxilio-a-permissionarios-do-mercado-da-redinha\/\"]}]},{\"@type\":\"ImageObject\",\"inLanguage\":\"pt-BR\",\"@id\":\"https:\/\/deputadotaveirajr.com.br\/index.php\/prefeitura-de-natal-retoma-pagamento-de-auxilio-a-permissionarios-do-mercado-da-redinha\/#primaryimage\",\"url\":\"https:\/\/deputadotaveirajr.com.br\/wp-content\/uploads\/2025\/05\/whatsapp-image-2024-12-26-at-17.42.26-2-jQLog0.jpg\",\"contentUrl\":\"https:\/\/deputadotaveirajr.com.br\/wp-content\/uploads\/2025\/05\/whatsapp-image-2024-12-26-at-17.42.26-2-jQLog0.jpg\",\"width\":1600,\"height\":900},{\"@type\":\"BreadcrumbList\",\"@id\":\"https:\/\/deputadotaveirajr.com.br\/index.php\/prefeitura-de-natal-retoma-pagamento-de-auxilio-a-permissionarios-do-mercado-da-redinha\/#breadcrumb\",\"itemListElement\":[{\"@type\":\"ListItem\",\"position\":1,\"name\":\"In\u00edcio\",\"item\":\"https:\/\/deputadotaveirajr.com.br\/\"},{\"@type\":\"ListItem\",\"position\":2,\"name\":\"Prefeitura de Natal retoma pagamento de aux\u00edlio a permission\u00e1rios do Mercado da Redinha\"}]},{\"@type\":\"WebSite\",\"@id\":\"https:\/\/deputadotaveirajr.com.br\/#website\",\"url\":\"https:\/\/deputadotaveirajr.com.br\/\",\"name\":\"Taveira Jr\",\"description\":\"Deputado Estadual\",\"publisher\":{\"@id\":\"https:\/\/deputadotaveirajr.com.br\/#organization\"},\"potentialAction\":[{\"@type\":\"SearchAction\",\"target\":{\"@type\":\"EntryPoint\",\"urlTemplate\":\"https:\/\/deputadotaveirajr.com.br\/?s={search_term_string}\"},\"query-input\":{\"@type\":\"PropertyValueSpecification\",\"valueRequired\":true,\"valueName\":\"search_term_string\"}}],\"inLanguage\":\"pt-BR\"},{\"@type\":\"Organization\",\"@id\":\"https:\/\/deputadotaveirajr.com.br\/#organization\",\"name\":\"Taveira Jr\",\"url\":\"https:\/\/deputadotaveirajr.com.br\/\",\"logo\":{\"@type\":\"ImageObject\",\"inLanguage\":\"pt-BR\",\"@id\":\"https:\/\/deputadotaveirajr.com.br\/#\/schema\/logo\/image\/\",\"url\":\"https:\/\/deputadotaveirajr.com.br\/wp-content\/uploads\/2026\/01\/logolow2a.png\",\"contentUrl\":\"https:\/\/deputadotaveirajr.com.br\/wp-content\/uploads\/2026\/01\/logolow2a.png\",\"width\":290,\"height\":80,\"caption\":\"Taveira Jr\"},\"image\":{\"@id\":\"https:\/\/deputadotaveirajr.com.br\/#\/schema\/logo\/image\/\"}}]}<\/script>\n<!-- \/ Yoast SEO plugin. -->","yoast_head_json":{"title":"Prefeitura de Natal retoma pagamento de aux\u00edlio a permission\u00e1rios do Mercado da Redinha - Taveira Jr","robots":{"index":"index","follow":"follow","max-snippet":"max-snippet:-1","max-image-preview":"max-image-preview:large","max-video-preview":"max-video-preview:-1"},"canonical":"https:\/\/deputadotaveirajr.com.br\/index.php\/prefeitura-de-natal-retoma-pagamento-de-auxilio-a-permissionarios-do-mercado-da-redinha\/","og_locale":"pt_BR","og_type":"article","og_title":"Prefeitura de Natal retoma pagamento de aux\u00edlio a permission\u00e1rios do Mercado da Redinha - Taveira Jr","og_description":"Decreto que garante repasse foi publicado nesta quinta-feira (15) no Di\u00e1rio Oficial do Munic\u00edpio. Complexo Tur\u00edstico da Redinha Mercado da Redinha Natal RN Rio Grande do Norte frente sede fachada ...","og_url":"https:\/\/deputadotaveirajr.com.br\/index.php\/prefeitura-de-natal-retoma-pagamento-de-auxilio-a-permissionarios-do-mercado-da-redinha\/","og_site_name":"Taveira Jr","og_image":[{"url":"https:\/\/s2-g1.glbimg.com\/ZplN0tZgwCuHc9gKpE0voBXXL6A=\/i.s3.glbimg.com\/v1\/AUTH_59edd422c0c84a879bd37670ae4f538a\/internal_photos\/bs\/2024\/3\/I\/oENq6HQBukgB8ta4s77w\/whatsapp-image-2024-12-26-at-17.42.26-2-.jpeg","type":"","width":"","height":""}],"twitter_card":"summary_large_image","twitter_misc":{"Est. tempo de leitura":"2 minutos"},"schema":{"@context":"https:\/\/schema.org","@graph":[{"@type":"WebPage","@id":"https:\/\/deputadotaveirajr.com.br\/index.php\/prefeitura-de-natal-retoma-pagamento-de-auxilio-a-permissionarios-do-mercado-da-redinha\/","url":"https:\/\/deputadotaveirajr.com.br\/index.php\/prefeitura-de-natal-retoma-pagamento-de-auxilio-a-permissionarios-do-mercado-da-redinha\/","name":"Prefeitura de Natal retoma pagamento de aux\u00edlio a permission\u00e1rios do Mercado da Redinha - Taveira Jr","isPartOf":{"@id":"https:\/\/deputadotaveirajr.com.br\/#website"},"primaryImageOfPage":{"@id":"https:\/\/deputadotaveirajr.com.br\/index.php\/prefeitura-de-natal-retoma-pagamento-de-auxilio-a-permissionarios-do-mercado-da-redinha\/#primaryimage"},"image":{"@id":"https:\/\/deputadotaveirajr.com.br\/index.php\/prefeitura-de-natal-retoma-pagamento-de-auxilio-a-permissionarios-do-mercado-da-redinha\/#primaryimage"},"thumbnailUrl":"https:\/\/deputadotaveirajr.com.br\/wp-content\/uploads\/2025\/05\/whatsapp-image-2024-12-26-at-17.42.26-2-jQLog0.jpg","datePublished":"2025-05-15T12:25:44+00:00","breadcrumb":{"@id":"https:\/\/deputadotaveirajr.com.br\/index.php\/prefeitura-de-natal-retoma-pagamento-de-auxilio-a-permissionarios-do-mercado-da-redinha\/#breadcrumb"},"inLanguage":"pt-BR","potentialAction":[{"@type":"ReadAction","target":["https:\/\/deputadotaveirajr.com.br\/index.php\/prefeitura-de-natal-retoma-pagamento-de-auxilio-a-permissionarios-do-mercado-da-redinha\/"]}]},{"@type":"ImageObject","inLanguage":"pt-BR","@id":"https:\/\/deputadotaveirajr.com.br\/index.php\/prefeitura-de-natal-retoma-pagamento-de-auxilio-a-permissionarios-do-mercado-da-redinha\/#primaryimage","url":"https:\/\/deputadotaveirajr.com.br\/wp-content\/uploads\/2025\/05\/whatsapp-image-2024-12-26-at-17.42.26-2-jQLog0.jpg","contentUrl":"https:\/\/deputadotaveirajr.com.br\/wp-content\/uploads\/2025\/05\/whatsapp-image-2024-12-26-at-17.42.26-2-jQLog0.jpg","width":1600,"height":900},{"@type":"BreadcrumbList","@id":"https:\/\/deputadotaveirajr.com.br\/index.php\/prefeitura-de-natal-retoma-pagamento-de-auxilio-a-permissionarios-do-mercado-da-redinha\/#breadcrumb","itemListElement":[{"@type":"ListItem","position":1,"name":"In\u00edcio","item":"https:\/\/deputadotaveirajr.com.br\/"},{"@type":"ListItem","position":2,"name":"Prefeitura de Natal retoma pagamento de aux\u00edlio a permission\u00e1rios do Mercado da Redinha"}]},{"@type":"WebSite","@id":"https:\/\/deputadotaveirajr.com.br\/#website","url":"https:\/\/deputadotaveirajr.com.br\/","name":"Taveira Jr","description":"Deputado Estadual","publisher":{"@id":"https:\/\/deputadotaveirajr.com.br\/#organization"},"potentialAction":[{"@type":"SearchAction","target":{"@type":"EntryPoint","urlTemplate":"https:\/\/deputadotaveirajr.com.br\/?s={search_term_string}"},"query-input":{"@type":"PropertyValueSpecification","valueRequired":true,"valueName":"search_term_string"}}],"inLanguage":"pt-BR"},{"@type":"Organization","@id":"https:\/\/deputadotaveirajr.com.br\/#organization","name":"Taveira Jr","url":"https:\/\/deputadotaveirajr.com.br\/","logo":{"@type":"ImageObject","inLanguage":"pt-BR","@id":"https:\/\/deputadotaveirajr.com.br\/#\/schema\/logo\/image\/","url":"https:\/\/deputadotaveirajr.com.br\/wp-content\/uploads\/2026\/01\/logolow2a.png","contentUrl":"https:\/\/deputadotaveirajr.com.br\/wp-content\/uploads\/2026\/01\/logolow2a.png","width":290,"height":80,"caption":"Taveira Jr"},"image":{"@id":"https:\/\/deputadotaveirajr.com.br\/#\/schema\/logo\/image\/"}}]}},"_links":{"self":[{"href":"https:\/\/deputadotaveirajr.com.br\/index.php\/wp-json\/wp\/v2\/pages\/12996","targetHints":{"allow":["GET"]}}],"collection":[{"href":"https:\/\/deputadotaveirajr.com.br\/index.php\/wp-json\/wp\/v2\/pages"}],"about":[{"href":"https:\/\/deputadotaveirajr.com.br\/index.php\/wp-json\/wp\/v2\/types\/page"}],"replies":[{"embeddable":true,"href":"https:\/\/deputadotaveirajr.com.br\/index.php\/wp-json\/wp\/v2\/comments?post=12996"}],"version-history":[{"count":0,"href":"https:\/\/deputadotaveirajr.com.br\/index.php\/wp-json\/wp\/v2\/pages\/12996\/revisions"}],"wp:featuredmedia":[{"embeddable":true,"href":"https:\/\/deputadotaveirajr.com.br\/index.php\/wp-json\/wp\/v2\/media\/12997"}],"wp:attachment":[{"href":"https:\/\/deputadotaveirajr.com.br\/index.php\/wp-json\/wp\/v2\/media?parent=12996"}],"curies":[{"name":"wp","href":"https:\/\/api.w.org\/{rel}","templated":true}]}}