{"id":13000,"date":"2025-05-15T08:13:10","date_gmt":"2025-05-15T11:13:10","guid":{"rendered":"https:\/\/deputadotaveirajr.com.br\/index.php\/policia-de-rio-preto-prende-suspeitos-foragidos-do-nordeste-em-operacao\/"},"modified":"2025-05-15T08:13:10","modified_gmt":"2025-05-15T11:13:10","slug":"policia-de-rio-preto-prende-suspeitos-foragidos-do-nordeste-em-operacao","status":"publish","type":"page","link":"https:\/\/deputadotaveirajr.com.br\/index.php\/policia-de-rio-preto-prende-suspeitos-foragidos-do-nordeste-em-operacao\/","title":{"rendered":"Pol\u00edcia de Rio Preto prende suspeitos foragidos do Nordeste em opera\u00e7\u00e3o"},"content":{"rendered":"<p><img decoding=\"async\" src=\"https:\/\/s2-g1.glbimg.com\/TElzihrcNarRFLbmvDYE9TqlIeY=\/i.s3.glbimg.com\/v1\/AUTH_59edd422c0c84a879bd37670ae4f538a\/internal_photos\/bs\/2025\/N\/D\/O7aMsDSD27QqOAts3ksQ\/foto-g1-79-.png\" \/><br \/>     A\u00e7\u00e3o ocorreu em parceria com a Pol\u00edcia Federal do Rio Grande do Norte, que informou que os suspeitos estavam morando em cidades no interior de SP. Pol\u00edcia de Rio Preto (SP) prende suspeitos foragidos do Nordeste em opera\u00e7\u00e3o contra crimes<br \/>\nPol\u00edcia Civil\/Divulga\u00e7\u00e3o<br \/>\nA Pol\u00edcia Civil de S\u00e3o Jos\u00e9 do Rio Preto (SP) prendeu em cidades do interior de S\u00e3o Paulo dez criminosos, foragidos do Nordeste, em uma opera\u00e7\u00e3o, na quinta-feira (15), para combater os crimes de homic\u00eddio, roubo, estupro e tr\u00e1fico de drogas.<br \/>\n\ud83d\udcf2 Participe do canal do g1 Rio Preto e Ara\u00e7atuba no WhatsApp<br \/>\nSegundo a Delegacia Especializada em Investiga\u00e7\u00f5es Criminais (Deic), a a\u00e7\u00e3o ocorreu em parceria com a Pol\u00edcia Federal do Rio Grande do Norte, que informou que os suspeitos estavam morando em cidades no interior de SP.<br \/>\nDurante a a\u00e7\u00e3o, sete pessoas foram localizadas e detidas. As pris\u00f5es ocorreram nas regi\u00f5es de S\u00e3o Jos\u00e9 do Rio Preto, onde foram presas tr\u00eas pessoas, Ribeir\u00e3o Preto, onde foram tr\u00eas detidos, e em Campinas, onde um suspeito foi detido.<br \/>\nUm dos presos em Rio Preto \u00e9 um homem de 31 anos, integrante de uma organiza\u00e7\u00e3o criminosa, por suspeita de ter participado de um inc\u00eandio a seis carros no sub\u00farbio de Salvador (BA) no fim de abril. O suspeito teria envolvimento direto no inc\u00eandio dos carros no bairro Lobato, sub\u00farbio de Salvador (BA).<br \/>\nEm paralelo, a Deic intensificou as investiga\u00e7\u00f5es em busca de procurados por cometerem crimes em Rio Preto. Como resultado, outras tr\u00eas pessoas foram presas pelos crimes de roubo, les\u00e3o corporal e importuna\u00e7\u00e3o sexual, totalizando 10 deten\u00e7\u00f5es.<br \/>\nPol\u00edcia de Rio Preto (SP) prende suspeitos foragidos do Nordeste em opera\u00e7\u00e3o<br \/>\nPol\u00edcia Civil\/Divulga\u00e7\u00e3o<br \/>\nVeja mais not\u00edcias da regi\u00e3o em g1 Rio Preto e Ara\u00e7atuba.<br \/>\nV\u00cdDEOS: confira as reportagens da TV TEM<\/p>","protected":false},"excerpt":{"rendered":"<p>A\u00e7\u00e3o ocorreu em parceria com a Pol\u00edcia Federal do Rio Grande do Norte, que informou que os suspeitos estavam morando em cidades no interior de SP. Pol\u00edcia de Rio Preto &#8230;<\/p>\n","protected":false},"author":0,"featured_media":13001,"parent":0,"menu_order":0,"comment_status":"closed","ping_status":"closed","template":"","meta":{"footnotes":""},"class_list":["post-13000","page","type-page","status-publish","has-post-thumbnail","hentry"],"yoast_head":"<!-- This site is optimized with the Yoast SEO plugin v27.1.1 - https:\/\/yoast.com\/product\/yoast-seo-wordpress\/ -->\n<title>Pol\u00edcia de Rio Preto prende suspeitos foragidos do Nordeste em opera\u00e7\u00e3o - Taveira Jr<\/title>\n<meta name=\"robots\" content=\"index, follow, max-snippet:-1, max-image-preview:large, max-video-preview:-1\" \/>\n<link rel=\"canonical\" href=\"https:\/\/deputadotaveirajr.com.br\/index.php\/policia-de-rio-preto-prende-suspeitos-foragidos-do-nordeste-em-operacao\/\" \/>\n<meta property=\"og:locale\" content=\"pt_BR\" \/>\n<meta property=\"og:type\" content=\"article\" \/>\n<meta property=\"og:title\" content=\"Pol\u00edcia de Rio Preto prende suspeitos foragidos do Nordeste em opera\u00e7\u00e3o - Taveira Jr\" \/>\n<meta property=\"og:description\" content=\"A\u00e7\u00e3o ocorreu em parceria com a Pol\u00edcia Federal do Rio Grande do Norte, que informou que os suspeitos estavam morando em cidades no interior de SP. Pol\u00edcia de Rio Preto ...\" \/>\n<meta property=\"og:url\" content=\"https:\/\/deputadotaveirajr.com.br\/index.php\/policia-de-rio-preto-prende-suspeitos-foragidos-do-nordeste-em-operacao\/\" \/>\n<meta property=\"og:site_name\" content=\"Taveira Jr\" \/>\n<meta property=\"og:image\" content=\"https:\/\/s2-g1.glbimg.com\/TElzihrcNarRFLbmvDYE9TqlIeY=\/i.s3.glbimg.com\/v1\/AUTH_59edd422c0c84a879bd37670ae4f538a\/internal_photos\/bs\/2025\/N\/D\/O7aMsDSD27QqOAts3ksQ\/foto-g1-79-.png\" \/>\n<meta name=\"twitter:card\" content=\"summary_large_image\" \/>\n<meta name=\"twitter:label1\" content=\"Est. tempo de leitura\" \/>\n\t<meta name=\"twitter:data1\" content=\"2 minutos\" \/>\n<script type=\"application\/ld+json\" class=\"yoast-schema-graph\">{\"@context\":\"https:\/\/schema.org\",\"@graph\":[{\"@type\":\"WebPage\",\"@id\":\"https:\/\/deputadotaveirajr.com.br\/index.php\/policia-de-rio-preto-prende-suspeitos-foragidos-do-nordeste-em-operacao\/\",\"url\":\"https:\/\/deputadotaveirajr.com.br\/index.php\/policia-de-rio-preto-prende-suspeitos-foragidos-do-nordeste-em-operacao\/\",\"name\":\"Pol\u00edcia de Rio Preto prende suspeitos foragidos do Nordeste em opera\u00e7\u00e3o - Taveira Jr\",\"isPartOf\":{\"@id\":\"https:\/\/deputadotaveirajr.com.br\/#website\"},\"primaryImageOfPage\":{\"@id\":\"https:\/\/deputadotaveirajr.com.br\/index.php\/policia-de-rio-preto-prende-suspeitos-foragidos-do-nordeste-em-operacao\/#primaryimage\"},\"image\":{\"@id\":\"https:\/\/deputadotaveirajr.com.br\/index.php\/policia-de-rio-preto-prende-suspeitos-foragidos-do-nordeste-em-operacao\/#primaryimage\"},\"thumbnailUrl\":\"https:\/\/deputadotaveirajr.com.br\/wp-content\/uploads\/2025\/05\/foto-g1-79-bLjSaN.jpg\",\"datePublished\":\"2025-05-15T11:13:10+00:00\",\"breadcrumb\":{\"@id\":\"https:\/\/deputadotaveirajr.com.br\/index.php\/policia-de-rio-preto-prende-suspeitos-foragidos-do-nordeste-em-operacao\/#breadcrumb\"},\"inLanguage\":\"pt-BR\",\"potentialAction\":[{\"@type\":\"ReadAction\",\"target\":[\"https:\/\/deputadotaveirajr.com.br\/index.php\/policia-de-rio-preto-prende-suspeitos-foragidos-do-nordeste-em-operacao\/\"]}]},{\"@type\":\"ImageObject\",\"inLanguage\":\"pt-BR\",\"@id\":\"https:\/\/deputadotaveirajr.com.br\/index.php\/policia-de-rio-preto-prende-suspeitos-foragidos-do-nordeste-em-operacao\/#primaryimage\",\"url\":\"https:\/\/deputadotaveirajr.com.br\/wp-content\/uploads\/2025\/05\/foto-g1-79-bLjSaN.jpg\",\"contentUrl\":\"https:\/\/deputadotaveirajr.com.br\/wp-content\/uploads\/2025\/05\/foto-g1-79-bLjSaN.jpg\",\"width\":1920,\"height\":1080},{\"@type\":\"BreadcrumbList\",\"@id\":\"https:\/\/deputadotaveirajr.com.br\/index.php\/policia-de-rio-preto-prende-suspeitos-foragidos-do-nordeste-em-operacao\/#breadcrumb\",\"itemListElement\":[{\"@type\":\"ListItem\",\"position\":1,\"name\":\"In\u00edcio\",\"item\":\"https:\/\/deputadotaveirajr.com.br\/\"},{\"@type\":\"ListItem\",\"position\":2,\"name\":\"Pol\u00edcia de Rio Preto prende suspeitos foragidos do Nordeste em opera\u00e7\u00e3o\"}]},{\"@type\":\"WebSite\",\"@id\":\"https:\/\/deputadotaveirajr.com.br\/#website\",\"url\":\"https:\/\/deputadotaveirajr.com.br\/\",\"name\":\"Taveira Jr\",\"description\":\"Deputado Estadual\",\"publisher\":{\"@id\":\"https:\/\/deputadotaveirajr.com.br\/#organization\"},\"potentialAction\":[{\"@type\":\"SearchAction\",\"target\":{\"@type\":\"EntryPoint\",\"urlTemplate\":\"https:\/\/deputadotaveirajr.com.br\/?s={search_term_string}\"},\"query-input\":{\"@type\":\"PropertyValueSpecification\",\"valueRequired\":true,\"valueName\":\"search_term_string\"}}],\"inLanguage\":\"pt-BR\"},{\"@type\":\"Organization\",\"@id\":\"https:\/\/deputadotaveirajr.com.br\/#organization\",\"name\":\"Taveira Jr\",\"url\":\"https:\/\/deputadotaveirajr.com.br\/\",\"logo\":{\"@type\":\"ImageObject\",\"inLanguage\":\"pt-BR\",\"@id\":\"https:\/\/deputadotaveirajr.com.br\/#\/schema\/logo\/image\/\",\"url\":\"https:\/\/deputadotaveirajr.com.br\/wp-content\/uploads\/2026\/01\/logolow2a.png\",\"contentUrl\":\"https:\/\/deputadotaveirajr.com.br\/wp-content\/uploads\/2026\/01\/logolow2a.png\",\"width\":290,\"height\":80,\"caption\":\"Taveira Jr\"},\"image\":{\"@id\":\"https:\/\/deputadotaveirajr.com.br\/#\/schema\/logo\/image\/\"}}]}<\/script>\n<!-- \/ Yoast SEO plugin. -->","yoast_head_json":{"title":"Pol\u00edcia de Rio Preto prende suspeitos foragidos do Nordeste em opera\u00e7\u00e3o - Taveira Jr","robots":{"index":"index","follow":"follow","max-snippet":"max-snippet:-1","max-image-preview":"max-image-preview:large","max-video-preview":"max-video-preview:-1"},"canonical":"https:\/\/deputadotaveirajr.com.br\/index.php\/policia-de-rio-preto-prende-suspeitos-foragidos-do-nordeste-em-operacao\/","og_locale":"pt_BR","og_type":"article","og_title":"Pol\u00edcia de Rio Preto prende suspeitos foragidos do Nordeste em opera\u00e7\u00e3o - Taveira Jr","og_description":"A\u00e7\u00e3o ocorreu em parceria com a Pol\u00edcia Federal do Rio Grande do Norte, que informou que os suspeitos estavam morando em cidades no interior de SP. Pol\u00edcia de Rio Preto ...","og_url":"https:\/\/deputadotaveirajr.com.br\/index.php\/policia-de-rio-preto-prende-suspeitos-foragidos-do-nordeste-em-operacao\/","og_site_name":"Taveira Jr","og_image":[{"url":"https:\/\/s2-g1.glbimg.com\/TElzihrcNarRFLbmvDYE9TqlIeY=\/i.s3.glbimg.com\/v1\/AUTH_59edd422c0c84a879bd37670ae4f538a\/internal_photos\/bs\/2025\/N\/D\/O7aMsDSD27QqOAts3ksQ\/foto-g1-79-.png","type":"","width":"","height":""}],"twitter_card":"summary_large_image","twitter_misc":{"Est. tempo de leitura":"2 minutos"},"schema":{"@context":"https:\/\/schema.org","@graph":[{"@type":"WebPage","@id":"https:\/\/deputadotaveirajr.com.br\/index.php\/policia-de-rio-preto-prende-suspeitos-foragidos-do-nordeste-em-operacao\/","url":"https:\/\/deputadotaveirajr.com.br\/index.php\/policia-de-rio-preto-prende-suspeitos-foragidos-do-nordeste-em-operacao\/","name":"Pol\u00edcia de Rio Preto prende suspeitos foragidos do Nordeste em opera\u00e7\u00e3o - Taveira Jr","isPartOf":{"@id":"https:\/\/deputadotaveirajr.com.br\/#website"},"primaryImageOfPage":{"@id":"https:\/\/deputadotaveirajr.com.br\/index.php\/policia-de-rio-preto-prende-suspeitos-foragidos-do-nordeste-em-operacao\/#primaryimage"},"image":{"@id":"https:\/\/deputadotaveirajr.com.br\/index.php\/policia-de-rio-preto-prende-suspeitos-foragidos-do-nordeste-em-operacao\/#primaryimage"},"thumbnailUrl":"https:\/\/deputadotaveirajr.com.br\/wp-content\/uploads\/2025\/05\/foto-g1-79-bLjSaN.jpg","datePublished":"2025-05-15T11:13:10+00:00","breadcrumb":{"@id":"https:\/\/deputadotaveirajr.com.br\/index.php\/policia-de-rio-preto-prende-suspeitos-foragidos-do-nordeste-em-operacao\/#breadcrumb"},"inLanguage":"pt-BR","potentialAction":[{"@type":"ReadAction","target":["https:\/\/deputadotaveirajr.com.br\/index.php\/policia-de-rio-preto-prende-suspeitos-foragidos-do-nordeste-em-operacao\/"]}]},{"@type":"ImageObject","inLanguage":"pt-BR","@id":"https:\/\/deputadotaveirajr.com.br\/index.php\/policia-de-rio-preto-prende-suspeitos-foragidos-do-nordeste-em-operacao\/#primaryimage","url":"https:\/\/deputadotaveirajr.com.br\/wp-content\/uploads\/2025\/05\/foto-g1-79-bLjSaN.jpg","contentUrl":"https:\/\/deputadotaveirajr.com.br\/wp-content\/uploads\/2025\/05\/foto-g1-79-bLjSaN.jpg","width":1920,"height":1080},{"@type":"BreadcrumbList","@id":"https:\/\/deputadotaveirajr.com.br\/index.php\/policia-de-rio-preto-prende-suspeitos-foragidos-do-nordeste-em-operacao\/#breadcrumb","itemListElement":[{"@type":"ListItem","position":1,"name":"In\u00edcio","item":"https:\/\/deputadotaveirajr.com.br\/"},{"@type":"ListItem","position":2,"name":"Pol\u00edcia de Rio Preto prende suspeitos foragidos do Nordeste em opera\u00e7\u00e3o"}]},{"@type":"WebSite","@id":"https:\/\/deputadotaveirajr.com.br\/#website","url":"https:\/\/deputadotaveirajr.com.br\/","name":"Taveira Jr","description":"Deputado Estadual","publisher":{"@id":"https:\/\/deputadotaveirajr.com.br\/#organization"},"potentialAction":[{"@type":"SearchAction","target":{"@type":"EntryPoint","urlTemplate":"https:\/\/deputadotaveirajr.com.br\/?s={search_term_string}"},"query-input":{"@type":"PropertyValueSpecification","valueRequired":true,"valueName":"search_term_string"}}],"inLanguage":"pt-BR"},{"@type":"Organization","@id":"https:\/\/deputadotaveirajr.com.br\/#organization","name":"Taveira Jr","url":"https:\/\/deputadotaveirajr.com.br\/","logo":{"@type":"ImageObject","inLanguage":"pt-BR","@id":"https:\/\/deputadotaveirajr.com.br\/#\/schema\/logo\/image\/","url":"https:\/\/deputadotaveirajr.com.br\/wp-content\/uploads\/2026\/01\/logolow2a.png","contentUrl":"https:\/\/deputadotaveirajr.com.br\/wp-content\/uploads\/2026\/01\/logolow2a.png","width":290,"height":80,"caption":"Taveira Jr"},"image":{"@id":"https:\/\/deputadotaveirajr.com.br\/#\/schema\/logo\/image\/"}}]}},"_links":{"self":[{"href":"https:\/\/deputadotaveirajr.com.br\/index.php\/wp-json\/wp\/v2\/pages\/13000","targetHints":{"allow":["GET"]}}],"collection":[{"href":"https:\/\/deputadotaveirajr.com.br\/index.php\/wp-json\/wp\/v2\/pages"}],"about":[{"href":"https:\/\/deputadotaveirajr.com.br\/index.php\/wp-json\/wp\/v2\/types\/page"}],"replies":[{"embeddable":true,"href":"https:\/\/deputadotaveirajr.com.br\/index.php\/wp-json\/wp\/v2\/comments?post=13000"}],"version-history":[{"count":0,"href":"https:\/\/deputadotaveirajr.com.br\/index.php\/wp-json\/wp\/v2\/pages\/13000\/revisions"}],"wp:featuredmedia":[{"embeddable":true,"href":"https:\/\/deputadotaveirajr.com.br\/index.php\/wp-json\/wp\/v2\/media\/13001"}],"wp:attachment":[{"href":"https:\/\/deputadotaveirajr.com.br\/index.php\/wp-json\/wp\/v2\/media?parent=13000"}],"curies":[{"name":"wp","href":"https:\/\/api.w.org\/{rel}","templated":true}]}}