{"id":13002,"date":"2025-05-15T06:00:42","date_gmt":"2025-05-15T09:00:42","guid":{"rendered":"https:\/\/deputadotaveirajr.com.br\/index.php\/geraldo-azevedo-mato-seco-e-dudu-nobre-veja-agenda-cultural-do-fim-de-semana-em-natal\/"},"modified":"2025-05-15T06:00:42","modified_gmt":"2025-05-15T09:00:42","slug":"geraldo-azevedo-mato-seco-e-dudu-nobre-veja-agenda-cultural-do-fim-de-semana-em-natal","status":"publish","type":"page","link":"https:\/\/deputadotaveirajr.com.br\/index.php\/geraldo-azevedo-mato-seco-e-dudu-nobre-veja-agenda-cultural-do-fim-de-semana-em-natal\/","title":{"rendered":"Geraldo Azevedo, Mato Seco e Dudu Nobre: veja agenda cultural do fim de semana em Natal"},"content":{"rendered":"<p><img decoding=\"async\" src=\"https:\/\/s2-g1.glbimg.com\/wwB1_eS2tEYOjzpqU4qEFL-k1e0=\/i.s3.glbimg.com\/v1\/AUTH_59edd422c0c84a879bd37670ae4f538a\/internal_photos\/bs\/2024\/c\/o\/tUgVWCSN2B5AIVbulhlA\/geraldo-azevedo-pp-2-.jpg\" \/><br \/>     Op\u00e7\u00f5es culturais dispon\u00edveis entre esta quinta-feira (15) e a pr\u00f3xima quarta-feira (21) foram reunidas pelo g1. H\u00e1 shows, pe\u00e7as e apresenta\u00e7\u00f5es de stand-up entre atra\u00e7\u00f5es. Geraldo Azevedo no S\u00e3o Jo\u00e3o 2024 de Campina Grande<br \/>\nBruna Couto\/g1<br \/>\nA agenda cultural do fim de semana e do in\u00edcio da pr\u00f3xima em Natal tem previsto shows musicais, apresenta\u00e7\u00f5es de humor e festas com muito forr\u00f3.<br \/>\nEntre as principais atra\u00e7\u00f5es do fim de semana est\u00e3o os shows de Geraldo Azevedo, na turn\u00ea de 80 anos de idade, do grupo Mato Seco, comemorando 23 anos de estrada, e Roberta Campos, e de Dudu Nobre.<br \/>\n\ud83d\udcf3Participe do canal do g1 RN no WhatsApp<br \/>\nO g1 reuniu algumas das op\u00e7\u00f5es culturais dispon\u00edveis a partir desta quinta-feira (15) at\u00e9 pr\u00f3xima quarta-feira (21). Veja abaixo:<br \/>\nQuinta-feira (15)<br \/>\nDiogo Almeida apresenta &#8220;Tarja Preta, uma com\u00e9dia pedag\u00f3gica&#8221;<br \/>\nLocal: Teatro Riachuelo<br \/>\nHor\u00e1rio: 19h30<br \/>\nIngressos: a partir de R$ 75 (clique AQUI)<br \/>\nSeu Pereira e Coletivo 401<br \/>\nLocal: Galp\u00e3o 292, na Rua Chile, 29, Ribeira<br \/>\nHor\u00e1rio: a partir das 20h<br \/>\nIngressos: a partir de R$ 40 (clique AQUI)<br \/>\nQuinta Que Te Quero Samba &#8211; com Batuque de um Povo<br \/>\nLocal: Rua Coronel Cascudo 130, Cidade Alta (Bar da Nazar\u00e9)<br \/>\nHor\u00e1rio: 19h<br \/>\nIngressos: entrada gratuita<br \/>\nSexta-feira (16)<br \/>\nPaura (SP), Plugins (PE) e Born to Freedom (RN)<br \/>\nLocal: Sede cultural Dosol<br \/>\nHor\u00e1rio: a partir de 18h<br \/>\nIngressos: a partir de R$ 30 (clique AQUI)<br \/>\nShow de lan\u00e7amento do EP A Calma, da Banda Sete Anos de Azar!<br \/>\nLocal: Cervejaria Resist\u00eancia<br \/>\nHor\u00e1rio: a partir de 19h<br \/>\nIngressos: a partir de R$ 15 (clique AQUI)<br \/>\nF\u00e1bulas de Nossas F\u00farias, do Coletivo Art\u00edstico Atores \u00e0 Deriva<br \/>\nLocal: Tecesol<br \/>\nHor\u00e1rio: 20h<br \/>\nIngressos: a partir de R$ 10 (clique AQUI &#8211; gratuito para trans e travestis)<br \/>\n*Sess\u00e3o se repete no s\u00e1bado (17)<br \/>\nLona da Com\u00e9dia, com Gian Danves e os convidados Majimba, Vitor Ricardo e Marina<br \/>\nLocal: Circo Bisteca &amp; Bochechinha, no estacionamento do shopping Cidade Verde<br \/>\nHor\u00e1rio: 20h<br \/>\nIngressos: a partir de R$ 15 (clique AQUI)<br \/>\nSocorro Lima e Pedro Lucas<br \/>\nLocal: Afonso Pub<br \/>\nHor\u00e1rio: a partir de 21h<br \/>\nIngressos: a partir de R$ 40 (Clique AQUI)<br \/>\nSelvagens \u00e0 Procura de Lei &#8211; show &#8220;Pra Recome\u00e7ar&#8221;<br \/>\nLocal: Red Dog Pub<br \/>\nHor\u00e1rio: a partir de 19h<br \/>\nIngressos: a partir de R$ 40 (Clique AQUI)<br \/>\nS\u00e1bado (17)<br \/>\nMato Seco 23 anos<br \/>\nLocal: Ribeira Music, Rua Chile, 45<br \/>\nHor\u00e1rio: a partir das 21h<br \/>\nIngressos: a partir de R$ 70 (clique AQUI)<br \/>\nDudu Nobre, Circuito Musical e Mundo Bita &#8211; Circuito Sesc de Corridas<br \/>\nLocal: Arena das Dunas<br \/>\nHor\u00e1rio: a partir das 17h (Mundo Bita \u00e0s 17h; Circuito Musical \u00e0s 18h10; e Dudu Nobre \u00e0s 20h10)<br \/>\nIngressos: 1 kg de alimento ou participa\u00e7\u00e3o na corrida (clique AQUI)<br \/>\nCatita Magn\u00edficos | Fabiana Souto<br \/>\nLocal: Buraco da Catita<br \/>\nHor\u00e1rio: a partir das 21h<br \/>\nIngressos: a partir de R$ 30 (clique AQUI)<br \/>\nLuciano Guima &#8211; Ansioso<br \/>\nLocal: Natal Comedy Club<br \/>\nHor\u00e1rio: a partir das 20h<br \/>\nIngressos: a partir de R$ 20 (clique AQUI)<br \/>\nUnited 13 anos<br \/>\nLocal: Whiskrit\u00f3rio Pub<br \/>\nHor\u00e1rio: a partir das 21h<br \/>\nIngressos: a partir de R$ 30 (clique AQUI)<br \/>\nFesta Tropikal<br \/>\nLocal: Galp\u00e3o 292, na Rua Chile, 29, Ribeira<br \/>\nHor\u00e1rio: 15h<br \/>\nIngressos: a partir de R$ 15 (clique AQUI)<br \/>\nDomingo (18)<br \/>\nGeraldo Azevedo &#8211; 80 anos<br \/>\nLocal: Teatro Riachuelo<br \/>\nHor\u00e1rio: 20h<br \/>\nIngressos: a partir de R$ 100 (clique AQUI)<br \/>\nGeraldo Azevedo celebra os 80 anos no palco do Show da Vida<br \/>\nA mostrada 2 &#8211; Mais horripilante e tragicamente c\u00f4mica<br \/>\nLocal: Teatro Alberto Maranh\u00e3o<br \/>\nHor\u00e1rio: 19h<br \/>\nIngressos: a partir de R$ 25 (clique AQUI)<br \/>\nScarlat Calu\u00eate &#8211; A Vida \u00e9 uma Choice<br \/>\nLocal: Natal Comedy Club<br \/>\nHor\u00e1rio: 19h<br \/>\nIngressos: a partir de R$ 50 (clique AQUI)<br \/>\nSegunda-feira (19)<br \/>\nSegunda de Vagabundo<br \/>\nLocal: Rua Pereira Sim\u00f5es , 43 B, Rocas<br \/>\nHor\u00e1rio: 20h<br \/>\nIngressos: entrada gratuita<br \/>\nQuarta-feira (21)<br \/>\nEncontro Marcado Clube FM &#8211; Roberta Campos e Plut\u00e3o J\u00e1 Foi Planeta<br \/>\nLocal: Teatro Riachuelo<br \/>\nHor\u00e1rio: 20h<br \/>\nIngressos: a partir de R$ 50 (clique AQUI)<br \/>\nV\u00eddeos mais assistidos do g1 RN<\/p>","protected":false},"excerpt":{"rendered":"<p>Op\u00e7\u00f5es culturais dispon\u00edveis entre esta quinta-feira (15) e a pr\u00f3xima quarta-feira (21) foram reunidas pelo g1. H\u00e1 shows, pe\u00e7as e apresenta\u00e7\u00f5es de stand-up entre atra\u00e7\u00f5es. Geraldo Azevedo no S\u00e3o Jo\u00e3o &#8230;<\/p>\n","protected":false},"author":0,"featured_media":13003,"parent":0,"menu_order":0,"comment_status":"closed","ping_status":"closed","template":"","meta":{"footnotes":""},"class_list":["post-13002","page","type-page","status-publish","has-post-thumbnail","hentry"],"yoast_head":"<!-- This site is optimized with the Yoast SEO plugin v27.1.1 - https:\/\/yoast.com\/product\/yoast-seo-wordpress\/ -->\n<title>Geraldo Azevedo, Mato Seco e Dudu Nobre: veja agenda cultural do fim de semana em Natal - Taveira Jr<\/title>\n<meta name=\"robots\" content=\"index, follow, max-snippet:-1, max-image-preview:large, max-video-preview:-1\" \/>\n<link rel=\"canonical\" href=\"https:\/\/deputadotaveirajr.com.br\/index.php\/geraldo-azevedo-mato-seco-e-dudu-nobre-veja-agenda-cultural-do-fim-de-semana-em-natal\/\" \/>\n<meta property=\"og:locale\" content=\"pt_BR\" \/>\n<meta property=\"og:type\" content=\"article\" \/>\n<meta property=\"og:title\" content=\"Geraldo Azevedo, Mato Seco e Dudu Nobre: veja agenda cultural do fim de semana em Natal - Taveira Jr\" \/>\n<meta property=\"og:description\" content=\"Op\u00e7\u00f5es culturais dispon\u00edveis entre esta quinta-feira (15) e a pr\u00f3xima quarta-feira (21) foram reunidas pelo g1. H\u00e1 shows, pe\u00e7as e apresenta\u00e7\u00f5es de stand-up entre atra\u00e7\u00f5es. Geraldo Azevedo no S\u00e3o Jo\u00e3o ...\" \/>\n<meta property=\"og:url\" content=\"https:\/\/deputadotaveirajr.com.br\/index.php\/geraldo-azevedo-mato-seco-e-dudu-nobre-veja-agenda-cultural-do-fim-de-semana-em-natal\/\" \/>\n<meta property=\"og:site_name\" content=\"Taveira Jr\" \/>\n<meta property=\"og:image\" content=\"https:\/\/s2-g1.glbimg.com\/wwB1_eS2tEYOjzpqU4qEFL-k1e0=\/i.s3.glbimg.com\/v1\/AUTH_59edd422c0c84a879bd37670ae4f538a\/internal_photos\/bs\/2024\/c\/o\/tUgVWCSN2B5AIVbulhlA\/geraldo-azevedo-pp-2-.jpg\" \/>\n<meta name=\"twitter:card\" content=\"summary_large_image\" \/>\n<meta name=\"twitter:label1\" content=\"Est. tempo de leitura\" \/>\n\t<meta name=\"twitter:data1\" content=\"3 minutos\" \/>\n<script type=\"application\/ld+json\" class=\"yoast-schema-graph\">{\"@context\":\"https:\/\/schema.org\",\"@graph\":[{\"@type\":\"WebPage\",\"@id\":\"https:\/\/deputadotaveirajr.com.br\/index.php\/geraldo-azevedo-mato-seco-e-dudu-nobre-veja-agenda-cultural-do-fim-de-semana-em-natal\/\",\"url\":\"https:\/\/deputadotaveirajr.com.br\/index.php\/geraldo-azevedo-mato-seco-e-dudu-nobre-veja-agenda-cultural-do-fim-de-semana-em-natal\/\",\"name\":\"Geraldo Azevedo, Mato Seco e Dudu Nobre: veja agenda cultural do fim de semana em Natal - Taveira Jr\",\"isPartOf\":{\"@id\":\"https:\/\/deputadotaveirajr.com.br\/#website\"},\"primaryImageOfPage\":{\"@id\":\"https:\/\/deputadotaveirajr.com.br\/index.php\/geraldo-azevedo-mato-seco-e-dudu-nobre-veja-agenda-cultural-do-fim-de-semana-em-natal\/#primaryimage\"},\"image\":{\"@id\":\"https:\/\/deputadotaveirajr.com.br\/index.php\/geraldo-azevedo-mato-seco-e-dudu-nobre-veja-agenda-cultural-do-fim-de-semana-em-natal\/#primaryimage\"},\"thumbnailUrl\":\"https:\/\/deputadotaveirajr.com.br\/wp-content\/uploads\/2025\/05\/geraldo-azevedo-pp-2-fRKodi-scaled.jpg\",\"datePublished\":\"2025-05-15T09:00:42+00:00\",\"breadcrumb\":{\"@id\":\"https:\/\/deputadotaveirajr.com.br\/index.php\/geraldo-azevedo-mato-seco-e-dudu-nobre-veja-agenda-cultural-do-fim-de-semana-em-natal\/#breadcrumb\"},\"inLanguage\":\"pt-BR\",\"potentialAction\":[{\"@type\":\"ReadAction\",\"target\":[\"https:\/\/deputadotaveirajr.com.br\/index.php\/geraldo-azevedo-mato-seco-e-dudu-nobre-veja-agenda-cultural-do-fim-de-semana-em-natal\/\"]}]},{\"@type\":\"ImageObject\",\"inLanguage\":\"pt-BR\",\"@id\":\"https:\/\/deputadotaveirajr.com.br\/index.php\/geraldo-azevedo-mato-seco-e-dudu-nobre-veja-agenda-cultural-do-fim-de-semana-em-natal\/#primaryimage\",\"url\":\"https:\/\/deputadotaveirajr.com.br\/wp-content\/uploads\/2025\/05\/geraldo-azevedo-pp-2-fRKodi-scaled.jpg\",\"contentUrl\":\"https:\/\/deputadotaveirajr.com.br\/wp-content\/uploads\/2025\/05\/geraldo-azevedo-pp-2-fRKodi-scaled.jpg\",\"width\":2560,\"height\":1707},{\"@type\":\"BreadcrumbList\",\"@id\":\"https:\/\/deputadotaveirajr.com.br\/index.php\/geraldo-azevedo-mato-seco-e-dudu-nobre-veja-agenda-cultural-do-fim-de-semana-em-natal\/#breadcrumb\",\"itemListElement\":[{\"@type\":\"ListItem\",\"position\":1,\"name\":\"In\u00edcio\",\"item\":\"https:\/\/deputadotaveirajr.com.br\/\"},{\"@type\":\"ListItem\",\"position\":2,\"name\":\"Geraldo Azevedo, Mato Seco e Dudu Nobre: veja agenda cultural do fim de semana em Natal\"}]},{\"@type\":\"WebSite\",\"@id\":\"https:\/\/deputadotaveirajr.com.br\/#website\",\"url\":\"https:\/\/deputadotaveirajr.com.br\/\",\"name\":\"Taveira Jr\",\"description\":\"Deputado Estadual\",\"publisher\":{\"@id\":\"https:\/\/deputadotaveirajr.com.br\/#organization\"},\"potentialAction\":[{\"@type\":\"SearchAction\",\"target\":{\"@type\":\"EntryPoint\",\"urlTemplate\":\"https:\/\/deputadotaveirajr.com.br\/?s={search_term_string}\"},\"query-input\":{\"@type\":\"PropertyValueSpecification\",\"valueRequired\":true,\"valueName\":\"search_term_string\"}}],\"inLanguage\":\"pt-BR\"},{\"@type\":\"Organization\",\"@id\":\"https:\/\/deputadotaveirajr.com.br\/#organization\",\"name\":\"Taveira Jr\",\"url\":\"https:\/\/deputadotaveirajr.com.br\/\",\"logo\":{\"@type\":\"ImageObject\",\"inLanguage\":\"pt-BR\",\"@id\":\"https:\/\/deputadotaveirajr.com.br\/#\/schema\/logo\/image\/\",\"url\":\"https:\/\/deputadotaveirajr.com.br\/wp-content\/uploads\/2026\/01\/logolow2a.png\",\"contentUrl\":\"https:\/\/deputadotaveirajr.com.br\/wp-content\/uploads\/2026\/01\/logolow2a.png\",\"width\":290,\"height\":80,\"caption\":\"Taveira Jr\"},\"image\":{\"@id\":\"https:\/\/deputadotaveirajr.com.br\/#\/schema\/logo\/image\/\"}}]}<\/script>\n<!-- \/ Yoast SEO plugin. -->","yoast_head_json":{"title":"Geraldo Azevedo, Mato Seco e Dudu Nobre: veja agenda cultural do fim de semana em Natal - Taveira Jr","robots":{"index":"index","follow":"follow","max-snippet":"max-snippet:-1","max-image-preview":"max-image-preview:large","max-video-preview":"max-video-preview:-1"},"canonical":"https:\/\/deputadotaveirajr.com.br\/index.php\/geraldo-azevedo-mato-seco-e-dudu-nobre-veja-agenda-cultural-do-fim-de-semana-em-natal\/","og_locale":"pt_BR","og_type":"article","og_title":"Geraldo Azevedo, Mato Seco e Dudu Nobre: veja agenda cultural do fim de semana em Natal - Taveira Jr","og_description":"Op\u00e7\u00f5es culturais dispon\u00edveis entre esta quinta-feira (15) e a pr\u00f3xima quarta-feira (21) foram reunidas pelo g1. H\u00e1 shows, pe\u00e7as e apresenta\u00e7\u00f5es de stand-up entre atra\u00e7\u00f5es. Geraldo Azevedo no S\u00e3o Jo\u00e3o ...","og_url":"https:\/\/deputadotaveirajr.com.br\/index.php\/geraldo-azevedo-mato-seco-e-dudu-nobre-veja-agenda-cultural-do-fim-de-semana-em-natal\/","og_site_name":"Taveira Jr","og_image":[{"url":"https:\/\/s2-g1.glbimg.com\/wwB1_eS2tEYOjzpqU4qEFL-k1e0=\/i.s3.glbimg.com\/v1\/AUTH_59edd422c0c84a879bd37670ae4f538a\/internal_photos\/bs\/2024\/c\/o\/tUgVWCSN2B5AIVbulhlA\/geraldo-azevedo-pp-2-.jpg","type":"","width":"","height":""}],"twitter_card":"summary_large_image","twitter_misc":{"Est. tempo de leitura":"3 minutos"},"schema":{"@context":"https:\/\/schema.org","@graph":[{"@type":"WebPage","@id":"https:\/\/deputadotaveirajr.com.br\/index.php\/geraldo-azevedo-mato-seco-e-dudu-nobre-veja-agenda-cultural-do-fim-de-semana-em-natal\/","url":"https:\/\/deputadotaveirajr.com.br\/index.php\/geraldo-azevedo-mato-seco-e-dudu-nobre-veja-agenda-cultural-do-fim-de-semana-em-natal\/","name":"Geraldo Azevedo, Mato Seco e Dudu Nobre: veja agenda cultural do fim de semana em Natal - Taveira Jr","isPartOf":{"@id":"https:\/\/deputadotaveirajr.com.br\/#website"},"primaryImageOfPage":{"@id":"https:\/\/deputadotaveirajr.com.br\/index.php\/geraldo-azevedo-mato-seco-e-dudu-nobre-veja-agenda-cultural-do-fim-de-semana-em-natal\/#primaryimage"},"image":{"@id":"https:\/\/deputadotaveirajr.com.br\/index.php\/geraldo-azevedo-mato-seco-e-dudu-nobre-veja-agenda-cultural-do-fim-de-semana-em-natal\/#primaryimage"},"thumbnailUrl":"https:\/\/deputadotaveirajr.com.br\/wp-content\/uploads\/2025\/05\/geraldo-azevedo-pp-2-fRKodi-scaled.jpg","datePublished":"2025-05-15T09:00:42+00:00","breadcrumb":{"@id":"https:\/\/deputadotaveirajr.com.br\/index.php\/geraldo-azevedo-mato-seco-e-dudu-nobre-veja-agenda-cultural-do-fim-de-semana-em-natal\/#breadcrumb"},"inLanguage":"pt-BR","potentialAction":[{"@type":"ReadAction","target":["https:\/\/deputadotaveirajr.com.br\/index.php\/geraldo-azevedo-mato-seco-e-dudu-nobre-veja-agenda-cultural-do-fim-de-semana-em-natal\/"]}]},{"@type":"ImageObject","inLanguage":"pt-BR","@id":"https:\/\/deputadotaveirajr.com.br\/index.php\/geraldo-azevedo-mato-seco-e-dudu-nobre-veja-agenda-cultural-do-fim-de-semana-em-natal\/#primaryimage","url":"https:\/\/deputadotaveirajr.com.br\/wp-content\/uploads\/2025\/05\/geraldo-azevedo-pp-2-fRKodi-scaled.jpg","contentUrl":"https:\/\/deputadotaveirajr.com.br\/wp-content\/uploads\/2025\/05\/geraldo-azevedo-pp-2-fRKodi-scaled.jpg","width":2560,"height":1707},{"@type":"BreadcrumbList","@id":"https:\/\/deputadotaveirajr.com.br\/index.php\/geraldo-azevedo-mato-seco-e-dudu-nobre-veja-agenda-cultural-do-fim-de-semana-em-natal\/#breadcrumb","itemListElement":[{"@type":"ListItem","position":1,"name":"In\u00edcio","item":"https:\/\/deputadotaveirajr.com.br\/"},{"@type":"ListItem","position":2,"name":"Geraldo Azevedo, Mato Seco e Dudu Nobre: veja agenda cultural do fim de semana em Natal"}]},{"@type":"WebSite","@id":"https:\/\/deputadotaveirajr.com.br\/#website","url":"https:\/\/deputadotaveirajr.com.br\/","name":"Taveira Jr","description":"Deputado Estadual","publisher":{"@id":"https:\/\/deputadotaveirajr.com.br\/#organization"},"potentialAction":[{"@type":"SearchAction","target":{"@type":"EntryPoint","urlTemplate":"https:\/\/deputadotaveirajr.com.br\/?s={search_term_string}"},"query-input":{"@type":"PropertyValueSpecification","valueRequired":true,"valueName":"search_term_string"}}],"inLanguage":"pt-BR"},{"@type":"Organization","@id":"https:\/\/deputadotaveirajr.com.br\/#organization","name":"Taveira Jr","url":"https:\/\/deputadotaveirajr.com.br\/","logo":{"@type":"ImageObject","inLanguage":"pt-BR","@id":"https:\/\/deputadotaveirajr.com.br\/#\/schema\/logo\/image\/","url":"https:\/\/deputadotaveirajr.com.br\/wp-content\/uploads\/2026\/01\/logolow2a.png","contentUrl":"https:\/\/deputadotaveirajr.com.br\/wp-content\/uploads\/2026\/01\/logolow2a.png","width":290,"height":80,"caption":"Taveira Jr"},"image":{"@id":"https:\/\/deputadotaveirajr.com.br\/#\/schema\/logo\/image\/"}}]}},"_links":{"self":[{"href":"https:\/\/deputadotaveirajr.com.br\/index.php\/wp-json\/wp\/v2\/pages\/13002","targetHints":{"allow":["GET"]}}],"collection":[{"href":"https:\/\/deputadotaveirajr.com.br\/index.php\/wp-json\/wp\/v2\/pages"}],"about":[{"href":"https:\/\/deputadotaveirajr.com.br\/index.php\/wp-json\/wp\/v2\/types\/page"}],"replies":[{"embeddable":true,"href":"https:\/\/deputadotaveirajr.com.br\/index.php\/wp-json\/wp\/v2\/comments?post=13002"}],"version-history":[{"count":0,"href":"https:\/\/deputadotaveirajr.com.br\/index.php\/wp-json\/wp\/v2\/pages\/13002\/revisions"}],"wp:featuredmedia":[{"embeddable":true,"href":"https:\/\/deputadotaveirajr.com.br\/index.php\/wp-json\/wp\/v2\/media\/13003"}],"wp:attachment":[{"href":"https:\/\/deputadotaveirajr.com.br\/index.php\/wp-json\/wp\/v2\/media?parent=13002"}],"curies":[{"name":"wp","href":"https:\/\/api.w.org\/{rel}","templated":true}]}}