{"id":13012,"date":"2025-05-15T15:49:21","date_gmt":"2025-05-15T18:49:21","guid":{"rendered":"https:\/\/deputadotaveirajr.com.br\/index.php\/natal-fica-sem-estoque-de-leite-com-formula-especial-e-prejudica-distribuicao-a-criancas-alergicas\/"},"modified":"2025-05-15T15:49:21","modified_gmt":"2025-05-15T18:49:21","slug":"natal-fica-sem-estoque-de-leite-com-formula-especial-e-prejudica-distribuicao-a-criancas-alergicas","status":"publish","type":"page","link":"https:\/\/deputadotaveirajr.com.br\/index.php\/natal-fica-sem-estoque-de-leite-com-formula-especial-e-prejudica-distribuicao-a-criancas-alergicas\/","title":{"rendered":"Natal fica sem estoque de leite com f\u00f3rmula especial e prejudica distribui\u00e7\u00e3o a crian\u00e7as al\u00e9rgicas"},"content":{"rendered":"<p><img decoding=\"async\" src=\"https:\/\/s2-g1.glbimg.com\/MBOK1rhV1sWV1DcX4wJOeKd1sDs=\/i.s3.glbimg.com\/v1\/AUTH_59edd422c0c84a879bd37670ae4f538a\/internal_photos\/bs\/2025\/s\/d\/VztaMjSS6qYbP4Aw4k3Q\/whatsapp-image-2025-05-15-at-14.07.51.jpeg\" \/><br \/>     Secretaria Municipal de Sa\u00fade informou que tr\u00eas tipos de f\u00f3rmulas especiais estavam em falta e que processo para compra estava em fase de conclus\u00e3o, com previs\u00e3o de 30 dias. Crianc\u0327as com alergia a\u0300 protei\u0301na do leite esta\u0303o sem fo\u0301rmula em Natal<br \/>\nNatal registrou falta de latas com f\u00f3rmulas especiais para algumas crian\u00e7as cadastradas no programa da Alergia \u00e0 Prote\u00edna do Leite de Vaca (APLV). O motivo \u00e9 a falta do produto em estoque.<br \/>\nSegundo a Secretaria Municipal de Sa\u00fade (SMS), o processo de aquisi\u00e7\u00e3o para pelo menos tr\u00eas f\u00f3rmulas &#8211; Aptamil Pepti, Neocate LCP e Pregomin -, que estavam em falta, est\u00e3o &#8220;em fase de conclus\u00e3o, com o fornecedor tendo o prazo de 30 dias (ap\u00f3s a assinatura do contrato) para enviar os insumos&#8221;.<br \/>\n\ud83d\udcf3Participe do canal do g1 RN no WhatsApp<br \/>\nDe acordo com a pasta, nesta quinta-feira (15) havia apenas a f\u00f3rmula especializada Neocate LCP. A SMS informou que acompanhava a situa\u00e7\u00e3o &#8220;e espera restabelecer o abastecimento o mais breve poss\u00edvel&#8221;.<br \/>\nEnquanto o problema n\u00e3o \u00e9 sanado, fam\u00edlias t\u00eam precisado se virar para conseguir comprar as latas com as f\u00f3rmulas.<br \/>\nMaria Helena com a m\u00e3e Gislayne e o pai. Latas de leite com f\u00f3rmulas especiais s\u00e3o necess\u00e1rias para alimenta\u00e7\u00e3o dela<br \/>\nPedro Trindade\/Inter TV Cabugi<br \/>\nLEIA TAMB\u00c9M<br \/>\nAlergia \u00e0 Prote\u00edna do Leite de Vaca: especialista fala sobre a doen\u00e7a, sintomas e como tratar<br \/>\nAl\u00e9rgica \u00e0 prote\u00edna do leite da vaca, Maria Helena, de 11 meses, ficou desabastecida com a falta das f\u00f3rmulas na rede p\u00fablica em Natal. Os pais, ent\u00e3o, precisaram correr para comprar o produto por conta pr\u00f3pria.<br \/>\nCada lata da f\u00f3rmula custa R$ 252, e a beb\u00ea consome, em m\u00e9dia, uma lata por semana.<br \/>\n&#8220;Ela toma pelo menos tr\u00eas vezes ao dia, e uma lata dura em torno de uma semana. O valor da lata \u00e9 alto e a gente precisa realmente que a Secretaria de de Sa\u00fade do Munic\u00edpio de Natal se posicione, nos d\u00ea uma resposta&#8221;, contou a m\u00e3e de Maria Helena, a assistente administrativo Gislayne Gomes.<br \/>\nFalta do leite prejudica beb\u00ea<br \/>\nSegundo a m\u00e3e de Maria Helena, a SMS n\u00e3o havia dado previs\u00e3o para retomar com os produtos \u00e0s fam\u00edlias.<br \/>\n&#8220;A gente chega l\u00e1, quase n\u00e3o tem explica\u00e7\u00e3o. Da porta mesmo meu marido j\u00e1 soube que n\u00e3o tinha mais lata de leite para ningu\u00e9m&#8221;, contou.<br \/>\nA m\u00e3e contou que fica emocionalmente abalada e com uma sensa\u00e7\u00e3o de impot\u00eancia de voltar sem o produto para casa. &#8220;E ao mesmo tempo revoltada, porque a gente d\u00e1 o voto de confian\u00e7a ao Poder P\u00fablico, e o que a gente recebe \u00e9 a falta&#8221;, falou.<br \/>\nA assistente administrativo Gislayne Gomes contou que a falta do leite tem afetado no dia a dia da filha, que tem, por exemplo, dormido pior.<br \/>\nA fam\u00edlia conseguiu comprar uma lata enquanto aguarda o retorno do estoque no Munic\u00edpio, mas Gislayne pensou naquelas m\u00e3es que n\u00e3o puderam fazer o mesmo.<br \/>\n&#8220;Eu fiquei mais imaginando as m\u00e3es que n\u00e3o puderam comprar uma lata para o seu beb\u00ea que tem essa alimenta\u00e7\u00e3o exclusiva&#8221;, disse.<br \/>\nAlergia a leite de vaca \u00e9 a mais comum entre crian\u00e7as: veja dicas da Dra. Ana Escobar<br \/>\nV\u00eddeos mais assistidos do g1 RN<\/p>","protected":false},"excerpt":{"rendered":"<p>Secretaria Municipal de Sa\u00fade informou que tr\u00eas tipos de f\u00f3rmulas especiais estavam em falta e que processo para compra estava em fase de conclus\u00e3o, com previs\u00e3o de 30 dias. Crianc\u0327as &#8230;<\/p>\n","protected":false},"author":0,"featured_media":13013,"parent":0,"menu_order":0,"comment_status":"closed","ping_status":"closed","template":"","meta":{"footnotes":""},"class_list":["post-13012","page","type-page","status-publish","has-post-thumbnail","hentry"],"yoast_head":"<!-- This site is optimized with the Yoast SEO plugin v27.1.1 - https:\/\/yoast.com\/product\/yoast-seo-wordpress\/ -->\n<title>Natal fica sem estoque de leite com f\u00f3rmula especial e prejudica distribui\u00e7\u00e3o a crian\u00e7as al\u00e9rgicas - Taveira Jr<\/title>\n<meta name=\"robots\" content=\"index, follow, max-snippet:-1, max-image-preview:large, max-video-preview:-1\" \/>\n<link rel=\"canonical\" href=\"https:\/\/deputadotaveirajr.com.br\/index.php\/natal-fica-sem-estoque-de-leite-com-formula-especial-e-prejudica-distribuicao-a-criancas-alergicas\/\" \/>\n<meta property=\"og:locale\" content=\"pt_BR\" \/>\n<meta property=\"og:type\" content=\"article\" \/>\n<meta property=\"og:title\" content=\"Natal fica sem estoque de leite com f\u00f3rmula especial e prejudica distribui\u00e7\u00e3o a crian\u00e7as al\u00e9rgicas - Taveira Jr\" \/>\n<meta property=\"og:description\" content=\"Secretaria Municipal de Sa\u00fade informou que tr\u00eas tipos de f\u00f3rmulas especiais estavam em falta e que processo para compra estava em fase de conclus\u00e3o, com previs\u00e3o de 30 dias. Crianc\u0327as ...\" \/>\n<meta property=\"og:url\" content=\"https:\/\/deputadotaveirajr.com.br\/index.php\/natal-fica-sem-estoque-de-leite-com-formula-especial-e-prejudica-distribuicao-a-criancas-alergicas\/\" \/>\n<meta property=\"og:site_name\" content=\"Taveira Jr\" \/>\n<meta property=\"og:image\" content=\"https:\/\/s2-g1.glbimg.com\/MBOK1rhV1sWV1DcX4wJOeKd1sDs=\/i.s3.glbimg.com\/v1\/AUTH_59edd422c0c84a879bd37670ae4f538a\/internal_photos\/bs\/2025\/s\/d\/VztaMjSS6qYbP4Aw4k3Q\/whatsapp-image-2025-05-15-at-14.07.51.jpeg\" \/>\n<meta name=\"twitter:card\" content=\"summary_large_image\" \/>\n<meta name=\"twitter:label1\" content=\"Est. tempo de leitura\" \/>\n\t<meta name=\"twitter:data1\" content=\"3 minutos\" \/>\n<script type=\"application\/ld+json\" class=\"yoast-schema-graph\">{\"@context\":\"https:\/\/schema.org\",\"@graph\":[{\"@type\":\"WebPage\",\"@id\":\"https:\/\/deputadotaveirajr.com.br\/index.php\/natal-fica-sem-estoque-de-leite-com-formula-especial-e-prejudica-distribuicao-a-criancas-alergicas\/\",\"url\":\"https:\/\/deputadotaveirajr.com.br\/index.php\/natal-fica-sem-estoque-de-leite-com-formula-especial-e-prejudica-distribuicao-a-criancas-alergicas\/\",\"name\":\"Natal fica sem estoque de leite com f\u00f3rmula especial e prejudica distribui\u00e7\u00e3o a crian\u00e7as al\u00e9rgicas - Taveira Jr\",\"isPartOf\":{\"@id\":\"https:\/\/deputadotaveirajr.com.br\/#website\"},\"primaryImageOfPage\":{\"@id\":\"https:\/\/deputadotaveirajr.com.br\/index.php\/natal-fica-sem-estoque-de-leite-com-formula-especial-e-prejudica-distribuicao-a-criancas-alergicas\/#primaryimage\"},\"image\":{\"@id\":\"https:\/\/deputadotaveirajr.com.br\/index.php\/natal-fica-sem-estoque-de-leite-com-formula-especial-e-prejudica-distribuicao-a-criancas-alergicas\/#primaryimage\"},\"thumbnailUrl\":\"https:\/\/deputadotaveirajr.com.br\/wp-content\/uploads\/2025\/05\/whatsapp-image-2025-05-15-at-14.07.51-SIfIPY.jpg\",\"datePublished\":\"2025-05-15T18:49:21+00:00\",\"breadcrumb\":{\"@id\":\"https:\/\/deputadotaveirajr.com.br\/index.php\/natal-fica-sem-estoque-de-leite-com-formula-especial-e-prejudica-distribuicao-a-criancas-alergicas\/#breadcrumb\"},\"inLanguage\":\"pt-BR\",\"potentialAction\":[{\"@type\":\"ReadAction\",\"target\":[\"https:\/\/deputadotaveirajr.com.br\/index.php\/natal-fica-sem-estoque-de-leite-com-formula-especial-e-prejudica-distribuicao-a-criancas-alergicas\/\"]}]},{\"@type\":\"ImageObject\",\"inLanguage\":\"pt-BR\",\"@id\":\"https:\/\/deputadotaveirajr.com.br\/index.php\/natal-fica-sem-estoque-de-leite-com-formula-especial-e-prejudica-distribuicao-a-criancas-alergicas\/#primaryimage\",\"url\":\"https:\/\/deputadotaveirajr.com.br\/wp-content\/uploads\/2025\/05\/whatsapp-image-2025-05-15-at-14.07.51-SIfIPY.jpg\",\"contentUrl\":\"https:\/\/deputadotaveirajr.com.br\/wp-content\/uploads\/2025\/05\/whatsapp-image-2025-05-15-at-14.07.51-SIfIPY.jpg\",\"width\":1600,\"height\":1200},{\"@type\":\"BreadcrumbList\",\"@id\":\"https:\/\/deputadotaveirajr.com.br\/index.php\/natal-fica-sem-estoque-de-leite-com-formula-especial-e-prejudica-distribuicao-a-criancas-alergicas\/#breadcrumb\",\"itemListElement\":[{\"@type\":\"ListItem\",\"position\":1,\"name\":\"In\u00edcio\",\"item\":\"https:\/\/deputadotaveirajr.com.br\/\"},{\"@type\":\"ListItem\",\"position\":2,\"name\":\"Natal fica sem estoque de leite com f\u00f3rmula especial e prejudica distribui\u00e7\u00e3o a crian\u00e7as al\u00e9rgicas\"}]},{\"@type\":\"WebSite\",\"@id\":\"https:\/\/deputadotaveirajr.com.br\/#website\",\"url\":\"https:\/\/deputadotaveirajr.com.br\/\",\"name\":\"Taveira Jr\",\"description\":\"Deputado Estadual\",\"publisher\":{\"@id\":\"https:\/\/deputadotaveirajr.com.br\/#organization\"},\"potentialAction\":[{\"@type\":\"SearchAction\",\"target\":{\"@type\":\"EntryPoint\",\"urlTemplate\":\"https:\/\/deputadotaveirajr.com.br\/?s={search_term_string}\"},\"query-input\":{\"@type\":\"PropertyValueSpecification\",\"valueRequired\":true,\"valueName\":\"search_term_string\"}}],\"inLanguage\":\"pt-BR\"},{\"@type\":\"Organization\",\"@id\":\"https:\/\/deputadotaveirajr.com.br\/#organization\",\"name\":\"Taveira Jr\",\"url\":\"https:\/\/deputadotaveirajr.com.br\/\",\"logo\":{\"@type\":\"ImageObject\",\"inLanguage\":\"pt-BR\",\"@id\":\"https:\/\/deputadotaveirajr.com.br\/#\/schema\/logo\/image\/\",\"url\":\"https:\/\/deputadotaveirajr.com.br\/wp-content\/uploads\/2026\/01\/logolow2a.png\",\"contentUrl\":\"https:\/\/deputadotaveirajr.com.br\/wp-content\/uploads\/2026\/01\/logolow2a.png\",\"width\":290,\"height\":80,\"caption\":\"Taveira Jr\"},\"image\":{\"@id\":\"https:\/\/deputadotaveirajr.com.br\/#\/schema\/logo\/image\/\"}}]}<\/script>\n<!-- \/ Yoast SEO plugin. -->","yoast_head_json":{"title":"Natal fica sem estoque de leite com f\u00f3rmula especial e prejudica distribui\u00e7\u00e3o a crian\u00e7as al\u00e9rgicas - Taveira Jr","robots":{"index":"index","follow":"follow","max-snippet":"max-snippet:-1","max-image-preview":"max-image-preview:large","max-video-preview":"max-video-preview:-1"},"canonical":"https:\/\/deputadotaveirajr.com.br\/index.php\/natal-fica-sem-estoque-de-leite-com-formula-especial-e-prejudica-distribuicao-a-criancas-alergicas\/","og_locale":"pt_BR","og_type":"article","og_title":"Natal fica sem estoque de leite com f\u00f3rmula especial e prejudica distribui\u00e7\u00e3o a crian\u00e7as al\u00e9rgicas - Taveira Jr","og_description":"Secretaria Municipal de Sa\u00fade informou que tr\u00eas tipos de f\u00f3rmulas especiais estavam em falta e que processo para compra estava em fase de conclus\u00e3o, com previs\u00e3o de 30 dias. Crianc\u0327as ...","og_url":"https:\/\/deputadotaveirajr.com.br\/index.php\/natal-fica-sem-estoque-de-leite-com-formula-especial-e-prejudica-distribuicao-a-criancas-alergicas\/","og_site_name":"Taveira Jr","og_image":[{"url":"https:\/\/s2-g1.glbimg.com\/MBOK1rhV1sWV1DcX4wJOeKd1sDs=\/i.s3.glbimg.com\/v1\/AUTH_59edd422c0c84a879bd37670ae4f538a\/internal_photos\/bs\/2025\/s\/d\/VztaMjSS6qYbP4Aw4k3Q\/whatsapp-image-2025-05-15-at-14.07.51.jpeg","type":"","width":"","height":""}],"twitter_card":"summary_large_image","twitter_misc":{"Est. tempo de leitura":"3 minutos"},"schema":{"@context":"https:\/\/schema.org","@graph":[{"@type":"WebPage","@id":"https:\/\/deputadotaveirajr.com.br\/index.php\/natal-fica-sem-estoque-de-leite-com-formula-especial-e-prejudica-distribuicao-a-criancas-alergicas\/","url":"https:\/\/deputadotaveirajr.com.br\/index.php\/natal-fica-sem-estoque-de-leite-com-formula-especial-e-prejudica-distribuicao-a-criancas-alergicas\/","name":"Natal fica sem estoque de leite com f\u00f3rmula especial e prejudica distribui\u00e7\u00e3o a crian\u00e7as al\u00e9rgicas - Taveira Jr","isPartOf":{"@id":"https:\/\/deputadotaveirajr.com.br\/#website"},"primaryImageOfPage":{"@id":"https:\/\/deputadotaveirajr.com.br\/index.php\/natal-fica-sem-estoque-de-leite-com-formula-especial-e-prejudica-distribuicao-a-criancas-alergicas\/#primaryimage"},"image":{"@id":"https:\/\/deputadotaveirajr.com.br\/index.php\/natal-fica-sem-estoque-de-leite-com-formula-especial-e-prejudica-distribuicao-a-criancas-alergicas\/#primaryimage"},"thumbnailUrl":"https:\/\/deputadotaveirajr.com.br\/wp-content\/uploads\/2025\/05\/whatsapp-image-2025-05-15-at-14.07.51-SIfIPY.jpg","datePublished":"2025-05-15T18:49:21+00:00","breadcrumb":{"@id":"https:\/\/deputadotaveirajr.com.br\/index.php\/natal-fica-sem-estoque-de-leite-com-formula-especial-e-prejudica-distribuicao-a-criancas-alergicas\/#breadcrumb"},"inLanguage":"pt-BR","potentialAction":[{"@type":"ReadAction","target":["https:\/\/deputadotaveirajr.com.br\/index.php\/natal-fica-sem-estoque-de-leite-com-formula-especial-e-prejudica-distribuicao-a-criancas-alergicas\/"]}]},{"@type":"ImageObject","inLanguage":"pt-BR","@id":"https:\/\/deputadotaveirajr.com.br\/index.php\/natal-fica-sem-estoque-de-leite-com-formula-especial-e-prejudica-distribuicao-a-criancas-alergicas\/#primaryimage","url":"https:\/\/deputadotaveirajr.com.br\/wp-content\/uploads\/2025\/05\/whatsapp-image-2025-05-15-at-14.07.51-SIfIPY.jpg","contentUrl":"https:\/\/deputadotaveirajr.com.br\/wp-content\/uploads\/2025\/05\/whatsapp-image-2025-05-15-at-14.07.51-SIfIPY.jpg","width":1600,"height":1200},{"@type":"BreadcrumbList","@id":"https:\/\/deputadotaveirajr.com.br\/index.php\/natal-fica-sem-estoque-de-leite-com-formula-especial-e-prejudica-distribuicao-a-criancas-alergicas\/#breadcrumb","itemListElement":[{"@type":"ListItem","position":1,"name":"In\u00edcio","item":"https:\/\/deputadotaveirajr.com.br\/"},{"@type":"ListItem","position":2,"name":"Natal fica sem estoque de leite com f\u00f3rmula especial e prejudica distribui\u00e7\u00e3o a crian\u00e7as al\u00e9rgicas"}]},{"@type":"WebSite","@id":"https:\/\/deputadotaveirajr.com.br\/#website","url":"https:\/\/deputadotaveirajr.com.br\/","name":"Taveira Jr","description":"Deputado Estadual","publisher":{"@id":"https:\/\/deputadotaveirajr.com.br\/#organization"},"potentialAction":[{"@type":"SearchAction","target":{"@type":"EntryPoint","urlTemplate":"https:\/\/deputadotaveirajr.com.br\/?s={search_term_string}"},"query-input":{"@type":"PropertyValueSpecification","valueRequired":true,"valueName":"search_term_string"}}],"inLanguage":"pt-BR"},{"@type":"Organization","@id":"https:\/\/deputadotaveirajr.com.br\/#organization","name":"Taveira Jr","url":"https:\/\/deputadotaveirajr.com.br\/","logo":{"@type":"ImageObject","inLanguage":"pt-BR","@id":"https:\/\/deputadotaveirajr.com.br\/#\/schema\/logo\/image\/","url":"https:\/\/deputadotaveirajr.com.br\/wp-content\/uploads\/2026\/01\/logolow2a.png","contentUrl":"https:\/\/deputadotaveirajr.com.br\/wp-content\/uploads\/2026\/01\/logolow2a.png","width":290,"height":80,"caption":"Taveira Jr"},"image":{"@id":"https:\/\/deputadotaveirajr.com.br\/#\/schema\/logo\/image\/"}}]}},"_links":{"self":[{"href":"https:\/\/deputadotaveirajr.com.br\/index.php\/wp-json\/wp\/v2\/pages\/13012","targetHints":{"allow":["GET"]}}],"collection":[{"href":"https:\/\/deputadotaveirajr.com.br\/index.php\/wp-json\/wp\/v2\/pages"}],"about":[{"href":"https:\/\/deputadotaveirajr.com.br\/index.php\/wp-json\/wp\/v2\/types\/page"}],"replies":[{"embeddable":true,"href":"https:\/\/deputadotaveirajr.com.br\/index.php\/wp-json\/wp\/v2\/comments?post=13012"}],"version-history":[{"count":0,"href":"https:\/\/deputadotaveirajr.com.br\/index.php\/wp-json\/wp\/v2\/pages\/13012\/revisions"}],"wp:featuredmedia":[{"embeddable":true,"href":"https:\/\/deputadotaveirajr.com.br\/index.php\/wp-json\/wp\/v2\/media\/13013"}],"wp:attachment":[{"href":"https:\/\/deputadotaveirajr.com.br\/index.php\/wp-json\/wp\/v2\/media?parent=13012"}],"curies":[{"name":"wp","href":"https:\/\/api.w.org\/{rel}","templated":true}]}}