{"id":13062,"date":"2025-05-21T17:36:26","date_gmt":"2025-05-21T20:36:26","guid":{"rendered":"https:\/\/deputadotaveirajr.com.br\/index.php\/duas-mulheres-sao-presas-suspeitas-de-aplicar-golpe-do-falso-pix-no-rn\/"},"modified":"2025-05-21T17:36:26","modified_gmt":"2025-05-21T20:36:26","slug":"duas-mulheres-sao-presas-suspeitas-de-aplicar-golpe-do-falso-pix-no-rn","status":"publish","type":"page","link":"https:\/\/deputadotaveirajr.com.br\/index.php\/duas-mulheres-sao-presas-suspeitas-de-aplicar-golpe-do-falso-pix-no-rn\/","title":{"rendered":"Duas mulheres s\u00e3o presas suspeitas de aplicar golpe do &#8216;falso pix&#8217; no RN"},"content":{"rendered":"<p><img decoding=\"async\" src=\"https:\/\/s2-g1.glbimg.com\/5AwnUJaC1tJSY82VPPdGifuVH9Q=\/i.s3.glbimg.com\/v1\/AUTH_59edd422c0c84a879bd37670ae4f538a\/internal_photos\/bs\/2025\/S\/A\/EHP954T5iqH7F8wdqkNQ\/falsopix2.jpg\" \/><br \/>     As investiga\u00e7\u00f5es apontaram que as suspeitas realizavam compras em com\u00e9rcios locais utilizando falsos comprovantes de transfer\u00eancia via pix. Pris\u00f5es aconteceram em Santo Ant\u00f4nio.  Duas mulheres s\u00e3o presas suspeitas de aplicar golpe do falso pix no RN<br \/>\nPol\u00edcia Civil\/Divulga\u00e7\u00e3o<br \/>\nDuas mulheres foram presas nesta quarta-feira (21) suspeitas de aplicar o golpe do falso pix no munic\u00edpio de Santo Ant\u00f4nio, a 75 Km da capital potiguar, .<br \/>\nDe acordo com as investiga\u00e7\u00f5es, as suspeitas fazem parte de um grupo criminoso que realizava compras em com\u00e9rcios locais utilizando falsos comprovantes de transfer\u00eancia via PIX.<br \/>\n\ud83d\udcf3Participe do canal do g1 RN no WhatsApp<br \/>\n&#8220;Os produtos eram entregues antes que os comerciantes percebessem que os valores n\u00e3o haviam sido creditados nas contas banc\u00e1rias&#8221;, informou a Pol\u00edcia Civil.<br \/>\nDurante a a\u00e7\u00e3o, foram cumpridos dois mandados de busca e apreens\u00e3o nas casas das suspeitas.<br \/>\nAs duas mulheres, de 24 e 55 anos, foram conduzidas \u00e0 delegacia para a realiza\u00e7\u00e3o dos procedimentos legais e, em seguida, encaminhadas ao sistema prisional, onde permanecem \u00e0 disposi\u00e7\u00e3o da Justi\u00e7a.<br \/>\nDe acordo com a Pol\u00edcia Civil, as investiga\u00e7\u00f5es continuam com o objetivo de identificar e localizar outros integrantes do grupo criminoso, bem como apurar a extens\u00e3o dos preju\u00edzos causados \u00e0s v\u00edtimas.<br \/>\nAdvogada orienta como evitar cair no golpe do PIX<br \/>\nAdvogada orienta como evitar cair no golpe do PIX<\/p>","protected":false},"excerpt":{"rendered":"<p>As investiga\u00e7\u00f5es apontaram que as suspeitas realizavam compras em com\u00e9rcios locais utilizando falsos comprovantes de transfer\u00eancia via pix. Pris\u00f5es aconteceram em Santo Ant\u00f4nio. Duas mulheres s\u00e3o presas suspeitas de aplicar &#8230;<\/p>\n","protected":false},"author":0,"featured_media":13063,"parent":0,"menu_order":0,"comment_status":"closed","ping_status":"closed","template":"","meta":{"footnotes":""},"class_list":["post-13062","page","type-page","status-publish","has-post-thumbnail","hentry"],"yoast_head":"<!-- This site is optimized with the Yoast SEO plugin v27.1.1 - https:\/\/yoast.com\/product\/yoast-seo-wordpress\/ -->\n<title>Duas mulheres s\u00e3o presas suspeitas de aplicar golpe do &#039;falso pix&#039; no RN - Taveira Jr<\/title>\n<meta name=\"robots\" content=\"index, follow, max-snippet:-1, max-image-preview:large, max-video-preview:-1\" \/>\n<link rel=\"canonical\" href=\"https:\/\/deputadotaveirajr.com.br\/index.php\/duas-mulheres-sao-presas-suspeitas-de-aplicar-golpe-do-falso-pix-no-rn\/\" \/>\n<meta property=\"og:locale\" content=\"pt_BR\" \/>\n<meta property=\"og:type\" content=\"article\" \/>\n<meta property=\"og:title\" content=\"Duas mulheres s\u00e3o presas suspeitas de aplicar golpe do &#039;falso pix&#039; no RN - Taveira Jr\" \/>\n<meta property=\"og:description\" content=\"As investiga\u00e7\u00f5es apontaram que as suspeitas realizavam compras em com\u00e9rcios locais utilizando falsos comprovantes de transfer\u00eancia via pix. Pris\u00f5es aconteceram em Santo Ant\u00f4nio. Duas mulheres s\u00e3o presas suspeitas de aplicar ...\" \/>\n<meta property=\"og:url\" content=\"https:\/\/deputadotaveirajr.com.br\/index.php\/duas-mulheres-sao-presas-suspeitas-de-aplicar-golpe-do-falso-pix-no-rn\/\" \/>\n<meta property=\"og:site_name\" content=\"Taveira Jr\" \/>\n<meta property=\"og:image\" content=\"https:\/\/s2-g1.glbimg.com\/5AwnUJaC1tJSY82VPPdGifuVH9Q=\/i.s3.glbimg.com\/v1\/AUTH_59edd422c0c84a879bd37670ae4f538a\/internal_photos\/bs\/2025\/S\/A\/EHP954T5iqH7F8wdqkNQ\/falsopix2.jpg\" \/>\n<meta name=\"twitter:card\" content=\"summary_large_image\" \/>\n<meta name=\"twitter:label1\" content=\"Est. tempo de leitura\" \/>\n\t<meta name=\"twitter:data1\" content=\"1 minuto\" \/>\n<script type=\"application\/ld+json\" class=\"yoast-schema-graph\">{\"@context\":\"https:\/\/schema.org\",\"@graph\":[{\"@type\":\"WebPage\",\"@id\":\"https:\/\/deputadotaveirajr.com.br\/index.php\/duas-mulheres-sao-presas-suspeitas-de-aplicar-golpe-do-falso-pix-no-rn\/\",\"url\":\"https:\/\/deputadotaveirajr.com.br\/index.php\/duas-mulheres-sao-presas-suspeitas-de-aplicar-golpe-do-falso-pix-no-rn\/\",\"name\":\"Duas mulheres s\u00e3o presas suspeitas de aplicar golpe do 'falso pix' no RN - Taveira Jr\",\"isPartOf\":{\"@id\":\"https:\/\/deputadotaveirajr.com.br\/#website\"},\"primaryImageOfPage\":{\"@id\":\"https:\/\/deputadotaveirajr.com.br\/index.php\/duas-mulheres-sao-presas-suspeitas-de-aplicar-golpe-do-falso-pix-no-rn\/#primaryimage\"},\"image\":{\"@id\":\"https:\/\/deputadotaveirajr.com.br\/index.php\/duas-mulheres-sao-presas-suspeitas-de-aplicar-golpe-do-falso-pix-no-rn\/#primaryimage\"},\"thumbnailUrl\":\"https:\/\/deputadotaveirajr.com.br\/wp-content\/uploads\/2025\/05\/falsopix2-h8OzAk.jpg\",\"datePublished\":\"2025-05-21T20:36:26+00:00\",\"breadcrumb\":{\"@id\":\"https:\/\/deputadotaveirajr.com.br\/index.php\/duas-mulheres-sao-presas-suspeitas-de-aplicar-golpe-do-falso-pix-no-rn\/#breadcrumb\"},\"inLanguage\":\"pt-BR\",\"potentialAction\":[{\"@type\":\"ReadAction\",\"target\":[\"https:\/\/deputadotaveirajr.com.br\/index.php\/duas-mulheres-sao-presas-suspeitas-de-aplicar-golpe-do-falso-pix-no-rn\/\"]}]},{\"@type\":\"ImageObject\",\"inLanguage\":\"pt-BR\",\"@id\":\"https:\/\/deputadotaveirajr.com.br\/index.php\/duas-mulheres-sao-presas-suspeitas-de-aplicar-golpe-do-falso-pix-no-rn\/#primaryimage\",\"url\":\"https:\/\/deputadotaveirajr.com.br\/wp-content\/uploads\/2025\/05\/falsopix2-h8OzAk.jpg\",\"contentUrl\":\"https:\/\/deputadotaveirajr.com.br\/wp-content\/uploads\/2025\/05\/falsopix2-h8OzAk.jpg\",\"width\":1132,\"height\":683},{\"@type\":\"BreadcrumbList\",\"@id\":\"https:\/\/deputadotaveirajr.com.br\/index.php\/duas-mulheres-sao-presas-suspeitas-de-aplicar-golpe-do-falso-pix-no-rn\/#breadcrumb\",\"itemListElement\":[{\"@type\":\"ListItem\",\"position\":1,\"name\":\"In\u00edcio\",\"item\":\"https:\/\/deputadotaveirajr.com.br\/\"},{\"@type\":\"ListItem\",\"position\":2,\"name\":\"Duas mulheres s\u00e3o presas suspeitas de aplicar golpe do &#8216;falso pix&#8217; no RN\"}]},{\"@type\":\"WebSite\",\"@id\":\"https:\/\/deputadotaveirajr.com.br\/#website\",\"url\":\"https:\/\/deputadotaveirajr.com.br\/\",\"name\":\"Taveira Jr\",\"description\":\"Deputado Estadual\",\"publisher\":{\"@id\":\"https:\/\/deputadotaveirajr.com.br\/#organization\"},\"potentialAction\":[{\"@type\":\"SearchAction\",\"target\":{\"@type\":\"EntryPoint\",\"urlTemplate\":\"https:\/\/deputadotaveirajr.com.br\/?s={search_term_string}\"},\"query-input\":{\"@type\":\"PropertyValueSpecification\",\"valueRequired\":true,\"valueName\":\"search_term_string\"}}],\"inLanguage\":\"pt-BR\"},{\"@type\":\"Organization\",\"@id\":\"https:\/\/deputadotaveirajr.com.br\/#organization\",\"name\":\"Taveira Jr\",\"url\":\"https:\/\/deputadotaveirajr.com.br\/\",\"logo\":{\"@type\":\"ImageObject\",\"inLanguage\":\"pt-BR\",\"@id\":\"https:\/\/deputadotaveirajr.com.br\/#\/schema\/logo\/image\/\",\"url\":\"https:\/\/deputadotaveirajr.com.br\/wp-content\/uploads\/2026\/01\/logolow2a.png\",\"contentUrl\":\"https:\/\/deputadotaveirajr.com.br\/wp-content\/uploads\/2026\/01\/logolow2a.png\",\"width\":290,\"height\":80,\"caption\":\"Taveira Jr\"},\"image\":{\"@id\":\"https:\/\/deputadotaveirajr.com.br\/#\/schema\/logo\/image\/\"}}]}<\/script>\n<!-- \/ Yoast SEO plugin. -->","yoast_head_json":{"title":"Duas mulheres s\u00e3o presas suspeitas de aplicar golpe do 'falso pix' no RN - Taveira Jr","robots":{"index":"index","follow":"follow","max-snippet":"max-snippet:-1","max-image-preview":"max-image-preview:large","max-video-preview":"max-video-preview:-1"},"canonical":"https:\/\/deputadotaveirajr.com.br\/index.php\/duas-mulheres-sao-presas-suspeitas-de-aplicar-golpe-do-falso-pix-no-rn\/","og_locale":"pt_BR","og_type":"article","og_title":"Duas mulheres s\u00e3o presas suspeitas de aplicar golpe do 'falso pix' no RN - Taveira Jr","og_description":"As investiga\u00e7\u00f5es apontaram que as suspeitas realizavam compras em com\u00e9rcios locais utilizando falsos comprovantes de transfer\u00eancia via pix. Pris\u00f5es aconteceram em Santo Ant\u00f4nio. Duas mulheres s\u00e3o presas suspeitas de aplicar ...","og_url":"https:\/\/deputadotaveirajr.com.br\/index.php\/duas-mulheres-sao-presas-suspeitas-de-aplicar-golpe-do-falso-pix-no-rn\/","og_site_name":"Taveira Jr","og_image":[{"url":"https:\/\/s2-g1.glbimg.com\/5AwnUJaC1tJSY82VPPdGifuVH9Q=\/i.s3.glbimg.com\/v1\/AUTH_59edd422c0c84a879bd37670ae4f538a\/internal_photos\/bs\/2025\/S\/A\/EHP954T5iqH7F8wdqkNQ\/falsopix2.jpg","type":"","width":"","height":""}],"twitter_card":"summary_large_image","twitter_misc":{"Est. tempo de leitura":"1 minuto"},"schema":{"@context":"https:\/\/schema.org","@graph":[{"@type":"WebPage","@id":"https:\/\/deputadotaveirajr.com.br\/index.php\/duas-mulheres-sao-presas-suspeitas-de-aplicar-golpe-do-falso-pix-no-rn\/","url":"https:\/\/deputadotaveirajr.com.br\/index.php\/duas-mulheres-sao-presas-suspeitas-de-aplicar-golpe-do-falso-pix-no-rn\/","name":"Duas mulheres s\u00e3o presas suspeitas de aplicar golpe do 'falso pix' no RN - Taveira Jr","isPartOf":{"@id":"https:\/\/deputadotaveirajr.com.br\/#website"},"primaryImageOfPage":{"@id":"https:\/\/deputadotaveirajr.com.br\/index.php\/duas-mulheres-sao-presas-suspeitas-de-aplicar-golpe-do-falso-pix-no-rn\/#primaryimage"},"image":{"@id":"https:\/\/deputadotaveirajr.com.br\/index.php\/duas-mulheres-sao-presas-suspeitas-de-aplicar-golpe-do-falso-pix-no-rn\/#primaryimage"},"thumbnailUrl":"https:\/\/deputadotaveirajr.com.br\/wp-content\/uploads\/2025\/05\/falsopix2-h8OzAk.jpg","datePublished":"2025-05-21T20:36:26+00:00","breadcrumb":{"@id":"https:\/\/deputadotaveirajr.com.br\/index.php\/duas-mulheres-sao-presas-suspeitas-de-aplicar-golpe-do-falso-pix-no-rn\/#breadcrumb"},"inLanguage":"pt-BR","potentialAction":[{"@type":"ReadAction","target":["https:\/\/deputadotaveirajr.com.br\/index.php\/duas-mulheres-sao-presas-suspeitas-de-aplicar-golpe-do-falso-pix-no-rn\/"]}]},{"@type":"ImageObject","inLanguage":"pt-BR","@id":"https:\/\/deputadotaveirajr.com.br\/index.php\/duas-mulheres-sao-presas-suspeitas-de-aplicar-golpe-do-falso-pix-no-rn\/#primaryimage","url":"https:\/\/deputadotaveirajr.com.br\/wp-content\/uploads\/2025\/05\/falsopix2-h8OzAk.jpg","contentUrl":"https:\/\/deputadotaveirajr.com.br\/wp-content\/uploads\/2025\/05\/falsopix2-h8OzAk.jpg","width":1132,"height":683},{"@type":"BreadcrumbList","@id":"https:\/\/deputadotaveirajr.com.br\/index.php\/duas-mulheres-sao-presas-suspeitas-de-aplicar-golpe-do-falso-pix-no-rn\/#breadcrumb","itemListElement":[{"@type":"ListItem","position":1,"name":"In\u00edcio","item":"https:\/\/deputadotaveirajr.com.br\/"},{"@type":"ListItem","position":2,"name":"Duas mulheres s\u00e3o presas suspeitas de aplicar golpe do &#8216;falso pix&#8217; no RN"}]},{"@type":"WebSite","@id":"https:\/\/deputadotaveirajr.com.br\/#website","url":"https:\/\/deputadotaveirajr.com.br\/","name":"Taveira Jr","description":"Deputado Estadual","publisher":{"@id":"https:\/\/deputadotaveirajr.com.br\/#organization"},"potentialAction":[{"@type":"SearchAction","target":{"@type":"EntryPoint","urlTemplate":"https:\/\/deputadotaveirajr.com.br\/?s={search_term_string}"},"query-input":{"@type":"PropertyValueSpecification","valueRequired":true,"valueName":"search_term_string"}}],"inLanguage":"pt-BR"},{"@type":"Organization","@id":"https:\/\/deputadotaveirajr.com.br\/#organization","name":"Taveira Jr","url":"https:\/\/deputadotaveirajr.com.br\/","logo":{"@type":"ImageObject","inLanguage":"pt-BR","@id":"https:\/\/deputadotaveirajr.com.br\/#\/schema\/logo\/image\/","url":"https:\/\/deputadotaveirajr.com.br\/wp-content\/uploads\/2026\/01\/logolow2a.png","contentUrl":"https:\/\/deputadotaveirajr.com.br\/wp-content\/uploads\/2026\/01\/logolow2a.png","width":290,"height":80,"caption":"Taveira Jr"},"image":{"@id":"https:\/\/deputadotaveirajr.com.br\/#\/schema\/logo\/image\/"}}]}},"_links":{"self":[{"href":"https:\/\/deputadotaveirajr.com.br\/index.php\/wp-json\/wp\/v2\/pages\/13062","targetHints":{"allow":["GET"]}}],"collection":[{"href":"https:\/\/deputadotaveirajr.com.br\/index.php\/wp-json\/wp\/v2\/pages"}],"about":[{"href":"https:\/\/deputadotaveirajr.com.br\/index.php\/wp-json\/wp\/v2\/types\/page"}],"replies":[{"embeddable":true,"href":"https:\/\/deputadotaveirajr.com.br\/index.php\/wp-json\/wp\/v2\/comments?post=13062"}],"version-history":[{"count":0,"href":"https:\/\/deputadotaveirajr.com.br\/index.php\/wp-json\/wp\/v2\/pages\/13062\/revisions"}],"wp:featuredmedia":[{"embeddable":true,"href":"https:\/\/deputadotaveirajr.com.br\/index.php\/wp-json\/wp\/v2\/media\/13063"}],"wp:attachment":[{"href":"https:\/\/deputadotaveirajr.com.br\/index.php\/wp-json\/wp\/v2\/media?parent=13062"}],"curies":[{"name":"wp","href":"https:\/\/api.w.org\/{rel}","templated":true}]}}