{"id":13064,"date":"2025-05-21T17:05:21","date_gmt":"2025-05-21T20:05:21","guid":{"rendered":"https:\/\/deputadotaveirajr.com.br\/index.php\/policial-e-preso-por-roubar-dinheiro-joias-e-caixas-de-whisky-da-casa-de-idosos-em-mossoro-veja-video-da-invasao\/"},"modified":"2025-05-21T17:05:21","modified_gmt":"2025-05-21T20:05:21","slug":"policial-e-preso-por-roubar-dinheiro-joias-e-caixas-de-whisky-da-casa-de-idosos-em-mossoro-veja-video-da-invasao","status":"publish","type":"page","link":"https:\/\/deputadotaveirajr.com.br\/index.php\/policial-e-preso-por-roubar-dinheiro-joias-e-caixas-de-whisky-da-casa-de-idosos-em-mossoro-veja-video-da-invasao\/","title":{"rendered":"Policial \u00e9 preso por roubar dinheiro, joias e caixas de whisky da casa de idosos em Mossor\u00f3; veja v\u00eddeo da invas\u00e3o"},"content":{"rendered":"<p><img decoding=\"async\" src=\"https:\/\/s2-g1.glbimg.com\/lUREulDpq_E22vi-n76AaScAI98=\/i.s3.glbimg.com\/v1\/AUTH_59edd422c0c84a879bd37670ae4f538a\/internal_photos\/bs\/2025\/8\/X\/Sz8NwVQACJL8ByyhfXHg\/policia-2-.jpg\" \/><br \/>     Durante a a\u00e7\u00e3o criminosa, casal de idosos foi trancado em um dos c\u00f4modos da casa, onde permaneceu por cerca de tr\u00eas horas, at\u00e9 a chegada da empregada dom\u00e9stica. V\u00eddeo mostra momento em que tr\u00eas homens invadem casa de idosos em Mossor\u00f3<br \/>\nUm policial militar do Cear\u00e1, de 35 anos, foi preso em flagrante nesta ter\u00e7a-feira (12) por envolvimento em um roubo a uma resid\u00eancia de idosos em Mossor\u00f3, no Rio Grande do Norte. Durante a a\u00e7\u00e3o criminosa, diversos itens foram roubados das v\u00edtimas, incluindo dinheiro em esp\u00e9cie, joias e caixas de whisky.<br \/>\n\u2705 Siga o canal do g1 Cear\u00e1 no WhatsApp<br \/>\nImagens de c\u00e2meras de seguran\u00e7a registraram o momento em que um carro, de propriedade do policial, estaciona em frente \u00e0 casa. Em seguida, tr\u00eas homens saem do ve\u00edculo e invadem o im\u00f3vel. Ap\u00f3s o in\u00edcio da invas\u00e3o, o carro deixa o local.<br \/>\n\u2b06\ufe0f Veja o v\u00eddeo da a\u00e7\u00e3o no in\u00edcio da mat\u00e9ria<br \/>\nEm nota, a Pol\u00edcia Civil do Rio Grande do Norte informou que o suspeito foi autuado em flagrante e encaminhado ao pres\u00eddio militar do Estado do Cear\u00e1, onde ficar\u00e1 \u00e0 disposi\u00e7\u00e3o da Justi\u00e7a.<br \/>\nCasal de idosos ficou trancado em um c\u00f4modo por tr\u00eas horas<br \/>\nCrime aconteceu na madrugada de ter\u00e7a (20).<br \/>\nReprodu\u00e7\u00e3o<br \/>\nO crime ocorreu na madrugada de ter\u00e7a-feira (20), por volta das 3h, quando tr\u00eas homens encapuzados e armados invadiram a casa de um casal de idosos no bairro Alto do Sumar\u00e9, em Mossor\u00f3.<br \/>\nDurante a a\u00e7\u00e3o, os criminosos trancaram as v\u00edtimas em um closet, sob amea\u00e7a. As v\u00edtimas s\u00f3 conseguiram sair do c\u00f4modo por volta das 6h, quando a empregada dom\u00e9stica chegou \u00e0 resid\u00eancia.<br \/>\nCarro em oficina<br \/>\nIdosos tiveram casa arrombada e foram roubados por policial militar, em Mossor\u00f3.<br \/>\nInterTV<br \/>\nQuando abordado pela pol\u00edcia, o policial militar afirmou que o ve\u00edculo utilizado no crime estava em uma oficina desde o dia 18 de maio. No entanto, a vers\u00e3o foi desmentida pelo propriet\u00e1rio da oficina, que confirmou que o carro s\u00f3 havia sido deixado no local na manh\u00e3 seguinte ao roubo.<br \/>\nDurante as investiga\u00e7\u00f5es, os policiais encontraram uma caixa de whisky em frente \u00e0 resid\u00eancia do suspeito e outra garrafa no porta-malas do ve\u00edculo. As v\u00edtimas reconheceram os itens como sendo os mesmos roubados durante a a\u00e7\u00e3o criminosa. A arma de fogo do policial tamb\u00e9m foi apreendida.<br \/>\nAssista aos v\u00eddeos mais vistos do Cear\u00e1<\/p>","protected":false},"excerpt":{"rendered":"<p>Durante a a\u00e7\u00e3o criminosa, casal de idosos foi trancado em um dos c\u00f4modos da casa, onde permaneceu por cerca de tr\u00eas horas, at\u00e9 a chegada da empregada dom\u00e9stica. V\u00eddeo mostra &#8230;<\/p>\n","protected":false},"author":0,"featured_media":13065,"parent":0,"menu_order":0,"comment_status":"closed","ping_status":"closed","template":"","meta":{"footnotes":""},"class_list":["post-13064","page","type-page","status-publish","has-post-thumbnail","hentry"],"yoast_head":"<!-- This site is optimized with the Yoast SEO plugin v27.1.1 - https:\/\/yoast.com\/product\/yoast-seo-wordpress\/ -->\n<title>Policial \u00e9 preso por roubar dinheiro, joias e caixas de whisky da casa de idosos em Mossor\u00f3; veja v\u00eddeo da invas\u00e3o - Taveira Jr<\/title>\n<meta name=\"robots\" content=\"index, follow, max-snippet:-1, max-image-preview:large, max-video-preview:-1\" \/>\n<link rel=\"canonical\" href=\"https:\/\/deputadotaveirajr.com.br\/index.php\/policial-e-preso-por-roubar-dinheiro-joias-e-caixas-de-whisky-da-casa-de-idosos-em-mossoro-veja-video-da-invasao\/\" \/>\n<meta property=\"og:locale\" content=\"pt_BR\" \/>\n<meta property=\"og:type\" content=\"article\" \/>\n<meta property=\"og:title\" content=\"Policial \u00e9 preso por roubar dinheiro, joias e caixas de whisky da casa de idosos em Mossor\u00f3; veja v\u00eddeo da invas\u00e3o - Taveira Jr\" \/>\n<meta property=\"og:description\" content=\"Durante a a\u00e7\u00e3o criminosa, casal de idosos foi trancado em um dos c\u00f4modos da casa, onde permaneceu por cerca de tr\u00eas horas, at\u00e9 a chegada da empregada dom\u00e9stica. V\u00eddeo mostra ...\" \/>\n<meta property=\"og:url\" content=\"https:\/\/deputadotaveirajr.com.br\/index.php\/policial-e-preso-por-roubar-dinheiro-joias-e-caixas-de-whisky-da-casa-de-idosos-em-mossoro-veja-video-da-invasao\/\" \/>\n<meta property=\"og:site_name\" content=\"Taveira Jr\" \/>\n<meta property=\"og:image\" content=\"https:\/\/s2-g1.glbimg.com\/lUREulDpq_E22vi-n76AaScAI98=\/i.s3.glbimg.com\/v1\/AUTH_59edd422c0c84a879bd37670ae4f538a\/internal_photos\/bs\/2025\/8\/X\/Sz8NwVQACJL8ByyhfXHg\/policia-2-.jpg\" \/>\n<meta name=\"twitter:card\" content=\"summary_large_image\" \/>\n<meta name=\"twitter:label1\" content=\"Est. tempo de leitura\" \/>\n\t<meta name=\"twitter:data1\" content=\"2 minutos\" \/>\n<script type=\"application\/ld+json\" class=\"yoast-schema-graph\">{\"@context\":\"https:\/\/schema.org\",\"@graph\":[{\"@type\":\"WebPage\",\"@id\":\"https:\/\/deputadotaveirajr.com.br\/index.php\/policial-e-preso-por-roubar-dinheiro-joias-e-caixas-de-whisky-da-casa-de-idosos-em-mossoro-veja-video-da-invasao\/\",\"url\":\"https:\/\/deputadotaveirajr.com.br\/index.php\/policial-e-preso-por-roubar-dinheiro-joias-e-caixas-de-whisky-da-casa-de-idosos-em-mossoro-veja-video-da-invasao\/\",\"name\":\"Policial \u00e9 preso por roubar dinheiro, joias e caixas de whisky da casa de idosos em Mossor\u00f3; veja v\u00eddeo da invas\u00e3o - Taveira Jr\",\"isPartOf\":{\"@id\":\"https:\/\/deputadotaveirajr.com.br\/#website\"},\"primaryImageOfPage\":{\"@id\":\"https:\/\/deputadotaveirajr.com.br\/index.php\/policial-e-preso-por-roubar-dinheiro-joias-e-caixas-de-whisky-da-casa-de-idosos-em-mossoro-veja-video-da-invasao\/#primaryimage\"},\"image\":{\"@id\":\"https:\/\/deputadotaveirajr.com.br\/index.php\/policial-e-preso-por-roubar-dinheiro-joias-e-caixas-de-whisky-da-casa-de-idosos-em-mossoro-veja-video-da-invasao\/#primaryimage\"},\"thumbnailUrl\":\"https:\/\/deputadotaveirajr.com.br\/wp-content\/uploads\/2025\/05\/policia-2-Bsge6A.jpg\",\"datePublished\":\"2025-05-21T20:05:21+00:00\",\"breadcrumb\":{\"@id\":\"https:\/\/deputadotaveirajr.com.br\/index.php\/policial-e-preso-por-roubar-dinheiro-joias-e-caixas-de-whisky-da-casa-de-idosos-em-mossoro-veja-video-da-invasao\/#breadcrumb\"},\"inLanguage\":\"pt-BR\",\"potentialAction\":[{\"@type\":\"ReadAction\",\"target\":[\"https:\/\/deputadotaveirajr.com.br\/index.php\/policial-e-preso-por-roubar-dinheiro-joias-e-caixas-de-whisky-da-casa-de-idosos-em-mossoro-veja-video-da-invasao\/\"]}]},{\"@type\":\"ImageObject\",\"inLanguage\":\"pt-BR\",\"@id\":\"https:\/\/deputadotaveirajr.com.br\/index.php\/policial-e-preso-por-roubar-dinheiro-joias-e-caixas-de-whisky-da-casa-de-idosos-em-mossoro-veja-video-da-invasao\/#primaryimage\",\"url\":\"https:\/\/deputadotaveirajr.com.br\/wp-content\/uploads\/2025\/05\/policia-2-Bsge6A.jpg\",\"contentUrl\":\"https:\/\/deputadotaveirajr.com.br\/wp-content\/uploads\/2025\/05\/policia-2-Bsge6A.jpg\",\"width\":1920,\"height\":1080},{\"@type\":\"BreadcrumbList\",\"@id\":\"https:\/\/deputadotaveirajr.com.br\/index.php\/policial-e-preso-por-roubar-dinheiro-joias-e-caixas-de-whisky-da-casa-de-idosos-em-mossoro-veja-video-da-invasao\/#breadcrumb\",\"itemListElement\":[{\"@type\":\"ListItem\",\"position\":1,\"name\":\"In\u00edcio\",\"item\":\"https:\/\/deputadotaveirajr.com.br\/\"},{\"@type\":\"ListItem\",\"position\":2,\"name\":\"Policial \u00e9 preso por roubar dinheiro, joias e caixas de whisky da casa de idosos em Mossor\u00f3; veja v\u00eddeo da invas\u00e3o\"}]},{\"@type\":\"WebSite\",\"@id\":\"https:\/\/deputadotaveirajr.com.br\/#website\",\"url\":\"https:\/\/deputadotaveirajr.com.br\/\",\"name\":\"Taveira Jr\",\"description\":\"Deputado Estadual\",\"publisher\":{\"@id\":\"https:\/\/deputadotaveirajr.com.br\/#organization\"},\"potentialAction\":[{\"@type\":\"SearchAction\",\"target\":{\"@type\":\"EntryPoint\",\"urlTemplate\":\"https:\/\/deputadotaveirajr.com.br\/?s={search_term_string}\"},\"query-input\":{\"@type\":\"PropertyValueSpecification\",\"valueRequired\":true,\"valueName\":\"search_term_string\"}}],\"inLanguage\":\"pt-BR\"},{\"@type\":\"Organization\",\"@id\":\"https:\/\/deputadotaveirajr.com.br\/#organization\",\"name\":\"Taveira Jr\",\"url\":\"https:\/\/deputadotaveirajr.com.br\/\",\"logo\":{\"@type\":\"ImageObject\",\"inLanguage\":\"pt-BR\",\"@id\":\"https:\/\/deputadotaveirajr.com.br\/#\/schema\/logo\/image\/\",\"url\":\"https:\/\/deputadotaveirajr.com.br\/wp-content\/uploads\/2026\/01\/logolow2a.png\",\"contentUrl\":\"https:\/\/deputadotaveirajr.com.br\/wp-content\/uploads\/2026\/01\/logolow2a.png\",\"width\":290,\"height\":80,\"caption\":\"Taveira Jr\"},\"image\":{\"@id\":\"https:\/\/deputadotaveirajr.com.br\/#\/schema\/logo\/image\/\"}}]}<\/script>\n<!-- \/ Yoast SEO plugin. -->","yoast_head_json":{"title":"Policial \u00e9 preso por roubar dinheiro, joias e caixas de whisky da casa de idosos em Mossor\u00f3; veja v\u00eddeo da invas\u00e3o - Taveira Jr","robots":{"index":"index","follow":"follow","max-snippet":"max-snippet:-1","max-image-preview":"max-image-preview:large","max-video-preview":"max-video-preview:-1"},"canonical":"https:\/\/deputadotaveirajr.com.br\/index.php\/policial-e-preso-por-roubar-dinheiro-joias-e-caixas-de-whisky-da-casa-de-idosos-em-mossoro-veja-video-da-invasao\/","og_locale":"pt_BR","og_type":"article","og_title":"Policial \u00e9 preso por roubar dinheiro, joias e caixas de whisky da casa de idosos em Mossor\u00f3; veja v\u00eddeo da invas\u00e3o - Taveira Jr","og_description":"Durante a a\u00e7\u00e3o criminosa, casal de idosos foi trancado em um dos c\u00f4modos da casa, onde permaneceu por cerca de tr\u00eas horas, at\u00e9 a chegada da empregada dom\u00e9stica. V\u00eddeo mostra ...","og_url":"https:\/\/deputadotaveirajr.com.br\/index.php\/policial-e-preso-por-roubar-dinheiro-joias-e-caixas-de-whisky-da-casa-de-idosos-em-mossoro-veja-video-da-invasao\/","og_site_name":"Taveira Jr","og_image":[{"url":"https:\/\/s2-g1.glbimg.com\/lUREulDpq_E22vi-n76AaScAI98=\/i.s3.glbimg.com\/v1\/AUTH_59edd422c0c84a879bd37670ae4f538a\/internal_photos\/bs\/2025\/8\/X\/Sz8NwVQACJL8ByyhfXHg\/policia-2-.jpg","type":"","width":"","height":""}],"twitter_card":"summary_large_image","twitter_misc":{"Est. tempo de leitura":"2 minutos"},"schema":{"@context":"https:\/\/schema.org","@graph":[{"@type":"WebPage","@id":"https:\/\/deputadotaveirajr.com.br\/index.php\/policial-e-preso-por-roubar-dinheiro-joias-e-caixas-de-whisky-da-casa-de-idosos-em-mossoro-veja-video-da-invasao\/","url":"https:\/\/deputadotaveirajr.com.br\/index.php\/policial-e-preso-por-roubar-dinheiro-joias-e-caixas-de-whisky-da-casa-de-idosos-em-mossoro-veja-video-da-invasao\/","name":"Policial \u00e9 preso por roubar dinheiro, joias e caixas de whisky da casa de idosos em Mossor\u00f3; veja v\u00eddeo da invas\u00e3o - Taveira Jr","isPartOf":{"@id":"https:\/\/deputadotaveirajr.com.br\/#website"},"primaryImageOfPage":{"@id":"https:\/\/deputadotaveirajr.com.br\/index.php\/policial-e-preso-por-roubar-dinheiro-joias-e-caixas-de-whisky-da-casa-de-idosos-em-mossoro-veja-video-da-invasao\/#primaryimage"},"image":{"@id":"https:\/\/deputadotaveirajr.com.br\/index.php\/policial-e-preso-por-roubar-dinheiro-joias-e-caixas-de-whisky-da-casa-de-idosos-em-mossoro-veja-video-da-invasao\/#primaryimage"},"thumbnailUrl":"https:\/\/deputadotaveirajr.com.br\/wp-content\/uploads\/2025\/05\/policia-2-Bsge6A.jpg","datePublished":"2025-05-21T20:05:21+00:00","breadcrumb":{"@id":"https:\/\/deputadotaveirajr.com.br\/index.php\/policial-e-preso-por-roubar-dinheiro-joias-e-caixas-de-whisky-da-casa-de-idosos-em-mossoro-veja-video-da-invasao\/#breadcrumb"},"inLanguage":"pt-BR","potentialAction":[{"@type":"ReadAction","target":["https:\/\/deputadotaveirajr.com.br\/index.php\/policial-e-preso-por-roubar-dinheiro-joias-e-caixas-de-whisky-da-casa-de-idosos-em-mossoro-veja-video-da-invasao\/"]}]},{"@type":"ImageObject","inLanguage":"pt-BR","@id":"https:\/\/deputadotaveirajr.com.br\/index.php\/policial-e-preso-por-roubar-dinheiro-joias-e-caixas-de-whisky-da-casa-de-idosos-em-mossoro-veja-video-da-invasao\/#primaryimage","url":"https:\/\/deputadotaveirajr.com.br\/wp-content\/uploads\/2025\/05\/policia-2-Bsge6A.jpg","contentUrl":"https:\/\/deputadotaveirajr.com.br\/wp-content\/uploads\/2025\/05\/policia-2-Bsge6A.jpg","width":1920,"height":1080},{"@type":"BreadcrumbList","@id":"https:\/\/deputadotaveirajr.com.br\/index.php\/policial-e-preso-por-roubar-dinheiro-joias-e-caixas-de-whisky-da-casa-de-idosos-em-mossoro-veja-video-da-invasao\/#breadcrumb","itemListElement":[{"@type":"ListItem","position":1,"name":"In\u00edcio","item":"https:\/\/deputadotaveirajr.com.br\/"},{"@type":"ListItem","position":2,"name":"Policial \u00e9 preso por roubar dinheiro, joias e caixas de whisky da casa de idosos em Mossor\u00f3; veja v\u00eddeo da invas\u00e3o"}]},{"@type":"WebSite","@id":"https:\/\/deputadotaveirajr.com.br\/#website","url":"https:\/\/deputadotaveirajr.com.br\/","name":"Taveira Jr","description":"Deputado Estadual","publisher":{"@id":"https:\/\/deputadotaveirajr.com.br\/#organization"},"potentialAction":[{"@type":"SearchAction","target":{"@type":"EntryPoint","urlTemplate":"https:\/\/deputadotaveirajr.com.br\/?s={search_term_string}"},"query-input":{"@type":"PropertyValueSpecification","valueRequired":true,"valueName":"search_term_string"}}],"inLanguage":"pt-BR"},{"@type":"Organization","@id":"https:\/\/deputadotaveirajr.com.br\/#organization","name":"Taveira Jr","url":"https:\/\/deputadotaveirajr.com.br\/","logo":{"@type":"ImageObject","inLanguage":"pt-BR","@id":"https:\/\/deputadotaveirajr.com.br\/#\/schema\/logo\/image\/","url":"https:\/\/deputadotaveirajr.com.br\/wp-content\/uploads\/2026\/01\/logolow2a.png","contentUrl":"https:\/\/deputadotaveirajr.com.br\/wp-content\/uploads\/2026\/01\/logolow2a.png","width":290,"height":80,"caption":"Taveira Jr"},"image":{"@id":"https:\/\/deputadotaveirajr.com.br\/#\/schema\/logo\/image\/"}}]}},"_links":{"self":[{"href":"https:\/\/deputadotaveirajr.com.br\/index.php\/wp-json\/wp\/v2\/pages\/13064","targetHints":{"allow":["GET"]}}],"collection":[{"href":"https:\/\/deputadotaveirajr.com.br\/index.php\/wp-json\/wp\/v2\/pages"}],"about":[{"href":"https:\/\/deputadotaveirajr.com.br\/index.php\/wp-json\/wp\/v2\/types\/page"}],"replies":[{"embeddable":true,"href":"https:\/\/deputadotaveirajr.com.br\/index.php\/wp-json\/wp\/v2\/comments?post=13064"}],"version-history":[{"count":0,"href":"https:\/\/deputadotaveirajr.com.br\/index.php\/wp-json\/wp\/v2\/pages\/13064\/revisions"}],"wp:featuredmedia":[{"embeddable":true,"href":"https:\/\/deputadotaveirajr.com.br\/index.php\/wp-json\/wp\/v2\/media\/13065"}],"wp:attachment":[{"href":"https:\/\/deputadotaveirajr.com.br\/index.php\/wp-json\/wp\/v2\/media?parent=13064"}],"curies":[{"name":"wp","href":"https:\/\/api.w.org\/{rel}","templated":true}]}}